{"id":23,"date":"2019-05-28T13:20:15","date_gmt":"2019-05-28T11:20:15","guid":{"rendered":"https:\/\/instytutpolski.pl\/budapeszt\/?page_id=23"},"modified":"2019-05-28T13:22:14","modified_gmt":"2019-05-28T11:22:14","slug":"kontakt","status":"publish","type":"page","link":"https:\/\/instytutpolski.pl\/budapest\/pl\/kontakt\/","title":{"rendered":"Kontakt"},"content":{"rendered":"\n<h2><strong>GODZINY OTWARCIA<\/strong><\/h2>\n<p><span class=\"caps\">dzia\u0142 programowy, sekretariat<\/span>: poniedzia\u0142ek-pi\u0105tek 9.00 &#8211; 17.00, tel: (+361) 505 4660, fax: (+361) 331 0341<\/p>\n<p><span class=\"caps\">sala wystawowa<\/span>: poniedzia\u0142ek-czwartek 9.00 &#8211; 20.00, pi\u0105tek 9.00 &#8211; 17.00<\/p>\n<p><span class=\"caps\">galeria platan i latarka<\/span>: poniedzia\u0142ek &#8211; pi\u0105tek 10.00 &#8211; 18.00<\/p>\n<p><span class=\"caps\">biblioteka<\/span>:\u00a0wtorek 15.00 &#8211; 20.00, pi\u0105tek 15.00-17.00 (dy\u017cur)<\/p>\n<p>\u00a0<\/p>\n<h2><strong>INSTYTUT POLSKI W BUDAPESZCIE<\/strong><\/h2>\n<p><strong>Joanna Urba\u0144ska<\/strong>\u00a0&#8211; Dyrektor<br \/>(+361) 505 4660,\u00a0<a href=\"mailto:budapeszt@instytutpolski.org\">budapeszt@instytutpolski.org<\/a><\/p>\n<p><strong>Dominika Teske\u00a0<\/strong>&#8211; Wicedyrektor<\/p>\n<p>(+361) 505 4660,\u00a0<a href=\"mailto:budapeszt@instytutpolski.org\">budapeszt@instytutpolski.org<\/a><\/p>\n<p><strong>El\u017cbieta Forusi\u0144ska-Hamar\u00a0<\/strong>&#8211; Sekretariat<br \/>\u00a0(+361) 505 4660,\u00a0<a href=\"mailto:budapeszt@instytutpolski.org\">budapeszt@instytutpolski.org<\/a><\/p>\n<p><strong>Ma\u0142gorzata Tak\u00e1cs\u00a0<\/strong>&#8211; Film, Inne<br \/>(+361) 505 4667,\u00a0<a href=\"mailto:gosia.takacs@instytutpolski.org\">gosia.takacs@instytutpolski.org<\/a><\/p>\n<p><strong>Wojtek\u00a0<\/strong><strong>Kriston\u00a0<\/strong>&#8211; Teatr, Muzyka<br \/>(+361) 505 4668,\u00a0<a href=\"mailto:wojtek.kriston@instytutpolski.org\">wojtek.kriston@instytutpolski.org<\/a><\/p>\n<p><strong>T\u00edmea Jerger\u00a0<\/strong>&#8211; Sztuki wizualne, Galeria Platan<br \/>(+361) 505 4662,\u00a0<a href=\"mailto:timea.jerger@instytutpolski.org\">timea.jerger@instytutpolski.org<\/a><\/p>\n<p><strong>Eszter Felvid\u00e9ki &#8211;<\/strong>\u00a0PR, Literatura<\/p>\n<p>(+361) 505 4666,\u00a0<a href=\"mailto:eszter.felvideki@instytutpolski.org\">eszter.felvideki@instytutpolski.org<\/a><\/p>\n<p><strong>M\u00e1ria\u00a0<\/strong><strong>B\u00e9key\u00a0<\/strong>&#8211; Biblioteka<br \/>(+361) 505 4665,\u00a0<a href=\"mailto:budapest.biblioteka@instytutpolski.org\">budapest.biblioteka@instytutpolski.org<\/a><\/p>\n<p><strong>Endre\u00a0<\/strong><strong>M\u00e1t\u00e9\u00a0<\/strong>&#8211; Logistyka<\/p>\n<p><strong>Zolt\u00e1n\u00a0<\/strong><strong>V\u00e9ber\u00a0<\/strong>&#8211; Technik<\/p>\n","protected":false},"excerpt":{"rendered":"<p>GODZINY OTWARCIA dzia\u0142 programowy, sekretariat: poniedzia\u0142ek-pi\u0105tek 9.00 &#8211; 17.00, tel: (+361) 505 4660, fax: (+361) 331 0341 sala wystawowa: poniedzia\u0142ek-czwartek 9.00 &#8211; 20.00, pi\u0105tek 9.00 &#8211; 17.00 galeria platan i latarka: poniedzia\u0142ek &#8211; pi\u0105tek 10.00 &#8211; 18.00 biblioteka:\u00a0wtorek 15.00 &#8211; 20.00, pi\u0105tek 15.00-17.00 (dy\u017cur) \u00a0 INSTYTUT POLSKI W BUDAPESZCIE Joanna Urba\u0144ska\u00a0&#8211; Dyrektor(+361) 505 4660,\u00a0budapeszt@instytutpolski.org Dominika [&hellip;]<\/p>\n","protected":false},"author":1,"featured_media":0,"parent":0,"menu_order":0,"comment_status":"closed","ping_status":"closed","template":"","meta":{"inline_featured_image":false,"_monsterinsights_skip_tracking":false,"_monsterinsights_sitenote_active":false,"_monsterinsights_sitenote_note":"","_monsterinsights_sitenote_category":0,"footnotes":""},"class_list":["post-23","page","type-page","status-publish","hentry"],"yoast_head":"<!-- This site is optimized with the Yoast SEO plugin v24.6 - https:\/\/yoast.com\/wordpress\/plugins\/seo\/ -->\n<title>Kontakt - Instytut Polski w Budapeszcie<\/title>\n<meta name=\"robots\" content=\"index, follow, max-snippet:-1, max-image-preview:large, max-video-preview:-1\" \/>\n<link rel=\"canonical\" href=\"https:\/\/instytutpolski.pl\/budapest\/pl\/kontakt\/\" \/>\n<meta property=\"og:locale\" content=\"pl_PL\" \/>\n<meta property=\"og:type\" content=\"article\" \/>\n<meta property=\"og:title\" content=\"Kontakt - Instytut Polski w Budapeszcie\" \/>\n<meta property=\"og:description\" content=\"GODZINY OTWARCIA dzia\u0142 programowy, sekretariat: poniedzia\u0142ek-pi\u0105tek 9.00 &#8211; 17.00, tel: (+361) 505 4660, fax: (+361) 331 0341 sala wystawowa: poniedzia\u0142ek-czwartek 9.00 &#8211; 20.00, pi\u0105tek 9.00 &#8211; 17.00 galeria platan i latarka: poniedzia\u0142ek &#8211; pi\u0105tek 10.00 &#8211; 18.00 biblioteka:\u00a0wtorek 15.00 &#8211; 20.00, pi\u0105tek 15.00-17.00 (dy\u017cur) \u00a0 INSTYTUT POLSKI W BUDAPESZCIE Joanna Urba\u0144ska\u00a0&#8211; Dyrektor(+361) 505 4660,\u00a0budapeszt@instytutpolski.org Dominika [&hellip;]\" \/>\n<meta property=\"og:url\" content=\"https:\/\/instytutpolski.pl\/budapest\/pl\/kontakt\/\" \/>\n<meta property=\"og:site_name\" content=\"Instytut Polski w Budapeszcie\" \/>\n<meta property=\"article:modified_time\" content=\"2019-05-28T11:22:14+00:00\" \/>\n<meta name=\"twitter:card\" content=\"summary_large_image\" \/>\n<meta name=\"twitter:label1\" content=\"Szacowany czas czytania\" \/>\n\t<meta name=\"twitter:data1\" content=\"1 minuta\" \/>\n<script type=\"application\/ld+json\" class=\"yoast-schema-graph\">{\"@context\":\"https:\/\/schema.org\",\"@graph\":[{\"@type\":\"WebPage\",\"@id\":\"https:\/\/instytutpolski.pl\/budapest\/pl\/kontakt\/\",\"url\":\"https:\/\/instytutpolski.pl\/budapest\/pl\/kontakt\/\",\"name\":\"Kontakt - Instytut Polski w Budapeszcie\",\"isPartOf\":{\"@id\":\"https:\/\/instytutpolski.pl\/budapest\/#website\"},\"datePublished\":\"2019-05-28T11:20:15+00:00\",\"dateModified\":\"2019-05-28T11:22:14+00:00\",\"breadcrumb\":{\"@id\":\"https:\/\/instytutpolski.pl\/budapest\/pl\/kontakt\/#breadcrumb\"},\"inLanguage\":\"pl-PL\",\"potentialAction\":[{\"@type\":\"ReadAction\",\"target\":[\"https:\/\/instytutpolski.pl\/budapest\/pl\/kontakt\/\"]}]},{\"@type\":\"BreadcrumbList\",\"@id\":\"https:\/\/instytutpolski.pl\/budapest\/pl\/kontakt\/#breadcrumb\",\"itemListElement\":[{\"@type\":\"ListItem\",\"position\":1,\"name\":\"Home\",\"item\":\"https:\/\/instytutpolski.pl\/budapest\/\"},{\"@type\":\"ListItem\",\"position\":2,\"name\":\"Kontakt\"}]},{\"@type\":\"WebSite\",\"@id\":\"https:\/\/instytutpolski.pl\/budapest\/#website\",\"url\":\"https:\/\/instytutpolski.pl\/budapest\/\",\"name\":\"Instytut Polski w Budapeszcie\",\"description\":\"Instytuty Polskie\",\"potentialAction\":[{\"@type\":\"SearchAction\",\"target\":{\"@type\":\"EntryPoint\",\"urlTemplate\":\"https:\/\/instytutpolski.pl\/budapest\/?s={search_term_string}\"},\"query-input\":{\"@type\":\"PropertyValueSpecification\",\"valueRequired\":true,\"valueName\":\"search_term_string\"}}],\"inLanguage\":\"pl-PL\"}]}<\/script>\n<!-- \/ Yoast SEO plugin. -->","yoast_head_json":{"title":"Kontakt - Instytut Polski w Budapeszcie","robots":{"index":"index","follow":"follow","max-snippet":"max-snippet:-1","max-image-preview":"max-image-preview:large","max-video-preview":"max-video-preview:-1"},"canonical":"https:\/\/instytutpolski.pl\/budapest\/pl\/kontakt\/","og_locale":"pl_PL","og_type":"article","og_title":"Kontakt - Instytut Polski w Budapeszcie","og_description":"GODZINY OTWARCIA dzia\u0142 programowy, sekretariat: poniedzia\u0142ek-pi\u0105tek 9.00 &#8211; 17.00, tel: (+361) 505 4660, fax: (+361) 331 0341 sala wystawowa: poniedzia\u0142ek-czwartek 9.00 &#8211; 20.00, pi\u0105tek 9.00 &#8211; 17.00 galeria platan i latarka: poniedzia\u0142ek &#8211; pi\u0105tek 10.00 &#8211; 18.00 biblioteka:\u00a0wtorek 15.00 &#8211; 20.00, pi\u0105tek 15.00-17.00 (dy\u017cur) \u00a0 INSTYTUT POLSKI W BUDAPESZCIE Joanna Urba\u0144ska\u00a0&#8211; Dyrektor(+361) 505 4660,\u00a0budapeszt@instytutpolski.org Dominika [&hellip;]","og_url":"https:\/\/instytutpolski.pl\/budapest\/pl\/kontakt\/","og_site_name":"Instytut Polski w Budapeszcie","article_modified_time":"2019-05-28T11:22:14+00:00","twitter_card":"summary_large_image","twitter_misc":{"Szacowany czas czytania":"1 minuta"},"schema":{"@context":"https:\/\/schema.org","@graph":[{"@type":"WebPage","@id":"https:\/\/instytutpolski.pl\/budapest\/pl\/kontakt\/","url":"https:\/\/instytutpolski.pl\/budapest\/pl\/kontakt\/","name":"Kontakt - Instytut Polski w Budapeszcie","isPartOf":{"@id":"https:\/\/instytutpolski.pl\/budapest\/#website"},"datePublished":"2019-05-28T11:20:15+00:00","dateModified":"2019-05-28T11:22:14+00:00","breadcrumb":{"@id":"https:\/\/instytutpolski.pl\/budapest\/pl\/kontakt\/#breadcrumb"},"inLanguage":"pl-PL","potentialAction":[{"@type":"ReadAction","target":["https:\/\/instytutpolski.pl\/budapest\/pl\/kontakt\/"]}]},{"@type":"BreadcrumbList","@id":"https:\/\/instytutpolski.pl\/budapest\/pl\/kontakt\/#breadcrumb","itemListElement":[{"@type":"ListItem","position":1,"name":"Home","item":"https:\/\/instytutpolski.pl\/budapest\/"},{"@type":"ListItem","position":2,"name":"Kontakt"}]},{"@type":"WebSite","@id":"https:\/\/instytutpolski.pl\/budapest\/#website","url":"https:\/\/instytutpolski.pl\/budapest\/","name":"Instytut Polski w Budapeszcie","description":"Instytuty Polskie","potentialAction":[{"@type":"SearchAction","target":{"@type":"EntryPoint","urlTemplate":"https:\/\/instytutpolski.pl\/budapest\/?s={search_term_string}"},"query-input":{"@type":"PropertyValueSpecification","valueRequired":true,"valueName":"search_term_string"}}],"inLanguage":"pl-PL"}]}},"_links":{"self":[{"href":"https:\/\/instytutpolski.pl\/budapest\/wp-json\/wp\/v2\/pages\/23","targetHints":{"allow":["GET"]}}],"collection":[{"href":"https:\/\/instytutpolski.pl\/budapest\/wp-json\/wp\/v2\/pages"}],"about":[{"href":"https:\/\/instytutpolski.pl\/budapest\/wp-json\/wp\/v2\/types\/page"}],"author":[{"embeddable":true,"href":"https:\/\/instytutpolski.pl\/budapest\/wp-json\/wp\/v2\/users\/1"}],"replies":[{"embeddable":true,"href":"https:\/\/instytutpolski.pl\/budapest\/wp-json\/wp\/v2\/comments?post=23"}],"version-history":[{"count":2,"href":"https:\/\/instytutpolski.pl\/budapest\/wp-json\/wp\/v2\/pages\/23\/revisions"}],"predecessor-version":[{"id":25,"href":"https:\/\/instytutpolski.pl\/budapest\/wp-json\/wp\/v2\/pages\/23\/revisions\/25"}],"wp:attachment":[{"href":"https:\/\/instytutpolski.pl\/budapest\/wp-json\/wp\/v2\/media?parent=23"}],"curies":[{"name":"wp","href":"https:\/\/api.w.org\/{rel}","templated":true}]}}