{"id":247,"date":"2019-05-29T12:23:31","date_gmt":"2019-05-29T10:23:31","guid":{"rendered":"https:\/\/instytutpolski.pl\/budapeszt\/?page_id=247"},"modified":"2019-05-29T12:23:31","modified_gmt":"2019-05-29T10:23:31","slug":"praktyki-w-instytucie-polskim-w-budapeszcie","status":"publish","type":"page","link":"https:\/\/instytutpolski.pl\/budapest\/pl\/praktyki-w-instytucie-polskim-w-budapeszcie\/","title":{"rendered":"PRAKTYKI W INSTYTUCIE POLSKIM w Budapeszcie"},"content":{"rendered":"\n<p class=\"quiet\">Osoby zainteresowane praktyk\u0105 studenck\u0105, sta\u017cem b\u0105d\u017a wolontariatem w Instytucie Polskim w Budapeszcie powinny spe\u0142nia\u0107 nast\u0119puj\u0105ce warunki:<\/p>\n<p>\u00a0posiada\u0107 obywatelstwo polskie lub innego kraju cz\u0142onkowskiego Unii Europejskiej;<\/p>\n<ul>\n<li>by\u0107 studentem ostatniego roku studi\u00f3w pierwszego stopnia, jednego z trzech ostatnich lat jednolitych studi\u00f3w magisterskich, studi\u00f3w drugiego stopnia, studi\u00f3w trzeciego stopnia lub studi\u00f3w podyplomowych;<\/li>\n<li>studiowa\u0107 na kierunku istotnym z punktu widzenia potrzeb Ministerstwa.<\/li>\n<li>posiada\u0107 obywatelstwo polskie lub innego kraju cz\u0142onkowskiego Unii Europejskiej;<\/li>\n<li>by\u0107 absolwentem szko\u0142y policealnej, studi\u00f3w pierwszego, drugiego lub trzeciego stopnia lub studi\u00f3w podyplomowych, na kierunku istotnym z punktu widzenia potrzeb s\u0142u\u017cby zagranicznej;<\/li>\n<li>od uko\u0144czenia studi\u00f3w nie min\u0119\u0142o wi\u0119cej ni\u017c 5 lat.<\/li>\n<\/ul>\n<p>Kandydat ubiegaj\u0105cy si\u0119 o przyj\u0119cie na praktyk\u0119 absolwenck\u0105 powinien spe\u0142nia\u0107 nast\u0119puj\u0105ce warunki:<\/p>\n<p><a href=\"http:\/\/www.msz.gov.pl\/pl\/ministerstwo\/praca_i_kariera\/praktyki\/praktyki__wolontariat_i_staz\" target=\"_blank\" rel=\"noopener noreferrer\">http:\/\/www.msz.gov.pl\/pl\/ministerstwo\/praca_i_kariera\/praktyki\/praktyki__wolontariat_i_staz<\/a><\/p>\n<p>Osoby ubiegaj\u0105ce si\u0119 o praktyki, sta\u017c lub wolontariat w MSZ lub w plac\u00f3wce zagranicznej proszone s\u0105 o zapoznanie si\u0119 z nast\u0119puj\u0105cym aktem prawnym:<\/p>\n<p><a href=\"http:\/\/www.msz.gov.pl\/resource\/7a102e97-cee1-4ff7-bc5f-436ed47108a3:JCR\" target=\"_blank\" rel=\"noopener noreferrer\">Zarz\u0105dzenie nr 13 Dyrektora Generalnego S\u0142u\u017cby Zagranicznej \u00a0z dnia 30 maja 2011 r. \u00a0w sprawie organizacji i zasad odbywania praktyk, wolontariatu oraz sta\u017cu w Ministerstwie Spraw Zagranicznych i plac\u00f3wkach zagranicznych<\/a>\u00a0<\/p>\n<p><br \/>Kompletne zg\u0142oszenia na w\u0142a\u015bciwych formularzach aplikacyjnych nale\u017cy przesy\u0142a\u0107 najp\u00f3\u017aniej na\u00a045 dni\u00a0przed planowan\u0105 praktyk\u0105\/sta\u017cem\/wolontariatem:<\/p>\n<ul>\n<li>Dokumenty mo\u017cna te\u017c wys\u0142a\u0107 poczt\u0105 elektroniczn\u0105 w formie skan\u00f3w na adres:<a href=\"mailto:budapeszt@instytutpolski.org\">budapeszt@instytutpolski.org<\/a><\/li>\n<li>Aplikacje sk\u0142adane w formie kserokopii nale\u017cy wype\u0142ni\u0107 czarnym d\u0142ugopisem. Dokumenty niekompletne, wype\u0142nione nieczytelnie nie b\u0119d\u0105 brane pod uwag\u0119 w procesie rekrutacji.W przypadku przes\u0142ania dokument\u00f3w drog\u0105 elektroniczn\u0105 osoby zakwalifikowane na praktyk\u0119 zobowi\u0105zane s\u0105 przed\u0142o\u017cy\u0107 orygina\u0142y dokument\u00f3w aplikacyjnych najp\u00f3\u017aniej w dniu rozpocz\u0119cia praktyki\/sta\u017cu\/wolontariatu.<\/li>\n<li>Decyzj\u0119 o przyj\u0119ciu na praktyk\u0119 podejmuje dyrektor Instytutu Polskiego. Kandydat zostaje poinformowany o zgodzie odno\u015bnie odbycia praktyki telefonicznie lub poczt\u0105 elektroniczn\u0105 najp\u00f3\u017aniej 14 dni przed planowanym terminem rozpocz\u0119cia praktyk.\u00a0<\/li>\n<li>Najp\u00f3\u017aniej w dniu rozpocz\u0119cia praktyk kandydat zobowi\u0105zany jest do przedstawienia orygina\u0142\u00f3w dokument\u00f3w aplikacyjnych (formularza i za\u0142\u0105cznik\u00f3w) oraz dowodu ubezpieczenia na okres odbywania praktyki.<\/li>\n<\/ul>\n<p><strong>Planuj\u0105c\u00a0 praktyk\u0119, prosimy pami\u0119ta\u0107, \u017ce praktyka studencka jest bezp\u0142atna, plac\u00f3wka nie zapewnia wy\u017cywienia ani zakwaterowania, nie po\u015bredniczy w wynajmie mieszkania.\u00a0<\/strong><strong>Instytut Polski nie organizuje praktyk zawodowych w ramach programu Sokrates-Erasmus.<\/strong><\/p>\n","protected":false},"excerpt":{"rendered":"<p>Osoby zainteresowane praktyk\u0105 studenck\u0105, sta\u017cem b\u0105d\u017a wolontariatem w Instytucie Polskim w Budapeszcie powinny spe\u0142nia\u0107 nast\u0119puj\u0105ce warunki: \u00a0posiada\u0107 obywatelstwo polskie lub innego kraju cz\u0142onkowskiego Unii Europejskiej; by\u0107 studentem ostatniego roku studi\u00f3w pierwszego stopnia, jednego z trzech ostatnich lat jednolitych studi\u00f3w magisterskich, studi\u00f3w drugiego stopnia, studi\u00f3w trzeciego stopnia lub studi\u00f3w podyplomowych; studiowa\u0107 na kierunku istotnym z punktu [&hellip;]<\/p>\n","protected":false},"author":1,"featured_media":0,"parent":0,"menu_order":0,"comment_status":"closed","ping_status":"closed","template":"","meta":{"inline_featured_image":false,"_monsterinsights_skip_tracking":false,"_monsterinsights_sitenote_active":false,"_monsterinsights_sitenote_note":"","_monsterinsights_sitenote_category":0,"footnotes":""},"class_list":["post-247","page","type-page","status-publish","hentry"],"yoast_head":"<!-- This site is optimized with the Yoast SEO plugin v24.6 - https:\/\/yoast.com\/wordpress\/plugins\/seo\/ -->\n<title>PRAKTYKI W INSTYTUCIE POLSKIM w Budapeszcie - Instytut Polski w Budapeszcie<\/title>\n<meta name=\"robots\" content=\"index, follow, max-snippet:-1, max-image-preview:large, max-video-preview:-1\" \/>\n<link rel=\"canonical\" href=\"https:\/\/instytutpolski.pl\/budapest\/pl\/praktyki-w-instytucie-polskim-w-budapeszcie\/\" \/>\n<meta property=\"og:locale\" content=\"pl_PL\" \/>\n<meta property=\"og:type\" content=\"article\" \/>\n<meta property=\"og:title\" content=\"PRAKTYKI W INSTYTUCIE POLSKIM w Budapeszcie - Instytut Polski w Budapeszcie\" \/>\n<meta property=\"og:description\" content=\"Osoby zainteresowane praktyk\u0105 studenck\u0105, sta\u017cem b\u0105d\u017a wolontariatem w Instytucie Polskim w Budapeszcie powinny spe\u0142nia\u0107 nast\u0119puj\u0105ce warunki: \u00a0posiada\u0107 obywatelstwo polskie lub innego kraju cz\u0142onkowskiego Unii Europejskiej; by\u0107 studentem ostatniego roku studi\u00f3w pierwszego stopnia, jednego z trzech ostatnich lat jednolitych studi\u00f3w magisterskich, studi\u00f3w drugiego stopnia, studi\u00f3w trzeciego stopnia lub studi\u00f3w podyplomowych; studiowa\u0107 na kierunku istotnym z punktu [&hellip;]\" \/>\n<meta property=\"og:url\" content=\"https:\/\/instytutpolski.pl\/budapest\/pl\/praktyki-w-instytucie-polskim-w-budapeszcie\/\" \/>\n<meta property=\"og:site_name\" content=\"Instytut Polski w Budapeszcie\" \/>\n<meta name=\"twitter:card\" content=\"summary_large_image\" \/>\n<meta name=\"twitter:label1\" content=\"Szacowany czas czytania\" \/>\n\t<meta name=\"twitter:data1\" content=\"2 minuty\" \/>\n<script type=\"application\/ld+json\" class=\"yoast-schema-graph\">{\"@context\":\"https:\/\/schema.org\",\"@graph\":[{\"@type\":\"WebPage\",\"@id\":\"https:\/\/instytutpolski.pl\/budapest\/pl\/praktyki-w-instytucie-polskim-w-budapeszcie\/\",\"url\":\"https:\/\/instytutpolski.pl\/budapest\/pl\/praktyki-w-instytucie-polskim-w-budapeszcie\/\",\"name\":\"PRAKTYKI W INSTYTUCIE POLSKIM w Budapeszcie - Instytut Polski w Budapeszcie\",\"isPartOf\":{\"@id\":\"https:\/\/instytutpolski.pl\/budapest\/#website\"},\"datePublished\":\"2019-05-29T10:23:31+00:00\",\"breadcrumb\":{\"@id\":\"https:\/\/instytutpolski.pl\/budapest\/pl\/praktyki-w-instytucie-polskim-w-budapeszcie\/#breadcrumb\"},\"inLanguage\":\"pl-PL\",\"potentialAction\":[{\"@type\":\"ReadAction\",\"target\":[\"https:\/\/instytutpolski.pl\/budapest\/pl\/praktyki-w-instytucie-polskim-w-budapeszcie\/\"]}]},{\"@type\":\"BreadcrumbList\",\"@id\":\"https:\/\/instytutpolski.pl\/budapest\/pl\/praktyki-w-instytucie-polskim-w-budapeszcie\/#breadcrumb\",\"itemListElement\":[{\"@type\":\"ListItem\",\"position\":1,\"name\":\"Home\",\"item\":\"https:\/\/instytutpolski.pl\/budapest\/\"},{\"@type\":\"ListItem\",\"position\":2,\"name\":\"PRAKTYKI W INSTYTUCIE POLSKIM w Budapeszcie\"}]},{\"@type\":\"WebSite\",\"@id\":\"https:\/\/instytutpolski.pl\/budapest\/#website\",\"url\":\"https:\/\/instytutpolski.pl\/budapest\/\",\"name\":\"Instytut Polski w Budapeszcie\",\"description\":\"Instytuty Polskie\",\"potentialAction\":[{\"@type\":\"SearchAction\",\"target\":{\"@type\":\"EntryPoint\",\"urlTemplate\":\"https:\/\/instytutpolski.pl\/budapest\/?s={search_term_string}\"},\"query-input\":{\"@type\":\"PropertyValueSpecification\",\"valueRequired\":true,\"valueName\":\"search_term_string\"}}],\"inLanguage\":\"pl-PL\"}]}<\/script>\n<!-- \/ Yoast SEO plugin. -->","yoast_head_json":{"title":"PRAKTYKI W INSTYTUCIE POLSKIM w Budapeszcie - Instytut Polski w Budapeszcie","robots":{"index":"index","follow":"follow","max-snippet":"max-snippet:-1","max-image-preview":"max-image-preview:large","max-video-preview":"max-video-preview:-1"},"canonical":"https:\/\/instytutpolski.pl\/budapest\/pl\/praktyki-w-instytucie-polskim-w-budapeszcie\/","og_locale":"pl_PL","og_type":"article","og_title":"PRAKTYKI W INSTYTUCIE POLSKIM w Budapeszcie - Instytut Polski w Budapeszcie","og_description":"Osoby zainteresowane praktyk\u0105 studenck\u0105, sta\u017cem b\u0105d\u017a wolontariatem w Instytucie Polskim w Budapeszcie powinny spe\u0142nia\u0107 nast\u0119puj\u0105ce warunki: \u00a0posiada\u0107 obywatelstwo polskie lub innego kraju cz\u0142onkowskiego Unii Europejskiej; by\u0107 studentem ostatniego roku studi\u00f3w pierwszego stopnia, jednego z trzech ostatnich lat jednolitych studi\u00f3w magisterskich, studi\u00f3w drugiego stopnia, studi\u00f3w trzeciego stopnia lub studi\u00f3w podyplomowych; studiowa\u0107 na kierunku istotnym z punktu [&hellip;]","og_url":"https:\/\/instytutpolski.pl\/budapest\/pl\/praktyki-w-instytucie-polskim-w-budapeszcie\/","og_site_name":"Instytut Polski w Budapeszcie","twitter_card":"summary_large_image","twitter_misc":{"Szacowany czas czytania":"2 minuty"},"schema":{"@context":"https:\/\/schema.org","@graph":[{"@type":"WebPage","@id":"https:\/\/instytutpolski.pl\/budapest\/pl\/praktyki-w-instytucie-polskim-w-budapeszcie\/","url":"https:\/\/instytutpolski.pl\/budapest\/pl\/praktyki-w-instytucie-polskim-w-budapeszcie\/","name":"PRAKTYKI W INSTYTUCIE POLSKIM w Budapeszcie - Instytut Polski w Budapeszcie","isPartOf":{"@id":"https:\/\/instytutpolski.pl\/budapest\/#website"},"datePublished":"2019-05-29T10:23:31+00:00","breadcrumb":{"@id":"https:\/\/instytutpolski.pl\/budapest\/pl\/praktyki-w-instytucie-polskim-w-budapeszcie\/#breadcrumb"},"inLanguage":"pl-PL","potentialAction":[{"@type":"ReadAction","target":["https:\/\/instytutpolski.pl\/budapest\/pl\/praktyki-w-instytucie-polskim-w-budapeszcie\/"]}]},{"@type":"BreadcrumbList","@id":"https:\/\/instytutpolski.pl\/budapest\/pl\/praktyki-w-instytucie-polskim-w-budapeszcie\/#breadcrumb","itemListElement":[{"@type":"ListItem","position":1,"name":"Home","item":"https:\/\/instytutpolski.pl\/budapest\/"},{"@type":"ListItem","position":2,"name":"PRAKTYKI W INSTYTUCIE POLSKIM w Budapeszcie"}]},{"@type":"WebSite","@id":"https:\/\/instytutpolski.pl\/budapest\/#website","url":"https:\/\/instytutpolski.pl\/budapest\/","name":"Instytut Polski w Budapeszcie","description":"Instytuty Polskie","potentialAction":[{"@type":"SearchAction","target":{"@type":"EntryPoint","urlTemplate":"https:\/\/instytutpolski.pl\/budapest\/?s={search_term_string}"},"query-input":{"@type":"PropertyValueSpecification","valueRequired":true,"valueName":"search_term_string"}}],"inLanguage":"pl-PL"}]}},"_links":{"self":[{"href":"https:\/\/instytutpolski.pl\/budapest\/wp-json\/wp\/v2\/pages\/247","targetHints":{"allow":["GET"]}}],"collection":[{"href":"https:\/\/instytutpolski.pl\/budapest\/wp-json\/wp\/v2\/pages"}],"about":[{"href":"https:\/\/instytutpolski.pl\/budapest\/wp-json\/wp\/v2\/types\/page"}],"author":[{"embeddable":true,"href":"https:\/\/instytutpolski.pl\/budapest\/wp-json\/wp\/v2\/users\/1"}],"replies":[{"embeddable":true,"href":"https:\/\/instytutpolski.pl\/budapest\/wp-json\/wp\/v2\/comments?post=247"}],"version-history":[{"count":1,"href":"https:\/\/instytutpolski.pl\/budapest\/wp-json\/wp\/v2\/pages\/247\/revisions"}],"predecessor-version":[{"id":248,"href":"https:\/\/instytutpolski.pl\/budapest\/wp-json\/wp\/v2\/pages\/247\/revisions\/248"}],"wp:attachment":[{"href":"https:\/\/instytutpolski.pl\/budapest\/wp-json\/wp\/v2\/media?parent=247"}],"curies":[{"name":"wp","href":"https:\/\/api.w.org\/{rel}","templated":true}]}}