{"id":249,"date":"2019-05-29T12:24:24","date_gmt":"2019-05-29T10:24:24","guid":{"rendered":"https:\/\/instytutpolski.pl\/budapeszt\/?page_id=249"},"modified":"2019-05-29T12:24:24","modified_gmt":"2019-05-29T10:24:24","slug":"gyakornoksag-onkentesseg-a-budapesti-lengyel","status":"publish","type":"page","link":"https:\/\/instytutpolski.pl\/budapest\/gyakornoksag-onkentesseg-a-budapesti-lengyel\/","title":{"rendered":"Gyakornoks\u00e1g\/\u00f6nk\u00e9ntess\u00e9g a budapesti Lengyel"},"content":{"rendered":"\n<p><strong>A budapesti Lengyel Int\u00e9zet azok jelentkez\u00e9s\u00e9t tudja fogadni gyakorlatra, akik:<\/strong><\/p>\n<p class=\"quiet\">a) Lengyelorsz\u00e1g, vagy m\u00e1s EU-tagorsz\u00e1g \u00e1llampolg\u00e1rai<\/p>\n<p class=\"quiet\">b) fels\u0151fok\u00fa int\u00e9zm\u00e9nyben utols\u00f3 \u00e9vfolyamos hallgat\u00f3k\u00e9nt folytatnak\u00a0alapfok\u00fa tanulm\u00e1nyokat (BA), vagy az egys\u00e9ges magiszteri k\u00e9pz\u00e9s utols\u00f3 h\u00e1rom \u00e9v\u00e9nek valamelyik\u00e9t v\u00e9gzik, tov\u00e1bb\u00e1 akik mesterk\u00e9pz\u00e9sben (MA), harmadfok\u00fa-, vagy diploma ut\u00e1ni k\u00e9pz\u00e9sben vesznek r\u00e9szt.<\/p>\n<p class=\"quiet\">c) tanulm\u00e1nyaik kapcsol\u00f3dnak a K\u00fcl\u00fcgyminiszt\u00e9rium kompetenci\u00e1j\u00e1ba tartoz\u00f3 tev\u00e9kenys\u00e9gekhez (pl: nemzetk\u00f6zi kapcsolatok, politikatudom\u00e1nyok, jog, gazdas\u00e1g, p\u00e9nz\u00fcgy, \u00fajs\u00e1g\u00edr\u00e1s, kult\u00fara-tudom\u00e1nyok)<\/p>\n<p class=\"quiet\">d) a gyakornoki helyet minimum 45 nappal a gyakornoks\u00e1g megkezd\u00e9s\u00e9nek tervezett id\u0151pontja el\u0151tt megp\u00e1ly\u00e1zz\u00e1k<\/p>\n<p><strong>A budapesti Lengyel Int\u00e9zet azok jelentkez\u00e9s\u00e9t tudja fogadni\u00a0szakmai gyakorlatra, akik:<\/strong><\/p>\n<p class=\"quiet\">a) Lengyelorsz\u00e1g, vagy m\u00e1s EU-tagorsz\u00e1g \u00e1llampolg\u00e1rai<\/p>\n<p class=\"quiet\">b) Valamely \u00e9retts\u00e9gi ut\u00e1ni k\u00e9pz\u00e9st elv\u00e9geztek, illetve alapfok\u00fa (BA), vagy mesterk\u00e9pz\u00e9sen (MA), vagy diploma ut\u00e1ni k\u00e9pz\u00e9sen diplom\u00e1t szereztek.<\/p>\n<p class=\"quiet\">c) tanulm\u00e1nyaik kapcsol\u00f3dnak a K\u00fcl\u00fcgyminiszt\u00e9rium kompetenci\u00e1j\u00e1ba tartoz\u00f3 tev\u00e9kenys\u00e9gekhez (pl: nemzetk\u00f6zi kapcsolatok, politikatudom\u00e1nyok, jog, gazdas\u00e1g, p\u00e9nz\u00fcgy, \u00fajs\u00e1g\u00edr\u00e1s, kult\u00fara-tudom\u00e1nyok)<\/p>\n<p class=\"quiet\">d) a tanulm\u00e1nyok elv\u00e9gz\u00e9s\u00e9t\u0151l nem telt el t\u00f6bb, mint 5 \u00e9v<\/p>\n<p><strong>\u00d6nk\u00e9ntess\u00e9g<\/strong><\/p>\n<p>A Lengyel Int\u00e9zet az \u00f6nk\u00e9ntes munk\u00e1ra jelentkez\u0151kkel k\u00f6z\u00f6sen egyezteti az int\u00e9zm\u00e9nyn\u00e9l v\u00e9gzett\u00a0\u00f6nk\u00e9ntes tev\u00e9kenys\u00e9g form\u00e1j\u00e1t, m\u00f3dj\u00e1t, az \u00f6nk\u00e9ntes kompetenci\u00e1it, k\u00f6telezetts\u00e9geit, tov\u00e1bb\u00e1 az Int\u00e9zm\u00e9ny \u00f6nk\u00e9ntessel szemben v\u00e1llalt feladatait, a k\u00f6z\u00e9rdek\u0171, \u00f6nk\u00e9ntes tev\u00e9kenys\u00e9get szab\u00e1lyz\u00f3 t\u00f6rv\u00e9nyrendelekkel, \u00e9s az ide vonatkoz\u00f3 jogi el\u0151\u00edr\u00e1sokkal \u00f6sszhangban.\u00a0<\/p>\n<p>\u00a0<\/p>\n<p>A szakmai gyakorlat\/\u00f6nk\u00e9ntess\u00e9g megp\u00e1ly\u00e1z\u00e1s\u00e1nak r\u00e9szletes felt\u00e9teleit a diplom\u00e1ciai k\u00fclk\u00e9pviseletekn\u00e9l, \u00e9s K\u00fcl\u00fcgyminiszt\u00e9riumn\u00e1l t\u00f6ltend\u0151 gyakornoks\u00e1g, szakmai gyakorlat ill. \u00f6nk\u00e9ntess\u00e9g felt\u00e9teleir\u0151l sz\u00f3l\u00f3 2011. m\u00e1jus 30-ai, 13-as sz\u00e1m\u00fa rendelet szab\u00e1lyozza:<\/p>\n<p><a href=\"http:\/\/www.msz.gov.pl\/resource\/7a102e97-cee1-4ff7-bc5f-436ed47108a3:JCR\" target=\"_blank\" rel=\"noopener noreferrer\">http:\/\/www.msz.gov.pl\/resource\/7a102e97-cee1-4ff7-bc5f-436ed47108a3:JCR<\/a><\/p>\n<p>Akik a budapesti Lengyel Int\u00e9zetn\u00e9l szeretn\u00e9nek gyakornokoskodni\/\u00f6nk\u00e9nteskedni k\u00e9rj\u00fck ismerkedjenek meg a rendelettel. Az abban foglaltaknak megfelel\u0151en k\u00e9rj\u00fck hi\u00e1nytalanul kit\u00f6lteni \u00e9s al\u00e1\u00edrni a sz\u00fcks\u00e9ges formanyomtatv\u00e1nyt, valamint csatolni egy nyilatkozatot arr\u00f3l, hogy a p\u00e1ly\u00e1z\u00f3 megismerkedett a gyakornoks\u00e1g v\u00e1llal\u00e1s\u00e1nak felt\u00e9teleivel. K\u00e9rj\u00fck az eml\u00edtett dokumentumokat, valamint erk\u00f6lcsi bizony\u00edtv\u00e1ny\u00e1t, \u00e9s szem\u00e9lyi igazolv\u00e1ny\u00e1nak vagy \u00fatlevel\u00e9nek f\u00e9nym\u00e1solat\u00e1t k\u00fcldje el a Lengyel Int\u00e9zet postac\u00edm\u00e9re: 1065 Budapeszt, Nagymez\u0151 u. 15. A p\u00e1ly\u00e1zat elektronikus \u00faton is elk\u00fclthet\u0151 az Int\u00e9zet emailc\u00edm\u00e9re (<a href=\"mailto:budapeszt@instytutpolski.org\">budapeszt@instytutpolski.org<\/a>)\u00a0\u00a0amennyiben a p\u00e1ly\u00e1z\u00f3 a k\u00e9rt dokumentumok (olvashat\u00f3 form\u00e1ban) csatolja.<\/p>\n<p>A hi\u00e1nyos, olvashatatlan form\u00e1ban bek\u00fcld\u00f6tt dokumentumokat az Int\u00e9zm\u00e9nynek nem \u00e1ll m\u00f3dj\u00e1ban elfogadni.<\/p>\n<p>A p\u00e1ly\u00e1zat elb\u00edr\u00e1l\u00e1sa a Lengyel Int\u00e9zet igazgat\u00f3j\u00e1nak hat\u00e1sk\u00f6r\u00e9be tartozik. A p\u00e1ly\u00e1z\u00f3t szakmai gyakorlat\u00e1nak j\u00f3v\u00e1hagy\u00e1s\u00e1r\u00f3l telefonos, vagy postai \/elektronikus \u00faton, legk\u00e9s\u0151bb a gyakornoks\u00e1g megkezd\u00e9s\u00e9nek tervezett id\u0151pontja el\u0151tt 14 nappal \u00e9rtes\u00edtj\u00fck.<\/p>\n<p>A gyakornokjel\u00f6lt legk\u00e9s\u0151bb gyakornoks\u00e1ga megkezd\u00e9s\u00e9nek napj\u00e1n k\u00f6teles a teljes p\u00e1ly\u00e1zati dokument\u00e1ci\u00f3t (formanyomtatv\u00e1ny, ill. a k\u00f6telez\u0151 mell\u00e9kletek eredetij\u00e9t), valamint a gyakorlat idej\u00e9re sz\u00f3l\u00f3 biztos\u00edt\u00e1s\u00e1t bemutatni.<\/p>\n<p>K\u00e9rj\u00fck a p\u00e1ly\u00e1z\u00f3 ne hagyja figyelmen k\u00edv\u00fcl, hogy gyakornoks\u00e1g ingyenes munkav\u00e1llal\u00e1st jelent, \u00e9s a gyakornoks\u00e1ggal kapcsolatban a fogad\u00f3 int\u00e9zm\u00e9ny sem k\u00f6zvetett sem k\u00f6zvetlen anyagi terheket nem v\u00e1llal, \u00edgy nem \u00e1ll m\u00f3dj\u00e1ban a gyakornok \u00e9tkeztet\u00e9se, sz\u00e1ll\u00e1sol\u00e1sa, vagy a gyakornok r\u00e9sz\u00e9re t\u00f6rt\u00e9n\u0151 sz\u00e1ll\u00e1skik\u00f6zvet\u00edt\u00e9s.<\/p>\n<p>A Lengyel Int\u00e9zet a Sokrates-Erasmus program keret\u00e9ben nem ind\u00edt gyakornoki programokat.<\/p>\n","protected":false},"excerpt":{"rendered":"<p>A budapesti Lengyel Int\u00e9zet azok jelentkez\u00e9s\u00e9t tudja fogadni gyakorlatra, akik: a) Lengyelorsz\u00e1g, vagy m\u00e1s EU-tagorsz\u00e1g \u00e1llampolg\u00e1rai b) fels\u0151fok\u00fa int\u00e9zm\u00e9nyben utols\u00f3 \u00e9vfolyamos hallgat\u00f3k\u00e9nt folytatnak\u00a0alapfok\u00fa tanulm\u00e1nyokat (BA), vagy az egys\u00e9ges magiszteri k\u00e9pz\u00e9s utols\u00f3 h\u00e1rom \u00e9v\u00e9nek valamelyik\u00e9t v\u00e9gzik, tov\u00e1bb\u00e1 akik mesterk\u00e9pz\u00e9sben (MA), harmadfok\u00fa-, vagy diploma ut\u00e1ni k\u00e9pz\u00e9sben vesznek r\u00e9szt. c) tanulm\u00e1nyaik kapcsol\u00f3dnak a K\u00fcl\u00fcgyminiszt\u00e9rium kompetenci\u00e1j\u00e1ba tartoz\u00f3 tev\u00e9kenys\u00e9gekhez (pl: [&hellip;]<\/p>\n","protected":false},"author":1,"featured_media":0,"parent":0,"menu_order":0,"comment_status":"closed","ping_status":"closed","template":"","meta":{"inline_featured_image":false,"_monsterinsights_skip_tracking":false,"_monsterinsights_sitenote_active":false,"_monsterinsights_sitenote_note":"","_monsterinsights_sitenote_category":0,"footnotes":""},"class_list":["post-249","page","type-page","status-publish","hentry"],"yoast_head":"<!-- This site is optimized with the Yoast SEO plugin v24.6 - https:\/\/yoast.com\/wordpress\/plugins\/seo\/ -->\n<title>Gyakornoks\u00e1g\/\u00f6nk\u00e9ntess\u00e9g a budapesti Lengyel - Instytut Polski w Budapeszcie<\/title>\n<meta name=\"robots\" content=\"index, follow, max-snippet:-1, max-image-preview:large, max-video-preview:-1\" \/>\n<link rel=\"canonical\" href=\"https:\/\/instytutpolski.pl\/budapest\/gyakornoksag-onkentesseg-a-budapesti-lengyel\/\" \/>\n<meta property=\"og:locale\" content=\"pl_PL\" \/>\n<meta property=\"og:type\" content=\"article\" \/>\n<meta property=\"og:title\" content=\"Gyakornoks\u00e1g\/\u00f6nk\u00e9ntess\u00e9g a budapesti Lengyel - Instytut Polski w Budapeszcie\" \/>\n<meta property=\"og:description\" content=\"A budapesti Lengyel Int\u00e9zet azok jelentkez\u00e9s\u00e9t tudja fogadni gyakorlatra, akik: a) Lengyelorsz\u00e1g, vagy m\u00e1s EU-tagorsz\u00e1g \u00e1llampolg\u00e1rai b) fels\u0151fok\u00fa int\u00e9zm\u00e9nyben utols\u00f3 \u00e9vfolyamos hallgat\u00f3k\u00e9nt folytatnak\u00a0alapfok\u00fa tanulm\u00e1nyokat (BA), vagy az egys\u00e9ges magiszteri k\u00e9pz\u00e9s utols\u00f3 h\u00e1rom \u00e9v\u00e9nek valamelyik\u00e9t v\u00e9gzik, tov\u00e1bb\u00e1 akik mesterk\u00e9pz\u00e9sben (MA), harmadfok\u00fa-, vagy diploma ut\u00e1ni k\u00e9pz\u00e9sben vesznek r\u00e9szt. c) tanulm\u00e1nyaik kapcsol\u00f3dnak a K\u00fcl\u00fcgyminiszt\u00e9rium kompetenci\u00e1j\u00e1ba tartoz\u00f3 tev\u00e9kenys\u00e9gekhez (pl: [&hellip;]\" \/>\n<meta property=\"og:url\" content=\"https:\/\/instytutpolski.pl\/budapest\/gyakornoksag-onkentesseg-a-budapesti-lengyel\/\" \/>\n<meta property=\"og:site_name\" content=\"Instytut Polski w Budapeszcie\" \/>\n<meta name=\"twitter:card\" content=\"summary_large_image\" \/>\n<meta name=\"twitter:label1\" content=\"Szacowany czas czytania\" \/>\n\t<meta name=\"twitter:data1\" content=\"4 minuty\" \/>\n<script type=\"application\/ld+json\" class=\"yoast-schema-graph\">{\"@context\":\"https:\/\/schema.org\",\"@graph\":[{\"@type\":\"WebPage\",\"@id\":\"https:\/\/instytutpolski.pl\/budapest\/gyakornoksag-onkentesseg-a-budapesti-lengyel\/\",\"url\":\"https:\/\/instytutpolski.pl\/budapest\/gyakornoksag-onkentesseg-a-budapesti-lengyel\/\",\"name\":\"Gyakornoks\u00e1g\/\u00f6nk\u00e9ntess\u00e9g a budapesti Lengyel - Instytut Polski w Budapeszcie\",\"isPartOf\":{\"@id\":\"https:\/\/instytutpolski.pl\/budapest\/#website\"},\"datePublished\":\"2019-05-29T10:24:24+00:00\",\"breadcrumb\":{\"@id\":\"https:\/\/instytutpolski.pl\/budapest\/gyakornoksag-onkentesseg-a-budapesti-lengyel\/#breadcrumb\"},\"inLanguage\":\"pl-PL\",\"potentialAction\":[{\"@type\":\"ReadAction\",\"target\":[\"https:\/\/instytutpolski.pl\/budapest\/gyakornoksag-onkentesseg-a-budapesti-lengyel\/\"]}]},{\"@type\":\"BreadcrumbList\",\"@id\":\"https:\/\/instytutpolski.pl\/budapest\/gyakornoksag-onkentesseg-a-budapesti-lengyel\/#breadcrumb\",\"itemListElement\":[{\"@type\":\"ListItem\",\"position\":1,\"name\":\"Home\",\"item\":\"https:\/\/instytutpolski.pl\/budapest\/\"},{\"@type\":\"ListItem\",\"position\":2,\"name\":\"Gyakornoks\u00e1g\/\u00f6nk\u00e9ntess\u00e9g a budapesti Lengyel\"}]},{\"@type\":\"WebSite\",\"@id\":\"https:\/\/instytutpolski.pl\/budapest\/#website\",\"url\":\"https:\/\/instytutpolski.pl\/budapest\/\",\"name\":\"Instytut Polski w Budapeszcie\",\"description\":\"Instytuty Polskie\",\"potentialAction\":[{\"@type\":\"SearchAction\",\"target\":{\"@type\":\"EntryPoint\",\"urlTemplate\":\"https:\/\/instytutpolski.pl\/budapest\/?s={search_term_string}\"},\"query-input\":{\"@type\":\"PropertyValueSpecification\",\"valueRequired\":true,\"valueName\":\"search_term_string\"}}],\"inLanguage\":\"pl-PL\"}]}<\/script>\n<!-- \/ Yoast SEO plugin. -->","yoast_head_json":{"title":"Gyakornoks\u00e1g\/\u00f6nk\u00e9ntess\u00e9g a budapesti Lengyel - Instytut Polski w Budapeszcie","robots":{"index":"index","follow":"follow","max-snippet":"max-snippet:-1","max-image-preview":"max-image-preview:large","max-video-preview":"max-video-preview:-1"},"canonical":"https:\/\/instytutpolski.pl\/budapest\/gyakornoksag-onkentesseg-a-budapesti-lengyel\/","og_locale":"pl_PL","og_type":"article","og_title":"Gyakornoks\u00e1g\/\u00f6nk\u00e9ntess\u00e9g a budapesti Lengyel - Instytut Polski w Budapeszcie","og_description":"A budapesti Lengyel Int\u00e9zet azok jelentkez\u00e9s\u00e9t tudja fogadni gyakorlatra, akik: a) Lengyelorsz\u00e1g, vagy m\u00e1s EU-tagorsz\u00e1g \u00e1llampolg\u00e1rai b) fels\u0151fok\u00fa int\u00e9zm\u00e9nyben utols\u00f3 \u00e9vfolyamos hallgat\u00f3k\u00e9nt folytatnak\u00a0alapfok\u00fa tanulm\u00e1nyokat (BA), vagy az egys\u00e9ges magiszteri k\u00e9pz\u00e9s utols\u00f3 h\u00e1rom \u00e9v\u00e9nek valamelyik\u00e9t v\u00e9gzik, tov\u00e1bb\u00e1 akik mesterk\u00e9pz\u00e9sben (MA), harmadfok\u00fa-, vagy diploma ut\u00e1ni k\u00e9pz\u00e9sben vesznek r\u00e9szt. c) tanulm\u00e1nyaik kapcsol\u00f3dnak a K\u00fcl\u00fcgyminiszt\u00e9rium kompetenci\u00e1j\u00e1ba tartoz\u00f3 tev\u00e9kenys\u00e9gekhez (pl: [&hellip;]","og_url":"https:\/\/instytutpolski.pl\/budapest\/gyakornoksag-onkentesseg-a-budapesti-lengyel\/","og_site_name":"Instytut Polski w Budapeszcie","twitter_card":"summary_large_image","twitter_misc":{"Szacowany czas czytania":"4 minuty"},"schema":{"@context":"https:\/\/schema.org","@graph":[{"@type":"WebPage","@id":"https:\/\/instytutpolski.pl\/budapest\/gyakornoksag-onkentesseg-a-budapesti-lengyel\/","url":"https:\/\/instytutpolski.pl\/budapest\/gyakornoksag-onkentesseg-a-budapesti-lengyel\/","name":"Gyakornoks\u00e1g\/\u00f6nk\u00e9ntess\u00e9g a budapesti Lengyel - Instytut Polski w Budapeszcie","isPartOf":{"@id":"https:\/\/instytutpolski.pl\/budapest\/#website"},"datePublished":"2019-05-29T10:24:24+00:00","breadcrumb":{"@id":"https:\/\/instytutpolski.pl\/budapest\/gyakornoksag-onkentesseg-a-budapesti-lengyel\/#breadcrumb"},"inLanguage":"pl-PL","potentialAction":[{"@type":"ReadAction","target":["https:\/\/instytutpolski.pl\/budapest\/gyakornoksag-onkentesseg-a-budapesti-lengyel\/"]}]},{"@type":"BreadcrumbList","@id":"https:\/\/instytutpolski.pl\/budapest\/gyakornoksag-onkentesseg-a-budapesti-lengyel\/#breadcrumb","itemListElement":[{"@type":"ListItem","position":1,"name":"Home","item":"https:\/\/instytutpolski.pl\/budapest\/"},{"@type":"ListItem","position":2,"name":"Gyakornoks\u00e1g\/\u00f6nk\u00e9ntess\u00e9g a budapesti Lengyel"}]},{"@type":"WebSite","@id":"https:\/\/instytutpolski.pl\/budapest\/#website","url":"https:\/\/instytutpolski.pl\/budapest\/","name":"Instytut Polski w Budapeszcie","description":"Instytuty Polskie","potentialAction":[{"@type":"SearchAction","target":{"@type":"EntryPoint","urlTemplate":"https:\/\/instytutpolski.pl\/budapest\/?s={search_term_string}"},"query-input":{"@type":"PropertyValueSpecification","valueRequired":true,"valueName":"search_term_string"}}],"inLanguage":"pl-PL"}]}},"_links":{"self":[{"href":"https:\/\/instytutpolski.pl\/budapest\/wp-json\/wp\/v2\/pages\/249","targetHints":{"allow":["GET"]}}],"collection":[{"href":"https:\/\/instytutpolski.pl\/budapest\/wp-json\/wp\/v2\/pages"}],"about":[{"href":"https:\/\/instytutpolski.pl\/budapest\/wp-json\/wp\/v2\/types\/page"}],"author":[{"embeddable":true,"href":"https:\/\/instytutpolski.pl\/budapest\/wp-json\/wp\/v2\/users\/1"}],"replies":[{"embeddable":true,"href":"https:\/\/instytutpolski.pl\/budapest\/wp-json\/wp\/v2\/comments?post=249"}],"version-history":[{"count":1,"href":"https:\/\/instytutpolski.pl\/budapest\/wp-json\/wp\/v2\/pages\/249\/revisions"}],"predecessor-version":[{"id":250,"href":"https:\/\/instytutpolski.pl\/budapest\/wp-json\/wp\/v2\/pages\/249\/revisions\/250"}],"wp:attachment":[{"href":"https:\/\/instytutpolski.pl\/budapest\/wp-json\/wp\/v2\/media?parent=249"}],"curies":[{"name":"wp","href":"https:\/\/api.w.org\/{rel}","templated":true}]}}