{"id":290,"date":"2019-05-29T13:14:46","date_gmt":"2019-05-29T11:14:46","guid":{"rendered":"https:\/\/instytutpolski.pl\/budapeszt\/?page_id=290"},"modified":"2019-05-29T13:14:46","modified_gmt":"2019-05-29T11:14:46","slug":"letoltheto-konyvek","status":"publish","type":"page","link":"https:\/\/instytutpolski.pl\/budapest\/letoltheto-konyvek\/","title":{"rendered":"Let\u00f6lthet\u0151 k\u00f6nyvek"},"content":{"rendered":"\n<p><strong>A Lengyel Int\u00e9zet online el\u00e9rhet\u0151 kiadv\u00e1nyai az ISSUU fel\u00fclet\u00e9n:<\/strong><\/p>\n<p><a href=\"https:\/\/issuu.com\/lengyelintezetbudapest\" target=\"_blank\" rel=\"noopener noreferrer\">https:\/\/issuu.com\/lengyelintezetbudapest<\/a><\/p>\n<p><strong>Online el\u00e9rhet\u0151 antol\u00f3gi\u00e1k<\/strong>:<\/p>\n<ul>\n<li><strong>F\u00e9rfiprojekt\u00a0<\/strong>&#8211; a Jelenkor \u00f6ssze\u00e1ll\u00edt\u00e1sa (2010\/2.)\u00a0<a title=\"http:\/\/jelenkor.net\/main.php?disp=szam&amp;ev=2010&amp;evfolyam=53&amp;szam=2\" href=\"http:\/\/jelenkor.net\/main.php?disp=szam&amp;ev=2010&amp;evfolyam=53&amp;szam=2\" target=\"_blank\" rel=\"noopener noreferrer\">http:\/\/jelenkor.net\/main.php?disp=szam&amp;ev=2010&amp;evfolyam=53&amp;szam=2<\/a><\/li>\n<li><strong>Hommage \u00e0 Czes\u0142aw Mi\u0142osz<\/strong>\u00a0&#8211; a Nagyvil\u00e1g \u00f6ssze\u00e1ll\u00edt\u00e1sa (2011. szeptember-okt\u00f3ber)\u00a0<a title=\"http:\/\/www.nagyvilag-folyoirat.hu\/NV11-09-10-ok.pdf\" href=\"http:\/\/www.nagyvilag-folyoirat.hu\/NV11-09-10-ok.pdf\" target=\"_blank\" rel=\"noopener noreferrer\">http:\/\/www.nagyvilag-folyoirat.hu\/NV11-09-10-ok.pdf<\/a><\/li>\n<li><strong>Kaleidoszk\u00f3p\u00a0<\/strong>&#8211; a verseket v\u00e1logatta \u00e9s ford\u00edtotta Dabi Istv\u00e1n\u00a0<a title=\"http:\/\/mek.niif.hu\/06900\/06973\/06973.pdf\" href=\"http:\/\/mek.niif.hu\/06900\/06973\/06973.pdf\" target=\"_blank\" rel=\"noopener noreferrer\">http:\/\/mek.niif.hu\/06900\/06973\/06973.pdf<\/a><\/li>\n<li><strong>Legyen lengyel<\/strong>\u00a0&#8211; a Nap\u00fat \u00f6ssze\u00e1ll\u00edt\u00e1sa (2005. m\u00e1rcius)\u00a0<a title=\"http:\/\/www.napkut.hu\/naput_2005\/2005_02\/tartalom.html\" href=\"http:\/\/www.napkut.hu\/naput_2005\/2005_02\/tartalom.html\" target=\"_blank\" rel=\"noopener noreferrer\">http:\/\/www.napkut.hu\/naput_2005\/2005_02\/tartalom.html<\/a><\/li>\n<li><strong>Lengyel_\u00e1tpl\u00e1nta<\/strong>\u00a0&#8211; a Spanyoln\u00e1tha \u00f6ssze\u00e1ll\u00edt\u00e1sa (2006. m\u00e1rcius)\u00a0<a title=\"http:\/\/www.spanyolnatha.hu\/archivum\/lengyel_atplanta\/13\/szepirodalom\/bevezeto\/617\/\" href=\"http:\/\/www.spanyolnatha.hu\/archivum\/lengyel_atplanta\/13\/szepirodalom\/bevezeto\/617\/\" target=\"_blank\" rel=\"noopener noreferrer\">http:\/\/www.spanyolnatha.hu\/archivum\/lengyel_atplanta\/13\/szepirodalom\/bevezeto\/617\/<\/a><\/li>\n<li><strong>A lengyelek \u00e9vsz\u00e1zada<\/strong>\u00a0&#8211; a Magyar Lettre International \u00f6ssze\u00e1ll\u00edt\u00e1sa (2001 \u0151sz)\u00a0<a title=\"http:\/\/epa.oszk.hu\/00000\/00012\/00026\/\" href=\"http:\/\/epa.oszk.hu\/00000\/00012\/00026\/\" target=\"_blank\" rel=\"noopener noreferrer\">http:\/\/epa.oszk.hu\/00000\/00012\/00026\/<\/a><\/li>\n<li><strong>Lengyel t\u00e9nyirodalom<\/strong>\u00a0&#8211; a Nagyvil\u00e1g \u00f6ssze\u00e1ll\u00edt\u00e1sa (2011. december)\u00a0<a title=\"http:\/\/www.nagyvilag-folyoirat.hu\/NV11-12-ok.pdf\" href=\"http:\/\/www.nagyvilag-folyoirat.hu\/NV11-12-ok.pdf\" target=\"_blank\" rel=\"noopener noreferrer\">http:\/\/www.nagyvilag-folyoirat.hu\/NV11-12-ok.pdf<\/a><\/li>\n<li><strong>Az Odera partj\u00e1n: Wroc\u0142awi irodalom<\/strong>\u00a0&#8211; a Nagyvil\u00e1g \u00f6ssze\u00e1ll\u00edt\u00e1sa (2007. december)\u00a0<a title=\"http:\/\/www.nagyvilag-folyoirat.hu\/2007-12-ok.pdf\" href=\"http:\/\/www.nagyvilag-folyoirat.hu\/2007-12-ok.pdf\" target=\"_blank\" rel=\"noopener noreferrer\">http:\/\/www.nagyvilag-folyoirat.hu\/2007-12-ok.pdf<\/a><\/li>\n<li><strong>Polonia Expressz<\/strong>\u00a0&#8211; a Magyar Lettre International \u00f6ssze\u00e1ll\u00edt\u00e1sa (1997. tavasz)\u00a0<a title=\"http:\/\/epa.oszk.hu\/00000\/00012\/00008\/\" href=\"http:\/\/epa.oszk.hu\/00000\/00012\/00008\/\" target=\"_blank\" rel=\"noopener noreferrer\">http:\/\/epa.oszk.hu\/00000\/00012\/00008\/<\/a><\/li>\n<li><strong>Pomp\u00e1s menet \u00e9l\u00e9n<\/strong>\u00a0&#8211; a verseket ford\u00edtotta, szerkesztette \u00e9s k\u00f6zreadja, a portr\u00e9kat \u00edrta: Zsille G\u00e1bor\u00a0<a title=\"http:\/\/hhrf.org\/netpansip\/ungparty\/teka\/ebook\/lengyel\/x.htm\" href=\"http:\/\/hhrf.org\/netpansip\/ungparty\/teka\/ebook\/lengyel\/x.htm\" target=\"_blank\" rel=\"noopener noreferrer\">http:\/\/hhrf.org\/netpansip\/ungparty\/teka\/ebook\/lengyel\/x.htm<\/a><\/li>\n<li><strong>Vars\u00f3 f\u00f6l\u00f6tt az \u00e9g<\/strong>\u00a0&#8211; az Eur\u00f3pai f\u00fczetek \u00f6ssze\u00e1ll\u00edt\u00e1sa (23. sz\u00e1m)\u00a0<a title=\"http:\/\/www.c3.hu\/~eufuzetek\/index-hun_23.html\" href=\"http:\/\/www.c3.hu\/~eufuzetek\/index-hun_23.html\" target=\"_blank\" rel=\"noopener noreferrer\">http:\/\/www.c3.hu\/~eufuzetek\/index-hun_23.html<\/a><\/li>\n<\/ul>\n<p><em>Forr\u00e1s:<\/em>\u00a0<a title=\"http:\/\/lengyelirodalom.lap.hu\/\" href=\"http:\/\/lengyelirodalom.lap.hu\/\" target=\"_blank\" rel=\"noopener noreferrer\">http:\/\/lengyelirodalom.lap.hu\/<\/a><\/p>\n","protected":false},"excerpt":{"rendered":"<p>A Lengyel Int\u00e9zet online el\u00e9rhet\u0151 kiadv\u00e1nyai az ISSUU fel\u00fclet\u00e9n: https:\/\/issuu.com\/lengyelintezetbudapest Online el\u00e9rhet\u0151 antol\u00f3gi\u00e1k: F\u00e9rfiprojekt\u00a0&#8211; a Jelenkor \u00f6ssze\u00e1ll\u00edt\u00e1sa (2010\/2.)\u00a0http:\/\/jelenkor.net\/main.php?disp=szam&amp;ev=2010&amp;evfolyam=53&amp;szam=2 Hommage \u00e0 Czes\u0142aw Mi\u0142osz\u00a0&#8211; a Nagyvil\u00e1g \u00f6ssze\u00e1ll\u00edt\u00e1sa (2011. szeptember-okt\u00f3ber)\u00a0http:\/\/www.nagyvilag-folyoirat.hu\/NV11-09-10-ok.pdf Kaleidoszk\u00f3p\u00a0&#8211; a verseket v\u00e1logatta \u00e9s ford\u00edtotta Dabi Istv\u00e1n\u00a0http:\/\/mek.niif.hu\/06900\/06973\/06973.pdf Legyen lengyel\u00a0&#8211; a Nap\u00fat \u00f6ssze\u00e1ll\u00edt\u00e1sa (2005. m\u00e1rcius)\u00a0http:\/\/www.napkut.hu\/naput_2005\/2005_02\/tartalom.html Lengyel_\u00e1tpl\u00e1nta\u00a0&#8211; a Spanyoln\u00e1tha \u00f6ssze\u00e1ll\u00edt\u00e1sa (2006. m\u00e1rcius)\u00a0http:\/\/www.spanyolnatha.hu\/archivum\/lengyel_atplanta\/13\/szepirodalom\/bevezeto\/617\/ A lengyelek \u00e9vsz\u00e1zada\u00a0&#8211; a Magyar Lettre International [&hellip;]<\/p>\n","protected":false},"author":1,"featured_media":0,"parent":0,"menu_order":0,"comment_status":"closed","ping_status":"closed","template":"","meta":{"inline_featured_image":false,"_monsterinsights_skip_tracking":false,"_monsterinsights_sitenote_active":false,"_monsterinsights_sitenote_note":"","_monsterinsights_sitenote_category":0,"footnotes":""},"class_list":["post-290","page","type-page","status-publish","hentry"],"yoast_head":"<!-- This site is optimized with the Yoast SEO plugin v24.6 - https:\/\/yoast.com\/wordpress\/plugins\/seo\/ -->\n<title>Let\u00f6lthet\u0151 k\u00f6nyvek - Instytut Polski w Budapeszcie<\/title>\n<meta name=\"robots\" content=\"index, follow, max-snippet:-1, max-image-preview:large, max-video-preview:-1\" \/>\n<link rel=\"canonical\" href=\"https:\/\/instytutpolski.pl\/budapest\/letoltheto-konyvek\/\" \/>\n<meta property=\"og:locale\" content=\"pl_PL\" \/>\n<meta property=\"og:type\" content=\"article\" \/>\n<meta property=\"og:title\" content=\"Let\u00f6lthet\u0151 k\u00f6nyvek - Instytut Polski w Budapeszcie\" \/>\n<meta property=\"og:description\" content=\"A Lengyel Int\u00e9zet online el\u00e9rhet\u0151 kiadv\u00e1nyai az ISSUU fel\u00fclet\u00e9n: https:\/\/issuu.com\/lengyelintezetbudapest Online el\u00e9rhet\u0151 antol\u00f3gi\u00e1k: F\u00e9rfiprojekt\u00a0&#8211; a Jelenkor \u00f6ssze\u00e1ll\u00edt\u00e1sa (2010\/2.)\u00a0http:\/\/jelenkor.net\/main.php?disp=szam&amp;ev=2010&amp;evfolyam=53&amp;szam=2 Hommage \u00e0 Czes\u0142aw Mi\u0142osz\u00a0&#8211; a Nagyvil\u00e1g \u00f6ssze\u00e1ll\u00edt\u00e1sa (2011. szeptember-okt\u00f3ber)\u00a0http:\/\/www.nagyvilag-folyoirat.hu\/NV11-09-10-ok.pdf Kaleidoszk\u00f3p\u00a0&#8211; a verseket v\u00e1logatta \u00e9s ford\u00edtotta Dabi Istv\u00e1n\u00a0http:\/\/mek.niif.hu\/06900\/06973\/06973.pdf Legyen lengyel\u00a0&#8211; a Nap\u00fat \u00f6ssze\u00e1ll\u00edt\u00e1sa (2005. m\u00e1rcius)\u00a0http:\/\/www.napkut.hu\/naput_2005\/2005_02\/tartalom.html Lengyel_\u00e1tpl\u00e1nta\u00a0&#8211; a Spanyoln\u00e1tha \u00f6ssze\u00e1ll\u00edt\u00e1sa (2006. m\u00e1rcius)\u00a0http:\/\/www.spanyolnatha.hu\/archivum\/lengyel_atplanta\/13\/szepirodalom\/bevezeto\/617\/ A lengyelek \u00e9vsz\u00e1zada\u00a0&#8211; a Magyar Lettre International [&hellip;]\" \/>\n<meta property=\"og:url\" content=\"https:\/\/instytutpolski.pl\/budapest\/letoltheto-konyvek\/\" \/>\n<meta property=\"og:site_name\" content=\"Instytut Polski w Budapeszcie\" \/>\n<meta name=\"twitter:card\" content=\"summary_large_image\" \/>\n<meta name=\"twitter:label1\" content=\"Szacowany czas czytania\" \/>\n\t<meta name=\"twitter:data1\" content=\"1 minuta\" \/>\n<script type=\"application\/ld+json\" class=\"yoast-schema-graph\">{\"@context\":\"https:\/\/schema.org\",\"@graph\":[{\"@type\":\"WebPage\",\"@id\":\"https:\/\/instytutpolski.pl\/budapest\/letoltheto-konyvek\/\",\"url\":\"https:\/\/instytutpolski.pl\/budapest\/letoltheto-konyvek\/\",\"name\":\"Let\u00f6lthet\u0151 k\u00f6nyvek - Instytut Polski w Budapeszcie\",\"isPartOf\":{\"@id\":\"https:\/\/instytutpolski.pl\/budapest\/#website\"},\"datePublished\":\"2019-05-29T11:14:46+00:00\",\"breadcrumb\":{\"@id\":\"https:\/\/instytutpolski.pl\/budapest\/letoltheto-konyvek\/#breadcrumb\"},\"inLanguage\":\"pl-PL\",\"potentialAction\":[{\"@type\":\"ReadAction\",\"target\":[\"https:\/\/instytutpolski.pl\/budapest\/letoltheto-konyvek\/\"]}]},{\"@type\":\"BreadcrumbList\",\"@id\":\"https:\/\/instytutpolski.pl\/budapest\/letoltheto-konyvek\/#breadcrumb\",\"itemListElement\":[{\"@type\":\"ListItem\",\"position\":1,\"name\":\"Home\",\"item\":\"https:\/\/instytutpolski.pl\/budapest\/\"},{\"@type\":\"ListItem\",\"position\":2,\"name\":\"Let\u00f6lthet\u0151 k\u00f6nyvek\"}]},{\"@type\":\"WebSite\",\"@id\":\"https:\/\/instytutpolski.pl\/budapest\/#website\",\"url\":\"https:\/\/instytutpolski.pl\/budapest\/\",\"name\":\"Instytut Polski w Budapeszcie\",\"description\":\"Instytuty Polskie\",\"potentialAction\":[{\"@type\":\"SearchAction\",\"target\":{\"@type\":\"EntryPoint\",\"urlTemplate\":\"https:\/\/instytutpolski.pl\/budapest\/?s={search_term_string}\"},\"query-input\":{\"@type\":\"PropertyValueSpecification\",\"valueRequired\":true,\"valueName\":\"search_term_string\"}}],\"inLanguage\":\"pl-PL\"}]}<\/script>\n<!-- \/ Yoast SEO plugin. -->","yoast_head_json":{"title":"Let\u00f6lthet\u0151 k\u00f6nyvek - Instytut Polski w Budapeszcie","robots":{"index":"index","follow":"follow","max-snippet":"max-snippet:-1","max-image-preview":"max-image-preview:large","max-video-preview":"max-video-preview:-1"},"canonical":"https:\/\/instytutpolski.pl\/budapest\/letoltheto-konyvek\/","og_locale":"pl_PL","og_type":"article","og_title":"Let\u00f6lthet\u0151 k\u00f6nyvek - Instytut Polski w Budapeszcie","og_description":"A Lengyel Int\u00e9zet online el\u00e9rhet\u0151 kiadv\u00e1nyai az ISSUU fel\u00fclet\u00e9n: https:\/\/issuu.com\/lengyelintezetbudapest Online el\u00e9rhet\u0151 antol\u00f3gi\u00e1k: F\u00e9rfiprojekt\u00a0&#8211; a Jelenkor \u00f6ssze\u00e1ll\u00edt\u00e1sa (2010\/2.)\u00a0http:\/\/jelenkor.net\/main.php?disp=szam&amp;ev=2010&amp;evfolyam=53&amp;szam=2 Hommage \u00e0 Czes\u0142aw Mi\u0142osz\u00a0&#8211; a Nagyvil\u00e1g \u00f6ssze\u00e1ll\u00edt\u00e1sa (2011. szeptember-okt\u00f3ber)\u00a0http:\/\/www.nagyvilag-folyoirat.hu\/NV11-09-10-ok.pdf Kaleidoszk\u00f3p\u00a0&#8211; a verseket v\u00e1logatta \u00e9s ford\u00edtotta Dabi Istv\u00e1n\u00a0http:\/\/mek.niif.hu\/06900\/06973\/06973.pdf Legyen lengyel\u00a0&#8211; a Nap\u00fat \u00f6ssze\u00e1ll\u00edt\u00e1sa (2005. m\u00e1rcius)\u00a0http:\/\/www.napkut.hu\/naput_2005\/2005_02\/tartalom.html Lengyel_\u00e1tpl\u00e1nta\u00a0&#8211; a Spanyoln\u00e1tha \u00f6ssze\u00e1ll\u00edt\u00e1sa (2006. m\u00e1rcius)\u00a0http:\/\/www.spanyolnatha.hu\/archivum\/lengyel_atplanta\/13\/szepirodalom\/bevezeto\/617\/ A lengyelek \u00e9vsz\u00e1zada\u00a0&#8211; a Magyar Lettre International [&hellip;]","og_url":"https:\/\/instytutpolski.pl\/budapest\/letoltheto-konyvek\/","og_site_name":"Instytut Polski w Budapeszcie","twitter_card":"summary_large_image","twitter_misc":{"Szacowany czas czytania":"1 minuta"},"schema":{"@context":"https:\/\/schema.org","@graph":[{"@type":"WebPage","@id":"https:\/\/instytutpolski.pl\/budapest\/letoltheto-konyvek\/","url":"https:\/\/instytutpolski.pl\/budapest\/letoltheto-konyvek\/","name":"Let\u00f6lthet\u0151 k\u00f6nyvek - Instytut Polski w Budapeszcie","isPartOf":{"@id":"https:\/\/instytutpolski.pl\/budapest\/#website"},"datePublished":"2019-05-29T11:14:46+00:00","breadcrumb":{"@id":"https:\/\/instytutpolski.pl\/budapest\/letoltheto-konyvek\/#breadcrumb"},"inLanguage":"pl-PL","potentialAction":[{"@type":"ReadAction","target":["https:\/\/instytutpolski.pl\/budapest\/letoltheto-konyvek\/"]}]},{"@type":"BreadcrumbList","@id":"https:\/\/instytutpolski.pl\/budapest\/letoltheto-konyvek\/#breadcrumb","itemListElement":[{"@type":"ListItem","position":1,"name":"Home","item":"https:\/\/instytutpolski.pl\/budapest\/"},{"@type":"ListItem","position":2,"name":"Let\u00f6lthet\u0151 k\u00f6nyvek"}]},{"@type":"WebSite","@id":"https:\/\/instytutpolski.pl\/budapest\/#website","url":"https:\/\/instytutpolski.pl\/budapest\/","name":"Instytut Polski w Budapeszcie","description":"Instytuty Polskie","potentialAction":[{"@type":"SearchAction","target":{"@type":"EntryPoint","urlTemplate":"https:\/\/instytutpolski.pl\/budapest\/?s={search_term_string}"},"query-input":{"@type":"PropertyValueSpecification","valueRequired":true,"valueName":"search_term_string"}}],"inLanguage":"pl-PL"}]}},"_links":{"self":[{"href":"https:\/\/instytutpolski.pl\/budapest\/wp-json\/wp\/v2\/pages\/290","targetHints":{"allow":["GET"]}}],"collection":[{"href":"https:\/\/instytutpolski.pl\/budapest\/wp-json\/wp\/v2\/pages"}],"about":[{"href":"https:\/\/instytutpolski.pl\/budapest\/wp-json\/wp\/v2\/types\/page"}],"author":[{"embeddable":true,"href":"https:\/\/instytutpolski.pl\/budapest\/wp-json\/wp\/v2\/users\/1"}],"replies":[{"embeddable":true,"href":"https:\/\/instytutpolski.pl\/budapest\/wp-json\/wp\/v2\/comments?post=290"}],"version-history":[{"count":1,"href":"https:\/\/instytutpolski.pl\/budapest\/wp-json\/wp\/v2\/pages\/290\/revisions"}],"predecessor-version":[{"id":291,"href":"https:\/\/instytutpolski.pl\/budapest\/wp-json\/wp\/v2\/pages\/290\/revisions\/291"}],"wp:attachment":[{"href":"https:\/\/instytutpolski.pl\/budapest\/wp-json\/wp\/v2\/media?parent=290"}],"curies":[{"name":"wp","href":"https:\/\/api.w.org\/{rel}","templated":true}]}}