{"id":32,"date":"2019-05-28T13:42:13","date_gmt":"2019-05-28T11:42:13","guid":{"rendered":"https:\/\/instytutpolski.pl\/budapeszt\/?page_id=32"},"modified":"2019-05-28T13:42:14","modified_gmt":"2019-05-28T11:42:14","slug":"kapcsolat","status":"publish","type":"page","link":"https:\/\/instytutpolski.pl\/budapest\/kapcsolat\/","title":{"rendered":"Kapcsolat"},"content":{"rendered":"\n<h2>NYITVA TART\u00c1S<\/h2>\n<p><span class=\"caps\">titk\u00e1rs\u00e1g<\/span>: h\u00e9tf\u0151-p\u00e9ntek 9.00 &#8211; 17.00, tel: (+361) 505 4660, fax: (+361) 331 0341<\/p>\n<p><span class=\"caps\">nagymez\u0151 utca fel\u0151li ki\u00e1ll\u00edt\u00f3terem<\/span>: h\u00e9tf\u0151 &#8211; cs\u00fct\u00f6rt\u00f6k 9.00 &#8211; 20.00, p\u00e9ntek\u00a09.00 &#8211; 17.00<\/p>\n<p><span class=\"caps\">plat\u00e1n \u00e9s latarka gal\u00e9ria<\/span>: h\u00e9tf\u0151 &#8211; p\u00e9ntek 10.00 &#8211; 18.00<\/p>\n<p><span class=\"caps\">k\u00f6nyvt\u00e1r<\/span>: kedd\u00a015.00 &#8211; 20.00<\/p>\n<p>\u00a0<\/p>\n<h2>MUNKAT\u00c1RSAK<\/h2>\n<p><strong>Joanna Urba\u0144sk<\/strong><strong>a<\/strong>\u00a0&#8211;\u00a0igazgat\u00f3<br \/>(+361) 505 4660,\u00a0<a href=\"mailto:budapeszt@instytutpolski.org\">budapeszt@instytutpolski.org<\/a><\/p>\n<p><strong>Dominika Teske\u00a0<\/strong>&#8211; igazgat\u00f3helyettes<\/p>\n<p>(+361) 505 4660,\u00a0<a href=\"mailto:budapeszt@instytutpolski.org\">budapeszt@instytutpolski.org<\/a><\/p>\n<p><strong>\u00a0El\u017cbieta\u00a0Forusi\u0144ska-Hamar<\/strong>\u00a0&#8211;\u00a0titk\u00e1rs\u00e1g<br \/>(+361) 505 4660,\u00a0<a href=\"mailto:budapeszt@instytutpolski.org\">budapeszt@instytutpolski.org<\/a><\/p>\n<p><strong>Ma\u0142gorzata Tak\u00e1cs<\/strong>\u00a0&#8211; film, egy\u00e9b<br \/>(+361) 505 4667,\u00a0<a href=\"mailto:gosia.takacs@instytutpolski.org\">gosia.takacs@instytutpolski.org<\/a><\/p>\n<p><strong>Kriston Wojtek<\/strong>\u00a0&#8211; sz\u00ednh\u00e1z, zene<br \/>(+361) 505 4668,\u00a0<a href=\"mailto:wojtek.kriston@instytutpolski.org\">wojtek.kriston@instytutpolski.org<\/a><\/p>\n<p><strong>Jerger T\u00edmea<\/strong>\u00a0&#8211; k\u00e9pz\u0151m\u0171v\u00e9szet, Plat\u00e1n Gal\u00e9ria<br \/>(+361) 505 4662,\u00a0<a href=\"mailto:timea.jerger@instytutpolski.org\">timea.jerger@instytutpolski.org<\/a><\/p>\n<p><strong>Felvid\u00e9ki Eszter<\/strong>\u00a0&#8211;\u00a0sajt\u00f3kapcsolatok, irodalom<\/p>\n<p>\u00a0(+361) 505 4666,\u00a0<a href=\"mailto:eszter.felvideki@instytutpolski.org\">eszter.felvideki@instytutpolski.org<\/a><\/p>\n<p><strong>B\u00e9key M\u00e1ria<\/strong>\u00a0&#8211; k\u00f6nyvt\u00e1r<br \/>(+361) 505 4665,\u00a0<a href=\"mailto:budapest.biblioteka@instytutpolski.org\">budapest.biblioteka@instytutpolski.org<\/a><\/p>\n<p><strong>M\u00e1t\u00e9 Endre<\/strong>\u00a0&#8211; logisztika<\/p>\n<p><strong>V\u00e9ber Zolt\u00e1n<\/strong>\u00a0&#8211; technikus<\/p>\n","protected":false},"excerpt":{"rendered":"<p>NYITVA TART\u00c1S titk\u00e1rs\u00e1g: h\u00e9tf\u0151-p\u00e9ntek 9.00 &#8211; 17.00, tel: (+361) 505 4660, fax: (+361) 331 0341 nagymez\u0151 utca fel\u0151li ki\u00e1ll\u00edt\u00f3terem: h\u00e9tf\u0151 &#8211; cs\u00fct\u00f6rt\u00f6k 9.00 &#8211; 20.00, p\u00e9ntek\u00a09.00 &#8211; 17.00 plat\u00e1n \u00e9s latarka gal\u00e9ria: h\u00e9tf\u0151 &#8211; p\u00e9ntek 10.00 &#8211; 18.00 k\u00f6nyvt\u00e1r: kedd\u00a015.00 &#8211; 20.00 \u00a0 MUNKAT\u00c1RSAK Joanna Urba\u0144ska\u00a0&#8211;\u00a0igazgat\u00f3(+361) 505 4660,\u00a0budapeszt@instytutpolski.org Dominika Teske\u00a0&#8211; igazgat\u00f3helyettes (+361) 505 4660,\u00a0budapeszt@instytutpolski.org \u00a0El\u017cbieta\u00a0Forusi\u0144ska-Hamar\u00a0&#8211;\u00a0titk\u00e1rs\u00e1g(+361) [&hellip;]<\/p>\n","protected":false},"author":1,"featured_media":0,"parent":0,"menu_order":0,"comment_status":"closed","ping_status":"closed","template":"","meta":{"inline_featured_image":false,"_monsterinsights_skip_tracking":false,"_monsterinsights_sitenote_active":false,"_monsterinsights_sitenote_note":"","_monsterinsights_sitenote_category":0,"footnotes":""},"class_list":["post-32","page","type-page","status-publish","hentry"],"yoast_head":"<!-- This site is optimized with the Yoast SEO plugin v24.6 - https:\/\/yoast.com\/wordpress\/plugins\/seo\/ -->\n<title>Kapcsolat - Instytut Polski w Budapeszcie<\/title>\n<meta name=\"robots\" content=\"index, follow, max-snippet:-1, max-image-preview:large, max-video-preview:-1\" \/>\n<link rel=\"canonical\" href=\"https:\/\/instytutpolski.pl\/budapest\/kapcsolat\/\" \/>\n<meta property=\"og:locale\" content=\"pl_PL\" \/>\n<meta property=\"og:type\" content=\"article\" \/>\n<meta property=\"og:title\" content=\"Kapcsolat - Instytut Polski w Budapeszcie\" \/>\n<meta property=\"og:description\" content=\"NYITVA TART\u00c1S titk\u00e1rs\u00e1g: h\u00e9tf\u0151-p\u00e9ntek 9.00 &#8211; 17.00, tel: (+361) 505 4660, fax: (+361) 331 0341 nagymez\u0151 utca fel\u0151li ki\u00e1ll\u00edt\u00f3terem: h\u00e9tf\u0151 &#8211; cs\u00fct\u00f6rt\u00f6k 9.00 &#8211; 20.00, p\u00e9ntek\u00a09.00 &#8211; 17.00 plat\u00e1n \u00e9s latarka gal\u00e9ria: h\u00e9tf\u0151 &#8211; p\u00e9ntek 10.00 &#8211; 18.00 k\u00f6nyvt\u00e1r: kedd\u00a015.00 &#8211; 20.00 \u00a0 MUNKAT\u00c1RSAK Joanna Urba\u0144ska\u00a0&#8211;\u00a0igazgat\u00f3(+361) 505 4660,\u00a0budapeszt@instytutpolski.org Dominika Teske\u00a0&#8211; igazgat\u00f3helyettes (+361) 505 4660,\u00a0budapeszt@instytutpolski.org \u00a0El\u017cbieta\u00a0Forusi\u0144ska-Hamar\u00a0&#8211;\u00a0titk\u00e1rs\u00e1g(+361) [&hellip;]\" \/>\n<meta property=\"og:url\" content=\"https:\/\/instytutpolski.pl\/budapest\/kapcsolat\/\" \/>\n<meta property=\"og:site_name\" content=\"Instytut Polski w Budapeszcie\" \/>\n<meta property=\"article:modified_time\" content=\"2019-05-28T11:42:14+00:00\" \/>\n<meta name=\"twitter:card\" content=\"summary_large_image\" \/>\n<meta name=\"twitter:label1\" content=\"Szacowany czas czytania\" \/>\n\t<meta name=\"twitter:data1\" content=\"1 minuta\" \/>\n<script type=\"application\/ld+json\" class=\"yoast-schema-graph\">{\"@context\":\"https:\/\/schema.org\",\"@graph\":[{\"@type\":\"WebPage\",\"@id\":\"https:\/\/instytutpolski.pl\/budapest\/kapcsolat\/\",\"url\":\"https:\/\/instytutpolski.pl\/budapest\/kapcsolat\/\",\"name\":\"Kapcsolat - Instytut Polski w Budapeszcie\",\"isPartOf\":{\"@id\":\"https:\/\/instytutpolski.pl\/budapest\/#website\"},\"datePublished\":\"2019-05-28T11:42:13+00:00\",\"dateModified\":\"2019-05-28T11:42:14+00:00\",\"breadcrumb\":{\"@id\":\"https:\/\/instytutpolski.pl\/budapest\/kapcsolat\/#breadcrumb\"},\"inLanguage\":\"pl-PL\",\"potentialAction\":[{\"@type\":\"ReadAction\",\"target\":[\"https:\/\/instytutpolski.pl\/budapest\/kapcsolat\/\"]}]},{\"@type\":\"BreadcrumbList\",\"@id\":\"https:\/\/instytutpolski.pl\/budapest\/kapcsolat\/#breadcrumb\",\"itemListElement\":[{\"@type\":\"ListItem\",\"position\":1,\"name\":\"Home\",\"item\":\"https:\/\/instytutpolski.pl\/budapest\/\"},{\"@type\":\"ListItem\",\"position\":2,\"name\":\"Kapcsolat\"}]},{\"@type\":\"WebSite\",\"@id\":\"https:\/\/instytutpolski.pl\/budapest\/#website\",\"url\":\"https:\/\/instytutpolski.pl\/budapest\/\",\"name\":\"Instytut Polski w Budapeszcie\",\"description\":\"Instytuty Polskie\",\"potentialAction\":[{\"@type\":\"SearchAction\",\"target\":{\"@type\":\"EntryPoint\",\"urlTemplate\":\"https:\/\/instytutpolski.pl\/budapest\/?s={search_term_string}\"},\"query-input\":{\"@type\":\"PropertyValueSpecification\",\"valueRequired\":true,\"valueName\":\"search_term_string\"}}],\"inLanguage\":\"pl-PL\"}]}<\/script>\n<!-- \/ Yoast SEO plugin. -->","yoast_head_json":{"title":"Kapcsolat - Instytut Polski w Budapeszcie","robots":{"index":"index","follow":"follow","max-snippet":"max-snippet:-1","max-image-preview":"max-image-preview:large","max-video-preview":"max-video-preview:-1"},"canonical":"https:\/\/instytutpolski.pl\/budapest\/kapcsolat\/","og_locale":"pl_PL","og_type":"article","og_title":"Kapcsolat - Instytut Polski w Budapeszcie","og_description":"NYITVA TART\u00c1S titk\u00e1rs\u00e1g: h\u00e9tf\u0151-p\u00e9ntek 9.00 &#8211; 17.00, tel: (+361) 505 4660, fax: (+361) 331 0341 nagymez\u0151 utca fel\u0151li ki\u00e1ll\u00edt\u00f3terem: h\u00e9tf\u0151 &#8211; cs\u00fct\u00f6rt\u00f6k 9.00 &#8211; 20.00, p\u00e9ntek\u00a09.00 &#8211; 17.00 plat\u00e1n \u00e9s latarka gal\u00e9ria: h\u00e9tf\u0151 &#8211; p\u00e9ntek 10.00 &#8211; 18.00 k\u00f6nyvt\u00e1r: kedd\u00a015.00 &#8211; 20.00 \u00a0 MUNKAT\u00c1RSAK Joanna Urba\u0144ska\u00a0&#8211;\u00a0igazgat\u00f3(+361) 505 4660,\u00a0budapeszt@instytutpolski.org Dominika Teske\u00a0&#8211; igazgat\u00f3helyettes (+361) 505 4660,\u00a0budapeszt@instytutpolski.org \u00a0El\u017cbieta\u00a0Forusi\u0144ska-Hamar\u00a0&#8211;\u00a0titk\u00e1rs\u00e1g(+361) [&hellip;]","og_url":"https:\/\/instytutpolski.pl\/budapest\/kapcsolat\/","og_site_name":"Instytut Polski w Budapeszcie","article_modified_time":"2019-05-28T11:42:14+00:00","twitter_card":"summary_large_image","twitter_misc":{"Szacowany czas czytania":"1 minuta"},"schema":{"@context":"https:\/\/schema.org","@graph":[{"@type":"WebPage","@id":"https:\/\/instytutpolski.pl\/budapest\/kapcsolat\/","url":"https:\/\/instytutpolski.pl\/budapest\/kapcsolat\/","name":"Kapcsolat - Instytut Polski w Budapeszcie","isPartOf":{"@id":"https:\/\/instytutpolski.pl\/budapest\/#website"},"datePublished":"2019-05-28T11:42:13+00:00","dateModified":"2019-05-28T11:42:14+00:00","breadcrumb":{"@id":"https:\/\/instytutpolski.pl\/budapest\/kapcsolat\/#breadcrumb"},"inLanguage":"pl-PL","potentialAction":[{"@type":"ReadAction","target":["https:\/\/instytutpolski.pl\/budapest\/kapcsolat\/"]}]},{"@type":"BreadcrumbList","@id":"https:\/\/instytutpolski.pl\/budapest\/kapcsolat\/#breadcrumb","itemListElement":[{"@type":"ListItem","position":1,"name":"Home","item":"https:\/\/instytutpolski.pl\/budapest\/"},{"@type":"ListItem","position":2,"name":"Kapcsolat"}]},{"@type":"WebSite","@id":"https:\/\/instytutpolski.pl\/budapest\/#website","url":"https:\/\/instytutpolski.pl\/budapest\/","name":"Instytut Polski w Budapeszcie","description":"Instytuty Polskie","potentialAction":[{"@type":"SearchAction","target":{"@type":"EntryPoint","urlTemplate":"https:\/\/instytutpolski.pl\/budapest\/?s={search_term_string}"},"query-input":{"@type":"PropertyValueSpecification","valueRequired":true,"valueName":"search_term_string"}}],"inLanguage":"pl-PL"}]}},"_links":{"self":[{"href":"https:\/\/instytutpolski.pl\/budapest\/wp-json\/wp\/v2\/pages\/32","targetHints":{"allow":["GET"]}}],"collection":[{"href":"https:\/\/instytutpolski.pl\/budapest\/wp-json\/wp\/v2\/pages"}],"about":[{"href":"https:\/\/instytutpolski.pl\/budapest\/wp-json\/wp\/v2\/types\/page"}],"author":[{"embeddable":true,"href":"https:\/\/instytutpolski.pl\/budapest\/wp-json\/wp\/v2\/users\/1"}],"replies":[{"embeddable":true,"href":"https:\/\/instytutpolski.pl\/budapest\/wp-json\/wp\/v2\/comments?post=32"}],"version-history":[{"count":1,"href":"https:\/\/instytutpolski.pl\/budapest\/wp-json\/wp\/v2\/pages\/32\/revisions"}],"predecessor-version":[{"id":33,"href":"https:\/\/instytutpolski.pl\/budapest\/wp-json\/wp\/v2\/pages\/32\/revisions\/33"}],"wp:attachment":[{"href":"https:\/\/instytutpolski.pl\/budapest\/wp-json\/wp\/v2\/media?parent=32"}],"curies":[{"name":"wp","href":"https:\/\/api.w.org\/{rel}","templated":true}]}}