{"id":438,"date":"2019-05-30T14:27:38","date_gmt":"2019-05-30T12:27:38","guid":{"rendered":"https:\/\/instytutpolski.pl\/budapeszt\/?page_id=438"},"modified":"2019-05-31T12:53:15","modified_gmt":"2019-05-31T10:53:15","slug":"lengyel-kultura","status":"publish","type":"page","link":"https:\/\/instytutpolski.pl\/budapest\/lengyel-kultura\/","title":{"rendered":"LENGYEL KULT\u00daRA"},"content":{"rendered":"\n<p><b>A rendszerv\u00e1lt\u00e1s ut\u00e1n a lengyel kult\u00fara \u00faj kih\u00edv\u00e1sokkal n\u00e9z szembe. Az Eur\u00f3pai Uni\u00f3ba val\u00f3 bel\u00e9p\u00e9s \u00f3ta egyesek v\u00e1rakoz\u00e1ssal tekintenek a kontinensnek erre a fel\u00e9re, az ex Oriente lux rem\u00e9ny\u00e9ben innen v\u00e1rj\u00e1k az \u201eegzotikus \u00e9leter\u0151t\u201d, a friss inspir\u00e1ci\u00f3kat ad\u00f3 impulzust. Mit\u0151l k\u00fcl\u00f6nleges a m\u0171v\u00e9szet a vil\u00e1gnak ezen a r\u00e9sz\u00e9n, mivel j\u00e1rulhatnak hozz\u00e1 a lengyelek a kultur\u00e1lis integr\u00e1ci\u00f3 \u00fcgy\u00e9hez?<\/b><\/p>\n<p>A lengyel kult\u00far\u00e1ban a mai napig \u00e9l \u201ea t\u00f6bb nemzet k\u00f6zt\u00e1rsas\u00e1g\u00e1nak\u201d eml\u00e9ke, a \u201ehat\u00e1rvid\u00e9k kult\u00far\u00e1ja\u201d, amely Eur\u00f3pa sz\u00edv\u00e9ben j\u00f6tt l\u00e9tre, \u00e9s \u00f6tv\u00f6zi a kelet \u00e9s nyugat hagyom\u00e1ny\u00e1t \u2013 a pravoszl\u00e1v miszticizmust a latin antikvit\u00e1ssal, az ikon \u00e9l\u0151 kultusz\u00e1t a zsid\u00f3 haszidok hagyom\u00e1ny\u00e1val, a szarmat\u00e1k barokk mitol\u00f3gi\u00e1j\u00e1t a sz\u00ednes n\u00e9pi kult\u00far\u00e1val. Lengyelorsz\u00e1gban, ahol keresztezik egym\u00e1st az eur\u00f3pai \u00fatvonalak, a kultur\u00e1lis hagyom\u00e1nyok saj\u00e1tos sz\u00f6vev\u00e9nye alakult ki, s ehhez \u00fajra meg \u00fajra visszany\u00falnak a m\u0171v\u00e9szek \u00e9s az \u00edr\u00f3k. A m\u00falttal folytatott sz\u00fcntelen p\u00e1rbesz\u00e9d, a \u201egy\u00f6kerekhez\u201d val\u00f3 makacs, sokszor megsz\u00e1llottan ism\u00e9tl\u0151d\u0151 \u201evisszat\u00e9r\u00e9s\u201d m\u00e9g az avantg\u00e1rd m\u0171v\u00e9szetre is jellemz\u0151, amely szint\u00e9n a kollekt\u00edv \u00e9s egy\u00e9ni identit\u00e1s egyik \u00e9p\u00edt\u0151k\u00f6ve.<\/p>\n<p>\u00a0<\/p>\n<p><a href=\"https:\/\/instytutpolski.pl\/budapeszt\/wp-content\/uploads\/sites\/21\/2019\/05\/hung_1_wstep-181x278.jpg\"><img loading=\"lazy\" decoding=\"async\" class=\"size-full wp-image-439 alignleft\" src=\"https:\/\/instytutpolski.pl\/budapeszt\/wp-content\/uploads\/sites\/21\/2019\/05\/hung_1_wstep-181x278.jpg\" alt=\"\" width=\"181\" height=\"278\" \/><\/a>Nem vit\u00e1s, hogy a lengyel m\u0171v\u00e9szek hozz\u00e1j\u00e1rultak a vil\u00e1g m\u0171v\u00e9szet\u00e9nek fejl\u0151d\u00e9s\u00e9hez. A kollekt\u00edv tudatban jelen van a lengyel film-, plak\u00e1t- \u00e9s k\u00f6lt\u0151iskola. Itt csup\u00e1n n\u00e9h\u00e1ny egyedi jelens\u00e9get id\u00e9z\u00fcnk fel, n\u00e9melyiket csak megeml\u00edtj\u00fck, hiszen ezeket nem csak azok ismerik, akiket \u00e9rdekel az adott ter\u00fclet; m\u00e1s jelens\u00e9gekre az\u00e9rt h\u00edvjuk fel a figyelmet, hogy elgondolkodjunk, p\u00e9ld\u00e1ul mi az oka annak, hogy az eg\u00e9sz vil\u00e1gr\u00f3l ell\u00e1togatnak az emberek egy Lengyelorsz\u00e1g keleti sz\u00e9l\u00e9n fekv\u0151 kicsiny faluba?<\/p>\n<p>A lengyel m\u0171v\u00e9szetet olyan meghat\u00e1roz\u00f3 t\u00f6rt\u00e9nelmi tapasztalatok v\u00e1lasztj\u00e1k el a nyugati kult\u00far\u00e1t\u00f3l, amelyek fontos tanuls\u00e1got jelenthetnek az egys\u00e9ges\u00fclt Eur\u00f3pa sz\u00e1m\u00e1ra. A XX. sz\u00e1zad m\u00e1sodik fel\u00e9ben a lengyel irodalom \u00e9s m\u0171v\u00e9szet l\u00e9t\u00e9nek l\u00e9nyeges eleme volt az \u00e1llampolg\u00e1rok l\u00e1zad\u00e1sa, akik meg\u0151rizt\u00e9k m\u00e9lt\u00f3s\u00e1gukat a m\u00e9ltatlan id\u0151kben, meg\u00f3vt\u00e1k szellemi f\u00fcggetlens\u00e9g\u00fcket a korl\u00e1toz\u00e1sok ellen\u00e9re. A lengyel m\u0171v\u00e9szek manaps\u00e1g sem f\u00e9lnek feltenni a fontos k\u00e9rd\u00e9seket, haboz\u00e1s n\u00e9lk\u00fcl k\u00e9ts\u00e9gbe vonj\u00e1k az alap\u00e9rt\u00e9keket, nem rettennek vissza a m\u0171v\u00e9szet t\u00e1rsadalmi szerep\u00e9nek \u00e9s k\u00f6teless\u00e9g\u00e9nek megvitat\u00e1s\u00e1t\u00f3l. A lengyel m\u0171v\u00e9szet \u00fajra meg \u00fajra el\u0151veszi a szabads\u00e1g t\u00e9m\u00e1j\u00e1t, k\u00f6z\u00f6lni akar valamit, k\u00fcldet\u00e9studata van; tal\u00e1n pont ez teszi k\u00fcl\u00f6n\u00f6sen vonz\u00f3v\u00e1, tal\u00e1n ezt a t\u00fczet \u00e9s hitet irigyli t\u0151le n\u00e9ha a posztmodern jelent\u00e9spluralizmus hat\u00e1sa alatt \u00e1ll\u00f3 kort\u00e1rs nyugati kult\u00fara?<\/p>\n<p>\u00a0<\/p>\n<p><a href=\"https:\/\/instytutpolski.pl\/budapeszt\/wp-content\/uploads\/sites\/21\/2019\/05\/lengyel_kultura_tablok.pdf\">lengyel_kultura_tablok.pdf<\/a><\/p>\n","protected":false},"excerpt":{"rendered":"<p>A rendszerv\u00e1lt\u00e1s ut\u00e1n a lengyel kult\u00fara \u00faj kih\u00edv\u00e1sokkal n\u00e9z szembe. Az Eur\u00f3pai Uni\u00f3ba val\u00f3 bel\u00e9p\u00e9s \u00f3ta egyesek v\u00e1rakoz\u00e1ssal tekintenek a kontinensnek erre a fel\u00e9re, az ex Oriente lux rem\u00e9ny\u00e9ben innen v\u00e1rj\u00e1k az \u201eegzotikus \u00e9leter\u0151t\u201d, a friss inspir\u00e1ci\u00f3kat ad\u00f3 impulzust. Mit\u0151l k\u00fcl\u00f6nleges a m\u0171v\u00e9szet a vil\u00e1gnak ezen a r\u00e9sz\u00e9n, mivel j\u00e1rulhatnak hozz\u00e1 a lengyelek a kultur\u00e1lis [&hellip;]<\/p>\n","protected":false},"author":1,"featured_media":0,"parent":0,"menu_order":0,"comment_status":"closed","ping_status":"closed","template":"","meta":{"inline_featured_image":false,"_monsterinsights_skip_tracking":false,"_monsterinsights_sitenote_active":false,"_monsterinsights_sitenote_note":"","_monsterinsights_sitenote_category":0,"footnotes":""},"class_list":["post-438","page","type-page","status-publish","hentry"],"yoast_head":"<!-- This site is optimized with the Yoast SEO plugin v24.6 - https:\/\/yoast.com\/wordpress\/plugins\/seo\/ -->\n<title>LENGYEL KULT\u00daRA - Instytut Polski w Budapeszcie<\/title>\n<meta name=\"robots\" content=\"index, follow, max-snippet:-1, max-image-preview:large, max-video-preview:-1\" \/>\n<link rel=\"canonical\" href=\"https:\/\/instytutpolski.pl\/budapest\/lengyel-kultura\/\" \/>\n<meta property=\"og:locale\" content=\"pl_PL\" \/>\n<meta property=\"og:type\" content=\"article\" \/>\n<meta property=\"og:title\" content=\"LENGYEL KULT\u00daRA - Instytut Polski w Budapeszcie\" \/>\n<meta property=\"og:description\" content=\"A rendszerv\u00e1lt\u00e1s ut\u00e1n a lengyel kult\u00fara \u00faj kih\u00edv\u00e1sokkal n\u00e9z szembe. Az Eur\u00f3pai Uni\u00f3ba val\u00f3 bel\u00e9p\u00e9s \u00f3ta egyesek v\u00e1rakoz\u00e1ssal tekintenek a kontinensnek erre a fel\u00e9re, az ex Oriente lux rem\u00e9ny\u00e9ben innen v\u00e1rj\u00e1k az \u201eegzotikus \u00e9leter\u0151t\u201d, a friss inspir\u00e1ci\u00f3kat ad\u00f3 impulzust. Mit\u0151l k\u00fcl\u00f6nleges a m\u0171v\u00e9szet a vil\u00e1gnak ezen a r\u00e9sz\u00e9n, mivel j\u00e1rulhatnak hozz\u00e1 a lengyelek a kultur\u00e1lis [&hellip;]\" \/>\n<meta property=\"og:url\" content=\"https:\/\/instytutpolski.pl\/budapest\/lengyel-kultura\/\" \/>\n<meta property=\"og:site_name\" content=\"Instytut Polski w Budapeszcie\" \/>\n<meta property=\"article:modified_time\" content=\"2019-05-31T10:53:15+00:00\" \/>\n<meta property=\"og:image\" content=\"https:\/\/instytutpolski.pl\/budapeszt\/wp-content\/uploads\/sites\/21\/2019\/05\/hung_1_wstep-181x278.jpg\" \/>\n<meta name=\"twitter:card\" content=\"summary_large_image\" \/>\n<meta name=\"twitter:label1\" content=\"Szacowany czas czytania\" \/>\n\t<meta name=\"twitter:data1\" content=\"3 minuty\" \/>\n<script type=\"application\/ld+json\" class=\"yoast-schema-graph\">{\"@context\":\"https:\/\/schema.org\",\"@graph\":[{\"@type\":\"WebPage\",\"@id\":\"https:\/\/instytutpolski.pl\/budapest\/lengyel-kultura\/\",\"url\":\"https:\/\/instytutpolski.pl\/budapest\/lengyel-kultura\/\",\"name\":\"LENGYEL KULT\u00daRA - Instytut Polski w Budapeszcie\",\"isPartOf\":{\"@id\":\"https:\/\/instytutpolski.pl\/budapest\/#website\"},\"primaryImageOfPage\":{\"@id\":\"https:\/\/instytutpolski.pl\/budapest\/lengyel-kultura\/#primaryimage\"},\"image\":{\"@id\":\"https:\/\/instytutpolski.pl\/budapest\/lengyel-kultura\/#primaryimage\"},\"thumbnailUrl\":\"https:\/\/instytutpolski.pl\/budapeszt\/wp-content\/uploads\/sites\/21\/2019\/05\/hung_1_wstep-181x278.jpg\",\"datePublished\":\"2019-05-30T12:27:38+00:00\",\"dateModified\":\"2019-05-31T10:53:15+00:00\",\"breadcrumb\":{\"@id\":\"https:\/\/instytutpolski.pl\/budapest\/lengyel-kultura\/#breadcrumb\"},\"inLanguage\":\"pl-PL\",\"potentialAction\":[{\"@type\":\"ReadAction\",\"target\":[\"https:\/\/instytutpolski.pl\/budapest\/lengyel-kultura\/\"]}]},{\"@type\":\"ImageObject\",\"inLanguage\":\"pl-PL\",\"@id\":\"https:\/\/instytutpolski.pl\/budapest\/lengyel-kultura\/#primaryimage\",\"url\":\"https:\/\/instytutpolski.pl\/budapeszt\/wp-content\/uploads\/sites\/21\/2019\/05\/hung_1_wstep-181x278.jpg\",\"contentUrl\":\"https:\/\/instytutpolski.pl\/budapeszt\/wp-content\/uploads\/sites\/21\/2019\/05\/hung_1_wstep-181x278.jpg\"},{\"@type\":\"BreadcrumbList\",\"@id\":\"https:\/\/instytutpolski.pl\/budapest\/lengyel-kultura\/#breadcrumb\",\"itemListElement\":[{\"@type\":\"ListItem\",\"position\":1,\"name\":\"Home\",\"item\":\"https:\/\/instytutpolski.pl\/budapest\/\"},{\"@type\":\"ListItem\",\"position\":2,\"name\":\"LENGYEL KULT\u00daRA\"}]},{\"@type\":\"WebSite\",\"@id\":\"https:\/\/instytutpolski.pl\/budapest\/#website\",\"url\":\"https:\/\/instytutpolski.pl\/budapest\/\",\"name\":\"Instytut Polski w Budapeszcie\",\"description\":\"Instytuty Polskie\",\"potentialAction\":[{\"@type\":\"SearchAction\",\"target\":{\"@type\":\"EntryPoint\",\"urlTemplate\":\"https:\/\/instytutpolski.pl\/budapest\/?s={search_term_string}\"},\"query-input\":{\"@type\":\"PropertyValueSpecification\",\"valueRequired\":true,\"valueName\":\"search_term_string\"}}],\"inLanguage\":\"pl-PL\"}]}<\/script>\n<!-- \/ Yoast SEO plugin. -->","yoast_head_json":{"title":"LENGYEL KULT\u00daRA - Instytut Polski w Budapeszcie","robots":{"index":"index","follow":"follow","max-snippet":"max-snippet:-1","max-image-preview":"max-image-preview:large","max-video-preview":"max-video-preview:-1"},"canonical":"https:\/\/instytutpolski.pl\/budapest\/lengyel-kultura\/","og_locale":"pl_PL","og_type":"article","og_title":"LENGYEL KULT\u00daRA - Instytut Polski w Budapeszcie","og_description":"A rendszerv\u00e1lt\u00e1s ut\u00e1n a lengyel kult\u00fara \u00faj kih\u00edv\u00e1sokkal n\u00e9z szembe. Az Eur\u00f3pai Uni\u00f3ba val\u00f3 bel\u00e9p\u00e9s \u00f3ta egyesek v\u00e1rakoz\u00e1ssal tekintenek a kontinensnek erre a fel\u00e9re, az ex Oriente lux rem\u00e9ny\u00e9ben innen v\u00e1rj\u00e1k az \u201eegzotikus \u00e9leter\u0151t\u201d, a friss inspir\u00e1ci\u00f3kat ad\u00f3 impulzust. Mit\u0151l k\u00fcl\u00f6nleges a m\u0171v\u00e9szet a vil\u00e1gnak ezen a r\u00e9sz\u00e9n, mivel j\u00e1rulhatnak hozz\u00e1 a lengyelek a kultur\u00e1lis [&hellip;]","og_url":"https:\/\/instytutpolski.pl\/budapest\/lengyel-kultura\/","og_site_name":"Instytut Polski w Budapeszcie","article_modified_time":"2019-05-31T10:53:15+00:00","og_image":[{"url":"https:\/\/instytutpolski.pl\/budapeszt\/wp-content\/uploads\/sites\/21\/2019\/05\/hung_1_wstep-181x278.jpg","type":"","width":"","height":""}],"twitter_card":"summary_large_image","twitter_misc":{"Szacowany czas czytania":"3 minuty"},"schema":{"@context":"https:\/\/schema.org","@graph":[{"@type":"WebPage","@id":"https:\/\/instytutpolski.pl\/budapest\/lengyel-kultura\/","url":"https:\/\/instytutpolski.pl\/budapest\/lengyel-kultura\/","name":"LENGYEL KULT\u00daRA - Instytut Polski w Budapeszcie","isPartOf":{"@id":"https:\/\/instytutpolski.pl\/budapest\/#website"},"primaryImageOfPage":{"@id":"https:\/\/instytutpolski.pl\/budapest\/lengyel-kultura\/#primaryimage"},"image":{"@id":"https:\/\/instytutpolski.pl\/budapest\/lengyel-kultura\/#primaryimage"},"thumbnailUrl":"https:\/\/instytutpolski.pl\/budapeszt\/wp-content\/uploads\/sites\/21\/2019\/05\/hung_1_wstep-181x278.jpg","datePublished":"2019-05-30T12:27:38+00:00","dateModified":"2019-05-31T10:53:15+00:00","breadcrumb":{"@id":"https:\/\/instytutpolski.pl\/budapest\/lengyel-kultura\/#breadcrumb"},"inLanguage":"pl-PL","potentialAction":[{"@type":"ReadAction","target":["https:\/\/instytutpolski.pl\/budapest\/lengyel-kultura\/"]}]},{"@type":"ImageObject","inLanguage":"pl-PL","@id":"https:\/\/instytutpolski.pl\/budapest\/lengyel-kultura\/#primaryimage","url":"https:\/\/instytutpolski.pl\/budapeszt\/wp-content\/uploads\/sites\/21\/2019\/05\/hung_1_wstep-181x278.jpg","contentUrl":"https:\/\/instytutpolski.pl\/budapeszt\/wp-content\/uploads\/sites\/21\/2019\/05\/hung_1_wstep-181x278.jpg"},{"@type":"BreadcrumbList","@id":"https:\/\/instytutpolski.pl\/budapest\/lengyel-kultura\/#breadcrumb","itemListElement":[{"@type":"ListItem","position":1,"name":"Home","item":"https:\/\/instytutpolski.pl\/budapest\/"},{"@type":"ListItem","position":2,"name":"LENGYEL KULT\u00daRA"}]},{"@type":"WebSite","@id":"https:\/\/instytutpolski.pl\/budapest\/#website","url":"https:\/\/instytutpolski.pl\/budapest\/","name":"Instytut Polski w Budapeszcie","description":"Instytuty Polskie","potentialAction":[{"@type":"SearchAction","target":{"@type":"EntryPoint","urlTemplate":"https:\/\/instytutpolski.pl\/budapest\/?s={search_term_string}"},"query-input":{"@type":"PropertyValueSpecification","valueRequired":true,"valueName":"search_term_string"}}],"inLanguage":"pl-PL"}]}},"_links":{"self":[{"href":"https:\/\/instytutpolski.pl\/budapest\/wp-json\/wp\/v2\/pages\/438","targetHints":{"allow":["GET"]}}],"collection":[{"href":"https:\/\/instytutpolski.pl\/budapest\/wp-json\/wp\/v2\/pages"}],"about":[{"href":"https:\/\/instytutpolski.pl\/budapest\/wp-json\/wp\/v2\/types\/page"}],"author":[{"embeddable":true,"href":"https:\/\/instytutpolski.pl\/budapest\/wp-json\/wp\/v2\/users\/1"}],"replies":[{"embeddable":true,"href":"https:\/\/instytutpolski.pl\/budapest\/wp-json\/wp\/v2\/comments?post=438"}],"version-history":[{"count":3,"href":"https:\/\/instytutpolski.pl\/budapest\/wp-json\/wp\/v2\/pages\/438\/revisions"}],"predecessor-version":[{"id":537,"href":"https:\/\/instytutpolski.pl\/budapest\/wp-json\/wp\/v2\/pages\/438\/revisions\/537"}],"wp:attachment":[{"href":"https:\/\/instytutpolski.pl\/budapest\/wp-json\/wp\/v2\/media?parent=438"}],"curies":[{"name":"wp","href":"https:\/\/api.w.org\/{rel}","templated":true}]}}