{"id":8043,"date":"2020-05-21T10:18:24","date_gmt":"2020-05-21T08:18:24","guid":{"rendered":"https:\/\/instytutpolski.pl\/budapest\/?page_id=8043"},"modified":"2020-05-31T14:39:07","modified_gmt":"2020-05-31T12:39:07","slug":"tanulmanyi-osztondijak-2","status":"publish","type":"page","link":"https:\/\/instytutpolski.pl\/budapest\/fedezd-fel-lengyelorszagot\/osztondijak-lengyelorszagban\/tanulmanyi-osztondijak-2\/","title":{"rendered":"Tanulm\u00e1nyi \u00f6szt\u00f6nd\u00edjak"},"content":{"rendered":"\n<p><strong>Kutat\u00f3k \u00e9s doktoranduszok sz\u00e1m\u00e1ra el\u00e9rhet\u0151 \u00f6szt\u00f6nd\u00edjak:<\/strong><\/p>\n\n\n\n<ul class=\"wp-block-list\"><li><strong>Poland My First Choice Program <\/strong>\u2013 m\u00e1sodfok\u00fa tanulm\u00e1nyok ir\u00e1nt \u00e9rdekl\u0151d\u0151 hallgat\u00f3k sz\u00e1m\u00e1ra, akik magiszteri k\u00e9pz\u00e9s\u00fcket lengyel fels\u0151oktat\u00e1si int\u00e9zm\u00e9nyben szeretn\u00e9k elv\u00e9gezni. <strong><em>B\u0151vebb inform\u00e1ci\u00f3, valamint a programban r\u00e9sztvev\u0151 orsz\u00e1gok list\u00e1ja: <\/em><\/strong>https:\/\/www.nawa.gov.pl\/studenci\/studenci-zagraniczni\/program-poland-my-first-choice<\/li><\/ul>\n\n\n\n<ul class=\"wp-block-list\"><li><strong>Polskie Powroty (Lengyel Visszat\u00e9r\u00e9s)<\/strong> &#8211;\u00a0 program a haz\u00e1jukba visszat\u00e9rni v\u00e1gy\u00f3, kimagasl\u00f3 teljes\u00edtm\u00e9ny\u0171 lengyel kutat\u00f3k sz\u00e1m\u00e1ra, akik k\u00fclf\u00f6ldi kutat\u00f3int\u00e9zetekben dolgoznak, de az ott megszerzett tud\u00e1st \u00e9s tapasztalatot Lengyelorsz\u00e1gban szeretn\u00e9k kamatoztatni, saj\u00e1t kutat\u00f3csoport l\u00e9trehoz\u00e1s\u00e1val vagy m\u00e1r megl\u00e9v\u0151 lengyel kutat\u00f3k csoportj\u00e1hoz csatlakozva. \u00a0<\/li><\/ul>\n\n\n\n<p><strong><em>B\u0151vebben a programr\u00f3l<\/em>:<\/strong> <a href=\"https:\/\/nawa.gov.pl\/naukowcy\/polskie-powroty\">https:\/\/nawa.gov.pl\/naukowcy\/polskie-powroty<\/a><\/p>\n\n\n\n<figure class=\"wp-block-image size-large\"><img loading=\"lazy\" decoding=\"async\" width=\"799\" height=\"533\" src=\"https:\/\/instytutpolski.pl\/budapest\/wp-content\/uploads\/sites\/21\/2020\/05\/13598688935_685e9cce10_c.jpg\" alt=\"\" class=\"wp-image-8286\" srcset=\"https:\/\/instytutpolski.pl\/budapest\/wp-content\/uploads\/sites\/21\/2020\/05\/13598688935_685e9cce10_c.jpg 799w, https:\/\/instytutpolski.pl\/budapest\/wp-content\/uploads\/sites\/21\/2020\/05\/13598688935_685e9cce10_c-300x200.jpg 300w, https:\/\/instytutpolski.pl\/budapest\/wp-content\/uploads\/sites\/21\/2020\/05\/13598688935_685e9cce10_c-768x512.jpg 768w\" sizes=\"auto, (max-width: 799px) 100vw, 799px\" \/><figcaption>Fot\u00f3: Mariusz Cieszewski<\/figcaption><\/figure>\n\n\n\n<ul class=\"wp-block-list\"><li><strong>Ulam Program<\/strong> \u2013 az \u00f6szt\u00f6nd\u00edj lehet\u0151s\u00e9get ny\u00fajt: kutat\u00f3munka folytat\u00e1s\u00e1hoz, lengyel kutat\u00f3kkal vagy kutat\u00f3csoportokkal egy\u00fcttm\u0171k\u00f6dve; posztdoktori gyakorlat elv\u00e9gz\u00e9s\u00e9re; tudom\u00e1nyos kutat\u00e1sokhoz vagy publik\u00e1ci\u00f3khoz sz\u00fcks\u00e9ges anyaggy\u0171jt\u00e9sre; &nbsp;oktat\u00f3i tev\u00e9kenys\u00e9g folytat\u00e1s\u00e1ra. <strong><em>B\u0151vebb inform\u00e1ci\u00f3 a programr\u00f3l<\/em>: <\/strong><a href=\"https:\/\/nawa.gov.pl\/naukowcy\/program-im-ulama\">https:\/\/nawa.gov.pl\/naukowcy\/program-im-ulama<\/a><\/li><\/ul>\n\n\n\n<ul class=\"wp-block-list\"><li><strong>W\u0142. Anders \u00d6szt\u00f6nd\u00edjprogram a hat\u00e1ron t\u00fali lengyelek sz\u00e1m\u00e1ra<\/strong> \u2013\u00f6szt\u00f6nd\u00edj fiatal, lengyel sz\u00e1rmaz\u00e1s\u00fa hallgat\u00f3knak, akik az al\u00e1bbi orsz\u00e1gok \u00e1llampolg\u00e1rai: Alb\u00e1nia, \u00d6rm\u00e9nyorsz\u00e1g, Azerbajdzs\u00e1n, Feh\u00e9roroszorsz\u00e1g, Bulg\u00e1ria, Csehorsz\u00e1g, Horv\u00e1torsz\u00e1g, \u00c9sztorsz\u00e1g, Gr\u00fazia, Kazahszt\u00e1n, Kirgiziszt\u00e1n, Litv\u00e1nia, Lettorsz\u00e1g, Maced\u00f3nia, Mold\u00e1via, Oroszorsz\u00e1g, Rom\u00e1nia, Szerbia, Szlov\u00e1kia, T\u00e1dzsikiszt\u00e1n, T\u00fcrkmeniszt\u00e1n, Ukrajna, USA, \u00dczbegiszt\u00e1n, Magyarorsz\u00e1g, valamint D\u00e9l-Amerika, K\u00f6z\u00e9p-Amerika \u00e9s Afrika orsz\u00e1gai. \u00a0\u00a0<\/li><\/ul>\n\n\n\n<p><\/p>\n\n\n\n<figure class=\"wp-block-image size-large\"><img loading=\"lazy\" decoding=\"async\" width=\"799\" height=\"533\" src=\"https:\/\/instytutpolski.pl\/budapest\/wp-content\/uploads\/sites\/21\/2020\/05\/13598759413_fc2f67e52e_c.jpg\" alt=\"\" class=\"wp-image-8288\" srcset=\"https:\/\/instytutpolski.pl\/budapest\/wp-content\/uploads\/sites\/21\/2020\/05\/13598759413_fc2f67e52e_c.jpg 799w, https:\/\/instytutpolski.pl\/budapest\/wp-content\/uploads\/sites\/21\/2020\/05\/13598759413_fc2f67e52e_c-300x200.jpg 300w, https:\/\/instytutpolski.pl\/budapest\/wp-content\/uploads\/sites\/21\/2020\/05\/13598759413_fc2f67e52e_c-768x512.jpg 768w\" sizes=\"auto, (max-width: 799px) 100vw, 799px\" \/><figcaption>Fot\u00f3: Mariusz Cieszewski<\/figcaption><\/figure>\n\n\n\n<ul class=\"wp-block-list\"><li><strong>Stefan Banach \u00d6szt\u00f6nd\u00edjprogram \u2013 <\/strong>a lengyel K\u00fcl\u00fcgyminiszt\u00e9rium \u00e9s a Nemzeti Di\u00e1kcsere \u00dcgyn\u00f6ks\u00e9g kezdem\u00e9nyez\u00e9s\u00e9re j\u00f6tt l\u00e9tre.<strong> <\/strong>A program a Keleti Partners\u00e9g, K\u00f6z\u00e9p-\u00c1zsia \u00e9s a Nyugat-Balk\u00e1n orsz\u00e1gainak \u00e1llampolg\u00e1rai sz\u00e1m\u00e1ra \u00e9rhet\u0151 el, azzal a c\u00e9llal, hogy az \u00e1llampolg\u00e1rok tud\u00e1s-\u00e9s k\u00e9pzetts\u00e9gi szintje kedvez\u0151en befoly\u00e1solja az adott orsz\u00e1gok t\u00e1rsadalmi-gazdas\u00e1gi fejl\u0151d\u00e9s\u00e9t. <strong>B\u0151vebben a programr\u00f3l: <\/strong><a href=\"https:\/\/www.nawa.gov.pl\/studenci\/studenci-zagraniczni\/program-stypendialny-im-stefana-banacha\">https:\/\/www.nawa.gov.pl\/studenci\/studenci-zagraniczni\/program-stypendialny-im-stefana-banacha<\/a><\/li><\/ul>\n\n\n\n<ul class=\"wp-block-list\"><li><strong>Ignacy \u0141ukasiewicz \u00d6szt\u00f6nd\u00edjprogram \u2013 <\/strong>a lengyel K\u00fcl\u00fcgyminiszt\u00e9rium \u00e9s a NAWA kezdem\u00e9nyez\u00e9s\u00e9re l\u00e9trej\u00f6tt, a fejl\u0151d\u00e9st seg\u00edt\u0151 lengyel program keretein bel\u00fcl j\u00f6tt l\u00e9tre. A Stefan Banach \u00d6szt\u00f6nd\u00edjprogramhoz<strong> <\/strong>hasonl\u00f3an a fejl\u0151d\u0151 orsz\u00e1gok (kiv\u00e9ve Eur\u00f3pa \u00e9s K\u00f6z\u00e9p-\u00c1zsia orsz\u00e1gai) t\u00e1rsadalmi \u00e9s gazdas\u00e1gi fejl\u0151d\u00e9s\u00e9t c\u00e9lzott t\u00e1mogatni. Az al\u00e1bbi orsz\u00e1gok jelentkez\u0151i \u00e9lveznek els\u0151bbs\u00e9get: <strong>Angola, Eti\u00f3pia, F\u00fcl\u00f6p-szigetek, India, Indon\u00e9zia, Kenya, Kolumbia, Libanon, Mexik\u00f3, Mianmar, Nig\u00e9ria, Palesztina, Peru, D\u00e9l-Afrikai K\u00f6zt\u00e1rsas\u00e1g, Szeneg\u00e1l, Tanz\u00e1nia, Uganda, Vietn\u00e1m.<\/strong><\/li><\/ul>\n\n\n\n<p><strong><em>B\u0151vebben a programr\u00f3l<\/em><\/strong><strong>: <\/strong><a href=\"https:\/\/www.nawa.gov.pl\/studenci\/studenci-zagraniczni\/program-stypendialny-im-ignacego-lukasiewicza\">https:\/\/www.nawa.gov.pl\/studenci\/studenci-zagraniczni\/program-stypendialny-im-ignacego-lukasiewicza<\/a><\/p>\n\n\n\n<figure class=\"wp-block-image size-large\"><img loading=\"lazy\" decoding=\"async\" width=\"799\" height=\"533\" src=\"https:\/\/instytutpolski.pl\/budapest\/wp-content\/uploads\/sites\/21\/2020\/05\/13598763583_3b4385c82a_c.jpg\" alt=\"\" class=\"wp-image-8290\" srcset=\"https:\/\/instytutpolski.pl\/budapest\/wp-content\/uploads\/sites\/21\/2020\/05\/13598763583_3b4385c82a_c.jpg 799w, https:\/\/instytutpolski.pl\/budapest\/wp-content\/uploads\/sites\/21\/2020\/05\/13598763583_3b4385c82a_c-300x200.jpg 300w, https:\/\/instytutpolski.pl\/budapest\/wp-content\/uploads\/sites\/21\/2020\/05\/13598763583_3b4385c82a_c-768x512.jpg 768w\" sizes=\"auto, (max-width: 799px) 100vw, 799px\" \/><figcaption>Fot\u00f3: Mariusz Cieszewski<\/figcaption><\/figure>\n\n\n\n<p><strong>A NAWA programjair\u00f3l b\u0151vebben<\/strong>: <a href=\"https:\/\/www.nawa.gov.pl\/programy-nawa\/programy-nawa-alias\/trwajace\">https:\/\/www.nawa.gov.pl\/programy-nawa\/programy-nawa-alias\/trwajace<\/a><\/p>\n","protected":false},"excerpt":{"rendered":"<p>Kutat\u00f3k \u00e9s doktoranduszok sz\u00e1m\u00e1ra el\u00e9rhet\u0151 \u00f6szt\u00f6nd\u00edjak: Poland My First Choice Program \u2013 m\u00e1sodfok\u00fa tanulm\u00e1nyok ir\u00e1nt \u00e9rdekl\u0151d\u0151 hallgat\u00f3k sz\u00e1m\u00e1ra, akik magiszteri k\u00e9pz\u00e9s\u00fcket lengyel fels\u0151oktat\u00e1si int\u00e9zm\u00e9nyben szeretn\u00e9k elv\u00e9gezni. B\u0151vebb inform\u00e1ci\u00f3, valamint a programban r\u00e9sztvev\u0151 orsz\u00e1gok list\u00e1ja: https:\/\/www.nawa.gov.pl\/studenci\/studenci-zagraniczni\/program-poland-my-first-choice Polskie Powroty (Lengyel Visszat\u00e9r\u00e9s) &#8211;\u00a0 program a haz\u00e1jukba visszat\u00e9rni v\u00e1gy\u00f3, kimagasl\u00f3 teljes\u00edtm\u00e9ny\u0171 lengyel kutat\u00f3k sz\u00e1m\u00e1ra, akik k\u00fclf\u00f6ldi kutat\u00f3int\u00e9zetekben dolgoznak, de [&hellip;]<\/p>\n","protected":false},"author":66,"featured_media":8297,"parent":1165,"menu_order":1,"comment_status":"closed","ping_status":"closed","template":"","meta":{"inline_featured_image":false,"_monsterinsights_skip_tracking":false,"_monsterinsights_sitenote_active":false,"_monsterinsights_sitenote_note":"","_monsterinsights_sitenote_category":0,"footnotes":""},"class_list":["post-8043","page","type-page","status-publish","has-post-thumbnail","hentry"],"yoast_head":"<!-- This site is optimized with the Yoast SEO plugin v24.6 - https:\/\/yoast.com\/wordpress\/plugins\/seo\/ -->\n<title>Tanulm\u00e1nyi \u00f6szt\u00f6nd\u00edjak - Instytut Polski w Budapeszcie<\/title>\n<meta name=\"robots\" content=\"index, follow, max-snippet:-1, max-image-preview:large, max-video-preview:-1\" \/>\n<link rel=\"canonical\" href=\"https:\/\/instytutpolski.pl\/budapest\/fedezd-fel-lengyelorszagot\/osztondijak-lengyelorszagban\/tanulmanyi-osztondijak-2\/\" \/>\n<meta property=\"og:locale\" content=\"pl_PL\" \/>\n<meta property=\"og:type\" content=\"article\" \/>\n<meta property=\"og:title\" content=\"Tanulm\u00e1nyi \u00f6szt\u00f6nd\u00edjak - Instytut Polski w Budapeszcie\" \/>\n<meta property=\"og:description\" content=\"Kutat\u00f3k \u00e9s doktoranduszok sz\u00e1m\u00e1ra el\u00e9rhet\u0151 \u00f6szt\u00f6nd\u00edjak: Poland My First Choice Program \u2013 m\u00e1sodfok\u00fa tanulm\u00e1nyok ir\u00e1nt \u00e9rdekl\u0151d\u0151 hallgat\u00f3k sz\u00e1m\u00e1ra, akik magiszteri k\u00e9pz\u00e9s\u00fcket lengyel fels\u0151oktat\u00e1si int\u00e9zm\u00e9nyben szeretn\u00e9k elv\u00e9gezni. B\u0151vebb inform\u00e1ci\u00f3, valamint a programban r\u00e9sztvev\u0151 orsz\u00e1gok list\u00e1ja: https:\/\/www.nawa.gov.pl\/studenci\/studenci-zagraniczni\/program-poland-my-first-choice Polskie Powroty (Lengyel Visszat\u00e9r\u00e9s) &#8211;\u00a0 program a haz\u00e1jukba visszat\u00e9rni v\u00e1gy\u00f3, kimagasl\u00f3 teljes\u00edtm\u00e9ny\u0171 lengyel kutat\u00f3k sz\u00e1m\u00e1ra, akik k\u00fclf\u00f6ldi kutat\u00f3int\u00e9zetekben dolgoznak, de [&hellip;]\" \/>\n<meta property=\"og:url\" content=\"https:\/\/instytutpolski.pl\/budapest\/fedezd-fel-lengyelorszagot\/osztondijak-lengyelorszagban\/tanulmanyi-osztondijak-2\/\" \/>\n<meta property=\"og:site_name\" content=\"Instytut Polski w Budapeszcie\" \/>\n<meta property=\"article:modified_time\" content=\"2020-05-31T12:39:07+00:00\" \/>\n<meta property=\"og:image\" content=\"https:\/\/instytutpolski.pl\/budapest\/wp-content\/uploads\/sites\/21\/2020\/05\/13599135464_da0d0e94bd_c.jpg\" \/>\n\t<meta property=\"og:image:width\" content=\"799\" \/>\n\t<meta property=\"og:image:height\" content=\"533\" \/>\n\t<meta property=\"og:image:type\" content=\"image\/jpeg\" \/>\n<meta name=\"twitter:card\" content=\"summary_large_image\" \/>\n<meta name=\"twitter:label1\" content=\"Szacowany czas czytania\" \/>\n\t<meta name=\"twitter:data1\" content=\"3 minuty\" \/>\n<script type=\"application\/ld+json\" class=\"yoast-schema-graph\">{\"@context\":\"https:\/\/schema.org\",\"@graph\":[{\"@type\":\"WebPage\",\"@id\":\"https:\/\/instytutpolski.pl\/budapest\/fedezd-fel-lengyelorszagot\/osztondijak-lengyelorszagban\/tanulmanyi-osztondijak-2\/\",\"url\":\"https:\/\/instytutpolski.pl\/budapest\/fedezd-fel-lengyelorszagot\/osztondijak-lengyelorszagban\/tanulmanyi-osztondijak-2\/\",\"name\":\"Tanulm\u00e1nyi \u00f6szt\u00f6nd\u00edjak - Instytut Polski w Budapeszcie\",\"isPartOf\":{\"@id\":\"https:\/\/instytutpolski.pl\/budapest\/#website\"},\"primaryImageOfPage\":{\"@id\":\"https:\/\/instytutpolski.pl\/budapest\/fedezd-fel-lengyelorszagot\/osztondijak-lengyelorszagban\/tanulmanyi-osztondijak-2\/#primaryimage\"},\"image\":{\"@id\":\"https:\/\/instytutpolski.pl\/budapest\/fedezd-fel-lengyelorszagot\/osztondijak-lengyelorszagban\/tanulmanyi-osztondijak-2\/#primaryimage\"},\"thumbnailUrl\":\"https:\/\/instytutpolski.pl\/budapest\/wp-content\/uploads\/sites\/21\/2020\/05\/13599135464_da0d0e94bd_c.jpg\",\"datePublished\":\"2020-05-21T08:18:24+00:00\",\"dateModified\":\"2020-05-31T12:39:07+00:00\",\"breadcrumb\":{\"@id\":\"https:\/\/instytutpolski.pl\/budapest\/fedezd-fel-lengyelorszagot\/osztondijak-lengyelorszagban\/tanulmanyi-osztondijak-2\/#breadcrumb\"},\"inLanguage\":\"pl-PL\",\"potentialAction\":[{\"@type\":\"ReadAction\",\"target\":[\"https:\/\/instytutpolski.pl\/budapest\/fedezd-fel-lengyelorszagot\/osztondijak-lengyelorszagban\/tanulmanyi-osztondijak-2\/\"]}]},{\"@type\":\"ImageObject\",\"inLanguage\":\"pl-PL\",\"@id\":\"https:\/\/instytutpolski.pl\/budapest\/fedezd-fel-lengyelorszagot\/osztondijak-lengyelorszagban\/tanulmanyi-osztondijak-2\/#primaryimage\",\"url\":\"https:\/\/instytutpolski.pl\/budapest\/wp-content\/uploads\/sites\/21\/2020\/05\/13599135464_da0d0e94bd_c.jpg\",\"contentUrl\":\"https:\/\/instytutpolski.pl\/budapest\/wp-content\/uploads\/sites\/21\/2020\/05\/13599135464_da0d0e94bd_c.jpg\",\"width\":799,\"height\":533},{\"@type\":\"BreadcrumbList\",\"@id\":\"https:\/\/instytutpolski.pl\/budapest\/fedezd-fel-lengyelorszagot\/osztondijak-lengyelorszagban\/tanulmanyi-osztondijak-2\/#breadcrumb\",\"itemListElement\":[{\"@type\":\"ListItem\",\"position\":1,\"name\":\"Home\",\"item\":\"https:\/\/instytutpolski.pl\/budapest\/\"},{\"@type\":\"ListItem\",\"position\":2,\"name\":\"Fedezd fel Lengyelorsz\u00e1got!\",\"item\":\"https:\/\/instytutpolski.pl\/budapest\/pl\/fedezd-fel-lengyelorszagot\/\"},{\"@type\":\"ListItem\",\"position\":3,\"name\":\"\u00d6szt\u00f6nd\u00edjak Lengyelorsz\u00e1gban\",\"item\":\"https:\/\/instytutpolski.pl\/budapest\/fedezd-fel-lengyelorszagot\/osztondijak-lengyelorszagban\/\"},{\"@type\":\"ListItem\",\"position\":4,\"name\":\"Tanulm\u00e1nyi \u00f6szt\u00f6nd\u00edjak\"}]},{\"@type\":\"WebSite\",\"@id\":\"https:\/\/instytutpolski.pl\/budapest\/#website\",\"url\":\"https:\/\/instytutpolski.pl\/budapest\/\",\"name\":\"Instytut Polski w Budapeszcie\",\"description\":\"Instytuty Polskie\",\"potentialAction\":[{\"@type\":\"SearchAction\",\"target\":{\"@type\":\"EntryPoint\",\"urlTemplate\":\"https:\/\/instytutpolski.pl\/budapest\/?s={search_term_string}\"},\"query-input\":{\"@type\":\"PropertyValueSpecification\",\"valueRequired\":true,\"valueName\":\"search_term_string\"}}],\"inLanguage\":\"pl-PL\"}]}<\/script>\n<!-- \/ Yoast SEO plugin. -->","yoast_head_json":{"title":"Tanulm\u00e1nyi \u00f6szt\u00f6nd\u00edjak - Instytut Polski w Budapeszcie","robots":{"index":"index","follow":"follow","max-snippet":"max-snippet:-1","max-image-preview":"max-image-preview:large","max-video-preview":"max-video-preview:-1"},"canonical":"https:\/\/instytutpolski.pl\/budapest\/fedezd-fel-lengyelorszagot\/osztondijak-lengyelorszagban\/tanulmanyi-osztondijak-2\/","og_locale":"pl_PL","og_type":"article","og_title":"Tanulm\u00e1nyi \u00f6szt\u00f6nd\u00edjak - Instytut Polski w Budapeszcie","og_description":"Kutat\u00f3k \u00e9s doktoranduszok sz\u00e1m\u00e1ra el\u00e9rhet\u0151 \u00f6szt\u00f6nd\u00edjak: Poland My First Choice Program \u2013 m\u00e1sodfok\u00fa tanulm\u00e1nyok ir\u00e1nt \u00e9rdekl\u0151d\u0151 hallgat\u00f3k sz\u00e1m\u00e1ra, akik magiszteri k\u00e9pz\u00e9s\u00fcket lengyel fels\u0151oktat\u00e1si int\u00e9zm\u00e9nyben szeretn\u00e9k elv\u00e9gezni. B\u0151vebb inform\u00e1ci\u00f3, valamint a programban r\u00e9sztvev\u0151 orsz\u00e1gok list\u00e1ja: https:\/\/www.nawa.gov.pl\/studenci\/studenci-zagraniczni\/program-poland-my-first-choice Polskie Powroty (Lengyel Visszat\u00e9r\u00e9s) &#8211;\u00a0 program a haz\u00e1jukba visszat\u00e9rni v\u00e1gy\u00f3, kimagasl\u00f3 teljes\u00edtm\u00e9ny\u0171 lengyel kutat\u00f3k sz\u00e1m\u00e1ra, akik k\u00fclf\u00f6ldi kutat\u00f3int\u00e9zetekben dolgoznak, de [&hellip;]","og_url":"https:\/\/instytutpolski.pl\/budapest\/fedezd-fel-lengyelorszagot\/osztondijak-lengyelorszagban\/tanulmanyi-osztondijak-2\/","og_site_name":"Instytut Polski w Budapeszcie","article_modified_time":"2020-05-31T12:39:07+00:00","og_image":[{"width":799,"height":533,"url":"https:\/\/instytutpolski.pl\/budapest\/wp-content\/uploads\/sites\/21\/2020\/05\/13599135464_da0d0e94bd_c.jpg","type":"image\/jpeg"}],"twitter_card":"summary_large_image","twitter_misc":{"Szacowany czas czytania":"3 minuty"},"schema":{"@context":"https:\/\/schema.org","@graph":[{"@type":"WebPage","@id":"https:\/\/instytutpolski.pl\/budapest\/fedezd-fel-lengyelorszagot\/osztondijak-lengyelorszagban\/tanulmanyi-osztondijak-2\/","url":"https:\/\/instytutpolski.pl\/budapest\/fedezd-fel-lengyelorszagot\/osztondijak-lengyelorszagban\/tanulmanyi-osztondijak-2\/","name":"Tanulm\u00e1nyi \u00f6szt\u00f6nd\u00edjak - Instytut Polski w Budapeszcie","isPartOf":{"@id":"https:\/\/instytutpolski.pl\/budapest\/#website"},"primaryImageOfPage":{"@id":"https:\/\/instytutpolski.pl\/budapest\/fedezd-fel-lengyelorszagot\/osztondijak-lengyelorszagban\/tanulmanyi-osztondijak-2\/#primaryimage"},"image":{"@id":"https:\/\/instytutpolski.pl\/budapest\/fedezd-fel-lengyelorszagot\/osztondijak-lengyelorszagban\/tanulmanyi-osztondijak-2\/#primaryimage"},"thumbnailUrl":"https:\/\/instytutpolski.pl\/budapest\/wp-content\/uploads\/sites\/21\/2020\/05\/13599135464_da0d0e94bd_c.jpg","datePublished":"2020-05-21T08:18:24+00:00","dateModified":"2020-05-31T12:39:07+00:00","breadcrumb":{"@id":"https:\/\/instytutpolski.pl\/budapest\/fedezd-fel-lengyelorszagot\/osztondijak-lengyelorszagban\/tanulmanyi-osztondijak-2\/#breadcrumb"},"inLanguage":"pl-PL","potentialAction":[{"@type":"ReadAction","target":["https:\/\/instytutpolski.pl\/budapest\/fedezd-fel-lengyelorszagot\/osztondijak-lengyelorszagban\/tanulmanyi-osztondijak-2\/"]}]},{"@type":"ImageObject","inLanguage":"pl-PL","@id":"https:\/\/instytutpolski.pl\/budapest\/fedezd-fel-lengyelorszagot\/osztondijak-lengyelorszagban\/tanulmanyi-osztondijak-2\/#primaryimage","url":"https:\/\/instytutpolski.pl\/budapest\/wp-content\/uploads\/sites\/21\/2020\/05\/13599135464_da0d0e94bd_c.jpg","contentUrl":"https:\/\/instytutpolski.pl\/budapest\/wp-content\/uploads\/sites\/21\/2020\/05\/13599135464_da0d0e94bd_c.jpg","width":799,"height":533},{"@type":"BreadcrumbList","@id":"https:\/\/instytutpolski.pl\/budapest\/fedezd-fel-lengyelorszagot\/osztondijak-lengyelorszagban\/tanulmanyi-osztondijak-2\/#breadcrumb","itemListElement":[{"@type":"ListItem","position":1,"name":"Home","item":"https:\/\/instytutpolski.pl\/budapest\/"},{"@type":"ListItem","position":2,"name":"Fedezd fel Lengyelorsz\u00e1got!","item":"https:\/\/instytutpolski.pl\/budapest\/pl\/fedezd-fel-lengyelorszagot\/"},{"@type":"ListItem","position":3,"name":"\u00d6szt\u00f6nd\u00edjak Lengyelorsz\u00e1gban","item":"https:\/\/instytutpolski.pl\/budapest\/fedezd-fel-lengyelorszagot\/osztondijak-lengyelorszagban\/"},{"@type":"ListItem","position":4,"name":"Tanulm\u00e1nyi \u00f6szt\u00f6nd\u00edjak"}]},{"@type":"WebSite","@id":"https:\/\/instytutpolski.pl\/budapest\/#website","url":"https:\/\/instytutpolski.pl\/budapest\/","name":"Instytut Polski w Budapeszcie","description":"Instytuty Polskie","potentialAction":[{"@type":"SearchAction","target":{"@type":"EntryPoint","urlTemplate":"https:\/\/instytutpolski.pl\/budapest\/?s={search_term_string}"},"query-input":{"@type":"PropertyValueSpecification","valueRequired":true,"valueName":"search_term_string"}}],"inLanguage":"pl-PL"}]}},"_links":{"self":[{"href":"https:\/\/instytutpolski.pl\/budapest\/wp-json\/wp\/v2\/pages\/8043","targetHints":{"allow":["GET"]}}],"collection":[{"href":"https:\/\/instytutpolski.pl\/budapest\/wp-json\/wp\/v2\/pages"}],"about":[{"href":"https:\/\/instytutpolski.pl\/budapest\/wp-json\/wp\/v2\/types\/page"}],"author":[{"embeddable":true,"href":"https:\/\/instytutpolski.pl\/budapest\/wp-json\/wp\/v2\/users\/66"}],"replies":[{"embeddable":true,"href":"https:\/\/instytutpolski.pl\/budapest\/wp-json\/wp\/v2\/comments?post=8043"}],"version-history":[{"count":12,"href":"https:\/\/instytutpolski.pl\/budapest\/wp-json\/wp\/v2\/pages\/8043\/revisions"}],"predecessor-version":[{"id":8833,"href":"https:\/\/instytutpolski.pl\/budapest\/wp-json\/wp\/v2\/pages\/8043\/revisions\/8833"}],"up":[{"embeddable":true,"href":"https:\/\/instytutpolski.pl\/budapest\/wp-json\/wp\/v2\/pages\/1165"}],"wp:featuredmedia":[{"embeddable":true,"href":"https:\/\/instytutpolski.pl\/budapest\/wp-json\/wp\/v2\/media\/8297"}],"wp:attachment":[{"href":"https:\/\/instytutpolski.pl\/budapest\/wp-json\/wp\/v2\/media?parent=8043"}],"curies":[{"name":"wp","href":"https:\/\/api.w.org\/{rel}","templated":true}]}}