{"id":847,"date":"2019-06-04T23:18:54","date_gmt":"2019-06-04T21:18:54","guid":{"rendered":"https:\/\/instytutpolski.pl\/budapeszt\/?page_id=847"},"modified":"2019-06-04T23:18:54","modified_gmt":"2019-06-04T21:18:54","slug":"polskie-filmy-na-wegrzech","status":"publish","type":"page","link":"https:\/\/instytutpolski.pl\/budapest\/pl\/polskie-filmy-na-wegrzech\/","title":{"rendered":"Polskie filmy na W\u0119grzech"},"content":{"rendered":"\n<h3 class=\"r\"><a href=\"http:\/\/ww.audiowizualni.pl\/index.php\/aktualnosci\/3710-polskie-filmy-na-wegrzech\" target=\"_blank\" rel=\"noopener noreferrer\">POLSKIE FILMY NA W\u0118GRZECH<\/a><\/h3>\n<ul>\n<li>\n<h5><strong>2013<\/strong><\/h5>\n<\/li>\n<\/ul>\n<p><a href=\"https:\/\/instytutpolski.pl\/budapeszt\/wp-content\/uploads\/sites\/21\/2019\/06\/varos_alatt-200x286.jpg\"><img loading=\"lazy\" decoding=\"async\" class=\"size-full wp-image-848 alignnone\" src=\"https:\/\/instytutpolski.pl\/budapeszt\/wp-content\/uploads\/sites\/21\/2019\/06\/varos_alatt-200x286.jpg\" alt=\"\" width=\"200\" height=\"286\" \/><\/a><\/p>\n<ul>\n<li>Ap\u00e1m biciklije \/\u00a0<strong>M\u00f3j rower<\/strong>, 2012, re\u017cyseria: Piotr Trzaskalski &#8211; 19. Polska Wiosna Filmowa, Budapeszt\u00a0<a href=\"http:\/\/www.filmweb.pl\/film\/M%C3%B3j+rower-2012-630833\" target=\"_blank\" rel=\"noopener noreferrer\">filmweb<\/a><\/li>\n<li>Hajt\u00f3vad\u00e1szat \/\u00a0<strong>Ob\u0142awa<\/strong>, 2012, re\u017cyseria: Marcin Krzysztalowicz &#8211; 19. Polska Wiosna Filmowa, Budapeszt\u00a0<a href=\"http:\/\/www.filmweb.pl\/film\/Ob%C5%82awa-2012-639947\" target=\"_blank\" rel=\"noopener noreferrer\">filmweb<\/a><\/li>\n<li><strong>Imagine<\/strong>, 2012, re\u017cyseria: Andrzej Jakimowski &#8211;\u00a019. Polska Wiosna Filmowa, Budapeszt\u00a0<a href=\"http:\/\/www.filmweb.pl\/film\/Imagine-2012-607122\" target=\"_blank\" rel=\"noopener noreferrer\">filmweb<\/a><\/li>\n<li>L\u00e9gy focista mindhal\u00e1lig \/\u00a0<strong>By\u0107 jak Kazimierz Deyna<\/strong>, 2012, re\u017cyseria: Anna Wieczur-Bluszcz &#8211; 19. Polska Wiosna Filmowa, Budapeszt\u00a0<a href=\"http:\/\/www.filmweb.pl\/film\/By%C4%87+jak+Kazimierz+Deyna-2012-597971\" target=\"_blank\" rel=\"noopener noreferrer\">filmweb<\/a><\/li>\n<li>N\u0151nap \/\u00a0<strong>Dzie\u0144 kobiet<\/strong>, 2012, re\u017cyseria: Maria Sadowska &#8211; 19. Polska Wiosna Filmowa, Budapeszt\u00a0<a href=\"http:\/\/www.filmweb.pl\/film\/Dzie%C5%84+kobiet-2012-603978\" target=\"_blank\" rel=\"noopener noreferrer\">filmweb<\/a><\/li>\n<li>\u00d6ld meg a h\u00f3dot \/\u00a0<strong>Zabi\u0107 bobra<\/strong>, 2012, re\u017cyseria: Jan Jakub Kolski &#8211; 19. Polska Wiosna Filmowa, Budapeszt\u00a0<a href=\"http:\/\/www.filmweb.pl\/film\/Zabi%C4%87+bobra-2012-625412\" target=\"_blank\" rel=\"noopener noreferrer\">filmweb<\/a><\/li>\n<li>Az \u00f6t\u00f6dik \u00e9vszak \/\u00a0<strong>Pi\u0105ta pora roku<\/strong>, 2012, re\u017cyseria: Jerzy Domaradzki &#8211;\u00a019. Polska Wiosna Filmowa, Budapeszt\u00a0<a href=\"http:\/\/www.filmweb.pl\/film\/Pi%C4%85ta+pora+roku-2012-628248\" target=\"_blank\" rel=\"noopener noreferrer\">filmweb<\/a><\/li>\n<li>A v\u00e1ros alatt \/\u00a0<strong>In Darkness<\/strong>, 2011, re\u017cyseria: Agnieszka Holland &#8211; dystrybucja:\u00a0<a href=\"http:\/\/vertigomedia.hu\/\" target=\"_blank\" rel=\"noopener noreferrer\">Vertigo M\u00e9dia Kft.<\/a>\u00a0<a href=\"http:\/\/www.filmweb.pl\/film\/W+ciemno%C5%9Bci-2011-525620\" target=\"_blank\" rel=\"noopener noreferrer\">filmweb<\/a><\/li>\n<\/ul>\n<p>\u00a0<\/p>\n","protected":false},"excerpt":{"rendered":"<p>POLSKIE FILMY NA W\u0118GRZECH 2013 Ap\u00e1m biciklije \/\u00a0M\u00f3j rower, 2012, re\u017cyseria: Piotr Trzaskalski &#8211; 19. Polska Wiosna Filmowa, Budapeszt\u00a0filmweb Hajt\u00f3vad\u00e1szat \/\u00a0Ob\u0142awa, 2012, re\u017cyseria: Marcin Krzysztalowicz &#8211; 19. Polska Wiosna Filmowa, Budapeszt\u00a0filmweb Imagine, 2012, re\u017cyseria: Andrzej Jakimowski &#8211;\u00a019. Polska Wiosna Filmowa, Budapeszt\u00a0filmweb L\u00e9gy focista mindhal\u00e1lig \/\u00a0By\u0107 jak Kazimierz Deyna, 2012, re\u017cyseria: Anna Wieczur-Bluszcz &#8211; 19. Polska [&hellip;]<\/p>\n","protected":false},"author":1,"featured_media":0,"parent":0,"menu_order":0,"comment_status":"closed","ping_status":"closed","template":"","meta":{"inline_featured_image":false,"_monsterinsights_skip_tracking":false,"_monsterinsights_sitenote_active":false,"_monsterinsights_sitenote_note":"","_monsterinsights_sitenote_category":0,"footnotes":""},"class_list":["post-847","page","type-page","status-publish","hentry"],"yoast_head":"<!-- This site is optimized with the Yoast SEO plugin v24.6 - https:\/\/yoast.com\/wordpress\/plugins\/seo\/ -->\n<title>Polskie filmy na W\u0119grzech - Instytut Polski w Budapeszcie<\/title>\n<meta name=\"robots\" content=\"index, follow, max-snippet:-1, max-image-preview:large, max-video-preview:-1\" \/>\n<link rel=\"canonical\" href=\"https:\/\/instytutpolski.pl\/budapest\/pl\/polskie-filmy-na-wegrzech\/\" \/>\n<meta property=\"og:locale\" content=\"pl_PL\" \/>\n<meta property=\"og:type\" content=\"article\" \/>\n<meta property=\"og:title\" content=\"Polskie filmy na W\u0119grzech - Instytut Polski w Budapeszcie\" \/>\n<meta property=\"og:description\" content=\"POLSKIE FILMY NA W\u0118GRZECH 2013 Ap\u00e1m biciklije \/\u00a0M\u00f3j rower, 2012, re\u017cyseria: Piotr Trzaskalski &#8211; 19. Polska Wiosna Filmowa, Budapeszt\u00a0filmweb Hajt\u00f3vad\u00e1szat \/\u00a0Ob\u0142awa, 2012, re\u017cyseria: Marcin Krzysztalowicz &#8211; 19. Polska Wiosna Filmowa, Budapeszt\u00a0filmweb Imagine, 2012, re\u017cyseria: Andrzej Jakimowski &#8211;\u00a019. Polska Wiosna Filmowa, Budapeszt\u00a0filmweb L\u00e9gy focista mindhal\u00e1lig \/\u00a0By\u0107 jak Kazimierz Deyna, 2012, re\u017cyseria: Anna Wieczur-Bluszcz &#8211; 19. Polska [&hellip;]\" \/>\n<meta property=\"og:url\" content=\"https:\/\/instytutpolski.pl\/budapest\/pl\/polskie-filmy-na-wegrzech\/\" \/>\n<meta property=\"og:site_name\" content=\"Instytut Polski w Budapeszcie\" \/>\n<meta property=\"og:image\" content=\"https:\/\/instytutpolski.pl\/budapeszt\/wp-content\/uploads\/sites\/21\/2019\/06\/varos_alatt-200x286.jpg\" \/>\n<meta name=\"twitter:card\" content=\"summary_large_image\" \/>\n<meta name=\"twitter:label1\" content=\"Szacowany czas czytania\" \/>\n\t<meta name=\"twitter:data1\" content=\"1 minuta\" \/>\n<script type=\"application\/ld+json\" class=\"yoast-schema-graph\">{\"@context\":\"https:\/\/schema.org\",\"@graph\":[{\"@type\":\"WebPage\",\"@id\":\"https:\/\/instytutpolski.pl\/budapest\/pl\/polskie-filmy-na-wegrzech\/\",\"url\":\"https:\/\/instytutpolski.pl\/budapest\/pl\/polskie-filmy-na-wegrzech\/\",\"name\":\"Polskie filmy na W\u0119grzech - Instytut Polski w Budapeszcie\",\"isPartOf\":{\"@id\":\"https:\/\/instytutpolski.pl\/budapest\/#website\"},\"primaryImageOfPage\":{\"@id\":\"https:\/\/instytutpolski.pl\/budapest\/pl\/polskie-filmy-na-wegrzech\/#primaryimage\"},\"image\":{\"@id\":\"https:\/\/instytutpolski.pl\/budapest\/pl\/polskie-filmy-na-wegrzech\/#primaryimage\"},\"thumbnailUrl\":\"https:\/\/instytutpolski.pl\/budapeszt\/wp-content\/uploads\/sites\/21\/2019\/06\/varos_alatt-200x286.jpg\",\"datePublished\":\"2019-06-04T21:18:54+00:00\",\"breadcrumb\":{\"@id\":\"https:\/\/instytutpolski.pl\/budapest\/pl\/polskie-filmy-na-wegrzech\/#breadcrumb\"},\"inLanguage\":\"pl-PL\",\"potentialAction\":[{\"@type\":\"ReadAction\",\"target\":[\"https:\/\/instytutpolski.pl\/budapest\/pl\/polskie-filmy-na-wegrzech\/\"]}]},{\"@type\":\"ImageObject\",\"inLanguage\":\"pl-PL\",\"@id\":\"https:\/\/instytutpolski.pl\/budapest\/pl\/polskie-filmy-na-wegrzech\/#primaryimage\",\"url\":\"https:\/\/instytutpolski.pl\/budapeszt\/wp-content\/uploads\/sites\/21\/2019\/06\/varos_alatt-200x286.jpg\",\"contentUrl\":\"https:\/\/instytutpolski.pl\/budapeszt\/wp-content\/uploads\/sites\/21\/2019\/06\/varos_alatt-200x286.jpg\"},{\"@type\":\"BreadcrumbList\",\"@id\":\"https:\/\/instytutpolski.pl\/budapest\/pl\/polskie-filmy-na-wegrzech\/#breadcrumb\",\"itemListElement\":[{\"@type\":\"ListItem\",\"position\":1,\"name\":\"Home\",\"item\":\"https:\/\/instytutpolski.pl\/budapest\/\"},{\"@type\":\"ListItem\",\"position\":2,\"name\":\"Polskie filmy na W\u0119grzech\"}]},{\"@type\":\"WebSite\",\"@id\":\"https:\/\/instytutpolski.pl\/budapest\/#website\",\"url\":\"https:\/\/instytutpolski.pl\/budapest\/\",\"name\":\"Instytut Polski w Budapeszcie\",\"description\":\"Instytuty Polskie\",\"potentialAction\":[{\"@type\":\"SearchAction\",\"target\":{\"@type\":\"EntryPoint\",\"urlTemplate\":\"https:\/\/instytutpolski.pl\/budapest\/?s={search_term_string}\"},\"query-input\":{\"@type\":\"PropertyValueSpecification\",\"valueRequired\":true,\"valueName\":\"search_term_string\"}}],\"inLanguage\":\"pl-PL\"}]}<\/script>\n<!-- \/ Yoast SEO plugin. -->","yoast_head_json":{"title":"Polskie filmy na W\u0119grzech - Instytut Polski w Budapeszcie","robots":{"index":"index","follow":"follow","max-snippet":"max-snippet:-1","max-image-preview":"max-image-preview:large","max-video-preview":"max-video-preview:-1"},"canonical":"https:\/\/instytutpolski.pl\/budapest\/pl\/polskie-filmy-na-wegrzech\/","og_locale":"pl_PL","og_type":"article","og_title":"Polskie filmy na W\u0119grzech - Instytut Polski w Budapeszcie","og_description":"POLSKIE FILMY NA W\u0118GRZECH 2013 Ap\u00e1m biciklije \/\u00a0M\u00f3j rower, 2012, re\u017cyseria: Piotr Trzaskalski &#8211; 19. Polska Wiosna Filmowa, Budapeszt\u00a0filmweb Hajt\u00f3vad\u00e1szat \/\u00a0Ob\u0142awa, 2012, re\u017cyseria: Marcin Krzysztalowicz &#8211; 19. Polska Wiosna Filmowa, Budapeszt\u00a0filmweb Imagine, 2012, re\u017cyseria: Andrzej Jakimowski &#8211;\u00a019. Polska Wiosna Filmowa, Budapeszt\u00a0filmweb L\u00e9gy focista mindhal\u00e1lig \/\u00a0By\u0107 jak Kazimierz Deyna, 2012, re\u017cyseria: Anna Wieczur-Bluszcz &#8211; 19. Polska [&hellip;]","og_url":"https:\/\/instytutpolski.pl\/budapest\/pl\/polskie-filmy-na-wegrzech\/","og_site_name":"Instytut Polski w Budapeszcie","og_image":[{"url":"https:\/\/instytutpolski.pl\/budapeszt\/wp-content\/uploads\/sites\/21\/2019\/06\/varos_alatt-200x286.jpg","type":"","width":"","height":""}],"twitter_card":"summary_large_image","twitter_misc":{"Szacowany czas czytania":"1 minuta"},"schema":{"@context":"https:\/\/schema.org","@graph":[{"@type":"WebPage","@id":"https:\/\/instytutpolski.pl\/budapest\/pl\/polskie-filmy-na-wegrzech\/","url":"https:\/\/instytutpolski.pl\/budapest\/pl\/polskie-filmy-na-wegrzech\/","name":"Polskie filmy na W\u0119grzech - Instytut Polski w Budapeszcie","isPartOf":{"@id":"https:\/\/instytutpolski.pl\/budapest\/#website"},"primaryImageOfPage":{"@id":"https:\/\/instytutpolski.pl\/budapest\/pl\/polskie-filmy-na-wegrzech\/#primaryimage"},"image":{"@id":"https:\/\/instytutpolski.pl\/budapest\/pl\/polskie-filmy-na-wegrzech\/#primaryimage"},"thumbnailUrl":"https:\/\/instytutpolski.pl\/budapeszt\/wp-content\/uploads\/sites\/21\/2019\/06\/varos_alatt-200x286.jpg","datePublished":"2019-06-04T21:18:54+00:00","breadcrumb":{"@id":"https:\/\/instytutpolski.pl\/budapest\/pl\/polskie-filmy-na-wegrzech\/#breadcrumb"},"inLanguage":"pl-PL","potentialAction":[{"@type":"ReadAction","target":["https:\/\/instytutpolski.pl\/budapest\/pl\/polskie-filmy-na-wegrzech\/"]}]},{"@type":"ImageObject","inLanguage":"pl-PL","@id":"https:\/\/instytutpolski.pl\/budapest\/pl\/polskie-filmy-na-wegrzech\/#primaryimage","url":"https:\/\/instytutpolski.pl\/budapeszt\/wp-content\/uploads\/sites\/21\/2019\/06\/varos_alatt-200x286.jpg","contentUrl":"https:\/\/instytutpolski.pl\/budapeszt\/wp-content\/uploads\/sites\/21\/2019\/06\/varos_alatt-200x286.jpg"},{"@type":"BreadcrumbList","@id":"https:\/\/instytutpolski.pl\/budapest\/pl\/polskie-filmy-na-wegrzech\/#breadcrumb","itemListElement":[{"@type":"ListItem","position":1,"name":"Home","item":"https:\/\/instytutpolski.pl\/budapest\/"},{"@type":"ListItem","position":2,"name":"Polskie filmy na W\u0119grzech"}]},{"@type":"WebSite","@id":"https:\/\/instytutpolski.pl\/budapest\/#website","url":"https:\/\/instytutpolski.pl\/budapest\/","name":"Instytut Polski w Budapeszcie","description":"Instytuty Polskie","potentialAction":[{"@type":"SearchAction","target":{"@type":"EntryPoint","urlTemplate":"https:\/\/instytutpolski.pl\/budapest\/?s={search_term_string}"},"query-input":{"@type":"PropertyValueSpecification","valueRequired":true,"valueName":"search_term_string"}}],"inLanguage":"pl-PL"}]}},"_links":{"self":[{"href":"https:\/\/instytutpolski.pl\/budapest\/wp-json\/wp\/v2\/pages\/847","targetHints":{"allow":["GET"]}}],"collection":[{"href":"https:\/\/instytutpolski.pl\/budapest\/wp-json\/wp\/v2\/pages"}],"about":[{"href":"https:\/\/instytutpolski.pl\/budapest\/wp-json\/wp\/v2\/types\/page"}],"author":[{"embeddable":true,"href":"https:\/\/instytutpolski.pl\/budapest\/wp-json\/wp\/v2\/users\/1"}],"replies":[{"embeddable":true,"href":"https:\/\/instytutpolski.pl\/budapest\/wp-json\/wp\/v2\/comments?post=847"}],"version-history":[{"count":1,"href":"https:\/\/instytutpolski.pl\/budapest\/wp-json\/wp\/v2\/pages\/847\/revisions"}],"predecessor-version":[{"id":849,"href":"https:\/\/instytutpolski.pl\/budapest\/wp-json\/wp\/v2\/pages\/847\/revisions\/849"}],"wp:attachment":[{"href":"https:\/\/instytutpolski.pl\/budapest\/wp-json\/wp\/v2\/media?parent=847"}],"curies":[{"name":"wp","href":"https:\/\/api.w.org\/{rel}","templated":true}]}}