{"id":85,"date":"2019-05-28T14:20:54","date_gmt":"2019-05-28T12:20:54","guid":{"rendered":"https:\/\/instytutpolski.pl\/budapeszt\/?page_id=85"},"modified":"2019-05-28T14:20:54","modified_gmt":"2019-05-28T12:20:54","slug":"gallery-on-the-eve-of-the-21st-century","status":"publish","type":"page","link":"https:\/\/instytutpolski.pl\/budapest\/gallery-on-the-eve-of-the-21st-century\/","title":{"rendered":"Gallery on the Eve of the 21st Century"},"content":{"rendered":"\n<p><strong>2019 is an important year in the history of the Polish Institute in Budapest, as it marks two anniversaries at once: the institute was established 80 years ago, while its gallery of contemporary art, Plat\u00e1n celebrates its 20<sup>th<\/sup>\u00a0anniversary. Plat\u00e1n Gallery opened its doors in 1999 at a venue on Andr\u00e1ssy Avenue that used to accommodate a popular Polish store. Its name is an allusion to the famous plane trees (<em>Platanus<\/em>) of Budapest, indicating that the gallery was meant to be a long-term enterprise.\u00a0<\/strong><\/p>\n<p>Gallery at the Dawn of the 21<sup>st<\/sup>\u00a0Century<\/p>\n<p>The Plat\u00e1n Gallery came into being at the turn of the 20<sup>th<\/sup>\u00a0and the 21<sup>st<\/sup>\u00a0century, in a year ever so important in the history of Polish-Hungarian relations, on the 60th anniversary of the opening of the Polish Institute on May 24, 1939, sixty years after the outbreak of World War 2 and the arrival of the first Polish refugees in Hungary. The fact that the gallery of the Polish Institute could come into existence is the legacy of artists, academic and cultural institutions, and the traditionally cooperative relation between the Polish and the Hungarian society.<\/p>\n<p><a href=\"https:\/\/instytutpolski.pl\/budapeszt\/wp-content\/uploads\/sites\/21\/2019\/05\/g1.jpg\"><img loading=\"lazy\" decoding=\"async\" class=\"size-full wp-image-86 alignnone\" src=\"https:\/\/instytutpolski.pl\/budapeszt\/wp-content\/uploads\/sites\/21\/2019\/05\/g1.jpg\" alt=\"\" width=\"350\" height=\"233\" srcset=\"https:\/\/instytutpolski.pl\/budapest\/wp-content\/uploads\/sites\/21\/2019\/05\/g1.jpg 350w, https:\/\/instytutpolski.pl\/budapest\/wp-content\/uploads\/sites\/21\/2019\/05\/g1-300x200.jpg 300w\" sizes=\"auto, (max-width: 350px) 100vw, 350px\" \/><\/a><\/p>\n<p>Hungarian artists started to build connections with Polish galleries as early as the &#8217;60s and that was when the Hungarian critics also became keenly interested in Polish art. As a consequence in 1973, on the 500<sup>th<\/sup>\u00a0anniversary of the birth of the great Polish astronomer, Miko\u0142aj Kopernik, or Nicolaus Copernicus, the Polish Institute organised a large-scale exhibition of Hungarian artists under the title &#8222;In Memoriam Kopernik\u201d (Kopernikusz Eml\u00e9kki\u00e1ll\u00edt\u00e1s) in the hall of the Budapest University of Technology.<\/p>\n<p>Exhibitions of Polish artists, including the debuts of J\u00f3zef Szajna (Ernst Museum), Wladyslaw Hasior and Magdalena Abakanowicz (M\u0171csarnok \/ Kunsthalle Budapest) in the &#8217;70s and &#8217;80s were accompanied by a vivid interest on the side of Hungarian artists and critics, as well as the art-loving general public.<\/p>\n<p><a href=\"https:\/\/instytutpolski.pl\/budapeszt\/wp-content\/uploads\/sites\/21\/2019\/05\/g2-1.jpg\"><img loading=\"lazy\" decoding=\"async\" class=\"alignnone size-full wp-image-88\" src=\"https:\/\/instytutpolski.pl\/budapeszt\/wp-content\/uploads\/sites\/21\/2019\/05\/g2-1.jpg\" alt=\"\" width=\"350\" height=\"234\" srcset=\"https:\/\/instytutpolski.pl\/budapest\/wp-content\/uploads\/sites\/21\/2019\/05\/g2-1.jpg 350w, https:\/\/instytutpolski.pl\/budapest\/wp-content\/uploads\/sites\/21\/2019\/05\/g2-1-300x201.jpg 300w\" sizes=\"auto, (max-width: 350px) 100vw, 350px\" \/><\/a><\/p>\n<p>The exhibition\/auction organised upon the initiative of the Polish public and Hungarian artists, accommodated by the Institute, the proceeds of which were donated to the National Museum in Wroc\u0142aw, severely damaged as a result of the devastating Polish floods of 1997, was not a mere art event, but rather a gesture of sympathy towards Poland.<\/p>\n<p>The Festival of Polish Art \u2013 Polonia Express (1996-1997) opened up a new chapter in the history of Polish-Hungarian relations, as it presented an unprecedented showcase of Polish arts and culture. Held at the M\u0171csarnok \/ Kunsthalle Budapest, the exhibition titled \u201cPolish Art 1945-1995\u201d was yet another proof of the favourable perception of Polish art in Hungary.<\/p>\n<p><a href=\"https:\/\/instytutpolski.pl\/budapeszt\/wp-content\/uploads\/sites\/21\/2019\/05\/g3.jpg\"><img loading=\"lazy\" decoding=\"async\" class=\"alignnone size-full wp-image-89\" src=\"https:\/\/instytutpolski.pl\/budapeszt\/wp-content\/uploads\/sites\/21\/2019\/05\/g3.jpg\" alt=\"\" width=\"350\" height=\"233\" srcset=\"https:\/\/instytutpolski.pl\/budapest\/wp-content\/uploads\/sites\/21\/2019\/05\/g3.jpg 350w, https:\/\/instytutpolski.pl\/budapest\/wp-content\/uploads\/sites\/21\/2019\/05\/g3-300x200.jpg 300w\" sizes=\"auto, (max-width: 350px) 100vw, 350px\" \/><\/a><\/p>\n<p>At the same time, entailing the festival\u2019s widespread promotion, the claim arose for Polish art to gain continuous presence in Hungary. Owing to the support and benevolence of the Hungarian Ministry of Cultural Heritage as well as assistance by the Polish Foreign Ministry, the Polish Institute could open the gates of its art gallery, the name of which alludes to the famous Plane trees (Platanus) of Budapest with the desire of a long-lived enterprise. From the beginning, the Plat\u00e1n Gallery has functioned as a forum for artistic discourse between artists, curators and galleries. Owing to the favourable perception of Polish art in Hungary, the desire arose to bring a high-quality gallery to life, one that is open towards the art of other Central and Eastern European countries. The 18 exhibitions organised in the first two years of the gallery\u2019s operation gave opportunity for the introduction of 11 Polish and 4 Hungarian artists, as well as one Czech, one Slovenian, and one Estonian artist.<a href=\"https:\/\/instytutpolski.pl\/budapeszt\/wp-content\/uploads\/sites\/21\/2019\/05\/g4.jpg\"><img loading=\"lazy\" decoding=\"async\" class=\"alignnone size-full wp-image-90\" src=\"https:\/\/instytutpolski.pl\/budapeszt\/wp-content\/uploads\/sites\/21\/2019\/05\/g4.jpg\" alt=\"\" width=\"350\" height=\"233\" srcset=\"https:\/\/instytutpolski.pl\/budapest\/wp-content\/uploads\/sites\/21\/2019\/05\/g4.jpg 350w, https:\/\/instytutpolski.pl\/budapest\/wp-content\/uploads\/sites\/21\/2019\/05\/g4-300x200.jpg 300w\" sizes=\"auto, (max-width: 350px) 100vw, 350px\" \/><\/a><\/p>\n<p>he Plat\u00e1n Gallery opened its doors on November 5, 1999, with the exhibition \u201cP\u00e9ter G\u00e9mes: Diary\u201d. The exhibition of the works of G\u00e9mes, a graduate of the Academy of Fine Arts in Warsaw, was made possible by his wife\u2019s contribution. At the end of this year, Mariusz Hermansdorfer, director of the National Museum in Wroc\u0142aw, organised a show from the museum\u2019s valuable collection under the title \u201cPaintings\u201d.<\/p>\n<p><em>Barbara Wiechno,\u00a0Director of the Polish Institue, 1997 \u2013 2001<\/em><\/p>\n<p><a href=\"https:\/\/instytutpolski.pl\/budapeszt\/wp-content\/uploads\/sites\/21\/2019\/05\/g5.jpg\"><img loading=\"lazy\" decoding=\"async\" class=\"alignnone size-full wp-image-91\" src=\"https:\/\/instytutpolski.pl\/budapeszt\/wp-content\/uploads\/sites\/21\/2019\/05\/g5.jpg\" alt=\"\" width=\"350\" height=\"233\" srcset=\"https:\/\/instytutpolski.pl\/budapest\/wp-content\/uploads\/sites\/21\/2019\/05\/g5.jpg 350w, https:\/\/instytutpolski.pl\/budapest\/wp-content\/uploads\/sites\/21\/2019\/05\/g5-300x200.jpg 300w\" sizes=\"auto, (max-width: 350px) 100vw, 350px\" \/><\/a><\/p>\n\n\n\n<p><\/p>\n","protected":false},"excerpt":{"rendered":"<p>2019 is an important year in the history of the Polish Institute in Budapest, as it marks two anniversaries at once: the institute was established 80 years ago, while its gallery of contemporary art, Plat\u00e1n celebrates its 20th\u00a0anniversary. Plat\u00e1n Gallery opened its doors in 1999 at a venue on Andr\u00e1ssy Avenue that used to accommodate [&hellip;]<\/p>\n","protected":false},"author":1,"featured_media":83,"parent":0,"menu_order":0,"comment_status":"closed","ping_status":"closed","template":"","meta":{"inline_featured_image":false,"_monsterinsights_skip_tracking":false,"_monsterinsights_sitenote_active":false,"_monsterinsights_sitenote_note":"","_monsterinsights_sitenote_category":0,"footnotes":""},"class_list":["post-85","page","type-page","status-publish","has-post-thumbnail","hentry"],"yoast_head":"<!-- This site is optimized with the Yoast SEO plugin v24.6 - https:\/\/yoast.com\/wordpress\/plugins\/seo\/ -->\n<title>Gallery on the Eve of the 21st Century - Instytut Polski w Budapeszcie<\/title>\n<meta name=\"robots\" content=\"index, follow, max-snippet:-1, max-image-preview:large, max-video-preview:-1\" \/>\n<link rel=\"canonical\" href=\"https:\/\/instytutpolski.pl\/budapest\/gallery-on-the-eve-of-the-21st-century\/\" \/>\n<meta property=\"og:locale\" content=\"pl_PL\" \/>\n<meta property=\"og:type\" content=\"article\" \/>\n<meta property=\"og:title\" content=\"Gallery on the Eve of the 21st Century - Instytut Polski w Budapeszcie\" \/>\n<meta property=\"og:description\" content=\"2019 is an important year in the history of the Polish Institute in Budapest, as it marks two anniversaries at once: the institute was established 80 years ago, while its gallery of contemporary art, Plat\u00e1n celebrates its 20th\u00a0anniversary. Plat\u00e1n Gallery opened its doors in 1999 at a venue on Andr\u00e1ssy Avenue that used to accommodate [&hellip;]\" \/>\n<meta property=\"og:url\" content=\"https:\/\/instytutpolski.pl\/budapest\/gallery-on-the-eve-of-the-21st-century\/\" \/>\n<meta property=\"og:site_name\" content=\"Instytut Polski w Budapeszcie\" \/>\n<meta property=\"og:image\" content=\"https:\/\/instytutpolski.pl\/budapest\/wp-content\/uploads\/sites\/21\/2019\/05\/galeria.jpg\" \/>\n\t<meta property=\"og:image:width\" content=\"350\" \/>\n\t<meta property=\"og:image:height\" content=\"178\" \/>\n\t<meta property=\"og:image:type\" content=\"image\/jpeg\" \/>\n<meta name=\"twitter:card\" content=\"summary_large_image\" \/>\n<meta name=\"twitter:label1\" content=\"Szacowany czas czytania\" \/>\n\t<meta name=\"twitter:data1\" content=\"3 minuty\" \/>\n<script type=\"application\/ld+json\" class=\"yoast-schema-graph\">{\"@context\":\"https:\/\/schema.org\",\"@graph\":[{\"@type\":\"WebPage\",\"@id\":\"https:\/\/instytutpolski.pl\/budapest\/gallery-on-the-eve-of-the-21st-century\/\",\"url\":\"https:\/\/instytutpolski.pl\/budapest\/gallery-on-the-eve-of-the-21st-century\/\",\"name\":\"Gallery on the Eve of the 21st Century - Instytut Polski w Budapeszcie\",\"isPartOf\":{\"@id\":\"https:\/\/instytutpolski.pl\/budapest\/#website\"},\"primaryImageOfPage\":{\"@id\":\"https:\/\/instytutpolski.pl\/budapest\/gallery-on-the-eve-of-the-21st-century\/#primaryimage\"},\"image\":{\"@id\":\"https:\/\/instytutpolski.pl\/budapest\/gallery-on-the-eve-of-the-21st-century\/#primaryimage\"},\"thumbnailUrl\":\"https:\/\/instytutpolski.pl\/budapest\/wp-content\/uploads\/sites\/21\/2019\/05\/galeria.jpg\",\"datePublished\":\"2019-05-28T12:20:54+00:00\",\"breadcrumb\":{\"@id\":\"https:\/\/instytutpolski.pl\/budapest\/gallery-on-the-eve-of-the-21st-century\/#breadcrumb\"},\"inLanguage\":\"pl-PL\",\"potentialAction\":[{\"@type\":\"ReadAction\",\"target\":[\"https:\/\/instytutpolski.pl\/budapest\/gallery-on-the-eve-of-the-21st-century\/\"]}]},{\"@type\":\"ImageObject\",\"inLanguage\":\"pl-PL\",\"@id\":\"https:\/\/instytutpolski.pl\/budapest\/gallery-on-the-eve-of-the-21st-century\/#primaryimage\",\"url\":\"https:\/\/instytutpolski.pl\/budapest\/wp-content\/uploads\/sites\/21\/2019\/05\/galeria.jpg\",\"contentUrl\":\"https:\/\/instytutpolski.pl\/budapest\/wp-content\/uploads\/sites\/21\/2019\/05\/galeria.jpg\",\"width\":350,\"height\":178},{\"@type\":\"BreadcrumbList\",\"@id\":\"https:\/\/instytutpolski.pl\/budapest\/gallery-on-the-eve-of-the-21st-century\/#breadcrumb\",\"itemListElement\":[{\"@type\":\"ListItem\",\"position\":1,\"name\":\"Home\",\"item\":\"https:\/\/instytutpolski.pl\/budapest\/\"},{\"@type\":\"ListItem\",\"position\":2,\"name\":\"Gallery on the Eve of the 21st Century\"}]},{\"@type\":\"WebSite\",\"@id\":\"https:\/\/instytutpolski.pl\/budapest\/#website\",\"url\":\"https:\/\/instytutpolski.pl\/budapest\/\",\"name\":\"Instytut Polski w Budapeszcie\",\"description\":\"Instytuty Polskie\",\"potentialAction\":[{\"@type\":\"SearchAction\",\"target\":{\"@type\":\"EntryPoint\",\"urlTemplate\":\"https:\/\/instytutpolski.pl\/budapest\/?s={search_term_string}\"},\"query-input\":{\"@type\":\"PropertyValueSpecification\",\"valueRequired\":true,\"valueName\":\"search_term_string\"}}],\"inLanguage\":\"pl-PL\"}]}<\/script>\n<!-- \/ Yoast SEO plugin. -->","yoast_head_json":{"title":"Gallery on the Eve of the 21st Century - Instytut Polski w Budapeszcie","robots":{"index":"index","follow":"follow","max-snippet":"max-snippet:-1","max-image-preview":"max-image-preview:large","max-video-preview":"max-video-preview:-1"},"canonical":"https:\/\/instytutpolski.pl\/budapest\/gallery-on-the-eve-of-the-21st-century\/","og_locale":"pl_PL","og_type":"article","og_title":"Gallery on the Eve of the 21st Century - Instytut Polski w Budapeszcie","og_description":"2019 is an important year in the history of the Polish Institute in Budapest, as it marks two anniversaries at once: the institute was established 80 years ago, while its gallery of contemporary art, Plat\u00e1n celebrates its 20th\u00a0anniversary. Plat\u00e1n Gallery opened its doors in 1999 at a venue on Andr\u00e1ssy Avenue that used to accommodate [&hellip;]","og_url":"https:\/\/instytutpolski.pl\/budapest\/gallery-on-the-eve-of-the-21st-century\/","og_site_name":"Instytut Polski w Budapeszcie","og_image":[{"width":350,"height":178,"url":"https:\/\/instytutpolski.pl\/budapest\/wp-content\/uploads\/sites\/21\/2019\/05\/galeria.jpg","type":"image\/jpeg"}],"twitter_card":"summary_large_image","twitter_misc":{"Szacowany czas czytania":"3 minuty"},"schema":{"@context":"https:\/\/schema.org","@graph":[{"@type":"WebPage","@id":"https:\/\/instytutpolski.pl\/budapest\/gallery-on-the-eve-of-the-21st-century\/","url":"https:\/\/instytutpolski.pl\/budapest\/gallery-on-the-eve-of-the-21st-century\/","name":"Gallery on the Eve of the 21st Century - Instytut Polski w Budapeszcie","isPartOf":{"@id":"https:\/\/instytutpolski.pl\/budapest\/#website"},"primaryImageOfPage":{"@id":"https:\/\/instytutpolski.pl\/budapest\/gallery-on-the-eve-of-the-21st-century\/#primaryimage"},"image":{"@id":"https:\/\/instytutpolski.pl\/budapest\/gallery-on-the-eve-of-the-21st-century\/#primaryimage"},"thumbnailUrl":"https:\/\/instytutpolski.pl\/budapest\/wp-content\/uploads\/sites\/21\/2019\/05\/galeria.jpg","datePublished":"2019-05-28T12:20:54+00:00","breadcrumb":{"@id":"https:\/\/instytutpolski.pl\/budapest\/gallery-on-the-eve-of-the-21st-century\/#breadcrumb"},"inLanguage":"pl-PL","potentialAction":[{"@type":"ReadAction","target":["https:\/\/instytutpolski.pl\/budapest\/gallery-on-the-eve-of-the-21st-century\/"]}]},{"@type":"ImageObject","inLanguage":"pl-PL","@id":"https:\/\/instytutpolski.pl\/budapest\/gallery-on-the-eve-of-the-21st-century\/#primaryimage","url":"https:\/\/instytutpolski.pl\/budapest\/wp-content\/uploads\/sites\/21\/2019\/05\/galeria.jpg","contentUrl":"https:\/\/instytutpolski.pl\/budapest\/wp-content\/uploads\/sites\/21\/2019\/05\/galeria.jpg","width":350,"height":178},{"@type":"BreadcrumbList","@id":"https:\/\/instytutpolski.pl\/budapest\/gallery-on-the-eve-of-the-21st-century\/#breadcrumb","itemListElement":[{"@type":"ListItem","position":1,"name":"Home","item":"https:\/\/instytutpolski.pl\/budapest\/"},{"@type":"ListItem","position":2,"name":"Gallery on the Eve of the 21st Century"}]},{"@type":"WebSite","@id":"https:\/\/instytutpolski.pl\/budapest\/#website","url":"https:\/\/instytutpolski.pl\/budapest\/","name":"Instytut Polski w Budapeszcie","description":"Instytuty Polskie","potentialAction":[{"@type":"SearchAction","target":{"@type":"EntryPoint","urlTemplate":"https:\/\/instytutpolski.pl\/budapest\/?s={search_term_string}"},"query-input":{"@type":"PropertyValueSpecification","valueRequired":true,"valueName":"search_term_string"}}],"inLanguage":"pl-PL"}]}},"_links":{"self":[{"href":"https:\/\/instytutpolski.pl\/budapest\/wp-json\/wp\/v2\/pages\/85","targetHints":{"allow":["GET"]}}],"collection":[{"href":"https:\/\/instytutpolski.pl\/budapest\/wp-json\/wp\/v2\/pages"}],"about":[{"href":"https:\/\/instytutpolski.pl\/budapest\/wp-json\/wp\/v2\/types\/page"}],"author":[{"embeddable":true,"href":"https:\/\/instytutpolski.pl\/budapest\/wp-json\/wp\/v2\/users\/1"}],"replies":[{"embeddable":true,"href":"https:\/\/instytutpolski.pl\/budapest\/wp-json\/wp\/v2\/comments?post=85"}],"version-history":[{"count":1,"href":"https:\/\/instytutpolski.pl\/budapest\/wp-json\/wp\/v2\/pages\/85\/revisions"}],"predecessor-version":[{"id":92,"href":"https:\/\/instytutpolski.pl\/budapest\/wp-json\/wp\/v2\/pages\/85\/revisions\/92"}],"wp:featuredmedia":[{"embeddable":true,"href":"https:\/\/instytutpolski.pl\/budapest\/wp-json\/wp\/v2\/media\/83"}],"wp:attachment":[{"href":"https:\/\/instytutpolski.pl\/budapest\/wp-json\/wp\/v2\/media?parent=85"}],"curies":[{"name":"wp","href":"https:\/\/api.w.org\/{rel}","templated":true}]}}