{"id":852,"date":"2019-06-04T23:22:26","date_gmt":"2019-06-04T21:22:26","guid":{"rendered":"https:\/\/instytutpolski.pl\/budapeszt\/?page_id=852"},"modified":"2019-06-04T23:22:27","modified_gmt":"2019-06-04T21:22:27","slug":"zenei-ujdonsagok","status":"publish","type":"page","link":"https:\/\/instytutpolski.pl\/budapest\/zenei-ujdonsagok\/","title":{"rendered":"Zenei \u00fajdons\u00e1gok"},"content":{"rendered":"\n<ul>\n<li>2013<\/li>\n<\/ul>\n<p><strong>GRZEGORZ KARNAS: AUDIO BEADS<\/strong><\/p>\n<p><strong>Grzegorz Karnas &#8222;Audio Beads&#8221; c\u00edm\u0171 albuma a BMC gondoz\u00e1s\u00e1ban jelent meg a k\u00f6zelm\u00faltban. A hanganyag a Traf\u00f3 Kort\u00e1rs M\u0171v\u00e9szetek H\u00e1z\u00e1ban megrendezett 2011-es Jazzf\u00f3rumon k\u00e9sz\u00fclt. A lengyel tri\u00f3hoz a budapesti koncerten egy kiv\u00e1l\u00f3 magyar zen\u00e9sz, Luk\u00e1cs Mikl\u00f3s is csatlakozott. Feuerstien R\u00e9ka kritik\u00e1ja a JazzMa.hu-n olvashat\u00f3.<\/strong><\/p>\n<p>&#8222;Karnas \u00e9nekl\u00e9si st\u00edlusa h\u00e1rom vez\u00e9rfonalat k\u00f6vet. Az els\u0151 n\u00e9h\u00e1ny hang ut\u00e1n lelki szemeim el\u0151tt Bobby McFerrin k\u00e9pe jelent meg. A \u201eMester\u201d \u201eBeyond Words\u201d c\u00edm\u0171 albuma r\u00e9g\u00f3ta a kedvenceim k\u00f6z\u00e9 tartozik. Biztos vagyok benne, hogy Karnasra is hat\u00e1ssal volt. Magam is nagy rajong\u00f3ja vagyok a sz\u00f6veg n\u00e9lk\u00fcli szabad \u00e9nekl\u00e9snek, mivel ek\u00f6zben mi \u00e9nekesek lehet\u0151s\u00e9get kapunk arra, hogy ler\u00e1zzuk magunkr\u00f3l a kimondott szavak ritmik\u00e1j\u00e1nak, sz\u00f3tagsz\u00e1m\u00e1nak \u00e9s hangs\u00falyainak b\u00e9kly\u00f3j\u00e1t. \u00cdgy \u00e9nekhangunkat \u201eigazi\u201d hangszerk\u00e9nt haszn\u00e1lhatjuk; k\u00f6t\u00f6tts\u00e9gek n\u00e9lk\u00fcl sz\u00e1rnyalhatunk, milli\u00f3nyi sz\u00ednt, hangulatot, mondanival\u00f3t, \u00e9rzelmet megjelen\u00edtve a zen\u00e9ben. Azonban mindehhez a tud\u00e1s mell\u00e9 nagy b\u00e1tors\u00e1g \u00e9s nyitotts\u00e1g kell, nagy tisztelet \u00e9rte!&#8221;<\/p>\n<p>A cikk szerz\u0151je: Feuerstien R\u00e9ka<\/p>\n","protected":false},"excerpt":{"rendered":"<p>2013 GRZEGORZ KARNAS: AUDIO BEADS Grzegorz Karnas &#8222;Audio Beads&#8221; c\u00edm\u0171 albuma a BMC gondoz\u00e1s\u00e1ban jelent meg a k\u00f6zelm\u00faltban. A hanganyag a Traf\u00f3 Kort\u00e1rs M\u0171v\u00e9szetek H\u00e1z\u00e1ban megrendezett 2011-es Jazzf\u00f3rumon k\u00e9sz\u00fclt. A lengyel tri\u00f3hoz a budapesti koncerten egy kiv\u00e1l\u00f3 magyar zen\u00e9sz, Luk\u00e1cs Mikl\u00f3s is csatlakozott. Feuerstien R\u00e9ka kritik\u00e1ja a JazzMa.hu-n olvashat\u00f3. &#8222;Karnas \u00e9nekl\u00e9si st\u00edlusa h\u00e1rom vez\u00e9rfonalat k\u00f6vet. [&hellip;]<\/p>\n","protected":false},"author":1,"featured_media":0,"parent":0,"menu_order":0,"comment_status":"closed","ping_status":"closed","template":"","meta":{"inline_featured_image":false,"_monsterinsights_skip_tracking":false,"_monsterinsights_sitenote_active":false,"_monsterinsights_sitenote_note":"","_monsterinsights_sitenote_category":0,"footnotes":""},"class_list":["post-852","page","type-page","status-publish","hentry"],"yoast_head":"<!-- This site is optimized with the Yoast SEO plugin v24.6 - https:\/\/yoast.com\/wordpress\/plugins\/seo\/ -->\n<title>Zenei \u00fajdons\u00e1gok - Instytut Polski w Budapeszcie<\/title>\n<meta name=\"robots\" content=\"index, follow, max-snippet:-1, max-image-preview:large, max-video-preview:-1\" \/>\n<link rel=\"canonical\" href=\"https:\/\/instytutpolski.pl\/budapest\/zenei-ujdonsagok\/\" \/>\n<meta property=\"og:locale\" content=\"pl_PL\" \/>\n<meta property=\"og:type\" content=\"article\" \/>\n<meta property=\"og:title\" content=\"Zenei \u00fajdons\u00e1gok - Instytut Polski w Budapeszcie\" \/>\n<meta property=\"og:description\" content=\"2013 GRZEGORZ KARNAS: AUDIO BEADS Grzegorz Karnas &#8222;Audio Beads&#8221; c\u00edm\u0171 albuma a BMC gondoz\u00e1s\u00e1ban jelent meg a k\u00f6zelm\u00faltban. A hanganyag a Traf\u00f3 Kort\u00e1rs M\u0171v\u00e9szetek H\u00e1z\u00e1ban megrendezett 2011-es Jazzf\u00f3rumon k\u00e9sz\u00fclt. A lengyel tri\u00f3hoz a budapesti koncerten egy kiv\u00e1l\u00f3 magyar zen\u00e9sz, Luk\u00e1cs Mikl\u00f3s is csatlakozott. Feuerstien R\u00e9ka kritik\u00e1ja a JazzMa.hu-n olvashat\u00f3. &#8222;Karnas \u00e9nekl\u00e9si st\u00edlusa h\u00e1rom vez\u00e9rfonalat k\u00f6vet. [&hellip;]\" \/>\n<meta property=\"og:url\" content=\"https:\/\/instytutpolski.pl\/budapest\/zenei-ujdonsagok\/\" \/>\n<meta property=\"og:site_name\" content=\"Instytut Polski w Budapeszcie\" \/>\n<meta property=\"article:modified_time\" content=\"2019-06-04T21:22:27+00:00\" \/>\n<meta name=\"twitter:card\" content=\"summary_large_image\" \/>\n<meta name=\"twitter:label1\" content=\"Szacowany czas czytania\" \/>\n\t<meta name=\"twitter:data1\" content=\"1 minuta\" \/>\n<script type=\"application\/ld+json\" class=\"yoast-schema-graph\">{\"@context\":\"https:\/\/schema.org\",\"@graph\":[{\"@type\":\"WebPage\",\"@id\":\"https:\/\/instytutpolski.pl\/budapest\/zenei-ujdonsagok\/\",\"url\":\"https:\/\/instytutpolski.pl\/budapest\/zenei-ujdonsagok\/\",\"name\":\"Zenei \u00fajdons\u00e1gok - Instytut Polski w Budapeszcie\",\"isPartOf\":{\"@id\":\"https:\/\/instytutpolski.pl\/budapest\/#website\"},\"datePublished\":\"2019-06-04T21:22:26+00:00\",\"dateModified\":\"2019-06-04T21:22:27+00:00\",\"breadcrumb\":{\"@id\":\"https:\/\/instytutpolski.pl\/budapest\/zenei-ujdonsagok\/#breadcrumb\"},\"inLanguage\":\"pl-PL\",\"potentialAction\":[{\"@type\":\"ReadAction\",\"target\":[\"https:\/\/instytutpolski.pl\/budapest\/zenei-ujdonsagok\/\"]}]},{\"@type\":\"BreadcrumbList\",\"@id\":\"https:\/\/instytutpolski.pl\/budapest\/zenei-ujdonsagok\/#breadcrumb\",\"itemListElement\":[{\"@type\":\"ListItem\",\"position\":1,\"name\":\"Home\",\"item\":\"https:\/\/instytutpolski.pl\/budapest\/\"},{\"@type\":\"ListItem\",\"position\":2,\"name\":\"Zenei \u00fajdons\u00e1gok\"}]},{\"@type\":\"WebSite\",\"@id\":\"https:\/\/instytutpolski.pl\/budapest\/#website\",\"url\":\"https:\/\/instytutpolski.pl\/budapest\/\",\"name\":\"Instytut Polski w Budapeszcie\",\"description\":\"Instytuty Polskie\",\"potentialAction\":[{\"@type\":\"SearchAction\",\"target\":{\"@type\":\"EntryPoint\",\"urlTemplate\":\"https:\/\/instytutpolski.pl\/budapest\/?s={search_term_string}\"},\"query-input\":{\"@type\":\"PropertyValueSpecification\",\"valueRequired\":true,\"valueName\":\"search_term_string\"}}],\"inLanguage\":\"pl-PL\"}]}<\/script>\n<!-- \/ Yoast SEO plugin. -->","yoast_head_json":{"title":"Zenei \u00fajdons\u00e1gok - Instytut Polski w Budapeszcie","robots":{"index":"index","follow":"follow","max-snippet":"max-snippet:-1","max-image-preview":"max-image-preview:large","max-video-preview":"max-video-preview:-1"},"canonical":"https:\/\/instytutpolski.pl\/budapest\/zenei-ujdonsagok\/","og_locale":"pl_PL","og_type":"article","og_title":"Zenei \u00fajdons\u00e1gok - Instytut Polski w Budapeszcie","og_description":"2013 GRZEGORZ KARNAS: AUDIO BEADS Grzegorz Karnas &#8222;Audio Beads&#8221; c\u00edm\u0171 albuma a BMC gondoz\u00e1s\u00e1ban jelent meg a k\u00f6zelm\u00faltban. A hanganyag a Traf\u00f3 Kort\u00e1rs M\u0171v\u00e9szetek H\u00e1z\u00e1ban megrendezett 2011-es Jazzf\u00f3rumon k\u00e9sz\u00fclt. A lengyel tri\u00f3hoz a budapesti koncerten egy kiv\u00e1l\u00f3 magyar zen\u00e9sz, Luk\u00e1cs Mikl\u00f3s is csatlakozott. Feuerstien R\u00e9ka kritik\u00e1ja a JazzMa.hu-n olvashat\u00f3. &#8222;Karnas \u00e9nekl\u00e9si st\u00edlusa h\u00e1rom vez\u00e9rfonalat k\u00f6vet. [&hellip;]","og_url":"https:\/\/instytutpolski.pl\/budapest\/zenei-ujdonsagok\/","og_site_name":"Instytut Polski w Budapeszcie","article_modified_time":"2019-06-04T21:22:27+00:00","twitter_card":"summary_large_image","twitter_misc":{"Szacowany czas czytania":"1 minuta"},"schema":{"@context":"https:\/\/schema.org","@graph":[{"@type":"WebPage","@id":"https:\/\/instytutpolski.pl\/budapest\/zenei-ujdonsagok\/","url":"https:\/\/instytutpolski.pl\/budapest\/zenei-ujdonsagok\/","name":"Zenei \u00fajdons\u00e1gok - Instytut Polski w Budapeszcie","isPartOf":{"@id":"https:\/\/instytutpolski.pl\/budapest\/#website"},"datePublished":"2019-06-04T21:22:26+00:00","dateModified":"2019-06-04T21:22:27+00:00","breadcrumb":{"@id":"https:\/\/instytutpolski.pl\/budapest\/zenei-ujdonsagok\/#breadcrumb"},"inLanguage":"pl-PL","potentialAction":[{"@type":"ReadAction","target":["https:\/\/instytutpolski.pl\/budapest\/zenei-ujdonsagok\/"]}]},{"@type":"BreadcrumbList","@id":"https:\/\/instytutpolski.pl\/budapest\/zenei-ujdonsagok\/#breadcrumb","itemListElement":[{"@type":"ListItem","position":1,"name":"Home","item":"https:\/\/instytutpolski.pl\/budapest\/"},{"@type":"ListItem","position":2,"name":"Zenei \u00fajdons\u00e1gok"}]},{"@type":"WebSite","@id":"https:\/\/instytutpolski.pl\/budapest\/#website","url":"https:\/\/instytutpolski.pl\/budapest\/","name":"Instytut Polski w Budapeszcie","description":"Instytuty Polskie","potentialAction":[{"@type":"SearchAction","target":{"@type":"EntryPoint","urlTemplate":"https:\/\/instytutpolski.pl\/budapest\/?s={search_term_string}"},"query-input":{"@type":"PropertyValueSpecification","valueRequired":true,"valueName":"search_term_string"}}],"inLanguage":"pl-PL"}]}},"_links":{"self":[{"href":"https:\/\/instytutpolski.pl\/budapest\/wp-json\/wp\/v2\/pages\/852","targetHints":{"allow":["GET"]}}],"collection":[{"href":"https:\/\/instytutpolski.pl\/budapest\/wp-json\/wp\/v2\/pages"}],"about":[{"href":"https:\/\/instytutpolski.pl\/budapest\/wp-json\/wp\/v2\/types\/page"}],"author":[{"embeddable":true,"href":"https:\/\/instytutpolski.pl\/budapest\/wp-json\/wp\/v2\/users\/1"}],"replies":[{"embeddable":true,"href":"https:\/\/instytutpolski.pl\/budapest\/wp-json\/wp\/v2\/comments?post=852"}],"version-history":[{"count":1,"href":"https:\/\/instytutpolski.pl\/budapest\/wp-json\/wp\/v2\/pages\/852\/revisions"}],"predecessor-version":[{"id":853,"href":"https:\/\/instytutpolski.pl\/budapest\/wp-json\/wp\/v2\/pages\/852\/revisions\/853"}],"wp:attachment":[{"href":"https:\/\/instytutpolski.pl\/budapest\/wp-json\/wp\/v2\/media?parent=852"}],"curies":[{"name":"wp","href":"https:\/\/api.w.org\/{rel}","templated":true}]}}