{"id":8562,"date":"2020-05-28T10:38:14","date_gmt":"2020-05-28T08:38:14","guid":{"rendered":"https:\/\/instytutpolski.pl\/budapest\/?page_id=8562"},"modified":"2020-06-04T10:25:26","modified_gmt":"2020-06-04T08:25:26","slug":"2016-2","status":"publish","type":"page","link":"https:\/\/instytutpolski.pl\/budapest\/2016-2\/","title":{"rendered":"2016 &#8211; 2019"},"content":{"rendered":"\n<h2>\u00a0<\/h2>\n<h2 style=\"text-align: center\">2019<\/h2>\n<p id=\"page-title\" class=\"title\"><img loading=\"lazy\" decoding=\"async\" class=\"alignnone size-full wp-image-8685 img-fluid\" src=\"https:\/\/instytutpolski.pl\/budapest\/wp-content\/uploads\/sites\/21\/2020\/05\/a_nagy_medve_szerelmese_piasecki.jpg\" alt=\"\" width=\"105\" height=\"160\" \/>\u00a0Sergiusz Piasecki: A Nagy Medve szerelmese<br \/>Ford\u00edtotta: B\u00e1r\u00e1sz P\u00e9ter, <a href=\"http:\/\/rezbong.hu\/termek\/24-marcin-wietlicki-tizenketto\" target=\"_blank\" rel=\"noopener noreferrer\">R\u00e9zbong<\/a>, 2019<br \/><br \/><\/p>\n<p id=\"page-title\" class=\"title\"><img loading=\"lazy\" decoding=\"async\" class=\"alignnone size-full wp-image-8682 img-fluid\" src=\"https:\/\/instytutpolski.pl\/budapest\/wp-content\/uploads\/sites\/21\/2020\/05\/szewc-pusztulas.jpg\" alt=\"\" width=\"103\" height=\"160\" \/>\u00a0Piotr Szewc:\u00a0<em>Zag\u0142ada \/ Pusztul\u00e1s<\/em><br \/>Ford\u00edtotta: P\u00e1lfalvi Lajos, <a id=\"konyvAdatlapKiadoLink\" href=\"https:\/\/www.antikvarium.hu\/kiado\/jozsef-attila-kor-jelenkor-kiado-6593\"><strong>J\u00f3zsef Attila K\u00f6r-Jelenkor Kiad\u00f3<\/strong><\/a><br \/><br \/><\/p>\n<p><img loading=\"lazy\" decoding=\"async\" class=\"alignnone size-full wp-image-8680 img-fluid\" src=\"https:\/\/instytutpolski.pl\/budapest\/wp-content\/uploads\/sites\/21\/2020\/05\/korczak.jpg\" alt=\"\" width=\"110\" height=\"160\" \/>\u00a0Janusz Korczak:\u00a0<em>J\u00f3zki, Ja\u015bki, Franki \/\u00a0 A Wilhelm\u00f3wkai fi\u00fak<\/em><br \/>Ford\u00edtotta: P\u00e1szt Patr\u00edcia, M\u00f3ra K\u00f6nyvkiad\u00f3<br \/><br \/><\/p>\n<h2 style=\"text-align: center\">2018<\/h2>\n<p id=\"page-title\" class=\"title\"><img loading=\"lazy\" decoding=\"async\" class=\"alignnone size-full wp-image-8794\" src=\"https:\/\/instytutpolski.pl\/budapest\/wp-content\/uploads\/sites\/21\/2020\/05\/az_emberi_ellenallas._-_konrad_sutarski.jpg\" alt=\"\" width=\"108\" height=\"160\" \/> Konrad Sutarski: <em>AZ EMBERI ELLEN\u00c1LL\u00c1S ST\u00c1CI\u00d3I<\/em><br \/>Magyar Napl\u00f3 Kiad\u00f3 2019<br \/><br \/><\/p>\n<p id=\"page-title\" class=\"title\"><img loading=\"lazy\" decoding=\"async\" class=\"alignnone size-full wp-image-8792\" src=\"https:\/\/instytutpolski.pl\/budapest\/wp-content\/uploads\/sites\/21\/2020\/05\/lengyel_foldon_-_szalai_attila.jpg\" alt=\"\" width=\"108\" height=\"160\" \/> Szalai Attila: <em>LENGYEL F\u00d6LD\u00d6N \u2013 EML\u00c9KEK, NAPL\u00d3K 1976-1990<\/em><br \/>Magyar Napl\u00f3 Kiad\u00f3 2019<br \/><br \/><\/p>\n<p class=\"title\"><img loading=\"lazy\" decoding=\"async\" class=\"alignnone size-full wp-image-8787\" src=\"https:\/\/instytutpolski.pl\/budapest\/wp-content\/uploads\/sites\/21\/2020\/05\/tward210_medium_thumb_123_175.jpg\" alt=\"\" width=\"122\" height=\"175\" \/> Szczepan Twardoch: <em>Kr\u00f3l \/ A KIR\u00c1LY<\/em><br \/>Ford\u00edtotta: K\u00f6rner G\u00e1bor, <a href=\"http:\/\/www.typotex.hu\/book\/9003\/ignacy_karpowicz_szalkak\" target=\"_blank\" rel=\"noopener noreferrer\">Typotex<\/a>, 2018<\/p>\n<p><em><img loading=\"lazy\" decoding=\"async\" class=\"alignnone size-full wp-image-8785\" src=\"https:\/\/instytutpolski.pl\/budapest\/wp-content\/uploads\/sites\/21\/2020\/05\/krakow-wegierski.jpg\" alt=\"\" width=\"114\" height=\"160\" \/> KRAK\u00d3W \/ KRAKK\u00d3<\/em><br \/>Szerkesztette: \u00c9les M\u00e1rta, <a href=\"http:\/\/austeria.eu\/produkt\/krakko-irokonyv\/\" target=\"_blank\" rel=\"noopener noreferrer\">Austeria<\/a>, 2018<br \/><br \/><\/p>\n<p><img loading=\"lazy\" decoding=\"async\" class=\"alignnone size-full wp-image-8783\" src=\"https:\/\/instytutpolski.pl\/budapest\/wp-content\/uploads\/sites\/21\/2020\/05\/petneki-180x206-1.jpg\" alt=\"\" width=\"140\" height=\"160\" \/> Petneki \u00c1ron: \u201e<em>OH AZ ECSET NAGY SZ\u00d3NOK!\u201d JAN MATEJKO \u00c9S A MAGYAROK.<\/em><br \/><a href=\"http:\/\/rezbong.hu\/termek\/28-petneki-aron-jan-matejko-es-a-magyarok\" target=\"_blank\" rel=\"noopener noreferrer\">R\u00e9zbong<\/a>, 2018<br \/><br \/><\/p>\n<p class=\"title\"><img loading=\"lazy\" decoding=\"async\" class=\"alignnone size-full wp-image-8751 img-fluid\" src=\"https:\/\/instytutpolski.pl\/budapest\/wp-content\/uploads\/sites\/21\/2020\/05\/murek-1.jpg\" alt=\"\" width=\"96\" height=\"160\" \/>\u00a0Weronika Murek:\u00a0<em>Uprawa owoc\u00f3w po\u0142udniowych metod\u0105 Miczurina \/ D\u00c9LIGY\u00d6M\u00d6LCS-TERMESZT\u00c9S MICSURIN-M\u00d3DSZERREL<\/em><br \/>Ford\u00edtotta: Petneki No\u00e9mi, Vince Kiad\u00f3, 2018<br \/><br \/><\/p>\n<p><img loading=\"lazy\" decoding=\"async\" class=\"alignnone size-full wp-image-8748 img-fluid\" src=\"https:\/\/instytutpolski.pl\/budapest\/wp-content\/uploads\/sites\/21\/2020\/05\/vajak8_2d_s-180x281-1.jpg\" alt=\"\" width=\"102\" height=\"160\" \/>\u00a0Andrzej Sapkowski:\u00a0<em>Sezon burz \/\u00a0<\/em>VIHARID\u0150<br \/>Ford\u00edtotta: Hermann P\u00e9ter, <a href=\"http:\/\/playon.hu\/vajak\" target=\"_blank\" rel=\"noopener noreferrer\">PlayON<\/a>, 2018<br \/><br \/><\/p>\n<p><img loading=\"lazy\" decoding=\"async\" class=\"alignnone size-full wp-image-8746 img-fluid\" src=\"https:\/\/instytutpolski.pl\/budapest\/wp-content\/uploads\/sites\/21\/2020\/05\/onich110_medium-180x263-1.jpg\" alt=\"\" width=\"110\" height=\"160\" \/>\u00a0Anna Onichimowska:\u00a0<em>Dziesi\u0119\u0107 stron \u015bwiata \/\u00a0<\/em>A VIL\u00c1G T\u00cdZ \u00c9GT\u00c1JA<br \/>Ford\u00edtotta: Zofia Bedy\u0144ska, Tomasz Bedy\u0144ski, Celichowski Emil, Modi El-Nagar, Daniel Haraszti, Kalinowski Vir\u00e1g, Keresztessy M\u00e1rk, Mondovics M\u00e1ria Lujza, M\u00f3nus Ida, Skrodzki Andrzej, Skrodzki Marko, Skrodzki Sandra, Soko\u0142owska Kasia, Soml\u00f3i Kinga, Szczerba Karina Dominika<br \/>Ford\u00edtotta: P\u00e1szt Patr\u00edcia<br \/><br \/><\/p>\n<p><img loading=\"lazy\" decoding=\"async\" class=\"alignnone size-full wp-image-8741 img-fluid\" src=\"https:\/\/instytutpolski.pl\/budapest\/wp-content\/uploads\/sites\/21\/2020\/05\/b1-4_kozonseges-180x278-1.jpg\" alt=\"\" width=\"104\" height=\"160\" \/>\u00a0Ryszard Legutko:<em>Triumf cz\u0142owieka pospolitego \/<\/em>\u00a0<em>A K\u00d6Z\u00d6NS\u00c9GES EMBER DIADALA<\/em><br \/>Ford\u00edtotta: P\u00e1lfalvi Lajos, <a href=\"http:\/\/rezbong.hu\/termek\/27-kertesz-noemi-a-lengyelseg-iskolaja-a-lengyel-romantika-gyermekirodalma\" target=\"_blank\" rel=\"noopener noreferrer\">R\u00e9zbong<\/a>, 2018<br \/><br \/><\/p>\n<p><img loading=\"lazy\" decoding=\"async\" class=\"alignnone size-full wp-image-8739 img-fluid\" src=\"https:\/\/instytutpolski.pl\/budapest\/wp-content\/uploads\/sites\/21\/2020\/05\/b1-4_lengyelseg-180x270-1.jpg\" alt=\"\" width=\"107\" height=\"160\" \/>\u00a0No\u00e9mi Kert\u00e9sz: \u201eA LENGYELS\u00c9G ISKOL\u00c1JA\u201d. A LENGYEL ROMANTIKA GYERMEKIRODALMA \/ \u201cSzko\u0142a polsko\u015bci\u201d. Literatura dzieci\u0119ca okresu Romantyzmu<br \/><em><a href=\"http:\/\/rezbong.hu\/termek\/27-kertesz-noemi-a-lengyelseg-iskolaja-a-lengyel-romantika-gyermekirodalma\" target=\"_blank\" rel=\"noopener noreferrer\">R\u00e9zbong<\/a>, 2018<br \/><br \/><\/em><\/p>\n<p><img loading=\"lazy\" decoding=\"async\" class=\"alignnone size-full wp-image-8745 img-fluid\" src=\"https:\/\/instytutpolski.pl\/budapest\/wp-content\/uploads\/sites\/21\/2020\/05\/gyermek_a_csaladban_borito-180x256-2.jpg\" alt=\"\" width=\"113\" height=\"160\" \/>\u00a0Janusz Korczak:\u00a0<em>Jak kocha\u0107 dziecko. Dziecko w rodzinie. \/<\/em>\u00a0HOGYAN SZERESS\u00dcK A GYERMEKET. GYERMEK A CSAL\u00c1DBAN.\u00a0<br \/>Ford\u00edtotta: \u00c9les M\u00e1rta, <a href=\"https:\/\/www.flaccus.hu\/hogyan-szeressuk-a-gyermeket-24061\" target=\"_blank\" rel=\"noopener noreferrer\">Flaccus Kiad\u00f3<\/a>, 2018<br \/><br \/><\/p>\n<p><img loading=\"lazy\" decoding=\"async\" class=\"alignnone size-full wp-image-8676 img-fluid\" src=\"https:\/\/instytutpolski.pl\/budapest\/wp-content\/uploads\/sites\/21\/2020\/05\/b1-4_hedvig_0-180x270-2.jpg\" alt=\"\" width=\"107\" height=\"160\" \/>\u00a0Marta Kwa\u015bnicka:\u00a0<em>Jadwiga \/ HEDVIG. A WAWELI KIR\u00c1LYN\u0150<\/em><br \/>Ford\u00edtotta: Mih\u00e1lyi Zsuzsa, <a href=\"http:\/\/rezbong.hu\/termek\/24-marcin-wietlicki-tizenketto\" target=\"_blank\" rel=\"noopener noreferrer\">R\u00e9zbong<\/a>, 2018<br \/><br \/><\/p>\n<p><img loading=\"lazy\" decoding=\"async\" class=\"alignnone size-full wp-image-8674 img-fluid\" src=\"https:\/\/instytutpolski.pl\/budapest\/wp-content\/uploads\/sites\/21\/2020\/05\/b1-4_tizenketto-180x270-1.jpg\" alt=\"\" width=\"107\" height=\"160\" \/>Marcin \u015awietlicki:\u00a0<em>Dwana\u015bcie \/ TIZENKETT\u0150<\/em><br \/>Ford\u00edtotta: Wo\u0142osz Vera, <a href=\"http:\/\/rezbong.hu\/termek\/24-marcin-wietlicki-tizenketto\" target=\"_blank\" rel=\"noopener noreferrer\">R\u00e9zbong<\/a>, 2018<br \/><br \/><\/p>\n<p class=\"title\"><img loading=\"lazy\" decoding=\"async\" class=\"alignnone size-full wp-image-8672 img-fluid\" src=\"https:\/\/instytutpolski.pl\/budapest\/wp-content\/uploads\/sites\/21\/2020\/05\/mehek-180x254-1.jpg\" alt=\"\" width=\"113\" height=\"160\" \/>\u00a0Piotr Socha:\u00a0<em>Pszczo\u0142y \/ M\u00c9HEK<\/em><br \/>Ford\u00edtotta: Kellermann Vikt\u00f3ria, <a href=\"https:\/\/www.lira.hu\/hu\/konyv\/szepirodalom\/ifjusagi-irodalom\/ismeretterjeszto\/mehek-2\" target=\"_blank\" rel=\"noopener noreferrer\">Man\u00f3 K\u00f6nyvek<\/a>, 2018<br \/><br \/><\/p>\n<h2 style=\"text-align: center\">2017<\/h2>\n<p><img loading=\"lazy\" decoding=\"async\" class=\"alignnone size-full wp-image-8670 img-fluid\" src=\"https:\/\/instytutpolski.pl\/budapest\/wp-content\/uploads\/sites\/21\/2020\/05\/karpowicz_szalkak-180x263-1.jpg\" alt=\"\" width=\"110\" height=\"160\" \/>\u00a0Ignacy Karpowicz:\u00a0<em>O\u015bci \/ SZ\u00c1LK\u00c1K<\/em><br \/>Ford\u00edtotta: K\u00f6rner G\u00e1bor, <a href=\"http:\/\/www.typotex.hu\/book\/9003\/ignacy_karpowicz_szalkak\" target=\"_blank\" rel=\"noopener noreferrer\">Typotex<\/a>, 2017<br \/><br \/><\/p>\n<p><img loading=\"lazy\" decoding=\"async\" class=\"alignnone size-full wp-image-8668 img-fluid\" src=\"https:\/\/instytutpolski.pl\/budapest\/wp-content\/uploads\/sites\/21\/2020\/05\/varga_langos_a_jurtaban-180x293-1.jpg\" alt=\"\" width=\"98\" height=\"160\" \/>Krzysztof Varga:\u00a0<em>Langosz w jurcie \/ L\u00c1NGOS A JURT\u00c1BAN<\/em><br \/>Ford\u00edtotta: P\u00e1lfalvi Lajos,\u00a0<a href=\"http:\/\/www.europakiado.hu\/konyv\/751616\/langos-a-jurtaban\/\" target=\"_blank\" rel=\"noopener noreferrer\">Eur\u00f3pa K\u00f6nyvkiad\u00f3<\/a>, 2017<br \/><br \/><\/p>\n<p><img loading=\"lazy\" decoding=\"async\" class=\"alignnone size-full wp-image-8666 img-fluid\" src=\"https:\/\/instytutpolski.pl\/budapest\/wp-content\/uploads\/sites\/21\/2020\/05\/kolakowska2017.jpg\" alt=\"\" width=\"111\" height=\"160\" \/>\u00a0Agnieszka Ko\u0142akowska:\u00a0<em>Wojny kultur i inne wojny \/ KULT\u00daR\u00c1K H\u00c1BOR\u00daI \u00c9S M\u00c1S HARCOK<\/em><br \/>Ford\u00edtotta: N\u00e9meth Orsolya, Reiman Judit, P\u00e1lfalvi Lajos, <a href=\"http:\/\/www.nyugateurazsiaiido.hu\/index.php\/konyvek\/agnieszka-ko-akowska-kulturak-haborui-es-mas-harcok\" target=\"_blank\" rel=\"noopener noreferrer\">\u00d6r\u00f6ks\u00e9g Kult\u00farpolitikai Int\u00e9zet<\/a>, 2017<br \/><br \/><\/p>\n<h2 style=\"text-align: center\">2016<\/h2>\n<p><img loading=\"lazy\" decoding=\"async\" class=\"alignnone size-full wp-image-8584\" style=\"font-size: inherit\" src=\"https:\/\/instytutpolski.pl\/budapest\/wp-content\/uploads\/sites\/21\/2020\/05\/szczerek-180x263-1.jpg\" alt=\"\" width=\"110\" height=\"160\" \/><span style=\"font-size: inherit\"> Ziemowit Szczerek: <\/span><em style=\"font-size: inherit\">J\u00d6N MORDOR \u00c9S FELFAL MINKET, AVAGY A SZL\u00c1VOK TITKOS T\u00d6RT\u00c9NETE<\/em><\/p>\n<p>Ford\u00edtotta: K\u00f6rner G\u00e1bor, <a href=\"http:\/\/www.typotex.hu\/book\/8435\/ziemowit_szczerek_mordor\" target=\"_blank\" rel=\"noopener noreferrer\">Typotex<\/a>, 2016<\/p>\n<p><img loading=\"lazy\" decoding=\"async\" class=\"alignnone size-full wp-image-8582\" src=\"https:\/\/instytutpolski.pl\/budapest\/wp-content\/uploads\/sites\/21\/2020\/05\/foldalatt-vizalatt_0-180x254-1.jpg\" alt=\"\" width=\"113\" height=\"160\" \/> Aleksandra Mizieli\u0144ska &#8211; Daniel Mizieli\u0144ski: <em>F\u00d6LD ALATT, V\u00cdZ ALATT<\/em><br \/>Ford\u00edtotta: Kellermann Vikt\u00f3ria, <a href=\"http:\/\/www.lira.hu\/hu\/konyv\/tovabbi-konyveink\/fold-alatt-viz-alatt#bovebb_ismerteto\" target=\"_blank\" rel=\"noopener noreferrer\">Man\u00f3 K\u00f6nyvek<\/a>, 2016<br \/><br \/><\/p>\n<p><img loading=\"lazy\" decoding=\"async\" class=\"alignnone size-full wp-image-8580\" src=\"https:\/\/instytutpolski.pl\/budapest\/wp-content\/uploads\/sites\/21\/2020\/05\/bator-borito-180x274-1.jpg\" alt=\"\" width=\"105\" height=\"160\" \/> Joanna Bator: <em>SZINTE \u00c9JS\u00d6T\u00c9T<\/em><br \/>Ford\u00edtotta: Hermann P\u00e9ter, <a href=\"http:\/\/kiadok.lira.hu\/kiado\/magveto\/index.php?action=konyv&amp;id=139445721\" target=\"_blank\" rel=\"noopener noreferrer\">Magvet\u0151 Kiad\u00f3<\/a>, 2016<br \/><br \/><\/p>\n<p><img loading=\"lazy\" decoding=\"async\" class=\"alignnone size-full wp-image-8578\" src=\"https:\/\/instytutpolski.pl\/budapest\/wp-content\/uploads\/sites\/21\/2020\/05\/regeny-180x295-1.jpg\" alt=\"\" width=\"98\" height=\"160\" \/> Miko\u0142aj \u0141ozi\u0144ski: <em>REG\u00c9NY<\/em><br \/>Ford\u00edtotta: \u00c9les M\u00e1rta, <a href=\"https:\/\/europakiado.hu\/konyv\/749093\/regeny\/\" target=\"_blank\" rel=\"noopener noreferrer\">Eur\u00f3pa<\/a>, 2016<br \/><br \/><\/p>\n<p><img loading=\"lazy\" decoding=\"async\" class=\"alignnone size-full wp-image-8575\" src=\"https:\/\/instytutpolski.pl\/budapest\/wp-content\/uploads\/sites\/21\/2020\/05\/igorjankeerod_borito-180x268-1.jpg\" alt=\"\" width=\"107\" height=\"160\" \/>\u00a0Igor Janke: <em>ER\u0150D. A HARCOL\u00d3 SZOLIDARIT\u00c1S F\u00d6LDALATTI HADSEREG T\u00d6RT\u00c9NETE<\/em><br \/>Ford\u00edtotta: Mitrovits Mikl\u00f3s, <a href=\"http:\/\/www.rezbong.hu\/erod\" target=\"_blank\" rel=\"noopener noreferrer\">R\u00e9zbong Kiad\u00f3<\/a>, 2016<br \/><br \/><\/p>\n<p><img loading=\"lazy\" decoding=\"async\" class=\"alignnone size-full wp-image-8573\" src=\"https:\/\/instytutpolski.pl\/budapest\/wp-content\/uploads\/sites\/21\/2020\/05\/polonicavarietas-180x198-1.jpg\" alt=\"\" width=\"145\" height=\"160\" \/> Szalai Attila &#8211; M\u00f3zer Zolt\u00e1n: <em>POLONICA VARIETAS. SZEPSI CSOMBOR M\u00c1RTON NYOM\u00c1BAN 400 \u00c9V M\u00daLT\u00c1N<\/em><br \/><a href=\"http:\/\/kairosz.hu\/p\/10245\/polonica-varietas-szepsi-csombor-marton-emlekkonyv\" target=\"_blank\" rel=\"noopener noreferrer\">Kairosz Kiad\u00f3<\/a>, 2016<br \/><br \/><\/p>\n<p><img loading=\"lazy\" decoding=\"async\" class=\"alignnone size-full wp-image-8571\" src=\"https:\/\/instytutpolski.pl\/budapest\/wp-content\/uploads\/sites\/21\/2020\/05\/pamieciiikicsi-180x237-1.jpg\" alt=\"\" width=\"122\" height=\"160\" \/> Krystyna \u0141ubczyk &#8211; Grzegorz \u0141ubczyk: <em>PAMI\u0118\u0106 III. \/ EML\u00c9KEZ\u00c9S III.<\/em><br \/><em><a href=\"http:\/\/www.rytm-wydawnictwo.pl\/nowosci-wydawnictwa-rytm\/pamiec-iii-polscy-uchodzcy-na-wegrzech-1939-1946_p_1621.html\" target=\"_blank\" rel=\"noopener noreferrer\">Oficyna Wydawnicza RYTM<\/a>, 2016<br \/><br \/><\/em><\/p>\n<p>Piotr Pazi\u0144ski: <em>PANZI\u00d3<\/em><br \/>Ford\u00edtotta: P\u00e1lfalvi Lajos, <a href=\"http:\/\/www.kossuth.hu\/adatlap\/konyv\/3762\/panzio\" target=\"_blank\" rel=\"noopener noreferrer\">Noran Libro Kiad\u00f3<\/a>, 2016<br \/><br \/><\/p>\n<p><img loading=\"lazy\" decoding=\"async\" class=\"alignnone size-full wp-image-8565\" src=\"https:\/\/instytutpolski.pl\/budapest\/wp-content\/uploads\/sites\/21\/2020\/05\/poros-zanussi.jpg\" alt=\"\" width=\"111\" height=\"160\" \/> P\u00f6r\u00f6s G\u00e9za: <em>KRZYSZTOF ZANUSSI VIL\u00c1GA<\/em>\u00a0<br \/>Kossuth Kiad\u00f3, 2016<\/p>\n","protected":false},"excerpt":{"rendered":"<p>\u00a0 2019 \u00a0Sergiusz Piasecki: A Nagy Medve szerelmeseFord\u00edtotta: B\u00e1r\u00e1sz P\u00e9ter, R\u00e9zbong, 2019 \u00a0Piotr Szewc:\u00a0Zag\u0142ada \/ Pusztul\u00e1sFord\u00edtotta: P\u00e1lfalvi Lajos, J\u00f3zsef Attila K\u00f6r-Jelenkor Kiad\u00f3 \u00a0Janusz Korczak:\u00a0J\u00f3zki, Ja\u015bki, Franki \/\u00a0 A Wilhelm\u00f3wkai fi\u00fakFord\u00edtotta: P\u00e1szt Patr\u00edcia, M\u00f3ra K\u00f6nyvkiad\u00f3 2018 Konrad Sutarski: AZ EMBERI ELLEN\u00c1LL\u00c1S ST\u00c1CI\u00d3IMagyar Napl\u00f3 Kiad\u00f3 2019 Szalai Attila: LENGYEL F\u00d6LD\u00d6N \u2013 EML\u00c9KEK, NAPL\u00d3K 1976-1990Magyar Napl\u00f3 Kiad\u00f3 2019 [&hellip;]<\/p>\n","protected":false},"author":124,"featured_media":8345,"parent":0,"menu_order":0,"comment_status":"closed","ping_status":"closed","template":"","meta":{"inline_featured_image":false,"_monsterinsights_skip_tracking":false,"_monsterinsights_sitenote_active":false,"_monsterinsights_sitenote_note":"","_monsterinsights_sitenote_category":0,"footnotes":""},"class_list":["post-8562","page","type-page","status-publish","has-post-thumbnail","hentry"],"yoast_head":"<!-- This site is optimized with the Yoast SEO plugin v24.6 - https:\/\/yoast.com\/wordpress\/plugins\/seo\/ -->\n<title>2016 - 2019 - Instytut Polski w Budapeszcie<\/title>\n<meta name=\"robots\" content=\"index, follow, max-snippet:-1, max-image-preview:large, max-video-preview:-1\" \/>\n<link rel=\"canonical\" href=\"https:\/\/instytutpolski.pl\/budapest\/2016-2\/\" \/>\n<meta property=\"og:locale\" content=\"pl_PL\" \/>\n<meta property=\"og:type\" content=\"article\" \/>\n<meta property=\"og:title\" content=\"2016 - 2019 - Instytut Polski w Budapeszcie\" \/>\n<meta property=\"og:description\" content=\"\u00a0 2019 \u00a0Sergiusz Piasecki: A Nagy Medve szerelmeseFord\u00edtotta: B\u00e1r\u00e1sz P\u00e9ter, R\u00e9zbong, 2019 \u00a0Piotr Szewc:\u00a0Zag\u0142ada \/ Pusztul\u00e1sFord\u00edtotta: P\u00e1lfalvi Lajos, J\u00f3zsef Attila K\u00f6r-Jelenkor Kiad\u00f3 \u00a0Janusz Korczak:\u00a0J\u00f3zki, Ja\u015bki, Franki \/\u00a0 A Wilhelm\u00f3wkai fi\u00fakFord\u00edtotta: P\u00e1szt Patr\u00edcia, M\u00f3ra K\u00f6nyvkiad\u00f3 2018 Konrad Sutarski: AZ EMBERI ELLEN\u00c1LL\u00c1S ST\u00c1CI\u00d3IMagyar Napl\u00f3 Kiad\u00f3 2019 Szalai Attila: LENGYEL F\u00d6LD\u00d6N \u2013 EML\u00c9KEK, NAPL\u00d3K 1976-1990Magyar Napl\u00f3 Kiad\u00f3 2019 [&hellip;]\" \/>\n<meta property=\"og:url\" content=\"https:\/\/instytutpolski.pl\/budapest\/2016-2\/\" \/>\n<meta property=\"og:site_name\" content=\"Instytut Polski w Budapeszcie\" \/>\n<meta property=\"article:modified_time\" content=\"2020-06-04T08:25:26+00:00\" \/>\n<meta property=\"og:image\" content=\"https:\/\/instytutpolski.pl\/budapest\/wp-content\/uploads\/sites\/21\/2020\/05\/JB-2014-03-18-00110.jpg\" \/>\n\t<meta property=\"og:image:width\" content=\"1200\" \/>\n\t<meta property=\"og:image:height\" content=\"499\" \/>\n\t<meta property=\"og:image:type\" content=\"image\/jpeg\" \/>\n<meta name=\"twitter:card\" content=\"summary_large_image\" \/>\n<meta name=\"twitter:label1\" content=\"Szacowany czas czytania\" \/>\n\t<meta name=\"twitter:data1\" content=\"3 minuty\" \/>\n<script type=\"application\/ld+json\" class=\"yoast-schema-graph\">{\"@context\":\"https:\/\/schema.org\",\"@graph\":[{\"@type\":\"WebPage\",\"@id\":\"https:\/\/instytutpolski.pl\/budapest\/2016-2\/\",\"url\":\"https:\/\/instytutpolski.pl\/budapest\/2016-2\/\",\"name\":\"2016 - 2019 - Instytut Polski w Budapeszcie\",\"isPartOf\":{\"@id\":\"https:\/\/instytutpolski.pl\/budapest\/#website\"},\"primaryImageOfPage\":{\"@id\":\"https:\/\/instytutpolski.pl\/budapest\/2016-2\/#primaryimage\"},\"image\":{\"@id\":\"https:\/\/instytutpolski.pl\/budapest\/2016-2\/#primaryimage\"},\"thumbnailUrl\":\"https:\/\/instytutpolski.pl\/budapest\/wp-content\/uploads\/sites\/21\/2020\/05\/JB-2014-03-18-00110.jpg\",\"datePublished\":\"2020-05-28T08:38:14+00:00\",\"dateModified\":\"2020-06-04T08:25:26+00:00\",\"breadcrumb\":{\"@id\":\"https:\/\/instytutpolski.pl\/budapest\/2016-2\/#breadcrumb\"},\"inLanguage\":\"pl-PL\",\"potentialAction\":[{\"@type\":\"ReadAction\",\"target\":[\"https:\/\/instytutpolski.pl\/budapest\/2016-2\/\"]}]},{\"@type\":\"ImageObject\",\"inLanguage\":\"pl-PL\",\"@id\":\"https:\/\/instytutpolski.pl\/budapest\/2016-2\/#primaryimage\",\"url\":\"https:\/\/instytutpolski.pl\/budapest\/wp-content\/uploads\/sites\/21\/2020\/05\/JB-2014-03-18-00110.jpg\",\"contentUrl\":\"https:\/\/instytutpolski.pl\/budapest\/wp-content\/uploads\/sites\/21\/2020\/05\/JB-2014-03-18-00110.jpg\",\"width\":1200,\"height\":499},{\"@type\":\"BreadcrumbList\",\"@id\":\"https:\/\/instytutpolski.pl\/budapest\/2016-2\/#breadcrumb\",\"itemListElement\":[{\"@type\":\"ListItem\",\"position\":1,\"name\":\"Home\",\"item\":\"https:\/\/instytutpolski.pl\/budapest\/\"},{\"@type\":\"ListItem\",\"position\":2,\"name\":\"2016 &#8211; 2019\"}]},{\"@type\":\"WebSite\",\"@id\":\"https:\/\/instytutpolski.pl\/budapest\/#website\",\"url\":\"https:\/\/instytutpolski.pl\/budapest\/\",\"name\":\"Instytut Polski w Budapeszcie\",\"description\":\"Instytuty Polskie\",\"potentialAction\":[{\"@type\":\"SearchAction\",\"target\":{\"@type\":\"EntryPoint\",\"urlTemplate\":\"https:\/\/instytutpolski.pl\/budapest\/?s={search_term_string}\"},\"query-input\":{\"@type\":\"PropertyValueSpecification\",\"valueRequired\":true,\"valueName\":\"search_term_string\"}}],\"inLanguage\":\"pl-PL\"}]}<\/script>\n<!-- \/ Yoast SEO plugin. -->","yoast_head_json":{"title":"2016 - 2019 - Instytut Polski w Budapeszcie","robots":{"index":"index","follow":"follow","max-snippet":"max-snippet:-1","max-image-preview":"max-image-preview:large","max-video-preview":"max-video-preview:-1"},"canonical":"https:\/\/instytutpolski.pl\/budapest\/2016-2\/","og_locale":"pl_PL","og_type":"article","og_title":"2016 - 2019 - Instytut Polski w Budapeszcie","og_description":"\u00a0 2019 \u00a0Sergiusz Piasecki: A Nagy Medve szerelmeseFord\u00edtotta: B\u00e1r\u00e1sz P\u00e9ter, R\u00e9zbong, 2019 \u00a0Piotr Szewc:\u00a0Zag\u0142ada \/ Pusztul\u00e1sFord\u00edtotta: P\u00e1lfalvi Lajos, J\u00f3zsef Attila K\u00f6r-Jelenkor Kiad\u00f3 \u00a0Janusz Korczak:\u00a0J\u00f3zki, Ja\u015bki, Franki \/\u00a0 A Wilhelm\u00f3wkai fi\u00fakFord\u00edtotta: P\u00e1szt Patr\u00edcia, M\u00f3ra K\u00f6nyvkiad\u00f3 2018 Konrad Sutarski: AZ EMBERI ELLEN\u00c1LL\u00c1S ST\u00c1CI\u00d3IMagyar Napl\u00f3 Kiad\u00f3 2019 Szalai Attila: LENGYEL F\u00d6LD\u00d6N \u2013 EML\u00c9KEK, NAPL\u00d3K 1976-1990Magyar Napl\u00f3 Kiad\u00f3 2019 [&hellip;]","og_url":"https:\/\/instytutpolski.pl\/budapest\/2016-2\/","og_site_name":"Instytut Polski w Budapeszcie","article_modified_time":"2020-06-04T08:25:26+00:00","og_image":[{"width":1200,"height":499,"url":"https:\/\/instytutpolski.pl\/budapest\/wp-content\/uploads\/sites\/21\/2020\/05\/JB-2014-03-18-00110.jpg","type":"image\/jpeg"}],"twitter_card":"summary_large_image","twitter_misc":{"Szacowany czas czytania":"3 minuty"},"schema":{"@context":"https:\/\/schema.org","@graph":[{"@type":"WebPage","@id":"https:\/\/instytutpolski.pl\/budapest\/2016-2\/","url":"https:\/\/instytutpolski.pl\/budapest\/2016-2\/","name":"2016 - 2019 - Instytut Polski w Budapeszcie","isPartOf":{"@id":"https:\/\/instytutpolski.pl\/budapest\/#website"},"primaryImageOfPage":{"@id":"https:\/\/instytutpolski.pl\/budapest\/2016-2\/#primaryimage"},"image":{"@id":"https:\/\/instytutpolski.pl\/budapest\/2016-2\/#primaryimage"},"thumbnailUrl":"https:\/\/instytutpolski.pl\/budapest\/wp-content\/uploads\/sites\/21\/2020\/05\/JB-2014-03-18-00110.jpg","datePublished":"2020-05-28T08:38:14+00:00","dateModified":"2020-06-04T08:25:26+00:00","breadcrumb":{"@id":"https:\/\/instytutpolski.pl\/budapest\/2016-2\/#breadcrumb"},"inLanguage":"pl-PL","potentialAction":[{"@type":"ReadAction","target":["https:\/\/instytutpolski.pl\/budapest\/2016-2\/"]}]},{"@type":"ImageObject","inLanguage":"pl-PL","@id":"https:\/\/instytutpolski.pl\/budapest\/2016-2\/#primaryimage","url":"https:\/\/instytutpolski.pl\/budapest\/wp-content\/uploads\/sites\/21\/2020\/05\/JB-2014-03-18-00110.jpg","contentUrl":"https:\/\/instytutpolski.pl\/budapest\/wp-content\/uploads\/sites\/21\/2020\/05\/JB-2014-03-18-00110.jpg","width":1200,"height":499},{"@type":"BreadcrumbList","@id":"https:\/\/instytutpolski.pl\/budapest\/2016-2\/#breadcrumb","itemListElement":[{"@type":"ListItem","position":1,"name":"Home","item":"https:\/\/instytutpolski.pl\/budapest\/"},{"@type":"ListItem","position":2,"name":"2016 &#8211; 2019"}]},{"@type":"WebSite","@id":"https:\/\/instytutpolski.pl\/budapest\/#website","url":"https:\/\/instytutpolski.pl\/budapest\/","name":"Instytut Polski w Budapeszcie","description":"Instytuty Polskie","potentialAction":[{"@type":"SearchAction","target":{"@type":"EntryPoint","urlTemplate":"https:\/\/instytutpolski.pl\/budapest\/?s={search_term_string}"},"query-input":{"@type":"PropertyValueSpecification","valueRequired":true,"valueName":"search_term_string"}}],"inLanguage":"pl-PL"}]}},"_links":{"self":[{"href":"https:\/\/instytutpolski.pl\/budapest\/wp-json\/wp\/v2\/pages\/8562","targetHints":{"allow":["GET"]}}],"collection":[{"href":"https:\/\/instytutpolski.pl\/budapest\/wp-json\/wp\/v2\/pages"}],"about":[{"href":"https:\/\/instytutpolski.pl\/budapest\/wp-json\/wp\/v2\/types\/page"}],"author":[{"embeddable":true,"href":"https:\/\/instytutpolski.pl\/budapest\/wp-json\/wp\/v2\/users\/124"}],"replies":[{"embeddable":true,"href":"https:\/\/instytutpolski.pl\/budapest\/wp-json\/wp\/v2\/comments?post=8562"}],"version-history":[{"count":17,"href":"https:\/\/instytutpolski.pl\/budapest\/wp-json\/wp\/v2\/pages\/8562\/revisions"}],"predecessor-version":[{"id":8941,"href":"https:\/\/instytutpolski.pl\/budapest\/wp-json\/wp\/v2\/pages\/8562\/revisions\/8941"}],"wp:featuredmedia":[{"embeddable":true,"href":"https:\/\/instytutpolski.pl\/budapest\/wp-json\/wp\/v2\/media\/8345"}],"wp:attachment":[{"href":"https:\/\/instytutpolski.pl\/budapest\/wp-json\/wp\/v2\/media?parent=8562"}],"curies":[{"name":"wp","href":"https:\/\/api.w.org\/{rel}","templated":true}]}}