{"id":9419,"date":"2020-07-27T14:40:04","date_gmt":"2020-07-27T12:40:04","guid":{"rendered":"https:\/\/instytutpolski.pl\/budapest\/?page_id=9419"},"modified":"2020-09-04T11:39:42","modified_gmt":"2020-09-04T09:39:42","slug":"v4-elnokseg","status":"publish","type":"page","link":"https:\/\/instytutpolski.pl\/budapest\/v4-elnokseg\/","title":{"rendered":"V4 eln\u00f6ks\u00e9g"},"content":{"rendered":"\n<p><strong>A Visegr\u00e1di Egy\u00fcttm\u0171k\u00f6d\u00e9s (vagyis Visegr\u00e1di orsz\u00e1gok, visegr\u00e1di n\u00e9gyek vagy V4-ek) Csehorsz\u00e1g, Lengyelorsz\u00e1g, Magyarorsz\u00e1g \u00e9s Szlov\u00e1kia region\u00e1lis szervezete. <\/strong><\/p>\n\n\n\n<p>Az egy\u00fcttm\u0171k\u00f6d\u00e9s c\u00e9lja e k\u00f6z\u00e9p-eur\u00f3pai orsz\u00e1gok gazdas\u00e1gi, diplom\u00e1ciai \u00e9s politikai \u00e9rdekeinek k\u00f6z\u00f6s k\u00e9pviselete. Ezt a t\u00f6rekv\u00e9st 1991. febru\u00e1r 15-\u00e9n a Visegr\u00e1di Nyilatkozat al\u00e1\u00edr\u00e1s\u00e1val tett\u00e9k hivataloss\u00e1.<\/p>\n\n\n\n<p>Az egy\u00fcttm\u0171k\u00f6d\u00e9s \u00fcgyeinek int\u00e9z\u00e9s\u00e9t \u00e9s \u00f6sszehangol\u00e1s\u00e1t minden \u00e9vben egy orsz\u00e1g v\u00e1llalja mag\u00e1ra. Lengyelorsz\u00e1g 2020. j\u00falius 1-j\u00e9n vette \u00e1t a V4-ek eln\u00f6ks\u00e9g\u00e9t Csehorsz\u00e1gt\u00f3l , melyet egy \u00e9ven kereszt\u00fcl fog bet\u00f6lteni.<\/p>\n\n\n\n<figure class=\"wp-block-embed-wordpress wp-block-embed is-type-wp-embed is-provider-instytut-polski-w-budapeszcie\"><div class=\"wp-block-embed__wrapper\">\n<blockquote class=\"wp-embedded-content\" data-secret=\"6ACtvgH9Yb\"><a href=\"https:\/\/instytutpolski.pl\/budapest\/2020\/07\/25\/interju-mateusz-morawieckivel-a-lengyel-miniszterelnokkel-a-magyar-hirlapban\/\">Interj\u00fa Mateusz Morawieckivel, a lengyel minisztereln\u00f6kkel a Magyar H\u00edrlapban<\/a><\/blockquote><iframe loading=\"lazy\" class=\"wp-embedded-content\" sandbox=\"allow-scripts\" security=\"restricted\" style=\"position: absolute; visibility: hidden;\" title=\"&#8222;Interj\u00fa Mateusz Morawieckivel, a lengyel minisztereln\u00f6kkel a Magyar H\u00edrlapban&#8221; &#8212; Instytut Polski w Budapeszcie\" src=\"https:\/\/instytutpolski.pl\/budapest\/2020\/07\/25\/interju-mateusz-morawieckivel-a-lengyel-miniszterelnokkel-a-magyar-hirlapban\/embed\/#?secret=1VfQUAy4Er#?secret=6ACtvgH9Yb\" data-secret=\"6ACtvgH9Yb\" width=\"500\" height=\"282\" frameborder=\"0\" marginwidth=\"0\" marginheight=\"0\" scrolling=\"no\"><\/iframe>\n<\/div><\/figure>\n\n\n\n<p><\/p>\n\n\n\n<p><\/p>\n","protected":false},"excerpt":{"rendered":"<p>A Visegr\u00e1di Egy\u00fcttm\u0171k\u00f6d\u00e9s (vagyis Visegr\u00e1di orsz\u00e1gok, visegr\u00e1di n\u00e9gyek vagy V4-ek) Csehorsz\u00e1g, Lengyelorsz\u00e1g, Magyarorsz\u00e1g \u00e9s Szlov\u00e1kia region\u00e1lis szervezete. Az egy\u00fcttm\u0171k\u00f6d\u00e9s c\u00e9lja e k\u00f6z\u00e9p-eur\u00f3pai orsz\u00e1gok gazdas\u00e1gi, diplom\u00e1ciai \u00e9s politikai \u00e9rdekeinek k\u00f6z\u00f6s k\u00e9pviselete. Ezt a t\u00f6rekv\u00e9st 1991. febru\u00e1r 15-\u00e9n a Visegr\u00e1di Nyilatkozat al\u00e1\u00edr\u00e1s\u00e1val tett\u00e9k hivataloss\u00e1. Az egy\u00fcttm\u0171k\u00f6d\u00e9s \u00fcgyeinek int\u00e9z\u00e9s\u00e9t \u00e9s \u00f6sszehangol\u00e1s\u00e1t minden \u00e9vben egy orsz\u00e1g v\u00e1llalja mag\u00e1ra. Lengyelorsz\u00e1g [&hellip;]<\/p>\n","protected":false},"author":137,"featured_media":9426,"parent":0,"menu_order":0,"comment_status":"closed","ping_status":"closed","template":"","meta":{"inline_featured_image":false,"_monsterinsights_skip_tracking":false,"_monsterinsights_sitenote_active":false,"_monsterinsights_sitenote_note":"","_monsterinsights_sitenote_category":0,"footnotes":""},"class_list":["post-9419","page","type-page","status-publish","has-post-thumbnail","hentry"],"yoast_head":"<!-- This site is optimized with the Yoast SEO plugin v24.6 - https:\/\/yoast.com\/wordpress\/plugins\/seo\/ -->\n<title>V4 eln\u00f6ks\u00e9g - Instytut Polski w Budapeszcie<\/title>\n<meta name=\"robots\" content=\"index, follow, max-snippet:-1, max-image-preview:large, max-video-preview:-1\" \/>\n<link rel=\"canonical\" href=\"https:\/\/instytutpolski.pl\/budapest\/v4-elnokseg\/\" \/>\n<meta property=\"og:locale\" content=\"pl_PL\" \/>\n<meta property=\"og:type\" content=\"article\" \/>\n<meta property=\"og:title\" content=\"V4 eln\u00f6ks\u00e9g - Instytut Polski w Budapeszcie\" \/>\n<meta property=\"og:description\" content=\"A Visegr\u00e1di Egy\u00fcttm\u0171k\u00f6d\u00e9s (vagyis Visegr\u00e1di orsz\u00e1gok, visegr\u00e1di n\u00e9gyek vagy V4-ek) Csehorsz\u00e1g, Lengyelorsz\u00e1g, Magyarorsz\u00e1g \u00e9s Szlov\u00e1kia region\u00e1lis szervezete. Az egy\u00fcttm\u0171k\u00f6d\u00e9s c\u00e9lja e k\u00f6z\u00e9p-eur\u00f3pai orsz\u00e1gok gazdas\u00e1gi, diplom\u00e1ciai \u00e9s politikai \u00e9rdekeinek k\u00f6z\u00f6s k\u00e9pviselete. Ezt a t\u00f6rekv\u00e9st 1991. febru\u00e1r 15-\u00e9n a Visegr\u00e1di Nyilatkozat al\u00e1\u00edr\u00e1s\u00e1val tett\u00e9k hivataloss\u00e1. Az egy\u00fcttm\u0171k\u00f6d\u00e9s \u00fcgyeinek int\u00e9z\u00e9s\u00e9t \u00e9s \u00f6sszehangol\u00e1s\u00e1t minden \u00e9vben egy orsz\u00e1g v\u00e1llalja mag\u00e1ra. Lengyelorsz\u00e1g [&hellip;]\" \/>\n<meta property=\"og:url\" content=\"https:\/\/instytutpolski.pl\/budapest\/v4-elnokseg\/\" \/>\n<meta property=\"og:site_name\" content=\"Instytut Polski w Budapeszcie\" \/>\n<meta property=\"article:modified_time\" content=\"2020-09-04T09:39:42+00:00\" \/>\n<meta property=\"og:image\" content=\"https:\/\/instytutpolski.pl\/budapest\/wp-content\/uploads\/sites\/21\/2020\/07\/CoverPhoto_02.png\" \/>\n\t<meta property=\"og:image:width\" content=\"1500\" \/>\n\t<meta property=\"og:image:height\" content=\"500\" \/>\n\t<meta property=\"og:image:type\" content=\"image\/png\" \/>\n<meta name=\"twitter:card\" content=\"summary_large_image\" \/>\n<meta name=\"twitter:label1\" content=\"Szacowany czas czytania\" \/>\n\t<meta name=\"twitter:data1\" content=\"1 minuta\" \/>\n<script type=\"application\/ld+json\" class=\"yoast-schema-graph\">{\"@context\":\"https:\/\/schema.org\",\"@graph\":[{\"@type\":\"WebPage\",\"@id\":\"https:\/\/instytutpolski.pl\/budapest\/v4-elnokseg\/\",\"url\":\"https:\/\/instytutpolski.pl\/budapest\/v4-elnokseg\/\",\"name\":\"V4 eln\u00f6ks\u00e9g - Instytut Polski w Budapeszcie\",\"isPartOf\":{\"@id\":\"https:\/\/instytutpolski.pl\/budapest\/#website\"},\"primaryImageOfPage\":{\"@id\":\"https:\/\/instytutpolski.pl\/budapest\/v4-elnokseg\/#primaryimage\"},\"image\":{\"@id\":\"https:\/\/instytutpolski.pl\/budapest\/v4-elnokseg\/#primaryimage\"},\"thumbnailUrl\":\"https:\/\/instytutpolski.pl\/budapest\/wp-content\/uploads\/sites\/21\/2020\/07\/CoverPhoto_02.png\",\"datePublished\":\"2020-07-27T12:40:04+00:00\",\"dateModified\":\"2020-09-04T09:39:42+00:00\",\"breadcrumb\":{\"@id\":\"https:\/\/instytutpolski.pl\/budapest\/v4-elnokseg\/#breadcrumb\"},\"inLanguage\":\"pl-PL\",\"potentialAction\":[{\"@type\":\"ReadAction\",\"target\":[\"https:\/\/instytutpolski.pl\/budapest\/v4-elnokseg\/\"]}]},{\"@type\":\"ImageObject\",\"inLanguage\":\"pl-PL\",\"@id\":\"https:\/\/instytutpolski.pl\/budapest\/v4-elnokseg\/#primaryimage\",\"url\":\"https:\/\/instytutpolski.pl\/budapest\/wp-content\/uploads\/sites\/21\/2020\/07\/CoverPhoto_02.png\",\"contentUrl\":\"https:\/\/instytutpolski.pl\/budapest\/wp-content\/uploads\/sites\/21\/2020\/07\/CoverPhoto_02.png\",\"width\":1500,\"height\":500},{\"@type\":\"BreadcrumbList\",\"@id\":\"https:\/\/instytutpolski.pl\/budapest\/v4-elnokseg\/#breadcrumb\",\"itemListElement\":[{\"@type\":\"ListItem\",\"position\":1,\"name\":\"Home\",\"item\":\"https:\/\/instytutpolski.pl\/budapest\/\"},{\"@type\":\"ListItem\",\"position\":2,\"name\":\"V4 eln\u00f6ks\u00e9g\"}]},{\"@type\":\"WebSite\",\"@id\":\"https:\/\/instytutpolski.pl\/budapest\/#website\",\"url\":\"https:\/\/instytutpolski.pl\/budapest\/\",\"name\":\"Instytut Polski w Budapeszcie\",\"description\":\"Instytuty Polskie\",\"potentialAction\":[{\"@type\":\"SearchAction\",\"target\":{\"@type\":\"EntryPoint\",\"urlTemplate\":\"https:\/\/instytutpolski.pl\/budapest\/?s={search_term_string}\"},\"query-input\":{\"@type\":\"PropertyValueSpecification\",\"valueRequired\":true,\"valueName\":\"search_term_string\"}}],\"inLanguage\":\"pl-PL\"}]}<\/script>\n<!-- \/ Yoast SEO plugin. -->","yoast_head_json":{"title":"V4 eln\u00f6ks\u00e9g - Instytut Polski w Budapeszcie","robots":{"index":"index","follow":"follow","max-snippet":"max-snippet:-1","max-image-preview":"max-image-preview:large","max-video-preview":"max-video-preview:-1"},"canonical":"https:\/\/instytutpolski.pl\/budapest\/v4-elnokseg\/","og_locale":"pl_PL","og_type":"article","og_title":"V4 eln\u00f6ks\u00e9g - Instytut Polski w Budapeszcie","og_description":"A Visegr\u00e1di Egy\u00fcttm\u0171k\u00f6d\u00e9s (vagyis Visegr\u00e1di orsz\u00e1gok, visegr\u00e1di n\u00e9gyek vagy V4-ek) Csehorsz\u00e1g, Lengyelorsz\u00e1g, Magyarorsz\u00e1g \u00e9s Szlov\u00e1kia region\u00e1lis szervezete. Az egy\u00fcttm\u0171k\u00f6d\u00e9s c\u00e9lja e k\u00f6z\u00e9p-eur\u00f3pai orsz\u00e1gok gazdas\u00e1gi, diplom\u00e1ciai \u00e9s politikai \u00e9rdekeinek k\u00f6z\u00f6s k\u00e9pviselete. Ezt a t\u00f6rekv\u00e9st 1991. febru\u00e1r 15-\u00e9n a Visegr\u00e1di Nyilatkozat al\u00e1\u00edr\u00e1s\u00e1val tett\u00e9k hivataloss\u00e1. Az egy\u00fcttm\u0171k\u00f6d\u00e9s \u00fcgyeinek int\u00e9z\u00e9s\u00e9t \u00e9s \u00f6sszehangol\u00e1s\u00e1t minden \u00e9vben egy orsz\u00e1g v\u00e1llalja mag\u00e1ra. Lengyelorsz\u00e1g [&hellip;]","og_url":"https:\/\/instytutpolski.pl\/budapest\/v4-elnokseg\/","og_site_name":"Instytut Polski w Budapeszcie","article_modified_time":"2020-09-04T09:39:42+00:00","og_image":[{"width":1500,"height":500,"url":"https:\/\/instytutpolski.pl\/budapest\/wp-content\/uploads\/sites\/21\/2020\/07\/CoverPhoto_02.png","type":"image\/png"}],"twitter_card":"summary_large_image","twitter_misc":{"Szacowany czas czytania":"1 minuta"},"schema":{"@context":"https:\/\/schema.org","@graph":[{"@type":"WebPage","@id":"https:\/\/instytutpolski.pl\/budapest\/v4-elnokseg\/","url":"https:\/\/instytutpolski.pl\/budapest\/v4-elnokseg\/","name":"V4 eln\u00f6ks\u00e9g - Instytut Polski w Budapeszcie","isPartOf":{"@id":"https:\/\/instytutpolski.pl\/budapest\/#website"},"primaryImageOfPage":{"@id":"https:\/\/instytutpolski.pl\/budapest\/v4-elnokseg\/#primaryimage"},"image":{"@id":"https:\/\/instytutpolski.pl\/budapest\/v4-elnokseg\/#primaryimage"},"thumbnailUrl":"https:\/\/instytutpolski.pl\/budapest\/wp-content\/uploads\/sites\/21\/2020\/07\/CoverPhoto_02.png","datePublished":"2020-07-27T12:40:04+00:00","dateModified":"2020-09-04T09:39:42+00:00","breadcrumb":{"@id":"https:\/\/instytutpolski.pl\/budapest\/v4-elnokseg\/#breadcrumb"},"inLanguage":"pl-PL","potentialAction":[{"@type":"ReadAction","target":["https:\/\/instytutpolski.pl\/budapest\/v4-elnokseg\/"]}]},{"@type":"ImageObject","inLanguage":"pl-PL","@id":"https:\/\/instytutpolski.pl\/budapest\/v4-elnokseg\/#primaryimage","url":"https:\/\/instytutpolski.pl\/budapest\/wp-content\/uploads\/sites\/21\/2020\/07\/CoverPhoto_02.png","contentUrl":"https:\/\/instytutpolski.pl\/budapest\/wp-content\/uploads\/sites\/21\/2020\/07\/CoverPhoto_02.png","width":1500,"height":500},{"@type":"BreadcrumbList","@id":"https:\/\/instytutpolski.pl\/budapest\/v4-elnokseg\/#breadcrumb","itemListElement":[{"@type":"ListItem","position":1,"name":"Home","item":"https:\/\/instytutpolski.pl\/budapest\/"},{"@type":"ListItem","position":2,"name":"V4 eln\u00f6ks\u00e9g"}]},{"@type":"WebSite","@id":"https:\/\/instytutpolski.pl\/budapest\/#website","url":"https:\/\/instytutpolski.pl\/budapest\/","name":"Instytut Polski w Budapeszcie","description":"Instytuty Polskie","potentialAction":[{"@type":"SearchAction","target":{"@type":"EntryPoint","urlTemplate":"https:\/\/instytutpolski.pl\/budapest\/?s={search_term_string}"},"query-input":{"@type":"PropertyValueSpecification","valueRequired":true,"valueName":"search_term_string"}}],"inLanguage":"pl-PL"}]}},"_links":{"self":[{"href":"https:\/\/instytutpolski.pl\/budapest\/wp-json\/wp\/v2\/pages\/9419","targetHints":{"allow":["GET"]}}],"collection":[{"href":"https:\/\/instytutpolski.pl\/budapest\/wp-json\/wp\/v2\/pages"}],"about":[{"href":"https:\/\/instytutpolski.pl\/budapest\/wp-json\/wp\/v2\/types\/page"}],"author":[{"embeddable":true,"href":"https:\/\/instytutpolski.pl\/budapest\/wp-json\/wp\/v2\/users\/137"}],"replies":[{"embeddable":true,"href":"https:\/\/instytutpolski.pl\/budapest\/wp-json\/wp\/v2\/comments?post=9419"}],"version-history":[{"count":8,"href":"https:\/\/instytutpolski.pl\/budapest\/wp-json\/wp\/v2\/pages\/9419\/revisions"}],"predecessor-version":[{"id":9798,"href":"https:\/\/instytutpolski.pl\/budapest\/wp-json\/wp\/v2\/pages\/9419\/revisions\/9798"}],"wp:featuredmedia":[{"embeddable":true,"href":"https:\/\/instytutpolski.pl\/budapest\/wp-json\/wp\/v2\/media\/9426"}],"wp:attachment":[{"href":"https:\/\/instytutpolski.pl\/budapest\/wp-json\/wp\/v2\/media?parent=9419"}],"curies":[{"name":"wp","href":"https:\/\/api.w.org\/{rel}","templated":true}]}}