{"id":9435,"date":"2020-07-27T14:40:04","date_gmt":"2020-07-27T12:40:04","guid":{"rendered":"https:\/\/instytutpolski.pl\/budapest\/?page_id=9435"},"modified":"2020-07-27T15:06:54","modified_gmt":"2020-07-27T13:06:54","slug":"prezydencja-v4-2","status":"publish","type":"page","link":"https:\/\/instytutpolski.pl\/budapest\/pl\/prezydencja-v4-2\/","title":{"rendered":"Prezydencja V4"},"content":{"rendered":"\n<p><strong>Grupa Wyszehradzka jest nieformaln\u0105 regionaln\u0105 form\u0105 wsp\u00f3\u0142pracy czterech pa\u0144stw Europy \u015arodkowej: Polski, Czech, S\u0142owacji i W\u0119gier, kt\u00f3re \u0142\u0105czy nie tylko s\u0105siedztwo i podobne uwarunkowania geopolityczne, ale przede wszystkim \u2013 wsp\u00f3lna historia, tradycja, kultura oraz warto\u015bci.<\/strong><\/p>\n\n\n\n<p>Ide\u0105 utworzenia Grupy by\u0142a intensyfikacja wsp\u00f3\u0142pracy w zakresie budowy demokratycznych struktur pa\u0144stwowych oraz wolnorynkowej gospodarki, a w perspektywie \u2013 uczestnictwo w procesie integracji europejskiej. Za dat\u0119 jej powstania przyjmuje si\u0119 15 lutego 1991 r.<\/p>\n\n\n\n<p>1 lipca 2020 r. rozpocz\u0119\u0142o si\u0119 roczne, rotacyjne polskie przewodnictwo w Grupie Wyszehradzkiej (V4). Jest to sz\u00f3ste przewodnictwo Polski w V4. Program polskiej prezydencji przyj\u0119\u0142a Rada Ministr\u00f3w w dniu 30 czerwca 2020 roku.\u00a0Polska prezydencja przebiega\u0107 b\u0119dzie pod has\u0142em \u201ePowr\u00f3t na w\u0142a\u015bciwe tory\u201d (\u201eBack on track\u201d).\u00a0<\/p>\n\n\n\n<figure class=\"wp-block-embed-wordpress wp-block-embed is-type-wp-embed is-provider-instytut-polski-w-budapeszcie\"><div class=\"wp-block-embed__wrapper\">\n<blockquote class=\"wp-embedded-content\" data-secret=\"nk2L0ztaiV\"><a href=\"https:\/\/instytutpolski.pl\/budapest\/pl\/2020\/07\/25\/artykul-premiera-morawieckiego-w-magyar-hirlap\/\">Wywiad Premiera Morawieckiego dla \u201eMagyar H\u00edrlap\u201d<\/a><\/blockquote><iframe loading=\"lazy\" class=\"wp-embedded-content\" sandbox=\"allow-scripts\" security=\"restricted\" style=\"position: absolute; visibility: hidden;\" title=\"&#8222;Wywiad Premiera Morawieckiego dla \u201eMagyar H\u00edrlap\u201d&#8221; &#8212; Instytut Polski w Budapeszcie\" src=\"https:\/\/instytutpolski.pl\/budapest\/pl\/2020\/07\/25\/artykul-premiera-morawieckiego-w-magyar-hirlap\/embed\/#?secret=JCH9exDBcs#?secret=nk2L0ztaiV\" data-secret=\"nk2L0ztaiV\" width=\"500\" height=\"282\" frameborder=\"0\" marginwidth=\"0\" marginheight=\"0\" scrolling=\"no\"><\/iframe>\n<\/div><\/figure>\n","protected":false},"excerpt":{"rendered":"<p>Grupa Wyszehradzka jest nieformaln\u0105 regionaln\u0105 form\u0105 wsp\u00f3\u0142pracy czterech pa\u0144stw Europy \u015arodkowej: Polski, Czech, S\u0142owacji i W\u0119gier, kt\u00f3re \u0142\u0105czy nie tylko s\u0105siedztwo i podobne uwarunkowania geopolityczne, ale przede wszystkim \u2013 wsp\u00f3lna historia, tradycja, kultura oraz warto\u015bci. Ide\u0105 utworzenia Grupy by\u0142a intensyfikacja wsp\u00f3\u0142pracy w zakresie budowy demokratycznych struktur pa\u0144stwowych oraz wolnorynkowej gospodarki, a w perspektywie \u2013 uczestnictwo [&hellip;]<\/p>\n","protected":false},"author":137,"featured_media":9426,"parent":0,"menu_order":0,"comment_status":"closed","ping_status":"closed","template":"","meta":{"inline_featured_image":false,"_monsterinsights_skip_tracking":false,"_monsterinsights_sitenote_active":false,"_monsterinsights_sitenote_note":"","_monsterinsights_sitenote_category":0,"footnotes":""},"class_list":["post-9435","page","type-page","status-publish","has-post-thumbnail","hentry"],"yoast_head":"<!-- This site is optimized with the Yoast SEO plugin v24.6 - https:\/\/yoast.com\/wordpress\/plugins\/seo\/ -->\n<title>Prezydencja V4 - Instytut Polski w Budapeszcie<\/title>\n<meta name=\"robots\" content=\"index, follow, max-snippet:-1, max-image-preview:large, max-video-preview:-1\" \/>\n<link rel=\"canonical\" href=\"https:\/\/instytutpolski.pl\/budapest\/pl\/prezydencja-v4-2\/\" \/>\n<meta property=\"og:locale\" content=\"pl_PL\" \/>\n<meta property=\"og:type\" content=\"article\" \/>\n<meta property=\"og:title\" content=\"Prezydencja V4 - Instytut Polski w Budapeszcie\" \/>\n<meta property=\"og:description\" content=\"Grupa Wyszehradzka jest nieformaln\u0105 regionaln\u0105 form\u0105 wsp\u00f3\u0142pracy czterech pa\u0144stw Europy \u015arodkowej: Polski, Czech, S\u0142owacji i W\u0119gier, kt\u00f3re \u0142\u0105czy nie tylko s\u0105siedztwo i podobne uwarunkowania geopolityczne, ale przede wszystkim \u2013 wsp\u00f3lna historia, tradycja, kultura oraz warto\u015bci. Ide\u0105 utworzenia Grupy by\u0142a intensyfikacja wsp\u00f3\u0142pracy w zakresie budowy demokratycznych struktur pa\u0144stwowych oraz wolnorynkowej gospodarki, a w perspektywie \u2013 uczestnictwo [&hellip;]\" \/>\n<meta property=\"og:url\" content=\"https:\/\/instytutpolski.pl\/budapest\/pl\/prezydencja-v4-2\/\" \/>\n<meta property=\"og:site_name\" content=\"Instytut Polski w Budapeszcie\" \/>\n<meta property=\"article:modified_time\" content=\"2020-07-27T13:06:54+00:00\" \/>\n<meta property=\"og:image\" content=\"https:\/\/instytutpolski.pl\/budapest\/wp-content\/uploads\/sites\/21\/2020\/07\/CoverPhoto_02.png\" \/>\n\t<meta property=\"og:image:width\" content=\"1500\" \/>\n\t<meta property=\"og:image:height\" content=\"500\" \/>\n\t<meta property=\"og:image:type\" content=\"image\/png\" \/>\n<meta name=\"twitter:card\" content=\"summary_large_image\" \/>\n<meta name=\"twitter:label1\" content=\"Szacowany czas czytania\" \/>\n\t<meta name=\"twitter:data1\" content=\"1 minuta\" \/>\n<script type=\"application\/ld+json\" class=\"yoast-schema-graph\">{\"@context\":\"https:\/\/schema.org\",\"@graph\":[{\"@type\":\"WebPage\",\"@id\":\"https:\/\/instytutpolski.pl\/budapest\/pl\/prezydencja-v4-2\/\",\"url\":\"https:\/\/instytutpolski.pl\/budapest\/pl\/prezydencja-v4-2\/\",\"name\":\"Prezydencja V4 - Instytut Polski w Budapeszcie\",\"isPartOf\":{\"@id\":\"https:\/\/instytutpolski.pl\/budapest\/#website\"},\"primaryImageOfPage\":{\"@id\":\"https:\/\/instytutpolski.pl\/budapest\/pl\/prezydencja-v4-2\/#primaryimage\"},\"image\":{\"@id\":\"https:\/\/instytutpolski.pl\/budapest\/pl\/prezydencja-v4-2\/#primaryimage\"},\"thumbnailUrl\":\"https:\/\/instytutpolski.pl\/budapest\/wp-content\/uploads\/sites\/21\/2020\/07\/CoverPhoto_02.png\",\"datePublished\":\"2020-07-27T12:40:04+00:00\",\"dateModified\":\"2020-07-27T13:06:54+00:00\",\"breadcrumb\":{\"@id\":\"https:\/\/instytutpolski.pl\/budapest\/pl\/prezydencja-v4-2\/#breadcrumb\"},\"inLanguage\":\"pl-PL\",\"potentialAction\":[{\"@type\":\"ReadAction\",\"target\":[\"https:\/\/instytutpolski.pl\/budapest\/pl\/prezydencja-v4-2\/\"]}]},{\"@type\":\"ImageObject\",\"inLanguage\":\"pl-PL\",\"@id\":\"https:\/\/instytutpolski.pl\/budapest\/pl\/prezydencja-v4-2\/#primaryimage\",\"url\":\"https:\/\/instytutpolski.pl\/budapest\/wp-content\/uploads\/sites\/21\/2020\/07\/CoverPhoto_02.png\",\"contentUrl\":\"https:\/\/instytutpolski.pl\/budapest\/wp-content\/uploads\/sites\/21\/2020\/07\/CoverPhoto_02.png\",\"width\":1500,\"height\":500},{\"@type\":\"BreadcrumbList\",\"@id\":\"https:\/\/instytutpolski.pl\/budapest\/pl\/prezydencja-v4-2\/#breadcrumb\",\"itemListElement\":[{\"@type\":\"ListItem\",\"position\":1,\"name\":\"Home\",\"item\":\"https:\/\/instytutpolski.pl\/budapest\/\"},{\"@type\":\"ListItem\",\"position\":2,\"name\":\"Prezydencja V4\"}]},{\"@type\":\"WebSite\",\"@id\":\"https:\/\/instytutpolski.pl\/budapest\/#website\",\"url\":\"https:\/\/instytutpolski.pl\/budapest\/\",\"name\":\"Instytut Polski w Budapeszcie\",\"description\":\"Instytuty Polskie\",\"potentialAction\":[{\"@type\":\"SearchAction\",\"target\":{\"@type\":\"EntryPoint\",\"urlTemplate\":\"https:\/\/instytutpolski.pl\/budapest\/?s={search_term_string}\"},\"query-input\":{\"@type\":\"PropertyValueSpecification\",\"valueRequired\":true,\"valueName\":\"search_term_string\"}}],\"inLanguage\":\"pl-PL\"}]}<\/script>\n<!-- \/ Yoast SEO plugin. -->","yoast_head_json":{"title":"Prezydencja V4 - Instytut Polski w Budapeszcie","robots":{"index":"index","follow":"follow","max-snippet":"max-snippet:-1","max-image-preview":"max-image-preview:large","max-video-preview":"max-video-preview:-1"},"canonical":"https:\/\/instytutpolski.pl\/budapest\/pl\/prezydencja-v4-2\/","og_locale":"pl_PL","og_type":"article","og_title":"Prezydencja V4 - Instytut Polski w Budapeszcie","og_description":"Grupa Wyszehradzka jest nieformaln\u0105 regionaln\u0105 form\u0105 wsp\u00f3\u0142pracy czterech pa\u0144stw Europy \u015arodkowej: Polski, Czech, S\u0142owacji i W\u0119gier, kt\u00f3re \u0142\u0105czy nie tylko s\u0105siedztwo i podobne uwarunkowania geopolityczne, ale przede wszystkim \u2013 wsp\u00f3lna historia, tradycja, kultura oraz warto\u015bci. Ide\u0105 utworzenia Grupy by\u0142a intensyfikacja wsp\u00f3\u0142pracy w zakresie budowy demokratycznych struktur pa\u0144stwowych oraz wolnorynkowej gospodarki, a w perspektywie \u2013 uczestnictwo [&hellip;]","og_url":"https:\/\/instytutpolski.pl\/budapest\/pl\/prezydencja-v4-2\/","og_site_name":"Instytut Polski w Budapeszcie","article_modified_time":"2020-07-27T13:06:54+00:00","og_image":[{"width":1500,"height":500,"url":"https:\/\/instytutpolski.pl\/budapest\/wp-content\/uploads\/sites\/21\/2020\/07\/CoverPhoto_02.png","type":"image\/png"}],"twitter_card":"summary_large_image","twitter_misc":{"Szacowany czas czytania":"1 minuta"},"schema":{"@context":"https:\/\/schema.org","@graph":[{"@type":"WebPage","@id":"https:\/\/instytutpolski.pl\/budapest\/pl\/prezydencja-v4-2\/","url":"https:\/\/instytutpolski.pl\/budapest\/pl\/prezydencja-v4-2\/","name":"Prezydencja V4 - Instytut Polski w Budapeszcie","isPartOf":{"@id":"https:\/\/instytutpolski.pl\/budapest\/#website"},"primaryImageOfPage":{"@id":"https:\/\/instytutpolski.pl\/budapest\/pl\/prezydencja-v4-2\/#primaryimage"},"image":{"@id":"https:\/\/instytutpolski.pl\/budapest\/pl\/prezydencja-v4-2\/#primaryimage"},"thumbnailUrl":"https:\/\/instytutpolski.pl\/budapest\/wp-content\/uploads\/sites\/21\/2020\/07\/CoverPhoto_02.png","datePublished":"2020-07-27T12:40:04+00:00","dateModified":"2020-07-27T13:06:54+00:00","breadcrumb":{"@id":"https:\/\/instytutpolski.pl\/budapest\/pl\/prezydencja-v4-2\/#breadcrumb"},"inLanguage":"pl-PL","potentialAction":[{"@type":"ReadAction","target":["https:\/\/instytutpolski.pl\/budapest\/pl\/prezydencja-v4-2\/"]}]},{"@type":"ImageObject","inLanguage":"pl-PL","@id":"https:\/\/instytutpolski.pl\/budapest\/pl\/prezydencja-v4-2\/#primaryimage","url":"https:\/\/instytutpolski.pl\/budapest\/wp-content\/uploads\/sites\/21\/2020\/07\/CoverPhoto_02.png","contentUrl":"https:\/\/instytutpolski.pl\/budapest\/wp-content\/uploads\/sites\/21\/2020\/07\/CoverPhoto_02.png","width":1500,"height":500},{"@type":"BreadcrumbList","@id":"https:\/\/instytutpolski.pl\/budapest\/pl\/prezydencja-v4-2\/#breadcrumb","itemListElement":[{"@type":"ListItem","position":1,"name":"Home","item":"https:\/\/instytutpolski.pl\/budapest\/"},{"@type":"ListItem","position":2,"name":"Prezydencja V4"}]},{"@type":"WebSite","@id":"https:\/\/instytutpolski.pl\/budapest\/#website","url":"https:\/\/instytutpolski.pl\/budapest\/","name":"Instytut Polski w Budapeszcie","description":"Instytuty Polskie","potentialAction":[{"@type":"SearchAction","target":{"@type":"EntryPoint","urlTemplate":"https:\/\/instytutpolski.pl\/budapest\/?s={search_term_string}"},"query-input":{"@type":"PropertyValueSpecification","valueRequired":true,"valueName":"search_term_string"}}],"inLanguage":"pl-PL"}]}},"_links":{"self":[{"href":"https:\/\/instytutpolski.pl\/budapest\/wp-json\/wp\/v2\/pages\/9435","targetHints":{"allow":["GET"]}}],"collection":[{"href":"https:\/\/instytutpolski.pl\/budapest\/wp-json\/wp\/v2\/pages"}],"about":[{"href":"https:\/\/instytutpolski.pl\/budapest\/wp-json\/wp\/v2\/types\/page"}],"author":[{"embeddable":true,"href":"https:\/\/instytutpolski.pl\/budapest\/wp-json\/wp\/v2\/users\/137"}],"replies":[{"embeddable":true,"href":"https:\/\/instytutpolski.pl\/budapest\/wp-json\/wp\/v2\/comments?post=9435"}],"version-history":[{"count":1,"href":"https:\/\/instytutpolski.pl\/budapest\/wp-json\/wp\/v2\/pages\/9435\/revisions"}],"predecessor-version":[{"id":9436,"href":"https:\/\/instytutpolski.pl\/budapest\/wp-json\/wp\/v2\/pages\/9435\/revisions\/9436"}],"wp:featuredmedia":[{"embeddable":true,"href":"https:\/\/instytutpolski.pl\/budapest\/wp-json\/wp\/v2\/media\/9426"}],"wp:attachment":[{"href":"https:\/\/instytutpolski.pl\/budapest\/wp-json\/wp\/v2\/media?parent=9435"}],"curies":[{"name":"wp","href":"https:\/\/api.w.org\/{rel}","templated":true}]}}