{"id":989,"date":"2019-06-11T18:57:02","date_gmt":"2019-06-11T16:57:02","guid":{"rendered":"https:\/\/instytutpolski.pl\/budapeszt\/?page_id=989"},"modified":"2019-06-11T19:06:19","modified_gmt":"2019-06-11T17:06:19","slug":"studies","status":"publish","type":"page","link":"https:\/\/instytutpolski.pl\/budapest\/studies\/","title":{"rendered":"Studies"},"content":{"rendered":"\n<h2 class=\"wp-block-heading\" style=\"text-align:center\"> <strong>POLISH STUDIES IN HUNGARY<\/strong> <\/h2>\n\n\n\n<p><\/p>\n\n\n\n<h2 style=\"text-align: center\"><strong>E\u00d6TV\u00d6S<\/strong><strong>\u00a0LOR\u00c1ND UNIVERSITY IN BUDAPEST<\/strong><\/h2>\n\n\n\n<div class=\"wp-block-columns has-2-columns is-layout-flex wp-container-core-columns-is-layout-1 wp-block-columns-is-layout-flex\">\n<div class=\"wp-block-column is-layout-flow wp-block-column-is-layout-flow\">\n<p><a href=\"http:\/\/szlavintezet.elte.hu\/lengyel\/index.shtml\"><img loading=\"lazy\" decoding=\"async\" class=\"alignnone size-full wp-image-990\" src=\"https:\/\/instytutpolski.pl\/budapeszt\/wp-content\/uploads\/sites\/21\/2019\/06\/elte.jpg\" alt=\"\" width=\"225\" height=\"225\" srcset=\"https:\/\/instytutpolski.pl\/budapest\/wp-content\/uploads\/sites\/21\/2019\/06\/elte.jpg 225w, https:\/\/instytutpolski.pl\/budapest\/wp-content\/uploads\/sites\/21\/2019\/06\/elte-150x150.jpg 150w\" sizes=\"auto, (max-width: 225px) 100vw, 225px\" \/><\/a><\/p>\n<\/div>\n\n\n\n<div class=\"wp-block-column is-layout-flow wp-block-column-is-layout-flow\">\n<p>The first Polish Studies Faculty in Hungary<strong>.\u00a0<\/strong>Polish Studies at the ELTE University offers bachelor\u2019s and master&#8217;s degree, facultative classes, PhD Studies.<\/p>\n<p>The current number of students: 90.<\/p>\n<p>ELTE University in Budapest<br \/>Faculty of Humanities<\/p>\n<p>School of Slavic and Baltic Philology\u00a0<br \/>Polish Studies<br \/>Head of the Chair: Dr Zsuzsanna R\u00e1duly<\/p>\n<\/div>\n<\/div>\n\n\n\n<h2 style=\"text-align: center\"><strong>P\u00c1ZM\u00c1NY<\/strong><strong>\u00a0P\u00c9TER CATHOLIC UNIVERSITY<\/strong><\/h2>\n\n\n\n<div class=\"wp-block-columns has-2-columns is-layout-flex wp-container-core-columns-is-layout-2 wp-block-columns-is-layout-flex\">\n<div class=\"wp-block-column is-layout-flow wp-block-column-is-layout-flow\">\n<p><a href=\"http:\/\/www.btk.ppke.hu\/karunkrol\/intezetek-tanszekek\/szlavisztika-kozep-europa-intezet\/lengyel-tanszek\"><img loading=\"lazy\" decoding=\"async\" class=\"alignnone size-full wp-image-993\" src=\"https:\/\/instytutpolski.pl\/budapeszt\/wp-content\/uploads\/sites\/21\/2019\/06\/ppke_logo_1544_0.gif\" alt=\"\" width=\"313\" height=\"500\" \/><\/a><\/p>\n<\/div>\n\n\n\n<div class=\"wp-block-column is-layout-flow wp-block-column-is-layout-flow\">\n<p>Faculty of Humanities<br \/>Institute of Slavic Studies &#8211; Central European Studies<br \/>Polish Studies<\/p>\n<p>Head of the Chair: Dr. Lajos P\u00e1lfalvi<br \/><br \/><br \/>Polish Studies at the P\u00e1zm\u00e1ny P\u00e9ter Catholic University offers bachelor\u2019s degree. The current number of students: 70.<\/p>\n\n\n\n<p><\/p>\n<\/div>\n<\/div>\n\n\n\n<h2 style=\"text-align: center\"><strong>UNIVERSITY<\/strong><strong>\u00a0OF DEBRECEN<\/strong><\/h2>\n\n\n\n<div class=\"wp-block-columns has-2-columns is-layout-flex wp-container-core-columns-is-layout-3 wp-block-columns-is-layout-flex\">\n<div class=\"wp-block-column is-layout-flow wp-block-column-is-layout-flow\">\n<p><a href=\"http:\/\/delfin.klte.hu\/~lengyel\/\"><img loading=\"lazy\" decoding=\"async\" class=\"alignnone size-full wp-image-994\" src=\"https:\/\/instytutpolski.pl\/budapeszt\/wp-content\/uploads\/sites\/21\/2019\/06\/debrecen.jpg\" alt=\"\" width=\"178\" height=\"500\" srcset=\"https:\/\/instytutpolski.pl\/budapest\/wp-content\/uploads\/sites\/21\/2019\/06\/debrecen.jpg 178w, https:\/\/instytutpolski.pl\/budapest\/wp-content\/uploads\/sites\/21\/2019\/06\/debrecen-107x300.jpg 107w\" sizes=\"auto, (max-width: 178px) 100vw, 178px\" \/><\/a><\/p>\n<\/div>\n\n\n\n<div class=\"wp-block-column is-layout-flow wp-block-column-is-layout-flow\">\n<p>Department of Polish Language and Literature<\/p>\n<p>Institute of Slavic Studies<br \/>Head of the Chair: Dr. L\u00e1szl\u00f3 K\u00e1lm\u00e1n Nagy<br \/><br \/>The Department of Polish Language and Literature at the University of Debrecen was established in 1984.<br \/>The department offers bachelor&#8217;s and master&#8217;s degree The current number of<strong>\u00a0<\/strong>students: 66.<\/p>\n\n\n\n<p><\/p>\n<\/div>\n<\/div>\n\n\n\n<p style=\"text-align: center\"><strong>STUDY IN POLAND<\/strong><\/p>\n<p>There is nearly two million students in Poland \u2013 that is almost half of the whole student age population (from 19 to 24 years). Students have a huge selection of type of study. In Poland there are nearly five hundred colleges and universities. The walls of colleges and universities leaves 400,000 graduates per year.<\/p>\n<p>\u00a0<\/p>\n\n\n\n<div class=\"wp-block-columns has-2-columns is-layout-flex wp-container-core-columns-is-layout-4 wp-block-columns-is-layout-flex\">\n<div class=\"wp-block-column is-layout-flow wp-block-column-is-layout-flow\">\n<p style=\"text-align: center\"><strong>STUDY IN POLAND<\/strong><\/p>\n\n\n\n<p><a href=\"http:\/\/www.studyinpoland.pl\/\"><img loading=\"lazy\" decoding=\"async\" class=\"alignnone size-full wp-image-995\" src=\"https:\/\/instytutpolski.pl\/budapeszt\/wp-content\/uploads\/sites\/21\/2019\/06\/logo_study_in_poland.gif\" alt=\"\" width=\"216\" height=\"74\" \/><\/a><\/p>\n<\/div>\n\n\n\n<div class=\"wp-block-column is-layout-flow wp-block-column-is-layout-flow\">\n<p><strong><a href=\"http:\/\/www.nauka.gov.pl\/higher-education\/ready-study-go-poland\/\" target=\"_blank\" rel=\"noopener noreferrer\">READY, STUDY, GO! POLAND<\/a><\/strong><\/p>\n\n\n\n<p><a href=\"http:\/\/www.nauka.gov.pl\/fileadmin\/user_upload\/eng\/he\/20120625_ENG_prev.pdf\"><img loading=\"lazy\" decoding=\"async\" class=\"alignnone size-full wp-image-996\" src=\"https:\/\/instytutpolski.pl\/budapeszt\/wp-content\/uploads\/sites\/21\/2019\/06\/readystudygopoland.jpg\" alt=\"\" width=\"161\" height=\"144\" \/><\/a><\/p>\n\n\n\n<p><\/p>\n<\/div>\n<\/div>\n\n\n\n<p>In the year 2007 the first enrolment took place for an innovative programme, Polish Studies for International Students, aimed\u00a0 for foreigners who wished to learn the Polish language and encounter the Polish culture. Since that time, over two hundred international students have enrolled on our programme. During the 6 semesters of study the students have an opportunity to develop their command of the Polish language and study Polish history, culture and literature.\u00a0<\/p>\n\n\n\n<p style=\"text-align: center\"><strong>HIGHER EDUCATION IN POLAND\u00a0<\/strong><strong>\u00a0<\/strong><\/p>\n<p>\u00a0<\/p>\n<p>According to the Bologna Process Polish universities offer studies at three levels of teaching:<\/p>\n<p>\u2022 First degree &#8211; BA or BSc, in order to obtain knowledge and skills in a specific area of training, preparing to work in a specific profession, leading to the bachelor or engineer.<\/p>\n<p>\u2022 Second-degree &#8211; master&#8217;s degree program, in order to obtain expertise in a specific area of training, as well as preparation for creative work in a specific profession, leading to the master&#8217;s degree or equivalent.<\/p>\n<p>\u2022 Study the third degree \u2013 PHD studies, for which candidates are admitted with a master&#8217;s degree or equivalent degree, in order to obtain advanced knowledge in a particular field or discipline of science, preparing them for independent research and creative activity and to obtain the academic degree of doctor.<\/p>\n<p>Students who have obtained a university degree have the opportunity to continue learning in postgraduate programs.<\/p>\n<p>important links:<\/p>\n<p><a href=\"http:\/\/www.ajp.gdansk.pl\/\" target=\"_blank\" rel=\"noopener noreferrer\">Academy of Polish Language<\/a><\/p>\n","protected":false},"excerpt":{"rendered":"<p>POLISH STUDIES IN HUNGARY E\u00d6TV\u00d6S\u00a0LOR\u00c1ND UNIVERSITY IN BUDAPEST The first Polish Studies Faculty in Hungary.\u00a0Polish Studies at the ELTE University offers bachelor\u2019s and master&#8217;s degree, facultative classes, PhD Studies. The current number of students: 90. ELTE University in BudapestFaculty of Humanities School of Slavic and Baltic Philology\u00a0Polish StudiesHead of the Chair: Dr Zsuzsanna R\u00e1duly P\u00c1ZM\u00c1NY\u00a0P\u00c9TER [&hellip;]<\/p>\n","protected":false},"author":1,"featured_media":0,"parent":0,"menu_order":0,"comment_status":"closed","ping_status":"closed","template":"","meta":{"inline_featured_image":false,"_monsterinsights_skip_tracking":false,"_monsterinsights_sitenote_active":false,"_monsterinsights_sitenote_note":"","_monsterinsights_sitenote_category":0,"footnotes":""},"class_list":["post-989","page","type-page","status-publish","hentry"],"yoast_head":"<!-- This site is optimized with the Yoast SEO plugin v24.6 - https:\/\/yoast.com\/wordpress\/plugins\/seo\/ -->\n<title>Studies - Instytut Polski w Budapeszcie<\/title>\n<meta name=\"robots\" content=\"index, follow, max-snippet:-1, max-image-preview:large, max-video-preview:-1\" \/>\n<link rel=\"canonical\" href=\"https:\/\/instytutpolski.pl\/budapest\/studies\/\" \/>\n<meta property=\"og:locale\" content=\"pl_PL\" \/>\n<meta property=\"og:type\" content=\"article\" \/>\n<meta property=\"og:title\" content=\"Studies - Instytut Polski w Budapeszcie\" \/>\n<meta property=\"og:description\" content=\"POLISH STUDIES IN HUNGARY E\u00d6TV\u00d6S\u00a0LOR\u00c1ND UNIVERSITY IN BUDAPEST The first Polish Studies Faculty in Hungary.\u00a0Polish Studies at the ELTE University offers bachelor\u2019s and master&#8217;s degree, facultative classes, PhD Studies. The current number of students: 90. ELTE University in BudapestFaculty of Humanities School of Slavic and Baltic Philology\u00a0Polish StudiesHead of the Chair: Dr Zsuzsanna R\u00e1duly P\u00c1ZM\u00c1NY\u00a0P\u00c9TER [&hellip;]\" \/>\n<meta property=\"og:url\" content=\"https:\/\/instytutpolski.pl\/budapest\/studies\/\" \/>\n<meta property=\"og:site_name\" content=\"Instytut Polski w Budapeszcie\" \/>\n<meta property=\"article:modified_time\" content=\"2019-06-11T17:06:19+00:00\" \/>\n<meta property=\"og:image\" content=\"https:\/\/instytutpolski.pl\/budapeszt\/wp-content\/uploads\/sites\/21\/2019\/06\/elte.jpg\" \/>\n<meta name=\"twitter:card\" content=\"summary_large_image\" \/>\n<meta name=\"twitter:label1\" content=\"Szacowany czas czytania\" \/>\n\t<meta name=\"twitter:data1\" content=\"2 minuty\" \/>\n<script type=\"application\/ld+json\" class=\"yoast-schema-graph\">{\"@context\":\"https:\/\/schema.org\",\"@graph\":[{\"@type\":\"WebPage\",\"@id\":\"https:\/\/instytutpolski.pl\/budapest\/studies\/\",\"url\":\"https:\/\/instytutpolski.pl\/budapest\/studies\/\",\"name\":\"Studies - Instytut Polski w Budapeszcie\",\"isPartOf\":{\"@id\":\"https:\/\/instytutpolski.pl\/budapest\/#website\"},\"primaryImageOfPage\":{\"@id\":\"https:\/\/instytutpolski.pl\/budapest\/studies\/#primaryimage\"},\"image\":{\"@id\":\"https:\/\/instytutpolski.pl\/budapest\/studies\/#primaryimage\"},\"thumbnailUrl\":\"https:\/\/instytutpolski.pl\/budapeszt\/wp-content\/uploads\/sites\/21\/2019\/06\/elte.jpg\",\"datePublished\":\"2019-06-11T16:57:02+00:00\",\"dateModified\":\"2019-06-11T17:06:19+00:00\",\"breadcrumb\":{\"@id\":\"https:\/\/instytutpolski.pl\/budapest\/studies\/#breadcrumb\"},\"inLanguage\":\"pl-PL\",\"potentialAction\":[{\"@type\":\"ReadAction\",\"target\":[\"https:\/\/instytutpolski.pl\/budapest\/studies\/\"]}]},{\"@type\":\"ImageObject\",\"inLanguage\":\"pl-PL\",\"@id\":\"https:\/\/instytutpolski.pl\/budapest\/studies\/#primaryimage\",\"url\":\"https:\/\/instytutpolski.pl\/budapeszt\/wp-content\/uploads\/sites\/21\/2019\/06\/elte.jpg\",\"contentUrl\":\"https:\/\/instytutpolski.pl\/budapeszt\/wp-content\/uploads\/sites\/21\/2019\/06\/elte.jpg\"},{\"@type\":\"BreadcrumbList\",\"@id\":\"https:\/\/instytutpolski.pl\/budapest\/studies\/#breadcrumb\",\"itemListElement\":[{\"@type\":\"ListItem\",\"position\":1,\"name\":\"Home\",\"item\":\"https:\/\/instytutpolski.pl\/budapest\/\"},{\"@type\":\"ListItem\",\"position\":2,\"name\":\"Studies\"}]},{\"@type\":\"WebSite\",\"@id\":\"https:\/\/instytutpolski.pl\/budapest\/#website\",\"url\":\"https:\/\/instytutpolski.pl\/budapest\/\",\"name\":\"Instytut Polski w Budapeszcie\",\"description\":\"Instytuty Polskie\",\"potentialAction\":[{\"@type\":\"SearchAction\",\"target\":{\"@type\":\"EntryPoint\",\"urlTemplate\":\"https:\/\/instytutpolski.pl\/budapest\/?s={search_term_string}\"},\"query-input\":{\"@type\":\"PropertyValueSpecification\",\"valueRequired\":true,\"valueName\":\"search_term_string\"}}],\"inLanguage\":\"pl-PL\"}]}<\/script>\n<!-- \/ Yoast SEO plugin. -->","yoast_head_json":{"title":"Studies - Instytut Polski w Budapeszcie","robots":{"index":"index","follow":"follow","max-snippet":"max-snippet:-1","max-image-preview":"max-image-preview:large","max-video-preview":"max-video-preview:-1"},"canonical":"https:\/\/instytutpolski.pl\/budapest\/studies\/","og_locale":"pl_PL","og_type":"article","og_title":"Studies - Instytut Polski w Budapeszcie","og_description":"POLISH STUDIES IN HUNGARY E\u00d6TV\u00d6S\u00a0LOR\u00c1ND UNIVERSITY IN BUDAPEST The first Polish Studies Faculty in Hungary.\u00a0Polish Studies at the ELTE University offers bachelor\u2019s and master&#8217;s degree, facultative classes, PhD Studies. The current number of students: 90. ELTE University in BudapestFaculty of Humanities School of Slavic and Baltic Philology\u00a0Polish StudiesHead of the Chair: Dr Zsuzsanna R\u00e1duly P\u00c1ZM\u00c1NY\u00a0P\u00c9TER [&hellip;]","og_url":"https:\/\/instytutpolski.pl\/budapest\/studies\/","og_site_name":"Instytut Polski w Budapeszcie","article_modified_time":"2019-06-11T17:06:19+00:00","og_image":[{"url":"https:\/\/instytutpolski.pl\/budapeszt\/wp-content\/uploads\/sites\/21\/2019\/06\/elte.jpg","type":"","width":"","height":""}],"twitter_card":"summary_large_image","twitter_misc":{"Szacowany czas czytania":"2 minuty"},"schema":{"@context":"https:\/\/schema.org","@graph":[{"@type":"WebPage","@id":"https:\/\/instytutpolski.pl\/budapest\/studies\/","url":"https:\/\/instytutpolski.pl\/budapest\/studies\/","name":"Studies - Instytut Polski w Budapeszcie","isPartOf":{"@id":"https:\/\/instytutpolski.pl\/budapest\/#website"},"primaryImageOfPage":{"@id":"https:\/\/instytutpolski.pl\/budapest\/studies\/#primaryimage"},"image":{"@id":"https:\/\/instytutpolski.pl\/budapest\/studies\/#primaryimage"},"thumbnailUrl":"https:\/\/instytutpolski.pl\/budapeszt\/wp-content\/uploads\/sites\/21\/2019\/06\/elte.jpg","datePublished":"2019-06-11T16:57:02+00:00","dateModified":"2019-06-11T17:06:19+00:00","breadcrumb":{"@id":"https:\/\/instytutpolski.pl\/budapest\/studies\/#breadcrumb"},"inLanguage":"pl-PL","potentialAction":[{"@type":"ReadAction","target":["https:\/\/instytutpolski.pl\/budapest\/studies\/"]}]},{"@type":"ImageObject","inLanguage":"pl-PL","@id":"https:\/\/instytutpolski.pl\/budapest\/studies\/#primaryimage","url":"https:\/\/instytutpolski.pl\/budapeszt\/wp-content\/uploads\/sites\/21\/2019\/06\/elte.jpg","contentUrl":"https:\/\/instytutpolski.pl\/budapeszt\/wp-content\/uploads\/sites\/21\/2019\/06\/elte.jpg"},{"@type":"BreadcrumbList","@id":"https:\/\/instytutpolski.pl\/budapest\/studies\/#breadcrumb","itemListElement":[{"@type":"ListItem","position":1,"name":"Home","item":"https:\/\/instytutpolski.pl\/budapest\/"},{"@type":"ListItem","position":2,"name":"Studies"}]},{"@type":"WebSite","@id":"https:\/\/instytutpolski.pl\/budapest\/#website","url":"https:\/\/instytutpolski.pl\/budapest\/","name":"Instytut Polski w Budapeszcie","description":"Instytuty Polskie","potentialAction":[{"@type":"SearchAction","target":{"@type":"EntryPoint","urlTemplate":"https:\/\/instytutpolski.pl\/budapest\/?s={search_term_string}"},"query-input":{"@type":"PropertyValueSpecification","valueRequired":true,"valueName":"search_term_string"}}],"inLanguage":"pl-PL"}]}},"_links":{"self":[{"href":"https:\/\/instytutpolski.pl\/budapest\/wp-json\/wp\/v2\/pages\/989","targetHints":{"allow":["GET"]}}],"collection":[{"href":"https:\/\/instytutpolski.pl\/budapest\/wp-json\/wp\/v2\/pages"}],"about":[{"href":"https:\/\/instytutpolski.pl\/budapest\/wp-json\/wp\/v2\/types\/page"}],"author":[{"embeddable":true,"href":"https:\/\/instytutpolski.pl\/budapest\/wp-json\/wp\/v2\/users\/1"}],"replies":[{"embeddable":true,"href":"https:\/\/instytutpolski.pl\/budapest\/wp-json\/wp\/v2\/comments?post=989"}],"version-history":[{"count":4,"href":"https:\/\/instytutpolski.pl\/budapest\/wp-json\/wp\/v2\/pages\/989\/revisions"}],"predecessor-version":[{"id":999,"href":"https:\/\/instytutpolski.pl\/budapest\/wp-json\/wp\/v2\/pages\/989\/revisions\/999"}],"wp:attachment":[{"href":"https:\/\/instytutpolski.pl\/budapest\/wp-json\/wp\/v2\/media?parent=989"}],"curies":[{"name":"wp","href":"https:\/\/api.w.org\/{rel}","templated":true}]}}