{"id":172,"date":"2019-05-23T12:27:01","date_gmt":"2019-05-23T10:27:01","guid":{"rendered":"https:\/\/instytutpolski.pl\/dusseldorf\/?page_id=172"},"modified":"2020-02-10T12:46:03","modified_gmt":"2020-02-10T11:46:03","slug":"allgemeines","status":"publish","type":"page","link":"https:\/\/instytutpolski.pl\/duesseldorf\/allgemeines\/","title":{"rendered":"Allgemeines"},"content":{"rendered":"\n<p>Das Polnische Institut D\u00fcsseldorf verf\u00fcgt \u00fcber eine \u00f6ffentliche und kostenlose Pr\u00e4senzbibliothek mit 7500 B\u00e4nden aus den Themenbereichen Belletristik, Geschichte, Landeskunde uvm., au\u00dferdem Musik-CDs, Film-DVDs, deutscher und polnischer Presse.<br \/><br \/>Unsere Bibliothek ist ab sofort online zug\u00e4nglich (siehe oben links).<br \/><br \/>Wir w\u00fcrden uns aber auch \u00fcber Ihren Besuch in unserer Bibliothek auf der Citadellstr. 7 in der D\u00fcsseldorfer Altstadt freuen.<br \/><br \/><strong>\u00d6ffnungszeiten:\u00a0<\/strong><br \/>Dienstag: 16.00 bis 19.00 Uhr<br \/>Mittwoch: 16.00 bis 19.00 Uhr<br \/>Donnerstag: 12.00 bis 16.00 Uhr<br \/><br \/>Ansprechpartnerin: Monika Werner<br \/><br \/>Sammlung:<br \/>Die Sammlung unserer Bibliothek umfasst ca. 7.500 B\u00e4nde sowie ca. 1200 DVDs, Videos, CDs , CD-ROMs<br \/><br \/>Bibliographische Datenbank zur Holocaustliteratur und -kultur im mittleren und \u00f6stlichen Europa (DaHo):<br \/><a href=\"http:\/\/www.uni-giessen.de\/cms\/fbz\/fb05\/slavistik\/fachrichtungen\/holocaust\/bibl\">http:\/\/www.uni-giessen.de\/cms\/fbz\/fb05\/slavistik\/fachrichtungen\/holocaust\/bibl<\/a>\u00a0<br \/><br \/><strong>Themenbereiche:<\/strong><br \/>\u2022 Nachschlagewerke<br \/>\u2022 Polnische Literatur im Original und deutscher \u00dcbersetzung<br \/>\u2022 Geschichte Polens, Weltgeschichte<br \/>\u2022 Deutsch-polnische Beziehungen<br \/>\u2022 Kulturgeschichte Polens (Kunstgeschichte, Kunstbildb\u00e4nde, Literaturgeschichte, Theater, Film, Musik)<br \/>\u2022 Landeskunde, Reisef\u00fchrer<br \/>\u2022 Kinder- und Jugendliteratur<br \/>\u2022 Weltliteratur \/ Fremdsprachige Literatur<br \/>\u2022 Lehr- und Lernmaterial f\u00fcr den Polnischunterricht (B\u00fccher, CDs)<br \/>\u2022 Spiel- und Dokumentarfilme (VHS und DVD)<br \/>\u2022 Polnische Musik \u2013 Klassik, Jazz, Folk, Pop (CD)<br \/>\u2022 Polnische Tageszeitungen, Zeitschriften, Periodika<br \/><br \/><strong>Nutzung der Bibliothek<\/strong><br \/>\u2022 Der Bestand der Bibliothek ist allen Besuchern kostenlos und im Freihandbestand zug\u00e4nglich.<br \/>\u2022 F\u00fcr die Ausleihe von Medien ist eine Anmeldung mit Personalausweis erforderlich. Falls die Adresse des Ausweises mit der Adresse des Benutzers nicht \u00fcbereinstimmt, ben\u00f6tigen wir die Anmeldebescheinigung .<br \/>\u2022 B\u00fccher, CDs, Videofilme und Kassetten sind ausleihbar.<br \/>\u2022 Von der Ausleihe ausgeschlossen sind Nachschlagewerke, Zeitungen und Zeitschriften, die sich im Pr\u00e4senzbestand der Bibliothek befinden und vor Ort eingesehen werden k\u00f6nnen.<br \/><br \/><strong>Kaution<\/strong><br \/>\u2022 DVDs, Videos, CDs, CD-ROMs unterliegen einer Kaution in H\u00f6he von 15,- Euro pro St\u00fcck. Die Kaution wird nach der R\u00fcckgabe des Medium zur\u00fcckgezahlt.<br \/><br \/><strong>Leihfrist\u00a0<\/strong><br \/>\u2022 B\u00fccher: 4 Wochen<br \/>\u2022 DVDs, Videos, CDs, CD-ROMs: 2 Wochen<br \/><br \/><strong>Fristverl\u00e4ngerung:<\/strong><br \/>Tel.: 0211 866 96 18<br \/>Mail:\u00a0<a href=\"monika.werner@instytutpolski.org\">monika.werner@instytutpolski.org<\/a><\/p>\n","protected":false},"excerpt":{"rendered":"<p>Das Polnische Institut D\u00fcsseldorf verf\u00fcgt \u00fcber eine \u00f6ffentliche und kostenlose Pr\u00e4senzbibliothek mit 7500 B\u00e4nden aus den Themenbereichen Belletristik, Geschichte, Landeskunde uvm., au\u00dferdem Musik-CDs, Film-DVDs, deutscher und polnischer Presse. Unsere Bibliothek ist ab sofort online zug\u00e4nglich (siehe oben links). Wir w\u00fcrden uns aber auch \u00fcber Ihren Besuch in unserer Bibliothek auf der Citadellstr. 7 in der [&hellip;]<\/p>\n","protected":false},"author":1,"featured_media":179,"parent":0,"menu_order":0,"comment_status":"closed","ping_status":"closed","template":"","meta":{"inline_featured_image":false,"_monsterinsights_skip_tracking":false,"_monsterinsights_sitenote_active":false,"_monsterinsights_sitenote_note":"","_monsterinsights_sitenote_category":0,"footnotes":""},"class_list":["post-172","page","type-page","status-publish","has-post-thumbnail","hentry"],"yoast_head":"<!-- This site is optimized with the Yoast SEO plugin v24.6 - https:\/\/yoast.com\/wordpress\/plugins\/seo\/ -->\n<title>Allgemeines - Instytut Polski w Dusseldorfie<\/title>\n<meta name=\"robots\" content=\"index, follow, max-snippet:-1, max-image-preview:large, max-video-preview:-1\" \/>\n<link rel=\"canonical\" href=\"https:\/\/instytutpolski.pl\/duesseldorf\/allgemeines\/\" \/>\n<meta property=\"og:locale\" content=\"pl_PL\" \/>\n<meta property=\"og:type\" content=\"article\" \/>\n<meta property=\"og:title\" content=\"Allgemeines - Instytut Polski w Dusseldorfie\" \/>\n<meta property=\"og:description\" content=\"Das Polnische Institut D\u00fcsseldorf verf\u00fcgt \u00fcber eine \u00f6ffentliche und kostenlose Pr\u00e4senzbibliothek mit 7500 B\u00e4nden aus den Themenbereichen Belletristik, Geschichte, Landeskunde uvm., au\u00dferdem Musik-CDs, Film-DVDs, deutscher und polnischer Presse. Unsere Bibliothek ist ab sofort online zug\u00e4nglich (siehe oben links). Wir w\u00fcrden uns aber auch \u00fcber Ihren Besuch in unserer Bibliothek auf der Citadellstr. 7 in der [&hellip;]\" \/>\n<meta property=\"og:url\" content=\"https:\/\/instytutpolski.pl\/duesseldorf\/allgemeines\/\" \/>\n<meta property=\"og:site_name\" content=\"Instytut Polski w Dusseldorfie\" \/>\n<meta property=\"article:modified_time\" content=\"2020-02-10T11:46:03+00:00\" \/>\n<meta property=\"og:image\" content=\"https:\/\/instytutpolski.pl\/duesseldorf\/wp-content\/uploads\/sites\/5\/2019\/05\/bg-content-top-allgemeines.jpg\" \/>\n\t<meta property=\"og:image:width\" content=\"737\" \/>\n\t<meta property=\"og:image:height\" content=\"300\" \/>\n\t<meta property=\"og:image:type\" content=\"image\/jpeg\" \/>\n<meta name=\"twitter:card\" content=\"summary_large_image\" \/>\n<meta name=\"twitter:label1\" content=\"Szacowany czas czytania\" \/>\n\t<meta name=\"twitter:data1\" content=\"1 minuta\" \/>\n<script type=\"application\/ld+json\" class=\"yoast-schema-graph\">{\"@context\":\"https:\/\/schema.org\",\"@graph\":[{\"@type\":\"WebPage\",\"@id\":\"https:\/\/instytutpolski.pl\/duesseldorf\/allgemeines\/\",\"url\":\"https:\/\/instytutpolski.pl\/duesseldorf\/allgemeines\/\",\"name\":\"Allgemeines - Instytut Polski w Dusseldorfie\",\"isPartOf\":{\"@id\":\"https:\/\/instytutpolski.pl\/duesseldorf\/#website\"},\"primaryImageOfPage\":{\"@id\":\"https:\/\/instytutpolski.pl\/duesseldorf\/allgemeines\/#primaryimage\"},\"image\":{\"@id\":\"https:\/\/instytutpolski.pl\/duesseldorf\/allgemeines\/#primaryimage\"},\"thumbnailUrl\":\"https:\/\/instytutpolski.pl\/duesseldorf\/wp-content\/uploads\/sites\/5\/2019\/05\/bg-content-top-allgemeines.jpg\",\"datePublished\":\"2019-05-23T10:27:01+00:00\",\"dateModified\":\"2020-02-10T11:46:03+00:00\",\"breadcrumb\":{\"@id\":\"https:\/\/instytutpolski.pl\/duesseldorf\/allgemeines\/#breadcrumb\"},\"inLanguage\":\"pl-PL\",\"potentialAction\":[{\"@type\":\"ReadAction\",\"target\":[\"https:\/\/instytutpolski.pl\/duesseldorf\/allgemeines\/\"]}]},{\"@type\":\"ImageObject\",\"inLanguage\":\"pl-PL\",\"@id\":\"https:\/\/instytutpolski.pl\/duesseldorf\/allgemeines\/#primaryimage\",\"url\":\"https:\/\/instytutpolski.pl\/duesseldorf\/wp-content\/uploads\/sites\/5\/2019\/05\/bg-content-top-allgemeines.jpg\",\"contentUrl\":\"https:\/\/instytutpolski.pl\/duesseldorf\/wp-content\/uploads\/sites\/5\/2019\/05\/bg-content-top-allgemeines.jpg\",\"width\":737,\"height\":300},{\"@type\":\"BreadcrumbList\",\"@id\":\"https:\/\/instytutpolski.pl\/duesseldorf\/allgemeines\/#breadcrumb\",\"itemListElement\":[{\"@type\":\"ListItem\",\"position\":1,\"name\":\"Home\",\"item\":\"https:\/\/instytutpolski.pl\/duesseldorf\/\"},{\"@type\":\"ListItem\",\"position\":2,\"name\":\"Allgemeines\"}]},{\"@type\":\"WebSite\",\"@id\":\"https:\/\/instytutpolski.pl\/duesseldorf\/#website\",\"url\":\"https:\/\/instytutpolski.pl\/duesseldorf\/\",\"name\":\"Instytut Polski w Dusseldorfie\",\"description\":\"Instytuty Polskie\",\"potentialAction\":[{\"@type\":\"SearchAction\",\"target\":{\"@type\":\"EntryPoint\",\"urlTemplate\":\"https:\/\/instytutpolski.pl\/duesseldorf\/?s={search_term_string}\"},\"query-input\":{\"@type\":\"PropertyValueSpecification\",\"valueRequired\":true,\"valueName\":\"search_term_string\"}}],\"inLanguage\":\"pl-PL\"}]}<\/script>\n<!-- \/ Yoast SEO plugin. -->","yoast_head_json":{"title":"Allgemeines - Instytut Polski w Dusseldorfie","robots":{"index":"index","follow":"follow","max-snippet":"max-snippet:-1","max-image-preview":"max-image-preview:large","max-video-preview":"max-video-preview:-1"},"canonical":"https:\/\/instytutpolski.pl\/duesseldorf\/allgemeines\/","og_locale":"pl_PL","og_type":"article","og_title":"Allgemeines - Instytut Polski w Dusseldorfie","og_description":"Das Polnische Institut D\u00fcsseldorf verf\u00fcgt \u00fcber eine \u00f6ffentliche und kostenlose Pr\u00e4senzbibliothek mit 7500 B\u00e4nden aus den Themenbereichen Belletristik, Geschichte, Landeskunde uvm., au\u00dferdem Musik-CDs, Film-DVDs, deutscher und polnischer Presse. Unsere Bibliothek ist ab sofort online zug\u00e4nglich (siehe oben links). Wir w\u00fcrden uns aber auch \u00fcber Ihren Besuch in unserer Bibliothek auf der Citadellstr. 7 in der [&hellip;]","og_url":"https:\/\/instytutpolski.pl\/duesseldorf\/allgemeines\/","og_site_name":"Instytut Polski w Dusseldorfie","article_modified_time":"2020-02-10T11:46:03+00:00","og_image":[{"width":737,"height":300,"url":"https:\/\/instytutpolski.pl\/duesseldorf\/wp-content\/uploads\/sites\/5\/2019\/05\/bg-content-top-allgemeines.jpg","type":"image\/jpeg"}],"twitter_card":"summary_large_image","twitter_misc":{"Szacowany czas czytania":"1 minuta"},"schema":{"@context":"https:\/\/schema.org","@graph":[{"@type":"WebPage","@id":"https:\/\/instytutpolski.pl\/duesseldorf\/allgemeines\/","url":"https:\/\/instytutpolski.pl\/duesseldorf\/allgemeines\/","name":"Allgemeines - Instytut Polski w Dusseldorfie","isPartOf":{"@id":"https:\/\/instytutpolski.pl\/duesseldorf\/#website"},"primaryImageOfPage":{"@id":"https:\/\/instytutpolski.pl\/duesseldorf\/allgemeines\/#primaryimage"},"image":{"@id":"https:\/\/instytutpolski.pl\/duesseldorf\/allgemeines\/#primaryimage"},"thumbnailUrl":"https:\/\/instytutpolski.pl\/duesseldorf\/wp-content\/uploads\/sites\/5\/2019\/05\/bg-content-top-allgemeines.jpg","datePublished":"2019-05-23T10:27:01+00:00","dateModified":"2020-02-10T11:46:03+00:00","breadcrumb":{"@id":"https:\/\/instytutpolski.pl\/duesseldorf\/allgemeines\/#breadcrumb"},"inLanguage":"pl-PL","potentialAction":[{"@type":"ReadAction","target":["https:\/\/instytutpolski.pl\/duesseldorf\/allgemeines\/"]}]},{"@type":"ImageObject","inLanguage":"pl-PL","@id":"https:\/\/instytutpolski.pl\/duesseldorf\/allgemeines\/#primaryimage","url":"https:\/\/instytutpolski.pl\/duesseldorf\/wp-content\/uploads\/sites\/5\/2019\/05\/bg-content-top-allgemeines.jpg","contentUrl":"https:\/\/instytutpolski.pl\/duesseldorf\/wp-content\/uploads\/sites\/5\/2019\/05\/bg-content-top-allgemeines.jpg","width":737,"height":300},{"@type":"BreadcrumbList","@id":"https:\/\/instytutpolski.pl\/duesseldorf\/allgemeines\/#breadcrumb","itemListElement":[{"@type":"ListItem","position":1,"name":"Home","item":"https:\/\/instytutpolski.pl\/duesseldorf\/"},{"@type":"ListItem","position":2,"name":"Allgemeines"}]},{"@type":"WebSite","@id":"https:\/\/instytutpolski.pl\/duesseldorf\/#website","url":"https:\/\/instytutpolski.pl\/duesseldorf\/","name":"Instytut Polski w Dusseldorfie","description":"Instytuty Polskie","potentialAction":[{"@type":"SearchAction","target":{"@type":"EntryPoint","urlTemplate":"https:\/\/instytutpolski.pl\/duesseldorf\/?s={search_term_string}"},"query-input":{"@type":"PropertyValueSpecification","valueRequired":true,"valueName":"search_term_string"}}],"inLanguage":"pl-PL"}]}},"_links":{"self":[{"href":"https:\/\/instytutpolski.pl\/duesseldorf\/wp-json\/wp\/v2\/pages\/172","targetHints":{"allow":["GET"]}}],"collection":[{"href":"https:\/\/instytutpolski.pl\/duesseldorf\/wp-json\/wp\/v2\/pages"}],"about":[{"href":"https:\/\/instytutpolski.pl\/duesseldorf\/wp-json\/wp\/v2\/types\/page"}],"author":[{"embeddable":true,"href":"https:\/\/instytutpolski.pl\/duesseldorf\/wp-json\/wp\/v2\/users\/1"}],"replies":[{"embeddable":true,"href":"https:\/\/instytutpolski.pl\/duesseldorf\/wp-json\/wp\/v2\/comments?post=172"}],"version-history":[{"count":4,"href":"https:\/\/instytutpolski.pl\/duesseldorf\/wp-json\/wp\/v2\/pages\/172\/revisions"}],"predecessor-version":[{"id":923,"href":"https:\/\/instytutpolski.pl\/duesseldorf\/wp-json\/wp\/v2\/pages\/172\/revisions\/923"}],"wp:featuredmedia":[{"embeddable":true,"href":"https:\/\/instytutpolski.pl\/duesseldorf\/wp-json\/wp\/v2\/media\/179"}],"wp:attachment":[{"href":"https:\/\/instytutpolski.pl\/duesseldorf\/wp-json\/wp\/v2\/media?parent=172"}],"curies":[{"name":"wp","href":"https:\/\/api.w.org\/{rel}","templated":true}]}}