{"id":2046,"date":"2019-06-25T12:13:40","date_gmt":"2019-06-25T10:13:40","guid":{"rendered":"https:\/\/instytutpolski.pl\/duesseldorf\/?page_id=2046"},"modified":"2020-06-08T16:48:01","modified_gmt":"2020-06-08T14:48:01","slug":"o-nas","status":"publish","type":"page","link":"https:\/\/instytutpolski.pl\/duesseldorf\/pl\/o-nas\/","title":{"rendered":"O nas"},"content":{"rendered":"\n<p>G\u0142\u00f3wnym zadaniem Instytut\u00f3w Polskich jest realizacja przes\u0142ania polskiej dyplomacji publicznej: dbanie o dobre imi\u0119 Polski i jej nieskazitelny wizerunek (w szczeg\u00f3lno\u015bci poprzez zapewnienie polskiej obecno\u015bci w przedsi\u0119wzi\u0119ciach mi\u0119dzynarodowych) oraz nawi\u0105zywanie i utrzymywanie kontakt\u00f3w z zagranicznymi partnerami z dziedziny kultury, edukacji, nauki i \u017cycia spo\u0142ecznego.<\/p>\n<p>Dzia\u0142alno\u015b\u0107 instytut\u00f3w polskich ma na celu promocj\u0119 Polski na arenie mi\u0119dzynarodowej, w tym eliminowanie nieprawdziwych stereotyp\u00f3w i jednostronnych opinii dotycz\u0105cych najnowszej historii kraju. Minister Spraw Zagranicznych w oparciu o priorytety polskiej polityki zagranicznej okre\u015bla strategiczne kierunki rozwoju dyplomacji publicznej i kulturalnej, wyznacza obszary priorytetowe w dzia\u0142aniach plac\u00f3wek zagranicznych w tej sferze oraz zapewnia instrumenty s\u0142u\u017c\u0105ce ich realizacji.<\/p>\n<p><strong>Instytut Polski w D\u00fcsseldorfie<\/strong> jest jedn\u0105 z 25 plac\u00f3wek na \u015bwiecie, powo\u0142anych przez polskie MSZ. Dbanie o dobre imi\u0119 Polski i jej nieskazitelny wizerunek Instytut realizuje poprzez upowszechnianie polskiej kultury, wiedzy o historii oraz dziedzictwie narodowym w \u015bwiecie, a tak\u017ce promocja wsp\u00f3\u0142pracy w dziedzinie kultury, edukacji, nauki oraz \u017cycia spo\u0142ecznego. Instytuty Polskie spe\u0142niaj\u0105 funkcje kompetentnych centr\u00f3w promocji wiedzy o Polsce przez dzia\u0142alno\u015b\u0107 informacyjno-edukacyjn\u0105 oraz zapewnienie polskiej obecno\u015bci w \u017cyciu kulturalnym poszczeg\u00f3lnych kraj\u00f3w. G\u0142\u00f3wnymi zadaniami plac\u00f3wek jest wprowadzanie polskiej kultury do najwa\u017cniejszych o\u015brodk\u00f3w kraj\u00f3w ich funkcjonowania oraz dba\u0142o\u015b\u0107 o zapewnienie znacz\u0105cej polskiej obecno\u015bci w przedsi\u0119wzi\u0119ciach mi\u0119dzynarodowych, a tak\u017ce dzia\u0142anie na rzecz nawi\u0105zywania trwa\u0142ych kontakt\u00f3w mi\u0119dzy polskimi i zagranicznymi partnerami, aktywnymi w sferze mi\u0119dzynarodowej wymiany kulturalnej.<\/p>\n<p>Wsparcie ze strony polskiej dla dzia\u0142alno\u015bci Instytut\u00f3w Polskich w \u015bwiecie zapewniaj\u0105 &#8211; poza MSZ &#8211; krajowe instytucje kultury, kt\u00f3re w swoich zadaniach umie\u015bci\u0142y wsp\u00f3\u0142prac\u0119 mi\u0119dzynarodow\u0105, m.in. Polski Instytut Sztuki Filmowej, Instytut Ksi\u0105\u017cki, Instytut Teatralny, Narodowy Instytut Fryderyka Chopina oraz Instytut Adama Mickiewicza.<\/p>\n<p><strong>Instytut Polski w Duesseldorfie<\/strong>, w stolicy Nadrenii P\u00f3\u0142nocnej Westfalii, datuj\u0105cy swe istnienie od 1993 roku, sta\u0142 si\u0119 aktywnym wsp\u00f3\u0142uczestnikiem \u017cycia kulturalnego swego miasta, regionu oraz s\u0105siednich kraj\u00f3w zwi\u0105zkowych Niemiec. W swojej dzia\u0142alno\u015bci wychodzi daleko poza w\u0142asn\u0105, niezwykle atrakcyjn\u0105, siedzib\u0119. Opr\u00f3cz prezentowanych we galerii wystaw, prowadzenia na miejscu biblioteki, seminari\u00f3w i projekt\u00f3w edukacyjnych Instytut jest aktywnym uczestnikiem wielu inicjatyw wy\u017cszych uczelni, muze\u00f3w, galerii, wsp\u00f3\u0142kszta\u0142tuje repertuar sal koncertowych, festiwali literackich, teatralnych i filmowych oraz organizuje podr\u00f3\u017ce studyjne do Polski.<\/p>\n","protected":false},"excerpt":{"rendered":"<p>G\u0142\u00f3wnym zadaniem Instytut\u00f3w Polskich jest realizacja przes\u0142ania polskiej dyplomacji publicznej: dbanie o dobre imi\u0119 Polski i jej nieskazitelny wizerunek (w szczeg\u00f3lno\u015bci poprzez zapewnienie polskiej obecno\u015bci w przedsi\u0119wzi\u0119ciach mi\u0119dzynarodowych) oraz nawi\u0105zywanie i utrzymywanie kontakt\u00f3w z zagranicznymi partnerami z dziedziny kultury, edukacji, nauki i \u017cycia spo\u0142ecznego. Dzia\u0142alno\u015b\u0107 instytut\u00f3w polskich ma na celu promocj\u0119 Polski na arenie mi\u0119dzynarodowej, [&hellip;]<\/p>\n","protected":false},"author":26,"featured_media":1429,"parent":0,"menu_order":0,"comment_status":"closed","ping_status":"closed","template":"","meta":{"inline_featured_image":false,"_monsterinsights_skip_tracking":false,"_monsterinsights_sitenote_active":false,"_monsterinsights_sitenote_note":"","_monsterinsights_sitenote_category":0,"footnotes":""},"class_list":["post-2046","page","type-page","status-publish","has-post-thumbnail","hentry"],"yoast_head":"<!-- This site is optimized with the Yoast SEO plugin v24.6 - https:\/\/yoast.com\/wordpress\/plugins\/seo\/ -->\n<title>O nas - Instytut Polski w Dusseldorfie<\/title>\n<meta name=\"robots\" content=\"index, follow, max-snippet:-1, max-image-preview:large, max-video-preview:-1\" \/>\n<link rel=\"canonical\" href=\"https:\/\/instytutpolski.pl\/duesseldorf\/pl\/o-nas\/\" \/>\n<meta property=\"og:locale\" content=\"pl_PL\" \/>\n<meta property=\"og:type\" content=\"article\" \/>\n<meta property=\"og:title\" content=\"O nas - Instytut Polski w Dusseldorfie\" \/>\n<meta property=\"og:description\" content=\"G\u0142\u00f3wnym zadaniem Instytut\u00f3w Polskich jest realizacja przes\u0142ania polskiej dyplomacji publicznej: dbanie o dobre imi\u0119 Polski i jej nieskazitelny wizerunek (w szczeg\u00f3lno\u015bci poprzez zapewnienie polskiej obecno\u015bci w przedsi\u0119wzi\u0119ciach mi\u0119dzynarodowych) oraz nawi\u0105zywanie i utrzymywanie kontakt\u00f3w z zagranicznymi partnerami z dziedziny kultury, edukacji, nauki i \u017cycia spo\u0142ecznego. Dzia\u0142alno\u015b\u0107 instytut\u00f3w polskich ma na celu promocj\u0119 Polski na arenie mi\u0119dzynarodowej, [&hellip;]\" \/>\n<meta property=\"og:url\" content=\"https:\/\/instytutpolski.pl\/duesseldorf\/pl\/o-nas\/\" \/>\n<meta property=\"og:site_name\" content=\"Instytut Polski w Dusseldorfie\" \/>\n<meta property=\"article:modified_time\" content=\"2020-06-08T14:48:01+00:00\" \/>\n<meta property=\"og:image\" content=\"https:\/\/instytutpolski.pl\/duesseldorf\/wp-content\/uploads\/sites\/5\/2020\/04\/Dobry-motyw-do-INT.png\" \/>\n\t<meta property=\"og:image:width\" content=\"941\" \/>\n\t<meta property=\"og:image:height\" content=\"527\" \/>\n\t<meta property=\"og:image:type\" content=\"image\/png\" \/>\n<meta name=\"twitter:card\" content=\"summary_large_image\" \/>\n<meta name=\"twitter:label1\" content=\"Szacowany czas czytania\" \/>\n\t<meta name=\"twitter:data1\" content=\"2 minuty\" \/>\n<script type=\"application\/ld+json\" class=\"yoast-schema-graph\">{\"@context\":\"https:\/\/schema.org\",\"@graph\":[{\"@type\":\"WebPage\",\"@id\":\"https:\/\/instytutpolski.pl\/duesseldorf\/pl\/o-nas\/\",\"url\":\"https:\/\/instytutpolski.pl\/duesseldorf\/pl\/o-nas\/\",\"name\":\"O nas - Instytut Polski w Dusseldorfie\",\"isPartOf\":{\"@id\":\"https:\/\/instytutpolski.pl\/duesseldorf\/#website\"},\"primaryImageOfPage\":{\"@id\":\"https:\/\/instytutpolski.pl\/duesseldorf\/pl\/o-nas\/#primaryimage\"},\"image\":{\"@id\":\"https:\/\/instytutpolski.pl\/duesseldorf\/pl\/o-nas\/#primaryimage\"},\"thumbnailUrl\":\"https:\/\/instytutpolski.pl\/duesseldorf\/wp-content\/uploads\/sites\/5\/2020\/04\/Dobry-motyw-do-INT.png\",\"datePublished\":\"2019-06-25T10:13:40+00:00\",\"dateModified\":\"2020-06-08T14:48:01+00:00\",\"breadcrumb\":{\"@id\":\"https:\/\/instytutpolski.pl\/duesseldorf\/pl\/o-nas\/#breadcrumb\"},\"inLanguage\":\"pl-PL\",\"potentialAction\":[{\"@type\":\"ReadAction\",\"target\":[\"https:\/\/instytutpolski.pl\/duesseldorf\/pl\/o-nas\/\"]}]},{\"@type\":\"ImageObject\",\"inLanguage\":\"pl-PL\",\"@id\":\"https:\/\/instytutpolski.pl\/duesseldorf\/pl\/o-nas\/#primaryimage\",\"url\":\"https:\/\/instytutpolski.pl\/duesseldorf\/wp-content\/uploads\/sites\/5\/2020\/04\/Dobry-motyw-do-INT.png\",\"contentUrl\":\"https:\/\/instytutpolski.pl\/duesseldorf\/wp-content\/uploads\/sites\/5\/2020\/04\/Dobry-motyw-do-INT.png\",\"width\":941,\"height\":527},{\"@type\":\"BreadcrumbList\",\"@id\":\"https:\/\/instytutpolski.pl\/duesseldorf\/pl\/o-nas\/#breadcrumb\",\"itemListElement\":[{\"@type\":\"ListItem\",\"position\":1,\"name\":\"Home\",\"item\":\"https:\/\/instytutpolski.pl\/duesseldorf\/\"},{\"@type\":\"ListItem\",\"position\":2,\"name\":\"O nas\"}]},{\"@type\":\"WebSite\",\"@id\":\"https:\/\/instytutpolski.pl\/duesseldorf\/#website\",\"url\":\"https:\/\/instytutpolski.pl\/duesseldorf\/\",\"name\":\"Instytut Polski w Dusseldorfie\",\"description\":\"Instytuty Polskie\",\"potentialAction\":[{\"@type\":\"SearchAction\",\"target\":{\"@type\":\"EntryPoint\",\"urlTemplate\":\"https:\/\/instytutpolski.pl\/duesseldorf\/?s={search_term_string}\"},\"query-input\":{\"@type\":\"PropertyValueSpecification\",\"valueRequired\":true,\"valueName\":\"search_term_string\"}}],\"inLanguage\":\"pl-PL\"}]}<\/script>\n<!-- \/ Yoast SEO plugin. -->","yoast_head_json":{"title":"O nas - Instytut Polski w Dusseldorfie","robots":{"index":"index","follow":"follow","max-snippet":"max-snippet:-1","max-image-preview":"max-image-preview:large","max-video-preview":"max-video-preview:-1"},"canonical":"https:\/\/instytutpolski.pl\/duesseldorf\/pl\/o-nas\/","og_locale":"pl_PL","og_type":"article","og_title":"O nas - Instytut Polski w Dusseldorfie","og_description":"G\u0142\u00f3wnym zadaniem Instytut\u00f3w Polskich jest realizacja przes\u0142ania polskiej dyplomacji publicznej: dbanie o dobre imi\u0119 Polski i jej nieskazitelny wizerunek (w szczeg\u00f3lno\u015bci poprzez zapewnienie polskiej obecno\u015bci w przedsi\u0119wzi\u0119ciach mi\u0119dzynarodowych) oraz nawi\u0105zywanie i utrzymywanie kontakt\u00f3w z zagranicznymi partnerami z dziedziny kultury, edukacji, nauki i \u017cycia spo\u0142ecznego. Dzia\u0142alno\u015b\u0107 instytut\u00f3w polskich ma na celu promocj\u0119 Polski na arenie mi\u0119dzynarodowej, [&hellip;]","og_url":"https:\/\/instytutpolski.pl\/duesseldorf\/pl\/o-nas\/","og_site_name":"Instytut Polski w Dusseldorfie","article_modified_time":"2020-06-08T14:48:01+00:00","og_image":[{"width":941,"height":527,"url":"https:\/\/instytutpolski.pl\/duesseldorf\/wp-content\/uploads\/sites\/5\/2020\/04\/Dobry-motyw-do-INT.png","type":"image\/png"}],"twitter_card":"summary_large_image","twitter_misc":{"Szacowany czas czytania":"2 minuty"},"schema":{"@context":"https:\/\/schema.org","@graph":[{"@type":"WebPage","@id":"https:\/\/instytutpolski.pl\/duesseldorf\/pl\/o-nas\/","url":"https:\/\/instytutpolski.pl\/duesseldorf\/pl\/o-nas\/","name":"O nas - Instytut Polski w Dusseldorfie","isPartOf":{"@id":"https:\/\/instytutpolski.pl\/duesseldorf\/#website"},"primaryImageOfPage":{"@id":"https:\/\/instytutpolski.pl\/duesseldorf\/pl\/o-nas\/#primaryimage"},"image":{"@id":"https:\/\/instytutpolski.pl\/duesseldorf\/pl\/o-nas\/#primaryimage"},"thumbnailUrl":"https:\/\/instytutpolski.pl\/duesseldorf\/wp-content\/uploads\/sites\/5\/2020\/04\/Dobry-motyw-do-INT.png","datePublished":"2019-06-25T10:13:40+00:00","dateModified":"2020-06-08T14:48:01+00:00","breadcrumb":{"@id":"https:\/\/instytutpolski.pl\/duesseldorf\/pl\/o-nas\/#breadcrumb"},"inLanguage":"pl-PL","potentialAction":[{"@type":"ReadAction","target":["https:\/\/instytutpolski.pl\/duesseldorf\/pl\/o-nas\/"]}]},{"@type":"ImageObject","inLanguage":"pl-PL","@id":"https:\/\/instytutpolski.pl\/duesseldorf\/pl\/o-nas\/#primaryimage","url":"https:\/\/instytutpolski.pl\/duesseldorf\/wp-content\/uploads\/sites\/5\/2020\/04\/Dobry-motyw-do-INT.png","contentUrl":"https:\/\/instytutpolski.pl\/duesseldorf\/wp-content\/uploads\/sites\/5\/2020\/04\/Dobry-motyw-do-INT.png","width":941,"height":527},{"@type":"BreadcrumbList","@id":"https:\/\/instytutpolski.pl\/duesseldorf\/pl\/o-nas\/#breadcrumb","itemListElement":[{"@type":"ListItem","position":1,"name":"Home","item":"https:\/\/instytutpolski.pl\/duesseldorf\/"},{"@type":"ListItem","position":2,"name":"O nas"}]},{"@type":"WebSite","@id":"https:\/\/instytutpolski.pl\/duesseldorf\/#website","url":"https:\/\/instytutpolski.pl\/duesseldorf\/","name":"Instytut Polski w Dusseldorfie","description":"Instytuty Polskie","potentialAction":[{"@type":"SearchAction","target":{"@type":"EntryPoint","urlTemplate":"https:\/\/instytutpolski.pl\/duesseldorf\/?s={search_term_string}"},"query-input":{"@type":"PropertyValueSpecification","valueRequired":true,"valueName":"search_term_string"}}],"inLanguage":"pl-PL"}]}},"_links":{"self":[{"href":"https:\/\/instytutpolski.pl\/duesseldorf\/wp-json\/wp\/v2\/pages\/2046","targetHints":{"allow":["GET"]}}],"collection":[{"href":"https:\/\/instytutpolski.pl\/duesseldorf\/wp-json\/wp\/v2\/pages"}],"about":[{"href":"https:\/\/instytutpolski.pl\/duesseldorf\/wp-json\/wp\/v2\/types\/page"}],"author":[{"embeddable":true,"href":"https:\/\/instytutpolski.pl\/duesseldorf\/wp-json\/wp\/v2\/users\/26"}],"replies":[{"embeddable":true,"href":"https:\/\/instytutpolski.pl\/duesseldorf\/wp-json\/wp\/v2\/comments?post=2046"}],"version-history":[{"count":3,"href":"https:\/\/instytutpolski.pl\/duesseldorf\/wp-json\/wp\/v2\/pages\/2046\/revisions"}],"predecessor-version":[{"id":2181,"href":"https:\/\/instytutpolski.pl\/duesseldorf\/wp-json\/wp\/v2\/pages\/2046\/revisions\/2181"}],"wp:featuredmedia":[{"embeddable":true,"href":"https:\/\/instytutpolski.pl\/duesseldorf\/wp-json\/wp\/v2\/media\/1429"}],"wp:attachment":[{"href":"https:\/\/instytutpolski.pl\/duesseldorf\/wp-json\/wp\/v2\/media?parent=2046"}],"curies":[{"name":"wp","href":"https:\/\/api.w.org\/{rel}","templated":true}]}}