{"id":2060,"date":"2019-06-25T12:14:53","date_gmt":"2019-06-25T10:14:53","guid":{"rendered":"https:\/\/instytutpolski.pl\/duesseldorf\/?page_id=2060"},"modified":"2025-09-16T12:44:41","modified_gmt":"2025-09-16T10:44:41","slug":"biblioteka","status":"publish","type":"page","link":"https:\/\/instytutpolski.pl\/duesseldorf\/pl\/o-nas\/biblioteka\/","title":{"rendered":"Biblioteka"},"content":{"rendered":"\n<p><strong>Szanowni Pa\u0144stwo, nasza BIBLIOTEKA jest po remoncie ju\u017c otwarta. Serdecznie zapraszamy!\u00a0<\/strong><\/p>\n<p>Instytut Polski w D\u00fcsseldorfie posiada og\u00f3lnodost\u0119pn\u0105 i bezp\u0142atn\u0105 bibliotek\u0119 z 10 500 woluminami literatury pi\u0119knej, historycznej, kulturoznawczej, regionalnej, literatury dzieci\u0119cej, a tak\u017ce p\u0142yt CD z muzyk\u0105, DVD z filmami i wyborem prasy.<\/p>\n<p>Zapraszamy do odwiedzenia naszej biblioteki przy Citadellstr. 7, w historycznym centrum D\u00fcsseldorfu<\/p>\n<p><strong>Godziny otwarcia biblioteki:<\/strong><\/p>\n<p>Od wtorku do czwartku: od 12.00 do 16.00<\/p>\n<p><strong>Oraz online: <a href=\"https:\/\/szukamksi\u0105\u017cki.pl\/SkNewWeb\/bstart\/523002286\">https:\/\/szukamksi\u0105\u017cki.pl\/SkNewWeb\/bstart\/523002286<\/a> <\/strong><\/p>\n<p>Osoba kontaktowa: Monika Werner <a href=\"mailto:monika.werner@instytutpolski.pl\">monika.werner@instytutpolski.pl<\/a><\/p>\n<p>Zbiory:<\/p>\n<p>Nasze zbiory biblioteczne obejmuj\u0105 ok. 10 500 wolumin\u00f3w i ok. 1 200 p\u0142yt DVD, CD i CD-ROM.<\/p>\n<p><strong>Obszary tematyczne:<\/strong><\/p>\n<ul>\n<li>Literatura polska w oryginale i t\u0142umaczeniu na j\u0119zyk niemiecki<\/li>\n<li>Historia Polski, historia \u015bwiata<\/li>\n<li>Stosunki polsko-niemieckie<\/li>\n<li>Historia kultury Polski (historia sztuki, albumy sztuki, historia literatury, teatr, film, muzyka)<\/li>\n<li>Studia regionalne, przewodniki turystyczne<\/li>\n<li>Literatura dzieci\u0119ca i m\u0142odzie\u017cowa<\/li>\n<li>Materia\u0142y dydaktyczne do nauki j\u0119zyka polskiego (ksi\u0105\u017cki, p\u0142yty CD)<\/li>\n<li>Filmy fabularne i dokumentalne (DVD)<\/li>\n<li>Muzyka polska &#8211; klasyczna, jazz, folk, pop (CD)<\/li>\n<li>Czasopisma, periodyki, wyb\u00f3r prasy codziennej<\/li>\n<\/ul>\n<p><strong>Korzystanie z biblioteki<\/strong><\/p>\n<ul>\n<li>Zasoby biblioteki s\u0105 dost\u0119pne dla wszystkich odwiedzaj\u0105cych bezp\u0142atnie i w otwartym dost\u0119pie.<\/li>\n<li>Aby wypo\u017cyczy\u0107 media, wymagana jest rejestracja za okazaniem dowodu to\u017csamo\u015bci. Je\u015bli adres na dowodzie osobistym nie zgadza si\u0119 z adresem u\u017cytkownika, wymagane jest za\u015bwiadczenie o rejestracji.<\/li>\n<li>Wypo\u017cycza\u0107 mo\u017cna ksi\u0105\u017cki, p\u0142yty CD i DVD.<\/li>\n<li>Z wypo\u017cyczania wy\u0142\u0105czone s\u0105 gazety i czasopisma, kt\u00f3re znajduj\u0105 si\u0119 w zbiorach bibliotecznych i mog\u0105 by\u0107 przegl\u0105dane na miejscu.<\/li>\n<\/ul>\n<p><strong>Okres wypo\u017cyczenia<\/strong><\/p>\n<ul>\n<li>Ksi\u0105\u017cki: 4 tygodnie<\/li>\n<li>P\u0142yty DVD, CD, CD-ROM: 2 tygodnie<\/li>\n<\/ul>\n<p><strong>Przed\u0142u\u017cenie terminu wypo\u017cyczenia:<\/strong><\/p>\n<p>Tel.: 0211 866 96 18<\/p>\n<p>Mail: <a href=\"mailto:monika.werner@instytutpolski.pl\">monika.werner@instytutpolski.pl<\/a><\/p>\n\n\n\n<figure class=\"wp-block-gallery has-nested-images columns-default is-cropped wp-block-gallery-1 is-layout-flex wp-block-gallery-is-layout-flex\">\n<figure class=\"wp-block-image size-large\"><img loading=\"lazy\" decoding=\"async\" width=\"768\" height=\"1024\" data-id=\"13281\" src=\"https:\/\/instytutpolski.pl\/duesseldorf\/wp-content\/uploads\/sites\/5\/2025\/09\/20250915_104436-1-768x1024.jpg\" alt=\"\" class=\"wp-image-13281\" srcset=\"https:\/\/instytutpolski.pl\/duesseldorf\/wp-content\/uploads\/sites\/5\/2025\/09\/20250915_104436-1-768x1024.jpg 768w, https:\/\/instytutpolski.pl\/duesseldorf\/wp-content\/uploads\/sites\/5\/2025\/09\/20250915_104436-1-225x300.jpg 225w, https:\/\/instytutpolski.pl\/duesseldorf\/wp-content\/uploads\/sites\/5\/2025\/09\/20250915_104436-1-1152x1536.jpg 1152w, https:\/\/instytutpolski.pl\/duesseldorf\/wp-content\/uploads\/sites\/5\/2025\/09\/20250915_104436-1.jpg 1486w\" sizes=\"auto, (max-width: 768px) 100vw, 768px\" \/><\/figure>\n\n\n\n<figure class=\"wp-block-image size-large\"><img loading=\"lazy\" decoding=\"async\" width=\"1024\" height=\"768\" data-id=\"13280\" src=\"https:\/\/instytutpolski.pl\/duesseldorf\/wp-content\/uploads\/sites\/5\/2025\/09\/20250915_104246-1-1024x768.jpg\" alt=\"\" class=\"wp-image-13280\" srcset=\"https:\/\/instytutpolski.pl\/duesseldorf\/wp-content\/uploads\/sites\/5\/2025\/09\/20250915_104246-1-1024x768.jpg 1024w, https:\/\/instytutpolski.pl\/duesseldorf\/wp-content\/uploads\/sites\/5\/2025\/09\/20250915_104246-1-300x225.jpg 300w, https:\/\/instytutpolski.pl\/duesseldorf\/wp-content\/uploads\/sites\/5\/2025\/09\/20250915_104246-1-768x576.jpg 768w, https:\/\/instytutpolski.pl\/duesseldorf\/wp-content\/uploads\/sites\/5\/2025\/09\/20250915_104246-1-1536x1152.jpg 1536w, https:\/\/instytutpolski.pl\/duesseldorf\/wp-content\/uploads\/sites\/5\/2025\/09\/20250915_104246-1.jpg 2000w\" sizes=\"auto, (max-width: 1024px) 100vw, 1024px\" \/><\/figure>\n\n\n\n<figure class=\"wp-block-image size-large\"><img loading=\"lazy\" decoding=\"async\" width=\"768\" height=\"1024\" data-id=\"13279\" src=\"https:\/\/instytutpolski.pl\/duesseldorf\/wp-content\/uploads\/sites\/5\/2025\/09\/20250915_104154-1-1-768x1024.jpg\" alt=\"\" class=\"wp-image-13279\" srcset=\"https:\/\/instytutpolski.pl\/duesseldorf\/wp-content\/uploads\/sites\/5\/2025\/09\/20250915_104154-1-1-768x1024.jpg 768w, https:\/\/instytutpolski.pl\/duesseldorf\/wp-content\/uploads\/sites\/5\/2025\/09\/20250915_104154-1-1-225x300.jpg 225w, https:\/\/instytutpolski.pl\/duesseldorf\/wp-content\/uploads\/sites\/5\/2025\/09\/20250915_104154-1-1-1152x1536.jpg 1152w, https:\/\/instytutpolski.pl\/duesseldorf\/wp-content\/uploads\/sites\/5\/2025\/09\/20250915_104154-1-1.jpg 1500w\" sizes=\"auto, (max-width: 768px) 100vw, 768px\" \/><\/figure>\n\n\n\n<figure class=\"wp-block-image size-large\"><img loading=\"lazy\" decoding=\"async\" width=\"768\" height=\"1024\" data-id=\"13278\" src=\"https:\/\/instytutpolski.pl\/duesseldorf\/wp-content\/uploads\/sites\/5\/2025\/09\/20250915_104331-1-768x1024.jpg\" alt=\"\" class=\"wp-image-13278\" srcset=\"https:\/\/instytutpolski.pl\/duesseldorf\/wp-content\/uploads\/sites\/5\/2025\/09\/20250915_104331-1-768x1024.jpg 768w, https:\/\/instytutpolski.pl\/duesseldorf\/wp-content\/uploads\/sites\/5\/2025\/09\/20250915_104331-1-225x300.jpg 225w, https:\/\/instytutpolski.pl\/duesseldorf\/wp-content\/uploads\/sites\/5\/2025\/09\/20250915_104331-1-1152x1536.jpg 1152w, https:\/\/instytutpolski.pl\/duesseldorf\/wp-content\/uploads\/sites\/5\/2025\/09\/20250915_104331-1.jpg 1500w\" sizes=\"auto, (max-width: 768px) 100vw, 768px\" \/><\/figure>\n\n\n\n<figure class=\"wp-block-image size-large\"><img loading=\"lazy\" decoding=\"async\" width=\"800\" height=\"1024\" data-id=\"13277\" src=\"https:\/\/instytutpolski.pl\/duesseldorf\/wp-content\/uploads\/sites\/5\/2025\/09\/20250915_104107-1-800x1024.jpg\" alt=\"\" class=\"wp-image-13277\" srcset=\"https:\/\/instytutpolski.pl\/duesseldorf\/wp-content\/uploads\/sites\/5\/2025\/09\/20250915_104107-1-800x1024.jpg 800w, https:\/\/instytutpolski.pl\/duesseldorf\/wp-content\/uploads\/sites\/5\/2025\/09\/20250915_104107-1-234x300.jpg 234w, https:\/\/instytutpolski.pl\/duesseldorf\/wp-content\/uploads\/sites\/5\/2025\/09\/20250915_104107-1-768x983.jpg 768w, https:\/\/instytutpolski.pl\/duesseldorf\/wp-content\/uploads\/sites\/5\/2025\/09\/20250915_104107-1-1200x1536.jpg 1200w, https:\/\/instytutpolski.pl\/duesseldorf\/wp-content\/uploads\/sites\/5\/2025\/09\/20250915_104107-1.jpg 1499w\" sizes=\"auto, (max-width: 800px) 100vw, 800px\" \/><\/figure>\n\n\n\n<figure class=\"wp-block-image size-large\"><img loading=\"lazy\" decoding=\"async\" width=\"768\" height=\"1024\" data-id=\"13276\" src=\"https:\/\/instytutpolski.pl\/duesseldorf\/wp-content\/uploads\/sites\/5\/2025\/09\/20250915_103937-1-768x1024.jpg\" alt=\"\" class=\"wp-image-13276\" srcset=\"https:\/\/instytutpolski.pl\/duesseldorf\/wp-content\/uploads\/sites\/5\/2025\/09\/20250915_103937-1-768x1024.jpg 768w, https:\/\/instytutpolski.pl\/duesseldorf\/wp-content\/uploads\/sites\/5\/2025\/09\/20250915_103937-1-225x300.jpg 225w, https:\/\/instytutpolski.pl\/duesseldorf\/wp-content\/uploads\/sites\/5\/2025\/09\/20250915_103937-1-1152x1536.jpg 1152w, https:\/\/instytutpolski.pl\/duesseldorf\/wp-content\/uploads\/sites\/5\/2025\/09\/20250915_103937-1.jpg 1468w\" sizes=\"auto, (max-width: 768px) 100vw, 768px\" \/><\/figure>\n\n\n\n<figure class=\"wp-block-image size-large\"><img loading=\"lazy\" decoding=\"async\" width=\"782\" height=\"1024\" data-id=\"13275\" src=\"https:\/\/instytutpolski.pl\/duesseldorf\/wp-content\/uploads\/sites\/5\/2025\/09\/20250915_104135-1-782x1024.jpg\" alt=\"\" class=\"wp-image-13275\" srcset=\"https:\/\/instytutpolski.pl\/duesseldorf\/wp-content\/uploads\/sites\/5\/2025\/09\/20250915_104135-1-782x1024.jpg 782w, https:\/\/instytutpolski.pl\/duesseldorf\/wp-content\/uploads\/sites\/5\/2025\/09\/20250915_104135-1-229x300.jpg 229w, https:\/\/instytutpolski.pl\/duesseldorf\/wp-content\/uploads\/sites\/5\/2025\/09\/20250915_104135-1-768x1005.jpg 768w, https:\/\/instytutpolski.pl\/duesseldorf\/wp-content\/uploads\/sites\/5\/2025\/09\/20250915_104135-1-1174x1536.jpg 1174w, https:\/\/instytutpolski.pl\/duesseldorf\/wp-content\/uploads\/sites\/5\/2025\/09\/20250915_104135-1.jpg 1428w\" sizes=\"auto, (max-width: 782px) 100vw, 782px\" \/><\/figure>\n\n\n\n<figure class=\"wp-block-image size-large\"><img loading=\"lazy\" decoding=\"async\" width=\"768\" height=\"1024\" data-id=\"13274\" src=\"https:\/\/instytutpolski.pl\/duesseldorf\/wp-content\/uploads\/sites\/5\/2025\/09\/20250915_104508-1-768x1024.jpg\" alt=\"\" class=\"wp-image-13274\" srcset=\"https:\/\/instytutpolski.pl\/duesseldorf\/wp-content\/uploads\/sites\/5\/2025\/09\/20250915_104508-1-768x1024.jpg 768w, https:\/\/instytutpolski.pl\/duesseldorf\/wp-content\/uploads\/sites\/5\/2025\/09\/20250915_104508-1-225x300.jpg 225w, https:\/\/instytutpolski.pl\/duesseldorf\/wp-content\/uploads\/sites\/5\/2025\/09\/20250915_104508-1-1152x1536.jpg 1152w, https:\/\/instytutpolski.pl\/duesseldorf\/wp-content\/uploads\/sites\/5\/2025\/09\/20250915_104508-1.jpg 1500w\" sizes=\"auto, (max-width: 768px) 100vw, 768px\" \/><\/figure>\n\n\n\n<figure class=\"wp-block-image size-large\"><img loading=\"lazy\" decoding=\"async\" width=\"768\" height=\"1024\" data-id=\"13271\" src=\"https:\/\/instytutpolski.pl\/duesseldorf\/wp-content\/uploads\/sites\/5\/2025\/09\/20250915_104154-1-768x1024.jpg\" alt=\"\" class=\"wp-image-13271\" srcset=\"https:\/\/instytutpolski.pl\/duesseldorf\/wp-content\/uploads\/sites\/5\/2025\/09\/20250915_104154-1-768x1024.jpg 768w, https:\/\/instytutpolski.pl\/duesseldorf\/wp-content\/uploads\/sites\/5\/2025\/09\/20250915_104154-1-225x300.jpg 225w, https:\/\/instytutpolski.pl\/duesseldorf\/wp-content\/uploads\/sites\/5\/2025\/09\/20250915_104154-1-1152x1536.jpg 1152w, https:\/\/instytutpolski.pl\/duesseldorf\/wp-content\/uploads\/sites\/5\/2025\/09\/20250915_104154-1.jpg 1500w\" sizes=\"auto, (max-width: 768px) 100vw, 768px\" \/><\/figure>\n<\/figure>\n","protected":false},"excerpt":{"rendered":"<p>Szanowni Pa\u0144stwo, nasza BIBLIOTEKA jest po remoncie ju\u017c otwarta. Serdecznie zapraszamy!\u00a0 Instytut Polski w D\u00fcsseldorfie posiada og\u00f3lnodost\u0119pn\u0105 i bezp\u0142atn\u0105 bibliotek\u0119 z 10 500 woluminami literatury pi\u0119knej, historycznej, kulturoznawczej, regionalnej, literatury dzieci\u0119cej, a tak\u017ce p\u0142yt CD z muzyk\u0105, DVD z filmami i wyborem prasy. Zapraszamy do odwiedzenia naszej biblioteki przy Citadellstr. 7, w historycznym centrum D\u00fcsseldorfu [&hellip;]<\/p>\n","protected":false},"author":26,"featured_media":13271,"parent":2046,"menu_order":0,"comment_status":"closed","ping_status":"closed","template":"","meta":{"inline_featured_image":false,"_monsterinsights_skip_tracking":false,"_monsterinsights_sitenote_active":false,"_monsterinsights_sitenote_note":"","_monsterinsights_sitenote_category":0,"footnotes":""},"class_list":["post-2060","page","type-page","status-publish","has-post-thumbnail","hentry"],"yoast_head":"<!-- This site is optimized with the Yoast SEO plugin v24.6 - https:\/\/yoast.com\/wordpress\/plugins\/seo\/ -->\n<title>Biblioteka - Instytut Polski w Dusseldorfie<\/title>\n<meta name=\"robots\" content=\"index, follow, max-snippet:-1, max-image-preview:large, max-video-preview:-1\" \/>\n<link rel=\"canonical\" href=\"https:\/\/instytutpolski.pl\/duesseldorf\/pl\/o-nas\/biblioteka\/\" \/>\n<meta property=\"og:locale\" content=\"pl_PL\" \/>\n<meta property=\"og:type\" content=\"article\" \/>\n<meta property=\"og:title\" content=\"Biblioteka - Instytut Polski w Dusseldorfie\" \/>\n<meta property=\"og:description\" content=\"Szanowni Pa\u0144stwo, nasza BIBLIOTEKA jest po remoncie ju\u017c otwarta. Serdecznie zapraszamy!\u00a0 Instytut Polski w D\u00fcsseldorfie posiada og\u00f3lnodost\u0119pn\u0105 i bezp\u0142atn\u0105 bibliotek\u0119 z 10 500 woluminami literatury pi\u0119knej, historycznej, kulturoznawczej, regionalnej, literatury dzieci\u0119cej, a tak\u017ce p\u0142yt CD z muzyk\u0105, DVD z filmami i wyborem prasy. Zapraszamy do odwiedzenia naszej biblioteki przy Citadellstr. 7, w historycznym centrum D\u00fcsseldorfu [&hellip;]\" \/>\n<meta property=\"og:url\" content=\"https:\/\/instytutpolski.pl\/duesseldorf\/pl\/o-nas\/biblioteka\/\" \/>\n<meta property=\"og:site_name\" content=\"Instytut Polski w Dusseldorfie\" \/>\n<meta property=\"article:modified_time\" content=\"2025-09-16T10:44:41+00:00\" \/>\n<meta property=\"og:image\" content=\"https:\/\/instytutpolski.pl\/duesseldorf\/wp-content\/uploads\/sites\/5\/2025\/09\/20250915_104154-1.jpg\" \/>\n\t<meta property=\"og:image:width\" content=\"1500\" \/>\n\t<meta property=\"og:image:height\" content=\"2000\" \/>\n\t<meta property=\"og:image:type\" content=\"image\/jpeg\" \/>\n<meta name=\"twitter:card\" content=\"summary_large_image\" \/>\n<meta name=\"twitter:label1\" content=\"Szacowany czas czytania\" \/>\n\t<meta name=\"twitter:data1\" content=\"4 minuty\" \/>\n<script type=\"application\/ld+json\" class=\"yoast-schema-graph\">{\"@context\":\"https:\/\/schema.org\",\"@graph\":[{\"@type\":\"WebPage\",\"@id\":\"https:\/\/instytutpolski.pl\/duesseldorf\/pl\/o-nas\/biblioteka\/\",\"url\":\"https:\/\/instytutpolski.pl\/duesseldorf\/pl\/o-nas\/biblioteka\/\",\"name\":\"Biblioteka - Instytut Polski w Dusseldorfie\",\"isPartOf\":{\"@id\":\"https:\/\/instytutpolski.pl\/duesseldorf\/#website\"},\"primaryImageOfPage\":{\"@id\":\"https:\/\/instytutpolski.pl\/duesseldorf\/pl\/o-nas\/biblioteka\/#primaryimage\"},\"image\":{\"@id\":\"https:\/\/instytutpolski.pl\/duesseldorf\/pl\/o-nas\/biblioteka\/#primaryimage\"},\"thumbnailUrl\":\"https:\/\/instytutpolski.pl\/duesseldorf\/wp-content\/uploads\/sites\/5\/2025\/09\/20250915_104154-1.jpg\",\"datePublished\":\"2019-06-25T10:14:53+00:00\",\"dateModified\":\"2025-09-16T10:44:41+00:00\",\"breadcrumb\":{\"@id\":\"https:\/\/instytutpolski.pl\/duesseldorf\/pl\/o-nas\/biblioteka\/#breadcrumb\"},\"inLanguage\":\"pl-PL\",\"potentialAction\":[{\"@type\":\"ReadAction\",\"target\":[\"https:\/\/instytutpolski.pl\/duesseldorf\/pl\/o-nas\/biblioteka\/\"]}]},{\"@type\":\"ImageObject\",\"inLanguage\":\"pl-PL\",\"@id\":\"https:\/\/instytutpolski.pl\/duesseldorf\/pl\/o-nas\/biblioteka\/#primaryimage\",\"url\":\"https:\/\/instytutpolski.pl\/duesseldorf\/wp-content\/uploads\/sites\/5\/2025\/09\/20250915_104154-1.jpg\",\"contentUrl\":\"https:\/\/instytutpolski.pl\/duesseldorf\/wp-content\/uploads\/sites\/5\/2025\/09\/20250915_104154-1.jpg\",\"width\":1500,\"height\":2000},{\"@type\":\"BreadcrumbList\",\"@id\":\"https:\/\/instytutpolski.pl\/duesseldorf\/pl\/o-nas\/biblioteka\/#breadcrumb\",\"itemListElement\":[{\"@type\":\"ListItem\",\"position\":1,\"name\":\"Home\",\"item\":\"https:\/\/instytutpolski.pl\/duesseldorf\/\"},{\"@type\":\"ListItem\",\"position\":2,\"name\":\"O nas\",\"item\":\"https:\/\/instytutpolski.pl\/duesseldorf\/pl\/o-nas\/\"},{\"@type\":\"ListItem\",\"position\":3,\"name\":\"Biblioteka\"}]},{\"@type\":\"WebSite\",\"@id\":\"https:\/\/instytutpolski.pl\/duesseldorf\/#website\",\"url\":\"https:\/\/instytutpolski.pl\/duesseldorf\/\",\"name\":\"Instytut Polski w Dusseldorfie\",\"description\":\"Instytuty Polskie\",\"potentialAction\":[{\"@type\":\"SearchAction\",\"target\":{\"@type\":\"EntryPoint\",\"urlTemplate\":\"https:\/\/instytutpolski.pl\/duesseldorf\/?s={search_term_string}\"},\"query-input\":{\"@type\":\"PropertyValueSpecification\",\"valueRequired\":true,\"valueName\":\"search_term_string\"}}],\"inLanguage\":\"pl-PL\"}]}<\/script>\n<!-- \/ Yoast SEO plugin. -->","yoast_head_json":{"title":"Biblioteka - Instytut Polski w Dusseldorfie","robots":{"index":"index","follow":"follow","max-snippet":"max-snippet:-1","max-image-preview":"max-image-preview:large","max-video-preview":"max-video-preview:-1"},"canonical":"https:\/\/instytutpolski.pl\/duesseldorf\/pl\/o-nas\/biblioteka\/","og_locale":"pl_PL","og_type":"article","og_title":"Biblioteka - Instytut Polski w Dusseldorfie","og_description":"Szanowni Pa\u0144stwo, nasza BIBLIOTEKA jest po remoncie ju\u017c otwarta. Serdecznie zapraszamy!\u00a0 Instytut Polski w D\u00fcsseldorfie posiada og\u00f3lnodost\u0119pn\u0105 i bezp\u0142atn\u0105 bibliotek\u0119 z 10 500 woluminami literatury pi\u0119knej, historycznej, kulturoznawczej, regionalnej, literatury dzieci\u0119cej, a tak\u017ce p\u0142yt CD z muzyk\u0105, DVD z filmami i wyborem prasy. Zapraszamy do odwiedzenia naszej biblioteki przy Citadellstr. 7, w historycznym centrum D\u00fcsseldorfu [&hellip;]","og_url":"https:\/\/instytutpolski.pl\/duesseldorf\/pl\/o-nas\/biblioteka\/","og_site_name":"Instytut Polski w Dusseldorfie","article_modified_time":"2025-09-16T10:44:41+00:00","og_image":[{"width":1500,"height":2000,"url":"https:\/\/instytutpolski.pl\/duesseldorf\/wp-content\/uploads\/sites\/5\/2025\/09\/20250915_104154-1.jpg","type":"image\/jpeg"}],"twitter_card":"summary_large_image","twitter_misc":{"Szacowany czas czytania":"4 minuty"},"schema":{"@context":"https:\/\/schema.org","@graph":[{"@type":"WebPage","@id":"https:\/\/instytutpolski.pl\/duesseldorf\/pl\/o-nas\/biblioteka\/","url":"https:\/\/instytutpolski.pl\/duesseldorf\/pl\/o-nas\/biblioteka\/","name":"Biblioteka - Instytut Polski w Dusseldorfie","isPartOf":{"@id":"https:\/\/instytutpolski.pl\/duesseldorf\/#website"},"primaryImageOfPage":{"@id":"https:\/\/instytutpolski.pl\/duesseldorf\/pl\/o-nas\/biblioteka\/#primaryimage"},"image":{"@id":"https:\/\/instytutpolski.pl\/duesseldorf\/pl\/o-nas\/biblioteka\/#primaryimage"},"thumbnailUrl":"https:\/\/instytutpolski.pl\/duesseldorf\/wp-content\/uploads\/sites\/5\/2025\/09\/20250915_104154-1.jpg","datePublished":"2019-06-25T10:14:53+00:00","dateModified":"2025-09-16T10:44:41+00:00","breadcrumb":{"@id":"https:\/\/instytutpolski.pl\/duesseldorf\/pl\/o-nas\/biblioteka\/#breadcrumb"},"inLanguage":"pl-PL","potentialAction":[{"@type":"ReadAction","target":["https:\/\/instytutpolski.pl\/duesseldorf\/pl\/o-nas\/biblioteka\/"]}]},{"@type":"ImageObject","inLanguage":"pl-PL","@id":"https:\/\/instytutpolski.pl\/duesseldorf\/pl\/o-nas\/biblioteka\/#primaryimage","url":"https:\/\/instytutpolski.pl\/duesseldorf\/wp-content\/uploads\/sites\/5\/2025\/09\/20250915_104154-1.jpg","contentUrl":"https:\/\/instytutpolski.pl\/duesseldorf\/wp-content\/uploads\/sites\/5\/2025\/09\/20250915_104154-1.jpg","width":1500,"height":2000},{"@type":"BreadcrumbList","@id":"https:\/\/instytutpolski.pl\/duesseldorf\/pl\/o-nas\/biblioteka\/#breadcrumb","itemListElement":[{"@type":"ListItem","position":1,"name":"Home","item":"https:\/\/instytutpolski.pl\/duesseldorf\/"},{"@type":"ListItem","position":2,"name":"O nas","item":"https:\/\/instytutpolski.pl\/duesseldorf\/pl\/o-nas\/"},{"@type":"ListItem","position":3,"name":"Biblioteka"}]},{"@type":"WebSite","@id":"https:\/\/instytutpolski.pl\/duesseldorf\/#website","url":"https:\/\/instytutpolski.pl\/duesseldorf\/","name":"Instytut Polski w Dusseldorfie","description":"Instytuty Polskie","potentialAction":[{"@type":"SearchAction","target":{"@type":"EntryPoint","urlTemplate":"https:\/\/instytutpolski.pl\/duesseldorf\/?s={search_term_string}"},"query-input":{"@type":"PropertyValueSpecification","valueRequired":true,"valueName":"search_term_string"}}],"inLanguage":"pl-PL"}]}},"_links":{"self":[{"href":"https:\/\/instytutpolski.pl\/duesseldorf\/wp-json\/wp\/v2\/pages\/2060","targetHints":{"allow":["GET"]}}],"collection":[{"href":"https:\/\/instytutpolski.pl\/duesseldorf\/wp-json\/wp\/v2\/pages"}],"about":[{"href":"https:\/\/instytutpolski.pl\/duesseldorf\/wp-json\/wp\/v2\/types\/page"}],"author":[{"embeddable":true,"href":"https:\/\/instytutpolski.pl\/duesseldorf\/wp-json\/wp\/v2\/users\/26"}],"replies":[{"embeddable":true,"href":"https:\/\/instytutpolski.pl\/duesseldorf\/wp-json\/wp\/v2\/comments?post=2060"}],"version-history":[{"count":12,"href":"https:\/\/instytutpolski.pl\/duesseldorf\/wp-json\/wp\/v2\/pages\/2060\/revisions"}],"predecessor-version":[{"id":13287,"href":"https:\/\/instytutpolski.pl\/duesseldorf\/wp-json\/wp\/v2\/pages\/2060\/revisions\/13287"}],"up":[{"embeddable":true,"href":"https:\/\/instytutpolski.pl\/duesseldorf\/wp-json\/wp\/v2\/pages\/2046"}],"wp:featuredmedia":[{"embeddable":true,"href":"https:\/\/instytutpolski.pl\/duesseldorf\/wp-json\/wp\/v2\/media\/13271"}],"wp:attachment":[{"href":"https:\/\/instytutpolski.pl\/duesseldorf\/wp-json\/wp\/v2\/media?parent=2060"}],"curies":[{"name":"wp","href":"https:\/\/api.w.org\/{rel}","templated":true}]}}