{"id":2072,"date":"2023-12-01T12:00:52","date_gmt":"2023-12-01T11:00:52","guid":{"rendered":"https:\/\/instytutpolski.pl\/duesseldorf\/?page_id=2072"},"modified":"2025-10-17T16:39:13","modified_gmt":"2025-10-17T14:39:13","slug":"zespol","status":"publish","type":"page","link":"https:\/\/instytutpolski.pl\/duesseldorf\/pl\/o-nas\/zespol\/","title":{"rendered":"Zesp\u00f3\u0142"},"content":{"rendered":"\n<div class=\"wp-block-columns has-2-columns is-layout-flex wp-container-core-columns-is-layout-1 wp-block-columns-is-layout-flex\">\n<div class=\"wp-block-column is-layout-flow wp-block-column-is-layout-flow\"><\/div>\n\n\n\n<div class=\"wp-block-column is-layout-flow wp-block-column-is-layout-flow\"><\/div>\n<\/div>\n\n\n\n<h3><strong>DYREKCJA<\/strong><\/h3>\n\n\n\n\n\n<div class=\"wp-block-columns has-2-columns is-layout-flex wp-container-core-columns-is-layout-2 wp-block-columns-is-layout-flex\">\n<div class=\"wp-block-column is-layout-flow wp-block-column-is-layout-flow\">\n<h4>&nbsp;<\/h4>\n<h4>Radca-Minister Rafa\u0142 Damian Sobczak<\/h4>\n<p>Dyrektor<\/p>\n<h4><a href=\"https:\/\/instytutpolski.pl\/duesseldorf\/pl\/2024\/07\/16\/rafal-sobczak-nowym-dyrektorem-instytutu-polskiego-w-dusseldorfie\/\">\u017byciorys<\/a><\/h4>\n<p><a href=\"duesseldorf@instytutpolski.pl\">duesseldorf@instytutpolski.pl<\/a><\/p>\n<p>0049211866960<\/p>\n\n\n<\/div>\n\n\n\n<div class=\"wp-block-column is-layout-flow wp-block-column-is-layout-flow\">\n<h4>\u00a0<\/h4>\n<h4>Dr. Aleksander Gowin<\/h4>\n<p>Wicedyrektor<\/p>\n<p><a href=\"duesseldorf@instytutpolski.pl\">duesseldorf@instytutpolski.pl<\/a><\/p>\n<p>0049211866960<\/p>\n<\/div>\n<\/div>\n\n\n\n<h4><strong>SEKRETARIAT<\/strong><\/h4>\n\n\n\n<div class=\"wp-block-columns has-2-columns is-layout-flex wp-container-core-columns-is-layout-3 wp-block-columns-is-layout-flex\">\n<div class=\"wp-block-column is-layout-flow wp-block-column-is-layout-flow\">\n<h4>\u00a0<\/h4>\n<h4>Agata \u0141acwik-Starmach<\/h4>\n<p>Sekretariat<\/p>\n<p><a href=\"duesseldorf@instytutpolski.pl\">duesseldorf@instytutpolski.pl<\/a><\/p>\n<p>0049211866960<\/p>\n<\/div>\n\n\n\n<div class=\"wp-block-column is-layout-flow wp-block-column-is-layout-flow\"><\/div>\n<\/div>\n\n\n\n<h4><strong>PRACOWNICY PROGRAMOWI<\/strong><\/h4>\n\n\n\n\n\n<div class=\"wp-block-columns has-2-columns is-layout-flex wp-container-core-columns-is-layout-4 wp-block-columns-is-layout-flex\">\n<div class=\"wp-block-column is-layout-flow wp-block-column-is-layout-flow\">\n\n\n<h4>&nbsp;<\/h4>\n<h4>Monika Werner<\/h4>\n<p>Literatura, Biblioteka<\/p>\n<p><a href=\"monika.werner@instytutpolski.pl\">monika.werner@instytutpolski.pl<\/a><\/p>\n<p>004921186696 8<\/p>\n<\/div>\n\n\n\n<div class=\"wp-block-column is-layout-flow wp-block-column-is-layout-flow\">\n<h4>\u00a0<\/h4>\n<h4>Lidia Helena Jansen<\/h4>\n<p>Film, Teatr\u00a0<\/p>\n<p><a href=\"lidia.jansen@instytutpolski.pl\">lidia.jansen@instytutpolski.pl<\/a><\/p>\n<p>00492118669614<\/p>\n<\/div>\n<\/div>\n\n\n\n<div class=\"wp-block-columns has-2-columns is-layout-flex wp-container-core-columns-is-layout-6 wp-block-columns-is-layout-flex\">\n<div class=\"wp-block-column is-vertically-aligned-top is-layout-flow wp-block-column-is-layout-flow\">\n<h4>Monika Kumi\u0119ga<\/h4>\n<p>Sztuka, Archiwum<\/p>\n<p><a href=\"monika.kumiega@instytutpolski.pl\">monika.kumiega@instytutpolski.pl<\/a><\/p>\n<p>00492118669623<\/p>\n<\/div>\n\n\n\n<div class=\"wp-block-column is-layout-flow wp-block-column-is-layout-flow\">\n<h4>Agnieszka Fr\u00f6hlich<\/h4>\n<p>Gospodarka, Historia<\/p>\n<p><a href=\"agnieszka.froehlich@instytutpolski.pl\">agnieszka.froehlich@instytutpolski.pl<\/a><\/p>\n<p>00492118669615<\/p>\n\n\n\n<div class=\"wp-block-columns has-2-columns is-layout-flex wp-container-core-columns-is-layout-5 wp-block-columns-is-layout-flex\">\n<div class=\"wp-block-column is-layout-flow wp-block-column-is-layout-flow\">\n\n<\/div>\n\n\n\n<div class=\"wp-block-column is-layout-flow wp-block-column-is-layout-flow\"><\/div>\n<\/div>\n<\/div>\n<\/div>\n\n\n\n<h4>Andrzej Koli\u0144ski M.A.<\/h4>\n<p>Muzyka, Projekty edukacyjne, Public Relations<\/p>\n<p>\u00a0<a href=\"andrzej.kolinski@instytutpolski.pl\">andrzej.kolinski@instytutpolski.pl<\/a><\/p>\n<p>00492118669612<\/p>\n<h4>\u00a0<\/h4>\n<h4><strong>ADMINISTRACJA i\u00a0KSI\u0118GOWO\u015a\u0106<\/strong><\/h4>\n\n\n\n<div class=\"wp-block-columns has-2-columns is-layout-flex wp-container-core-columns-is-layout-7 wp-block-columns-is-layout-flex\">\n<div class=\"wp-block-column is-layout-flow wp-block-column-is-layout-flow\">\n<h4>&nbsp;<\/h4>\n<h4>Iwona Sudenis-Jurga<\/h4>\n<p>Ksi\u0119gowo\u015b\u0107, Administracja<\/p>\n<p><a href=\"iwona.sudenis@msz.gov.pl\">iwona.sudenis@msz.gov.pl<\/a><\/p>\n<p>00492118669617<\/p>\n<\/div>\n\n\n\n<div class=\"wp-block-column is-layout-flow wp-block-column-is-layout-flow\">\n<h4>\u00a0<\/h4>\n<h4>Ma\u0142gorzata Uglik<\/h4>\n<p>Administracja, Kasa<\/p>\n<p><a href=\"barbara.marcinska@instytutpolski.pl\">malgorzata.uglik@instytutpolski.pl<\/a><\/p>\n<p>00492118669616<\/p>\n<\/div>\n<\/div>\n\n\n\n\n","protected":false},"excerpt":{"rendered":"<p>DYREKCJA &nbsp; Radca-Minister Rafa\u0142 Damian Sobczak Dyrektor \u017byciorys duesseldorf@instytutpolski.pl 0049211866960 \u00a0 Dr. Aleksander Gowin Wicedyrektor duesseldorf@instytutpolski.pl 0049211866960 SEKRETARIAT \u00a0 Agata \u0141acwik-Starmach Sekretariat duesseldorf@instytutpolski.pl 0049211866960 PRACOWNICY PROGRAMOWI &nbsp; Monika Werner Literatura, Biblioteka monika.werner@instytutpolski.pl 004921186696 8 \u00a0 Lidia Helena Jansen Film, Teatr\u00a0 lidia.jansen@instytutpolski.pl 00492118669614 Monika Kumi\u0119ga Sztuka, Archiwum monika.kumiega@instytutpolski.pl 00492118669623 Agnieszka Fr\u00f6hlich Gospodarka, Historia agnieszka.froehlich@instytutpolski.pl 00492118669615 Andrzej [&hellip;]<\/p>\n","protected":false},"author":26,"featured_media":0,"parent":2046,"menu_order":0,"comment_status":"closed","ping_status":"closed","template":"","meta":{"inline_featured_image":false,"_monsterinsights_skip_tracking":false,"_monsterinsights_sitenote_active":false,"_monsterinsights_sitenote_note":"","_monsterinsights_sitenote_category":0,"footnotes":""},"class_list":["post-2072","page","type-page","status-publish","hentry"],"yoast_head":"<!-- This site is optimized with the Yoast SEO plugin v24.6 - https:\/\/yoast.com\/wordpress\/plugins\/seo\/ -->\n<title>Zesp\u00f3\u0142 - Instytut Polski w Dusseldorfie<\/title>\n<meta name=\"robots\" content=\"index, follow, max-snippet:-1, max-image-preview:large, max-video-preview:-1\" \/>\n<link rel=\"canonical\" href=\"https:\/\/instytutpolski.pl\/duesseldorf\/pl\/o-nas\/zespol\/\" \/>\n<meta property=\"og:locale\" content=\"pl_PL\" \/>\n<meta property=\"og:type\" content=\"article\" \/>\n<meta property=\"og:title\" content=\"Zesp\u00f3\u0142 - Instytut Polski w Dusseldorfie\" \/>\n<meta property=\"og:description\" content=\"DYREKCJA &nbsp; Radca-Minister Rafa\u0142 Damian Sobczak Dyrektor \u017byciorys duesseldorf@instytutpolski.pl 0049211866960 \u00a0 Dr. Aleksander Gowin Wicedyrektor duesseldorf@instytutpolski.pl 0049211866960 SEKRETARIAT \u00a0 Agata \u0141acwik-Starmach Sekretariat duesseldorf@instytutpolski.pl 0049211866960 PRACOWNICY PROGRAMOWI &nbsp; Monika Werner Literatura, Biblioteka monika.werner@instytutpolski.pl 004921186696 8 \u00a0 Lidia Helena Jansen Film, Teatr\u00a0 lidia.jansen@instytutpolski.pl 00492118669614 Monika Kumi\u0119ga Sztuka, Archiwum monika.kumiega@instytutpolski.pl 00492118669623 Agnieszka Fr\u00f6hlich Gospodarka, Historia agnieszka.froehlich@instytutpolski.pl 00492118669615 Andrzej [&hellip;]\" \/>\n<meta property=\"og:url\" content=\"https:\/\/instytutpolski.pl\/duesseldorf\/pl\/o-nas\/zespol\/\" \/>\n<meta property=\"og:site_name\" content=\"Instytut Polski w Dusseldorfie\" \/>\n<meta property=\"article:modified_time\" content=\"2025-10-17T14:39:13+00:00\" \/>\n<meta name=\"twitter:card\" content=\"summary_large_image\" \/>\n<meta name=\"twitter:label1\" content=\"Szacowany czas czytania\" \/>\n\t<meta name=\"twitter:data1\" content=\"1 minuta\" \/>\n<script type=\"application\/ld+json\" class=\"yoast-schema-graph\">{\"@context\":\"https:\/\/schema.org\",\"@graph\":[{\"@type\":\"WebPage\",\"@id\":\"https:\/\/instytutpolski.pl\/duesseldorf\/pl\/o-nas\/zespol\/\",\"url\":\"https:\/\/instytutpolski.pl\/duesseldorf\/pl\/o-nas\/zespol\/\",\"name\":\"Zesp\u00f3\u0142 - Instytut Polski w Dusseldorfie\",\"isPartOf\":{\"@id\":\"https:\/\/instytutpolski.pl\/duesseldorf\/#website\"},\"datePublished\":\"2023-12-01T11:00:52+00:00\",\"dateModified\":\"2025-10-17T14:39:13+00:00\",\"breadcrumb\":{\"@id\":\"https:\/\/instytutpolski.pl\/duesseldorf\/pl\/o-nas\/zespol\/#breadcrumb\"},\"inLanguage\":\"pl-PL\",\"potentialAction\":[{\"@type\":\"ReadAction\",\"target\":[\"https:\/\/instytutpolski.pl\/duesseldorf\/pl\/o-nas\/zespol\/\"]}]},{\"@type\":\"BreadcrumbList\",\"@id\":\"https:\/\/instytutpolski.pl\/duesseldorf\/pl\/o-nas\/zespol\/#breadcrumb\",\"itemListElement\":[{\"@type\":\"ListItem\",\"position\":1,\"name\":\"Home\",\"item\":\"https:\/\/instytutpolski.pl\/duesseldorf\/\"},{\"@type\":\"ListItem\",\"position\":2,\"name\":\"O nas\",\"item\":\"https:\/\/instytutpolski.pl\/duesseldorf\/pl\/o-nas\/\"},{\"@type\":\"ListItem\",\"position\":3,\"name\":\"Zesp\u00f3\u0142\"}]},{\"@type\":\"WebSite\",\"@id\":\"https:\/\/instytutpolski.pl\/duesseldorf\/#website\",\"url\":\"https:\/\/instytutpolski.pl\/duesseldorf\/\",\"name\":\"Instytut Polski w Dusseldorfie\",\"description\":\"Instytuty Polskie\",\"potentialAction\":[{\"@type\":\"SearchAction\",\"target\":{\"@type\":\"EntryPoint\",\"urlTemplate\":\"https:\/\/instytutpolski.pl\/duesseldorf\/?s={search_term_string}\"},\"query-input\":{\"@type\":\"PropertyValueSpecification\",\"valueRequired\":true,\"valueName\":\"search_term_string\"}}],\"inLanguage\":\"pl-PL\"}]}<\/script>\n<!-- \/ Yoast SEO plugin. -->","yoast_head_json":{"title":"Zesp\u00f3\u0142 - Instytut Polski w Dusseldorfie","robots":{"index":"index","follow":"follow","max-snippet":"max-snippet:-1","max-image-preview":"max-image-preview:large","max-video-preview":"max-video-preview:-1"},"canonical":"https:\/\/instytutpolski.pl\/duesseldorf\/pl\/o-nas\/zespol\/","og_locale":"pl_PL","og_type":"article","og_title":"Zesp\u00f3\u0142 - Instytut Polski w Dusseldorfie","og_description":"DYREKCJA &nbsp; Radca-Minister Rafa\u0142 Damian Sobczak Dyrektor \u017byciorys duesseldorf@instytutpolski.pl 0049211866960 \u00a0 Dr. Aleksander Gowin Wicedyrektor duesseldorf@instytutpolski.pl 0049211866960 SEKRETARIAT \u00a0 Agata \u0141acwik-Starmach Sekretariat duesseldorf@instytutpolski.pl 0049211866960 PRACOWNICY PROGRAMOWI &nbsp; Monika Werner Literatura, Biblioteka monika.werner@instytutpolski.pl 004921186696 8 \u00a0 Lidia Helena Jansen Film, Teatr\u00a0 lidia.jansen@instytutpolski.pl 00492118669614 Monika Kumi\u0119ga Sztuka, Archiwum monika.kumiega@instytutpolski.pl 00492118669623 Agnieszka Fr\u00f6hlich Gospodarka, Historia agnieszka.froehlich@instytutpolski.pl 00492118669615 Andrzej [&hellip;]","og_url":"https:\/\/instytutpolski.pl\/duesseldorf\/pl\/o-nas\/zespol\/","og_site_name":"Instytut Polski w Dusseldorfie","article_modified_time":"2025-10-17T14:39:13+00:00","twitter_card":"summary_large_image","twitter_misc":{"Szacowany czas czytania":"1 minuta"},"schema":{"@context":"https:\/\/schema.org","@graph":[{"@type":"WebPage","@id":"https:\/\/instytutpolski.pl\/duesseldorf\/pl\/o-nas\/zespol\/","url":"https:\/\/instytutpolski.pl\/duesseldorf\/pl\/o-nas\/zespol\/","name":"Zesp\u00f3\u0142 - Instytut Polski w Dusseldorfie","isPartOf":{"@id":"https:\/\/instytutpolski.pl\/duesseldorf\/#website"},"datePublished":"2023-12-01T11:00:52+00:00","dateModified":"2025-10-17T14:39:13+00:00","breadcrumb":{"@id":"https:\/\/instytutpolski.pl\/duesseldorf\/pl\/o-nas\/zespol\/#breadcrumb"},"inLanguage":"pl-PL","potentialAction":[{"@type":"ReadAction","target":["https:\/\/instytutpolski.pl\/duesseldorf\/pl\/o-nas\/zespol\/"]}]},{"@type":"BreadcrumbList","@id":"https:\/\/instytutpolski.pl\/duesseldorf\/pl\/o-nas\/zespol\/#breadcrumb","itemListElement":[{"@type":"ListItem","position":1,"name":"Home","item":"https:\/\/instytutpolski.pl\/duesseldorf\/"},{"@type":"ListItem","position":2,"name":"O nas","item":"https:\/\/instytutpolski.pl\/duesseldorf\/pl\/o-nas\/"},{"@type":"ListItem","position":3,"name":"Zesp\u00f3\u0142"}]},{"@type":"WebSite","@id":"https:\/\/instytutpolski.pl\/duesseldorf\/#website","url":"https:\/\/instytutpolski.pl\/duesseldorf\/","name":"Instytut Polski w Dusseldorfie","description":"Instytuty Polskie","potentialAction":[{"@type":"SearchAction","target":{"@type":"EntryPoint","urlTemplate":"https:\/\/instytutpolski.pl\/duesseldorf\/?s={search_term_string}"},"query-input":{"@type":"PropertyValueSpecification","valueRequired":true,"valueName":"search_term_string"}}],"inLanguage":"pl-PL"}]}},"_links":{"self":[{"href":"https:\/\/instytutpolski.pl\/duesseldorf\/wp-json\/wp\/v2\/pages\/2072","targetHints":{"allow":["GET"]}}],"collection":[{"href":"https:\/\/instytutpolski.pl\/duesseldorf\/wp-json\/wp\/v2\/pages"}],"about":[{"href":"https:\/\/instytutpolski.pl\/duesseldorf\/wp-json\/wp\/v2\/types\/page"}],"author":[{"embeddable":true,"href":"https:\/\/instytutpolski.pl\/duesseldorf\/wp-json\/wp\/v2\/users\/26"}],"replies":[{"embeddable":true,"href":"https:\/\/instytutpolski.pl\/duesseldorf\/wp-json\/wp\/v2\/comments?post=2072"}],"version-history":[{"count":35,"href":"https:\/\/instytutpolski.pl\/duesseldorf\/wp-json\/wp\/v2\/pages\/2072\/revisions"}],"predecessor-version":[{"id":13661,"href":"https:\/\/instytutpolski.pl\/duesseldorf\/wp-json\/wp\/v2\/pages\/2072\/revisions\/13661"}],"up":[{"embeddable":true,"href":"https:\/\/instytutpolski.pl\/duesseldorf\/wp-json\/wp\/v2\/pages\/2046"}],"wp:attachment":[{"href":"https:\/\/instytutpolski.pl\/duesseldorf\/wp-json\/wp\/v2\/media?parent=2072"}],"curies":[{"name":"wp","href":"https:\/\/api.w.org\/{rel}","templated":true}]}}