{"id":215,"date":"2020-02-14T14:05:00","date_gmt":"2020-02-14T13:05:00","guid":{"rendered":"https:\/\/instytutpolski.pl\/dusseldorf\/?page_id=215"},"modified":"2020-02-14T13:03:18","modified_gmt":"2020-02-14T12:03:18","slug":"kultur","status":"publish","type":"page","link":"https:\/\/instytutpolski.pl\/duesseldorf\/kultur\/","title":{"rendered":"Kultur"},"content":{"rendered":"\n<div class=\"wp-block-columns has-2-columns is-layout-flex wp-container-core-columns-is-layout-1 wp-block-columns-is-layout-flex\">\n<div class=\"wp-block-column is-layout-flow wp-block-column-is-layout-flow\">\n<p><strong>Offizielle Kulturseite von Polen<\/strong><\/p>\n<p><strong><a target=\"_blank\" href=\"http:\/\/www.culture.pl\/\" rel=\"noopener noreferrer\">www.culture.pl<\/a><\/strong><\/p>\n<\/div>\n\n\n\n<div class=\"wp-block-column is-layout-flow wp-block-column-is-layout-flow\">\n<p><strong>Adam-Mickiewicz-Institut Warschau<\/strong><\/p>\n<p><strong><a href=\"http:\/\/www.iam.pl\/\" target=\"_blank\" rel=\"noopener noreferrer\">www.iam.pl<\/a><\/strong><\/p>\n<\/div>\n<\/div>\n\n\n\n<div class=\"wp-block-columns has-2-columns is-layout-flex wp-container-core-columns-is-layout-2 wp-block-columns-is-layout-flex\">\n<div class=\"wp-block-column is-layout-flow wp-block-column-is-layout-flow\">\n<p><strong>Alternativ-Theaterfestival MALTA<\/strong><\/p>\n<p><strong><a target=\"_blank\" href=\"http:\/\/www.malta-festival.pl\/\" rel=\"noopener noreferrer\">www.malta-festival.pl\/<\/a><\/strong><\/p>\n<\/div>\n\n\n\n<div class=\"wp-block-column is-layout-flow wp-block-column-is-layout-flow\">\n<p><strong>Czes\u0142aw Mi\u0142osz Jahr 2011<\/strong><\/p>\n<p><strong><a target=\"_blank\" href=\"http:\/\/www.milosz365.pl\/\" rel=\"noopener noreferrer\">www.milosz365.pl<\/a><\/strong><\/p>\n<\/div>\n<\/div>\n\n\n\n<div class=\"wp-block-columns has-2-columns is-layout-flex wp-container-core-columns-is-layout-3 wp-block-columns-is-layout-flex\">\n<div class=\"wp-block-column is-layout-flow wp-block-column-is-layout-flow\">\n<p><strong>Veranstaltungen in Polen<\/strong><\/p>\n<p><strong><a target=\"_blank\" href=\"http:\/\/www.ticketonline.pl\/\" rel=\"noopener noreferrer\">www.ticketonline.pl<\/a><\/strong><\/p>\n<\/div>\n\n\n\n<div class=\"wp-block-column is-layout-flow wp-block-column-is-layout-flow\">\n<p><strong>Ministerium f\u00fcr Kultur und Nationalerbe<\/strong><\/p>\n<p><strong><a target=\"_blank\" href=\"http:\/\/www.mkidn.gov.pl\/\" rel=\"noopener noreferrer\">www.mkidn.gov.pl<\/a><\/strong><\/p>\n<\/div>\n<\/div>\n\n\n\n<div class=\"wp-block-columns has-2-columns is-layout-flex wp-container-core-columns-is-layout-4 wp-block-columns-is-layout-flex\">\n<div class=\"wp-block-column is-layout-flow wp-block-column-is-layout-flow\">\n<p><strong>Internationales Kulturzentrum Krakau<\/strong><\/p>\n<p><strong><a target=\"_blank\" href=\"http:\/\/www.mck.krakow.pl\/\" rel=\"noopener noreferrer\">www.mck.krakow.pl\/<\/a><\/strong><\/p>\n<\/div>\n\n\n\n<div class=\"wp-block-column is-layout-flow wp-block-column-is-layout-flow\">\n<p><strong>Nationales Audiovisuelles Institut<\/strong><\/p>\n<p><strong><a target=\"_blank\" href=\"http:\/\/www.nina.gov.pl\/\" rel=\"noopener noreferrer\">www.nina.gov.pl\/<\/a><\/strong><\/p>\n<\/div>\n<\/div>\n\n\n\n<div class=\"wp-block-columns has-2-columns is-layout-flex wp-container-core-columns-is-layout-5 wp-block-columns-is-layout-flex\">\n<div class=\"wp-block-column is-layout-flow wp-block-column-is-layout-flow\">\n<p><strong>Theaterinstitut<\/strong><\/p>\n<p><strong><a target=\"_blank\" href=\"http:\/\/www.instytut-teatralny.pl\/\" rel=\"noopener noreferrer\">www.instytut-teatralny.pl\/<\/a><\/strong><\/p>\n<\/div>\n\n\n\n<div class=\"wp-block-column is-layout-flow wp-block-column-is-layout-flow\">\n<p><strong>Das Buchinstitut<\/strong><\/p>\n<p><strong><a target=\"_blank\" href=\"http:\/\/www.instytutksiazki.pl\/\" rel=\"noopener noreferrer\">www.instytutksiazki.pl\/<\/a><\/strong><\/p>\n<\/div>\n<\/div>\n\n\n\n<div class=\"wp-block-columns has-2-columns is-layout-flex wp-container-core-columns-is-layout-6 wp-block-columns-is-layout-flex\">\n<div class=\"wp-block-column is-layout-flow wp-block-column-is-layout-flow\">\n<p><strong>Polnisches Institut f\u00fcr Filmkunst<\/strong><\/p>\n<p><strong><a target=\"_blank\" href=\"http:\/\/www.pisf.pl\/pl\" rel=\"noopener noreferrer\">www.pisf.pl\/pl<\/a><\/strong><\/p>\n<\/div>\n\n\n\n<div class=\"wp-block-column is-layout-flow wp-block-column-is-layout-flow\">\n<p><strong>Polnischer Film<\/strong><\/p>\n<p><strong><a target=\"_blank\" href=\"http:\/\/www.filmpolski.pl\/fp\/\" rel=\"noopener noreferrer\">www.filmpolski.pl\/fp\/<\/a><\/strong><\/p>\n<\/div>\n<\/div>\n\n\n\n<div class=\"wp-block-columns has-2-columns is-layout-flex wp-container-core-columns-is-layout-7 wp-block-columns-is-layout-flex\">\n<div class=\"wp-block-column is-layout-flow wp-block-column-is-layout-flow\">\n<p><strong>Theater in Polen<\/strong><\/p>\n<p><strong><a target=\"_blank\" href=\"http:\/\/www.e-teatr.pl\/pl\/index.html\" rel=\"noopener noreferrer\">www.e-teatr.pl\/pl\/index.html<\/a><\/strong><\/p>\n<\/div>\n\n\n\n<div class=\"wp-block-column is-layout-flow wp-block-column-is-layout-flow\">\n<p><strong>Nationale Bibliothek<\/strong><\/p>\n<p><strong><a target=\"_blank\" href=\"http:\/\/www.bn.org.pl\/\" rel=\"noopener noreferrer\">www.bn.org.pl\/<\/a><\/strong><\/p>\n<\/div>\n<\/div>\n\n\n\n<div class=\"wp-block-columns has-2-columns is-layout-flex wp-container-core-columns-is-layout-8 wp-block-columns-is-layout-flex\">\n<div class=\"wp-block-column is-layout-flow wp-block-column-is-layout-flow\">\n<p><strong>Gro\u00dfes Theater \/ Nationale Oper in Warschau<\/strong><\/p>\n<p><strong><a target=\"_blank\" href=\"http:\/\/www.teatrwielki.pl\/\" rel=\"noopener noreferrer\">www.teatrwielki.pl\/<\/a><\/strong><\/p>\n<\/div>\n\n\n\n<div class=\"wp-block-column is-layout-flow wp-block-column-is-layout-flow\">\n<p><strong>Nationales Institut Fryderyk Chopin<\/strong><\/p>\n<p><strong><a target=\"_blank\" href=\"http:\/\/pl.chopin.nifc.pl\/institute\/\" rel=\"noopener noreferrer\">pl.chopin.nifc.pl\/institute\/<\/a><\/strong><\/p>\n<\/div>\n<\/div>\n\n\n\n<div class=\"wp-block-columns has-2-columns is-layout-flex wp-container-core-columns-is-layout-9 wp-block-columns-is-layout-flex\">\n<div class=\"wp-block-column is-layout-flow wp-block-column-is-layout-flow\">\n<p><strong>Nationale Kunstgalerie &#8222;Zach\u0119ta&#8221;<\/strong><\/p>\n<p><strong><a target=\"_blank\" href=\"http:\/\/www.zacheta.art.pl\/\" rel=\"noopener noreferrer\">www.zacheta.art.pl<\/a><\/strong><\/p>\n<\/div>\n\n\n\n<div class=\"wp-block-column is-layout-flow wp-block-column-is-layout-flow\">\n<p><strong>Polnisches (Spiel-)Filmfestival in Gdynia<\/strong><\/p>\n<p><strong><a target=\"_blank\" href=\"http:\/\/www.fpff.pl\/\" rel=\"noopener noreferrer\">www.fpff.pl<\/a><\/strong><\/p>\n<\/div>\n<\/div>\n\n\n\n<div class=\"wp-block-columns has-2-columns is-layout-flex wp-container-core-columns-is-layout-10 wp-block-columns-is-layout-flex\">\n<div class=\"wp-block-column is-layout-flow wp-block-column-is-layout-flow\">\n<p><strong>International Warsaw Film Festival<\/strong><\/p>\n<p><strong><a target=\"_blank\" href=\"http:\/\/www.wff.pl\/\" rel=\"noopener noreferrer\">www.wff.pl<\/a><\/strong><\/p>\n<\/div>\n\n\n\n<div class=\"wp-block-column is-layout-flow wp-block-column-is-layout-flow\">\n<p><strong>Kurz- und Dokumentarfilmfestival in Krakau<\/strong><\/p>\n<p><strong><a target=\"_blank\" href=\"http:\/\/www.kff.com.pl\/\" rel=\"noopener noreferrer\">www.kff.com.pl<\/a><\/strong><\/p>\n<\/div>\n<\/div>\n\n\n\n<div class=\"wp-block-columns has-2-columns is-layout-flex wp-container-core-columns-is-layout-11 wp-block-columns-is-layout-flex\">\n<div class=\"wp-block-column is-layout-flow wp-block-column-is-layout-flow\">\n<p><strong>New Horizons International Film Festival<\/strong><\/p>\n<p><strong><a target=\"_blank\" href=\"http:\/\/www.nowehoryzonty.pl\/\" rel=\"noopener noreferrer\">www.nowehoryzonty.pl<\/a><\/strong><\/p>\n<\/div>\n\n\n\n<div class=\"wp-block-column is-layout-flow wp-block-column-is-layout-flow\">\n<p><strong>Internationales Festival der Kamera-Kunst<\/strong><\/p>\n<p><strong><a target=\"_blank\" href=\"http:\/\/www.pluscamerimage.pl\/\" rel=\"noopener noreferrer\">www.pluscamerimage.pl<\/a><\/strong><\/p>\n<\/div>\n<\/div>\n\n\n\n<div class=\"wp-block-columns has-2-columns is-layout-flex wp-container-core-columns-is-layout-12 wp-block-columns-is-layout-flex\">\n<div class=\"wp-block-column is-layout-flow wp-block-column-is-layout-flow\">\n<p><strong>Divine Comedy International Theatre Festival Krakau<\/strong><\/p>\n<p><strong><a target=\"_blank\" href=\"http:\/\/www.boskakomedia.pl\/\" rel=\"noopener noreferrer\">www.boskakomedia.pl<\/a><\/strong><\/p>\n<\/div>\n\n\n\n<div class=\"wp-block-column is-layout-flow wp-block-column-is-layout-flow\">\n<p><strong>Polnisches Theaterfestival<\/strong><\/p>\n<p><strong><a target=\"_blank\" href=\"http:\/\/www.warszawskie.org\/\" rel=\"noopener noreferrer\">www.warszawskie.org<\/a><\/strong><\/p>\n<\/div>\n<\/div>\n\n\n\n<div class=\"wp-block-columns has-2-columns is-layout-flex wp-container-core-columns-is-layout-13 wp-block-columns-is-layout-flex\">\n<div class=\"wp-block-column is-layout-flow wp-block-column-is-layout-flow\">\n<p><strong>International Theaterfestival Dialog-Wroc\u0142aw<\/strong><\/p>\n<p><strong><a target=\"_blank\" href=\"http:\/\/www.dialogfestival.pl\/\" rel=\"noopener noreferrer\">www.dialogfestival.pl<\/a><\/strong><\/p>\n<\/div>\n\n\n\n<div class=\"wp-block-column is-layout-flow wp-block-column-is-layout-flow\">\n<p><strong>Woodstock Festival Poland<\/strong><\/p>\n<p><strong><a target=\"_blank\" href=\"http:\/\/www.en.wosp.org.pl\/\" rel=\"noopener noreferrer\">www.en.wosp.org.pl<\/a><\/strong><\/p>\n<\/div>\n<\/div>\n\n\n\n<div class=\"wp-block-columns has-2-columns is-layout-flex wp-container-core-columns-is-layout-14 wp-block-columns-is-layout-flex\">\n<div class=\"wp-block-column is-layout-flow wp-block-column-is-layout-flow\">\n<p><strong>OFF FESTIVAL in Katowice<\/strong><\/p>\n<p><strong><a target=\"_blank\" href=\"http:\/\/off-festival.pl\/en\/2011\" rel=\"noopener noreferrer\">off-festival.pl\/en\/2011<\/a><\/strong><\/p>\n<\/div>\n\n\n\n<div class=\"wp-block-column is-layout-flow wp-block-column-is-layout-flow\">\n<p><strong>Jarocin Festival<\/strong><\/p>\n<p><strong><a target=\"_blank\" href=\"http:\/\/www.jarocinfestiwal.pl\/\" rel=\"noopener noreferrer\">www.jarocinfestiwal.pl<\/a><\/strong><\/p>\n<\/div>\n<\/div>\n\n\n\n<div class=\"wp-block-columns has-2-columns is-layout-flex wp-container-core-columns-is-layout-15 wp-block-columns-is-layout-flex\">\n<div class=\"wp-block-column is-layout-flow wp-block-column-is-layout-flow\">\n<p><strong>Gdansk Shakespeare Festival<\/strong><\/p>\n<p><strong><a target=\"_blank\" href=\"http:\/\/www.shakespearefestival.pl\/\" rel=\"noopener noreferrer\">www.shakespearefestival.pl<\/a><\/strong><\/p>\n<\/div>\n\n\n\n<div class=\"wp-block-column is-layout-flow wp-block-column-is-layout-flow\">\n<p><strong>Warsaw Summer Jazz Days<\/strong><\/p>\n<p><strong><a target=\"_blank\" href=\"http:\/\/www.adamiakjazz.pl\/\" rel=\"noopener noreferrer\">www.adamiakjazz.pl<\/a><\/strong><\/p>\n<\/div>\n<\/div>\n\n\n\n<div class=\"wp-block-columns has-2-columns is-layout-flex wp-container-core-columns-is-layout-16 wp-block-columns-is-layout-flex\">\n<div class=\"wp-block-column is-layout-flow wp-block-column-is-layout-flow\">\n<p><strong>Jazz Jamboree<\/strong><\/p>\n<p><strong><a target=\"_blank\" href=\"http:\/\/www.jazz-jamboree.pl\/\" rel=\"noopener noreferrer\">www.jazz-jamboree.pl<\/a><\/strong><\/p>\n<\/div>\n\n\n\n<div class=\"wp-block-column is-layout-flow wp-block-column-is-layout-flow\">\n<p><strong>Lotos Jazz Festival\/ Bielska Zadymka Jazzowa<\/strong><\/p>\n<p><strong><a target=\"_blank\" href=\"http:\/\/www.zadymka.pl\/en\" rel=\"noopener noreferrer\">www.zadymka.pl\/en<\/a><\/strong><\/p>\n<\/div>\n<\/div>\n\n\n\n<div class=\"wp-block-columns has-2-columns is-layout-flex wp-container-core-columns-is-layout-17 wp-block-columns-is-layout-flex\">\n<div class=\"wp-block-column is-layout-flow wp-block-column-is-layout-flow\">\n<p><strong>Ludwig van Beethoven Eastern Festival Warsaw<\/strong><\/p>\n<p><strong><a target=\"_blank\" href=\"http:\/\/www.beethoven.org.pl\/en\" rel=\"noopener noreferrer\">www.beethoven.org.pl\/en<\/a><\/strong><\/p>\n<\/div>\n\n\n\n<div class=\"wp-block-column is-layout-flow wp-block-column-is-layout-flow\">\n<p><strong>Jewish Culture Festival in Krakau<\/strong><\/p>\n<p><strong><a target=\"_blank\" href=\"http:\/\/www.jewishfestival.pl\/index,en.html\" rel=\"noopener noreferrer\">www.jewishfestival.pl\/index,en.html<\/a><\/strong><\/p>\n<\/div>\n<\/div>\n\n\n\n<div class=\"wp-block-columns has-2-columns is-layout-flex wp-container-core-columns-is-layout-18 wp-block-columns-is-layout-flex\">\n<div class=\"wp-block-column is-layout-flow wp-block-column-is-layout-flow\">\n<p><strong>Small Theatre Forms Festival KONTRAPUNKT in Stettin<\/strong><\/p>\n<p><strong><a target=\"_blank\" href=\"http:\/\/www.kontrapunkt.pl\/2011_en\" rel=\"noopener noreferrer\">www.kontrapunkt.pl\/2011_en<\/a><\/strong><\/p>\n<\/div>\n\n\n\n<div class=\"wp-block-column is-layout-flow wp-block-column-is-layout-flow\">\n<p><strong>International Theatre Festival KONTAKT in Toru\u0144<\/strong><\/p>\n<p><strong><a target=\"_blank\" href=\"http:\/\/www.teatr.torun.pl\/\" rel=\"noopener noreferrer\">www.teatr.torun.pl<\/a><\/strong><\/p>\n<\/div>\n<\/div>\n\n\n\n<div class=\"wp-block-columns has-2-columns is-layout-flex wp-container-core-columns-is-layout-19 wp-block-columns-is-layout-flex\">\n<div class=\"wp-block-column is-layout-flow wp-block-column-is-layout-flow\">\n<p><strong>International \u0141\u00f3d\u017a Design Festival<\/strong><\/p>\n<p><strong><a target=\"_blank\" href=\"http:\/\/lodzdesign.com\/?lang=en\" rel=\"noopener noreferrer\">lodzdesign.com\/?lang=en<\/a><\/strong><\/p>\n<\/div>\n\n\n\n<div class=\"wp-block-column is-layout-flow wp-block-column-is-layout-flow\">\n<p><strong>Music &amp; Dance Institute in Warsaw<\/strong><\/p>\n<p><strong><a target=\"_blank\" href=\"http:\/\/www.imit.org.pl\/\" rel=\"noopener noreferrer\">www.imit.org.pl<\/a><\/strong><\/p>\n<\/div>\n<\/div>\n\n\n\n<div class=\"wp-block-columns has-2-columns is-layout-flex wp-container-core-columns-is-layout-20 wp-block-columns-is-layout-flex\">\n<div class=\"wp-block-column is-layout-flow wp-block-column-is-layout-flow\">\n<p><strong>Six Senses Festival in Cracow<\/strong><\/p>\n<p><strong><a target=\"_blank\" href=\"http:\/\/www.6zmyslow.pl\/en\/\" rel=\"noopener noreferrer\">www.6zmyslow.pl\/en\/<\/a><\/strong><\/p>\n<\/div>\n\n\n\n<div class=\"wp-block-column is-layout-flow wp-block-column-is-layout-flow\">\n<p><strong>Polen-Schauplatz Literatur<\/strong><\/p>\n<p><strong><a target=\"_blank\" href=\"http:\/\/goethe.de\/ins\/pl\/lp\/kul\/dup\/lit\/deindex.htm\" rel=\"noopener noreferrer\">goethe.de\/ins\/pl\/lp\/kul\/dup\/lit\/deindex.htm<\/a><\/strong><\/p>\n<\/div>\n<\/div>\n\n\n\n<div class=\"wp-block-columns has-2-columns is-layout-flex wp-container-core-columns-is-layout-21 wp-block-columns-is-layout-flex\">\n<div class=\"wp-block-column is-layout-flow wp-block-column-is-layout-flow\">\n<p><strong>Wroclaw Europ\u00e4ische Kulturhauptstadt 2016<\/strong><\/p>\n<p><strong><a target=\"_blank\" href=\"http:\/\/www.wroclaw2016.pl\/\" rel=\"noopener noreferrer\">www.wroclaw2016.pl\/<\/a><\/strong><\/p>\n<\/div>\n\n\n\n<div class=\"wp-block-column is-layout-flow wp-block-column-is-layout-flow\">\n<p><strong>Zbigniew-Herbert-Jahr<\/strong><\/p>\n<p><strong><a target=\"_blank\" href=\"http:\/\/www.herbert2008.pl\/\" rel=\"noopener noreferrer\">www.herbert2008.pl<\/a><\/strong><\/p>\n<\/div>\n<\/div>\n\n\n\n<div class=\"wp-block-columns has-2-columns is-layout-flex wp-container-core-columns-is-layout-22 wp-block-columns-is-layout-flex\">\n<div class=\"wp-block-column is-layout-flow wp-block-column-is-layout-flow\">\n<p><strong>National Centre for Culture<\/strong><\/p>\n<p><strong><a target=\"_blank\" href=\"http:\/\/www.nck.pl\/\" rel=\"noopener noreferrer\">www.nck.pl<\/a><\/strong><\/p>\n<div class=\"footnote\">&nbsp;<\/div>\n<\/div>\n\n\n\n<div class=\"wp-block-column is-layout-flow wp-block-column-is-layout-flow\"><\/div>\n<\/div>\n\n\n\n<h4>Erkl\u00e4rung zu den Links<\/h4>\n<p>Mit dem Urteil vom 12. Mai 1998 hat das Landgericht Hamburg entschieden, dass man durch die Anbringung eines Links die Inhalte der gelinkten Seite ggf. mit zu verantworten hat. Dies kann &#8211; so das LG &#8211; nur dadurch verhindert werden, dass man sich ausdr\u00fccklich von diesen Inhalten distanziert. F\u00fcr alle Links dieser Homepage gilt: Wir m\u00f6chten ausdr\u00fccklich betonen, dass wir keinerlei Einfluss auf die Gestaltung und Inhalte der gelinkten Seiten haben. Deshalb distanzieren wir uns hiermit ausdr\u00fccklich von allen Inhalten aller gelinkten Seiten auf unserer Homepage. Diese Erkl\u00e4rung gilt f\u00fcr alle Links, die Sie \u00fcber die Web-Seiten des Polnischen Instituts D\u00fcsseldorf erreichen.<\/p>\n","protected":false},"excerpt":{"rendered":"<p>Offizielle Kulturseite von Polen www.culture.pl Adam-Mickiewicz-Institut Warschau www.iam.pl Alternativ-Theaterfestival MALTA www.malta-festival.pl\/ Czes\u0142aw Mi\u0142osz Jahr 2011 www.milosz365.pl Veranstaltungen in Polen www.ticketonline.pl Ministerium f\u00fcr Kultur und Nationalerbe www.mkidn.gov.pl Internationales Kulturzentrum Krakau www.mck.krakow.pl\/ Nationales Audiovisuelles Institut www.nina.gov.pl\/ Theaterinstitut www.instytut-teatralny.pl\/ Das Buchinstitut www.instytutksiazki.pl\/ Polnisches Institut f\u00fcr Filmkunst www.pisf.pl\/pl Polnischer Film www.filmpolski.pl\/fp\/ Theater in Polen www.e-teatr.pl\/pl\/index.html Nationale Bibliothek www.bn.org.pl\/ Gro\u00dfes [&hellip;]<\/p>\n","protected":false},"author":103,"featured_media":0,"parent":0,"menu_order":0,"comment_status":"closed","ping_status":"closed","template":"","meta":{"inline_featured_image":false,"_monsterinsights_skip_tracking":false,"_monsterinsights_sitenote_active":false,"_monsterinsights_sitenote_note":"","_monsterinsights_sitenote_category":0,"footnotes":""},"class_list":["post-215","page","type-page","status-publish","hentry"],"yoast_head":"<!-- This site is optimized with the Yoast SEO plugin v24.6 - https:\/\/yoast.com\/wordpress\/plugins\/seo\/ -->\n<title>Kultur - Instytut Polski w Dusseldorfie<\/title>\n<meta name=\"robots\" content=\"index, follow, max-snippet:-1, max-image-preview:large, max-video-preview:-1\" \/>\n<link rel=\"canonical\" href=\"https:\/\/instytutpolski.pl\/duesseldorf\/kultur\/\" \/>\n<meta property=\"og:locale\" content=\"pl_PL\" \/>\n<meta property=\"og:type\" content=\"article\" \/>\n<meta property=\"og:title\" content=\"Kultur - Instytut Polski w Dusseldorfie\" \/>\n<meta property=\"og:description\" content=\"Offizielle Kulturseite von Polen www.culture.pl Adam-Mickiewicz-Institut Warschau www.iam.pl Alternativ-Theaterfestival MALTA www.malta-festival.pl\/ Czes\u0142aw Mi\u0142osz Jahr 2011 www.milosz365.pl Veranstaltungen in Polen www.ticketonline.pl Ministerium f\u00fcr Kultur und Nationalerbe www.mkidn.gov.pl Internationales Kulturzentrum Krakau www.mck.krakow.pl\/ Nationales Audiovisuelles Institut www.nina.gov.pl\/ Theaterinstitut www.instytut-teatralny.pl\/ Das Buchinstitut www.instytutksiazki.pl\/ Polnisches Institut f\u00fcr Filmkunst www.pisf.pl\/pl Polnischer Film www.filmpolski.pl\/fp\/ Theater in Polen www.e-teatr.pl\/pl\/index.html Nationale Bibliothek www.bn.org.pl\/ Gro\u00dfes [&hellip;]\" \/>\n<meta property=\"og:url\" content=\"https:\/\/instytutpolski.pl\/duesseldorf\/kultur\/\" \/>\n<meta property=\"og:site_name\" content=\"Instytut Polski w Dusseldorfie\" \/>\n<meta name=\"twitter:card\" content=\"summary_large_image\" \/>\n<meta name=\"twitter:label1\" content=\"Szacowany czas czytania\" \/>\n\t<meta name=\"twitter:data1\" content=\"2 minuty\" \/>\n<script type=\"application\/ld+json\" class=\"yoast-schema-graph\">{\"@context\":\"https:\/\/schema.org\",\"@graph\":[{\"@type\":\"WebPage\",\"@id\":\"https:\/\/instytutpolski.pl\/duesseldorf\/kultur\/\",\"url\":\"https:\/\/instytutpolski.pl\/duesseldorf\/kultur\/\",\"name\":\"Kultur - Instytut Polski w Dusseldorfie\",\"isPartOf\":{\"@id\":\"https:\/\/instytutpolski.pl\/duesseldorf\/#website\"},\"datePublished\":\"2020-02-14T13:05:00+00:00\",\"breadcrumb\":{\"@id\":\"https:\/\/instytutpolski.pl\/duesseldorf\/kultur\/#breadcrumb\"},\"inLanguage\":\"pl-PL\",\"potentialAction\":[{\"@type\":\"ReadAction\",\"target\":[\"https:\/\/instytutpolski.pl\/duesseldorf\/kultur\/\"]}]},{\"@type\":\"BreadcrumbList\",\"@id\":\"https:\/\/instytutpolski.pl\/duesseldorf\/kultur\/#breadcrumb\",\"itemListElement\":[{\"@type\":\"ListItem\",\"position\":1,\"name\":\"Home\",\"item\":\"https:\/\/instytutpolski.pl\/duesseldorf\/\"},{\"@type\":\"ListItem\",\"position\":2,\"name\":\"Kultur\"}]},{\"@type\":\"WebSite\",\"@id\":\"https:\/\/instytutpolski.pl\/duesseldorf\/#website\",\"url\":\"https:\/\/instytutpolski.pl\/duesseldorf\/\",\"name\":\"Instytut Polski w Dusseldorfie\",\"description\":\"Instytuty Polskie\",\"potentialAction\":[{\"@type\":\"SearchAction\",\"target\":{\"@type\":\"EntryPoint\",\"urlTemplate\":\"https:\/\/instytutpolski.pl\/duesseldorf\/?s={search_term_string}\"},\"query-input\":{\"@type\":\"PropertyValueSpecification\",\"valueRequired\":true,\"valueName\":\"search_term_string\"}}],\"inLanguage\":\"pl-PL\"}]}<\/script>\n<!-- \/ Yoast SEO plugin. -->","yoast_head_json":{"title":"Kultur - Instytut Polski w Dusseldorfie","robots":{"index":"index","follow":"follow","max-snippet":"max-snippet:-1","max-image-preview":"max-image-preview:large","max-video-preview":"max-video-preview:-1"},"canonical":"https:\/\/instytutpolski.pl\/duesseldorf\/kultur\/","og_locale":"pl_PL","og_type":"article","og_title":"Kultur - Instytut Polski w Dusseldorfie","og_description":"Offizielle Kulturseite von Polen www.culture.pl Adam-Mickiewicz-Institut Warschau www.iam.pl Alternativ-Theaterfestival MALTA www.malta-festival.pl\/ Czes\u0142aw Mi\u0142osz Jahr 2011 www.milosz365.pl Veranstaltungen in Polen www.ticketonline.pl Ministerium f\u00fcr Kultur und Nationalerbe www.mkidn.gov.pl Internationales Kulturzentrum Krakau www.mck.krakow.pl\/ Nationales Audiovisuelles Institut www.nina.gov.pl\/ Theaterinstitut www.instytut-teatralny.pl\/ Das Buchinstitut www.instytutksiazki.pl\/ Polnisches Institut f\u00fcr Filmkunst www.pisf.pl\/pl Polnischer Film www.filmpolski.pl\/fp\/ Theater in Polen www.e-teatr.pl\/pl\/index.html Nationale Bibliothek www.bn.org.pl\/ Gro\u00dfes [&hellip;]","og_url":"https:\/\/instytutpolski.pl\/duesseldorf\/kultur\/","og_site_name":"Instytut Polski w Dusseldorfie","twitter_card":"summary_large_image","twitter_misc":{"Szacowany czas czytania":"2 minuty"},"schema":{"@context":"https:\/\/schema.org","@graph":[{"@type":"WebPage","@id":"https:\/\/instytutpolski.pl\/duesseldorf\/kultur\/","url":"https:\/\/instytutpolski.pl\/duesseldorf\/kultur\/","name":"Kultur - Instytut Polski w Dusseldorfie","isPartOf":{"@id":"https:\/\/instytutpolski.pl\/duesseldorf\/#website"},"datePublished":"2020-02-14T13:05:00+00:00","breadcrumb":{"@id":"https:\/\/instytutpolski.pl\/duesseldorf\/kultur\/#breadcrumb"},"inLanguage":"pl-PL","potentialAction":[{"@type":"ReadAction","target":["https:\/\/instytutpolski.pl\/duesseldorf\/kultur\/"]}]},{"@type":"BreadcrumbList","@id":"https:\/\/instytutpolski.pl\/duesseldorf\/kultur\/#breadcrumb","itemListElement":[{"@type":"ListItem","position":1,"name":"Home","item":"https:\/\/instytutpolski.pl\/duesseldorf\/"},{"@type":"ListItem","position":2,"name":"Kultur"}]},{"@type":"WebSite","@id":"https:\/\/instytutpolski.pl\/duesseldorf\/#website","url":"https:\/\/instytutpolski.pl\/duesseldorf\/","name":"Instytut Polski w Dusseldorfie","description":"Instytuty Polskie","potentialAction":[{"@type":"SearchAction","target":{"@type":"EntryPoint","urlTemplate":"https:\/\/instytutpolski.pl\/duesseldorf\/?s={search_term_string}"},"query-input":{"@type":"PropertyValueSpecification","valueRequired":true,"valueName":"search_term_string"}}],"inLanguage":"pl-PL"}]}},"_links":{"self":[{"href":"https:\/\/instytutpolski.pl\/duesseldorf\/wp-json\/wp\/v2\/pages\/215","targetHints":{"allow":["GET"]}}],"collection":[{"href":"https:\/\/instytutpolski.pl\/duesseldorf\/wp-json\/wp\/v2\/pages"}],"about":[{"href":"https:\/\/instytutpolski.pl\/duesseldorf\/wp-json\/wp\/v2\/types\/page"}],"author":[{"embeddable":true,"href":"https:\/\/instytutpolski.pl\/duesseldorf\/wp-json\/wp\/v2\/users\/103"}],"replies":[{"embeddable":true,"href":"https:\/\/instytutpolski.pl\/duesseldorf\/wp-json\/wp\/v2\/comments?post=215"}],"version-history":[{"count":7,"href":"https:\/\/instytutpolski.pl\/duesseldorf\/wp-json\/wp\/v2\/pages\/215\/revisions"}],"predecessor-version":[{"id":1313,"href":"https:\/\/instytutpolski.pl\/duesseldorf\/wp-json\/wp\/v2\/pages\/215\/revisions\/1313"}],"wp:attachment":[{"href":"https:\/\/instytutpolski.pl\/duesseldorf\/wp-json\/wp\/v2\/media?parent=215"}],"curies":[{"name":"wp","href":"https:\/\/api.w.org\/{rel}","templated":true}]}}