{"id":2187,"date":"2020-06-01T19:53:00","date_gmt":"2020-06-01T17:53:00","guid":{"rendered":"https:\/\/instytutpolski.pl\/duesseldorf\/?page_id=2187"},"modified":"2020-06-08T19:57:28","modified_gmt":"2020-06-08T17:57:28","slug":"erklarung-uber-barrierefreiheit","status":"publish","type":"page","link":"https:\/\/instytutpolski.pl\/duesseldorf\/erklarung-uber-barrierefreiheit\/","title":{"rendered":"Erkl\u00e4rung \u00fcber Barrierefreiheit"},"content":{"rendered":"\n<h3><b> Die Erkl\u00e4rung \u00fcber die Barrierefreiheit gilt f\u00fcr die Website des Au\u00dfenministeriums institutpolski.pl\/duesseldorf<\/b><\/h3>\n<p id=\"a11y-wstep\"><span id=\"\u201ea11y-podmiot\u201d\">Das Ministerium f\u00fcr Ausw\u00e4rtige Angelegenheiten der Republik Polen<\/span> verpflichtet sich, die Barrierefreiheit seiner Website in \u00dcbereinstimmung mit den Bestimmungen des polnischen Gesetzes vom 4. April 2019 \u00fcber die digitale Zug\u00e4nglichkeit von Websites und mobilen Anwendungen \u00f6ffentlicher Einrichtungen zu gew\u00e4hrleisten. Die Erkl\u00e4rung \u00fcber die Barrierefreiheit gilt f\u00fcr die <a id=\"\u201da11y-url\u201d\" href=\"https:\/\/instytutpolski.pl\/duesseldorf\">Website des Au\u00dfenministeriums<\/a>.<\/p>\n<p id=\"\u201da11y-data-publikacja\u201d\">Datum der Ver\u00f6ffentlichung der Website: 2020-06-01<\/p>\n<p id=\"\u201da11y-data-aktualizacja\u201d\">Datum der letzten gr\u00f6\u00dferen Aktualisierung: 2020-06-01<\/p>\n<p>Die Website entspricht aufgrund der unten aufgef\u00fchrten Unvereinbarkeiten oder Ausschl\u00fcsse teilweise dem Gesetz \u00fcber die digitale Zug\u00e4nglichkeit \u00f6ffentlicher Einrichtungen f\u00fcr Websites und mobile Anwendungen.<\/p>\n<p><br \/>Die Website kann Videos enthalten, zu denen keine Untertitel f\u00fcr geh\u00f6rlose Personen hinzugef\u00fcgt wurden. Wenn Sie in einer der drei Formen kommunizieren m\u00fcssen: Polnische Geb\u00e4rdensprache (PJM), Sprache und Prop-System (SJM), die Art und Weise, wie Geh\u00f6rlose kommunizieren (SKOGN), senden Sie bitte eine Nachricht an <a href=\"mailto:bazi.tlumaczenia@msz.gov.pl\">bazi.tlumaczenia@msz.gov.pl<\/a>.<\/p>\n<p>Die Erkl\u00e4rung wurde am <span id=\"\u201da11y-data-sporzadzenie\u201d\">2020-05-29.<\/span><\/p>\n<p id=\"\u201da11y-audytor\u201d\">Diese Erkl\u00e4rung wurde auf der Grundlage einer Selbsteinsch\u00e4tzung durch eine \u00f6ffentliche Stelle abgegeben.<\/p>\n<p>Auf der Website k\u00f6nnen Standard-Tastaturk\u00fcrzel verwendet werden.<\/p>\n<h3 id=\"\u201da11y-kontakt\u201d\"><b>Feedback und Kontaktdaten<\/b><\/h3>\n<p>Bei Problemen mit der Zug\u00e4nglichkeit der Website kontaktieren Sie uns bitte unter <a href=\"http:\/\/redakcja@msz.gov.pl\">redakcja@msz.gov.pl<\/a>. Sie k\u00f6nnen sich auch unter der Telefonnummer <span id=\"\u201da11y-telefon\u201d\">48 22 523 93 56<\/span> mit uns in Verbindung setzen. Auf dieselbe Weise k\u00f6nnen Sie nicht verf\u00fcgbare Informationen beantragen und sich \u00fcber mangelnde Zug\u00e4nglichkeit beschweren.<\/p>\n<p id=\"\u201da11y-procedura\u201d\">Jeder hat das Recht, die Verf\u00fcgbarkeit einer digitalen Website, einer mobilen Anwendung oder eines ihrer Elemente zu beantragen. Sie k\u00f6nnen Informationen auch \u00fcber eine alternative Zugangsm\u00f6glichkeit anfordern, z.B. durch Lesen eines digital nicht verf\u00fcgbaren Dokuments, durch Beschreibung des Inhalts eines Films ohne Audiotranskription usw. Die Anfrage sollte die Identit\u00e4t der Person, die die Anfrage stellt, sowie einen Hinweis darauf enthalten, um welche Website oder mobile Anwendung es sich handelt und wie man kontaktiert werden kann. Wenn der Antragsteller Informationen \u00fcber eine alternative Zugangsm\u00f6glichkeit w\u00fcnscht, sollte er auch eine bequeme Art der Darstellung dieser Informationen angeben. Die \u00f6ffentliche Einrichtung sollte dem Ersuchen so bald wie m\u00f6glich, sp\u00e4testens jedoch innerhalb von 7 Tagen ab dem Datum des Ersuchens nachkommen. Ist es nicht m\u00f6glich, diese Frist einzuhalten, so teilt die \u00f6ffentliche Stelle der antragstellenden Person unverz\u00fcglich mit, wann sie dem Antrag nachkommen kann, was nicht mehr als zwei Monate ab dem Datum des Antrags betragen darf. Wenn die digitale Zug\u00e4nglichkeit nicht gew\u00e4hrleistet werden kann, kann die \u00f6ffentliche Stelle eine alternative Zugangsm\u00f6glichkeit zu den Informationen vorschlagen. Weigert sich die \u00f6ffentliche Stelle, einem Ersuchen um Zug\u00e4nglichkeit oder einen alternativen Weg f\u00fcr den Zugang zu Informationen nachzukommen, so kann sich die ersuchende \u00f6ffentliche Stelle \u00fcber die Bereitstellung der digitalen Zug\u00e4nglichkeit einer Website, einer mobilen Anwendung oder eines Elements einer Website oder einer mobilen Anwendung beschweren. Wenn das oben genannte Verfahren ausgesch\u00f6pft ist, kann auch ein Antrag an den Ombudsmann gestellt werden.<\/p>\n<p>Wenn alle M\u00f6glichkeiten ausgesch\u00f6pft sind, kann eine Beschwerde auch an den <a href=\"https:\/\/www.rpo.gov.pl\/content\/jak-zglosic-sie-do-rzecznika-praw-obywatelskich\"> Ombudsmann <\/a> gerichtet werden.<\/p>\n<h3 id=\"\u201da11y-architektura\u201d\"><b>Architektonische Zug\u00e4nglichkeit<\/b><\/h3>\n<p>Das Polnische Institut D\u00fcsseldorf teilt mit, dass im Rahmen der architektonischen Zug\u00e4nglichkeit des Geb\u00e4udes und der repr\u00e4sentativen R\u00e4ume ein freier Zugang zur Einrichtung ohne Barrieren nicht m\u00f6glich ist. Das Geb\u00e4ude und der Sitz des Instituts ist ein Denkmal, das in die Denkmalliste der Stadt D\u00fcsseldorf aufgenommen wurde und als solches unter besonderem Schutz steht. Infolgedessen und der gro\u00dfen architektonischen Einschr\u00e4nkungen ist es nicht m\u00f6glich, das Geb\u00e4ude mit einer Treppenplattform oder einem Aufzug auszustatten, und folglich gibt es keinen Zugang f\u00fcr Menschen mit Behinderung im Rollstuhl. Dies gilt auch f\u00fcr den Zugang zur Galerie und zum Konferenzraum, die sich im ersten Stock befinden, sowie zur Bibliothek und zum Seminarraum, die sich im Untergeschoss befinden. Der Fu\u00dfg\u00e4ngerweg auf der Stra\u00dfe am Eingang zum Geb\u00e4ude hat keine abgesenkten Bordsteine. Solche Bordsteine befinden sich am Anfang und am Ende der Stra\u00dfe.<\/p>\n","protected":false},"excerpt":{"rendered":"<p>Die Erkl\u00e4rung \u00fcber die Barrierefreiheit gilt f\u00fcr die Website des Au\u00dfenministeriums institutpolski.pl\/duesseldorf Das Ministerium f\u00fcr Ausw\u00e4rtige Angelegenheiten der Republik Polen verpflichtet sich, die Barrierefreiheit seiner Website in \u00dcbereinstimmung mit den Bestimmungen des polnischen Gesetzes vom 4. April 2019 \u00fcber die digitale Zug\u00e4nglichkeit von Websites und mobilen Anwendungen \u00f6ffentlicher Einrichtungen zu gew\u00e4hrleisten. Die Erkl\u00e4rung \u00fcber die [&hellip;]<\/p>\n","protected":false},"author":26,"featured_media":1862,"parent":0,"menu_order":0,"comment_status":"closed","ping_status":"closed","template":"","meta":{"inline_featured_image":false,"_monsterinsights_skip_tracking":false,"_monsterinsights_sitenote_active":false,"_monsterinsights_sitenote_note":"","_monsterinsights_sitenote_category":0,"footnotes":""},"class_list":["post-2187","page","type-page","status-publish","has-post-thumbnail","hentry"],"yoast_head":"<!-- This site is optimized with the Yoast SEO plugin v24.6 - https:\/\/yoast.com\/wordpress\/plugins\/seo\/ -->\n<title>Erkl\u00e4rung \u00fcber Barrierefreiheit - Instytut Polski w Dusseldorfie<\/title>\n<meta name=\"robots\" content=\"index, follow, max-snippet:-1, max-image-preview:large, max-video-preview:-1\" \/>\n<link rel=\"canonical\" href=\"https:\/\/instytutpolski.pl\/duesseldorf\/erklarung-uber-barrierefreiheit\/\" \/>\n<meta property=\"og:locale\" content=\"pl_PL\" \/>\n<meta property=\"og:type\" content=\"article\" \/>\n<meta property=\"og:title\" content=\"Erkl\u00e4rung \u00fcber Barrierefreiheit - Instytut Polski w Dusseldorfie\" \/>\n<meta property=\"og:description\" content=\"Die Erkl\u00e4rung \u00fcber die Barrierefreiheit gilt f\u00fcr die Website des Au\u00dfenministeriums institutpolski.pl\/duesseldorf Das Ministerium f\u00fcr Ausw\u00e4rtige Angelegenheiten der Republik Polen verpflichtet sich, die Barrierefreiheit seiner Website in \u00dcbereinstimmung mit den Bestimmungen des polnischen Gesetzes vom 4. April 2019 \u00fcber die digitale Zug\u00e4nglichkeit von Websites und mobilen Anwendungen \u00f6ffentlicher Einrichtungen zu gew\u00e4hrleisten. Die Erkl\u00e4rung \u00fcber die [&hellip;]\" \/>\n<meta property=\"og:url\" content=\"https:\/\/instytutpolski.pl\/duesseldorf\/erklarung-uber-barrierefreiheit\/\" \/>\n<meta property=\"og:site_name\" content=\"Instytut Polski w Dusseldorfie\" \/>\n<meta property=\"article:modified_time\" content=\"2020-06-08T17:57:28+00:00\" \/>\n<meta property=\"og:image\" content=\"https:\/\/instytutpolski.pl\/duesseldorf\/wp-content\/uploads\/sites\/5\/2020\/05\/PolnInstitut2010-RolfPurpar_9454m_mo-1.jpg\" \/>\n\t<meta property=\"og:image:width\" content=\"1379\" \/>\n\t<meta property=\"og:image:height\" content=\"1239\" \/>\n\t<meta property=\"og:image:type\" content=\"image\/jpeg\" \/>\n<meta name=\"twitter:card\" content=\"summary_large_image\" \/>\n<meta name=\"twitter:label1\" content=\"Szacowany czas czytania\" \/>\n\t<meta name=\"twitter:data1\" content=\"3 minuty\" \/>\n<script type=\"application\/ld+json\" class=\"yoast-schema-graph\">{\"@context\":\"https:\/\/schema.org\",\"@graph\":[{\"@type\":\"WebPage\",\"@id\":\"https:\/\/instytutpolski.pl\/duesseldorf\/erklarung-uber-barrierefreiheit\/\",\"url\":\"https:\/\/instytutpolski.pl\/duesseldorf\/erklarung-uber-barrierefreiheit\/\",\"name\":\"Erkl\u00e4rung \u00fcber Barrierefreiheit - Instytut Polski w Dusseldorfie\",\"isPartOf\":{\"@id\":\"https:\/\/instytutpolski.pl\/duesseldorf\/#website\"},\"primaryImageOfPage\":{\"@id\":\"https:\/\/instytutpolski.pl\/duesseldorf\/erklarung-uber-barrierefreiheit\/#primaryimage\"},\"image\":{\"@id\":\"https:\/\/instytutpolski.pl\/duesseldorf\/erklarung-uber-barrierefreiheit\/#primaryimage\"},\"thumbnailUrl\":\"https:\/\/instytutpolski.pl\/duesseldorf\/wp-content\/uploads\/sites\/5\/2020\/05\/PolnInstitut2010-RolfPurpar_9454m_mo-1.jpg\",\"datePublished\":\"2020-06-01T17:53:00+00:00\",\"dateModified\":\"2020-06-08T17:57:28+00:00\",\"breadcrumb\":{\"@id\":\"https:\/\/instytutpolski.pl\/duesseldorf\/erklarung-uber-barrierefreiheit\/#breadcrumb\"},\"inLanguage\":\"pl-PL\",\"potentialAction\":[{\"@type\":\"ReadAction\",\"target\":[\"https:\/\/instytutpolski.pl\/duesseldorf\/erklarung-uber-barrierefreiheit\/\"]}]},{\"@type\":\"ImageObject\",\"inLanguage\":\"pl-PL\",\"@id\":\"https:\/\/instytutpolski.pl\/duesseldorf\/erklarung-uber-barrierefreiheit\/#primaryimage\",\"url\":\"https:\/\/instytutpolski.pl\/duesseldorf\/wp-content\/uploads\/sites\/5\/2020\/05\/PolnInstitut2010-RolfPurpar_9454m_mo-1.jpg\",\"contentUrl\":\"https:\/\/instytutpolski.pl\/duesseldorf\/wp-content\/uploads\/sites\/5\/2020\/05\/PolnInstitut2010-RolfPurpar_9454m_mo-1.jpg\",\"width\":1379,\"height\":1239},{\"@type\":\"BreadcrumbList\",\"@id\":\"https:\/\/instytutpolski.pl\/duesseldorf\/erklarung-uber-barrierefreiheit\/#breadcrumb\",\"itemListElement\":[{\"@type\":\"ListItem\",\"position\":1,\"name\":\"Home\",\"item\":\"https:\/\/instytutpolski.pl\/duesseldorf\/\"},{\"@type\":\"ListItem\",\"position\":2,\"name\":\"Erkl\u00e4rung \u00fcber Barrierefreiheit\"}]},{\"@type\":\"WebSite\",\"@id\":\"https:\/\/instytutpolski.pl\/duesseldorf\/#website\",\"url\":\"https:\/\/instytutpolski.pl\/duesseldorf\/\",\"name\":\"Instytut Polski w Dusseldorfie\",\"description\":\"Instytuty Polskie\",\"potentialAction\":[{\"@type\":\"SearchAction\",\"target\":{\"@type\":\"EntryPoint\",\"urlTemplate\":\"https:\/\/instytutpolski.pl\/duesseldorf\/?s={search_term_string}\"},\"query-input\":{\"@type\":\"PropertyValueSpecification\",\"valueRequired\":true,\"valueName\":\"search_term_string\"}}],\"inLanguage\":\"pl-PL\"}]}<\/script>\n<!-- \/ Yoast SEO plugin. -->","yoast_head_json":{"title":"Erkl\u00e4rung \u00fcber Barrierefreiheit - Instytut Polski w Dusseldorfie","robots":{"index":"index","follow":"follow","max-snippet":"max-snippet:-1","max-image-preview":"max-image-preview:large","max-video-preview":"max-video-preview:-1"},"canonical":"https:\/\/instytutpolski.pl\/duesseldorf\/erklarung-uber-barrierefreiheit\/","og_locale":"pl_PL","og_type":"article","og_title":"Erkl\u00e4rung \u00fcber Barrierefreiheit - Instytut Polski w Dusseldorfie","og_description":"Die Erkl\u00e4rung \u00fcber die Barrierefreiheit gilt f\u00fcr die Website des Au\u00dfenministeriums institutpolski.pl\/duesseldorf Das Ministerium f\u00fcr Ausw\u00e4rtige Angelegenheiten der Republik Polen verpflichtet sich, die Barrierefreiheit seiner Website in \u00dcbereinstimmung mit den Bestimmungen des polnischen Gesetzes vom 4. April 2019 \u00fcber die digitale Zug\u00e4nglichkeit von Websites und mobilen Anwendungen \u00f6ffentlicher Einrichtungen zu gew\u00e4hrleisten. Die Erkl\u00e4rung \u00fcber die [&hellip;]","og_url":"https:\/\/instytutpolski.pl\/duesseldorf\/erklarung-uber-barrierefreiheit\/","og_site_name":"Instytut Polski w Dusseldorfie","article_modified_time":"2020-06-08T17:57:28+00:00","og_image":[{"width":1379,"height":1239,"url":"https:\/\/instytutpolski.pl\/duesseldorf\/wp-content\/uploads\/sites\/5\/2020\/05\/PolnInstitut2010-RolfPurpar_9454m_mo-1.jpg","type":"image\/jpeg"}],"twitter_card":"summary_large_image","twitter_misc":{"Szacowany czas czytania":"3 minuty"},"schema":{"@context":"https:\/\/schema.org","@graph":[{"@type":"WebPage","@id":"https:\/\/instytutpolski.pl\/duesseldorf\/erklarung-uber-barrierefreiheit\/","url":"https:\/\/instytutpolski.pl\/duesseldorf\/erklarung-uber-barrierefreiheit\/","name":"Erkl\u00e4rung \u00fcber Barrierefreiheit - Instytut Polski w Dusseldorfie","isPartOf":{"@id":"https:\/\/instytutpolski.pl\/duesseldorf\/#website"},"primaryImageOfPage":{"@id":"https:\/\/instytutpolski.pl\/duesseldorf\/erklarung-uber-barrierefreiheit\/#primaryimage"},"image":{"@id":"https:\/\/instytutpolski.pl\/duesseldorf\/erklarung-uber-barrierefreiheit\/#primaryimage"},"thumbnailUrl":"https:\/\/instytutpolski.pl\/duesseldorf\/wp-content\/uploads\/sites\/5\/2020\/05\/PolnInstitut2010-RolfPurpar_9454m_mo-1.jpg","datePublished":"2020-06-01T17:53:00+00:00","dateModified":"2020-06-08T17:57:28+00:00","breadcrumb":{"@id":"https:\/\/instytutpolski.pl\/duesseldorf\/erklarung-uber-barrierefreiheit\/#breadcrumb"},"inLanguage":"pl-PL","potentialAction":[{"@type":"ReadAction","target":["https:\/\/instytutpolski.pl\/duesseldorf\/erklarung-uber-barrierefreiheit\/"]}]},{"@type":"ImageObject","inLanguage":"pl-PL","@id":"https:\/\/instytutpolski.pl\/duesseldorf\/erklarung-uber-barrierefreiheit\/#primaryimage","url":"https:\/\/instytutpolski.pl\/duesseldorf\/wp-content\/uploads\/sites\/5\/2020\/05\/PolnInstitut2010-RolfPurpar_9454m_mo-1.jpg","contentUrl":"https:\/\/instytutpolski.pl\/duesseldorf\/wp-content\/uploads\/sites\/5\/2020\/05\/PolnInstitut2010-RolfPurpar_9454m_mo-1.jpg","width":1379,"height":1239},{"@type":"BreadcrumbList","@id":"https:\/\/instytutpolski.pl\/duesseldorf\/erklarung-uber-barrierefreiheit\/#breadcrumb","itemListElement":[{"@type":"ListItem","position":1,"name":"Home","item":"https:\/\/instytutpolski.pl\/duesseldorf\/"},{"@type":"ListItem","position":2,"name":"Erkl\u00e4rung \u00fcber Barrierefreiheit"}]},{"@type":"WebSite","@id":"https:\/\/instytutpolski.pl\/duesseldorf\/#website","url":"https:\/\/instytutpolski.pl\/duesseldorf\/","name":"Instytut Polski w Dusseldorfie","description":"Instytuty Polskie","potentialAction":[{"@type":"SearchAction","target":{"@type":"EntryPoint","urlTemplate":"https:\/\/instytutpolski.pl\/duesseldorf\/?s={search_term_string}"},"query-input":{"@type":"PropertyValueSpecification","valueRequired":true,"valueName":"search_term_string"}}],"inLanguage":"pl-PL"}]}},"_links":{"self":[{"href":"https:\/\/instytutpolski.pl\/duesseldorf\/wp-json\/wp\/v2\/pages\/2187","targetHints":{"allow":["GET"]}}],"collection":[{"href":"https:\/\/instytutpolski.pl\/duesseldorf\/wp-json\/wp\/v2\/pages"}],"about":[{"href":"https:\/\/instytutpolski.pl\/duesseldorf\/wp-json\/wp\/v2\/types\/page"}],"author":[{"embeddable":true,"href":"https:\/\/instytutpolski.pl\/duesseldorf\/wp-json\/wp\/v2\/users\/26"}],"replies":[{"embeddable":true,"href":"https:\/\/instytutpolski.pl\/duesseldorf\/wp-json\/wp\/v2\/comments?post=2187"}],"version-history":[{"count":1,"href":"https:\/\/instytutpolski.pl\/duesseldorf\/wp-json\/wp\/v2\/pages\/2187\/revisions"}],"predecessor-version":[{"id":2188,"href":"https:\/\/instytutpolski.pl\/duesseldorf\/wp-json\/wp\/v2\/pages\/2187\/revisions\/2188"}],"wp:featuredmedia":[{"embeddable":true,"href":"https:\/\/instytutpolski.pl\/duesseldorf\/wp-json\/wp\/v2\/media\/1862"}],"wp:attachment":[{"href":"https:\/\/instytutpolski.pl\/duesseldorf\/wp-json\/wp\/v2\/media?parent=2187"}],"curies":[{"name":"wp","href":"https:\/\/api.w.org\/{rel}","templated":true}]}}