{"id":220,"date":"2019-05-23T14:07:10","date_gmt":"2019-05-23T12:07:10","guid":{"rendered":"https:\/\/instytutpolski.pl\/dusseldorf\/?page_id=220"},"modified":"2019-05-30T14:43:08","modified_gmt":"2019-05-30T12:43:08","slug":"polnische-sprache-studium-in-polen","status":"publish","type":"page","link":"https:\/\/instytutpolski.pl\/duesseldorf\/polnische-sprache-studium-in-polen\/","title":{"rendered":"Polnische Sprache\/ Studium in Polen"},"content":{"rendered":"\n<div class=\"wp-block-columns has-2-columns is-layout-flex wp-container-core-columns-is-layout-1 wp-block-columns-is-layout-flex\">\n<div class=\"wp-block-column is-layout-flow wp-block-column-is-layout-flow\">\n<p><strong>Zwi\u0105zek Nauczycieli J\u0119zyka Polskiego i Pedagog\u00f3w w Niemczech<\/strong><\/p>\n<p><strong><a target=\"_blank\" href=\"http:\/\/www.jpolski.de\/\" rel=\"noopener noreferrer\">www.jpolski.de<\/a><\/strong><\/p>\n<\/div>\n\n\n\n<div class=\"wp-block-column is-layout-flow wp-block-column-is-layout-flow\">\n<p><strong>E-Book \u00fcbers Studieren in Polen<\/strong><\/p>\n<p><strong><a target=\"_blank\" href=\"http:\/\/auslandstreff.de\/tipps\/buecher\/studieren-in-polen.html\" rel=\"noopener noreferrer\">auslandstreff.de\/tipps\/buecher\/studieren-in-polen.html<\/a><\/strong><\/p>\n<\/div>\n<\/div>\n\n\n\n<div class=\"wp-block-columns has-2-columns is-layout-flex wp-container-core-columns-is-layout-2 wp-block-columns-is-layout-flex\">\n<div class=\"wp-block-column is-layout-flow wp-block-column-is-layout-flow\">\n<h4>Study in Poland<\/h4>\n<p>Start des neuen Portals des Polnischen Ministeriums f\u00fcr Wissenschaft und Hochschulen <a target=\"_blank\" href=\"http:\/\/www.go-poland.pl\/\" rel=\"noopener noreferrer\">www.go-poland.pl<\/a><\/p>\n<\/div>\n\n\n\n<div class=\"wp-block-column is-layout-flow wp-block-column-is-layout-flow\">\n<p><strong>Polnisch als Fremdsprache &#8211; Sprachkurse beim ASG Bildungsforum D\u00dcsseldorf<\/strong><br><strong><a target=\"_blank\" href=\"https:\/\/www.asg-bildungsforum.de\/programm\/sprachen\/polnisch\/\" rel=\"noopener noreferrer\">https:\/\/www.asg-bildungsforum.de\/programm\/sprachen\/polnisch\/<\/a><\/strong><\/p>\n<\/div>\n<\/div>\n\n\n\n<div class=\"wp-block-columns has-2-columns is-layout-flex wp-container-core-columns-is-layout-3 wp-block-columns-is-layout-flex\">\n<div class=\"wp-block-column is-layout-flow wp-block-column-is-layout-flow\">\n<p><strong>Polnisch als fremdsprache &#8211; Sprachkurse bei VHS D\u00fcsseldorf<\/strong><\/p>\n<p><strong><a target=\"_blank\" href=\"https:\/\/www.duesseldorf.de\/vhs\/webbasys\/webbasys\/index.php?kathaupt=1&amp;kathauptname=Kursbereiche&amp;katid=493&amp;katvaterid=20&amp;katname=Polnisch\" rel=\"noopener noreferrer\">https:\/\/www.duesseldorf.de\/vhs\/webbasys\/webbasys\/index.php?kathaupt=1&amp;kathauptname=Kursbereiche&amp;katid=493&amp;katvaterid=20&amp;katname=Polnisch<\/a><\/strong><\/p>\n<\/div>\n\n\n\n<div class=\"wp-block-column is-layout-flow wp-block-column-is-layout-flow\">\n<p><strong>Varia &#8211; Polnisch in Krakau<\/strong><\/p>\n<p><strong><a target=\"_blank\" href=\"http:\/\/www.polnischkurs.com\/\" rel=\"noopener noreferrer\">www.polnischkurs.com<\/a><\/strong><\/p>\n<\/div>\n<\/div>\n\n\n\n<div class=\"wp-block-columns has-2-columns is-layout-flex wp-container-core-columns-is-layout-4 wp-block-columns-is-layout-flex\">\n<div class=\"wp-block-column is-layout-flow wp-block-column-is-layout-flow\">\n<p><strong>Polish Studies an der Jagiellonen Universit\u00e4t in Krakau<\/strong><\/p>\n<p><strong><a target=\"_blank\" href=\"http:\/\/www.polishstudies.uj.edu.pl\/en_GB\/\" rel=\"noopener noreferrer\">www.polishstudies.uj.edu.pl\/en_GB\/<\/a><\/strong><\/p>\n<\/div>\n\n\n\n<div class=\"wp-block-column is-layout-flow wp-block-column-is-layout-flow\">\n<p><strong>Herkunftssprache Polnisch in NRW<\/strong><\/p>\n<p><strong><a target=\"_blank\" href=\"http:\/\/www.brd.nrw.de\/schule\/grundschule_foerderschule\/Herkunftssprachlicher_Unterricht__HSU_.html\" rel=\"noopener noreferrer\">http:\/\/www.brd.nrw.de\/schule\/grundschule_foerderschule\/Herkunftssprachlicher_Unterricht__HSU_.html<\/a><\/strong><\/p>\n<\/div>\n<\/div>\n\n\n\n<div class=\"wp-block-columns has-2-columns is-layout-flex wp-container-core-columns-is-layout-5 wp-block-columns-is-layout-flex\">\n<div class=\"wp-block-column is-layout-flow wp-block-column-is-layout-flow\">\n<p><strong>Herkunftssprache Polnisch in D\u00fcsseldorf<\/strong><\/p>\n<p><strong><a target=\"_blank\" href=\"http:\/\/www.duesseldorf.de\/schulen\/stichworte\/muttersprachlich.shtml\" rel=\"noopener noreferrer\">www.duesseldorf.de\/schulen\/stichworte\/muttersprachlich.shtml<\/a><\/strong><\/p>\n<\/div>\n\n\n\n<div class=\"wp-block-column is-layout-flow wp-block-column-is-layout-flow\">\n<p><strong>Zertifikatspr\u00fcfungen f\u00fcr Polnisch als Fremdsprache (PaF)<\/strong><\/p>\n<p><strong><a target=\"_blank\" href=\"http:\/\/certyfikatpolski.pl\/\" rel=\"noopener noreferrer\">certyfikatpolski.pl<\/a><\/strong><\/p>\n<\/div>\n<\/div>\n\n\n\n<div class=\"wp-block-columns has-2-columns is-layout-flex wp-container-core-columns-is-layout-6 wp-block-columns-is-layout-flex\">\n<div class=\"wp-block-column is-layout-flow wp-block-column-is-layout-flow\">\n<p><strong>Polnisch als Fremdsprache<\/strong><\/p>\n<p><strong><a target=\"_blank\" href=\"http:\/\/www.buwiwm.edu.pl\/certyfikacja\/\" rel=\"noopener noreferrer\">www.buwiwm.edu.pl\/certyfikacja\/<\/a><\/strong><\/p>\n<\/div>\n\n\n\n<div class=\"wp-block-column is-layout-flow wp-block-column-is-layout-flow\">\n<p><strong>Studia Podyplomowe dla nauczycieli w Niemczech<\/strong><\/p>\n<p><strong><a target=\"_blank\" href=\"http:\/\/www.sjikp.us.edu.pl\/index.php\" rel=\"noopener noreferrer\">www.sjikp.us.edu.pl\/index.php<\/a><\/strong><\/p>\n<\/div>\n<\/div>\n\n\n\n<div class=\"wp-block-columns has-2-columns is-layout-flex wp-container-core-columns-is-layout-7 wp-block-columns-is-layout-flex\">\n<div class=\"wp-block-column is-layout-flow wp-block-column-is-layout-flow\">\n<p><strong>Stowarzyszenie Lektorow Rzeczypospolitej Polskiej<\/strong><\/p>\n<p><strong><a target=\"_blank\" href=\"http:\/\/www.slrp.pl\/news.php\" rel=\"noopener noreferrer\">www.slrp.pl\/news.php<\/a><\/strong><\/p>\n<\/div>\n\n\n\n<div class=\"wp-block-column is-layout-flow wp-block-column-is-layout-flow\">\n<p><strong>Stowarzyszenie Nauczycieli Polonistow<\/strong><\/p>\n<p><strong><a target=\"_blank\" href=\"http:\/\/snap.edu.pl\/aktualnosci\/8\" rel=\"noopener noreferrer\">snap.edu.pl\/aktualnosci\/8<\/a><\/strong><\/p>\n<\/div>\n<\/div>\n\n\n\n<div class=\"wp-block-columns has-2-columns is-layout-flex wp-container-core-columns-is-layout-8 wp-block-columns-is-layout-flex\">\n<div class=\"wp-block-column is-layout-flow wp-block-column-is-layout-flow\">\n<p><strong>Stowarzyszenia Nauczycielskie<\/strong><\/p>\n<p><strong><a target=\"_blank\" href=\"http:\/\/www.pceik.pl\/podn\/stowarzyszenia_nauczycielskie.htm\" rel=\"noopener noreferrer\">www.pceik.pl\/podn\/stowarzyszenia_nauczycielskie.htm<\/a><\/strong><\/p>\n<\/div>\n\n\n\n<div class=\"wp-block-column is-layout-flow wp-block-column-is-layout-flow\">\n<p><strong>Center of Polish Language in Krakau\/ Polnischkurse<\/strong><\/p>\n<p><strong><a target=\"_blank\" href=\"http:\/\/www.kurspolskiego.pl\/\" rel=\"noopener noreferrer\">www.kurspolskiego.pl\/<\/a><\/strong><\/p>\n<\/div>\n<\/div>\n\n\n\n<div class=\"wp-block-columns has-2-columns is-layout-flex wp-container-core-columns-is-layout-9 wp-block-columns-is-layout-flex\">\n<div class=\"wp-block-column is-layout-flow wp-block-column-is-layout-flow\">\n<p><strong>Seminar f\u00fcr Slavistik und Lotman-Institut der Ruhr-Universit\u00e4t Bochum<\/strong><\/p>\n<p><strong><a target=\"_blank\" href=\"http:\/\/www.lotman.rub.de\/\" rel=\"noopener noreferrer\">www.lotman.rub.de<\/a><\/strong><\/p>\n<\/div>\n\n\n\n<div class=\"wp-block-column is-layout-flow wp-block-column-is-layout-flow\">\n<p><strong>Interdisziplin\u00e4re Masterstudieng\u00e4nge &#8222;OSTEUROPA&#8221;<\/strong><\/p>\n<p><strong><a target=\"_blank\" href=\"http:\/\/www.uni-oldenburg.de\/studium\/bewerbung\" rel=\"noopener noreferrer\">www.uni-oldenburg.de\/studium\/bewerbung<\/a><\/strong><\/p>\n<\/div>\n<\/div>\n\n\n\n<div class=\"wp-block-columns has-2-columns is-layout-flex wp-container-core-columns-is-layout-10 wp-block-columns-is-layout-flex\">\n<div class=\"wp-block-column is-layout-flow wp-block-column-is-layout-flow\">\n<p><strong>Polnisch intensiv am Mainzer Polonicum<\/strong><\/p>\n<p><strong><a target=\"_blank\" href=\"http:\/\/www.slavistik.uni-mainz.de\/275.php\" rel=\"noopener noreferrer\">www.slavistik.uni-mainz.de\/275.php<\/a><\/strong><\/p>\n<\/div>\n\n\n\n<div class=\"wp-block-column is-layout-flow wp-block-column-is-layout-flow\">\n<p><strong>Gie\u00dfener Zentrum \u00d6stliches Europa<\/strong><\/p>\n<p><strong><a target=\"_blank\" href=\"http:\/\/www.uni-giessen.de\/cms\/fbz\/zentren\/gizo\" rel=\"noopener noreferrer\">www.uni-giessen.de\/cms\/fbz\/zentren\/gizo<\/a><\/strong><\/p>\n<\/div>\n<\/div>\n\n\n\n<div class=\"wp-block-columns has-2-columns is-layout-flex wp-container-core-columns-is-layout-11 wp-block-columns-is-layout-flex\">\n<div class=\"wp-block-column is-layout-flow wp-block-column-is-layout-flow\">\n<p><strong>Polonistik\/ Osteurop\u00e4ische Kulturstudien in M\u00fcnster<\/strong><\/p>\n<p><strong><a target=\"_blank\" href=\"http:\/\/zsb.uni-muenster.de\/studium\/studiengaenge\/772\" rel=\"noopener noreferrer\">zsb.uni-muenster.de\/studium\/studiengaenge\/772<\/a><\/strong><\/p>\n<\/div>\n\n\n\n<div class=\"wp-block-column is-layout-flow wp-block-column-is-layout-flow\">\n<p><strong>Institut Slavistik an der Universit\u00e4t Leipzig<\/strong><\/p>\n<p><strong><a target=\"_blank\" href=\"http:\/\/www.uni-leipzig.de\/~slav\" rel=\"noopener noreferrer\">www.uni-leipzig.de\/~slav<\/a><\/strong><\/p>\n<\/div>\n<\/div>\n\n\n\n<div class=\"wp-block-columns has-2-columns is-layout-flex wp-container-core-columns-is-layout-12 wp-block-columns-is-layout-flex\">\n<div class=\"wp-block-column is-layout-flow wp-block-column-is-layout-flow\">\n<p><strong>Polonicum an der Universit\u00e4t Greifswald<\/strong><\/p>\n<p><strong><a target=\"_blank\" href=\"http:\/\/www.phil.uni-greifswald.de\/philologien\/ifp\/slawistik\/studium\/angebot\/polonicum.html\" rel=\"noopener noreferrer\">www.phil.uni-greifswald.de\/philologien\/ifp\/slawistik\/studium\/angebot\/polonicum.html<\/a><\/strong><\/p>\n<\/div>\n\n\n\n<div class=\"wp-block-column is-layout-flow wp-block-column-is-layout-flow\">\n<p><strong>Polnische Schule<\/strong><\/p>\n<p><strong><a target=\"_blank\" href=\"http:\/\/www.polska-szkola.pl\/\" rel=\"noopener noreferrer\">www.polska-szkola.pl\/<\/a><\/strong><\/p>\n<\/div>\n<\/div>\n\n\n\n<div class=\"wp-block-columns has-2-columns is-layout-flex wp-container-core-columns-is-layout-13 wp-block-columns-is-layout-flex\">\n<div class=\"wp-block-column is-layout-flow wp-block-column-is-layout-flow\">\n<p><strong>W\u00f6rterbuch der polnischen Sprache \/ Slownik jezyka polskiego, PWN<\/strong><\/p>\n<p><strong><a target=\"_blank\" href=\"http:\/\/www.sjp.pwn.pl\/\" rel=\"noopener noreferrer\">www.sjp.pwn.pl<\/a><\/strong><\/p>\n<\/div>\n\n\n\n<div class=\"wp-block-column is-layout-flow wp-block-column-is-layout-flow\">\n<p><strong>Maly ortograficzny slownik skr\u00f3t\u00f3w jezyka polskiego<\/strong><\/p>\n<p><strong><a target=\"_blank\" href=\"http:\/\/lpj.pl\/skroty.htm\" rel=\"noopener noreferrer\">lpj.pl\/skroty.htm<\/a><\/strong><\/p>\n<\/div>\n<\/div>\n\n\n\n<div class=\"wp-block-columns has-2-columns is-layout-flex wp-container-core-columns-is-layout-14 wp-block-columns-is-layout-flex\">\n<div class=\"wp-block-column is-layout-flow wp-block-column-is-layout-flow\">\n<p><strong>Onlinew\u00f6rterbuch Deutsch-Polnisch<\/strong><\/p>\n<p><strong><a target=\"_blank\" href=\"http:\/\/de.bab.la\/woerterbuch\/deutsch-polnisch\/\" rel=\"noopener noreferrer\">de.bab.la\/woerterbuch\/deutsch-polnisch\/<\/a><\/strong><\/p>\n<\/div>\n\n\n\n<div class=\"wp-block-column is-layout-flow wp-block-column-is-layout-flow\">\n<p><strong>Polish Slang Dictionary<\/strong><\/p>\n<p><strong><a target=\"_blank\" href=\"http:\/\/www.univ.gda.pl\/slang\" rel=\"noopener noreferrer\">www.univ.gda.pl\/slang<\/a><\/strong><\/p>\n<\/div>\n<\/div>\n\n\n\n<div class=\"wp-block-columns has-2-columns is-layout-flex wp-container-core-columns-is-layout-15 wp-block-columns-is-layout-flex\">\n<div class=\"wp-block-column is-layout-flow wp-block-column-is-layout-flow\">\n<p><strong>Slownik jezyka szemranej Warszawy<\/strong><\/p>\n<p><strong><a target=\"_blank\" href=\"http:\/\/www.kapela.waw.pl\/slownik.htm\" rel=\"noopener noreferrer\">www.kapela.waw.pl\/slownik.htm<\/a><\/strong><\/p>\n<\/div>\n\n\n\n<div class=\"wp-block-column is-layout-flow wp-block-column-is-layout-flow\">\n<p><strong>Zbi\u00f3r slownik\u00f3w tematycznych- strona Marcina Milkowskiego<\/strong><\/p>\n<p><strong><a target=\"_blank\" href=\"http:\/\/www.venus.ci.uw.edu.pl\/~milek\" rel=\"noopener noreferrer\">www.venus.ci.uw.edu.pl\/~milek<\/a><\/strong><\/p>\n<\/div>\n<\/div>\n\n\n\n<div class=\"wp-block-columns has-2-columns is-layout-flex wp-container-core-columns-is-layout-16 wp-block-columns-is-layout-flex\">\n<div class=\"wp-block-column is-layout-flow wp-block-column-is-layout-flow\">\n<p><strong>Slownik dzieciecy<\/strong><\/p>\n<p><strong><a target=\"_blank\" href=\"http:\/\/www.gazeta.pl\/edukacja\" rel=\"noopener noreferrer\">www.gazeta.pl\/edukacja<\/a><\/strong><\/p>\n<\/div>\n\n\n\n<div class=\"wp-block-column is-layout-flow wp-block-column-is-layout-flow\">\n<p><strong>Slownik wyraz\u00f3w obcych i zwrot\u00f3w obcojezycznych Wladyslawa Kopalinskiego<\/strong><\/p>\n<p><strong><a target=\"_blank\" href=\"http:\/\/www.slownik-online.pl\/\" rel=\"noopener noreferrer\">www.slownik-online.pl<\/a><\/strong><\/p>\n<\/div>\n<\/div>\n\n\n\n<div class=\"wp-block-columns has-2-columns is-layout-flex wp-container-core-columns-is-layout-17 wp-block-columns-is-layout-flex\">\n<div class=\"wp-block-column is-layout-flow wp-block-column-is-layout-flow\">\n<p><strong>Slowniki og\u00f3lne<\/strong><\/p>\n<p><strong><a target=\"_blank\" href=\"http:\/\/www.slowniki.onet.pl\/\" rel=\"noopener noreferrer\">www.slowniki.onet.pl<\/a><\/strong><\/p>\n<\/div>\n\n\n\n<div class=\"wp-block-column is-layout-flow wp-block-column-is-layout-flow\">\n<p><strong>Aktualizowany slowniczek gwarowy<\/strong><\/p>\n<p><strong><a target=\"_blank\" href=\"http:\/\/www.isibrno.cz\/-malczykslownik.htm\" rel=\"noopener noreferrer\">www.isibrno.cz\/-malczykslownik.htm<\/a><\/strong><\/p>\n<\/div>\n<\/div>\n\n\n\n<div class=\"wp-block-columns has-2-columns is-layout-flex wp-container-core-columns-is-layout-18 wp-block-columns-is-layout-flex\">\n<div class=\"wp-block-column is-layout-flow wp-block-column-is-layout-flow\">\n<p><strong>Slownik slangu informatycznego<\/strong><\/p>\n<p><strong><a target=\"_blank\" href=\"http:\/\/www.ssi.civ.pl\/\" rel=\"noopener noreferrer\">www.ssi.civ.pl<\/a><\/strong><\/p>\n<\/div>\n\n\n\n<div class=\"wp-block-column is-layout-flow wp-block-column-is-layout-flow\">\n<p><strong>Poradnictwo jezykowe<\/strong><\/p>\n<p><strong><a target=\"_blank\" href=\"http:\/\/www.poradniajezykowa.uw.edu.pl\/\" rel=\"noopener noreferrer\">www.poradniajezykowa.uw.edu.pl<\/a><\/strong><\/p>\n<\/div>\n<\/div>\n\n\n\n<h4>Erkl\u00e4rung zu den Links<\/h4>\n<p>Mit dem Urteil vom 12. Mai 1998 hat das Landgericht Hamburg entschieden, dass man durch die Anbringung eines Links die Inhalte der gelinkten Seite ggf. mit zu verantworten hat. Dies kann &#8211; so das LG &#8211; nur dadurch verhindert werden, dass man sich ausdr\u00fccklich von diesen Inhalten distanziert. F\u00fcr alle Links dieser Homepage gilt: Wir m\u00f6chten ausdr\u00fccklich betonen, dass wir keinerlei Einfluss auf die Gestaltung und Inhalte der gelinkten Seiten haben. Deshalb distanzieren wir uns hiermit ausdr\u00fccklich von allen Inhalten aller gelinkten Seiten auf unserer Homepage. Diese Erkl\u00e4rung gilt f\u00fcr alle Links, die Sie \u00fcber die Web-Seiten des Polnischen Instituts D\u00fcsseldorf erreichen.<\/p>\n","protected":false},"excerpt":{"rendered":"<p>Zwi\u0105zek Nauczycieli J\u0119zyka Polskiego i Pedagog\u00f3w w Niemczech www.jpolski.de E-Book \u00fcbers Studieren in Polen auslandstreff.de\/tipps\/buecher\/studieren-in-polen.html Study in Poland Start des neuen Portals des Polnischen Ministeriums f\u00fcr Wissenschaft und Hochschulen www.go-poland.pl Polnisch als Fremdsprache &#8211; Sprachkurse beim ASG Bildungsforum D\u00dcsseldorfhttps:\/\/www.asg-bildungsforum.de\/programm\/sprachen\/polnisch\/ Polnisch als fremdsprache &#8211; Sprachkurse bei VHS D\u00fcsseldorf https:\/\/www.duesseldorf.de\/vhs\/webbasys\/webbasys\/index.php?kathaupt=1&amp;kathauptname=Kursbereiche&amp;katid=493&amp;katvaterid=20&amp;katname=Polnisch Varia &#8211; Polnisch in Krakau www.polnischkurs.com Polish [&hellip;]<\/p>\n","protected":false},"author":1,"featured_media":221,"parent":0,"menu_order":0,"comment_status":"closed","ping_status":"closed","template":"","meta":{"inline_featured_image":false,"_monsterinsights_skip_tracking":false,"_monsterinsights_sitenote_active":false,"_monsterinsights_sitenote_note":"","_monsterinsights_sitenote_category":0,"footnotes":""},"class_list":["post-220","page","type-page","status-publish","has-post-thumbnail","hentry"],"yoast_head":"<!-- This site is optimized with the Yoast SEO plugin v24.6 - https:\/\/yoast.com\/wordpress\/plugins\/seo\/ -->\n<title>Polnische Sprache\/ Studium in Polen - Instytut Polski w Dusseldorfie<\/title>\n<meta name=\"robots\" content=\"index, follow, max-snippet:-1, max-image-preview:large, max-video-preview:-1\" \/>\n<link rel=\"canonical\" href=\"https:\/\/instytutpolski.pl\/duesseldorf\/polnische-sprache-studium-in-polen\/\" \/>\n<meta property=\"og:locale\" content=\"pl_PL\" \/>\n<meta property=\"og:type\" content=\"article\" \/>\n<meta property=\"og:title\" content=\"Polnische Sprache\/ Studium in Polen - Instytut Polski w Dusseldorfie\" \/>\n<meta property=\"og:description\" content=\"Zwi\u0105zek Nauczycieli J\u0119zyka Polskiego i Pedagog\u00f3w w Niemczech www.jpolski.de E-Book \u00fcbers Studieren in Polen auslandstreff.de\/tipps\/buecher\/studieren-in-polen.html Study in Poland Start des neuen Portals des Polnischen Ministeriums f\u00fcr Wissenschaft und Hochschulen www.go-poland.pl Polnisch als Fremdsprache &#8211; Sprachkurse beim ASG Bildungsforum D\u00dcsseldorfhttps:\/\/www.asg-bildungsforum.de\/programm\/sprachen\/polnisch\/ Polnisch als fremdsprache &#8211; Sprachkurse bei VHS D\u00fcsseldorf https:\/\/www.duesseldorf.de\/vhs\/webbasys\/webbasys\/index.php?kathaupt=1&amp;kathauptname=Kursbereiche&amp;katid=493&amp;katvaterid=20&amp;katname=Polnisch Varia &#8211; Polnisch in Krakau www.polnischkurs.com Polish [&hellip;]\" \/>\n<meta property=\"og:url\" content=\"https:\/\/instytutpolski.pl\/duesseldorf\/polnische-sprache-studium-in-polen\/\" \/>\n<meta property=\"og:site_name\" content=\"Instytut Polski w Dusseldorfie\" \/>\n<meta property=\"article:modified_time\" content=\"2019-05-30T12:43:08+00:00\" \/>\n<meta property=\"og:image\" content=\"https:\/\/instytutpolski.pl\/duesseldorf\/wp-content\/uploads\/sites\/5\/2019\/05\/bg-ct-polnische_sprache.jpg\" \/>\n\t<meta property=\"og:image:width\" content=\"737\" \/>\n\t<meta property=\"og:image:height\" content=\"300\" \/>\n\t<meta property=\"og:image:type\" content=\"image\/jpeg\" \/>\n<meta name=\"twitter:card\" content=\"summary_large_image\" \/>\n<meta name=\"twitter:label1\" content=\"Szacowany czas czytania\" \/>\n\t<meta name=\"twitter:data1\" content=\"3 minuty\" \/>\n<script type=\"application\/ld+json\" class=\"yoast-schema-graph\">{\"@context\":\"https:\/\/schema.org\",\"@graph\":[{\"@type\":\"WebPage\",\"@id\":\"https:\/\/instytutpolski.pl\/duesseldorf\/polnische-sprache-studium-in-polen\/\",\"url\":\"https:\/\/instytutpolski.pl\/duesseldorf\/polnische-sprache-studium-in-polen\/\",\"name\":\"Polnische Sprache\/ Studium in Polen - Instytut Polski w Dusseldorfie\",\"isPartOf\":{\"@id\":\"https:\/\/instytutpolski.pl\/duesseldorf\/#website\"},\"primaryImageOfPage\":{\"@id\":\"https:\/\/instytutpolski.pl\/duesseldorf\/polnische-sprache-studium-in-polen\/#primaryimage\"},\"image\":{\"@id\":\"https:\/\/instytutpolski.pl\/duesseldorf\/polnische-sprache-studium-in-polen\/#primaryimage\"},\"thumbnailUrl\":\"https:\/\/instytutpolski.pl\/duesseldorf\/wp-content\/uploads\/sites\/5\/2019\/05\/bg-ct-polnische_sprache.jpg\",\"datePublished\":\"2019-05-23T12:07:10+00:00\",\"dateModified\":\"2019-05-30T12:43:08+00:00\",\"breadcrumb\":{\"@id\":\"https:\/\/instytutpolski.pl\/duesseldorf\/polnische-sprache-studium-in-polen\/#breadcrumb\"},\"inLanguage\":\"pl-PL\",\"potentialAction\":[{\"@type\":\"ReadAction\",\"target\":[\"https:\/\/instytutpolski.pl\/duesseldorf\/polnische-sprache-studium-in-polen\/\"]}]},{\"@type\":\"ImageObject\",\"inLanguage\":\"pl-PL\",\"@id\":\"https:\/\/instytutpolski.pl\/duesseldorf\/polnische-sprache-studium-in-polen\/#primaryimage\",\"url\":\"https:\/\/instytutpolski.pl\/duesseldorf\/wp-content\/uploads\/sites\/5\/2019\/05\/bg-ct-polnische_sprache.jpg\",\"contentUrl\":\"https:\/\/instytutpolski.pl\/duesseldorf\/wp-content\/uploads\/sites\/5\/2019\/05\/bg-ct-polnische_sprache.jpg\",\"width\":737,\"height\":300},{\"@type\":\"BreadcrumbList\",\"@id\":\"https:\/\/instytutpolski.pl\/duesseldorf\/polnische-sprache-studium-in-polen\/#breadcrumb\",\"itemListElement\":[{\"@type\":\"ListItem\",\"position\":1,\"name\":\"Home\",\"item\":\"https:\/\/instytutpolski.pl\/duesseldorf\/\"},{\"@type\":\"ListItem\",\"position\":2,\"name\":\"Polnische Sprache\/ Studium in Polen\"}]},{\"@type\":\"WebSite\",\"@id\":\"https:\/\/instytutpolski.pl\/duesseldorf\/#website\",\"url\":\"https:\/\/instytutpolski.pl\/duesseldorf\/\",\"name\":\"Instytut Polski w Dusseldorfie\",\"description\":\"Instytuty Polskie\",\"potentialAction\":[{\"@type\":\"SearchAction\",\"target\":{\"@type\":\"EntryPoint\",\"urlTemplate\":\"https:\/\/instytutpolski.pl\/duesseldorf\/?s={search_term_string}\"},\"query-input\":{\"@type\":\"PropertyValueSpecification\",\"valueRequired\":true,\"valueName\":\"search_term_string\"}}],\"inLanguage\":\"pl-PL\"}]}<\/script>\n<!-- \/ Yoast SEO plugin. -->","yoast_head_json":{"title":"Polnische Sprache\/ Studium in Polen - Instytut Polski w Dusseldorfie","robots":{"index":"index","follow":"follow","max-snippet":"max-snippet:-1","max-image-preview":"max-image-preview:large","max-video-preview":"max-video-preview:-1"},"canonical":"https:\/\/instytutpolski.pl\/duesseldorf\/polnische-sprache-studium-in-polen\/","og_locale":"pl_PL","og_type":"article","og_title":"Polnische Sprache\/ Studium in Polen - Instytut Polski w Dusseldorfie","og_description":"Zwi\u0105zek Nauczycieli J\u0119zyka Polskiego i Pedagog\u00f3w w Niemczech www.jpolski.de E-Book \u00fcbers Studieren in Polen auslandstreff.de\/tipps\/buecher\/studieren-in-polen.html Study in Poland Start des neuen Portals des Polnischen Ministeriums f\u00fcr Wissenschaft und Hochschulen www.go-poland.pl Polnisch als Fremdsprache &#8211; Sprachkurse beim ASG Bildungsforum D\u00dcsseldorfhttps:\/\/www.asg-bildungsforum.de\/programm\/sprachen\/polnisch\/ Polnisch als fremdsprache &#8211; Sprachkurse bei VHS D\u00fcsseldorf https:\/\/www.duesseldorf.de\/vhs\/webbasys\/webbasys\/index.php?kathaupt=1&amp;kathauptname=Kursbereiche&amp;katid=493&amp;katvaterid=20&amp;katname=Polnisch Varia &#8211; Polnisch in Krakau www.polnischkurs.com Polish [&hellip;]","og_url":"https:\/\/instytutpolski.pl\/duesseldorf\/polnische-sprache-studium-in-polen\/","og_site_name":"Instytut Polski w Dusseldorfie","article_modified_time":"2019-05-30T12:43:08+00:00","og_image":[{"width":737,"height":300,"url":"https:\/\/instytutpolski.pl\/duesseldorf\/wp-content\/uploads\/sites\/5\/2019\/05\/bg-ct-polnische_sprache.jpg","type":"image\/jpeg"}],"twitter_card":"summary_large_image","twitter_misc":{"Szacowany czas czytania":"3 minuty"},"schema":{"@context":"https:\/\/schema.org","@graph":[{"@type":"WebPage","@id":"https:\/\/instytutpolski.pl\/duesseldorf\/polnische-sprache-studium-in-polen\/","url":"https:\/\/instytutpolski.pl\/duesseldorf\/polnische-sprache-studium-in-polen\/","name":"Polnische Sprache\/ Studium in Polen - Instytut Polski w Dusseldorfie","isPartOf":{"@id":"https:\/\/instytutpolski.pl\/duesseldorf\/#website"},"primaryImageOfPage":{"@id":"https:\/\/instytutpolski.pl\/duesseldorf\/polnische-sprache-studium-in-polen\/#primaryimage"},"image":{"@id":"https:\/\/instytutpolski.pl\/duesseldorf\/polnische-sprache-studium-in-polen\/#primaryimage"},"thumbnailUrl":"https:\/\/instytutpolski.pl\/duesseldorf\/wp-content\/uploads\/sites\/5\/2019\/05\/bg-ct-polnische_sprache.jpg","datePublished":"2019-05-23T12:07:10+00:00","dateModified":"2019-05-30T12:43:08+00:00","breadcrumb":{"@id":"https:\/\/instytutpolski.pl\/duesseldorf\/polnische-sprache-studium-in-polen\/#breadcrumb"},"inLanguage":"pl-PL","potentialAction":[{"@type":"ReadAction","target":["https:\/\/instytutpolski.pl\/duesseldorf\/polnische-sprache-studium-in-polen\/"]}]},{"@type":"ImageObject","inLanguage":"pl-PL","@id":"https:\/\/instytutpolski.pl\/duesseldorf\/polnische-sprache-studium-in-polen\/#primaryimage","url":"https:\/\/instytutpolski.pl\/duesseldorf\/wp-content\/uploads\/sites\/5\/2019\/05\/bg-ct-polnische_sprache.jpg","contentUrl":"https:\/\/instytutpolski.pl\/duesseldorf\/wp-content\/uploads\/sites\/5\/2019\/05\/bg-ct-polnische_sprache.jpg","width":737,"height":300},{"@type":"BreadcrumbList","@id":"https:\/\/instytutpolski.pl\/duesseldorf\/polnische-sprache-studium-in-polen\/#breadcrumb","itemListElement":[{"@type":"ListItem","position":1,"name":"Home","item":"https:\/\/instytutpolski.pl\/duesseldorf\/"},{"@type":"ListItem","position":2,"name":"Polnische Sprache\/ Studium in Polen"}]},{"@type":"WebSite","@id":"https:\/\/instytutpolski.pl\/duesseldorf\/#website","url":"https:\/\/instytutpolski.pl\/duesseldorf\/","name":"Instytut Polski w Dusseldorfie","description":"Instytuty Polskie","potentialAction":[{"@type":"SearchAction","target":{"@type":"EntryPoint","urlTemplate":"https:\/\/instytutpolski.pl\/duesseldorf\/?s={search_term_string}"},"query-input":{"@type":"PropertyValueSpecification","valueRequired":true,"valueName":"search_term_string"}}],"inLanguage":"pl-PL"}]}},"_links":{"self":[{"href":"https:\/\/instytutpolski.pl\/duesseldorf\/wp-json\/wp\/v2\/pages\/220","targetHints":{"allow":["GET"]}}],"collection":[{"href":"https:\/\/instytutpolski.pl\/duesseldorf\/wp-json\/wp\/v2\/pages"}],"about":[{"href":"https:\/\/instytutpolski.pl\/duesseldorf\/wp-json\/wp\/v2\/types\/page"}],"author":[{"embeddable":true,"href":"https:\/\/instytutpolski.pl\/duesseldorf\/wp-json\/wp\/v2\/users\/1"}],"replies":[{"embeddable":true,"href":"https:\/\/instytutpolski.pl\/duesseldorf\/wp-json\/wp\/v2\/comments?post=220"}],"version-history":[{"count":6,"href":"https:\/\/instytutpolski.pl\/duesseldorf\/wp-json\/wp\/v2\/pages\/220\/revisions"}],"predecessor-version":[{"id":368,"href":"https:\/\/instytutpolski.pl\/duesseldorf\/wp-json\/wp\/v2\/pages\/220\/revisions\/368"}],"wp:featuredmedia":[{"embeddable":true,"href":"https:\/\/instytutpolski.pl\/duesseldorf\/wp-json\/wp\/v2\/media\/221"}],"wp:attachment":[{"href":"https:\/\/instytutpolski.pl\/duesseldorf\/wp-json\/wp\/v2\/media?parent=220"}],"curies":[{"name":"wp","href":"https:\/\/api.w.org\/{rel}","templated":true}]}}