{"id":237,"date":"2019-05-23T14:21:32","date_gmt":"2019-05-23T12:21:32","guid":{"rendered":"https:\/\/instytutpolski.pl\/dusseldorf\/?page_id=237"},"modified":"2019-05-30T14:56:11","modified_gmt":"2019-05-30T12:56:11","slug":"polonia-und-medien","status":"publish","type":"page","link":"https:\/\/instytutpolski.pl\/duesseldorf\/polonia-und-medien\/","title":{"rendered":"Polonia und Medien"},"content":{"rendered":"\n<div class=\"wp-block-columns has-2-columns is-layout-flex wp-container-core-columns-is-layout-1 wp-block-columns-is-layout-flex\">\n<div class=\"wp-block-column is-layout-flow wp-block-column-is-layout-flow\">\n<p><strong>Deutsche Redaktion des Polnischen Rundfunks<\/strong><\/p>\n<p><strong><a target=\"_blank\" href=\"http:\/\/www.auslandsdienst.pl\/3\" rel=\"noopener noreferrer\">www.auslandsdienst.pl\/3<\/a><\/strong><\/p>\n<\/div>\n\n\n\n<div class=\"wp-block-column is-layout-flow wp-block-column-is-layout-flow\">\n<p><strong>Internetsete der Polonia in Deutschland<\/strong><\/p>\n<p><strong><a target=\"_blank\" href=\"http:\/\/www.polonia-viva.eu\/\" rel=\"noopener noreferrer\">www.polonia-viva.eu<\/a><\/strong><\/p>\n<\/div>\n<\/div>\n\n\n\n<div class=\"wp-block-columns has-2-columns is-layout-flex wp-container-core-columns-is-layout-2 wp-block-columns-is-layout-flex\">\n<div class=\"wp-block-column is-layout-flow wp-block-column-is-layout-flow\">\n<p><strong>PepeTV &#8211; Polnischer TV-Sender in NRW<\/strong><\/p>\n<p><strong><a target=\"_blank\" href=\"http:\/\/www.pepe-tv.de\/\" rel=\"noopener noreferrer\">www.pepe-tv.de<\/a><\/strong><\/p>\n<\/div>\n\n\n\n<div class=\"wp-block-column is-layout-flow wp-block-column-is-layout-flow\">\n<p><strong>Zwi\u0105zek Polak\u00f3w w Niemczech<\/strong><\/p>\n<p><strong><a target=\"_blank\" href=\"http:\/\/www.zpwn.org\/\" rel=\"noopener noreferrer\">www.zpwn.org<\/a><\/strong><\/p>\n<\/div>\n<\/div>\n\n\n\n<div class=\"wp-block-columns has-2-columns is-layout-flex wp-container-core-columns-is-layout-3 wp-block-columns-is-layout-flex\">\n<div class=\"wp-block-column is-layout-flow wp-block-column-is-layout-flow\">\n<p><strong>Porta Polonica<\/strong><\/p>\n<p><strong><a target=\"_blank\" href=\"http:\/\/www.porta-polonica.de\/\" rel=\"noopener noreferrer\">www.porta-polonica.de<\/a><\/strong><\/p>\n<\/div>\n\n\n\n<div class=\"wp-block-column is-layout-flow wp-block-column-is-layout-flow\">\n<p><strong>Polregio<\/strong><\/p>\n<p><strong><a target=\"_blank\" href=\"http:\/\/www.polregio.com\/\" rel=\"noopener noreferrer\">www.polregio.com<\/a><\/strong><\/p>\n<\/div>\n<\/div>\n\n\n\n<div class=\"wp-block-columns has-2-columns is-layout-flex wp-container-core-columns-is-layout-4 wp-block-columns-is-layout-flex\">\n<div class=\"wp-block-column is-layout-flow wp-block-column-is-layout-flow\">\n<p><strong>Samo Zycie<\/strong><\/p>\n<p><strong><a target=\"_blank\" href=\"http:\/\/www.samo-zycie.de\/\" rel=\"noopener noreferrer\">www.samo-zycie.de<\/a><\/strong><\/p>\n<\/div>\n\n\n\n<div class=\"wp-block-column is-layout-flow wp-block-column-is-layout-flow\">\n<p><strong>Info &amp; Tips<\/strong><\/p>\n<p><strong><a target=\"_blank\" href=\"http:\/\/www.facebook.com\/InfoTips-Oficjalna-strona-361573890574312\/?fref=nf\" rel=\"noopener noreferrer\">www.facebook.com\/InfoTips-Oficjalna-strona-361573890574312\/?fref=nf<\/a><\/strong><\/p>\n<\/div>\n<\/div>\n\n\n\n<div class=\"wp-block-columns has-2-columns is-layout-flex wp-container-core-columns-is-layout-5 wp-block-columns-is-layout-flex\">\n<div class=\"wp-block-column is-layout-flow wp-block-column-is-layout-flow\">\n<p><strong>Polski program Radia Duisburg<\/strong><\/p>\n<p><strong><a target=\"_blank\" href=\"http:\/\/www.radioduisburg.de\/ueber-uns\/sendungen\/radio-duisburg-auf-polnisch.html\" rel=\"noopener noreferrer\">www.radioduisburg.de\/ueber-uns\/sendungen\/radio-duisburg-auf-polnisch.html<\/a><\/strong><\/p>\n<\/div>\n\n\n\n<div class=\"wp-block-column is-layout-flow wp-block-column-is-layout-flow\">\n<p><strong>Polbuch-polska ksi\u0119garnia wysy\u0142kowa<\/strong><\/p>\n<p><strong><a target=\"_blank\" href=\"http:\/\/www.polbuch.de\/\" rel=\"noopener noreferrer\">www.polbuch.de<\/a><\/strong><\/p>\n<\/div>\n<\/div>\n\n\n\n<div class=\"wp-block-columns has-2-columns is-layout-flex wp-container-core-columns-is-layout-6 wp-block-columns-is-layout-flex\">\n<div class=\"wp-block-column is-layout-flow wp-block-column-is-layout-flow\">\n<p><strong>Polonica e.V.<\/strong><\/p>\n<p><strong><a target=\"_blank\" href=\"http:\/\/www.polonicaev.de\/\" rel=\"noopener noreferrer\">www.polonicaev.de<\/a><\/strong><\/p>\n<\/div>\n\n\n\n<div class=\"wp-block-column is-layout-flow wp-block-column-is-layout-flow\">\n<p><strong>Kowalski &amp; Schmidt<\/strong><\/p>\n<p><strong><a target=\"_blank\" href=\"http:\/\/www.rbb-online.de\/kowalskiundschmidt\" rel=\"noopener noreferrer\">www.rbb-online.de\/kowalskiundschmidt<\/a><\/strong><\/p>\n<\/div>\n<\/div>\n\n\n\n<div class=\"wp-block-columns has-2-columns is-layout-flex wp-container-core-columns-is-layout-7 wp-block-columns-is-layout-flex\">\n<div class=\"wp-block-column is-layout-flow wp-block-column-is-layout-flow\">\n<p><strong>Niemcy online<\/strong><\/p>\n<p><strong><a target=\"_blank\" href=\"http:\/\/www.niemcy-online.pl\/\" rel=\"noopener noreferrer\">www.niemcy-online.pl\/<\/a><\/strong><\/p>\n<\/div>\n\n\n\n<div class=\"wp-block-column is-layout-flow wp-block-column-is-layout-flow\">\n<p><strong>Polen-News<\/strong><\/p>\n<p><strong><a target=\"_blank\" href=\"http:\/\/www.polen-news-24.de\/\" rel=\"noopener noreferrer\">www.polen-news-24.de<\/a><\/strong><\/p>\n<\/div>\n<\/div>\n\n\n\n<div class=\"wp-block-columns has-2-columns is-layout-flex wp-container-core-columns-is-layout-8 wp-block-columns-is-layout-flex\">\n<div class=\"wp-block-column is-layout-flow wp-block-column-is-layout-flow\">\n<p><strong>Polen in Deutschland<\/strong><\/p>\n<p><strong><a target=\"_blank\" href=\"http:\/\/www.polonia-polacy.de\/\" rel=\"noopener noreferrer\">www.polonia-polacy.de<\/a><\/strong><\/p>\n<\/div>\n\n\n\n<div class=\"wp-block-column is-layout-flow wp-block-column-is-layout-flow\">\n<p><strong>P+ (Polen+)<\/strong><\/p>\n<p><strong><a target=\"_blank\" href=\"http:\/\/www.pplus-magazine.eu\/\" rel=\"noopener noreferrer\">www.pplus-magazine.eu<\/a><\/strong><\/p>\n<\/div>\n<\/div>\n\n\n\n<div class=\"wp-block-columns has-2-columns is-layout-flex wp-container-core-columns-is-layout-9 wp-block-columns-is-layout-flex\">\n<div class=\"wp-block-column is-layout-flow wp-block-column-is-layout-flow\">\n<p><strong>Deutsch-polnisches Magazin DIALOG<\/strong><\/p>\n<p><strong><a target=\"_blank\" href=\"http:\/\/www.dialogmagazin.eu\/\" rel=\"noopener noreferrer\">www.dialogmagazin.eu<\/a><\/strong><\/p>\n<\/div>\n\n\n\n<div class=\"wp-block-column is-layout-flow wp-block-column-is-layout-flow\">\n<p><strong>Deutsche Welle\/ redakcja polska<\/strong><\/p>\n<p><strong><a target=\"_blank\" href=\"http:\/\/www.dw-world.de\/dw\/0,,643,00.html\" rel=\"noopener noreferrer\">www.dw-world.de\/dw\/0,,643,00.html<\/a><\/strong><\/p>\n<\/div>\n<\/div>\n\n\n\n<div class=\"wp-block-columns has-2-columns is-layout-flex wp-container-core-columns-is-layout-10 wp-block-columns-is-layout-flex\">\n<div class=\"wp-block-column is-layout-flow wp-block-column-is-layout-flow\">\n<p><strong>Funkhaus Europa\/ Redakcja polska<\/strong><\/p>\n<p><strong><a target=\"_blank\" href=\"http:\/\/www1.wdr.de\/radio\/funkhauseuropa\/programm\/sendungen\/polski-magazyn-radiowy\/index.html\" rel=\"noopener noreferrer\">www1.wdr.de\/radio\/funkhauseuropa\/programm\/sendungen\/polski-magazyn-radiowy\/index.html<\/a><\/strong><\/p>\n<\/div>\n\n\n\n<div class=\"wp-block-column is-layout-flow wp-block-column-is-layout-flow\">\n<p><strong>Polnisches Radio Online<\/strong><\/p>\n<p><strong><a target=\"_blank\" href=\"http:\/\/www.polskieradio.pl\/\" rel=\"noopener noreferrer\">www.polskieradio.pl\/<\/a><\/strong><\/p>\n<\/div>\n<\/div>\n\n\n\n<h4>Erkl\u00e4rung zu den Links<\/h4>\n<p>Mit dem Urteil vom 12. Mai 1998 hat das Landgericht Hamburg entschieden, dass man durch die Anbringung eines Links die Inhalte der gelinkten Seite ggf. mit zu verantworten hat. Dies kann &#8211; so das LG &#8211; nur dadurch verhindert werden, dass man sich ausdr\u00fccklich von diesen Inhalten distanziert. F\u00fcr alle Links dieser Homepage gilt: Wir m\u00f6chten ausdr\u00fccklich betonen, dass wir keinerlei Einfluss auf die Gestaltung und Inhalte der gelinkten Seiten haben. Deshalb distanzieren wir uns hiermit ausdr\u00fccklich von allen Inhalten aller gelinkten Seiten auf unserer Homepage. Diese Erkl\u00e4rung gilt f\u00fcr alle Links, die Sie \u00fcber die Web-Seiten des Polnischen Instituts D\u00fcsseldorf erreichen.<\/p>\n","protected":false},"excerpt":{"rendered":"<p>Deutsche Redaktion des Polnischen Rundfunks www.auslandsdienst.pl\/3 Internetsete der Polonia in Deutschland www.polonia-viva.eu PepeTV &#8211; Polnischer TV-Sender in NRW www.pepe-tv.de Zwi\u0105zek Polak\u00f3w w Niemczech www.zpwn.org Porta Polonica www.porta-polonica.de Polregio www.polregio.com Samo Zycie www.samo-zycie.de Info &amp; Tips www.facebook.com\/InfoTips-Oficjalna-strona-361573890574312\/?fref=nf Polski program Radia Duisburg www.radioduisburg.de\/ueber-uns\/sendungen\/radio-duisburg-auf-polnisch.html Polbuch-polska ksi\u0119garnia wysy\u0142kowa www.polbuch.de Polonica e.V. www.polonicaev.de Kowalski &amp; Schmidt www.rbb-online.de\/kowalskiundschmidt Niemcy online www.niemcy-online.pl\/ [&hellip;]<\/p>\n","protected":false},"author":1,"featured_media":183,"parent":0,"menu_order":0,"comment_status":"closed","ping_status":"closed","template":"","meta":{"inline_featured_image":false,"_monsterinsights_skip_tracking":false,"_monsterinsights_sitenote_active":false,"_monsterinsights_sitenote_note":"","_monsterinsights_sitenote_category":0,"footnotes":""},"class_list":["post-237","page","type-page","status-publish","has-post-thumbnail","hentry"],"yoast_head":"<!-- This site is optimized with the Yoast SEO plugin v24.6 - https:\/\/yoast.com\/wordpress\/plugins\/seo\/ -->\n<title>Polonia und Medien - Instytut Polski w Dusseldorfie<\/title>\n<meta name=\"robots\" content=\"index, follow, max-snippet:-1, max-image-preview:large, max-video-preview:-1\" \/>\n<link rel=\"canonical\" href=\"https:\/\/instytutpolski.pl\/duesseldorf\/polonia-und-medien\/\" \/>\n<meta property=\"og:locale\" content=\"pl_PL\" \/>\n<meta property=\"og:type\" content=\"article\" \/>\n<meta property=\"og:title\" content=\"Polonia und Medien - Instytut Polski w Dusseldorfie\" \/>\n<meta property=\"og:description\" content=\"Deutsche Redaktion des Polnischen Rundfunks www.auslandsdienst.pl\/3 Internetsete der Polonia in Deutschland www.polonia-viva.eu PepeTV &#8211; Polnischer TV-Sender in NRW www.pepe-tv.de Zwi\u0105zek Polak\u00f3w w Niemczech www.zpwn.org Porta Polonica www.porta-polonica.de Polregio www.polregio.com Samo Zycie www.samo-zycie.de Info &amp; Tips www.facebook.com\/InfoTips-Oficjalna-strona-361573890574312\/?fref=nf Polski program Radia Duisburg www.radioduisburg.de\/ueber-uns\/sendungen\/radio-duisburg-auf-polnisch.html Polbuch-polska ksi\u0119garnia wysy\u0142kowa www.polbuch.de Polonica e.V. www.polonicaev.de Kowalski &amp; Schmidt www.rbb-online.de\/kowalskiundschmidt Niemcy online www.niemcy-online.pl\/ [&hellip;]\" \/>\n<meta property=\"og:url\" content=\"https:\/\/instytutpolski.pl\/duesseldorf\/polonia-und-medien\/\" \/>\n<meta property=\"og:site_name\" content=\"Instytut Polski w Dusseldorfie\" \/>\n<meta property=\"article:modified_time\" content=\"2019-05-30T12:56:11+00:00\" \/>\n<meta property=\"og:image\" content=\"https:\/\/instytutpolski.pl\/duesseldorf\/wp-content\/uploads\/sites\/5\/2019\/05\/baner-presse.png\" \/>\n\t<meta property=\"og:image:width\" content=\"737\" \/>\n\t<meta property=\"og:image:height\" content=\"300\" \/>\n\t<meta property=\"og:image:type\" content=\"image\/png\" \/>\n<meta name=\"twitter:card\" content=\"summary_large_image\" \/>\n<meta name=\"twitter:label1\" content=\"Szacowany czas czytania\" \/>\n\t<meta name=\"twitter:data1\" content=\"1 minuta\" \/>\n<script type=\"application\/ld+json\" class=\"yoast-schema-graph\">{\"@context\":\"https:\/\/schema.org\",\"@graph\":[{\"@type\":\"WebPage\",\"@id\":\"https:\/\/instytutpolski.pl\/duesseldorf\/polonia-und-medien\/\",\"url\":\"https:\/\/instytutpolski.pl\/duesseldorf\/polonia-und-medien\/\",\"name\":\"Polonia und Medien - Instytut Polski w Dusseldorfie\",\"isPartOf\":{\"@id\":\"https:\/\/instytutpolski.pl\/duesseldorf\/#website\"},\"primaryImageOfPage\":{\"@id\":\"https:\/\/instytutpolski.pl\/duesseldorf\/polonia-und-medien\/#primaryimage\"},\"image\":{\"@id\":\"https:\/\/instytutpolski.pl\/duesseldorf\/polonia-und-medien\/#primaryimage\"},\"thumbnailUrl\":\"https:\/\/instytutpolski.pl\/duesseldorf\/wp-content\/uploads\/sites\/5\/2019\/05\/baner-presse.png\",\"datePublished\":\"2019-05-23T12:21:32+00:00\",\"dateModified\":\"2019-05-30T12:56:11+00:00\",\"breadcrumb\":{\"@id\":\"https:\/\/instytutpolski.pl\/duesseldorf\/polonia-und-medien\/#breadcrumb\"},\"inLanguage\":\"pl-PL\",\"potentialAction\":[{\"@type\":\"ReadAction\",\"target\":[\"https:\/\/instytutpolski.pl\/duesseldorf\/polonia-und-medien\/\"]}]},{\"@type\":\"ImageObject\",\"inLanguage\":\"pl-PL\",\"@id\":\"https:\/\/instytutpolski.pl\/duesseldorf\/polonia-und-medien\/#primaryimage\",\"url\":\"https:\/\/instytutpolski.pl\/duesseldorf\/wp-content\/uploads\/sites\/5\/2019\/05\/baner-presse.png\",\"contentUrl\":\"https:\/\/instytutpolski.pl\/duesseldorf\/wp-content\/uploads\/sites\/5\/2019\/05\/baner-presse.png\",\"width\":737,\"height\":300},{\"@type\":\"BreadcrumbList\",\"@id\":\"https:\/\/instytutpolski.pl\/duesseldorf\/polonia-und-medien\/#breadcrumb\",\"itemListElement\":[{\"@type\":\"ListItem\",\"position\":1,\"name\":\"Home\",\"item\":\"https:\/\/instytutpolski.pl\/duesseldorf\/\"},{\"@type\":\"ListItem\",\"position\":2,\"name\":\"Polonia und Medien\"}]},{\"@type\":\"WebSite\",\"@id\":\"https:\/\/instytutpolski.pl\/duesseldorf\/#website\",\"url\":\"https:\/\/instytutpolski.pl\/duesseldorf\/\",\"name\":\"Instytut Polski w Dusseldorfie\",\"description\":\"Instytuty Polskie\",\"potentialAction\":[{\"@type\":\"SearchAction\",\"target\":{\"@type\":\"EntryPoint\",\"urlTemplate\":\"https:\/\/instytutpolski.pl\/duesseldorf\/?s={search_term_string}\"},\"query-input\":{\"@type\":\"PropertyValueSpecification\",\"valueRequired\":true,\"valueName\":\"search_term_string\"}}],\"inLanguage\":\"pl-PL\"}]}<\/script>\n<!-- \/ Yoast SEO plugin. -->","yoast_head_json":{"title":"Polonia und Medien - Instytut Polski w Dusseldorfie","robots":{"index":"index","follow":"follow","max-snippet":"max-snippet:-1","max-image-preview":"max-image-preview:large","max-video-preview":"max-video-preview:-1"},"canonical":"https:\/\/instytutpolski.pl\/duesseldorf\/polonia-und-medien\/","og_locale":"pl_PL","og_type":"article","og_title":"Polonia und Medien - Instytut Polski w Dusseldorfie","og_description":"Deutsche Redaktion des Polnischen Rundfunks www.auslandsdienst.pl\/3 Internetsete der Polonia in Deutschland www.polonia-viva.eu PepeTV &#8211; Polnischer TV-Sender in NRW www.pepe-tv.de Zwi\u0105zek Polak\u00f3w w Niemczech www.zpwn.org Porta Polonica www.porta-polonica.de Polregio www.polregio.com Samo Zycie www.samo-zycie.de Info &amp; Tips www.facebook.com\/InfoTips-Oficjalna-strona-361573890574312\/?fref=nf Polski program Radia Duisburg www.radioduisburg.de\/ueber-uns\/sendungen\/radio-duisburg-auf-polnisch.html Polbuch-polska ksi\u0119garnia wysy\u0142kowa www.polbuch.de Polonica e.V. www.polonicaev.de Kowalski &amp; Schmidt www.rbb-online.de\/kowalskiundschmidt Niemcy online www.niemcy-online.pl\/ [&hellip;]","og_url":"https:\/\/instytutpolski.pl\/duesseldorf\/polonia-und-medien\/","og_site_name":"Instytut Polski w Dusseldorfie","article_modified_time":"2019-05-30T12:56:11+00:00","og_image":[{"width":737,"height":300,"url":"https:\/\/instytutpolski.pl\/duesseldorf\/wp-content\/uploads\/sites\/5\/2019\/05\/baner-presse.png","type":"image\/png"}],"twitter_card":"summary_large_image","twitter_misc":{"Szacowany czas czytania":"1 minuta"},"schema":{"@context":"https:\/\/schema.org","@graph":[{"@type":"WebPage","@id":"https:\/\/instytutpolski.pl\/duesseldorf\/polonia-und-medien\/","url":"https:\/\/instytutpolski.pl\/duesseldorf\/polonia-und-medien\/","name":"Polonia und Medien - Instytut Polski w Dusseldorfie","isPartOf":{"@id":"https:\/\/instytutpolski.pl\/duesseldorf\/#website"},"primaryImageOfPage":{"@id":"https:\/\/instytutpolski.pl\/duesseldorf\/polonia-und-medien\/#primaryimage"},"image":{"@id":"https:\/\/instytutpolski.pl\/duesseldorf\/polonia-und-medien\/#primaryimage"},"thumbnailUrl":"https:\/\/instytutpolski.pl\/duesseldorf\/wp-content\/uploads\/sites\/5\/2019\/05\/baner-presse.png","datePublished":"2019-05-23T12:21:32+00:00","dateModified":"2019-05-30T12:56:11+00:00","breadcrumb":{"@id":"https:\/\/instytutpolski.pl\/duesseldorf\/polonia-und-medien\/#breadcrumb"},"inLanguage":"pl-PL","potentialAction":[{"@type":"ReadAction","target":["https:\/\/instytutpolski.pl\/duesseldorf\/polonia-und-medien\/"]}]},{"@type":"ImageObject","inLanguage":"pl-PL","@id":"https:\/\/instytutpolski.pl\/duesseldorf\/polonia-und-medien\/#primaryimage","url":"https:\/\/instytutpolski.pl\/duesseldorf\/wp-content\/uploads\/sites\/5\/2019\/05\/baner-presse.png","contentUrl":"https:\/\/instytutpolski.pl\/duesseldorf\/wp-content\/uploads\/sites\/5\/2019\/05\/baner-presse.png","width":737,"height":300},{"@type":"BreadcrumbList","@id":"https:\/\/instytutpolski.pl\/duesseldorf\/polonia-und-medien\/#breadcrumb","itemListElement":[{"@type":"ListItem","position":1,"name":"Home","item":"https:\/\/instytutpolski.pl\/duesseldorf\/"},{"@type":"ListItem","position":2,"name":"Polonia und Medien"}]},{"@type":"WebSite","@id":"https:\/\/instytutpolski.pl\/duesseldorf\/#website","url":"https:\/\/instytutpolski.pl\/duesseldorf\/","name":"Instytut Polski w Dusseldorfie","description":"Instytuty Polskie","potentialAction":[{"@type":"SearchAction","target":{"@type":"EntryPoint","urlTemplate":"https:\/\/instytutpolski.pl\/duesseldorf\/?s={search_term_string}"},"query-input":{"@type":"PropertyValueSpecification","valueRequired":true,"valueName":"search_term_string"}}],"inLanguage":"pl-PL"}]}},"_links":{"self":[{"href":"https:\/\/instytutpolski.pl\/duesseldorf\/wp-json\/wp\/v2\/pages\/237","targetHints":{"allow":["GET"]}}],"collection":[{"href":"https:\/\/instytutpolski.pl\/duesseldorf\/wp-json\/wp\/v2\/pages"}],"about":[{"href":"https:\/\/instytutpolski.pl\/duesseldorf\/wp-json\/wp\/v2\/types\/page"}],"author":[{"embeddable":true,"href":"https:\/\/instytutpolski.pl\/duesseldorf\/wp-json\/wp\/v2\/users\/1"}],"replies":[{"embeddable":true,"href":"https:\/\/instytutpolski.pl\/duesseldorf\/wp-json\/wp\/v2\/comments?post=237"}],"version-history":[{"count":4,"href":"https:\/\/instytutpolski.pl\/duesseldorf\/wp-json\/wp\/v2\/pages\/237\/revisions"}],"predecessor-version":[{"id":378,"href":"https:\/\/instytutpolski.pl\/duesseldorf\/wp-json\/wp\/v2\/pages\/237\/revisions\/378"}],"wp:featuredmedia":[{"embeddable":true,"href":"https:\/\/instytutpolski.pl\/duesseldorf\/wp-json\/wp\/v2\/media\/183"}],"wp:attachment":[{"href":"https:\/\/instytutpolski.pl\/duesseldorf\/wp-json\/wp\/v2\/media?parent=237"}],"curies":[{"name":"wp","href":"https:\/\/api.w.org\/{rel}","templated":true}]}}