{"id":24,"date":"2019-05-22T12:02:31","date_gmt":"2019-05-22T10:02:31","guid":{"rendered":"https:\/\/instytutpolski.pl\/dusseldorf\/?page_id=24"},"modified":"2019-05-24T13:33:42","modified_gmt":"2019-05-24T11:33:42","slug":"pressemitteilungen","status":"publish","type":"page","link":"https:\/\/instytutpolski.pl\/duesseldorf\/pressemitteilungen\/","title":{"rendered":"Pressemitteilungen"},"content":{"rendered":"\n<ul class=\"list-presse\">\n<li><span class=\"date\">07.11.2018 <a href=\"https:\/\/instytutpolski.pl\/dusseldorf\/wp-content\/uploads\/sites\/5\/2019\/05\/Program-jubileuszowy-Instytutu-Polskiego-w-Duesseldorfie-z-okazji-100.-rocznicy-odzyskania-niepodleg\u0142o\u015bci-przez-Polsk\u0119.pdf\">Program jubileszowy PL100 Instytutu Polskiego w Duesseldorfie<\/a><\/span><\/li>\n<li><span class=\"date\">31.10.2018 <a href=\"https:\/\/instytutpolski.pl\/dusseldorf\/wp-content\/uploads\/sites\/5\/2019\/05\/Zum-historischen-Hintergrund-der-Wiedererlangung-der-Unabh\u00e4ngigkeit-Polens-1918.pdf\">Zum historischen Hintergrund des 100. Jahrestags der Wiedererlangung der Unabh\u00e4ngigkeit Polens<\/a><\/span><\/li>\n<li><span class=\"date\">31.10.2018 <a href=\"https:\/\/instytutpolski.pl\/dusseldorf\/wp-content\/uploads\/sites\/5\/2019\/05\/Pressemitteilung-Jubil\u00e4umsprogramm.pdf\">Jubil\u00e4umsprogramm des Polnischen Instituts D\u00fcsseldorf zu #PL100<\/a><\/span><\/li>\n<li><span class=\"date\">31.10.2018 <a href=\"https:\/\/instytutpolski.pl\/dusseldorf\/wp-content\/uploads\/sites\/5\/2019\/05\/Informacja-prasowa_Polska-na-targach-gamescom-2018.pdf\">Polska na targach gamescom 2018<\/a><\/span><\/li>\n<li><span class=\"date\">31.10.2018 <a href=\"https:\/\/instytutpolski.pl\/dusseldorf\/wp-content\/uploads\/sites\/5\/2019\/05\/Presse_Polen-bei-gamescom-2018.pdf\">Polen bei gamescom 2018-Presse<\/a><\/span><\/li>\n<li><span class=\"date\">31.10.2018 <a href=\"https:\/\/instytutpolski.pl\/dusseldorf\/wp-content\/uploads\/sites\/5\/2019\/05\/Informacja-prasowa-Polski-program-w-parlamencie-NRW-na-Jazz-Rally.pdf\">Polski program na Jazz Rally 2018<\/a><\/span><\/li>\n<li><span class=\"date\">31.10.2018 <a href=\"https:\/\/instytutpolski.pl\/dusseldorf\/wp-content\/uploads\/sites\/5\/2019\/05\/PM-Polnisches-Programm-bei-Jazz-Rally.pdf\">Polnisches Programm bei Jazz Rally 2018<\/a><\/span><\/li>\n<li><span class=\"date\">25.08.2017 <a href=\"https:\/\/instytutpolski.pl\/dusseldorf\/wp-content\/uploads\/sites\/5\/2019\/05\/PID_Presseinformation-Mozdzer-Bednarska-Jazz-Rally-2017.pdf\">Jazz Rally-2017-Presseinformation<\/a><\/span><\/li>\n<\/ul>\n","protected":false},"excerpt":{"rendered":"<p>07.11.2018 Program jubileszowy PL100 Instytutu Polskiego w Duesseldorfie 31.10.2018 Zum historischen Hintergrund des 100. Jahrestags der Wiedererlangung der Unabh\u00e4ngigkeit Polens 31.10.2018 Jubil\u00e4umsprogramm des Polnischen Instituts D\u00fcsseldorf zu #PL100 31.10.2018 Polska na targach gamescom 2018 31.10.2018 Polen bei gamescom 2018-Presse 31.10.2018 Polski program na Jazz Rally 2018 31.10.2018 Polnisches Programm bei Jazz Rally 2018 25.08.2017 Jazz [&hellip;]<\/p>\n","protected":false},"author":1,"featured_media":183,"parent":0,"menu_order":0,"comment_status":"closed","ping_status":"closed","template":"","meta":{"inline_featured_image":false,"_monsterinsights_skip_tracking":false,"_monsterinsights_sitenote_active":false,"_monsterinsights_sitenote_note":"","_monsterinsights_sitenote_category":0,"footnotes":""},"class_list":["post-24","page","type-page","status-publish","has-post-thumbnail","hentry"],"yoast_head":"<!-- This site is optimized with the Yoast SEO plugin v24.6 - https:\/\/yoast.com\/wordpress\/plugins\/seo\/ -->\n<title>Pressemitteilungen - Instytut Polski w Dusseldorfie<\/title>\n<meta name=\"robots\" content=\"index, follow, max-snippet:-1, max-image-preview:large, max-video-preview:-1\" \/>\n<link rel=\"canonical\" href=\"https:\/\/instytutpolski.pl\/duesseldorf\/pressemitteilungen\/\" \/>\n<meta property=\"og:locale\" content=\"pl_PL\" \/>\n<meta property=\"og:type\" content=\"article\" \/>\n<meta property=\"og:title\" content=\"Pressemitteilungen - Instytut Polski w Dusseldorfie\" \/>\n<meta property=\"og:description\" content=\"07.11.2018 Program jubileszowy PL100 Instytutu Polskiego w Duesseldorfie 31.10.2018 Zum historischen Hintergrund des 100. Jahrestags der Wiedererlangung der Unabh\u00e4ngigkeit Polens 31.10.2018 Jubil\u00e4umsprogramm des Polnischen Instituts D\u00fcsseldorf zu #PL100 31.10.2018 Polska na targach gamescom 2018 31.10.2018 Polen bei gamescom 2018-Presse 31.10.2018 Polski program na Jazz Rally 2018 31.10.2018 Polnisches Programm bei Jazz Rally 2018 25.08.2017 Jazz [&hellip;]\" \/>\n<meta property=\"og:url\" content=\"https:\/\/instytutpolski.pl\/duesseldorf\/pressemitteilungen\/\" \/>\n<meta property=\"og:site_name\" content=\"Instytut Polski w Dusseldorfie\" \/>\n<meta property=\"article:modified_time\" content=\"2019-05-24T11:33:42+00:00\" \/>\n<meta property=\"og:image\" content=\"https:\/\/instytutpolski.pl\/duesseldorf\/wp-content\/uploads\/sites\/5\/2019\/05\/baner-presse.png\" \/>\n\t<meta property=\"og:image:width\" content=\"737\" \/>\n\t<meta property=\"og:image:height\" content=\"300\" \/>\n\t<meta property=\"og:image:type\" content=\"image\/png\" \/>\n<meta name=\"twitter:card\" content=\"summary_large_image\" \/>\n<script type=\"application\/ld+json\" class=\"yoast-schema-graph\">{\"@context\":\"https:\/\/schema.org\",\"@graph\":[{\"@type\":\"WebPage\",\"@id\":\"https:\/\/instytutpolski.pl\/duesseldorf\/pressemitteilungen\/\",\"url\":\"https:\/\/instytutpolski.pl\/duesseldorf\/pressemitteilungen\/\",\"name\":\"Pressemitteilungen - Instytut Polski w Dusseldorfie\",\"isPartOf\":{\"@id\":\"https:\/\/instytutpolski.pl\/duesseldorf\/#website\"},\"primaryImageOfPage\":{\"@id\":\"https:\/\/instytutpolski.pl\/duesseldorf\/pressemitteilungen\/#primaryimage\"},\"image\":{\"@id\":\"https:\/\/instytutpolski.pl\/duesseldorf\/pressemitteilungen\/#primaryimage\"},\"thumbnailUrl\":\"https:\/\/instytutpolski.pl\/duesseldorf\/wp-content\/uploads\/sites\/5\/2019\/05\/baner-presse.png\",\"datePublished\":\"2019-05-22T10:02:31+00:00\",\"dateModified\":\"2019-05-24T11:33:42+00:00\",\"breadcrumb\":{\"@id\":\"https:\/\/instytutpolski.pl\/duesseldorf\/pressemitteilungen\/#breadcrumb\"},\"inLanguage\":\"pl-PL\",\"potentialAction\":[{\"@type\":\"ReadAction\",\"target\":[\"https:\/\/instytutpolski.pl\/duesseldorf\/pressemitteilungen\/\"]}]},{\"@type\":\"ImageObject\",\"inLanguage\":\"pl-PL\",\"@id\":\"https:\/\/instytutpolski.pl\/duesseldorf\/pressemitteilungen\/#primaryimage\",\"url\":\"https:\/\/instytutpolski.pl\/duesseldorf\/wp-content\/uploads\/sites\/5\/2019\/05\/baner-presse.png\",\"contentUrl\":\"https:\/\/instytutpolski.pl\/duesseldorf\/wp-content\/uploads\/sites\/5\/2019\/05\/baner-presse.png\",\"width\":737,\"height\":300},{\"@type\":\"BreadcrumbList\",\"@id\":\"https:\/\/instytutpolski.pl\/duesseldorf\/pressemitteilungen\/#breadcrumb\",\"itemListElement\":[{\"@type\":\"ListItem\",\"position\":1,\"name\":\"Home\",\"item\":\"https:\/\/instytutpolski.pl\/duesseldorf\/\"},{\"@type\":\"ListItem\",\"position\":2,\"name\":\"Pressemitteilungen\"}]},{\"@type\":\"WebSite\",\"@id\":\"https:\/\/instytutpolski.pl\/duesseldorf\/#website\",\"url\":\"https:\/\/instytutpolski.pl\/duesseldorf\/\",\"name\":\"Instytut Polski w Dusseldorfie\",\"description\":\"Instytuty Polskie\",\"potentialAction\":[{\"@type\":\"SearchAction\",\"target\":{\"@type\":\"EntryPoint\",\"urlTemplate\":\"https:\/\/instytutpolski.pl\/duesseldorf\/?s={search_term_string}\"},\"query-input\":{\"@type\":\"PropertyValueSpecification\",\"valueRequired\":true,\"valueName\":\"search_term_string\"}}],\"inLanguage\":\"pl-PL\"}]}<\/script>\n<!-- \/ Yoast SEO plugin. -->","yoast_head_json":{"title":"Pressemitteilungen - Instytut Polski w Dusseldorfie","robots":{"index":"index","follow":"follow","max-snippet":"max-snippet:-1","max-image-preview":"max-image-preview:large","max-video-preview":"max-video-preview:-1"},"canonical":"https:\/\/instytutpolski.pl\/duesseldorf\/pressemitteilungen\/","og_locale":"pl_PL","og_type":"article","og_title":"Pressemitteilungen - Instytut Polski w Dusseldorfie","og_description":"07.11.2018 Program jubileszowy PL100 Instytutu Polskiego w Duesseldorfie 31.10.2018 Zum historischen Hintergrund des 100. Jahrestags der Wiedererlangung der Unabh\u00e4ngigkeit Polens 31.10.2018 Jubil\u00e4umsprogramm des Polnischen Instituts D\u00fcsseldorf zu #PL100 31.10.2018 Polska na targach gamescom 2018 31.10.2018 Polen bei gamescom 2018-Presse 31.10.2018 Polski program na Jazz Rally 2018 31.10.2018 Polnisches Programm bei Jazz Rally 2018 25.08.2017 Jazz [&hellip;]","og_url":"https:\/\/instytutpolski.pl\/duesseldorf\/pressemitteilungen\/","og_site_name":"Instytut Polski w Dusseldorfie","article_modified_time":"2019-05-24T11:33:42+00:00","og_image":[{"width":737,"height":300,"url":"https:\/\/instytutpolski.pl\/duesseldorf\/wp-content\/uploads\/sites\/5\/2019\/05\/baner-presse.png","type":"image\/png"}],"twitter_card":"summary_large_image","schema":{"@context":"https:\/\/schema.org","@graph":[{"@type":"WebPage","@id":"https:\/\/instytutpolski.pl\/duesseldorf\/pressemitteilungen\/","url":"https:\/\/instytutpolski.pl\/duesseldorf\/pressemitteilungen\/","name":"Pressemitteilungen - Instytut Polski w Dusseldorfie","isPartOf":{"@id":"https:\/\/instytutpolski.pl\/duesseldorf\/#website"},"primaryImageOfPage":{"@id":"https:\/\/instytutpolski.pl\/duesseldorf\/pressemitteilungen\/#primaryimage"},"image":{"@id":"https:\/\/instytutpolski.pl\/duesseldorf\/pressemitteilungen\/#primaryimage"},"thumbnailUrl":"https:\/\/instytutpolski.pl\/duesseldorf\/wp-content\/uploads\/sites\/5\/2019\/05\/baner-presse.png","datePublished":"2019-05-22T10:02:31+00:00","dateModified":"2019-05-24T11:33:42+00:00","breadcrumb":{"@id":"https:\/\/instytutpolski.pl\/duesseldorf\/pressemitteilungen\/#breadcrumb"},"inLanguage":"pl-PL","potentialAction":[{"@type":"ReadAction","target":["https:\/\/instytutpolski.pl\/duesseldorf\/pressemitteilungen\/"]}]},{"@type":"ImageObject","inLanguage":"pl-PL","@id":"https:\/\/instytutpolski.pl\/duesseldorf\/pressemitteilungen\/#primaryimage","url":"https:\/\/instytutpolski.pl\/duesseldorf\/wp-content\/uploads\/sites\/5\/2019\/05\/baner-presse.png","contentUrl":"https:\/\/instytutpolski.pl\/duesseldorf\/wp-content\/uploads\/sites\/5\/2019\/05\/baner-presse.png","width":737,"height":300},{"@type":"BreadcrumbList","@id":"https:\/\/instytutpolski.pl\/duesseldorf\/pressemitteilungen\/#breadcrumb","itemListElement":[{"@type":"ListItem","position":1,"name":"Home","item":"https:\/\/instytutpolski.pl\/duesseldorf\/"},{"@type":"ListItem","position":2,"name":"Pressemitteilungen"}]},{"@type":"WebSite","@id":"https:\/\/instytutpolski.pl\/duesseldorf\/#website","url":"https:\/\/instytutpolski.pl\/duesseldorf\/","name":"Instytut Polski w Dusseldorfie","description":"Instytuty Polskie","potentialAction":[{"@type":"SearchAction","target":{"@type":"EntryPoint","urlTemplate":"https:\/\/instytutpolski.pl\/duesseldorf\/?s={search_term_string}"},"query-input":{"@type":"PropertyValueSpecification","valueRequired":true,"valueName":"search_term_string"}}],"inLanguage":"pl-PL"}]}},"_links":{"self":[{"href":"https:\/\/instytutpolski.pl\/duesseldorf\/wp-json\/wp\/v2\/pages\/24","targetHints":{"allow":["GET"]}}],"collection":[{"href":"https:\/\/instytutpolski.pl\/duesseldorf\/wp-json\/wp\/v2\/pages"}],"about":[{"href":"https:\/\/instytutpolski.pl\/duesseldorf\/wp-json\/wp\/v2\/types\/page"}],"author":[{"embeddable":true,"href":"https:\/\/instytutpolski.pl\/duesseldorf\/wp-json\/wp\/v2\/users\/1"}],"replies":[{"embeddable":true,"href":"https:\/\/instytutpolski.pl\/duesseldorf\/wp-json\/wp\/v2\/comments?post=24"}],"version-history":[{"count":3,"href":"https:\/\/instytutpolski.pl\/duesseldorf\/wp-json\/wp\/v2\/pages\/24\/revisions"}],"predecessor-version":[{"id":267,"href":"https:\/\/instytutpolski.pl\/duesseldorf\/wp-json\/wp\/v2\/pages\/24\/revisions\/267"}],"wp:featuredmedia":[{"embeddable":true,"href":"https:\/\/instytutpolski.pl\/duesseldorf\/wp-json\/wp\/v2\/media\/183"}],"wp:attachment":[{"href":"https:\/\/instytutpolski.pl\/duesseldorf\/wp-json\/wp\/v2\/media?parent=24"}],"curies":[{"name":"wp","href":"https:\/\/api.w.org\/{rel}","templated":true}]}}