{"id":3308,"date":"2020-10-23T10:05:37","date_gmt":"2020-10-23T08:05:37","guid":{"rendered":"https:\/\/instytutpolski.pl\/duesseldorf\/?page_id=3308"},"modified":"2020-10-23T10:06:50","modified_gmt":"2020-10-23T08:06:50","slug":"cyfrowe-muzeum-narodowe","status":"publish","type":"page","link":"https:\/\/instytutpolski.pl\/duesseldorf\/pl\/poznaj-polske\/kultura\/muzea\/cyfrowe-muzeum-narodowe\/","title":{"rendered":"Cyfrowe Muzeum Narodowe"},"content":{"rendered":"\n<p><a href=\"https:\/\/cyfrowe.mnw.art.pl\/pl\/strona-glowna\">Cyfrowe Muzeum Narodowe w Warszawie<\/a>\u00a0prezentuje a\u017c 60 tys. obiekt\u00f3w muzealnych spo\u015br\u00f3d ponad 800 tys. znajduj\u0105cych si\u0119 w zbiorach Muzeum. S\u0105 tu<\/p>\n<div id=\"attachment_3312\" style=\"width: 310px\" class=\"wp-caption alignright\"><a href=\"https:\/\/instytutpolski.pl\/duesseldorf\/pl\/cyfrowe-muzeum-narodowe\/fot_adam-oleksiak_mnw_5\/\" rel=\"attachment wp-att-3312\"><img loading=\"lazy\" decoding=\"async\" aria-describedby=\"caption-attachment-3312\" class=\"size-medium wp-image-3312\" src=\"https:\/\/instytutpolski.pl\/duesseldorf\/wp-content\/uploads\/sites\/5\/2020\/10\/fot_Adam-Oleksiak_MNW_5-300x200.jpg\" alt=\"\" width=\"300\" height=\"200\" srcset=\"https:\/\/instytutpolski.pl\/duesseldorf\/wp-content\/uploads\/sites\/5\/2020\/10\/fot_Adam-Oleksiak_MNW_5-300x200.jpg 300w, https:\/\/instytutpolski.pl\/duesseldorf\/wp-content\/uploads\/sites\/5\/2020\/10\/fot_Adam-Oleksiak_MNW_5-1024x682.jpg 1024w, https:\/\/instytutpolski.pl\/duesseldorf\/wp-content\/uploads\/sites\/5\/2020\/10\/fot_Adam-Oleksiak_MNW_5-768x512.jpg 768w, https:\/\/instytutpolski.pl\/duesseldorf\/wp-content\/uploads\/sites\/5\/2020\/10\/fot_Adam-Oleksiak_MNW_5-1536x1023.jpg 1536w, https:\/\/instytutpolski.pl\/duesseldorf\/wp-content\/uploads\/sites\/5\/2020\/10\/fot_Adam-Oleksiak_MNW_5.jpg 1600w\" sizes=\"auto, (max-width: 300px) 100vw, 300px\" \/><\/a><p id=\"caption-attachment-3312\" class=\"wp-caption-text\">Fot. Adam Oleksiak\/MNW<\/p><\/div>\n<p>arcydzie\u0142a polskiego malarstwa, rze\u017aby i grafiki, staro\u017cytne malowid\u0142a \u015bcienne z Faras odkryte przez polskich archeolog\u00f3w, sztuka \u015bredniowieczna i wsp\u00f3\u0142czesna. Ka\u017cdy, niezale\u017cnie od miejsca zamieszkania, mo\u017ce wybra\u0107 si\u0119 na wirtualne zwiedzanie polskiego Muzeum Narodowego w Warszawie. Serwis jest spersonalizowany. U\u017cytkownik mo\u017ce przegl\u0105da\u0107 zbiory na osi czasu lub wybiera\u0107 konkretne arcydzie\u0142a, a histori\u0119 w\u0142asnych poszukiwa\u0144 zapisa\u0107 na swoim profilu w portalu.<\/p>\n<div id=\"attachment_5762\" style=\"width: 210px\" class=\"wp-caption alignleft\"><a href=\"https:\/\/instytutpolski.pl\/wien\/pl\/cyfrowe-muzeum-narodowe\/fot_adam-oleksiak_mnw_8-ok-2\/\" rel=\"attachment wp-att-5762\"><img loading=\"lazy\" decoding=\"async\" aria-describedby=\"caption-attachment-5762\" class=\"wp-image-5762 size-medium\" src=\"https:\/\/instytutpolski.pl\/wien\/wp-content\/uploads\/sites\/2\/2020\/10\/fot_Adam-Oleksiak_MNW_8-ok-1-200x300.jpg\" alt=\"\" width=\"200\" height=\"300\" \/><\/a><p id=\"caption-attachment-5762\" class=\"wp-caption-text\">Fot. Adam Oleksiak\/MNW<\/p><\/div>\n<p>&#8211; Obiekty szczeg\u00f3lnie warte uwagi znajduj\u0105 si\u0119 w sekcja <a href=\"https:\/\/cyfrowe.mnw.art.pl\/pl\/arcydziela\">arcydzie\u0142a<\/a> \u2013 m\u00f3wi Karolina Tabak, Kierownik Dzia\u0142u Digitalizacji i Dokumentacji Wizualnej Muzeum Narodowego w Warszawie. &#8211; Zapraszamy te\u017c do \u015bcie\u017cek tematycznych \u2013 interaktywnych prezentacji na temat zbior\u00f3w Muzeum, r\u00f3\u017cnych zjawisk w szeroko poj\u0119tej kulturze np. Faras \u2013 skarby pustyni, Zbrodnia i \u015bmier\u0107, Dziecko, W pracowni artysty \u2013 dodaje. W Cyfrowym MNW mo\u017cna obejrze\u0107 w zbli\u017ceniu na przyk\u0142ad obraz <a href=\"https:\/\/cyfrowe.mnw.art.pl\/pl\/katalog\/509927\">\u201eBitwa pod Grunwaldem\u201d<\/a> Jana Matejki,\u00a0a klikaj\u0105c na specjalne znaczniki pozna\u0107 przedstawione na nim postaci.<\/p>\n<p>Mi\u0142o\u015bnicy sztuki mog\u0105 pobra\u0107 zdj\u0119cie obiektu, kt\u00f3ry szczeg\u00f3lnie im si\u0119 spodoba. Na portalu fotografiom dzie\u0142 sztuki towarzysz\u0105 informacje na temat warunk\u00f3w ich wykorzystania, w tym praw autorskich. Wizerunki obiekt\u00f3w znajduj\u0105cych si\u0119 w domenie publicznej (gdy od \u015bmierci tw\u00f3rcy min\u0119\u0142o co najmniej 70 lat) mo\u017cna pobiera\u0107, przerabia\u0107 i wykorzystywa\u0107 bez \u017cadnych ogranicze\u0144, r\u00f3wnie\u017c komercyjnie. Reprodukcje zamieszczone na portalu Cyfrowe MNW mog\u0105 pos\u0142u\u017cy\u0107 do wykonania w\u0142asnych gad\u017cet\u00f3w.<\/p>\n<div id=\"attachment_5763\" style=\"width: 1034px\" class=\"wp-caption alignnone\"><a href=\"https:\/\/instytutpolski.pl\/wien\/pl\/cyfrowe-muzeum-narodowe\/fot_adam-oleksiak_mnw_9-ok-2\/\" rel=\"attachment wp-att-5763\"><img loading=\"lazy\" decoding=\"async\" aria-describedby=\"caption-attachment-5763\" class=\"wp-image-5763 size-large\" src=\"https:\/\/instytutpolski.pl\/wien\/wp-content\/uploads\/sites\/2\/2020\/10\/fot_Adam-Oleksiak_MNW_9-ok-1-1024x683.jpg\" alt=\"\" width=\"1024\" height=\"683\" \/><\/a><p id=\"caption-attachment-5763\" class=\"wp-caption-text\">Fot. Adam Oleksiak\/MNW<\/p><\/div>\n","protected":false},"excerpt":{"rendered":"<p>Cyfrowe Muzeum Narodowe w Warszawie\u00a0prezentuje a\u017c 60 tys. obiekt\u00f3w muzealnych spo\u015br\u00f3d ponad 800 tys. znajduj\u0105cych si\u0119 w zbiorach Muzeum. S\u0105 tu arcydzie\u0142a polskiego malarstwa, rze\u017aby i grafiki, staro\u017cytne malowid\u0142a \u015bcienne z Faras odkryte przez polskich archeolog\u00f3w, sztuka \u015bredniowieczna i wsp\u00f3\u0142czesna. Ka\u017cdy, niezale\u017cnie od miejsca zamieszkania, mo\u017ce wybra\u0107 si\u0119 na wirtualne zwiedzanie polskiego Muzeum Narodowego w [&hellip;]<\/p>\n","protected":false},"author":26,"featured_media":3309,"parent":3200,"menu_order":0,"comment_status":"closed","ping_status":"closed","template":"","meta":{"inline_featured_image":false,"_monsterinsights_skip_tracking":false,"_monsterinsights_sitenote_active":false,"_monsterinsights_sitenote_note":"","_monsterinsights_sitenote_category":0,"footnotes":""},"class_list":["post-3308","page","type-page","status-publish","has-post-thumbnail","hentry"],"yoast_head":"<!-- This site is optimized with the Yoast SEO plugin v24.6 - https:\/\/yoast.com\/wordpress\/plugins\/seo\/ -->\n<title>Cyfrowe Muzeum Narodowe - Instytut Polski w Dusseldorfie<\/title>\n<meta name=\"robots\" content=\"index, follow, max-snippet:-1, max-image-preview:large, max-video-preview:-1\" \/>\n<link rel=\"canonical\" href=\"https:\/\/instytutpolski.pl\/duesseldorf\/pl\/poznaj-polske\/kultura\/muzea\/cyfrowe-muzeum-narodowe\/\" \/>\n<meta property=\"og:locale\" content=\"pl_PL\" \/>\n<meta property=\"og:type\" content=\"article\" \/>\n<meta property=\"og:title\" content=\"Cyfrowe Muzeum Narodowe - Instytut Polski w Dusseldorfie\" \/>\n<meta property=\"og:description\" content=\"Cyfrowe Muzeum Narodowe w Warszawie\u00a0prezentuje a\u017c 60 tys. obiekt\u00f3w muzealnych spo\u015br\u00f3d ponad 800 tys. znajduj\u0105cych si\u0119 w zbiorach Muzeum. S\u0105 tu arcydzie\u0142a polskiego malarstwa, rze\u017aby i grafiki, staro\u017cytne malowid\u0142a \u015bcienne z Faras odkryte przez polskich archeolog\u00f3w, sztuka \u015bredniowieczna i wsp\u00f3\u0142czesna. Ka\u017cdy, niezale\u017cnie od miejsca zamieszkania, mo\u017ce wybra\u0107 si\u0119 na wirtualne zwiedzanie polskiego Muzeum Narodowego w [&hellip;]\" \/>\n<meta property=\"og:url\" content=\"https:\/\/instytutpolski.pl\/duesseldorf\/pl\/poznaj-polske\/kultura\/muzea\/cyfrowe-muzeum-narodowe\/\" \/>\n<meta property=\"og:site_name\" content=\"Instytut Polski w Dusseldorfie\" \/>\n<meta property=\"article:modified_time\" content=\"2020-10-23T08:06:50+00:00\" \/>\n<meta property=\"og:image\" content=\"https:\/\/instytutpolski.pl\/duesseldorf\/wp-content\/uploads\/sites\/5\/2020\/10\/fot_Adam-Oleksiak_MNW_9-gotowe-scaled.jpg\" \/>\n\t<meta property=\"og:image:width\" content=\"2560\" \/>\n\t<meta property=\"og:image:height\" content=\"1003\" \/>\n\t<meta property=\"og:image:type\" content=\"image\/jpeg\" \/>\n<meta name=\"twitter:card\" content=\"summary_large_image\" \/>\n<meta name=\"twitter:label1\" content=\"Szacowany czas czytania\" \/>\n\t<meta name=\"twitter:data1\" content=\"2 minuty\" \/>\n<script type=\"application\/ld+json\" class=\"yoast-schema-graph\">{\"@context\":\"https:\/\/schema.org\",\"@graph\":[{\"@type\":\"WebPage\",\"@id\":\"https:\/\/instytutpolski.pl\/duesseldorf\/pl\/poznaj-polske\/kultura\/muzea\/cyfrowe-muzeum-narodowe\/\",\"url\":\"https:\/\/instytutpolski.pl\/duesseldorf\/pl\/poznaj-polske\/kultura\/muzea\/cyfrowe-muzeum-narodowe\/\",\"name\":\"Cyfrowe Muzeum Narodowe - Instytut Polski w Dusseldorfie\",\"isPartOf\":{\"@id\":\"https:\/\/instytutpolski.pl\/duesseldorf\/#website\"},\"primaryImageOfPage\":{\"@id\":\"https:\/\/instytutpolski.pl\/duesseldorf\/pl\/poznaj-polske\/kultura\/muzea\/cyfrowe-muzeum-narodowe\/#primaryimage\"},\"image\":{\"@id\":\"https:\/\/instytutpolski.pl\/duesseldorf\/pl\/poznaj-polske\/kultura\/muzea\/cyfrowe-muzeum-narodowe\/#primaryimage\"},\"thumbnailUrl\":\"https:\/\/instytutpolski.pl\/duesseldorf\/wp-content\/uploads\/sites\/5\/2020\/10\/fot_Adam-Oleksiak_MNW_9-gotowe-scaled.jpg\",\"datePublished\":\"2020-10-23T08:05:37+00:00\",\"dateModified\":\"2020-10-23T08:06:50+00:00\",\"breadcrumb\":{\"@id\":\"https:\/\/instytutpolski.pl\/duesseldorf\/pl\/poznaj-polske\/kultura\/muzea\/cyfrowe-muzeum-narodowe\/#breadcrumb\"},\"inLanguage\":\"pl-PL\",\"potentialAction\":[{\"@type\":\"ReadAction\",\"target\":[\"https:\/\/instytutpolski.pl\/duesseldorf\/pl\/poznaj-polske\/kultura\/muzea\/cyfrowe-muzeum-narodowe\/\"]}]},{\"@type\":\"ImageObject\",\"inLanguage\":\"pl-PL\",\"@id\":\"https:\/\/instytutpolski.pl\/duesseldorf\/pl\/poznaj-polske\/kultura\/muzea\/cyfrowe-muzeum-narodowe\/#primaryimage\",\"url\":\"https:\/\/instytutpolski.pl\/duesseldorf\/wp-content\/uploads\/sites\/5\/2020\/10\/fot_Adam-Oleksiak_MNW_9-gotowe-scaled.jpg\",\"contentUrl\":\"https:\/\/instytutpolski.pl\/duesseldorf\/wp-content\/uploads\/sites\/5\/2020\/10\/fot_Adam-Oleksiak_MNW_9-gotowe-scaled.jpg\",\"width\":2560,\"height\":1003,\"caption\":\"Fot. Adam Oleksiak\/MNW\"},{\"@type\":\"BreadcrumbList\",\"@id\":\"https:\/\/instytutpolski.pl\/duesseldorf\/pl\/poznaj-polske\/kultura\/muzea\/cyfrowe-muzeum-narodowe\/#breadcrumb\",\"itemListElement\":[{\"@type\":\"ListItem\",\"position\":1,\"name\":\"Home\",\"item\":\"https:\/\/instytutpolski.pl\/duesseldorf\/\"},{\"@type\":\"ListItem\",\"position\":2,\"name\":\"Poznaj Polsk\u0119\",\"item\":\"https:\/\/instytutpolski.pl\/duesseldorf\/pl\/poznaj-polske\/\"},{\"@type\":\"ListItem\",\"position\":3,\"name\":\"Kultura\",\"item\":\"https:\/\/instytutpolski.pl\/duesseldorf\/pl\/poznaj-polske\/kultura\/\"},{\"@type\":\"ListItem\",\"position\":4,\"name\":\"Muzea\",\"item\":\"https:\/\/instytutpolski.pl\/duesseldorf\/pl\/poznaj-polske\/kultura\/muzea\/\"},{\"@type\":\"ListItem\",\"position\":5,\"name\":\"Cyfrowe Muzeum Narodowe\"}]},{\"@type\":\"WebSite\",\"@id\":\"https:\/\/instytutpolski.pl\/duesseldorf\/#website\",\"url\":\"https:\/\/instytutpolski.pl\/duesseldorf\/\",\"name\":\"Instytut Polski w Dusseldorfie\",\"description\":\"Instytuty Polskie\",\"potentialAction\":[{\"@type\":\"SearchAction\",\"target\":{\"@type\":\"EntryPoint\",\"urlTemplate\":\"https:\/\/instytutpolski.pl\/duesseldorf\/?s={search_term_string}\"},\"query-input\":{\"@type\":\"PropertyValueSpecification\",\"valueRequired\":true,\"valueName\":\"search_term_string\"}}],\"inLanguage\":\"pl-PL\"}]}<\/script>\n<!-- \/ Yoast SEO plugin. -->","yoast_head_json":{"title":"Cyfrowe Muzeum Narodowe - Instytut Polski w Dusseldorfie","robots":{"index":"index","follow":"follow","max-snippet":"max-snippet:-1","max-image-preview":"max-image-preview:large","max-video-preview":"max-video-preview:-1"},"canonical":"https:\/\/instytutpolski.pl\/duesseldorf\/pl\/poznaj-polske\/kultura\/muzea\/cyfrowe-muzeum-narodowe\/","og_locale":"pl_PL","og_type":"article","og_title":"Cyfrowe Muzeum Narodowe - Instytut Polski w Dusseldorfie","og_description":"Cyfrowe Muzeum Narodowe w Warszawie\u00a0prezentuje a\u017c 60 tys. obiekt\u00f3w muzealnych spo\u015br\u00f3d ponad 800 tys. znajduj\u0105cych si\u0119 w zbiorach Muzeum. S\u0105 tu arcydzie\u0142a polskiego malarstwa, rze\u017aby i grafiki, staro\u017cytne malowid\u0142a \u015bcienne z Faras odkryte przez polskich archeolog\u00f3w, sztuka \u015bredniowieczna i wsp\u00f3\u0142czesna. Ka\u017cdy, niezale\u017cnie od miejsca zamieszkania, mo\u017ce wybra\u0107 si\u0119 na wirtualne zwiedzanie polskiego Muzeum Narodowego w [&hellip;]","og_url":"https:\/\/instytutpolski.pl\/duesseldorf\/pl\/poznaj-polske\/kultura\/muzea\/cyfrowe-muzeum-narodowe\/","og_site_name":"Instytut Polski w Dusseldorfie","article_modified_time":"2020-10-23T08:06:50+00:00","og_image":[{"width":2560,"height":1003,"url":"https:\/\/instytutpolski.pl\/duesseldorf\/wp-content\/uploads\/sites\/5\/2020\/10\/fot_Adam-Oleksiak_MNW_9-gotowe-scaled.jpg","type":"image\/jpeg"}],"twitter_card":"summary_large_image","twitter_misc":{"Szacowany czas czytania":"2 minuty"},"schema":{"@context":"https:\/\/schema.org","@graph":[{"@type":"WebPage","@id":"https:\/\/instytutpolski.pl\/duesseldorf\/pl\/poznaj-polske\/kultura\/muzea\/cyfrowe-muzeum-narodowe\/","url":"https:\/\/instytutpolski.pl\/duesseldorf\/pl\/poznaj-polske\/kultura\/muzea\/cyfrowe-muzeum-narodowe\/","name":"Cyfrowe Muzeum Narodowe - Instytut Polski w Dusseldorfie","isPartOf":{"@id":"https:\/\/instytutpolski.pl\/duesseldorf\/#website"},"primaryImageOfPage":{"@id":"https:\/\/instytutpolski.pl\/duesseldorf\/pl\/poznaj-polske\/kultura\/muzea\/cyfrowe-muzeum-narodowe\/#primaryimage"},"image":{"@id":"https:\/\/instytutpolski.pl\/duesseldorf\/pl\/poznaj-polske\/kultura\/muzea\/cyfrowe-muzeum-narodowe\/#primaryimage"},"thumbnailUrl":"https:\/\/instytutpolski.pl\/duesseldorf\/wp-content\/uploads\/sites\/5\/2020\/10\/fot_Adam-Oleksiak_MNW_9-gotowe-scaled.jpg","datePublished":"2020-10-23T08:05:37+00:00","dateModified":"2020-10-23T08:06:50+00:00","breadcrumb":{"@id":"https:\/\/instytutpolski.pl\/duesseldorf\/pl\/poznaj-polske\/kultura\/muzea\/cyfrowe-muzeum-narodowe\/#breadcrumb"},"inLanguage":"pl-PL","potentialAction":[{"@type":"ReadAction","target":["https:\/\/instytutpolski.pl\/duesseldorf\/pl\/poznaj-polske\/kultura\/muzea\/cyfrowe-muzeum-narodowe\/"]}]},{"@type":"ImageObject","inLanguage":"pl-PL","@id":"https:\/\/instytutpolski.pl\/duesseldorf\/pl\/poznaj-polske\/kultura\/muzea\/cyfrowe-muzeum-narodowe\/#primaryimage","url":"https:\/\/instytutpolski.pl\/duesseldorf\/wp-content\/uploads\/sites\/5\/2020\/10\/fot_Adam-Oleksiak_MNW_9-gotowe-scaled.jpg","contentUrl":"https:\/\/instytutpolski.pl\/duesseldorf\/wp-content\/uploads\/sites\/5\/2020\/10\/fot_Adam-Oleksiak_MNW_9-gotowe-scaled.jpg","width":2560,"height":1003,"caption":"Fot. Adam Oleksiak\/MNW"},{"@type":"BreadcrumbList","@id":"https:\/\/instytutpolski.pl\/duesseldorf\/pl\/poznaj-polske\/kultura\/muzea\/cyfrowe-muzeum-narodowe\/#breadcrumb","itemListElement":[{"@type":"ListItem","position":1,"name":"Home","item":"https:\/\/instytutpolski.pl\/duesseldorf\/"},{"@type":"ListItem","position":2,"name":"Poznaj Polsk\u0119","item":"https:\/\/instytutpolski.pl\/duesseldorf\/pl\/poznaj-polske\/"},{"@type":"ListItem","position":3,"name":"Kultura","item":"https:\/\/instytutpolski.pl\/duesseldorf\/pl\/poznaj-polske\/kultura\/"},{"@type":"ListItem","position":4,"name":"Muzea","item":"https:\/\/instytutpolski.pl\/duesseldorf\/pl\/poznaj-polske\/kultura\/muzea\/"},{"@type":"ListItem","position":5,"name":"Cyfrowe Muzeum Narodowe"}]},{"@type":"WebSite","@id":"https:\/\/instytutpolski.pl\/duesseldorf\/#website","url":"https:\/\/instytutpolski.pl\/duesseldorf\/","name":"Instytut Polski w Dusseldorfie","description":"Instytuty Polskie","potentialAction":[{"@type":"SearchAction","target":{"@type":"EntryPoint","urlTemplate":"https:\/\/instytutpolski.pl\/duesseldorf\/?s={search_term_string}"},"query-input":{"@type":"PropertyValueSpecification","valueRequired":true,"valueName":"search_term_string"}}],"inLanguage":"pl-PL"}]}},"_links":{"self":[{"href":"https:\/\/instytutpolski.pl\/duesseldorf\/wp-json\/wp\/v2\/pages\/3308","targetHints":{"allow":["GET"]}}],"collection":[{"href":"https:\/\/instytutpolski.pl\/duesseldorf\/wp-json\/wp\/v2\/pages"}],"about":[{"href":"https:\/\/instytutpolski.pl\/duesseldorf\/wp-json\/wp\/v2\/types\/page"}],"author":[{"embeddable":true,"href":"https:\/\/instytutpolski.pl\/duesseldorf\/wp-json\/wp\/v2\/users\/26"}],"replies":[{"embeddable":true,"href":"https:\/\/instytutpolski.pl\/duesseldorf\/wp-json\/wp\/v2\/comments?post=3308"}],"version-history":[{"count":6,"href":"https:\/\/instytutpolski.pl\/duesseldorf\/wp-json\/wp\/v2\/pages\/3308\/revisions"}],"predecessor-version":[{"id":3380,"href":"https:\/\/instytutpolski.pl\/duesseldorf\/wp-json\/wp\/v2\/pages\/3308\/revisions\/3380"}],"up":[{"embeddable":true,"href":"https:\/\/instytutpolski.pl\/duesseldorf\/wp-json\/wp\/v2\/pages\/3200"}],"wp:featuredmedia":[{"embeddable":true,"href":"https:\/\/instytutpolski.pl\/duesseldorf\/wp-json\/wp\/v2\/media\/3309"}],"wp:attachment":[{"href":"https:\/\/instytutpolski.pl\/duesseldorf\/wp-json\/wp\/v2\/media?parent=3308"}],"curies":[{"name":"wp","href":"https:\/\/api.w.org\/{rel}","templated":true}]}}