{"id":3378,"date":"2020-10-23T10:05:37","date_gmt":"2020-10-23T08:05:37","guid":{"rendered":"https:\/\/instytutpolski.pl\/duesseldorf\/?page_id=3378"},"modified":"2020-10-29T16:41:22","modified_gmt":"2020-10-29T15:41:22","slug":"nationales-digitalmuseum","status":"publish","type":"page","link":"https:\/\/instytutpolski.pl\/duesseldorf\/lernen-sie-polen-kennen\/kultur-in-polen\/museen-in-polen\/nationales-digitalmuseum\/","title":{"rendered":"Nationales Digitalmuseum"},"content":{"rendered":"\n<div id=\"attachment_3312\" style=\"width: 310px\" class=\"wp-caption alignright\"><a href=\"https:\/\/instytutpolski.pl\/duesseldorf\/pl\/cyfrowe-muzeum-narodowe\/fot_adam-oleksiak_mnw_5\/\" rel=\"attachment wp-att-3312\"><img loading=\"lazy\" decoding=\"async\" aria-describedby=\"caption-attachment-3312\" class=\"size-medium wp-image-3312\" src=\"https:\/\/instytutpolski.pl\/duesseldorf\/wp-content\/uploads\/sites\/5\/2020\/10\/fot_Adam-Oleksiak_MNW_5-300x200.jpg\" alt=\"\" width=\"300\" height=\"200\" srcset=\"https:\/\/instytutpolski.pl\/duesseldorf\/wp-content\/uploads\/sites\/5\/2020\/10\/fot_Adam-Oleksiak_MNW_5-300x200.jpg 300w, https:\/\/instytutpolski.pl\/duesseldorf\/wp-content\/uploads\/sites\/5\/2020\/10\/fot_Adam-Oleksiak_MNW_5-1024x682.jpg 1024w, https:\/\/instytutpolski.pl\/duesseldorf\/wp-content\/uploads\/sites\/5\/2020\/10\/fot_Adam-Oleksiak_MNW_5-768x512.jpg 768w, https:\/\/instytutpolski.pl\/duesseldorf\/wp-content\/uploads\/sites\/5\/2020\/10\/fot_Adam-Oleksiak_MNW_5-1536x1023.jpg 1536w, https:\/\/instytutpolski.pl\/duesseldorf\/wp-content\/uploads\/sites\/5\/2020\/10\/fot_Adam-Oleksiak_MNW_5.jpg 1600w\" sizes=\"auto, (max-width: 300px) 100vw, 300px\" \/><\/a><p id=\"caption-attachment-3312\" class=\"wp-caption-text\">Fot. Adam Oleksiak\/MNW<\/p><\/div>\n<p><a href=\"https:\/\/cyfrowe.mnw.art.pl\/en\/home\">Nationales Digitalmuseum <\/a>pr\u00e4sentiert bis zu 60 Tausend Museumsobjekte von \u00fcber 800 Tausend in der Sammlung des Museums. Es befinden sich hier Meisterwerke der polnischen Malerei, Skulptur und Grafik, alte Wandmalereien aus Faras, die von polnischen Arch\u00e4ologen entdeckt wurden, mittelalterliche und zeitgen\u00f6ssische Kunst. Jeder, unabh\u00e4ngig von seinem Wohnort, kann sich auf einen virtuellen Rundgang durch das Polnische Nationalmuseum in Warschau begeben. Der Dienst ist personalisiert. Der Benutzer kann die Sammlungen auf einer Zeitachse durchbl\u00e4ttern oder bestimmte Meisterwerke ausw\u00e4hlen und die Geschichte seiner Suche in seinem Profil auf dem Portal speichern.<\/p>\n<div id=\"attachment_5762\" style=\"width: 210px\" class=\"wp-caption alignleft\"><a href=\"https:\/\/instytutpolski.pl\/wien\/pl\/cyfrowe-muzeum-narodowe\/fot_adam-oleksiak_mnw_8-ok-2\/\" rel=\"attachment wp-att-5762\"><img loading=\"lazy\" decoding=\"async\" aria-describedby=\"caption-attachment-5762\" class=\"wp-image-5762 size-medium\" src=\"https:\/\/instytutpolski.pl\/wien\/wp-content\/uploads\/sites\/2\/2020\/10\/fot_Adam-Oleksiak_MNW_8-ok-1-200x300.jpg\" alt=\"\" width=\"200\" height=\"300\" \/><\/a><p id=\"caption-attachment-5762\" class=\"wp-caption-text\">Fot. Adam Oleksiak\/MNW<\/p><\/div>\n<p>-Besonders sehenswerte Objekte finden sich in der Abteilung f\u00fcr Meisterwerke\u00a0<a href=\"https:\/\/cyfrowe.mnw.art.pl\/en\/masterpieces\">Masterpieces<\/a>, sagt Karolina Tabak, Leiterin der Abteilung f\u00fcr Digitalisierung und visuelle Dokumentation des Nationalmuseums in Warschau. &#8211; Wir laden Sie auch zu thematischen Pfaden ein &#8211; interaktiven Pr\u00e4sentationen \u00fcber die Sammlungen des Museums, verschiedene Ph\u00e4nomene in der breit verstandenen Kultur, z.B. Faras &#8211; Sch\u00e4tze der W\u00fcste, Verbrechen und Tod, Das Kind, Im Atelier des K\u00fcnstlers &#8211; f\u00fcgt sie hinzu. Im digitalen Museum k\u00f6nnen Sie das Gem\u00e4lde &#8222;Die Schlacht bei Grunwald&#8221;\u00a0<a href=\"https:\/\/cyfrowe.mnw.art.pl\/en\/catalog\/509927\">The Battle of Grunwald<\/a> von Jan Matejko in einer Nahaufnahme betrachten, und durch Anklicken spezieller Tags k\u00f6nnen Sie die darin abgebildeten Personen kennenlernen.<\/p>\n<p>Kunstliebhaber k\u00f6nnen ein Foto eines Objekts herunterladen, das ihnen besonders gut gef\u00e4llt. Auf dem Fotoportal werden die Kunstwerke mit Informationen \u00fcber die Bedingungen ihrer Nutzung, einschliesslich der Urheberrechte, versehen. Bilder von Objekten aus public domain (wenn seit dem Tod des K\u00fcnstlers mindestens 70 Jahre vergangen sind) k\u00f6nnen ohne Einschr\u00e4nkungen heruntergeladen, bearbeitet und genutzt werden, auch kommerziell. Reproduktionen, die auf dem digitalen MNW-Portal platziert sind, k\u00f6nnen zur Herstellung eigener Gadgets verwendet werden.<\/p>\n<div id=\"attachment_5763\" style=\"width: 1034px\" class=\"wp-caption alignnone\"><a href=\"https:\/\/instytutpolski.pl\/wien\/pl\/cyfrowe-muzeum-narodowe\/fot_adam-oleksiak_mnw_9-ok-2\/\" rel=\"attachment wp-att-5763\"><img loading=\"lazy\" decoding=\"async\" aria-describedby=\"caption-attachment-5763\" class=\"wp-image-5763 size-large\" src=\"https:\/\/instytutpolski.pl\/wien\/wp-content\/uploads\/sites\/2\/2020\/10\/fot_Adam-Oleksiak_MNW_9-ok-1-1024x683.jpg\" alt=\"\" width=\"1024\" height=\"683\" \/><\/a><p id=\"caption-attachment-5763\" class=\"wp-caption-text\">Fot. Adam Oleksiak\/MNW<\/p><\/div>\n","protected":false},"excerpt":{"rendered":"<p>Nationales Digitalmuseum pr\u00e4sentiert bis zu 60 Tausend Museumsobjekte von \u00fcber 800 Tausend in der Sammlung des Museums. Es befinden sich hier Meisterwerke der polnischen Malerei, Skulptur und Grafik, alte Wandmalereien aus Faras, die von polnischen Arch\u00e4ologen entdeckt wurden, mittelalterliche und zeitgen\u00f6ssische Kunst. Jeder, unabh\u00e4ngig von seinem Wohnort, kann sich auf einen virtuellen Rundgang durch das [&hellip;]<\/p>\n","protected":false},"author":103,"featured_media":3309,"parent":3323,"menu_order":0,"comment_status":"closed","ping_status":"closed","template":"","meta":{"inline_featured_image":false,"_monsterinsights_skip_tracking":false,"_monsterinsights_sitenote_active":false,"_monsterinsights_sitenote_note":"","_monsterinsights_sitenote_category":0,"footnotes":""},"class_list":["post-3378","page","type-page","status-publish","has-post-thumbnail","hentry"],"yoast_head":"<!-- This site is optimized with the Yoast SEO plugin v24.6 - https:\/\/yoast.com\/wordpress\/plugins\/seo\/ -->\n<title>Nationales Digitalmuseum - Instytut Polski w Dusseldorfie<\/title>\n<meta name=\"robots\" content=\"index, follow, max-snippet:-1, max-image-preview:large, max-video-preview:-1\" \/>\n<link rel=\"canonical\" href=\"https:\/\/instytutpolski.pl\/duesseldorf\/lernen-sie-polen-kennen\/kultur-in-polen\/museen-in-polen\/nationales-digitalmuseum\/\" \/>\n<meta property=\"og:locale\" content=\"pl_PL\" \/>\n<meta property=\"og:type\" content=\"article\" \/>\n<meta property=\"og:title\" content=\"Nationales Digitalmuseum - Instytut Polski w Dusseldorfie\" \/>\n<meta property=\"og:description\" content=\"Nationales Digitalmuseum pr\u00e4sentiert bis zu 60 Tausend Museumsobjekte von \u00fcber 800 Tausend in der Sammlung des Museums. Es befinden sich hier Meisterwerke der polnischen Malerei, Skulptur und Grafik, alte Wandmalereien aus Faras, die von polnischen Arch\u00e4ologen entdeckt wurden, mittelalterliche und zeitgen\u00f6ssische Kunst. Jeder, unabh\u00e4ngig von seinem Wohnort, kann sich auf einen virtuellen Rundgang durch das [&hellip;]\" \/>\n<meta property=\"og:url\" content=\"https:\/\/instytutpolski.pl\/duesseldorf\/lernen-sie-polen-kennen\/kultur-in-polen\/museen-in-polen\/nationales-digitalmuseum\/\" \/>\n<meta property=\"og:site_name\" content=\"Instytut Polski w Dusseldorfie\" \/>\n<meta property=\"article:modified_time\" content=\"2020-10-29T15:41:22+00:00\" \/>\n<meta property=\"og:image\" content=\"https:\/\/instytutpolski.pl\/duesseldorf\/wp-content\/uploads\/sites\/5\/2020\/10\/fot_Adam-Oleksiak_MNW_9-gotowe-scaled.jpg\" \/>\n\t<meta property=\"og:image:width\" content=\"2560\" \/>\n\t<meta property=\"og:image:height\" content=\"1003\" \/>\n\t<meta property=\"og:image:type\" content=\"image\/jpeg\" \/>\n<meta name=\"twitter:card\" content=\"summary_large_image\" \/>\n<meta name=\"twitter:label1\" content=\"Szacowany czas czytania\" \/>\n\t<meta name=\"twitter:data1\" content=\"2 minuty\" \/>\n<script type=\"application\/ld+json\" class=\"yoast-schema-graph\">{\"@context\":\"https:\/\/schema.org\",\"@graph\":[{\"@type\":\"WebPage\",\"@id\":\"https:\/\/instytutpolski.pl\/duesseldorf\/lernen-sie-polen-kennen\/kultur-in-polen\/museen-in-polen\/nationales-digitalmuseum\/\",\"url\":\"https:\/\/instytutpolski.pl\/duesseldorf\/lernen-sie-polen-kennen\/kultur-in-polen\/museen-in-polen\/nationales-digitalmuseum\/\",\"name\":\"Nationales Digitalmuseum - Instytut Polski w Dusseldorfie\",\"isPartOf\":{\"@id\":\"https:\/\/instytutpolski.pl\/duesseldorf\/#website\"},\"primaryImageOfPage\":{\"@id\":\"https:\/\/instytutpolski.pl\/duesseldorf\/lernen-sie-polen-kennen\/kultur-in-polen\/museen-in-polen\/nationales-digitalmuseum\/#primaryimage\"},\"image\":{\"@id\":\"https:\/\/instytutpolski.pl\/duesseldorf\/lernen-sie-polen-kennen\/kultur-in-polen\/museen-in-polen\/nationales-digitalmuseum\/#primaryimage\"},\"thumbnailUrl\":\"https:\/\/instytutpolski.pl\/duesseldorf\/wp-content\/uploads\/sites\/5\/2020\/10\/fot_Adam-Oleksiak_MNW_9-gotowe-scaled.jpg\",\"datePublished\":\"2020-10-23T08:05:37+00:00\",\"dateModified\":\"2020-10-29T15:41:22+00:00\",\"breadcrumb\":{\"@id\":\"https:\/\/instytutpolski.pl\/duesseldorf\/lernen-sie-polen-kennen\/kultur-in-polen\/museen-in-polen\/nationales-digitalmuseum\/#breadcrumb\"},\"inLanguage\":\"pl-PL\",\"potentialAction\":[{\"@type\":\"ReadAction\",\"target\":[\"https:\/\/instytutpolski.pl\/duesseldorf\/lernen-sie-polen-kennen\/kultur-in-polen\/museen-in-polen\/nationales-digitalmuseum\/\"]}]},{\"@type\":\"ImageObject\",\"inLanguage\":\"pl-PL\",\"@id\":\"https:\/\/instytutpolski.pl\/duesseldorf\/lernen-sie-polen-kennen\/kultur-in-polen\/museen-in-polen\/nationales-digitalmuseum\/#primaryimage\",\"url\":\"https:\/\/instytutpolski.pl\/duesseldorf\/wp-content\/uploads\/sites\/5\/2020\/10\/fot_Adam-Oleksiak_MNW_9-gotowe-scaled.jpg\",\"contentUrl\":\"https:\/\/instytutpolski.pl\/duesseldorf\/wp-content\/uploads\/sites\/5\/2020\/10\/fot_Adam-Oleksiak_MNW_9-gotowe-scaled.jpg\",\"width\":2560,\"height\":1003,\"caption\":\"Fot. Adam Oleksiak\/MNW\"},{\"@type\":\"BreadcrumbList\",\"@id\":\"https:\/\/instytutpolski.pl\/duesseldorf\/lernen-sie-polen-kennen\/kultur-in-polen\/museen-in-polen\/nationales-digitalmuseum\/#breadcrumb\",\"itemListElement\":[{\"@type\":\"ListItem\",\"position\":1,\"name\":\"Home\",\"item\":\"https:\/\/instytutpolski.pl\/duesseldorf\/\"},{\"@type\":\"ListItem\",\"position\":2,\"name\":\"Lernen Sie Polen kennen\",\"item\":\"https:\/\/instytutpolski.pl\/duesseldorf\/lernen-sie-polen-kennen\/\"},{\"@type\":\"ListItem\",\"position\":3,\"name\":\"Kultur in Polen\",\"item\":\"https:\/\/instytutpolski.pl\/duesseldorf\/lernen-sie-polen-kennen\/kultur-in-polen\/\"},{\"@type\":\"ListItem\",\"position\":4,\"name\":\"Museen in Polen\",\"item\":\"https:\/\/instytutpolski.pl\/duesseldorf\/lernen-sie-polen-kennen\/kultur-in-polen\/museen-in-polen\/\"},{\"@type\":\"ListItem\",\"position\":5,\"name\":\"Nationales Digitalmuseum\"}]},{\"@type\":\"WebSite\",\"@id\":\"https:\/\/instytutpolski.pl\/duesseldorf\/#website\",\"url\":\"https:\/\/instytutpolski.pl\/duesseldorf\/\",\"name\":\"Instytut Polski w Dusseldorfie\",\"description\":\"Instytuty Polskie\",\"potentialAction\":[{\"@type\":\"SearchAction\",\"target\":{\"@type\":\"EntryPoint\",\"urlTemplate\":\"https:\/\/instytutpolski.pl\/duesseldorf\/?s={search_term_string}\"},\"query-input\":{\"@type\":\"PropertyValueSpecification\",\"valueRequired\":true,\"valueName\":\"search_term_string\"}}],\"inLanguage\":\"pl-PL\"}]}<\/script>\n<!-- \/ Yoast SEO plugin. -->","yoast_head_json":{"title":"Nationales Digitalmuseum - Instytut Polski w Dusseldorfie","robots":{"index":"index","follow":"follow","max-snippet":"max-snippet:-1","max-image-preview":"max-image-preview:large","max-video-preview":"max-video-preview:-1"},"canonical":"https:\/\/instytutpolski.pl\/duesseldorf\/lernen-sie-polen-kennen\/kultur-in-polen\/museen-in-polen\/nationales-digitalmuseum\/","og_locale":"pl_PL","og_type":"article","og_title":"Nationales Digitalmuseum - Instytut Polski w Dusseldorfie","og_description":"Nationales Digitalmuseum pr\u00e4sentiert bis zu 60 Tausend Museumsobjekte von \u00fcber 800 Tausend in der Sammlung des Museums. Es befinden sich hier Meisterwerke der polnischen Malerei, Skulptur und Grafik, alte Wandmalereien aus Faras, die von polnischen Arch\u00e4ologen entdeckt wurden, mittelalterliche und zeitgen\u00f6ssische Kunst. Jeder, unabh\u00e4ngig von seinem Wohnort, kann sich auf einen virtuellen Rundgang durch das [&hellip;]","og_url":"https:\/\/instytutpolski.pl\/duesseldorf\/lernen-sie-polen-kennen\/kultur-in-polen\/museen-in-polen\/nationales-digitalmuseum\/","og_site_name":"Instytut Polski w Dusseldorfie","article_modified_time":"2020-10-29T15:41:22+00:00","og_image":[{"width":2560,"height":1003,"url":"https:\/\/instytutpolski.pl\/duesseldorf\/wp-content\/uploads\/sites\/5\/2020\/10\/fot_Adam-Oleksiak_MNW_9-gotowe-scaled.jpg","type":"image\/jpeg"}],"twitter_card":"summary_large_image","twitter_misc":{"Szacowany czas czytania":"2 minuty"},"schema":{"@context":"https:\/\/schema.org","@graph":[{"@type":"WebPage","@id":"https:\/\/instytutpolski.pl\/duesseldorf\/lernen-sie-polen-kennen\/kultur-in-polen\/museen-in-polen\/nationales-digitalmuseum\/","url":"https:\/\/instytutpolski.pl\/duesseldorf\/lernen-sie-polen-kennen\/kultur-in-polen\/museen-in-polen\/nationales-digitalmuseum\/","name":"Nationales Digitalmuseum - Instytut Polski w Dusseldorfie","isPartOf":{"@id":"https:\/\/instytutpolski.pl\/duesseldorf\/#website"},"primaryImageOfPage":{"@id":"https:\/\/instytutpolski.pl\/duesseldorf\/lernen-sie-polen-kennen\/kultur-in-polen\/museen-in-polen\/nationales-digitalmuseum\/#primaryimage"},"image":{"@id":"https:\/\/instytutpolski.pl\/duesseldorf\/lernen-sie-polen-kennen\/kultur-in-polen\/museen-in-polen\/nationales-digitalmuseum\/#primaryimage"},"thumbnailUrl":"https:\/\/instytutpolski.pl\/duesseldorf\/wp-content\/uploads\/sites\/5\/2020\/10\/fot_Adam-Oleksiak_MNW_9-gotowe-scaled.jpg","datePublished":"2020-10-23T08:05:37+00:00","dateModified":"2020-10-29T15:41:22+00:00","breadcrumb":{"@id":"https:\/\/instytutpolski.pl\/duesseldorf\/lernen-sie-polen-kennen\/kultur-in-polen\/museen-in-polen\/nationales-digitalmuseum\/#breadcrumb"},"inLanguage":"pl-PL","potentialAction":[{"@type":"ReadAction","target":["https:\/\/instytutpolski.pl\/duesseldorf\/lernen-sie-polen-kennen\/kultur-in-polen\/museen-in-polen\/nationales-digitalmuseum\/"]}]},{"@type":"ImageObject","inLanguage":"pl-PL","@id":"https:\/\/instytutpolski.pl\/duesseldorf\/lernen-sie-polen-kennen\/kultur-in-polen\/museen-in-polen\/nationales-digitalmuseum\/#primaryimage","url":"https:\/\/instytutpolski.pl\/duesseldorf\/wp-content\/uploads\/sites\/5\/2020\/10\/fot_Adam-Oleksiak_MNW_9-gotowe-scaled.jpg","contentUrl":"https:\/\/instytutpolski.pl\/duesseldorf\/wp-content\/uploads\/sites\/5\/2020\/10\/fot_Adam-Oleksiak_MNW_9-gotowe-scaled.jpg","width":2560,"height":1003,"caption":"Fot. Adam Oleksiak\/MNW"},{"@type":"BreadcrumbList","@id":"https:\/\/instytutpolski.pl\/duesseldorf\/lernen-sie-polen-kennen\/kultur-in-polen\/museen-in-polen\/nationales-digitalmuseum\/#breadcrumb","itemListElement":[{"@type":"ListItem","position":1,"name":"Home","item":"https:\/\/instytutpolski.pl\/duesseldorf\/"},{"@type":"ListItem","position":2,"name":"Lernen Sie Polen kennen","item":"https:\/\/instytutpolski.pl\/duesseldorf\/lernen-sie-polen-kennen\/"},{"@type":"ListItem","position":3,"name":"Kultur in Polen","item":"https:\/\/instytutpolski.pl\/duesseldorf\/lernen-sie-polen-kennen\/kultur-in-polen\/"},{"@type":"ListItem","position":4,"name":"Museen in Polen","item":"https:\/\/instytutpolski.pl\/duesseldorf\/lernen-sie-polen-kennen\/kultur-in-polen\/museen-in-polen\/"},{"@type":"ListItem","position":5,"name":"Nationales Digitalmuseum"}]},{"@type":"WebSite","@id":"https:\/\/instytutpolski.pl\/duesseldorf\/#website","url":"https:\/\/instytutpolski.pl\/duesseldorf\/","name":"Instytut Polski w Dusseldorfie","description":"Instytuty Polskie","potentialAction":[{"@type":"SearchAction","target":{"@type":"EntryPoint","urlTemplate":"https:\/\/instytutpolski.pl\/duesseldorf\/?s={search_term_string}"},"query-input":{"@type":"PropertyValueSpecification","valueRequired":true,"valueName":"search_term_string"}}],"inLanguage":"pl-PL"}]}},"_links":{"self":[{"href":"https:\/\/instytutpolski.pl\/duesseldorf\/wp-json\/wp\/v2\/pages\/3378","targetHints":{"allow":["GET"]}}],"collection":[{"href":"https:\/\/instytutpolski.pl\/duesseldorf\/wp-json\/wp\/v2\/pages"}],"about":[{"href":"https:\/\/instytutpolski.pl\/duesseldorf\/wp-json\/wp\/v2\/types\/page"}],"author":[{"embeddable":true,"href":"https:\/\/instytutpolski.pl\/duesseldorf\/wp-json\/wp\/v2\/users\/103"}],"replies":[{"embeddable":true,"href":"https:\/\/instytutpolski.pl\/duesseldorf\/wp-json\/wp\/v2\/comments?post=3378"}],"version-history":[{"count":6,"href":"https:\/\/instytutpolski.pl\/duesseldorf\/wp-json\/wp\/v2\/pages\/3378\/revisions"}],"predecessor-version":[{"id":3403,"href":"https:\/\/instytutpolski.pl\/duesseldorf\/wp-json\/wp\/v2\/pages\/3378\/revisions\/3403"}],"up":[{"embeddable":true,"href":"https:\/\/instytutpolski.pl\/duesseldorf\/wp-json\/wp\/v2\/pages\/3323"}],"wp:featuredmedia":[{"embeddable":true,"href":"https:\/\/instytutpolski.pl\/duesseldorf\/wp-json\/wp\/v2\/media\/3309"}],"wp:attachment":[{"href":"https:\/\/instytutpolski.pl\/duesseldorf\/wp-json\/wp\/v2\/media?parent=3378"}],"curies":[{"name":"wp","href":"https:\/\/api.w.org\/{rel}","templated":true}]}}