{"id":380,"date":"2019-06-03T15:23:35","date_gmt":"2019-06-03T13:23:35","guid":{"rendered":"https:\/\/instytutpolski.pl\/dusseldorf\/?page_id=380"},"modified":"2021-02-10T15:33:22","modified_gmt":"2021-02-10T14:33:22","slug":"rodo","status":"publish","type":"page","link":"https:\/\/instytutpolski.pl\/duesseldorf\/rodo\/","title":{"rendered":"RODO"},"content":{"rendered":"\n<p style=\"font-weight: 400;\"><strong>Information \u00fcber die Verarbeitung personenbezogener Daten der Abonnenten des Newsletters des Polnischen Instituts Dusseldorf<\/strong><\/p>\n<p style=\"font-weight: 400;\">Diese Information dient der Umsetzung der Verpflichtungen gem\u00e4\u00df Artikel 13 der\u00a0Grundverordnung 2016\/679 des Europ\u00e4ischen Parlaments und des Rates vom 27.04.2019 zum Schutz nat\u00fcrlicher Personen bei der Verarbeitung personenbezogener Daten, zum freien Datenverkehr und zur Aufhebung der Richtlinie 95\/46\/EG (DSGVO).<\/p>\n<ol>\n<li style=\"font-weight: 400;\">Administrator Ihrer personenbezogenen Daten ist, im Sinne von Artikel 4 Punkt 7 des DSGVO, der Minister f\u00fcr Ausw\u00e4rtige Angelegenheiten der Republik Polen mit Sitz in Polen, Warschau, Al. J. Ch. Szucha 23. Der die Pflichten aus\u00fcbende Administrator ist der Direktor des Polnischen Instituts Dusseldorf.<\/li>\n<li style=\"font-weight: 400;\">F\u00fcr das Ministerium f\u00fcr Ausw\u00e4rtige Angelegenheiten der Republik Polen und seine Dienststellen im Ausland wurde ein Inspektor f\u00fcr Datenschutz (IOD) berufen.<br \/>IOD-Kontaktdaten: <span style=\"font-size: inherit;\">Adresse:<br \/>Al. J. Ch. Szucha 23, 00-580 Warszawa <br \/><\/span><span style=\"font-size: inherit;\">E-Mail:\u00a0<\/span><a style=\"font-size: inherit;\" href=\"mailto:iod@msz.gov.pl\">iod@msz.gov.pl<\/a><\/li>\n<\/ol>\n<ol start=\"3\">\n<li style=\"font-weight: 400;\">Die Daten werden verarbeitet auf Grundlage von Artikel 6 Punkt 1 der DSGVO \u2013 mit Zustimmung der Person, welche diese Daten betreffen, um mithilfe von Newslettern Informationen \u00fcber das Programm und die Aktivit\u00e4ten des Polnischen Instituts Dusseldorf zu informieren. Die \u00dcbermittlung dieser Daten erfolgt freiwillig, ist aber f\u00fcr den Empfang von Newslettern zwingend notwendig.<\/li>\n<li style=\"font-weight: 400;\">Die Daten unterliegen dem Schutz auf der Grundlage der Verordnungen des DSGVO und d\u00fcrfen dritten Personen nicht zug\u00e4nglich gemacht werden, die keine Berechtigung zum Zugang zu diesen Daten haben.<\/li>\n<li style=\"font-weight: 400;\">Die Daten werden weder an dritte L\u00e4nder noch an internationale Organisationen weitergegeben.<\/li>\n<li style=\"font-weight: 400;\">Zugang zu den Daten haben ausschlie\u00dflich die dazu berechtigten Mitarbeiter des Polnischen Instituts in Dusseldorf.<\/li>\n<li style=\"font-weight: 400;\">Die Daten werden solange verarbeitet, bis die Person, welche die Daten betreffen, ihre Zustimmung zur weiteren Verarbeitung widerruft. Die Zustimmung kann in jedem Moment durch Nutzung der entsprechenden Widerrufsmechanismen, die in der Fu\u00dfzeile jedes Newsletters enthalten sind, oder durch eine entsprechende Nachricht an die Adresse Citadellstra\u00dfe 7 D-40213 D\u00fcsseldorf, widerrufen werden.<\/li>\n<li style=\"font-weight: 400;\">Die Person, welche die Daten betreffen, hat gem\u00e4\u00df Artikel 15 \u2013 20 des DSGVO das Recht darauf, ihre Daten zu \u00fcberpr\u00fcfen, im Speziellen hat sie das Recht auf Zugang zum Inhalt der eigenen Daten und ihre Korrektur, L\u00f6schung oder die Begrenzung ihrer Verarbeitung.<\/li>\n<li style=\"font-weight: 400;\">Die Daten werden weder automatisiert verarbeitet noch zur Erstellung von Profilen verwendet.<\/li>\n<li style=\"font-weight: 400;\">Im Fall eines Versto\u00dfes gegen die Verordnung zur Verarbeitung Ihrer personenbezogenen Daten haben Sie das Recht, eine Klage beim zust\u00e4ndigen Aufsichtsorgan unter folgender Adresse einzureichen:<br \/>Urz\u0105d Ochrony Danych Osobowych<br \/>ul. Stawki 2 <br \/>00-193 Warszawa<\/li>\n<\/ol>\n","protected":false},"excerpt":{"rendered":"<p>Information \u00fcber die Verarbeitung personenbezogener Daten der Abonnenten des Newsletters des Polnischen Instituts Dusseldorf Diese Information dient der Umsetzung der Verpflichtungen gem\u00e4\u00df Artikel 13 der\u00a0Grundverordnung 2016\/679 des Europ\u00e4ischen Parlaments und des Rates vom 27.04.2019 zum Schutz nat\u00fcrlicher Personen bei der Verarbeitung personenbezogener Daten, zum freien Datenverkehr und zur Aufhebung der Richtlinie 95\/46\/EG (DSGVO). Administrator Ihrer [&hellip;]<\/p>\n","protected":false},"author":1,"featured_media":3804,"parent":0,"menu_order":0,"comment_status":"closed","ping_status":"closed","template":"","meta":{"inline_featured_image":false,"_monsterinsights_skip_tracking":false,"_monsterinsights_sitenote_active":false,"_monsterinsights_sitenote_note":"","_monsterinsights_sitenote_category":0,"footnotes":""},"class_list":["post-380","page","type-page","status-publish","has-post-thumbnail","hentry"],"yoast_head":"<!-- This site is optimized with the Yoast SEO plugin v24.6 - https:\/\/yoast.com\/wordpress\/plugins\/seo\/ -->\n<title>RODO - Instytut Polski w Dusseldorfie<\/title>\n<meta name=\"robots\" content=\"index, follow, max-snippet:-1, max-image-preview:large, max-video-preview:-1\" \/>\n<link rel=\"canonical\" href=\"https:\/\/instytutpolski.pl\/duesseldorf\/rodo\/\" \/>\n<meta property=\"og:locale\" content=\"pl_PL\" \/>\n<meta property=\"og:type\" content=\"article\" \/>\n<meta property=\"og:title\" content=\"RODO - Instytut Polski w Dusseldorfie\" \/>\n<meta property=\"og:description\" content=\"Information \u00fcber die Verarbeitung personenbezogener Daten der Abonnenten des Newsletters des Polnischen Instituts Dusseldorf Diese Information dient der Umsetzung der Verpflichtungen gem\u00e4\u00df Artikel 13 der\u00a0Grundverordnung 2016\/679 des Europ\u00e4ischen Parlaments und des Rates vom 27.04.2019 zum Schutz nat\u00fcrlicher Personen bei der Verarbeitung personenbezogener Daten, zum freien Datenverkehr und zur Aufhebung der Richtlinie 95\/46\/EG (DSGVO). Administrator Ihrer [&hellip;]\" \/>\n<meta property=\"og:url\" content=\"https:\/\/instytutpolski.pl\/duesseldorf\/rodo\/\" \/>\n<meta property=\"og:site_name\" content=\"Instytut Polski w Dusseldorfie\" \/>\n<meta property=\"article:modified_time\" content=\"2021-02-10T14:33:22+00:00\" \/>\n<meta property=\"og:image\" content=\"https:\/\/instytutpolski.pl\/duesseldorf\/wp-content\/uploads\/sites\/5\/2021\/02\/newsletter-foto.jpg\" \/>\n\t<meta property=\"og:image:width\" content=\"2048\" \/>\n\t<meta property=\"og:image:height\" content=\"1365\" \/>\n\t<meta property=\"og:image:type\" content=\"image\/jpeg\" \/>\n<meta name=\"twitter:card\" content=\"summary_large_image\" \/>\n<meta name=\"twitter:label1\" content=\"Szacowany czas czytania\" \/>\n\t<meta name=\"twitter:data1\" content=\"2 minuty\" \/>\n<script type=\"application\/ld+json\" class=\"yoast-schema-graph\">{\"@context\":\"https:\/\/schema.org\",\"@graph\":[{\"@type\":\"WebPage\",\"@id\":\"https:\/\/instytutpolski.pl\/duesseldorf\/rodo\/\",\"url\":\"https:\/\/instytutpolski.pl\/duesseldorf\/rodo\/\",\"name\":\"RODO - Instytut Polski w Dusseldorfie\",\"isPartOf\":{\"@id\":\"https:\/\/instytutpolski.pl\/duesseldorf\/#website\"},\"primaryImageOfPage\":{\"@id\":\"https:\/\/instytutpolski.pl\/duesseldorf\/rodo\/#primaryimage\"},\"image\":{\"@id\":\"https:\/\/instytutpolski.pl\/duesseldorf\/rodo\/#primaryimage\"},\"thumbnailUrl\":\"https:\/\/instytutpolski.pl\/duesseldorf\/wp-content\/uploads\/sites\/5\/2021\/02\/newsletter-foto.jpg\",\"datePublished\":\"2019-06-03T13:23:35+00:00\",\"dateModified\":\"2021-02-10T14:33:22+00:00\",\"breadcrumb\":{\"@id\":\"https:\/\/instytutpolski.pl\/duesseldorf\/rodo\/#breadcrumb\"},\"inLanguage\":\"pl-PL\",\"potentialAction\":[{\"@type\":\"ReadAction\",\"target\":[\"https:\/\/instytutpolski.pl\/duesseldorf\/rodo\/\"]}]},{\"@type\":\"ImageObject\",\"inLanguage\":\"pl-PL\",\"@id\":\"https:\/\/instytutpolski.pl\/duesseldorf\/rodo\/#primaryimage\",\"url\":\"https:\/\/instytutpolski.pl\/duesseldorf\/wp-content\/uploads\/sites\/5\/2021\/02\/newsletter-foto.jpg\",\"contentUrl\":\"https:\/\/instytutpolski.pl\/duesseldorf\/wp-content\/uploads\/sites\/5\/2021\/02\/newsletter-foto.jpg\",\"width\":2048,\"height\":1365},{\"@type\":\"BreadcrumbList\",\"@id\":\"https:\/\/instytutpolski.pl\/duesseldorf\/rodo\/#breadcrumb\",\"itemListElement\":[{\"@type\":\"ListItem\",\"position\":1,\"name\":\"Home\",\"item\":\"https:\/\/instytutpolski.pl\/duesseldorf\/\"},{\"@type\":\"ListItem\",\"position\":2,\"name\":\"RODO\"}]},{\"@type\":\"WebSite\",\"@id\":\"https:\/\/instytutpolski.pl\/duesseldorf\/#website\",\"url\":\"https:\/\/instytutpolski.pl\/duesseldorf\/\",\"name\":\"Instytut Polski w Dusseldorfie\",\"description\":\"Instytuty Polskie\",\"potentialAction\":[{\"@type\":\"SearchAction\",\"target\":{\"@type\":\"EntryPoint\",\"urlTemplate\":\"https:\/\/instytutpolski.pl\/duesseldorf\/?s={search_term_string}\"},\"query-input\":{\"@type\":\"PropertyValueSpecification\",\"valueRequired\":true,\"valueName\":\"search_term_string\"}}],\"inLanguage\":\"pl-PL\"}]}<\/script>\n<!-- \/ Yoast SEO plugin. -->","yoast_head_json":{"title":"RODO - Instytut Polski w Dusseldorfie","robots":{"index":"index","follow":"follow","max-snippet":"max-snippet:-1","max-image-preview":"max-image-preview:large","max-video-preview":"max-video-preview:-1"},"canonical":"https:\/\/instytutpolski.pl\/duesseldorf\/rodo\/","og_locale":"pl_PL","og_type":"article","og_title":"RODO - Instytut Polski w Dusseldorfie","og_description":"Information \u00fcber die Verarbeitung personenbezogener Daten der Abonnenten des Newsletters des Polnischen Instituts Dusseldorf Diese Information dient der Umsetzung der Verpflichtungen gem\u00e4\u00df Artikel 13 der\u00a0Grundverordnung 2016\/679 des Europ\u00e4ischen Parlaments und des Rates vom 27.04.2019 zum Schutz nat\u00fcrlicher Personen bei der Verarbeitung personenbezogener Daten, zum freien Datenverkehr und zur Aufhebung der Richtlinie 95\/46\/EG (DSGVO). Administrator Ihrer [&hellip;]","og_url":"https:\/\/instytutpolski.pl\/duesseldorf\/rodo\/","og_site_name":"Instytut Polski w Dusseldorfie","article_modified_time":"2021-02-10T14:33:22+00:00","og_image":[{"width":2048,"height":1365,"url":"https:\/\/instytutpolski.pl\/duesseldorf\/wp-content\/uploads\/sites\/5\/2021\/02\/newsletter-foto.jpg","type":"image\/jpeg"}],"twitter_card":"summary_large_image","twitter_misc":{"Szacowany czas czytania":"2 minuty"},"schema":{"@context":"https:\/\/schema.org","@graph":[{"@type":"WebPage","@id":"https:\/\/instytutpolski.pl\/duesseldorf\/rodo\/","url":"https:\/\/instytutpolski.pl\/duesseldorf\/rodo\/","name":"RODO - Instytut Polski w Dusseldorfie","isPartOf":{"@id":"https:\/\/instytutpolski.pl\/duesseldorf\/#website"},"primaryImageOfPage":{"@id":"https:\/\/instytutpolski.pl\/duesseldorf\/rodo\/#primaryimage"},"image":{"@id":"https:\/\/instytutpolski.pl\/duesseldorf\/rodo\/#primaryimage"},"thumbnailUrl":"https:\/\/instytutpolski.pl\/duesseldorf\/wp-content\/uploads\/sites\/5\/2021\/02\/newsletter-foto.jpg","datePublished":"2019-06-03T13:23:35+00:00","dateModified":"2021-02-10T14:33:22+00:00","breadcrumb":{"@id":"https:\/\/instytutpolski.pl\/duesseldorf\/rodo\/#breadcrumb"},"inLanguage":"pl-PL","potentialAction":[{"@type":"ReadAction","target":["https:\/\/instytutpolski.pl\/duesseldorf\/rodo\/"]}]},{"@type":"ImageObject","inLanguage":"pl-PL","@id":"https:\/\/instytutpolski.pl\/duesseldorf\/rodo\/#primaryimage","url":"https:\/\/instytutpolski.pl\/duesseldorf\/wp-content\/uploads\/sites\/5\/2021\/02\/newsletter-foto.jpg","contentUrl":"https:\/\/instytutpolski.pl\/duesseldorf\/wp-content\/uploads\/sites\/5\/2021\/02\/newsletter-foto.jpg","width":2048,"height":1365},{"@type":"BreadcrumbList","@id":"https:\/\/instytutpolski.pl\/duesseldorf\/rodo\/#breadcrumb","itemListElement":[{"@type":"ListItem","position":1,"name":"Home","item":"https:\/\/instytutpolski.pl\/duesseldorf\/"},{"@type":"ListItem","position":2,"name":"RODO"}]},{"@type":"WebSite","@id":"https:\/\/instytutpolski.pl\/duesseldorf\/#website","url":"https:\/\/instytutpolski.pl\/duesseldorf\/","name":"Instytut Polski w Dusseldorfie","description":"Instytuty Polskie","potentialAction":[{"@type":"SearchAction","target":{"@type":"EntryPoint","urlTemplate":"https:\/\/instytutpolski.pl\/duesseldorf\/?s={search_term_string}"},"query-input":{"@type":"PropertyValueSpecification","valueRequired":true,"valueName":"search_term_string"}}],"inLanguage":"pl-PL"}]}},"_links":{"self":[{"href":"https:\/\/instytutpolski.pl\/duesseldorf\/wp-json\/wp\/v2\/pages\/380","targetHints":{"allow":["GET"]}}],"collection":[{"href":"https:\/\/instytutpolski.pl\/duesseldorf\/wp-json\/wp\/v2\/pages"}],"about":[{"href":"https:\/\/instytutpolski.pl\/duesseldorf\/wp-json\/wp\/v2\/types\/page"}],"author":[{"embeddable":true,"href":"https:\/\/instytutpolski.pl\/duesseldorf\/wp-json\/wp\/v2\/users\/1"}],"replies":[{"embeddable":true,"href":"https:\/\/instytutpolski.pl\/duesseldorf\/wp-json\/wp\/v2\/comments?post=380"}],"version-history":[{"count":3,"href":"https:\/\/instytutpolski.pl\/duesseldorf\/wp-json\/wp\/v2\/pages\/380\/revisions"}],"predecessor-version":[{"id":3806,"href":"https:\/\/instytutpolski.pl\/duesseldorf\/wp-json\/wp\/v2\/pages\/380\/revisions\/3806"}],"wp:featuredmedia":[{"embeddable":true,"href":"https:\/\/instytutpolski.pl\/duesseldorf\/wp-json\/wp\/v2\/media\/3804"}],"wp:attachment":[{"href":"https:\/\/instytutpolski.pl\/duesseldorf\/wp-json\/wp\/v2\/media?parent=380"}],"curies":[{"name":"wp","href":"https:\/\/api.w.org\/{rel}","templated":true}]}}