{"id":399,"date":"2019-06-25T12:00:24","date_gmt":"2019-06-25T10:00:24","guid":{"rendered":"https:\/\/instytutpolski.pl\/dusseldorf\/?page_id=399"},"modified":"2020-06-05T12:59:40","modified_gmt":"2020-06-05T10:59:40","slug":"uber-polen","status":"publish","type":"page","link":"https:\/\/instytutpolski.pl\/duesseldorf\/lernen-sie-polen-kennen\/uber-polen\/","title":{"rendered":"\u00dcber Polen"},"content":{"rendered":"\n<h5 class=\"wp-block-heading\"><strong>Panorama Polens &#8211;&nbsp;Offizielle Website f\u00fcr die Pr\u00e4sentation Polens <\/strong><a href=\"http:\/\/www.poland.gov.pl\/\">www.poland.gov.pl<\/a><\/h5>\n\n\n\n<h5>Polnische Touristische Organisation (POT)&nbsp;<a href=\"http:\/\/www.pot.gov.pl\/en\">http:\/\/www.pot.gov.pl\/en<\/a><\/h5>\n\n\n\n<h5>Polnisches Fremdenverkehrsamt Berlin <a href=\"http:\/\/www.polen.travel\/de\">www.polen.travel\/de<\/a><\/h5>\n\n\n\n<h5>Krakau. Die weltoffene Stadt&nbsp;<a href=\"http:\/\/krakow.pl\/otwarty_na_swiat_de\">krakow.pl\/otwarty_na_swiat_de<\/a><\/h5>\n\n\n\n<h5>Deutsch-polnische Industrie- und Handelskammer&nbsp;<a href=\"http:\/\/www.ahk.pl\/\">www.ahk.pl<\/a><\/h5>\n\n\n\n<h5>Polnische Agentur f\u00fcr Information und Auslandsinvestitionen AG <a href=\"http:\/\/www.paih.gov.pl\/en\">http:\/\/www.paih.gov.pl\/en<\/a>&nbsp;<\/h5>\n\n\n\n<h5>Masuren &#8211; Wunder der Natur&nbsp;<a href=\"http:\/\/www.mazurycudnatury.org\/\">www.mazurycudnatury.org<\/a><\/h5>\n\n\n\n\n\n<div class=\"wp-block-group\"><div class=\"wp-block-group__inner-container is-layout-flow wp-block-group-is-layout-flow\">\n<h3><strong>GESCHICHTE \/ HISTORIA<\/strong><\/h3>\n<\/div><\/div>\n\n\n\n<div class=\"wp-block-columns has-2-columns\">\n<div class=\"wp-block-column\">\n<p><a href=\"http:\/\/www.ipn.gov.pl\/\"><strong>Institut f\u00fcr Nationales Gedenken \/ Instytut Pami\u0119ci Narodowej (IPN)<\/strong><\/a><\/p>\n<p>Institut f\u00fcr Nationales Gedenken \u2013 Die Kommission zur Strafverfolgung von Verbrechen gegen das polnische Volk ist eine wissenschaftliche Institution mit Berechtigungen zur Durchf\u00fchrung von Ermittlungen. Die Hauptaufgaben des IPN sind die Sammlung und Verwaltung von Dokumenten der Sicherheitsorgane des Staates, die in der Zeit zwischen 22. Juli 1944 und 31. Dezember 1989 erstellt wurden, die Verfolgung von nationalsozialistischen und kommunistischen Verbrechen sowie eine inhaltlich sehr breit angelegte Bildungs- und Forschungst\u00e4tigkeit.<\/p>\n<p>Das Portal ist in polnischer und englischer Version verf\u00fcgbar.<\/p>\n<\/div>\n<\/div>\n<div class=\"wp-block-columns has-2-columns\">\n<div class=\"wp-block-column\">\n<div class=\"wp-block-image\">\n<figure class=\"aligncenter\"><img decoding=\"async\" class=\"wp-image-516 img-fluid\" src=\"https:\/\/instytutpolski.pl\/wieden\/wp-content\/uploads\/sites\/2\/2019\/05\/ecs_subpage.jpg\" alt=\"\" \/><\/figure>\n<\/div>\n<\/div>\n<div class=\"wp-block-column\">\n<p><a href=\"http:\/\/www.ecs.gda.pl\/\" target=\"_blank\" rel=\"noopener noreferrer\"><strong>Europ\u00e4isches Solidarit\u00e4tszentrum \/ Europejskie Centrum Solidarno\u015bci<\/strong><\/a><\/p>\n<p>Das Europ\u00e4ische Solidarno\u015b\u0107-Zentrum ist eine Institution, die Wissenschafts-, Kultur- und Weiterbildungst\u00e4tigkeiten mit einem modernen Museum und einem Archiv, das Aktivit\u00e4ten der Demokratie- und Befreiungsbewegungen in der j\u00fcngsten Geschichte Polens und Europas dokumentiert, verbindet.<\/p>\n<p>Das Portal ist in polnischer, englischer, deutscher und russischer Version verf\u00fcgbar.<\/p>\n<\/div>\n<\/div>\n<div class=\"wp-block-columns has-2-columns\">\n<div class=\"wp-block-column\">\n<div class=\"wp-block-image\">\n<figure class=\"aligncenter\"><img decoding=\"async\" class=\"wp-image-514 img-fluid\" src=\"https:\/\/instytutpolski.pl\/wieden\/wp-content\/uploads\/sites\/2\/2019\/05\/solidarnosc_subpage.jpg\" alt=\"\" \/><\/figure>\n<\/div>\n<\/div>\n<div class=\"wp-block-column\">\n<p><strong>Portal\u00a0<a href=\"http:\/\/www.solidarnosc.gov.pl\/\" target=\"_blank\" rel=\"noopener noreferrer\">www.solidarnosc.gov.pl<\/a><\/strong><\/p>\n<p>Das Portal stellt die Unabh\u00e4ngige Selbstverwaltete Gewerkschaft \u201eSolidarno\u015b\u0107\u201c vor und zeigt ihre Rolle in der j\u00fcngsten Geschichte Europas.<\/p>\n<p>Das Portal ist in polnischer, englischer, deutscher, russischer, spanischer und franz\u00f6sischer Version verf\u00fcgbar.<\/p>\n<\/div>\n<\/div>\n<div class=\"wp-block-columns has-2-columns\">\n<div class=\"wp-block-column\">\n<div class=\"wp-block-image\">\n<figure class=\"aligncenter\"><img decoding=\"async\" class=\"wp-image-512 img-fluid\" src=\"https:\/\/instytutpolski.pl\/wieden\/wp-content\/uploads\/sites\/2\/2019\/05\/karta_subpage.jpg\" alt=\"\" \/><\/figure>\n<\/div>\n<\/div>\n<div class=\"wp-block-column\">\n<p><strong><a href=\"http:\/\/www.karta.org.pl\/\" target=\"_blank\" rel=\"noopener noreferrer\">Charta-Zentrum \/ O\u015brodek Karta<\/a><\/strong><\/p>\n<p>Die unabh\u00e4ngige Nichtregierungsorganisation befasst sich mit dem Dokumentieren und Vermitteln der j\u00fcngsten Geschichte Polens und Ostmitteleuropas (von den Anf\u00e4ngen des 20. Jahrhunderts bis zum Jahr 1989) und f\u00f6rdert die Verbreitung von Toleranz und Demokratie.<\/p>\n<p>Das Portal ist in polnischer Version verf\u00fcgbar.<\/p>\n<\/div>\n<\/div>\n<div class=\"wp-block-columns has-2-columns\">\n<div class=\"wp-block-column\">\n<div class=\"wp-block-image\">\n<figure class=\"aligncenter\"><img decoding=\"async\" class=\"wp-image-513 img-fluid\" src=\"https:\/\/instytutpolski.pl\/wieden\/wp-content\/uploads\/sites\/2\/2019\/05\/logo_archiwa.jpg\" alt=\"\" \/><\/figure>\n<\/div>\n<\/div>\n<div class=\"wp-block-column\">\n<p><strong>Portal\u00a0<\/strong><a href=\"http:\/\/www.archiwa.gov.pl\/\" target=\"_blank\" rel=\"noopener noreferrer\"><strong>www.archiwa.gov.pl<\/strong><\/a><\/p>\n<p>Dieses Portal enth\u00e4lt umfangreiche Informationen \u00fcber die Vergangenheit Polens sowie eine Datenbank. Zudem stellt es Informationen \u00fcber wissenschaftliche Ausstellungen und Ver\u00f6ffentlichungen zur allgemeinen Verf\u00fcgung.<\/p>\n<p>Das Portal ist in polnischer und englischer Version verf\u00fcgbar.<\/p>\n<\/div>\n<\/div>\n<div class=\"wp-block-columns has-2-columns\">\n<div class=\"wp-block-column\">\n<div class=\"wp-block-image\">\n<figure class=\"aligncenter\"><img decoding=\"async\" class=\"wp-image-515 img-fluid\" src=\"https:\/\/instytutpolski.pl\/wieden\/wp-content\/uploads\/sites\/2\/2019\/05\/dzieje_logo.jpg\" alt=\"\" \/><\/figure>\n<\/div>\n<\/div>\n<div class=\"wp-block-column\">\n<p><strong>Portal\u00a0<\/strong><a href=\"http:\/\/www.dzieje.pl\/\" target=\"_blank\" rel=\"noopener noreferrer\"><strong>www.dzieje.pl<\/strong><\/a><\/p>\n<p>Das Portal \u201edzieje.pl\u201c beinhaltet aktuelle Informationen \u00fcber die polnische Geschichte und neueste historische Forschungsergebnisse. Es enth\u00e4lt zudem einen umfangreichen Bereich \u00fcber die Republik Polen im 20. Jahrhundert.<\/p>\n<p>Das Portal ist in polnischer Version verf\u00fcgbar.<\/p>\n<\/div>\n<\/div>\n<div class=\"wp-block-columns has-2-columns\">\n<div class=\"wp-block-column\">\n<figure class=\"wp-block-image\"><img class=\"img-fluid\" alt=\"\" \/><\/figure>\n<\/div>\n<div class=\"wp-block-column\">\n<p><strong>Portal\u00a0<a href=\"http:\/\/www.1920wojna.pl\/\" target=\"_blank\" rel=\"noopener noreferrer\">www.1920wojna.pl<\/a><\/strong><\/p>\n<p>Dieses Portal ist dem Polnisch-Sowjetischen Krieg 1920 gewidmet, im Zuge dessen Polen die Ausbreitung der Bolschewiken nach Europa aufgehalten hat.<\/p>\n<p>Das Portal ist in polnischer, russischer und englischer Version verf\u00fcgbar.<\/p>\n<\/div>\n<\/div>\n","protected":false},"excerpt":{"rendered":"<p>Panorama Polens &#8211;&nbsp;Offizielle Website f\u00fcr die Pr\u00e4sentation Polens www.poland.gov.pl Polnische Touristische Organisation (POT)&nbsp;http:\/\/www.pot.gov.pl\/en Polnisches Fremdenverkehrsamt Berlin www.polen.travel\/de Krakau. Die weltoffene Stadt&nbsp;krakow.pl\/otwarty_na_swiat_de Deutsch-polnische Industrie- und Handelskammer&nbsp;www.ahk.pl Polnische Agentur f\u00fcr Information und Auslandsinvestitionen AG http:\/\/www.paih.gov.pl\/en&nbsp; Masuren &#8211; Wunder der Natur&nbsp;www.mazurycudnatury.org GESCHICHTE \/ HISTORIA Institut f\u00fcr Nationales Gedenken \/ Instytut Pami\u0119ci Narodowej (IPN) Institut f\u00fcr Nationales Gedenken \u2013 [&hellip;]<\/p>\n","protected":false},"author":1,"featured_media":401,"parent":397,"menu_order":0,"comment_status":"closed","ping_status":"closed","template":"","meta":{"inline_featured_image":false,"_monsterinsights_skip_tracking":false,"_monsterinsights_sitenote_active":false,"_monsterinsights_sitenote_note":"","_monsterinsights_sitenote_category":0,"footnotes":""},"class_list":["post-399","page","type-page","status-publish","has-post-thumbnail","hentry"],"yoast_head":"<!-- This site is optimized with the Yoast SEO plugin v24.6 - https:\/\/yoast.com\/wordpress\/plugins\/seo\/ -->\n<title>\u00dcber Polen - Instytut Polski w Dusseldorfie<\/title>\n<meta name=\"robots\" content=\"index, follow, max-snippet:-1, max-image-preview:large, max-video-preview:-1\" \/>\n<link rel=\"canonical\" href=\"https:\/\/instytutpolski.pl\/duesseldorf\/lernen-sie-polen-kennen\/uber-polen\/\" \/>\n<meta property=\"og:locale\" content=\"pl_PL\" \/>\n<meta property=\"og:type\" content=\"article\" \/>\n<meta property=\"og:title\" content=\"\u00dcber Polen - Instytut Polski w Dusseldorfie\" \/>\n<meta property=\"og:description\" content=\"Panorama Polens &#8211;&nbsp;Offizielle Website f\u00fcr die Pr\u00e4sentation Polens www.poland.gov.pl Polnische Touristische Organisation (POT)&nbsp;http:\/\/www.pot.gov.pl\/en Polnisches Fremdenverkehrsamt Berlin www.polen.travel\/de Krakau. Die weltoffene Stadt&nbsp;krakow.pl\/otwarty_na_swiat_de Deutsch-polnische Industrie- und Handelskammer&nbsp;www.ahk.pl Polnische Agentur f\u00fcr Information und Auslandsinvestitionen AG http:\/\/www.paih.gov.pl\/en&nbsp; Masuren &#8211; Wunder der Natur&nbsp;www.mazurycudnatury.org GESCHICHTE \/ HISTORIA Institut f\u00fcr Nationales Gedenken \/ Instytut Pami\u0119ci Narodowej (IPN) Institut f\u00fcr Nationales Gedenken \u2013 [&hellip;]\" \/>\n<meta property=\"og:url\" content=\"https:\/\/instytutpolski.pl\/duesseldorf\/lernen-sie-polen-kennen\/uber-polen\/\" \/>\n<meta property=\"og:site_name\" content=\"Instytut Polski w Dusseldorfie\" \/>\n<meta property=\"article:modified_time\" content=\"2020-06-05T10:59:40+00:00\" \/>\n<meta property=\"og:image\" content=\"https:\/\/instytutpolski.pl\/duesseldorf\/wp-content\/uploads\/sites\/5\/2019\/06\/o-polsce.jpg\" \/>\n\t<meta property=\"og:image:width\" content=\"1920\" \/>\n\t<meta property=\"og:image:height\" content=\"700\" \/>\n\t<meta property=\"og:image:type\" content=\"image\/jpeg\" \/>\n<meta name=\"twitter:card\" content=\"summary_large_image\" \/>\n<meta name=\"twitter:label1\" content=\"Szacowany czas czytania\" \/>\n\t<meta name=\"twitter:data1\" content=\"2 minuty\" \/>\n<script type=\"application\/ld+json\" class=\"yoast-schema-graph\">{\"@context\":\"https:\/\/schema.org\",\"@graph\":[{\"@type\":\"WebPage\",\"@id\":\"https:\/\/instytutpolski.pl\/duesseldorf\/lernen-sie-polen-kennen\/uber-polen\/\",\"url\":\"https:\/\/instytutpolski.pl\/duesseldorf\/lernen-sie-polen-kennen\/uber-polen\/\",\"name\":\"\u00dcber Polen - Instytut Polski w Dusseldorfie\",\"isPartOf\":{\"@id\":\"https:\/\/instytutpolski.pl\/duesseldorf\/#website\"},\"primaryImageOfPage\":{\"@id\":\"https:\/\/instytutpolski.pl\/duesseldorf\/lernen-sie-polen-kennen\/uber-polen\/#primaryimage\"},\"image\":{\"@id\":\"https:\/\/instytutpolski.pl\/duesseldorf\/lernen-sie-polen-kennen\/uber-polen\/#primaryimage\"},\"thumbnailUrl\":\"https:\/\/instytutpolski.pl\/duesseldorf\/wp-content\/uploads\/sites\/5\/2019\/06\/o-polsce.jpg\",\"datePublished\":\"2019-06-25T10:00:24+00:00\",\"dateModified\":\"2020-06-05T10:59:40+00:00\",\"breadcrumb\":{\"@id\":\"https:\/\/instytutpolski.pl\/duesseldorf\/lernen-sie-polen-kennen\/uber-polen\/#breadcrumb\"},\"inLanguage\":\"pl-PL\",\"potentialAction\":[{\"@type\":\"ReadAction\",\"target\":[\"https:\/\/instytutpolski.pl\/duesseldorf\/lernen-sie-polen-kennen\/uber-polen\/\"]}]},{\"@type\":\"ImageObject\",\"inLanguage\":\"pl-PL\",\"@id\":\"https:\/\/instytutpolski.pl\/duesseldorf\/lernen-sie-polen-kennen\/uber-polen\/#primaryimage\",\"url\":\"https:\/\/instytutpolski.pl\/duesseldorf\/wp-content\/uploads\/sites\/5\/2019\/06\/o-polsce.jpg\",\"contentUrl\":\"https:\/\/instytutpolski.pl\/duesseldorf\/wp-content\/uploads\/sites\/5\/2019\/06\/o-polsce.jpg\",\"width\":1920,\"height\":700},{\"@type\":\"BreadcrumbList\",\"@id\":\"https:\/\/instytutpolski.pl\/duesseldorf\/lernen-sie-polen-kennen\/uber-polen\/#breadcrumb\",\"itemListElement\":[{\"@type\":\"ListItem\",\"position\":1,\"name\":\"Home\",\"item\":\"https:\/\/instytutpolski.pl\/duesseldorf\/\"},{\"@type\":\"ListItem\",\"position\":2,\"name\":\"Lernen Sie Polen kennen\",\"item\":\"https:\/\/instytutpolski.pl\/duesseldorf\/lernen-sie-polen-kennen\/\"},{\"@type\":\"ListItem\",\"position\":3,\"name\":\"\u00dcber Polen\"}]},{\"@type\":\"WebSite\",\"@id\":\"https:\/\/instytutpolski.pl\/duesseldorf\/#website\",\"url\":\"https:\/\/instytutpolski.pl\/duesseldorf\/\",\"name\":\"Instytut Polski w Dusseldorfie\",\"description\":\"Instytuty Polskie\",\"potentialAction\":[{\"@type\":\"SearchAction\",\"target\":{\"@type\":\"EntryPoint\",\"urlTemplate\":\"https:\/\/instytutpolski.pl\/duesseldorf\/?s={search_term_string}\"},\"query-input\":{\"@type\":\"PropertyValueSpecification\",\"valueRequired\":true,\"valueName\":\"search_term_string\"}}],\"inLanguage\":\"pl-PL\"}]}<\/script>\n<!-- \/ Yoast SEO plugin. -->","yoast_head_json":{"title":"\u00dcber Polen - Instytut Polski w Dusseldorfie","robots":{"index":"index","follow":"follow","max-snippet":"max-snippet:-1","max-image-preview":"max-image-preview:large","max-video-preview":"max-video-preview:-1"},"canonical":"https:\/\/instytutpolski.pl\/duesseldorf\/lernen-sie-polen-kennen\/uber-polen\/","og_locale":"pl_PL","og_type":"article","og_title":"\u00dcber Polen - Instytut Polski w Dusseldorfie","og_description":"Panorama Polens &#8211;&nbsp;Offizielle Website f\u00fcr die Pr\u00e4sentation Polens www.poland.gov.pl Polnische Touristische Organisation (POT)&nbsp;http:\/\/www.pot.gov.pl\/en Polnisches Fremdenverkehrsamt Berlin www.polen.travel\/de Krakau. Die weltoffene Stadt&nbsp;krakow.pl\/otwarty_na_swiat_de Deutsch-polnische Industrie- und Handelskammer&nbsp;www.ahk.pl Polnische Agentur f\u00fcr Information und Auslandsinvestitionen AG http:\/\/www.paih.gov.pl\/en&nbsp; Masuren &#8211; Wunder der Natur&nbsp;www.mazurycudnatury.org GESCHICHTE \/ HISTORIA Institut f\u00fcr Nationales Gedenken \/ Instytut Pami\u0119ci Narodowej (IPN) Institut f\u00fcr Nationales Gedenken \u2013 [&hellip;]","og_url":"https:\/\/instytutpolski.pl\/duesseldorf\/lernen-sie-polen-kennen\/uber-polen\/","og_site_name":"Instytut Polski w Dusseldorfie","article_modified_time":"2020-06-05T10:59:40+00:00","og_image":[{"width":1920,"height":700,"url":"https:\/\/instytutpolski.pl\/duesseldorf\/wp-content\/uploads\/sites\/5\/2019\/06\/o-polsce.jpg","type":"image\/jpeg"}],"twitter_card":"summary_large_image","twitter_misc":{"Szacowany czas czytania":"2 minuty"},"schema":{"@context":"https:\/\/schema.org","@graph":[{"@type":"WebPage","@id":"https:\/\/instytutpolski.pl\/duesseldorf\/lernen-sie-polen-kennen\/uber-polen\/","url":"https:\/\/instytutpolski.pl\/duesseldorf\/lernen-sie-polen-kennen\/uber-polen\/","name":"\u00dcber Polen - Instytut Polski w Dusseldorfie","isPartOf":{"@id":"https:\/\/instytutpolski.pl\/duesseldorf\/#website"},"primaryImageOfPage":{"@id":"https:\/\/instytutpolski.pl\/duesseldorf\/lernen-sie-polen-kennen\/uber-polen\/#primaryimage"},"image":{"@id":"https:\/\/instytutpolski.pl\/duesseldorf\/lernen-sie-polen-kennen\/uber-polen\/#primaryimage"},"thumbnailUrl":"https:\/\/instytutpolski.pl\/duesseldorf\/wp-content\/uploads\/sites\/5\/2019\/06\/o-polsce.jpg","datePublished":"2019-06-25T10:00:24+00:00","dateModified":"2020-06-05T10:59:40+00:00","breadcrumb":{"@id":"https:\/\/instytutpolski.pl\/duesseldorf\/lernen-sie-polen-kennen\/uber-polen\/#breadcrumb"},"inLanguage":"pl-PL","potentialAction":[{"@type":"ReadAction","target":["https:\/\/instytutpolski.pl\/duesseldorf\/lernen-sie-polen-kennen\/uber-polen\/"]}]},{"@type":"ImageObject","inLanguage":"pl-PL","@id":"https:\/\/instytutpolski.pl\/duesseldorf\/lernen-sie-polen-kennen\/uber-polen\/#primaryimage","url":"https:\/\/instytutpolski.pl\/duesseldorf\/wp-content\/uploads\/sites\/5\/2019\/06\/o-polsce.jpg","contentUrl":"https:\/\/instytutpolski.pl\/duesseldorf\/wp-content\/uploads\/sites\/5\/2019\/06\/o-polsce.jpg","width":1920,"height":700},{"@type":"BreadcrumbList","@id":"https:\/\/instytutpolski.pl\/duesseldorf\/lernen-sie-polen-kennen\/uber-polen\/#breadcrumb","itemListElement":[{"@type":"ListItem","position":1,"name":"Home","item":"https:\/\/instytutpolski.pl\/duesseldorf\/"},{"@type":"ListItem","position":2,"name":"Lernen Sie Polen kennen","item":"https:\/\/instytutpolski.pl\/duesseldorf\/lernen-sie-polen-kennen\/"},{"@type":"ListItem","position":3,"name":"\u00dcber Polen"}]},{"@type":"WebSite","@id":"https:\/\/instytutpolski.pl\/duesseldorf\/#website","url":"https:\/\/instytutpolski.pl\/duesseldorf\/","name":"Instytut Polski w Dusseldorfie","description":"Instytuty Polskie","potentialAction":[{"@type":"SearchAction","target":{"@type":"EntryPoint","urlTemplate":"https:\/\/instytutpolski.pl\/duesseldorf\/?s={search_term_string}"},"query-input":{"@type":"PropertyValueSpecification","valueRequired":true,"valueName":"search_term_string"}}],"inLanguage":"pl-PL"}]}},"_links":{"self":[{"href":"https:\/\/instytutpolski.pl\/duesseldorf\/wp-json\/wp\/v2\/pages\/399","targetHints":{"allow":["GET"]}}],"collection":[{"href":"https:\/\/instytutpolski.pl\/duesseldorf\/wp-json\/wp\/v2\/pages"}],"about":[{"href":"https:\/\/instytutpolski.pl\/duesseldorf\/wp-json\/wp\/v2\/types\/page"}],"author":[{"embeddable":true,"href":"https:\/\/instytutpolski.pl\/duesseldorf\/wp-json\/wp\/v2\/users\/1"}],"replies":[{"embeddable":true,"href":"https:\/\/instytutpolski.pl\/duesseldorf\/wp-json\/wp\/v2\/comments?post=399"}],"version-history":[{"count":11,"href":"https:\/\/instytutpolski.pl\/duesseldorf\/wp-json\/wp\/v2\/pages\/399\/revisions"}],"predecessor-version":[{"id":2114,"href":"https:\/\/instytutpolski.pl\/duesseldorf\/wp-json\/wp\/v2\/pages\/399\/revisions\/2114"}],"up":[{"embeddable":true,"href":"https:\/\/instytutpolski.pl\/duesseldorf\/wp-json\/wp\/v2\/pages\/397"}],"wp:featuredmedia":[{"embeddable":true,"href":"https:\/\/instytutpolski.pl\/duesseldorf\/wp-json\/wp\/v2\/media\/401"}],"wp:attachment":[{"href":"https:\/\/instytutpolski.pl\/duesseldorf\/wp-json\/wp\/v2\/media?parent=399"}],"curies":[{"name":"wp","href":"https:\/\/api.w.org\/{rel}","templated":true}]}}