{"id":430,"date":"2019-06-25T12:06:03","date_gmt":"2019-06-25T10:06:03","guid":{"rendered":"https:\/\/instytutpolski.pl\/dusseldorf\/?page_id=430"},"modified":"2020-06-08T16:10:16","modified_gmt":"2020-06-08T14:10:16","slug":"wissenschaftliche-institutionen","status":"publish","type":"page","link":"https:\/\/instytutpolski.pl\/duesseldorf\/lernen-sie-polen-kennen\/wissenschaft-in-polen\/wissenschaftliche-institutionen\/","title":{"rendered":"Wissenschaftliche Institutionen"},"content":{"rendered":"\n<div class=\"wp-block-columns has-2-columns\">\n<div class=\"wp-block-column\">\n<p><strong>Portal\u00a0<a href=\"http:\/\/www.naukawpolsce.pap.pl\/\" target=\"_blank\" rel=\"noopener noreferrer\">www.naukawpolsce.pap.pl<\/a><\/strong><\/p>\n<p>Diese der Wissenschaft gewidmete Internetseite wurde von der Polnischen Presseagentur (PAP) eingerichtet und wird vom Ministerium f\u00fcr Wissenschaft und Hochschulwesen finanziert. \u201enaukawpolce\u201c ist ein aktuelles Nachrichtenportal, das \u00fcber wissenschaftliche Errungenschaften aus Polen informiert.<\/p>\n<p>Das Portal ist in polnischer und englischer Version verf\u00fcgbar.<\/p>\n<\/div>\n<\/div>\n<div class=\"wp-block-columns has-2-columns\">\n<div class=\"wp-block-column\">\n<div class=\"wp-block-image\">\n<figure class=\"aligncenter\"><img decoding=\"async\" class=\"wp-image-506 img-fluid\" src=\"https:\/\/instytutpolski.pl\/wieden\/wp-content\/uploads\/sites\/2\/2019\/05\/kopernik_subpage.jpg\" alt=\"\" \/><\/figure>\n<\/div>\n<\/div>\n<div class=\"wp-block-column\">\n<p><a href=\"http:\/\/www.kopernik.org.pl\/\" target=\"_blank\" rel=\"noopener noreferrer\"><strong>Kopernikus-Wissenschaftszentrum \/ Centrum Nauki Kopernik<\/strong><\/a><\/p>\n<p>Dieses im Jahre 2010 in Warschau er\u00f6ffnete Zentrum ist sowohl ein modernes Museum als auch ein Forschungszentrum, dessen Ziel die Verbreitung von Wissen und die Entwicklung einer modernen Gesellschaft ist.<\/p>\n<p>Das Portal ist in polnischer und englischer Version verf\u00fcgbar.<\/p>\n<\/div>\n<\/div>\n<div class=\"wp-block-columns has-2-columns\">\n<div class=\"wp-block-column\">\n<div class=\"wp-block-image\">\n<figure class=\"aligncenter\"><img decoding=\"async\" class=\"wp-image-503 img-fluid\" src=\"https:\/\/instytutpolski.pl\/wieden\/wp-content\/uploads\/sites\/2\/2019\/05\/pan_subpage.jpg\" alt=\"\" \/><\/figure>\n<\/div>\n<\/div>\n<div class=\"wp-block-column\">\n<p><a href=\"http:\/\/www.pan.pl\/\" target=\"_blank\" rel=\"noopener noreferrer\"><strong>Polnische Akademie der Wissenschaften \/ Polska Akademia Nauk (PAN)<\/strong><\/a><\/p>\n<p>Die Polnische Akademie der Wissenschaften ist ein gesamtpolnisches selbstst\u00e4ndiges Wissenschaftsinstitut, das der Entwicklung der Wissenschaft, ihrer F\u00f6rderung, Integration und Verbreitung dient. Die PAN f\u00fchrt herausragende polnische Wissenschaftler und Forscher in allen Bereichen, von den Geisteswissenschaften bis zur Medizin, zusammen. Das Institut hat auch eine Filiale in Wien.<\/p>\n<p>Das Portal ist in polnischer und englischer Version verf\u00fcgbar.<\/p>\n<\/div>\n<\/div>\n<div class=\"wp-block-columns has-2-columns\">\n<div class=\"wp-block-column\">\n<div class=\"wp-block-image\">\n<figure class=\"aligncenter\"><img decoding=\"async\" class=\"wp-image-504 img-fluid\" src=\"https:\/\/instytutpolski.pl\/wieden\/wp-content\/uploads\/sites\/2\/2019\/05\/euraxess_subpage.jpg\" alt=\"\" \/><\/figure>\n<\/div>\n<\/div>\n<div class=\"wp-block-column\">\n<p>Portal\u00a0<a href=\"http:\/\/www.euraxess.pl\/\" target=\"_blank\" rel=\"noopener noreferrer\">www.euraxess.pl<\/a><\/p>\n<p>Das Portal ist eine gemeinsame Initiative der Europ\u00e4ischen Kommission und der L\u00e4nder, die am europ\u00e4ischen Rahmenprogramm f\u00fcr Forschung und technologische Entwicklung teilnehmen. Euraxess Polska dient der F\u00f6rderung von international t\u00e4tigen Wissenschaftlern, indem kostenlos vollst\u00e4ndige und praktische Informationen zur Verf\u00fcgung gestellt und notwendige Hilfeleistungen w\u00e4hrend eines Auslandsaufenthalts sichergestellt werden.<\/p>\n<p>Das Portal ist in polnischer und englischer Version verf\u00fcgbar.<\/p>\n<\/div>\n<\/div>\n<div class=\"wp-block-columns has-2-columns\">\n<div class=\"wp-block-column\">\n<div class=\"wp-block-image\">\n<figure class=\"aligncenter\"><img decoding=\"async\" class=\"wp-image-505 img-fluid\" src=\"https:\/\/instytutpolski.pl\/wieden\/wp-content\/uploads\/sites\/2\/2019\/05\/fliers_logo.jpg\" alt=\"\" \/><\/figure>\n<\/div>\n<\/div>\n<div class=\"wp-block-column\">\n<p>Portal\u00a0<a href=\"http:\/\/www.polishhighfliers.pl\/\" target=\"_blank\" rel=\"noopener noreferrer\">www.polishhighfliers.pl<\/a><\/p>\n<p>Dieses Portal pr\u00e4sentiert polnische Designer, Erfinder und Unternehmer, die die Bereiche Wirtschaft, Wissenschaft und Kunst verbinden und deren Grenzen oft auch \u00fcberschreiten.<\/p>\n<p>Das Portal ist in englischer Version verf\u00fcgbar.<\/p>\n<\/div>\n<\/div>\n","protected":false},"excerpt":{"rendered":"<p>Portal\u00a0www.naukawpolsce.pap.pl Diese der Wissenschaft gewidmete Internetseite wurde von der Polnischen Presseagentur (PAP) eingerichtet und wird vom Ministerium f\u00fcr Wissenschaft und Hochschulwesen finanziert. \u201enaukawpolce\u201c ist ein aktuelles Nachrichtenportal, das \u00fcber wissenschaftliche Errungenschaften aus Polen informiert. Das Portal ist in polnischer und englischer Version verf\u00fcgbar. Kopernikus-Wissenschaftszentrum \/ Centrum Nauki Kopernik Dieses im Jahre 2010 in Warschau er\u00f6ffnete [&hellip;]<\/p>\n","protected":false},"author":1,"featured_media":0,"parent":417,"menu_order":0,"comment_status":"closed","ping_status":"closed","template":"","meta":{"inline_featured_image":false,"_monsterinsights_skip_tracking":false,"_monsterinsights_sitenote_active":false,"_monsterinsights_sitenote_note":"","_monsterinsights_sitenote_category":0,"footnotes":""},"class_list":["post-430","page","type-page","status-publish","hentry"],"yoast_head":"<!-- This site is optimized with the Yoast SEO plugin v24.6 - https:\/\/yoast.com\/wordpress\/plugins\/seo\/ -->\n<title>Wissenschaftliche Institutionen - Instytut Polski w Dusseldorfie<\/title>\n<meta name=\"robots\" content=\"index, follow, max-snippet:-1, max-image-preview:large, max-video-preview:-1\" \/>\n<link rel=\"canonical\" href=\"https:\/\/instytutpolski.pl\/duesseldorf\/lernen-sie-polen-kennen\/wissenschaft-in-polen\/wissenschaftliche-institutionen\/\" \/>\n<meta property=\"og:locale\" content=\"pl_PL\" \/>\n<meta property=\"og:type\" content=\"article\" \/>\n<meta property=\"og:title\" content=\"Wissenschaftliche Institutionen - Instytut Polski w Dusseldorfie\" \/>\n<meta property=\"og:description\" content=\"Portal\u00a0www.naukawpolsce.pap.pl Diese der Wissenschaft gewidmete Internetseite wurde von der Polnischen Presseagentur (PAP) eingerichtet und wird vom Ministerium f\u00fcr Wissenschaft und Hochschulwesen finanziert. \u201enaukawpolce\u201c ist ein aktuelles Nachrichtenportal, das \u00fcber wissenschaftliche Errungenschaften aus Polen informiert. Das Portal ist in polnischer und englischer Version verf\u00fcgbar. Kopernikus-Wissenschaftszentrum \/ Centrum Nauki Kopernik Dieses im Jahre 2010 in Warschau er\u00f6ffnete [&hellip;]\" \/>\n<meta property=\"og:url\" content=\"https:\/\/instytutpolski.pl\/duesseldorf\/lernen-sie-polen-kennen\/wissenschaft-in-polen\/wissenschaftliche-institutionen\/\" \/>\n<meta property=\"og:site_name\" content=\"Instytut Polski w Dusseldorfie\" \/>\n<meta property=\"article:modified_time\" content=\"2020-06-08T14:10:16+00:00\" \/>\n<meta property=\"og:image\" content=\"https:\/\/instytutpolski.pl\/wieden\/wp-content\/uploads\/sites\/2\/2019\/05\/kopernik_subpage.jpg\" \/>\n<meta name=\"twitter:card\" content=\"summary_large_image\" \/>\n<meta name=\"twitter:label1\" content=\"Szacowany czas czytania\" \/>\n\t<meta name=\"twitter:data1\" content=\"1 minuta\" \/>\n<script type=\"application\/ld+json\" class=\"yoast-schema-graph\">{\"@context\":\"https:\/\/schema.org\",\"@graph\":[{\"@type\":\"WebPage\",\"@id\":\"https:\/\/instytutpolski.pl\/duesseldorf\/lernen-sie-polen-kennen\/wissenschaft-in-polen\/wissenschaftliche-institutionen\/\",\"url\":\"https:\/\/instytutpolski.pl\/duesseldorf\/lernen-sie-polen-kennen\/wissenschaft-in-polen\/wissenschaftliche-institutionen\/\",\"name\":\"Wissenschaftliche Institutionen - Instytut Polski w Dusseldorfie\",\"isPartOf\":{\"@id\":\"https:\/\/instytutpolski.pl\/duesseldorf\/#website\"},\"primaryImageOfPage\":{\"@id\":\"https:\/\/instytutpolski.pl\/duesseldorf\/lernen-sie-polen-kennen\/wissenschaft-in-polen\/wissenschaftliche-institutionen\/#primaryimage\"},\"image\":{\"@id\":\"https:\/\/instytutpolski.pl\/duesseldorf\/lernen-sie-polen-kennen\/wissenschaft-in-polen\/wissenschaftliche-institutionen\/#primaryimage\"},\"thumbnailUrl\":\"https:\/\/instytutpolski.pl\/wieden\/wp-content\/uploads\/sites\/2\/2019\/05\/kopernik_subpage.jpg\",\"datePublished\":\"2019-06-25T10:06:03+00:00\",\"dateModified\":\"2020-06-08T14:10:16+00:00\",\"breadcrumb\":{\"@id\":\"https:\/\/instytutpolski.pl\/duesseldorf\/lernen-sie-polen-kennen\/wissenschaft-in-polen\/wissenschaftliche-institutionen\/#breadcrumb\"},\"inLanguage\":\"pl-PL\",\"potentialAction\":[{\"@type\":\"ReadAction\",\"target\":[\"https:\/\/instytutpolski.pl\/duesseldorf\/lernen-sie-polen-kennen\/wissenschaft-in-polen\/wissenschaftliche-institutionen\/\"]}]},{\"@type\":\"ImageObject\",\"inLanguage\":\"pl-PL\",\"@id\":\"https:\/\/instytutpolski.pl\/duesseldorf\/lernen-sie-polen-kennen\/wissenschaft-in-polen\/wissenschaftliche-institutionen\/#primaryimage\",\"url\":\"https:\/\/instytutpolski.pl\/wieden\/wp-content\/uploads\/sites\/2\/2019\/05\/kopernik_subpage.jpg\",\"contentUrl\":\"https:\/\/instytutpolski.pl\/wieden\/wp-content\/uploads\/sites\/2\/2019\/05\/kopernik_subpage.jpg\"},{\"@type\":\"BreadcrumbList\",\"@id\":\"https:\/\/instytutpolski.pl\/duesseldorf\/lernen-sie-polen-kennen\/wissenschaft-in-polen\/wissenschaftliche-institutionen\/#breadcrumb\",\"itemListElement\":[{\"@type\":\"ListItem\",\"position\":1,\"name\":\"Home\",\"item\":\"https:\/\/instytutpolski.pl\/duesseldorf\/\"},{\"@type\":\"ListItem\",\"position\":2,\"name\":\"Lernen Sie Polen kennen\",\"item\":\"https:\/\/instytutpolski.pl\/duesseldorf\/lernen-sie-polen-kennen\/\"},{\"@type\":\"ListItem\",\"position\":3,\"name\":\"Wissenschaft in Polen\",\"item\":\"https:\/\/instytutpolski.pl\/duesseldorf\/lernen-sie-polen-kennen\/wissenschaft-in-polen\/\"},{\"@type\":\"ListItem\",\"position\":4,\"name\":\"Wissenschaftliche Institutionen\"}]},{\"@type\":\"WebSite\",\"@id\":\"https:\/\/instytutpolski.pl\/duesseldorf\/#website\",\"url\":\"https:\/\/instytutpolski.pl\/duesseldorf\/\",\"name\":\"Instytut Polski w Dusseldorfie\",\"description\":\"Instytuty Polskie\",\"potentialAction\":[{\"@type\":\"SearchAction\",\"target\":{\"@type\":\"EntryPoint\",\"urlTemplate\":\"https:\/\/instytutpolski.pl\/duesseldorf\/?s={search_term_string}\"},\"query-input\":{\"@type\":\"PropertyValueSpecification\",\"valueRequired\":true,\"valueName\":\"search_term_string\"}}],\"inLanguage\":\"pl-PL\"}]}<\/script>\n<!-- \/ Yoast SEO plugin. -->","yoast_head_json":{"title":"Wissenschaftliche Institutionen - Instytut Polski w Dusseldorfie","robots":{"index":"index","follow":"follow","max-snippet":"max-snippet:-1","max-image-preview":"max-image-preview:large","max-video-preview":"max-video-preview:-1"},"canonical":"https:\/\/instytutpolski.pl\/duesseldorf\/lernen-sie-polen-kennen\/wissenschaft-in-polen\/wissenschaftliche-institutionen\/","og_locale":"pl_PL","og_type":"article","og_title":"Wissenschaftliche Institutionen - Instytut Polski w Dusseldorfie","og_description":"Portal\u00a0www.naukawpolsce.pap.pl Diese der Wissenschaft gewidmete Internetseite wurde von der Polnischen Presseagentur (PAP) eingerichtet und wird vom Ministerium f\u00fcr Wissenschaft und Hochschulwesen finanziert. \u201enaukawpolce\u201c ist ein aktuelles Nachrichtenportal, das \u00fcber wissenschaftliche Errungenschaften aus Polen informiert. Das Portal ist in polnischer und englischer Version verf\u00fcgbar. Kopernikus-Wissenschaftszentrum \/ Centrum Nauki Kopernik Dieses im Jahre 2010 in Warschau er\u00f6ffnete [&hellip;]","og_url":"https:\/\/instytutpolski.pl\/duesseldorf\/lernen-sie-polen-kennen\/wissenschaft-in-polen\/wissenschaftliche-institutionen\/","og_site_name":"Instytut Polski w Dusseldorfie","article_modified_time":"2020-06-08T14:10:16+00:00","og_image":[{"url":"https:\/\/instytutpolski.pl\/wieden\/wp-content\/uploads\/sites\/2\/2019\/05\/kopernik_subpage.jpg","type":"","width":"","height":""}],"twitter_card":"summary_large_image","twitter_misc":{"Szacowany czas czytania":"1 minuta"},"schema":{"@context":"https:\/\/schema.org","@graph":[{"@type":"WebPage","@id":"https:\/\/instytutpolski.pl\/duesseldorf\/lernen-sie-polen-kennen\/wissenschaft-in-polen\/wissenschaftliche-institutionen\/","url":"https:\/\/instytutpolski.pl\/duesseldorf\/lernen-sie-polen-kennen\/wissenschaft-in-polen\/wissenschaftliche-institutionen\/","name":"Wissenschaftliche Institutionen - Instytut Polski w Dusseldorfie","isPartOf":{"@id":"https:\/\/instytutpolski.pl\/duesseldorf\/#website"},"primaryImageOfPage":{"@id":"https:\/\/instytutpolski.pl\/duesseldorf\/lernen-sie-polen-kennen\/wissenschaft-in-polen\/wissenschaftliche-institutionen\/#primaryimage"},"image":{"@id":"https:\/\/instytutpolski.pl\/duesseldorf\/lernen-sie-polen-kennen\/wissenschaft-in-polen\/wissenschaftliche-institutionen\/#primaryimage"},"thumbnailUrl":"https:\/\/instytutpolski.pl\/wieden\/wp-content\/uploads\/sites\/2\/2019\/05\/kopernik_subpage.jpg","datePublished":"2019-06-25T10:06:03+00:00","dateModified":"2020-06-08T14:10:16+00:00","breadcrumb":{"@id":"https:\/\/instytutpolski.pl\/duesseldorf\/lernen-sie-polen-kennen\/wissenschaft-in-polen\/wissenschaftliche-institutionen\/#breadcrumb"},"inLanguage":"pl-PL","potentialAction":[{"@type":"ReadAction","target":["https:\/\/instytutpolski.pl\/duesseldorf\/lernen-sie-polen-kennen\/wissenschaft-in-polen\/wissenschaftliche-institutionen\/"]}]},{"@type":"ImageObject","inLanguage":"pl-PL","@id":"https:\/\/instytutpolski.pl\/duesseldorf\/lernen-sie-polen-kennen\/wissenschaft-in-polen\/wissenschaftliche-institutionen\/#primaryimage","url":"https:\/\/instytutpolski.pl\/wieden\/wp-content\/uploads\/sites\/2\/2019\/05\/kopernik_subpage.jpg","contentUrl":"https:\/\/instytutpolski.pl\/wieden\/wp-content\/uploads\/sites\/2\/2019\/05\/kopernik_subpage.jpg"},{"@type":"BreadcrumbList","@id":"https:\/\/instytutpolski.pl\/duesseldorf\/lernen-sie-polen-kennen\/wissenschaft-in-polen\/wissenschaftliche-institutionen\/#breadcrumb","itemListElement":[{"@type":"ListItem","position":1,"name":"Home","item":"https:\/\/instytutpolski.pl\/duesseldorf\/"},{"@type":"ListItem","position":2,"name":"Lernen Sie Polen kennen","item":"https:\/\/instytutpolski.pl\/duesseldorf\/lernen-sie-polen-kennen\/"},{"@type":"ListItem","position":3,"name":"Wissenschaft in Polen","item":"https:\/\/instytutpolski.pl\/duesseldorf\/lernen-sie-polen-kennen\/wissenschaft-in-polen\/"},{"@type":"ListItem","position":4,"name":"Wissenschaftliche Institutionen"}]},{"@type":"WebSite","@id":"https:\/\/instytutpolski.pl\/duesseldorf\/#website","url":"https:\/\/instytutpolski.pl\/duesseldorf\/","name":"Instytut Polski w Dusseldorfie","description":"Instytuty Polskie","potentialAction":[{"@type":"SearchAction","target":{"@type":"EntryPoint","urlTemplate":"https:\/\/instytutpolski.pl\/duesseldorf\/?s={search_term_string}"},"query-input":{"@type":"PropertyValueSpecification","valueRequired":true,"valueName":"search_term_string"}}],"inLanguage":"pl-PL"}]}},"_links":{"self":[{"href":"https:\/\/instytutpolski.pl\/duesseldorf\/wp-json\/wp\/v2\/pages\/430","targetHints":{"allow":["GET"]}}],"collection":[{"href":"https:\/\/instytutpolski.pl\/duesseldorf\/wp-json\/wp\/v2\/pages"}],"about":[{"href":"https:\/\/instytutpolski.pl\/duesseldorf\/wp-json\/wp\/v2\/types\/page"}],"author":[{"embeddable":true,"href":"https:\/\/instytutpolski.pl\/duesseldorf\/wp-json\/wp\/v2\/users\/1"}],"replies":[{"embeddable":true,"href":"https:\/\/instytutpolski.pl\/duesseldorf\/wp-json\/wp\/v2\/comments?post=430"}],"version-history":[{"count":2,"href":"https:\/\/instytutpolski.pl\/duesseldorf\/wp-json\/wp\/v2\/pages\/430\/revisions"}],"predecessor-version":[{"id":2175,"href":"https:\/\/instytutpolski.pl\/duesseldorf\/wp-json\/wp\/v2\/pages\/430\/revisions\/2175"}],"up":[{"embeddable":true,"href":"https:\/\/instytutpolski.pl\/duesseldorf\/wp-json\/wp\/v2\/pages\/417"}],"wp:attachment":[{"href":"https:\/\/instytutpolski.pl\/duesseldorf\/wp-json\/wp\/v2\/media?parent=430"}],"curies":[{"name":"wp","href":"https:\/\/api.w.org\/{rel}","templated":true}]}}