{"id":459,"date":"2019-06-25T12:13:40","date_gmt":"2019-06-25T10:13:40","guid":{"rendered":"https:\/\/instytutpolski.pl\/dusseldorf\/?page_id=459"},"modified":"2020-04-27T16:51:08","modified_gmt":"2020-04-27T14:51:08","slug":"uber-das-polnische-institut","status":"publish","type":"page","link":"https:\/\/instytutpolski.pl\/duesseldorf\/uber-das-polnische-institut\/","title":{"rendered":"\u00dcber das Polnische Institut"},"content":{"rendered":"\n<p>Das\u00a0<strong>POLNISCHE INSTITUT D\u00dcSSELDORF<\/strong>\u00a0ist eins von weltweit verteilten Polnischen Instituten, die das Au\u00dfenministerium der Republik Polen eingerichtet hat mit dem Ziel, die gesellschaftlichen und kulturellen Beziehungen zwischen dem jeweiligen Gastland und Polen durch die Pr\u00e4sentation der polnischen Kultur in all ihren Facetten sowie der Politik, Geschichte, Gesellschaft und Bildung zu intensivieren.<br \/><br \/>Das 1993 in D\u00fcsseldorf gegr\u00fcndete Polnische Institut ist zum aktiven Mitgestalter des kulturellen Lebens in NRW und in den benachbarten Bundesl\u00e4ndern Rheinland-Pfalz, Hessen und Saarland geworden. Seine T\u00e4tigkeit reicht weit \u00fcber den eigenen, eindrucksvollen Sitz hinaus. Au\u00dfer den vor Ort organisierten Ausstellungen, Seminaren, Workshops, Vortr\u00e4gen und Diskussionen nimmt das Institut an zahlreichen Initiativen deutscher Museen und Hochschulen aktiv teil. Es gestaltet die Programme von Theatern, Kulturfestivals sowie Konzert- und Kinos\u00e4len mit und organisiert Studien- und Begegnungsreisen.<br \/><br \/>Das Polnische Institut D\u00fcsseldorf geht in seiner T\u00e4tigkeit davon aus, dass eine erfolgreiche Kulturpolitik auch die gesamteurop\u00e4ische Perspektive ber\u00fccksichtigen muss. Zu den Themen, die aufgegriffen werden, geh\u00f6ren die Zusammenarbeit innerhalb der EU, der polnisch-j\u00fcdische Dialog, wie auch die Stellung Polens im Kontext der Situation in Mittel- und Osteuropa sowie die Zusammenarbeit mit den \u00f6stlichen Beitritts- und Partnerl\u00e4ndern der EU und ihrer Nachbarn.\u00a0<br \/><br \/>Die rechtliche Grundlage f\u00fcr die Arbeit der Polnischen Institute in Deutschland bildet der \u201eVertrag zwischen der Bundesrepublik Deutschland und der Republik Polen \u00fcber gute Nachbarschaft und freundschaftliche Zusammenarbeit vom 17. Juni 1991\u201c. Es wurde als einzige Einrichtung dieser Art in den westdeutschen L\u00e4ndern 1993 er\u00f6ffnet. Die Entstehung des D\u00fcsseldorfer Instituts ist eng mit dem politischen Umbruch 1989\/1990 im Mittel- und Osteuropa verbunden.<\/p>\n","protected":false},"excerpt":{"rendered":"<p>Das\u00a0POLNISCHE INSTITUT D\u00dcSSELDORF\u00a0ist eins von weltweit verteilten Polnischen Instituten, die das Au\u00dfenministerium der Republik Polen eingerichtet hat mit dem Ziel, die gesellschaftlichen und kulturellen Beziehungen zwischen dem jeweiligen Gastland und Polen durch die Pr\u00e4sentation der polnischen Kultur in all ihren Facetten sowie der Politik, Geschichte, Gesellschaft und Bildung zu intensivieren. Das 1993 in D\u00fcsseldorf gegr\u00fcndete [&hellip;]<\/p>\n","protected":false},"author":1,"featured_media":1429,"parent":0,"menu_order":0,"comment_status":"closed","ping_status":"closed","template":"","meta":{"inline_featured_image":false,"_monsterinsights_skip_tracking":false,"_monsterinsights_sitenote_active":false,"_monsterinsights_sitenote_note":"","_monsterinsights_sitenote_category":0,"footnotes":""},"class_list":["post-459","page","type-page","status-publish","has-post-thumbnail","hentry"],"yoast_head":"<!-- This site is optimized with the Yoast SEO plugin v24.6 - https:\/\/yoast.com\/wordpress\/plugins\/seo\/ -->\n<title>\u00dcber das Polnische Institut - Instytut Polski w Dusseldorfie<\/title>\n<meta name=\"robots\" content=\"index, follow, max-snippet:-1, max-image-preview:large, max-video-preview:-1\" \/>\n<link rel=\"canonical\" href=\"https:\/\/instytutpolski.pl\/duesseldorf\/uber-das-polnische-institut\/\" \/>\n<meta property=\"og:locale\" content=\"pl_PL\" \/>\n<meta property=\"og:type\" content=\"article\" \/>\n<meta property=\"og:title\" content=\"\u00dcber das Polnische Institut - Instytut Polski w Dusseldorfie\" \/>\n<meta property=\"og:description\" content=\"Das\u00a0POLNISCHE INSTITUT D\u00dcSSELDORF\u00a0ist eins von weltweit verteilten Polnischen Instituten, die das Au\u00dfenministerium der Republik Polen eingerichtet hat mit dem Ziel, die gesellschaftlichen und kulturellen Beziehungen zwischen dem jeweiligen Gastland und Polen durch die Pr\u00e4sentation der polnischen Kultur in all ihren Facetten sowie der Politik, Geschichte, Gesellschaft und Bildung zu intensivieren. Das 1993 in D\u00fcsseldorf gegr\u00fcndete [&hellip;]\" \/>\n<meta property=\"og:url\" content=\"https:\/\/instytutpolski.pl\/duesseldorf\/uber-das-polnische-institut\/\" \/>\n<meta property=\"og:site_name\" content=\"Instytut Polski w Dusseldorfie\" \/>\n<meta property=\"article:modified_time\" content=\"2020-04-27T14:51:08+00:00\" \/>\n<meta property=\"og:image\" content=\"https:\/\/instytutpolski.pl\/duesseldorf\/wp-content\/uploads\/sites\/5\/2020\/04\/Dobry-motyw-do-INT.png\" \/>\n\t<meta property=\"og:image:width\" content=\"941\" \/>\n\t<meta property=\"og:image:height\" content=\"527\" \/>\n\t<meta property=\"og:image:type\" content=\"image\/png\" \/>\n<meta name=\"twitter:card\" content=\"summary_large_image\" \/>\n<meta name=\"twitter:label1\" content=\"Szacowany czas czytania\" \/>\n\t<meta name=\"twitter:data1\" content=\"1 minuta\" \/>\n<script type=\"application\/ld+json\" class=\"yoast-schema-graph\">{\"@context\":\"https:\/\/schema.org\",\"@graph\":[{\"@type\":\"WebPage\",\"@id\":\"https:\/\/instytutpolski.pl\/duesseldorf\/uber-das-polnische-institut\/\",\"url\":\"https:\/\/instytutpolski.pl\/duesseldorf\/uber-das-polnische-institut\/\",\"name\":\"\u00dcber das Polnische Institut - Instytut Polski w Dusseldorfie\",\"isPartOf\":{\"@id\":\"https:\/\/instytutpolski.pl\/duesseldorf\/#website\"},\"primaryImageOfPage\":{\"@id\":\"https:\/\/instytutpolski.pl\/duesseldorf\/uber-das-polnische-institut\/#primaryimage\"},\"image\":{\"@id\":\"https:\/\/instytutpolski.pl\/duesseldorf\/uber-das-polnische-institut\/#primaryimage\"},\"thumbnailUrl\":\"https:\/\/instytutpolski.pl\/duesseldorf\/wp-content\/uploads\/sites\/5\/2020\/04\/Dobry-motyw-do-INT.png\",\"datePublished\":\"2019-06-25T10:13:40+00:00\",\"dateModified\":\"2020-04-27T14:51:08+00:00\",\"breadcrumb\":{\"@id\":\"https:\/\/instytutpolski.pl\/duesseldorf\/uber-das-polnische-institut\/#breadcrumb\"},\"inLanguage\":\"pl-PL\",\"potentialAction\":[{\"@type\":\"ReadAction\",\"target\":[\"https:\/\/instytutpolski.pl\/duesseldorf\/uber-das-polnische-institut\/\"]}]},{\"@type\":\"ImageObject\",\"inLanguage\":\"pl-PL\",\"@id\":\"https:\/\/instytutpolski.pl\/duesseldorf\/uber-das-polnische-institut\/#primaryimage\",\"url\":\"https:\/\/instytutpolski.pl\/duesseldorf\/wp-content\/uploads\/sites\/5\/2020\/04\/Dobry-motyw-do-INT.png\",\"contentUrl\":\"https:\/\/instytutpolski.pl\/duesseldorf\/wp-content\/uploads\/sites\/5\/2020\/04\/Dobry-motyw-do-INT.png\",\"width\":941,\"height\":527},{\"@type\":\"BreadcrumbList\",\"@id\":\"https:\/\/instytutpolski.pl\/duesseldorf\/uber-das-polnische-institut\/#breadcrumb\",\"itemListElement\":[{\"@type\":\"ListItem\",\"position\":1,\"name\":\"Home\",\"item\":\"https:\/\/instytutpolski.pl\/duesseldorf\/\"},{\"@type\":\"ListItem\",\"position\":2,\"name\":\"\u00dcber das Polnische Institut\"}]},{\"@type\":\"WebSite\",\"@id\":\"https:\/\/instytutpolski.pl\/duesseldorf\/#website\",\"url\":\"https:\/\/instytutpolski.pl\/duesseldorf\/\",\"name\":\"Instytut Polski w Dusseldorfie\",\"description\":\"Instytuty Polskie\",\"potentialAction\":[{\"@type\":\"SearchAction\",\"target\":{\"@type\":\"EntryPoint\",\"urlTemplate\":\"https:\/\/instytutpolski.pl\/duesseldorf\/?s={search_term_string}\"},\"query-input\":{\"@type\":\"PropertyValueSpecification\",\"valueRequired\":true,\"valueName\":\"search_term_string\"}}],\"inLanguage\":\"pl-PL\"}]}<\/script>\n<!-- \/ Yoast SEO plugin. -->","yoast_head_json":{"title":"\u00dcber das Polnische Institut - Instytut Polski w Dusseldorfie","robots":{"index":"index","follow":"follow","max-snippet":"max-snippet:-1","max-image-preview":"max-image-preview:large","max-video-preview":"max-video-preview:-1"},"canonical":"https:\/\/instytutpolski.pl\/duesseldorf\/uber-das-polnische-institut\/","og_locale":"pl_PL","og_type":"article","og_title":"\u00dcber das Polnische Institut - Instytut Polski w Dusseldorfie","og_description":"Das\u00a0POLNISCHE INSTITUT D\u00dcSSELDORF\u00a0ist eins von weltweit verteilten Polnischen Instituten, die das Au\u00dfenministerium der Republik Polen eingerichtet hat mit dem Ziel, die gesellschaftlichen und kulturellen Beziehungen zwischen dem jeweiligen Gastland und Polen durch die Pr\u00e4sentation der polnischen Kultur in all ihren Facetten sowie der Politik, Geschichte, Gesellschaft und Bildung zu intensivieren. Das 1993 in D\u00fcsseldorf gegr\u00fcndete [&hellip;]","og_url":"https:\/\/instytutpolski.pl\/duesseldorf\/uber-das-polnische-institut\/","og_site_name":"Instytut Polski w Dusseldorfie","article_modified_time":"2020-04-27T14:51:08+00:00","og_image":[{"width":941,"height":527,"url":"https:\/\/instytutpolski.pl\/duesseldorf\/wp-content\/uploads\/sites\/5\/2020\/04\/Dobry-motyw-do-INT.png","type":"image\/png"}],"twitter_card":"summary_large_image","twitter_misc":{"Szacowany czas czytania":"1 minuta"},"schema":{"@context":"https:\/\/schema.org","@graph":[{"@type":"WebPage","@id":"https:\/\/instytutpolski.pl\/duesseldorf\/uber-das-polnische-institut\/","url":"https:\/\/instytutpolski.pl\/duesseldorf\/uber-das-polnische-institut\/","name":"\u00dcber das Polnische Institut - Instytut Polski w Dusseldorfie","isPartOf":{"@id":"https:\/\/instytutpolski.pl\/duesseldorf\/#website"},"primaryImageOfPage":{"@id":"https:\/\/instytutpolski.pl\/duesseldorf\/uber-das-polnische-institut\/#primaryimage"},"image":{"@id":"https:\/\/instytutpolski.pl\/duesseldorf\/uber-das-polnische-institut\/#primaryimage"},"thumbnailUrl":"https:\/\/instytutpolski.pl\/duesseldorf\/wp-content\/uploads\/sites\/5\/2020\/04\/Dobry-motyw-do-INT.png","datePublished":"2019-06-25T10:13:40+00:00","dateModified":"2020-04-27T14:51:08+00:00","breadcrumb":{"@id":"https:\/\/instytutpolski.pl\/duesseldorf\/uber-das-polnische-institut\/#breadcrumb"},"inLanguage":"pl-PL","potentialAction":[{"@type":"ReadAction","target":["https:\/\/instytutpolski.pl\/duesseldorf\/uber-das-polnische-institut\/"]}]},{"@type":"ImageObject","inLanguage":"pl-PL","@id":"https:\/\/instytutpolski.pl\/duesseldorf\/uber-das-polnische-institut\/#primaryimage","url":"https:\/\/instytutpolski.pl\/duesseldorf\/wp-content\/uploads\/sites\/5\/2020\/04\/Dobry-motyw-do-INT.png","contentUrl":"https:\/\/instytutpolski.pl\/duesseldorf\/wp-content\/uploads\/sites\/5\/2020\/04\/Dobry-motyw-do-INT.png","width":941,"height":527},{"@type":"BreadcrumbList","@id":"https:\/\/instytutpolski.pl\/duesseldorf\/uber-das-polnische-institut\/#breadcrumb","itemListElement":[{"@type":"ListItem","position":1,"name":"Home","item":"https:\/\/instytutpolski.pl\/duesseldorf\/"},{"@type":"ListItem","position":2,"name":"\u00dcber das Polnische Institut"}]},{"@type":"WebSite","@id":"https:\/\/instytutpolski.pl\/duesseldorf\/#website","url":"https:\/\/instytutpolski.pl\/duesseldorf\/","name":"Instytut Polski w Dusseldorfie","description":"Instytuty Polskie","potentialAction":[{"@type":"SearchAction","target":{"@type":"EntryPoint","urlTemplate":"https:\/\/instytutpolski.pl\/duesseldorf\/?s={search_term_string}"},"query-input":{"@type":"PropertyValueSpecification","valueRequired":true,"valueName":"search_term_string"}}],"inLanguage":"pl-PL"}]}},"_links":{"self":[{"href":"https:\/\/instytutpolski.pl\/duesseldorf\/wp-json\/wp\/v2\/pages\/459","targetHints":{"allow":["GET"]}}],"collection":[{"href":"https:\/\/instytutpolski.pl\/duesseldorf\/wp-json\/wp\/v2\/pages"}],"about":[{"href":"https:\/\/instytutpolski.pl\/duesseldorf\/wp-json\/wp\/v2\/types\/page"}],"author":[{"embeddable":true,"href":"https:\/\/instytutpolski.pl\/duesseldorf\/wp-json\/wp\/v2\/users\/1"}],"replies":[{"embeddable":true,"href":"https:\/\/instytutpolski.pl\/duesseldorf\/wp-json\/wp\/v2\/comments?post=459"}],"version-history":[{"count":3,"href":"https:\/\/instytutpolski.pl\/duesseldorf\/wp-json\/wp\/v2\/pages\/459\/revisions"}],"predecessor-version":[{"id":1431,"href":"https:\/\/instytutpolski.pl\/duesseldorf\/wp-json\/wp\/v2\/pages\/459\/revisions\/1431"}],"wp:featuredmedia":[{"embeddable":true,"href":"https:\/\/instytutpolski.pl\/duesseldorf\/wp-json\/wp\/v2\/media\/1429"}],"wp:attachment":[{"href":"https:\/\/instytutpolski.pl\/duesseldorf\/wp-json\/wp\/v2\/media?parent=459"}],"curies":[{"name":"wp","href":"https:\/\/api.w.org\/{rel}","templated":true}]}}