{"id":465,"date":"2019-06-25T12:14:53","date_gmt":"2019-06-25T10:14:53","guid":{"rendered":"https:\/\/instytutpolski.pl\/dusseldorf\/?page_id=465"},"modified":"2025-09-16T12:46:40","modified_gmt":"2025-09-16T10:46:40","slug":"bibliothek","status":"publish","type":"page","link":"https:\/\/instytutpolski.pl\/duesseldorf\/uber-das-polnische-institut\/bibliothek\/","title":{"rendered":"Bibliothek"},"content":{"rendered":"\n<p><strong>Liebe Besucher, unsere BIBLIOTHEK ist nach den Renovierungsarbeiten GE\u00d6FFNET.<\/strong><\/p>\n<p>Das Polnische Institut D\u00fcsseldorf verf\u00fcgt \u00fcber eine \u00f6ffentliche und kostenlose Pr\u00e4senzbibliothek mit 10.500 B\u00e4nden aus den Themenbereichen Belletristik, Geschichte, Kulturwissenschaften, Landeskunde, Kinderliteratur, au\u00dferdem Musik-CDs, Film-DVDs, Auswahl von Presse.<br \/><br \/>Wir freuen uns \u00fcber Ihren Besuch in unserer Bibliothek an der Citadellstr. 7, in der D\u00fcsseldorfer Altstadt<br \/><br \/><strong>\u00d6ffnungszeiten der Bibliothek:<\/strong><br \/>Dienstag bis Donnerstag: 12.00 bis 16.00 Uhr<br \/>Ansprechpartnerin: Monika Werner\u00a0<a href=\"https:\/\/instytutpolski.pl\/duesseldorf\/uber-das-polnische-institut\/bibliothek\/monika.werner@instytutpolski.org\">monika.werner@instytutpolski.pl<\/a><\/p>\n<p><strong>Unsere Bibliothek online:\u00a0<a href=\"https:\/\/szukamksi\u0105\u017cki.pl\/SkNewWeb\/bstart\/523002286\">https:\/\/szukamksi\u0105\u017cki.pl\/SkNewWeb\/bstart\/523002286<\/a><\/strong><\/p>\n<p>Sammlung:<br \/>Die Sammlung unserer Bibliothek umfasst ca. 10.500 B\u00e4nde sowie ca. 1.200 DVDs, CDs<br \/><br \/><strong>Themenbereiche:<\/strong><br \/>\u2022 Polnische Literatur im Original und deutscher \u00dcbersetzung<br \/>\u2022 Geschichte Polens, Weltgeschichte<br \/>\u2022 Deutsch-polnische Beziehungen<br \/>\u2022 Kulturgeschichte Polens (Kunstgeschichte, Kunstbildb\u00e4nde, Literaturgeschichte, Theater, Film, Musik)<br \/>\u2022 Landeskunde, Reisef\u00fchrer<br \/>\u2022 Kinder- und Jugendliteratur<br \/>\u2022 Lehr- und Lernmaterial f\u00fcr den Polnisch-Unterricht (B\u00fccher, CDs)<br \/>\u2022 Spiel- und Dokumentarfilme (DVD)<br \/>\u2022 Polnische Musik \u2013 Klassik, Jazz, Folk, Pop (CD)<br \/>\u2022 Zeitschriften, Periodika, Auswahl der Tagespresse<br \/><br \/><strong>Nutzung der Bibliothek<\/strong><br \/>\u2022 Der Bestand der Bibliothek ist allen Besuchern kostenlos und im Freihandbestand zug\u00e4nglich.<br \/>\u2022 F\u00fcr die Ausleihe von Medien ist eine Anmeldung mit Personalausweis erforderlich. Falls die Adresse des Ausweises mit der Adresse des Benutzers nicht \u00fcbereinstimmt, ben\u00f6tigen wir die Anmeldebescheinigung.<br \/>\u2022 B\u00fccher, CDs, DVDs sind ausleihbar.<br \/>\u2022 Von der Ausleihe ausgeschlossen sind Zeitungen und Zeitschriften, die sich im Pr\u00e4senzbestand der Bibliothek befinden und vor Ort eingesehen werden k\u00f6nnen.<\/p>\n<p><strong>Leihfrist<\/strong><br \/>\u2022 B\u00fccher: 4 Wochen<br \/>\u2022 DVDs, CDs, CD-ROMs: 2 Wochen<br \/><br \/><strong>Fristverl\u00e4ngerung:<\/strong><br \/>Tel.: 0211 866 96 18<br \/>Mail:\u00a0<a href=\"mailto:monika.werner@instytutpolski.org\">monika.werner@instytutpolski.pl<\/a><\/p>\n\n\n\n<figure class=\"wp-block-gallery has-nested-images columns-default is-cropped wp-block-gallery-1 is-layout-flex wp-block-gallery-is-layout-flex\">\n<figure class=\"wp-block-image size-large\"><img loading=\"lazy\" decoding=\"async\" width=\"768\" height=\"1024\" data-id=\"13276\" src=\"https:\/\/instytutpolski.pl\/duesseldorf\/wp-content\/uploads\/sites\/5\/2025\/09\/20250915_103937-1-768x1024.jpg\" alt=\"\" class=\"wp-image-13276\" srcset=\"https:\/\/instytutpolski.pl\/duesseldorf\/wp-content\/uploads\/sites\/5\/2025\/09\/20250915_103937-1-768x1024.jpg 768w, https:\/\/instytutpolski.pl\/duesseldorf\/wp-content\/uploads\/sites\/5\/2025\/09\/20250915_103937-1-225x300.jpg 225w, https:\/\/instytutpolski.pl\/duesseldorf\/wp-content\/uploads\/sites\/5\/2025\/09\/20250915_103937-1-1152x1536.jpg 1152w, https:\/\/instytutpolski.pl\/duesseldorf\/wp-content\/uploads\/sites\/5\/2025\/09\/20250915_103937-1.jpg 1468w\" sizes=\"auto, (max-width: 768px) 100vw, 768px\" \/><\/figure>\n\n\n\n<figure class=\"wp-block-image size-large\"><img loading=\"lazy\" decoding=\"async\" width=\"800\" height=\"1024\" data-id=\"13277\" src=\"https:\/\/instytutpolski.pl\/duesseldorf\/wp-content\/uploads\/sites\/5\/2025\/09\/20250915_104107-1-800x1024.jpg\" alt=\"\" class=\"wp-image-13277\" srcset=\"https:\/\/instytutpolski.pl\/duesseldorf\/wp-content\/uploads\/sites\/5\/2025\/09\/20250915_104107-1-800x1024.jpg 800w, https:\/\/instytutpolski.pl\/duesseldorf\/wp-content\/uploads\/sites\/5\/2025\/09\/20250915_104107-1-234x300.jpg 234w, https:\/\/instytutpolski.pl\/duesseldorf\/wp-content\/uploads\/sites\/5\/2025\/09\/20250915_104107-1-768x983.jpg 768w, https:\/\/instytutpolski.pl\/duesseldorf\/wp-content\/uploads\/sites\/5\/2025\/09\/20250915_104107-1-1200x1536.jpg 1200w, https:\/\/instytutpolski.pl\/duesseldorf\/wp-content\/uploads\/sites\/5\/2025\/09\/20250915_104107-1.jpg 1499w\" sizes=\"auto, (max-width: 800px) 100vw, 800px\" \/><\/figure>\n\n\n\n<figure class=\"wp-block-image size-large\"><img loading=\"lazy\" decoding=\"async\" width=\"782\" height=\"1024\" data-id=\"13275\" src=\"https:\/\/instytutpolski.pl\/duesseldorf\/wp-content\/uploads\/sites\/5\/2025\/09\/20250915_104135-1-782x1024.jpg\" alt=\"\" class=\"wp-image-13275\" srcset=\"https:\/\/instytutpolski.pl\/duesseldorf\/wp-content\/uploads\/sites\/5\/2025\/09\/20250915_104135-1-782x1024.jpg 782w, https:\/\/instytutpolski.pl\/duesseldorf\/wp-content\/uploads\/sites\/5\/2025\/09\/20250915_104135-1-229x300.jpg 229w, https:\/\/instytutpolski.pl\/duesseldorf\/wp-content\/uploads\/sites\/5\/2025\/09\/20250915_104135-1-768x1005.jpg 768w, https:\/\/instytutpolski.pl\/duesseldorf\/wp-content\/uploads\/sites\/5\/2025\/09\/20250915_104135-1-1174x1536.jpg 1174w, https:\/\/instytutpolski.pl\/duesseldorf\/wp-content\/uploads\/sites\/5\/2025\/09\/20250915_104135-1.jpg 1428w\" sizes=\"auto, (max-width: 782px) 100vw, 782px\" \/><\/figure>\n\n\n\n<figure class=\"wp-block-image size-large\"><img loading=\"lazy\" decoding=\"async\" width=\"768\" height=\"1024\" data-id=\"13279\" src=\"https:\/\/instytutpolski.pl\/duesseldorf\/wp-content\/uploads\/sites\/5\/2025\/09\/20250915_104154-1-1-768x1024.jpg\" alt=\"\" class=\"wp-image-13279\" srcset=\"https:\/\/instytutpolski.pl\/duesseldorf\/wp-content\/uploads\/sites\/5\/2025\/09\/20250915_104154-1-1-768x1024.jpg 768w, https:\/\/instytutpolski.pl\/duesseldorf\/wp-content\/uploads\/sites\/5\/2025\/09\/20250915_104154-1-1-225x300.jpg 225w, https:\/\/instytutpolski.pl\/duesseldorf\/wp-content\/uploads\/sites\/5\/2025\/09\/20250915_104154-1-1-1152x1536.jpg 1152w, https:\/\/instytutpolski.pl\/duesseldorf\/wp-content\/uploads\/sites\/5\/2025\/09\/20250915_104154-1-1.jpg 1500w\" sizes=\"auto, (max-width: 768px) 100vw, 768px\" \/><\/figure>\n\n\n\n<figure class=\"wp-block-image size-large\"><img loading=\"lazy\" decoding=\"async\" width=\"1024\" height=\"768\" data-id=\"13280\" src=\"https:\/\/instytutpolski.pl\/duesseldorf\/wp-content\/uploads\/sites\/5\/2025\/09\/20250915_104246-1-1024x768.jpg\" alt=\"\" class=\"wp-image-13280\" srcset=\"https:\/\/instytutpolski.pl\/duesseldorf\/wp-content\/uploads\/sites\/5\/2025\/09\/20250915_104246-1-1024x768.jpg 1024w, https:\/\/instytutpolski.pl\/duesseldorf\/wp-content\/uploads\/sites\/5\/2025\/09\/20250915_104246-1-300x225.jpg 300w, https:\/\/instytutpolski.pl\/duesseldorf\/wp-content\/uploads\/sites\/5\/2025\/09\/20250915_104246-1-768x576.jpg 768w, https:\/\/instytutpolski.pl\/duesseldorf\/wp-content\/uploads\/sites\/5\/2025\/09\/20250915_104246-1-1536x1152.jpg 1536w, https:\/\/instytutpolski.pl\/duesseldorf\/wp-content\/uploads\/sites\/5\/2025\/09\/20250915_104246-1.jpg 2000w\" sizes=\"auto, (max-width: 1024px) 100vw, 1024px\" \/><\/figure>\n\n\n\n<figure class=\"wp-block-image size-large\"><img loading=\"lazy\" decoding=\"async\" width=\"768\" height=\"1024\" data-id=\"13278\" src=\"https:\/\/instytutpolski.pl\/duesseldorf\/wp-content\/uploads\/sites\/5\/2025\/09\/20250915_104331-1-768x1024.jpg\" alt=\"\" class=\"wp-image-13278\" srcset=\"https:\/\/instytutpolski.pl\/duesseldorf\/wp-content\/uploads\/sites\/5\/2025\/09\/20250915_104331-1-768x1024.jpg 768w, https:\/\/instytutpolski.pl\/duesseldorf\/wp-content\/uploads\/sites\/5\/2025\/09\/20250915_104331-1-225x300.jpg 225w, https:\/\/instytutpolski.pl\/duesseldorf\/wp-content\/uploads\/sites\/5\/2025\/09\/20250915_104331-1-1152x1536.jpg 1152w, https:\/\/instytutpolski.pl\/duesseldorf\/wp-content\/uploads\/sites\/5\/2025\/09\/20250915_104331-1.jpg 1500w\" sizes=\"auto, (max-width: 768px) 100vw, 768px\" \/><\/figure>\n\n\n\n<figure class=\"wp-block-image size-large\"><img loading=\"lazy\" decoding=\"async\" width=\"768\" height=\"1024\" data-id=\"13281\" src=\"https:\/\/instytutpolski.pl\/duesseldorf\/wp-content\/uploads\/sites\/5\/2025\/09\/20250915_104436-1-768x1024.jpg\" alt=\"\" class=\"wp-image-13281\" srcset=\"https:\/\/instytutpolski.pl\/duesseldorf\/wp-content\/uploads\/sites\/5\/2025\/09\/20250915_104436-1-768x1024.jpg 768w, https:\/\/instytutpolski.pl\/duesseldorf\/wp-content\/uploads\/sites\/5\/2025\/09\/20250915_104436-1-225x300.jpg 225w, https:\/\/instytutpolski.pl\/duesseldorf\/wp-content\/uploads\/sites\/5\/2025\/09\/20250915_104436-1-1152x1536.jpg 1152w, https:\/\/instytutpolski.pl\/duesseldorf\/wp-content\/uploads\/sites\/5\/2025\/09\/20250915_104436-1.jpg 1486w\" sizes=\"auto, (max-width: 768px) 100vw, 768px\" \/><\/figure>\n\n\n\n<figure class=\"wp-block-image size-large\"><img loading=\"lazy\" decoding=\"async\" width=\"768\" height=\"1024\" data-id=\"13274\" src=\"https:\/\/instytutpolski.pl\/duesseldorf\/wp-content\/uploads\/sites\/5\/2025\/09\/20250915_104508-1-768x1024.jpg\" alt=\"\" class=\"wp-image-13274\" srcset=\"https:\/\/instytutpolski.pl\/duesseldorf\/wp-content\/uploads\/sites\/5\/2025\/09\/20250915_104508-1-768x1024.jpg 768w, https:\/\/instytutpolski.pl\/duesseldorf\/wp-content\/uploads\/sites\/5\/2025\/09\/20250915_104508-1-225x300.jpg 225w, https:\/\/instytutpolski.pl\/duesseldorf\/wp-content\/uploads\/sites\/5\/2025\/09\/20250915_104508-1-1152x1536.jpg 1152w, https:\/\/instytutpolski.pl\/duesseldorf\/wp-content\/uploads\/sites\/5\/2025\/09\/20250915_104508-1.jpg 1500w\" sizes=\"auto, (max-width: 768px) 100vw, 768px\" \/><\/figure>\n<\/figure>\n\n\n\n<figure class=\"wp-block-gallery has-nested-images columns-default is-cropped wp-block-gallery-2 is-layout-flex wp-block-gallery-is-layout-flex\"><\/figure>\n","protected":false},"excerpt":{"rendered":"<p>Liebe Besucher, unsere BIBLIOTHEK ist nach den Renovierungsarbeiten GE\u00d6FFNET. Das Polnische Institut D\u00fcsseldorf verf\u00fcgt \u00fcber eine \u00f6ffentliche und kostenlose Pr\u00e4senzbibliothek mit 10.500 B\u00e4nden aus den Themenbereichen Belletristik, Geschichte, Kulturwissenschaften, Landeskunde, Kinderliteratur, au\u00dferdem Musik-CDs, Film-DVDs, Auswahl von Presse. Wir freuen uns \u00fcber Ihren Besuch in unserer Bibliothek an der Citadellstr. 7, in der D\u00fcsseldorfer Altstadt \u00d6ffnungszeiten [&hellip;]<\/p>\n","protected":false},"author":103,"featured_media":13271,"parent":459,"menu_order":0,"comment_status":"closed","ping_status":"closed","template":"","meta":{"inline_featured_image":false,"_monsterinsights_skip_tracking":false,"_monsterinsights_sitenote_active":false,"_monsterinsights_sitenote_note":"","_monsterinsights_sitenote_category":0,"footnotes":""},"class_list":["post-465","page","type-page","status-publish","has-post-thumbnail","hentry"],"yoast_head":"<!-- This site is optimized with the Yoast SEO plugin v24.6 - https:\/\/yoast.com\/wordpress\/plugins\/seo\/ -->\n<title>Bibliothek - Instytut Polski w Dusseldorfie<\/title>\n<meta name=\"robots\" content=\"index, follow, max-snippet:-1, max-image-preview:large, max-video-preview:-1\" \/>\n<link rel=\"canonical\" href=\"https:\/\/instytutpolski.pl\/duesseldorf\/uber-das-polnische-institut\/bibliothek\/\" \/>\n<meta property=\"og:locale\" content=\"pl_PL\" \/>\n<meta property=\"og:type\" content=\"article\" \/>\n<meta property=\"og:title\" content=\"Bibliothek - Instytut Polski w Dusseldorfie\" \/>\n<meta property=\"og:description\" content=\"Liebe Besucher, unsere BIBLIOTHEK ist nach den Renovierungsarbeiten GE\u00d6FFNET. Das Polnische Institut D\u00fcsseldorf verf\u00fcgt \u00fcber eine \u00f6ffentliche und kostenlose Pr\u00e4senzbibliothek mit 10.500 B\u00e4nden aus den Themenbereichen Belletristik, Geschichte, Kulturwissenschaften, Landeskunde, Kinderliteratur, au\u00dferdem Musik-CDs, Film-DVDs, Auswahl von Presse. Wir freuen uns \u00fcber Ihren Besuch in unserer Bibliothek an der Citadellstr. 7, in der D\u00fcsseldorfer Altstadt \u00d6ffnungszeiten [&hellip;]\" \/>\n<meta property=\"og:url\" content=\"https:\/\/instytutpolski.pl\/duesseldorf\/uber-das-polnische-institut\/bibliothek\/\" \/>\n<meta property=\"og:site_name\" content=\"Instytut Polski w Dusseldorfie\" \/>\n<meta property=\"article:modified_time\" content=\"2025-09-16T10:46:40+00:00\" \/>\n<meta property=\"og:image\" content=\"https:\/\/instytutpolski.pl\/duesseldorf\/wp-content\/uploads\/sites\/5\/2025\/09\/20250915_104154-1.jpg\" \/>\n\t<meta property=\"og:image:width\" content=\"1500\" \/>\n\t<meta property=\"og:image:height\" content=\"2000\" \/>\n\t<meta property=\"og:image:type\" content=\"image\/jpeg\" \/>\n<meta name=\"twitter:card\" content=\"summary_large_image\" \/>\n<meta name=\"twitter:label1\" content=\"Szacowany czas czytania\" \/>\n\t<meta name=\"twitter:data1\" content=\"4 minuty\" \/>\n<script type=\"application\/ld+json\" class=\"yoast-schema-graph\">{\"@context\":\"https:\/\/schema.org\",\"@graph\":[{\"@type\":\"WebPage\",\"@id\":\"https:\/\/instytutpolski.pl\/duesseldorf\/uber-das-polnische-institut\/bibliothek\/\",\"url\":\"https:\/\/instytutpolski.pl\/duesseldorf\/uber-das-polnische-institut\/bibliothek\/\",\"name\":\"Bibliothek - Instytut Polski w Dusseldorfie\",\"isPartOf\":{\"@id\":\"https:\/\/instytutpolski.pl\/duesseldorf\/#website\"},\"primaryImageOfPage\":{\"@id\":\"https:\/\/instytutpolski.pl\/duesseldorf\/uber-das-polnische-institut\/bibliothek\/#primaryimage\"},\"image\":{\"@id\":\"https:\/\/instytutpolski.pl\/duesseldorf\/uber-das-polnische-institut\/bibliothek\/#primaryimage\"},\"thumbnailUrl\":\"https:\/\/instytutpolski.pl\/duesseldorf\/wp-content\/uploads\/sites\/5\/2025\/09\/20250915_104154-1.jpg\",\"datePublished\":\"2019-06-25T10:14:53+00:00\",\"dateModified\":\"2025-09-16T10:46:40+00:00\",\"breadcrumb\":{\"@id\":\"https:\/\/instytutpolski.pl\/duesseldorf\/uber-das-polnische-institut\/bibliothek\/#breadcrumb\"},\"inLanguage\":\"pl-PL\",\"potentialAction\":[{\"@type\":\"ReadAction\",\"target\":[\"https:\/\/instytutpolski.pl\/duesseldorf\/uber-das-polnische-institut\/bibliothek\/\"]}]},{\"@type\":\"ImageObject\",\"inLanguage\":\"pl-PL\",\"@id\":\"https:\/\/instytutpolski.pl\/duesseldorf\/uber-das-polnische-institut\/bibliothek\/#primaryimage\",\"url\":\"https:\/\/instytutpolski.pl\/duesseldorf\/wp-content\/uploads\/sites\/5\/2025\/09\/20250915_104154-1.jpg\",\"contentUrl\":\"https:\/\/instytutpolski.pl\/duesseldorf\/wp-content\/uploads\/sites\/5\/2025\/09\/20250915_104154-1.jpg\",\"width\":1500,\"height\":2000},{\"@type\":\"BreadcrumbList\",\"@id\":\"https:\/\/instytutpolski.pl\/duesseldorf\/uber-das-polnische-institut\/bibliothek\/#breadcrumb\",\"itemListElement\":[{\"@type\":\"ListItem\",\"position\":1,\"name\":\"Home\",\"item\":\"https:\/\/instytutpolski.pl\/duesseldorf\/\"},{\"@type\":\"ListItem\",\"position\":2,\"name\":\"\u00dcber das Polnische Institut\",\"item\":\"https:\/\/instytutpolski.pl\/duesseldorf\/uber-das-polnische-institut\/\"},{\"@type\":\"ListItem\",\"position\":3,\"name\":\"Bibliothek\"}]},{\"@type\":\"WebSite\",\"@id\":\"https:\/\/instytutpolski.pl\/duesseldorf\/#website\",\"url\":\"https:\/\/instytutpolski.pl\/duesseldorf\/\",\"name\":\"Instytut Polski w Dusseldorfie\",\"description\":\"Instytuty Polskie\",\"potentialAction\":[{\"@type\":\"SearchAction\",\"target\":{\"@type\":\"EntryPoint\",\"urlTemplate\":\"https:\/\/instytutpolski.pl\/duesseldorf\/?s={search_term_string}\"},\"query-input\":{\"@type\":\"PropertyValueSpecification\",\"valueRequired\":true,\"valueName\":\"search_term_string\"}}],\"inLanguage\":\"pl-PL\"}]}<\/script>\n<!-- \/ Yoast SEO plugin. -->","yoast_head_json":{"title":"Bibliothek - Instytut Polski w Dusseldorfie","robots":{"index":"index","follow":"follow","max-snippet":"max-snippet:-1","max-image-preview":"max-image-preview:large","max-video-preview":"max-video-preview:-1"},"canonical":"https:\/\/instytutpolski.pl\/duesseldorf\/uber-das-polnische-institut\/bibliothek\/","og_locale":"pl_PL","og_type":"article","og_title":"Bibliothek - Instytut Polski w Dusseldorfie","og_description":"Liebe Besucher, unsere BIBLIOTHEK ist nach den Renovierungsarbeiten GE\u00d6FFNET. Das Polnische Institut D\u00fcsseldorf verf\u00fcgt \u00fcber eine \u00f6ffentliche und kostenlose Pr\u00e4senzbibliothek mit 10.500 B\u00e4nden aus den Themenbereichen Belletristik, Geschichte, Kulturwissenschaften, Landeskunde, Kinderliteratur, au\u00dferdem Musik-CDs, Film-DVDs, Auswahl von Presse. Wir freuen uns \u00fcber Ihren Besuch in unserer Bibliothek an der Citadellstr. 7, in der D\u00fcsseldorfer Altstadt \u00d6ffnungszeiten [&hellip;]","og_url":"https:\/\/instytutpolski.pl\/duesseldorf\/uber-das-polnische-institut\/bibliothek\/","og_site_name":"Instytut Polski w Dusseldorfie","article_modified_time":"2025-09-16T10:46:40+00:00","og_image":[{"width":1500,"height":2000,"url":"https:\/\/instytutpolski.pl\/duesseldorf\/wp-content\/uploads\/sites\/5\/2025\/09\/20250915_104154-1.jpg","type":"image\/jpeg"}],"twitter_card":"summary_large_image","twitter_misc":{"Szacowany czas czytania":"4 minuty"},"schema":{"@context":"https:\/\/schema.org","@graph":[{"@type":"WebPage","@id":"https:\/\/instytutpolski.pl\/duesseldorf\/uber-das-polnische-institut\/bibliothek\/","url":"https:\/\/instytutpolski.pl\/duesseldorf\/uber-das-polnische-institut\/bibliothek\/","name":"Bibliothek - Instytut Polski w Dusseldorfie","isPartOf":{"@id":"https:\/\/instytutpolski.pl\/duesseldorf\/#website"},"primaryImageOfPage":{"@id":"https:\/\/instytutpolski.pl\/duesseldorf\/uber-das-polnische-institut\/bibliothek\/#primaryimage"},"image":{"@id":"https:\/\/instytutpolski.pl\/duesseldorf\/uber-das-polnische-institut\/bibliothek\/#primaryimage"},"thumbnailUrl":"https:\/\/instytutpolski.pl\/duesseldorf\/wp-content\/uploads\/sites\/5\/2025\/09\/20250915_104154-1.jpg","datePublished":"2019-06-25T10:14:53+00:00","dateModified":"2025-09-16T10:46:40+00:00","breadcrumb":{"@id":"https:\/\/instytutpolski.pl\/duesseldorf\/uber-das-polnische-institut\/bibliothek\/#breadcrumb"},"inLanguage":"pl-PL","potentialAction":[{"@type":"ReadAction","target":["https:\/\/instytutpolski.pl\/duesseldorf\/uber-das-polnische-institut\/bibliothek\/"]}]},{"@type":"ImageObject","inLanguage":"pl-PL","@id":"https:\/\/instytutpolski.pl\/duesseldorf\/uber-das-polnische-institut\/bibliothek\/#primaryimage","url":"https:\/\/instytutpolski.pl\/duesseldorf\/wp-content\/uploads\/sites\/5\/2025\/09\/20250915_104154-1.jpg","contentUrl":"https:\/\/instytutpolski.pl\/duesseldorf\/wp-content\/uploads\/sites\/5\/2025\/09\/20250915_104154-1.jpg","width":1500,"height":2000},{"@type":"BreadcrumbList","@id":"https:\/\/instytutpolski.pl\/duesseldorf\/uber-das-polnische-institut\/bibliothek\/#breadcrumb","itemListElement":[{"@type":"ListItem","position":1,"name":"Home","item":"https:\/\/instytutpolski.pl\/duesseldorf\/"},{"@type":"ListItem","position":2,"name":"\u00dcber das Polnische Institut","item":"https:\/\/instytutpolski.pl\/duesseldorf\/uber-das-polnische-institut\/"},{"@type":"ListItem","position":3,"name":"Bibliothek"}]},{"@type":"WebSite","@id":"https:\/\/instytutpolski.pl\/duesseldorf\/#website","url":"https:\/\/instytutpolski.pl\/duesseldorf\/","name":"Instytut Polski w Dusseldorfie","description":"Instytuty Polskie","potentialAction":[{"@type":"SearchAction","target":{"@type":"EntryPoint","urlTemplate":"https:\/\/instytutpolski.pl\/duesseldorf\/?s={search_term_string}"},"query-input":{"@type":"PropertyValueSpecification","valueRequired":true,"valueName":"search_term_string"}}],"inLanguage":"pl-PL"}]}},"_links":{"self":[{"href":"https:\/\/instytutpolski.pl\/duesseldorf\/wp-json\/wp\/v2\/pages\/465","targetHints":{"allow":["GET"]}}],"collection":[{"href":"https:\/\/instytutpolski.pl\/duesseldorf\/wp-json\/wp\/v2\/pages"}],"about":[{"href":"https:\/\/instytutpolski.pl\/duesseldorf\/wp-json\/wp\/v2\/types\/page"}],"author":[{"embeddable":true,"href":"https:\/\/instytutpolski.pl\/duesseldorf\/wp-json\/wp\/v2\/users\/103"}],"replies":[{"embeddable":true,"href":"https:\/\/instytutpolski.pl\/duesseldorf\/wp-json\/wp\/v2\/comments?post=465"}],"version-history":[{"count":31,"href":"https:\/\/instytutpolski.pl\/duesseldorf\/wp-json\/wp\/v2\/pages\/465\/revisions"}],"predecessor-version":[{"id":13289,"href":"https:\/\/instytutpolski.pl\/duesseldorf\/wp-json\/wp\/v2\/pages\/465\/revisions\/13289"}],"up":[{"embeddable":true,"href":"https:\/\/instytutpolski.pl\/duesseldorf\/wp-json\/wp\/v2\/pages\/459"}],"wp:featuredmedia":[{"embeddable":true,"href":"https:\/\/instytutpolski.pl\/duesseldorf\/wp-json\/wp\/v2\/media\/13271"}],"wp:attachment":[{"href":"https:\/\/instytutpolski.pl\/duesseldorf\/wp-json\/wp\/v2\/media?parent=465"}],"curies":[{"name":"wp","href":"https:\/\/api.w.org\/{rel}","templated":true}]}}