{"id":479,"date":"2019-06-25T12:16:18","date_gmt":"2019-06-25T10:16:18","guid":{"rendered":"https:\/\/instytutpolski.pl\/dusseldorf\/?page_id=479"},"modified":"2023-12-11T16:12:55","modified_gmt":"2023-12-11T15:12:55","slug":"partner","status":"publish","type":"page","link":"https:\/\/instytutpolski.pl\/duesseldorf\/uber-das-polnische-institut\/partner\/","title":{"rendered":"Galerie &#8211; Fotos &amp; Grundrisse"},"content":{"rendered":"\n<figure class=\"wp-block-image size-large\"><img loading=\"lazy\" decoding=\"async\" width=\"1024\" height=\"726\" src=\"https:\/\/instytutpolski.pl\/duesseldorf\/wp-content\/uploads\/sites\/5\/2023\/11\/Galerie-des-Polnischen-Instituts-Dusseldorf-Grundriss-1024x726.png\" alt=\"\" class=\"wp-image-9473\" srcset=\"https:\/\/instytutpolski.pl\/duesseldorf\/wp-content\/uploads\/sites\/5\/2023\/11\/Galerie-des-Polnischen-Instituts-Dusseldorf-Grundriss-1024x726.png 1024w, https:\/\/instytutpolski.pl\/duesseldorf\/wp-content\/uploads\/sites\/5\/2023\/11\/Galerie-des-Polnischen-Instituts-Dusseldorf-Grundriss-300x213.png 300w, https:\/\/instytutpolski.pl\/duesseldorf\/wp-content\/uploads\/sites\/5\/2023\/11\/Galerie-des-Polnischen-Instituts-Dusseldorf-Grundriss-768x544.png 768w, https:\/\/instytutpolski.pl\/duesseldorf\/wp-content\/uploads\/sites\/5\/2023\/11\/Galerie-des-Polnischen-Instituts-Dusseldorf-Grundriss.png 1119w\" sizes=\"auto, (max-width: 1024px) 100vw, 1024px\" \/><\/figure>\n\n\n\n<p>\u00d6ffnungszeiten der Galerie: Dienstag \u2013 Freitag: 11.00 \u2013 17.00 Uhr, Eintritt frei.<\/p>\n<p>Ansprechpartnerin: Monika Kumi\u0119ga, Kuratorin,\u00a0<a href=\"monika.kumiega@instytutpolski.pl\">monika.kumiega@instytutpolski.pl<\/a><\/p>\n<p>Die Galerie des Polnischen Instituts D\u00fcsseldorf ist seit 30 Jahren ein aktiver Gestalter und Mitveranstalter der D\u00fcsseldorfer Kunstszene.\u00a0 In unseren denkmalgesch\u00fctzten R\u00e4umen auf der Citadellstra\u00dfe 7\u00a0 versuchen wir, den Besucher mit der aktuellen und interessantesten, polnischen,\u00a0 zeitgen\u00f6ssischen Kunst\u00a0 zu konfrontieren und bekannt zu machen, u.a.\u00a0 haben wir bei uns die Werke von Magdalena Abakanowicz, Pawe\u0142 Althamer, Marta Deskur,\u00a0 Aneta Grzeszykowska, Edward Hartwig, Ryszard Horowitz, Tadeusz Kantor, Dominik Lejman, Rafa\u0142 Olbi\u0144ski, Teresa P\u0105gowska, W\u0142adys\u0142aw Strzemi\u0144ski, Teresa Murak, Rafa\u0142 Milach, Jan Bajtlik, Jaros\u0142aw Modzelewski, Jerzy Nowosielski und viele andere pr\u00e4sentiert. Mit gro\u00dfer Freude beteiligen wir uns an Gro\u00dfprojekten wie \u201eDuesseldorf Photo Weekend\u201c, \u201ePhoto+\u201c und \u201eKC &#8211; Kunst in der Carlstadt\u201c und versuchen parallel zu der DC Open und ART D\u00dcSSELDORF immer eine neue, entsprechende Kunstpr\u00e4sentation vorzubereiten. Seit Jahren arbeiten wir mit vielen Kunstinstitutionen und privaten Kunstgalerien eng zusammen: Wir helfen, Kontakte zu der polnischen Kunstszene (Galerien, Museen und K\u00fcnstlern) zu kn\u00fcpfen und arbeiten in Kooperationen, um internationale Projekte zu realisieren.<\/p>\n<p><a href=\"https:\/\/instytutpolski.pl\/duesseldorf\/category\/programm\/kunst\/\">https:\/\/instytutpolski.pl\/duesseldorf\/category\/programm\/kunst\/<\/a><\/p>\n<p>Das Polnische Institut D\u00fcsseldorf ist eins von 26 weltweit verteilten Polnischen Instituten, die das Au\u00dfenministerium der Republik Polen eingerichtet hat mit dem Ziel, die gesellschaftlichen und kulturellen Beziehungen zwischen dem jeweiligen Gastland und Polen durch die Pr\u00e4sentation der polnischen Kultur in all ihren Facetten sowie der Politik, Geschichte, Gesellschaft und Bildung zu intensivieren.<\/p>\n<p>Das 1993 in D\u00fcsseldorf gegr\u00fcndete Polnische Institut ist zum aktiven Mitgestalter des kulturellen Lebens in NRW und in den benachbarten Bundesl\u00e4ndern Rheinland-Pfalz, Hessen und Saarland geworden. Seine T\u00e4tigkeit reicht weit \u00fcber den eigenen, eindrucksvollen Sitz hinaus. Au\u00dfer den vor Ort organisierten Ausstellungen, Seminaren, Workshops, Vortr\u00e4gen und Diskussionen nimmt das Institut an zahlreichen Initiativen deutscher Museen und Hochschulen aktiv teil. Es gestaltet die Programme von Theatern, Kulturfestivals, Konzert- und Kinos\u00e4len, Museen sowie internationalen Messen (Mode, Game Industry) mit.\u00a0<\/p>\n<p>Im Bild: Jaros\u0142aw Modzelewski, Ausstellung &#8222;Die Gleichg\u00fcltigkeit der Welt&#8221; in der Galerie des Polnischen Instituts D\u00fcsseldorf, 2021<\/p>\n\n\n<a href=\"https:\/\/instytutpolski.pl\/duesseldorf\/wp-content\/uploads\/sites\/5\/2023\/11\/Raum1_Galerie-des-Polnischen-Instituts-Dusseldorf.pdf\" class=\"pdfemb-viewer\" style=\"\" data-width=\"max\" data-height=\"max\" data-toolbar=\"bottom\" data-toolbar-fixed=\"off\">Raum1_Galerie-des-Polnischen-Instituts-Dusseldorf<\/a>\n<p class=\"wp-block-pdfemb-pdf-embedder-viewer\"><\/p>\n\n\n<a href=\"https:\/\/instytutpolski.pl\/duesseldorf\/wp-content\/uploads\/sites\/5\/2023\/11\/Raum2_Galerie-des-Polnischen-Instituts-Dusseldorf.pdf\" class=\"pdfemb-viewer\" style=\"\" data-width=\"max\" data-height=\"max\" data-toolbar=\"bottom\" data-toolbar-fixed=\"off\">Raum2_Galerie-des-Polnischen-Instituts-Dusseldorf<\/a>\n<p class=\"wp-block-pdfemb-pdf-embedder-viewer\"><\/p>\n\n\n<a href=\"https:\/\/instytutpolski.pl\/duesseldorf\/wp-content\/uploads\/sites\/5\/2023\/11\/Raum3_Galerie-des-Polnischen-Instituts-Dusseldorf.pdf\" class=\"pdfemb-viewer\" style=\"\" data-width=\"max\" data-height=\"max\" data-toolbar=\"bottom\" data-toolbar-fixed=\"off\">Raum3_Galerie-des-Polnischen-Instituts-Dusseldorf<\/a>\n<p class=\"wp-block-pdfemb-pdf-embedder-viewer\"><\/p>\n\n\n<a href=\"https:\/\/instytutpolski.pl\/duesseldorf\/wp-content\/uploads\/sites\/5\/2023\/11\/Raum4_Galerie-des-Polnischen-Instituts-Dusseldorf.pdf\" class=\"pdfemb-viewer\" style=\"\" data-width=\"max\" data-height=\"max\" data-toolbar=\"bottom\" data-toolbar-fixed=\"off\">Raum4_Galerie-des-Polnischen-Instituts-Dusseldorf<\/a>\n<p class=\"wp-block-pdfemb-pdf-embedder-viewer\"><\/p>\n\n\n<a href=\"https:\/\/instytutpolski.pl\/duesseldorf\/wp-content\/uploads\/sites\/5\/2023\/11\/Raum5_Galerie-des-Polnischen-Instituts-Dusseldorf.pdf\" class=\"pdfemb-viewer\" style=\"\" data-width=\"max\" data-height=\"max\" data-toolbar=\"bottom\" data-toolbar-fixed=\"off\">Raum5_Galerie-des-Polnischen-Instituts-Dusseldorf<\/a>\n<p class=\"wp-block-pdfemb-pdf-embedder-viewer\"><\/p>\n","protected":false},"excerpt":{"rendered":"<p>\u00d6ffnungszeiten der Galerie: Dienstag \u2013 Freitag: 11.00 \u2013 17.00 Uhr, Eintritt frei. Ansprechpartnerin: Monika Kumi\u0119ga, Kuratorin,\u00a0monika.kumiega@instytutpolski.pl Die Galerie des Polnischen Instituts D\u00fcsseldorf ist seit 30 Jahren ein aktiver Gestalter und Mitveranstalter der D\u00fcsseldorfer Kunstszene.\u00a0 In unseren denkmalgesch\u00fctzten R\u00e4umen auf der Citadellstra\u00dfe 7\u00a0 versuchen wir, den Besucher mit der aktuellen und interessantesten, polnischen,\u00a0 zeitgen\u00f6ssischen Kunst\u00a0 zu [&hellip;]<\/p>\n","protected":false},"author":1,"featured_media":5775,"parent":459,"menu_order":0,"comment_status":"closed","ping_status":"closed","template":"","meta":{"inline_featured_image":false,"_monsterinsights_skip_tracking":false,"_monsterinsights_sitenote_active":false,"_monsterinsights_sitenote_note":"","_monsterinsights_sitenote_category":0,"footnotes":""},"class_list":["post-479","page","type-page","status-publish","has-post-thumbnail","hentry"],"yoast_head":"<!-- This site is optimized with the Yoast SEO plugin v24.6 - https:\/\/yoast.com\/wordpress\/plugins\/seo\/ -->\n<title>Galerie - Fotos &amp; Grundrisse - Instytut Polski w Dusseldorfie<\/title>\n<meta name=\"robots\" content=\"index, follow, max-snippet:-1, max-image-preview:large, max-video-preview:-1\" \/>\n<link rel=\"canonical\" href=\"https:\/\/instytutpolski.pl\/duesseldorf\/uber-das-polnische-institut\/partner\/\" \/>\n<meta property=\"og:locale\" content=\"pl_PL\" \/>\n<meta property=\"og:type\" content=\"article\" \/>\n<meta property=\"og:title\" content=\"Galerie - Fotos &amp; Grundrisse - Instytut Polski w Dusseldorfie\" \/>\n<meta property=\"og:description\" content=\"\u00d6ffnungszeiten der Galerie: Dienstag \u2013 Freitag: 11.00 \u2013 17.00 Uhr, Eintritt frei. Ansprechpartnerin: Monika Kumi\u0119ga, Kuratorin,\u00a0monika.kumiega@instytutpolski.pl Die Galerie des Polnischen Instituts D\u00fcsseldorf ist seit 30 Jahren ein aktiver Gestalter und Mitveranstalter der D\u00fcsseldorfer Kunstszene.\u00a0 In unseren denkmalgesch\u00fctzten R\u00e4umen auf der Citadellstra\u00dfe 7\u00a0 versuchen wir, den Besucher mit der aktuellen und interessantesten, polnischen,\u00a0 zeitgen\u00f6ssischen Kunst\u00a0 zu [&hellip;]\" \/>\n<meta property=\"og:url\" content=\"https:\/\/instytutpolski.pl\/duesseldorf\/uber-das-polnische-institut\/partner\/\" \/>\n<meta property=\"og:site_name\" content=\"Instytut Polski w Dusseldorfie\" \/>\n<meta property=\"article:modified_time\" content=\"2023-12-11T15:12:55+00:00\" \/>\n<meta property=\"og:image\" content=\"https:\/\/instytutpolski.pl\/duesseldorf\/wp-content\/uploads\/sites\/5\/2021\/08\/Jaros\u253ceaw-Modzelewski_50-1024x683.jpg\" \/>\n\t<meta property=\"og:image:width\" content=\"1024\" \/>\n\t<meta property=\"og:image:height\" content=\"683\" \/>\n\t<meta property=\"og:image:type\" content=\"image\/jpeg\" \/>\n<meta name=\"twitter:card\" content=\"summary_large_image\" \/>\n<meta name=\"twitter:label1\" content=\"Szacowany czas czytania\" \/>\n\t<meta name=\"twitter:data1\" content=\"3 minuty\" \/>\n<script type=\"application\/ld+json\" class=\"yoast-schema-graph\">{\"@context\":\"https:\/\/schema.org\",\"@graph\":[{\"@type\":\"WebPage\",\"@id\":\"https:\/\/instytutpolski.pl\/duesseldorf\/uber-das-polnische-institut\/partner\/\",\"url\":\"https:\/\/instytutpolski.pl\/duesseldorf\/uber-das-polnische-institut\/partner\/\",\"name\":\"Galerie - Fotos &amp; Grundrisse - Instytut Polski w Dusseldorfie\",\"isPartOf\":{\"@id\":\"https:\/\/instytutpolski.pl\/duesseldorf\/#website\"},\"primaryImageOfPage\":{\"@id\":\"https:\/\/instytutpolski.pl\/duesseldorf\/uber-das-polnische-institut\/partner\/#primaryimage\"},\"image\":{\"@id\":\"https:\/\/instytutpolski.pl\/duesseldorf\/uber-das-polnische-institut\/partner\/#primaryimage\"},\"thumbnailUrl\":\"https:\/\/instytutpolski.pl\/duesseldorf\/wp-content\/uploads\/sites\/5\/2021\/08\/Jaros\u253ceaw-Modzelewski_50.jpg\",\"datePublished\":\"2019-06-25T10:16:18+00:00\",\"dateModified\":\"2023-12-11T15:12:55+00:00\",\"breadcrumb\":{\"@id\":\"https:\/\/instytutpolski.pl\/duesseldorf\/uber-das-polnische-institut\/partner\/#breadcrumb\"},\"inLanguage\":\"pl-PL\",\"potentialAction\":[{\"@type\":\"ReadAction\",\"target\":[\"https:\/\/instytutpolski.pl\/duesseldorf\/uber-das-polnische-institut\/partner\/\"]}]},{\"@type\":\"ImageObject\",\"inLanguage\":\"pl-PL\",\"@id\":\"https:\/\/instytutpolski.pl\/duesseldorf\/uber-das-polnische-institut\/partner\/#primaryimage\",\"url\":\"https:\/\/instytutpolski.pl\/duesseldorf\/wp-content\/uploads\/sites\/5\/2021\/08\/Jaros\u253ceaw-Modzelewski_50.jpg\",\"contentUrl\":\"https:\/\/instytutpolski.pl\/duesseldorf\/wp-content\/uploads\/sites\/5\/2021\/08\/Jaros\u253ceaw-Modzelewski_50.jpg\",\"width\":2362,\"height\":1575},{\"@type\":\"BreadcrumbList\",\"@id\":\"https:\/\/instytutpolski.pl\/duesseldorf\/uber-das-polnische-institut\/partner\/#breadcrumb\",\"itemListElement\":[{\"@type\":\"ListItem\",\"position\":1,\"name\":\"Home\",\"item\":\"https:\/\/instytutpolski.pl\/duesseldorf\/\"},{\"@type\":\"ListItem\",\"position\":2,\"name\":\"\u00dcber das Polnische Institut\",\"item\":\"https:\/\/instytutpolski.pl\/duesseldorf\/uber-das-polnische-institut\/\"},{\"@type\":\"ListItem\",\"position\":3,\"name\":\"Galerie &#8211; Fotos &amp; Grundrisse\"}]},{\"@type\":\"WebSite\",\"@id\":\"https:\/\/instytutpolski.pl\/duesseldorf\/#website\",\"url\":\"https:\/\/instytutpolski.pl\/duesseldorf\/\",\"name\":\"Instytut Polski w Dusseldorfie\",\"description\":\"Instytuty Polskie\",\"potentialAction\":[{\"@type\":\"SearchAction\",\"target\":{\"@type\":\"EntryPoint\",\"urlTemplate\":\"https:\/\/instytutpolski.pl\/duesseldorf\/?s={search_term_string}\"},\"query-input\":{\"@type\":\"PropertyValueSpecification\",\"valueRequired\":true,\"valueName\":\"search_term_string\"}}],\"inLanguage\":\"pl-PL\"}]}<\/script>\n<!-- \/ Yoast SEO plugin. -->","yoast_head_json":{"title":"Galerie - Fotos &amp; Grundrisse - Instytut Polski w Dusseldorfie","robots":{"index":"index","follow":"follow","max-snippet":"max-snippet:-1","max-image-preview":"max-image-preview:large","max-video-preview":"max-video-preview:-1"},"canonical":"https:\/\/instytutpolski.pl\/duesseldorf\/uber-das-polnische-institut\/partner\/","og_locale":"pl_PL","og_type":"article","og_title":"Galerie - Fotos &amp; Grundrisse - Instytut Polski w Dusseldorfie","og_description":"\u00d6ffnungszeiten der Galerie: Dienstag \u2013 Freitag: 11.00 \u2013 17.00 Uhr, Eintritt frei. Ansprechpartnerin: Monika Kumi\u0119ga, Kuratorin,\u00a0monika.kumiega@instytutpolski.pl Die Galerie des Polnischen Instituts D\u00fcsseldorf ist seit 30 Jahren ein aktiver Gestalter und Mitveranstalter der D\u00fcsseldorfer Kunstszene.\u00a0 In unseren denkmalgesch\u00fctzten R\u00e4umen auf der Citadellstra\u00dfe 7\u00a0 versuchen wir, den Besucher mit der aktuellen und interessantesten, polnischen,\u00a0 zeitgen\u00f6ssischen Kunst\u00a0 zu [&hellip;]","og_url":"https:\/\/instytutpolski.pl\/duesseldorf\/uber-das-polnische-institut\/partner\/","og_site_name":"Instytut Polski w Dusseldorfie","article_modified_time":"2023-12-11T15:12:55+00:00","og_image":[{"width":1024,"height":683,"url":"https:\/\/instytutpolski.pl\/duesseldorf\/wp-content\/uploads\/sites\/5\/2021\/08\/Jaros\u253ceaw-Modzelewski_50-1024x683.jpg","type":"image\/jpeg"}],"twitter_card":"summary_large_image","twitter_misc":{"Szacowany czas czytania":"3 minuty"},"schema":{"@context":"https:\/\/schema.org","@graph":[{"@type":"WebPage","@id":"https:\/\/instytutpolski.pl\/duesseldorf\/uber-das-polnische-institut\/partner\/","url":"https:\/\/instytutpolski.pl\/duesseldorf\/uber-das-polnische-institut\/partner\/","name":"Galerie - Fotos &amp; Grundrisse - Instytut Polski w Dusseldorfie","isPartOf":{"@id":"https:\/\/instytutpolski.pl\/duesseldorf\/#website"},"primaryImageOfPage":{"@id":"https:\/\/instytutpolski.pl\/duesseldorf\/uber-das-polnische-institut\/partner\/#primaryimage"},"image":{"@id":"https:\/\/instytutpolski.pl\/duesseldorf\/uber-das-polnische-institut\/partner\/#primaryimage"},"thumbnailUrl":"https:\/\/instytutpolski.pl\/duesseldorf\/wp-content\/uploads\/sites\/5\/2021\/08\/Jaros\u253ceaw-Modzelewski_50.jpg","datePublished":"2019-06-25T10:16:18+00:00","dateModified":"2023-12-11T15:12:55+00:00","breadcrumb":{"@id":"https:\/\/instytutpolski.pl\/duesseldorf\/uber-das-polnische-institut\/partner\/#breadcrumb"},"inLanguage":"pl-PL","potentialAction":[{"@type":"ReadAction","target":["https:\/\/instytutpolski.pl\/duesseldorf\/uber-das-polnische-institut\/partner\/"]}]},{"@type":"ImageObject","inLanguage":"pl-PL","@id":"https:\/\/instytutpolski.pl\/duesseldorf\/uber-das-polnische-institut\/partner\/#primaryimage","url":"https:\/\/instytutpolski.pl\/duesseldorf\/wp-content\/uploads\/sites\/5\/2021\/08\/Jaros\u253ceaw-Modzelewski_50.jpg","contentUrl":"https:\/\/instytutpolski.pl\/duesseldorf\/wp-content\/uploads\/sites\/5\/2021\/08\/Jaros\u253ceaw-Modzelewski_50.jpg","width":2362,"height":1575},{"@type":"BreadcrumbList","@id":"https:\/\/instytutpolski.pl\/duesseldorf\/uber-das-polnische-institut\/partner\/#breadcrumb","itemListElement":[{"@type":"ListItem","position":1,"name":"Home","item":"https:\/\/instytutpolski.pl\/duesseldorf\/"},{"@type":"ListItem","position":2,"name":"\u00dcber das Polnische Institut","item":"https:\/\/instytutpolski.pl\/duesseldorf\/uber-das-polnische-institut\/"},{"@type":"ListItem","position":3,"name":"Galerie &#8211; Fotos &amp; Grundrisse"}]},{"@type":"WebSite","@id":"https:\/\/instytutpolski.pl\/duesseldorf\/#website","url":"https:\/\/instytutpolski.pl\/duesseldorf\/","name":"Instytut Polski w Dusseldorfie","description":"Instytuty Polskie","potentialAction":[{"@type":"SearchAction","target":{"@type":"EntryPoint","urlTemplate":"https:\/\/instytutpolski.pl\/duesseldorf\/?s={search_term_string}"},"query-input":{"@type":"PropertyValueSpecification","valueRequired":true,"valueName":"search_term_string"}}],"inLanguage":"pl-PL"}]}},"_links":{"self":[{"href":"https:\/\/instytutpolski.pl\/duesseldorf\/wp-json\/wp\/v2\/pages\/479","targetHints":{"allow":["GET"]}}],"collection":[{"href":"https:\/\/instytutpolski.pl\/duesseldorf\/wp-json\/wp\/v2\/pages"}],"about":[{"href":"https:\/\/instytutpolski.pl\/duesseldorf\/wp-json\/wp\/v2\/types\/page"}],"author":[{"embeddable":true,"href":"https:\/\/instytutpolski.pl\/duesseldorf\/wp-json\/wp\/v2\/users\/1"}],"replies":[{"embeddable":true,"href":"https:\/\/instytutpolski.pl\/duesseldorf\/wp-json\/wp\/v2\/comments?post=479"}],"version-history":[{"count":10,"href":"https:\/\/instytutpolski.pl\/duesseldorf\/wp-json\/wp\/v2\/pages\/479\/revisions"}],"predecessor-version":[{"id":9542,"href":"https:\/\/instytutpolski.pl\/duesseldorf\/wp-json\/wp\/v2\/pages\/479\/revisions\/9542"}],"up":[{"embeddable":true,"href":"https:\/\/instytutpolski.pl\/duesseldorf\/wp-json\/wp\/v2\/pages\/459"}],"wp:featuredmedia":[{"embeddable":true,"href":"https:\/\/instytutpolski.pl\/duesseldorf\/wp-json\/wp\/v2\/media\/5775"}],"wp:attachment":[{"href":"https:\/\/instytutpolski.pl\/duesseldorf\/wp-json\/wp\/v2\/media?parent=479"}],"curies":[{"name":"wp","href":"https:\/\/api.w.org\/{rel}","templated":true}]}}