{"id":481,"date":"2019-06-25T12:16:32","date_gmt":"2019-06-25T10:16:32","guid":{"rendered":"https:\/\/instytutpolski.pl\/dusseldorf\/?page_id=481"},"modified":"2021-08-05T15:30:21","modified_gmt":"2021-08-05T13:30:21","slug":"download","status":"publish","type":"page","link":"https:\/\/instytutpolski.pl\/duesseldorf\/uber-das-polnische-institut\/download\/","title":{"rendered":"Download"},"content":{"rendered":"\n<p>Erstes interaktives E-Book \u00fcber die Geschichte der polnischen Fotografie. \/ Pierwszy interaktywny e-book o historii polskiej fotografii. <strong>Das erste Kapitel \u201eDas Zeitalter des Monochroms\u201d<\/strong><br \/><strong>\u2013\u00a0<\/strong><strong><a href=\"https:\/\/indd.adobe.com\/view\/5022b4cb-07a1-486a-ada1-ff803fd0ffe8\">E-Book \u2013 Das Zeitalter des Monochroms \u2013 Online-Version<\/a><\/strong><br \/><strong>\u2013\u00a0<\/strong><a href=\"http:\/\/www.privmag.com\/?p=717\"><strong>E-Book \u2013 Das Zeitalter des Monochroms \u2013 zum Herunterladen<\/strong><\/a><\/p>\n<p><strong>UNSERE LITERATUR-PODCASTS:<\/strong><\/p>\n<p><strong>PIDcast#3 &#8211; \u201eFilip\u201c von Leopold Tyrmand<\/strong><br \/><a href=\"https:\/\/polnischesinstitutduesseldorf.podbean.com\/e\/%e2%80%9efilip-von-leopold-tyrmand-pidcast3\/\">https:\/\/polnischesinstitutduesseldorf.podbean.com\/e\/%e2%80%9efilip-von-leopold-tyrmand-pidcast3\/<\/a><\/p>\n<p><strong>PIDcast#2 &#8211; Zoff wegen der Gravitation &#8211; Stanis\u0142aw Lem<\/strong><br \/><a href=\"https:\/\/polnischesinstitutduesseldorf.podbean.com\/e\/zoff-wegen-der-gravitation-pidcast2-stanislaw-lem\/\">https:\/\/polnischesinstitutduesseldorf.podbean.com\/e\/zoff-wegen-der-gravitation-pidcast2-stanislaw-lem\/<\/a><\/p>\n<p><strong>PIDcast#1 &#8211; Tadeusz R\u00f3\u017cewicz &#8211; &#8222;Unser \u00e4lterer Bruder&#8221;<\/strong><br \/><a href=\"https:\/\/polnischesinstitutduesseldorf.podbean.com\/e\/tadeusz-rozewicz-%e2%80%9eunser-alterer-bruder-pidcast1\/\">https:\/\/polnischesinstitutduesseldorf.podbean.com\/e\/tadeusz-rozewicz-%e2%80%9eunser-alterer-bruder-pidcast1\/<\/a><\/p>\n","protected":false},"excerpt":{"rendered":"<p>Erstes interaktives E-Book \u00fcber die Geschichte der polnischen Fotografie. \/ Pierwszy interaktywny e-book o historii polskiej fotografii. Das erste Kapitel \u201eDas Zeitalter des Monochroms\u201d\u2013\u00a0E-Book \u2013 Das Zeitalter des Monochroms \u2013 Online-Version\u2013\u00a0E-Book \u2013 Das Zeitalter des Monochroms \u2013 zum Herunterladen UNSERE LITERATUR-PODCASTS: PIDcast#3 &#8211; \u201eFilip\u201c von Leopold Tyrmandhttps:\/\/polnischesinstitutduesseldorf.podbean.com\/e\/%e2%80%9efilip-von-leopold-tyrmand-pidcast3\/ PIDcast#2 &#8211; Zoff wegen der Gravitation &#8211; Stanis\u0142aw [&hellip;]<\/p>\n","protected":false},"author":1,"featured_media":0,"parent":459,"menu_order":0,"comment_status":"closed","ping_status":"closed","template":"","meta":{"inline_featured_image":false,"_monsterinsights_skip_tracking":false,"_monsterinsights_sitenote_active":false,"_monsterinsights_sitenote_note":"","_monsterinsights_sitenote_category":0,"footnotes":""},"class_list":["post-481","page","type-page","status-publish","hentry"],"yoast_head":"<!-- This site is optimized with the Yoast SEO plugin v24.6 - https:\/\/yoast.com\/wordpress\/plugins\/seo\/ -->\n<title>Download - Instytut Polski w Dusseldorfie<\/title>\n<meta name=\"robots\" content=\"index, follow, max-snippet:-1, max-image-preview:large, max-video-preview:-1\" \/>\n<link rel=\"canonical\" href=\"https:\/\/instytutpolski.pl\/duesseldorf\/uber-das-polnische-institut\/download\/\" \/>\n<meta property=\"og:locale\" content=\"pl_PL\" \/>\n<meta property=\"og:type\" content=\"article\" \/>\n<meta property=\"og:title\" content=\"Download - Instytut Polski w Dusseldorfie\" \/>\n<meta property=\"og:description\" content=\"Erstes interaktives E-Book \u00fcber die Geschichte der polnischen Fotografie. \/ Pierwszy interaktywny e-book o historii polskiej fotografii. Das erste Kapitel \u201eDas Zeitalter des Monochroms\u201d\u2013\u00a0E-Book \u2013 Das Zeitalter des Monochroms \u2013 Online-Version\u2013\u00a0E-Book \u2013 Das Zeitalter des Monochroms \u2013 zum Herunterladen UNSERE LITERATUR-PODCASTS: PIDcast#3 &#8211; \u201eFilip\u201c von Leopold Tyrmandhttps:\/\/polnischesinstitutduesseldorf.podbean.com\/e\/%e2%80%9efilip-von-leopold-tyrmand-pidcast3\/ PIDcast#2 &#8211; Zoff wegen der Gravitation &#8211; Stanis\u0142aw [&hellip;]\" \/>\n<meta property=\"og:url\" content=\"https:\/\/instytutpolski.pl\/duesseldorf\/uber-das-polnische-institut\/download\/\" \/>\n<meta property=\"og:site_name\" content=\"Instytut Polski w Dusseldorfie\" \/>\n<meta property=\"article:modified_time\" content=\"2021-08-05T13:30:21+00:00\" \/>\n<meta name=\"twitter:card\" content=\"summary_large_image\" \/>\n<script type=\"application\/ld+json\" class=\"yoast-schema-graph\">{\"@context\":\"https:\/\/schema.org\",\"@graph\":[{\"@type\":\"WebPage\",\"@id\":\"https:\/\/instytutpolski.pl\/duesseldorf\/uber-das-polnische-institut\/download\/\",\"url\":\"https:\/\/instytutpolski.pl\/duesseldorf\/uber-das-polnische-institut\/download\/\",\"name\":\"Download - Instytut Polski w Dusseldorfie\",\"isPartOf\":{\"@id\":\"https:\/\/instytutpolski.pl\/duesseldorf\/#website\"},\"datePublished\":\"2019-06-25T10:16:32+00:00\",\"dateModified\":\"2021-08-05T13:30:21+00:00\",\"breadcrumb\":{\"@id\":\"https:\/\/instytutpolski.pl\/duesseldorf\/uber-das-polnische-institut\/download\/#breadcrumb\"},\"inLanguage\":\"pl-PL\",\"potentialAction\":[{\"@type\":\"ReadAction\",\"target\":[\"https:\/\/instytutpolski.pl\/duesseldorf\/uber-das-polnische-institut\/download\/\"]}]},{\"@type\":\"BreadcrumbList\",\"@id\":\"https:\/\/instytutpolski.pl\/duesseldorf\/uber-das-polnische-institut\/download\/#breadcrumb\",\"itemListElement\":[{\"@type\":\"ListItem\",\"position\":1,\"name\":\"Home\",\"item\":\"https:\/\/instytutpolski.pl\/duesseldorf\/\"},{\"@type\":\"ListItem\",\"position\":2,\"name\":\"\u00dcber das Polnische Institut\",\"item\":\"https:\/\/instytutpolski.pl\/duesseldorf\/uber-das-polnische-institut\/\"},{\"@type\":\"ListItem\",\"position\":3,\"name\":\"Download\"}]},{\"@type\":\"WebSite\",\"@id\":\"https:\/\/instytutpolski.pl\/duesseldorf\/#website\",\"url\":\"https:\/\/instytutpolski.pl\/duesseldorf\/\",\"name\":\"Instytut Polski w Dusseldorfie\",\"description\":\"Instytuty Polskie\",\"potentialAction\":[{\"@type\":\"SearchAction\",\"target\":{\"@type\":\"EntryPoint\",\"urlTemplate\":\"https:\/\/instytutpolski.pl\/duesseldorf\/?s={search_term_string}\"},\"query-input\":{\"@type\":\"PropertyValueSpecification\",\"valueRequired\":true,\"valueName\":\"search_term_string\"}}],\"inLanguage\":\"pl-PL\"}]}<\/script>\n<!-- \/ Yoast SEO plugin. -->","yoast_head_json":{"title":"Download - Instytut Polski w Dusseldorfie","robots":{"index":"index","follow":"follow","max-snippet":"max-snippet:-1","max-image-preview":"max-image-preview:large","max-video-preview":"max-video-preview:-1"},"canonical":"https:\/\/instytutpolski.pl\/duesseldorf\/uber-das-polnische-institut\/download\/","og_locale":"pl_PL","og_type":"article","og_title":"Download - Instytut Polski w Dusseldorfie","og_description":"Erstes interaktives E-Book \u00fcber die Geschichte der polnischen Fotografie. \/ Pierwszy interaktywny e-book o historii polskiej fotografii. Das erste Kapitel \u201eDas Zeitalter des Monochroms\u201d\u2013\u00a0E-Book \u2013 Das Zeitalter des Monochroms \u2013 Online-Version\u2013\u00a0E-Book \u2013 Das Zeitalter des Monochroms \u2013 zum Herunterladen UNSERE LITERATUR-PODCASTS: PIDcast#3 &#8211; \u201eFilip\u201c von Leopold Tyrmandhttps:\/\/polnischesinstitutduesseldorf.podbean.com\/e\/%e2%80%9efilip-von-leopold-tyrmand-pidcast3\/ PIDcast#2 &#8211; Zoff wegen der Gravitation &#8211; Stanis\u0142aw [&hellip;]","og_url":"https:\/\/instytutpolski.pl\/duesseldorf\/uber-das-polnische-institut\/download\/","og_site_name":"Instytut Polski w Dusseldorfie","article_modified_time":"2021-08-05T13:30:21+00:00","twitter_card":"summary_large_image","schema":{"@context":"https:\/\/schema.org","@graph":[{"@type":"WebPage","@id":"https:\/\/instytutpolski.pl\/duesseldorf\/uber-das-polnische-institut\/download\/","url":"https:\/\/instytutpolski.pl\/duesseldorf\/uber-das-polnische-institut\/download\/","name":"Download - Instytut Polski w Dusseldorfie","isPartOf":{"@id":"https:\/\/instytutpolski.pl\/duesseldorf\/#website"},"datePublished":"2019-06-25T10:16:32+00:00","dateModified":"2021-08-05T13:30:21+00:00","breadcrumb":{"@id":"https:\/\/instytutpolski.pl\/duesseldorf\/uber-das-polnische-institut\/download\/#breadcrumb"},"inLanguage":"pl-PL","potentialAction":[{"@type":"ReadAction","target":["https:\/\/instytutpolski.pl\/duesseldorf\/uber-das-polnische-institut\/download\/"]}]},{"@type":"BreadcrumbList","@id":"https:\/\/instytutpolski.pl\/duesseldorf\/uber-das-polnische-institut\/download\/#breadcrumb","itemListElement":[{"@type":"ListItem","position":1,"name":"Home","item":"https:\/\/instytutpolski.pl\/duesseldorf\/"},{"@type":"ListItem","position":2,"name":"\u00dcber das Polnische Institut","item":"https:\/\/instytutpolski.pl\/duesseldorf\/uber-das-polnische-institut\/"},{"@type":"ListItem","position":3,"name":"Download"}]},{"@type":"WebSite","@id":"https:\/\/instytutpolski.pl\/duesseldorf\/#website","url":"https:\/\/instytutpolski.pl\/duesseldorf\/","name":"Instytut Polski w Dusseldorfie","description":"Instytuty Polskie","potentialAction":[{"@type":"SearchAction","target":{"@type":"EntryPoint","urlTemplate":"https:\/\/instytutpolski.pl\/duesseldorf\/?s={search_term_string}"},"query-input":{"@type":"PropertyValueSpecification","valueRequired":true,"valueName":"search_term_string"}}],"inLanguage":"pl-PL"}]}},"_links":{"self":[{"href":"https:\/\/instytutpolski.pl\/duesseldorf\/wp-json\/wp\/v2\/pages\/481","targetHints":{"allow":["GET"]}}],"collection":[{"href":"https:\/\/instytutpolski.pl\/duesseldorf\/wp-json\/wp\/v2\/pages"}],"about":[{"href":"https:\/\/instytutpolski.pl\/duesseldorf\/wp-json\/wp\/v2\/types\/page"}],"author":[{"embeddable":true,"href":"https:\/\/instytutpolski.pl\/duesseldorf\/wp-json\/wp\/v2\/users\/1"}],"replies":[{"embeddable":true,"href":"https:\/\/instytutpolski.pl\/duesseldorf\/wp-json\/wp\/v2\/comments?post=481"}],"version-history":[{"count":10,"href":"https:\/\/instytutpolski.pl\/duesseldorf\/wp-json\/wp\/v2\/pages\/481\/revisions"}],"predecessor-version":[{"id":5823,"href":"https:\/\/instytutpolski.pl\/duesseldorf\/wp-json\/wp\/v2\/pages\/481\/revisions\/5823"}],"up":[{"embeddable":true,"href":"https:\/\/instytutpolski.pl\/duesseldorf\/wp-json\/wp\/v2\/pages\/459"}],"wp:attachment":[{"href":"https:\/\/instytutpolski.pl\/duesseldorf\/wp-json\/wp\/v2\/media?parent=481"}],"curies":[{"name":"wp","href":"https:\/\/api.w.org\/{rel}","templated":true}]}}