{"id":102,"date":"2019-06-07T08:11:27","date_gmt":"2019-06-07T06:11:27","guid":{"rendered":"https:\/\/instytutpolski.pl\/kijow\/?page_id=102"},"modified":"2019-06-07T08:36:07","modified_gmt":"2019-06-07T06:36:07","slug":"misja-i-zadania-instytutow-polskich-na-swiecie","status":"publish","type":"page","link":"https:\/\/instytutpolski.pl\/kyiv\/pl\/misja-i-zadania-instytutow-polskich-na-swiecie\/","title":{"rendered":"Misja"},"content":{"rendered":"\n<h2 class=\"wp-block-heading\">Misja i zadania Instytut\u00f3w Polskich na \u015bwiecie<\/h2>\n\n\n\n<p>Powo\u0142ywane decyzj\u0105 ministra spraw zagranicznych Instytuty Polskie s\u0105 wa\u017cnym narz\u0119dziem polskiej polityki zagranicznej. G\u0142\u00f3wnym zadaniem sieci Instytut\u00f3w\u00a0 jest realizacja przes\u0142ania polskiej dyplomacji publicznej: dbania o dobre imi\u0119 Polski i jej nieskazitelny wizerunek, w szczeg\u00f3lno\u015bci poprzez zapewnienie polskiej obecno\u015bci w przedsi\u0119wzi\u0119ciach mi\u0119dzynarodowych oraz nawi\u0105zywanie i utrzymywanie kontakt\u00f3w z zagranicznymi partnerami z dziedziny kultury, edukacji, nauki i \u017cycia spo\u0142ecznego.<\/p>\n<p><br \/>Dzia\u0142alno\u015b\u0107 Instytut\u00f3w Polskich ma na celu promocj\u0119 wsp\u00f3\u0142czesnej Polski \u2013 pa\u0144stwa nowoczesnego, aktywnego na arenie mi\u0119dzynarodowej, przyk\u0142adu pokojowych, zako\u0144czonych sukcesem przemian politycznych i gospodarczych. Ponadto istotne jest eliminowanie nieprawdziwych stereotyp\u00f3w i krzywdz\u0105cych dla nas, jednostronnych opinii dotycz\u0105cych najnowszej historii naszego kraju.<\/p>\n<p><br \/>Instytuty Polskie podejmuj\u0105 konsekwentne dzia\u0142ania w celu dotarcia do w\u0142a\u015bciwego kr\u0119gu odbiorc\u00f3w. Wsp\u00f3\u0142pracuj\u0105 w pa\u0144stwach przyjmuj\u0105cych z lokalnymi instytucjami kultury, organizacjami polonijnymi, o\u015brodkami badawczo-rozwojowymi i lokalnymi mediami.<\/p>\n<p><br \/>Wielop\u0142aszczyznowa dzia\u0142alno\u015b\u0107 Instytut\u00f3w Polskich dotyczy dzia\u0142a\u0144 z zakresu szeroko rozumianej dyplomacji publicznej oraz budowania pozytywnego wizerunku Polski za granic\u0105, takich jak: polityka informacyjna, gospodarka, historia, kultura, edukacja, nauka, szkolnictwo i j\u0119zyk, czy te\u017c sport i turystyka, a nawet sztuka kulinarna.<\/p>\n<p><br \/>Instytuty Polskie uwzgl\u0119dniaj\u0105 w swej dzia\u0142alno\u015bci budowanie grona przysz\u0142ych sprzymierze\u0144c\u00f3w w dziele popularyzacji polskiego dorobku \u2013 pracownik\u00f3w i student\u00f3w wydzia\u0142\u00f3w polonoznawczych, polonistyk, slawistyk i studi\u00f3w \u015brodkowoeuropejskich, a tak\u017ce pracuj\u0105 na rzecz udzia\u0142u polskiej kadry naukowej w procesie kszta\u0142cenia m\u0142odzie\u017cy w kraju urz\u0119dowania.<\/p>\n<p><br \/>Finansowanie dzia\u0142alno\u015bci Instytut\u00f3w Polskich zapewnia Ministerstwo Spraw Zagranicznych. Instytuty aktywnie wspieraj\u0105 r\u00f3wnie\u017c prezentacj\u0119 kultury polskiej za granic\u0105 realizowan\u0105 przez takie instytucje jak m. in.: Instytut Adama Mickiewicza, Polski Instytut Sztuki Filmowej, Instytut Ksi\u0105\u017cki, Instytut Teatralny czy Narodowy Instytut Fryderyka Chopina.<\/p>\n","protected":false},"excerpt":{"rendered":"<p>Misja i zadania Instytut\u00f3w Polskich na \u015bwiecie Powo\u0142ywane decyzj\u0105 ministra spraw zagranicznych Instytuty Polskie s\u0105 wa\u017cnym narz\u0119dziem polskiej polityki zagranicznej. G\u0142\u00f3wnym zadaniem sieci Instytut\u00f3w\u00a0 jest realizacja przes\u0142ania polskiej dyplomacji publicznej: dbania o dobre imi\u0119 Polski i jej nieskazitelny wizerunek, w szczeg\u00f3lno\u015bci poprzez zapewnienie polskiej obecno\u015bci w przedsi\u0119wzi\u0119ciach mi\u0119dzynarodowych oraz nawi\u0105zywanie i utrzymywanie kontakt\u00f3w z zagranicznymi [&hellip;]<\/p>\n","protected":false},"author":8,"featured_media":0,"parent":0,"menu_order":0,"comment_status":"closed","ping_status":"closed","template":"","meta":{"inline_featured_image":false,"_monsterinsights_skip_tracking":false,"_monsterinsights_sitenote_active":false,"_monsterinsights_sitenote_note":"","_monsterinsights_sitenote_category":0,"footnotes":""},"class_list":["post-102","page","type-page","status-publish","hentry"],"yoast_head":"<!-- This site is optimized with the Yoast SEO plugin v24.6 - https:\/\/yoast.com\/wordpress\/plugins\/seo\/ -->\n<title>Misja - Instytut Polski w Kijowie<\/title>\n<meta name=\"robots\" content=\"index, follow, max-snippet:-1, max-image-preview:large, max-video-preview:-1\" \/>\n<link rel=\"canonical\" href=\"https:\/\/instytutpolski.pl\/kyiv\/pl\/misja-i-zadania-instytutow-polskich-na-swiecie\/\" \/>\n<meta property=\"og:locale\" content=\"pl_PL\" \/>\n<meta property=\"og:type\" content=\"article\" \/>\n<meta property=\"og:title\" content=\"Misja - Instytut Polski w Kijowie\" \/>\n<meta property=\"og:description\" content=\"Misja i zadania Instytut\u00f3w Polskich na \u015bwiecie Powo\u0142ywane decyzj\u0105 ministra spraw zagranicznych Instytuty Polskie s\u0105 wa\u017cnym narz\u0119dziem polskiej polityki zagranicznej. G\u0142\u00f3wnym zadaniem sieci Instytut\u00f3w\u00a0 jest realizacja przes\u0142ania polskiej dyplomacji publicznej: dbania o dobre imi\u0119 Polski i jej nieskazitelny wizerunek, w szczeg\u00f3lno\u015bci poprzez zapewnienie polskiej obecno\u015bci w przedsi\u0119wzi\u0119ciach mi\u0119dzynarodowych oraz nawi\u0105zywanie i utrzymywanie kontakt\u00f3w z zagranicznymi [&hellip;]\" \/>\n<meta property=\"og:url\" content=\"https:\/\/instytutpolski.pl\/kyiv\/pl\/misja-i-zadania-instytutow-polskich-na-swiecie\/\" \/>\n<meta property=\"og:site_name\" content=\"Instytut Polski w Kijowie\" \/>\n<meta property=\"article:modified_time\" content=\"2019-06-07T06:36:07+00:00\" \/>\n<meta name=\"twitter:card\" content=\"summary_large_image\" \/>\n<meta name=\"twitter:label1\" content=\"Szacowany czas czytania\" \/>\n\t<meta name=\"twitter:data1\" content=\"2 minuty\" \/>\n<script type=\"application\/ld+json\" class=\"yoast-schema-graph\">{\"@context\":\"https:\/\/schema.org\",\"@graph\":[{\"@type\":\"WebPage\",\"@id\":\"https:\/\/instytutpolski.pl\/kyiv\/pl\/misja-i-zadania-instytutow-polskich-na-swiecie\/\",\"url\":\"https:\/\/instytutpolski.pl\/kyiv\/pl\/misja-i-zadania-instytutow-polskich-na-swiecie\/\",\"name\":\"Misja - Instytut Polski w Kijowie\",\"isPartOf\":{\"@id\":\"https:\/\/instytutpolski.pl\/kyiv\/#website\"},\"datePublished\":\"2019-06-07T06:11:27+00:00\",\"dateModified\":\"2019-06-07T06:36:07+00:00\",\"breadcrumb\":{\"@id\":\"https:\/\/instytutpolski.pl\/kyiv\/pl\/misja-i-zadania-instytutow-polskich-na-swiecie\/#breadcrumb\"},\"inLanguage\":\"pl-PL\",\"potentialAction\":[{\"@type\":\"ReadAction\",\"target\":[\"https:\/\/instytutpolski.pl\/kyiv\/pl\/misja-i-zadania-instytutow-polskich-na-swiecie\/\"]}]},{\"@type\":\"BreadcrumbList\",\"@id\":\"https:\/\/instytutpolski.pl\/kyiv\/pl\/misja-i-zadania-instytutow-polskich-na-swiecie\/#breadcrumb\",\"itemListElement\":[{\"@type\":\"ListItem\",\"position\":1,\"name\":\"Home\",\"item\":\"https:\/\/instytutpolski.pl\/kyiv\/\"},{\"@type\":\"ListItem\",\"position\":2,\"name\":\"Misja\"}]},{\"@type\":\"WebSite\",\"@id\":\"https:\/\/instytutpolski.pl\/kyiv\/#website\",\"url\":\"https:\/\/instytutpolski.pl\/kyiv\/\",\"name\":\"Instytut Polski w Kijowie\",\"description\":\"Instytuty Polskie\",\"potentialAction\":[{\"@type\":\"SearchAction\",\"target\":{\"@type\":\"EntryPoint\",\"urlTemplate\":\"https:\/\/instytutpolski.pl\/kyiv\/?s={search_term_string}\"},\"query-input\":{\"@type\":\"PropertyValueSpecification\",\"valueRequired\":true,\"valueName\":\"search_term_string\"}}],\"inLanguage\":\"pl-PL\"}]}<\/script>\n<!-- \/ Yoast SEO plugin. -->","yoast_head_json":{"title":"Misja - Instytut Polski w Kijowie","robots":{"index":"index","follow":"follow","max-snippet":"max-snippet:-1","max-image-preview":"max-image-preview:large","max-video-preview":"max-video-preview:-1"},"canonical":"https:\/\/instytutpolski.pl\/kyiv\/pl\/misja-i-zadania-instytutow-polskich-na-swiecie\/","og_locale":"pl_PL","og_type":"article","og_title":"Misja - Instytut Polski w Kijowie","og_description":"Misja i zadania Instytut\u00f3w Polskich na \u015bwiecie Powo\u0142ywane decyzj\u0105 ministra spraw zagranicznych Instytuty Polskie s\u0105 wa\u017cnym narz\u0119dziem polskiej polityki zagranicznej. G\u0142\u00f3wnym zadaniem sieci Instytut\u00f3w\u00a0 jest realizacja przes\u0142ania polskiej dyplomacji publicznej: dbania o dobre imi\u0119 Polski i jej nieskazitelny wizerunek, w szczeg\u00f3lno\u015bci poprzez zapewnienie polskiej obecno\u015bci w przedsi\u0119wzi\u0119ciach mi\u0119dzynarodowych oraz nawi\u0105zywanie i utrzymywanie kontakt\u00f3w z zagranicznymi [&hellip;]","og_url":"https:\/\/instytutpolski.pl\/kyiv\/pl\/misja-i-zadania-instytutow-polskich-na-swiecie\/","og_site_name":"Instytut Polski w Kijowie","article_modified_time":"2019-06-07T06:36:07+00:00","twitter_card":"summary_large_image","twitter_misc":{"Szacowany czas czytania":"2 minuty"},"schema":{"@context":"https:\/\/schema.org","@graph":[{"@type":"WebPage","@id":"https:\/\/instytutpolski.pl\/kyiv\/pl\/misja-i-zadania-instytutow-polskich-na-swiecie\/","url":"https:\/\/instytutpolski.pl\/kyiv\/pl\/misja-i-zadania-instytutow-polskich-na-swiecie\/","name":"Misja - Instytut Polski w Kijowie","isPartOf":{"@id":"https:\/\/instytutpolski.pl\/kyiv\/#website"},"datePublished":"2019-06-07T06:11:27+00:00","dateModified":"2019-06-07T06:36:07+00:00","breadcrumb":{"@id":"https:\/\/instytutpolski.pl\/kyiv\/pl\/misja-i-zadania-instytutow-polskich-na-swiecie\/#breadcrumb"},"inLanguage":"pl-PL","potentialAction":[{"@type":"ReadAction","target":["https:\/\/instytutpolski.pl\/kyiv\/pl\/misja-i-zadania-instytutow-polskich-na-swiecie\/"]}]},{"@type":"BreadcrumbList","@id":"https:\/\/instytutpolski.pl\/kyiv\/pl\/misja-i-zadania-instytutow-polskich-na-swiecie\/#breadcrumb","itemListElement":[{"@type":"ListItem","position":1,"name":"Home","item":"https:\/\/instytutpolski.pl\/kyiv\/"},{"@type":"ListItem","position":2,"name":"Misja"}]},{"@type":"WebSite","@id":"https:\/\/instytutpolski.pl\/kyiv\/#website","url":"https:\/\/instytutpolski.pl\/kyiv\/","name":"Instytut Polski w Kijowie","description":"Instytuty Polskie","potentialAction":[{"@type":"SearchAction","target":{"@type":"EntryPoint","urlTemplate":"https:\/\/instytutpolski.pl\/kyiv\/?s={search_term_string}"},"query-input":{"@type":"PropertyValueSpecification","valueRequired":true,"valueName":"search_term_string"}}],"inLanguage":"pl-PL"}]}},"_links":{"self":[{"href":"https:\/\/instytutpolski.pl\/kyiv\/wp-json\/wp\/v2\/pages\/102","targetHints":{"allow":["GET"]}}],"collection":[{"href":"https:\/\/instytutpolski.pl\/kyiv\/wp-json\/wp\/v2\/pages"}],"about":[{"href":"https:\/\/instytutpolski.pl\/kyiv\/wp-json\/wp\/v2\/types\/page"}],"author":[{"embeddable":true,"href":"https:\/\/instytutpolski.pl\/kyiv\/wp-json\/wp\/v2\/users\/8"}],"replies":[{"embeddable":true,"href":"https:\/\/instytutpolski.pl\/kyiv\/wp-json\/wp\/v2\/comments?post=102"}],"version-history":[{"count":3,"href":"https:\/\/instytutpolski.pl\/kyiv\/wp-json\/wp\/v2\/pages\/102\/revisions"}],"predecessor-version":[{"id":130,"href":"https:\/\/instytutpolski.pl\/kyiv\/wp-json\/wp\/v2\/pages\/102\/revisions\/130"}],"wp:attachment":[{"href":"https:\/\/instytutpolski.pl\/kyiv\/wp-json\/wp\/v2\/media?parent=102"}],"curies":[{"name":"wp","href":"https:\/\/api.w.org\/{rel}","templated":true}]}}