{"id":199,"date":"2019-06-07T10:39:37","date_gmt":"2019-06-07T08:39:37","guid":{"rendered":"https:\/\/instytutpolski.pl\/kijow\/?page_id=199"},"modified":"2020-05-31T12:34:21","modified_gmt":"2020-05-31T10:34:21","slug":"library-2","status":"publish","type":"page","link":"https:\/\/instytutpolski.pl\/kyiv\/en\/library-2\/","title":{"rendered":"Library"},"content":{"rendered":"\n<p>Library which was founded in 1998 on the basis of the Polish Institute in Kyiv.<\/p>\n\n\n\n<p>Main tasks of the centre are promotion of Polish history, culture, music, cinema, theatre, architecture, etc.<\/p>\n\n\n\n<p>Library&nbsp;of the Polish Institute in Kyiv is divided into five sections: &nbsp;<\/p>\n\n\n\n<ul class=\"wp-block-list\"><li><strong>thematic book collection \u201cPolish culture\u201d&nbsp;<\/strong><\/li><li><strong>periodicals&nbsp;<\/strong><\/li><li><strong>audio collection&nbsp;<\/strong><\/li><li><strong>video collection&nbsp;<\/strong><\/li><li><strong>musical scores of Polish composers<\/strong><\/li><\/ul>\n\n\n\n<p>Visitors may use the hall for listening to audio records and watching images on various electronic media.<\/p>\n\n\n\n<p>Today the library holds several thousands of units of storage. Several hundreds of books, audio and video recordings, magazines, newspapers are added to it annually.<\/p>\n\n\n\n<p>Only here you may find the following specialized publications: \u201cEncyclopaedia of Polish art\u201d, \u201cDictionary of Polish theatre\u201d, \u201cHistory of drama\u201d, \u201cOpera\u201d, \u201cEncyclopaedia of cinematography\u201d, \u201cFolklore\u201d, \u201cPolish Oscars\u201d, \u201cPolish art of 1918-2000\u201d, \u201cEncyclopaedia of Polish theatre\u201d, \u201cDictionary of Polish artists\u201d, \u201cAlternative theatre in Poland in 1954-1989\u201d, \u201cPolish art of the XX century\u201d, \u201cModern Polish graphic art\u201d, \u201cPolish cinema poster\u201d, \u201cKrak\u00f3w theatre school\u201d, \u201cEncyclopaedia of music\u201d, etc.<\/p>\n\n\n\n<p>In addition, you will have the chance to find out more about such famous Polish cultural figures as Hoffman, Wajda, Kie\u015blowski, Janda, Malinowski, Tyszkiewicz, Bielicka, Waldorff, Paderewski, Szpilman.<\/p>\n\n\n\n<p>Here you may learn about both sad chapters of Polish history and comic ones.<\/p>\n\n\n\n<p><strong>To provide all comers with the possibility to learn about Polish culture<\/strong><\/p>\n\n\n\n<p>In addition to the main cultural and artistic specialization, our shelves also hold books of Herbert, Schulz, Gombrowicz, Mickiewicz, Mi\u0142osz, Kapu\u015bci\u0144ski, Mro\u017cek, Tuwim, Ro\u017cewicz, Jastrun, Le\u015bmian, Stasiuk, Reymont, Dygat, Giedroyc, Witkacy, etc. The centre also has a vast collection of dictionaries.<\/p>\n\n\n\n<p>Polish periodicals may also be found in the library in addition to books, audio and video archive. We may offer you latest issues of the following publications, among others: \u201eNowa Europa Wschodnia\u201d, \u201eHerito\u201d, \u201eKino\u201d, \u201eLiteratura na \u015awiecie\u201d, \u201ePani\u201d, \u201eTeatr\u201d, \u201ePrzekr\u00f3j\u201d, \u201ePami\u0119\u0107 i Przysz\u0142o\u015b\u0107\u201d, \u201eNowe Ksi\u0105\u017cki\u201d, \u201eWi\u0119\u017a\u201d, \u201eOdra\u201d, \u201eM\u00f3wi\u0105 Wieki\u201d, \u201eNasza Historia\u201d, \u201ePomocnik Historyczny\u201d, \u201eDzieje Najnowsze\u201d, \u201eJ\u0119zyk Polski\u201d, \u201eJ\u0119zyk Polski w Gimnazjum. Zeszyty Kieleckie\u201d, \u201eJ\u0119zyk Polski w Szkole Ponadpodstawowej. Zeszyty Kieleckie\u201d, \u201eVogue Polska\u201d, \u201ePolska Zbrojna Historia\u201d, \u201ePismo. Magazyn Opinii\u201d, \u201eNational Geographic Polska\u201d, \u201eRaport &#8211; Wojsko &#8211; Technika \u2013 Obronno\u015b\u0107\u201d, \u201eMagazyn Lotniczy \u2013 Skrzydlata Polska\u201d, \u201ePolska Niepodleg\u0142a\u201d, \u201ePrzegl\u0105d Historyczno-O\u015bwiatowy\u201d, \u201ePoznaj Sw\u00f3j Kraj\u201d, \u201eWiadomo\u015bci Historyczne\u201d, \u201ePolska Zbrojna\u201d, \u201eMistrzowie Polskiej Fantastyki\u201d, \u201ePrzegl\u0105d Historyczny\u201d, \u201eMagazyn Ludzi Sztuki\u201d, \u201ePerspektywy\u201d, \u201eCartoon Network Przedstawia\u201d, \u201eSamouczek\u201d, \u201eSupe\u0142ek z P\u0119telk\u0105\u201d, \u201eG\u0142os Przyrody\u201d, \u201eKraina Zwierz\u0105t\u201d, \u201eMa\u0142y Artysta\u201d.<\/p>\n","protected":false},"excerpt":{"rendered":"<p>Library which was founded in 1998 on the basis of the Polish Institute in Kyiv. Main tasks of the centre are promotion of Polish history, culture, music, cinema, theatre, architecture, etc. Library&nbsp;of the Polish Institute in Kyiv is divided into five sections: &nbsp; thematic book collection \u201cPolish culture\u201d&nbsp; periodicals&nbsp; audio collection&nbsp; video collection&nbsp; musical scores [&hellip;]<\/p>\n","protected":false},"author":134,"featured_media":1927,"parent":0,"menu_order":0,"comment_status":"closed","ping_status":"closed","template":"","meta":{"inline_featured_image":false,"_monsterinsights_skip_tracking":false,"_monsterinsights_sitenote_active":false,"_monsterinsights_sitenote_note":"","_monsterinsights_sitenote_category":0,"footnotes":""},"class_list":["post-199","page","type-page","status-publish","has-post-thumbnail","hentry"],"yoast_head":"<!-- This site is optimized with the Yoast SEO plugin v24.6 - https:\/\/yoast.com\/wordpress\/plugins\/seo\/ -->\n<title>Library - Instytut Polski w Kijowie<\/title>\n<meta name=\"robots\" content=\"index, follow, max-snippet:-1, max-image-preview:large, max-video-preview:-1\" \/>\n<link rel=\"canonical\" href=\"https:\/\/instytutpolski.pl\/kyiv\/en\/library-2\/\" \/>\n<meta property=\"og:locale\" content=\"pl_PL\" \/>\n<meta property=\"og:type\" content=\"article\" \/>\n<meta property=\"og:title\" content=\"Library - Instytut Polski w Kijowie\" \/>\n<meta property=\"og:description\" content=\"Library which was founded in 1998 on the basis of the Polish Institute in Kyiv. Main tasks of the centre are promotion of Polish history, culture, music, cinema, theatre, architecture, etc. Library&nbsp;of the Polish Institute in Kyiv is divided into five sections: &nbsp; thematic book collection \u201cPolish culture\u201d&nbsp; periodicals&nbsp; audio collection&nbsp; video collection&nbsp; musical scores [&hellip;]\" \/>\n<meta property=\"og:url\" content=\"https:\/\/instytutpolski.pl\/kyiv\/en\/library-2\/\" \/>\n<meta property=\"og:site_name\" content=\"Instytut Polski w Kijowie\" \/>\n<meta property=\"article:modified_time\" content=\"2020-05-31T10:34:21+00:00\" \/>\n<meta property=\"og:image\" content=\"https:\/\/instytutpolski.pl\/kyiv\/wp-content\/uploads\/sites\/19\/2020\/01\/Biblioteka-tlo.png\" \/>\n\t<meta property=\"og:image:width\" content=\"1237\" \/>\n\t<meta property=\"og:image:height\" content=\"757\" \/>\n\t<meta property=\"og:image:type\" content=\"image\/png\" \/>\n<meta name=\"twitter:card\" content=\"summary_large_image\" \/>\n<meta name=\"twitter:label1\" content=\"Szacowany czas czytania\" \/>\n\t<meta name=\"twitter:data1\" content=\"2 minuty\" \/>\n<script type=\"application\/ld+json\" class=\"yoast-schema-graph\">{\"@context\":\"https:\/\/schema.org\",\"@graph\":[{\"@type\":\"WebPage\",\"@id\":\"https:\/\/instytutpolski.pl\/kyiv\/en\/library-2\/\",\"url\":\"https:\/\/instytutpolski.pl\/kyiv\/en\/library-2\/\",\"name\":\"Library - Instytut Polski w Kijowie\",\"isPartOf\":{\"@id\":\"https:\/\/instytutpolski.pl\/kyiv\/#website\"},\"primaryImageOfPage\":{\"@id\":\"https:\/\/instytutpolski.pl\/kyiv\/en\/library-2\/#primaryimage\"},\"image\":{\"@id\":\"https:\/\/instytutpolski.pl\/kyiv\/en\/library-2\/#primaryimage\"},\"thumbnailUrl\":\"https:\/\/instytutpolski.pl\/kyiv\/wp-content\/uploads\/sites\/19\/2020\/01\/Biblioteka-tlo.png\",\"datePublished\":\"2019-06-07T08:39:37+00:00\",\"dateModified\":\"2020-05-31T10:34:21+00:00\",\"breadcrumb\":{\"@id\":\"https:\/\/instytutpolski.pl\/kyiv\/en\/library-2\/#breadcrumb\"},\"inLanguage\":\"pl-PL\",\"potentialAction\":[{\"@type\":\"ReadAction\",\"target\":[\"https:\/\/instytutpolski.pl\/kyiv\/en\/library-2\/\"]}]},{\"@type\":\"ImageObject\",\"inLanguage\":\"pl-PL\",\"@id\":\"https:\/\/instytutpolski.pl\/kyiv\/en\/library-2\/#primaryimage\",\"url\":\"https:\/\/instytutpolski.pl\/kyiv\/wp-content\/uploads\/sites\/19\/2020\/01\/Biblioteka-tlo.png\",\"contentUrl\":\"https:\/\/instytutpolski.pl\/kyiv\/wp-content\/uploads\/sites\/19\/2020\/01\/Biblioteka-tlo.png\",\"width\":1237,\"height\":757},{\"@type\":\"BreadcrumbList\",\"@id\":\"https:\/\/instytutpolski.pl\/kyiv\/en\/library-2\/#breadcrumb\",\"itemListElement\":[{\"@type\":\"ListItem\",\"position\":1,\"name\":\"Home\",\"item\":\"https:\/\/instytutpolski.pl\/kyiv\/\"},{\"@type\":\"ListItem\",\"position\":2,\"name\":\"Library\"}]},{\"@type\":\"WebSite\",\"@id\":\"https:\/\/instytutpolski.pl\/kyiv\/#website\",\"url\":\"https:\/\/instytutpolski.pl\/kyiv\/\",\"name\":\"Instytut Polski w Kijowie\",\"description\":\"Instytuty Polskie\",\"potentialAction\":[{\"@type\":\"SearchAction\",\"target\":{\"@type\":\"EntryPoint\",\"urlTemplate\":\"https:\/\/instytutpolski.pl\/kyiv\/?s={search_term_string}\"},\"query-input\":{\"@type\":\"PropertyValueSpecification\",\"valueRequired\":true,\"valueName\":\"search_term_string\"}}],\"inLanguage\":\"pl-PL\"}]}<\/script>\n<!-- \/ Yoast SEO plugin. -->","yoast_head_json":{"title":"Library - Instytut Polski w Kijowie","robots":{"index":"index","follow":"follow","max-snippet":"max-snippet:-1","max-image-preview":"max-image-preview:large","max-video-preview":"max-video-preview:-1"},"canonical":"https:\/\/instytutpolski.pl\/kyiv\/en\/library-2\/","og_locale":"pl_PL","og_type":"article","og_title":"Library - Instytut Polski w Kijowie","og_description":"Library which was founded in 1998 on the basis of the Polish Institute in Kyiv. Main tasks of the centre are promotion of Polish history, culture, music, cinema, theatre, architecture, etc. Library&nbsp;of the Polish Institute in Kyiv is divided into five sections: &nbsp; thematic book collection \u201cPolish culture\u201d&nbsp; periodicals&nbsp; audio collection&nbsp; video collection&nbsp; musical scores [&hellip;]","og_url":"https:\/\/instytutpolski.pl\/kyiv\/en\/library-2\/","og_site_name":"Instytut Polski w Kijowie","article_modified_time":"2020-05-31T10:34:21+00:00","og_image":[{"width":1237,"height":757,"url":"https:\/\/instytutpolski.pl\/kyiv\/wp-content\/uploads\/sites\/19\/2020\/01\/Biblioteka-tlo.png","type":"image\/png"}],"twitter_card":"summary_large_image","twitter_misc":{"Szacowany czas czytania":"2 minuty"},"schema":{"@context":"https:\/\/schema.org","@graph":[{"@type":"WebPage","@id":"https:\/\/instytutpolski.pl\/kyiv\/en\/library-2\/","url":"https:\/\/instytutpolski.pl\/kyiv\/en\/library-2\/","name":"Library - Instytut Polski w Kijowie","isPartOf":{"@id":"https:\/\/instytutpolski.pl\/kyiv\/#website"},"primaryImageOfPage":{"@id":"https:\/\/instytutpolski.pl\/kyiv\/en\/library-2\/#primaryimage"},"image":{"@id":"https:\/\/instytutpolski.pl\/kyiv\/en\/library-2\/#primaryimage"},"thumbnailUrl":"https:\/\/instytutpolski.pl\/kyiv\/wp-content\/uploads\/sites\/19\/2020\/01\/Biblioteka-tlo.png","datePublished":"2019-06-07T08:39:37+00:00","dateModified":"2020-05-31T10:34:21+00:00","breadcrumb":{"@id":"https:\/\/instytutpolski.pl\/kyiv\/en\/library-2\/#breadcrumb"},"inLanguage":"pl-PL","potentialAction":[{"@type":"ReadAction","target":["https:\/\/instytutpolski.pl\/kyiv\/en\/library-2\/"]}]},{"@type":"ImageObject","inLanguage":"pl-PL","@id":"https:\/\/instytutpolski.pl\/kyiv\/en\/library-2\/#primaryimage","url":"https:\/\/instytutpolski.pl\/kyiv\/wp-content\/uploads\/sites\/19\/2020\/01\/Biblioteka-tlo.png","contentUrl":"https:\/\/instytutpolski.pl\/kyiv\/wp-content\/uploads\/sites\/19\/2020\/01\/Biblioteka-tlo.png","width":1237,"height":757},{"@type":"BreadcrumbList","@id":"https:\/\/instytutpolski.pl\/kyiv\/en\/library-2\/#breadcrumb","itemListElement":[{"@type":"ListItem","position":1,"name":"Home","item":"https:\/\/instytutpolski.pl\/kyiv\/"},{"@type":"ListItem","position":2,"name":"Library"}]},{"@type":"WebSite","@id":"https:\/\/instytutpolski.pl\/kyiv\/#website","url":"https:\/\/instytutpolski.pl\/kyiv\/","name":"Instytut Polski w Kijowie","description":"Instytuty Polskie","potentialAction":[{"@type":"SearchAction","target":{"@type":"EntryPoint","urlTemplate":"https:\/\/instytutpolski.pl\/kyiv\/?s={search_term_string}"},"query-input":{"@type":"PropertyValueSpecification","valueRequired":true,"valueName":"search_term_string"}}],"inLanguage":"pl-PL"}]}},"_links":{"self":[{"href":"https:\/\/instytutpolski.pl\/kyiv\/wp-json\/wp\/v2\/pages\/199","targetHints":{"allow":["GET"]}}],"collection":[{"href":"https:\/\/instytutpolski.pl\/kyiv\/wp-json\/wp\/v2\/pages"}],"about":[{"href":"https:\/\/instytutpolski.pl\/kyiv\/wp-json\/wp\/v2\/types\/page"}],"author":[{"embeddable":true,"href":"https:\/\/instytutpolski.pl\/kyiv\/wp-json\/wp\/v2\/users\/134"}],"replies":[{"embeddable":true,"href":"https:\/\/instytutpolski.pl\/kyiv\/wp-json\/wp\/v2\/comments?post=199"}],"version-history":[{"count":4,"href":"https:\/\/instytutpolski.pl\/kyiv\/wp-json\/wp\/v2\/pages\/199\/revisions"}],"predecessor-version":[{"id":3258,"href":"https:\/\/instytutpolski.pl\/kyiv\/wp-json\/wp\/v2\/pages\/199\/revisions\/3258"}],"wp:featuredmedia":[{"embeddable":true,"href":"https:\/\/instytutpolski.pl\/kyiv\/wp-json\/wp\/v2\/media\/1927"}],"wp:attachment":[{"href":"https:\/\/instytutpolski.pl\/kyiv\/wp-json\/wp\/v2\/media?parent=199"}],"curies":[{"name":"wp","href":"https:\/\/api.w.org\/{rel}","templated":true}]}}