{"id":239,"date":"2019-06-07T11:12:16","date_gmt":"2019-06-07T09:12:16","guid":{"rendered":"https:\/\/instytutpolski.pl\/kijow\/?page_id=239"},"modified":"2020-05-31T12:48:16","modified_gmt":"2020-05-31T10:48:16","slug":"poleczka-polskiej-ksiazki","status":"publish","type":"page","link":"https:\/\/instytutpolski.pl\/kyiv\/pl\/poleczka-polskiej-ksiazki\/","title":{"rendered":"P\u00f3\u0142eczka polskiej ksi\u0105\u017cki"},"content":{"rendered":"\n<div class=\"wp-block-image\"><figure class=\"aligncenter\"><img decoding=\"async\" src=\"http:\/\/www.polinst.kyiv.ua\/storage\/01_cl\/kawa2.png\" alt=\"\" \/><\/figure><\/div>\n\n\n\n<p>Akcj\u0119 \u201eP\u00f3\u0142eczka polskiej ksi\u0105\u017cki\u201d zainicjowa\u0142 w sierpniu 2018 roku Instytut Polski w Kijowie. Przy\u0142\u0105czy\u0142o si\u0119 do niej kilka kijowskich kawiarni. Odt\u0105d ka\u017cdy go\u015b\u0107 jednego z poni\u017cszych miejsc mo\u017ce przy kawie b\u0105d\u017a herbacie zapozna\u0107 si\u0119 z polsk\u0105 literatur\u0105 i nowo\u015bciami na rynku wydawniczym w tym zakresie. Liczba tytu\u0142\u00f3w na p\u00f3\u0142kach b\u0119dzie systematycznie wzrasta\u0107.<\/p>\n<p>Serdecznie zapraszamy do odwiedzenia tych mi\u0142ych i nastrojowych miejsc w stolicy Ukrainy i zag\u0142\u0119bienia si\u0119 w fascynuj\u0105cy \u015bwiat polskiej literatury.<\/p>\n<h2>P\u00f3\u0142eczki polskiej ksi\u0105\u017cki mo\u017cna znale\u017a\u0107 w nast\u0119puj\u0105cych miejscach:<\/h2>\n<ul>\n<li><a href=\"https:\/\/www.facebook.com\/deficit.ua\/\" target=\"_blank\" rel=\"noopener noreferrer\">Kawiarnia \u201eDeficyt\u201d\u00a0<\/a>\/ ul. Jaros\u0142awiw Wa\u0142 9<\/li>\n<li><a href=\"https:\/\/www.facebook.com\/firstkava\/\" target=\"_blank\" rel=\"noopener noreferrer\">Kawiarnia Kulczyckiego \u201ePierwsza kawa\u201d<\/a>\u00a0\/ ul. Bohdana Chmielnickiego 37\/2<\/li>\n<li><a href=\"https:\/\/www.facebook.com\/Kupidon.Kyiv\/\" target=\"_blank\" rel=\"noopener noreferrer\">Klubo-kawiarnia \u201eKupidon\u201d<\/a>\u00a0\/ ul. Puszki\u0144ska 1-3<\/li>\n<li><a href=\"https:\/\/www.facebook.com\/nastanislavskogo\/\" target=\"_blank\" rel=\"noopener noreferrer\">Kawiarnia \u201eNa Stanis\u0142awskoho\u201d<\/a>\u00a0\/ ul. Konstantego Stanis\u0142awskiego 3<\/li>\n<li><a href=\"https:\/\/www.facebook.com\/kyivcoffee\/\" target=\"_blank\" rel=\"noopener noreferrer\">Kawiarnia Orthodox. Books\/Coffee\/Illustration<\/a>\u00a0\/ ul. We\u0142yka \u017bytomierska 21 A<\/li>\n<li><a href=\"https:\/\/www.facebook.com\/PaliturkaCoffee\" target=\"_blank\" rel=\"noopener noreferrer\">Kawiarnia Paliturka &#8211; Coffee &amp; Books<\/a>\u00a0\/ ul. Chreszczatyk 46\u0410<\/li>\n<li><a href=\"https:\/\/www.facebook.com\/coffeetram\/\" target=\"_blank\" rel=\"noopener noreferrer\">Kawiarnia\u00a0\u201eTramwaj\u201d<\/a>\u00a0\/ Park im. Tarasa Szewczenki \/ ul. Tereszczenkiwska 24<\/li>\n<li><a href=\"https:\/\/www.facebook.com\/ClockfaceKiev\/\" target=\"_blank\" rel=\"noopener noreferrer\">Przestrze\u0144 \u201eCyferblat\u201d<\/a>\u00a0\/ ul. Wo\u0142odymyrska 49A<\/li>\n<li><a href=\"https:\/\/www.facebook.com\/CPES.kma\/?fref=ts\" target=\"_blank\" rel=\"noopener noreferrer\">Centrum Polskich i Europejskich Studi\u00f3w przy NaUKMA<\/a>\u00a0\/ ul. Wo\u0142oska 10, gmach nr 6, piwnica<\/li>\n<\/ul>\n<p>Serdecznie zapraszamy inne kawiarnie i restauracje do przy\u0142\u0105czenia si\u0119 do akcji \u201eP\u00f3\u0142eczka polskiej ksi\u0105\u017cki\u201d. Zg\u0142oszenia prosimy przesy\u0142a\u0107 na adres:\u00a0<a href=\"mailto:kyiv@instytutpolski.org\">kyiv@instytutpolski.org<\/a><\/p>\n\n\n\n<div class=\"wp-block-image\"><figure class=\"aligncenter\"><img loading=\"lazy\" decoding=\"async\" width=\"653\" height=\"462\" src=\"https:\/\/instytutpolski.pl\/kijow\/wp-content\/uploads\/sites\/19\/2019\/06\/all_8_str.png\" alt=\"\" class=\"wp-image-236\" srcset=\"https:\/\/instytutpolski.pl\/kyiv\/wp-content\/uploads\/sites\/19\/2019\/06\/all_8_str.png 653w, https:\/\/instytutpolski.pl\/kyiv\/wp-content\/uploads\/sites\/19\/2019\/06\/all_8_str-300x212.png 300w\" sizes=\"auto, (max-width: 653px) 100vw, 653px\" \/><\/figure><\/div>\n","protected":false},"excerpt":{"rendered":"<p>Akcj\u0119 \u201eP\u00f3\u0142eczka polskiej ksi\u0105\u017cki\u201d zainicjowa\u0142 w sierpniu 2018 roku Instytut Polski w Kijowie. Przy\u0142\u0105czy\u0142o si\u0119 do niej kilka kijowskich kawiarni. Odt\u0105d ka\u017cdy go\u015b\u0107 jednego z poni\u017cszych miejsc mo\u017ce przy kawie b\u0105d\u017a herbacie zapozna\u0107 si\u0119 z polsk\u0105 literatur\u0105 i nowo\u015bciami na rynku wydawniczym w tym zakresie. Liczba tytu\u0142\u00f3w na p\u00f3\u0142kach b\u0119dzie systematycznie wzrasta\u0107. Serdecznie zapraszamy do [&hellip;]<\/p>\n","protected":false},"author":134,"featured_media":0,"parent":0,"menu_order":0,"comment_status":"closed","ping_status":"closed","template":"","meta":{"inline_featured_image":false,"_monsterinsights_skip_tracking":false,"_monsterinsights_sitenote_active":false,"_monsterinsights_sitenote_note":"","_monsterinsights_sitenote_category":0,"footnotes":""},"class_list":["post-239","page","type-page","status-publish","hentry"],"yoast_head":"<!-- This site is optimized with the Yoast SEO plugin v24.6 - https:\/\/yoast.com\/wordpress\/plugins\/seo\/ -->\n<title>P\u00f3\u0142eczka polskiej ksi\u0105\u017cki - Instytut Polski w Kijowie<\/title>\n<meta name=\"robots\" content=\"index, follow, max-snippet:-1, max-image-preview:large, max-video-preview:-1\" \/>\n<link rel=\"canonical\" href=\"https:\/\/instytutpolski.pl\/kyiv\/pl\/poleczka-polskiej-ksiazki\/\" \/>\n<meta property=\"og:locale\" content=\"pl_PL\" \/>\n<meta property=\"og:type\" content=\"article\" \/>\n<meta property=\"og:title\" content=\"P\u00f3\u0142eczka polskiej ksi\u0105\u017cki - Instytut Polski w Kijowie\" \/>\n<meta property=\"og:description\" content=\"Akcj\u0119 \u201eP\u00f3\u0142eczka polskiej ksi\u0105\u017cki\u201d zainicjowa\u0142 w sierpniu 2018 roku Instytut Polski w Kijowie. Przy\u0142\u0105czy\u0142o si\u0119 do niej kilka kijowskich kawiarni. Odt\u0105d ka\u017cdy go\u015b\u0107 jednego z poni\u017cszych miejsc mo\u017ce przy kawie b\u0105d\u017a herbacie zapozna\u0107 si\u0119 z polsk\u0105 literatur\u0105 i nowo\u015bciami na rynku wydawniczym w tym zakresie. Liczba tytu\u0142\u00f3w na p\u00f3\u0142kach b\u0119dzie systematycznie wzrasta\u0107. Serdecznie zapraszamy do [&hellip;]\" \/>\n<meta property=\"og:url\" content=\"https:\/\/instytutpolski.pl\/kyiv\/pl\/poleczka-polskiej-ksiazki\/\" \/>\n<meta property=\"og:site_name\" content=\"Instytut Polski w Kijowie\" \/>\n<meta property=\"article:modified_time\" content=\"2020-05-31T10:48:16+00:00\" \/>\n<meta property=\"og:image\" content=\"http:\/\/www.polinst.kyiv.ua\/storage\/01_cl\/kawa2.png\" \/>\n<meta name=\"twitter:card\" content=\"summary_large_image\" \/>\n<meta name=\"twitter:label1\" content=\"Szacowany czas czytania\" \/>\n\t<meta name=\"twitter:data1\" content=\"1 minuta\" \/>\n<script type=\"application\/ld+json\" class=\"yoast-schema-graph\">{\"@context\":\"https:\/\/schema.org\",\"@graph\":[{\"@type\":\"WebPage\",\"@id\":\"https:\/\/instytutpolski.pl\/kyiv\/pl\/poleczka-polskiej-ksiazki\/\",\"url\":\"https:\/\/instytutpolski.pl\/kyiv\/pl\/poleczka-polskiej-ksiazki\/\",\"name\":\"P\u00f3\u0142eczka polskiej ksi\u0105\u017cki - Instytut Polski w Kijowie\",\"isPartOf\":{\"@id\":\"https:\/\/instytutpolski.pl\/kyiv\/#website\"},\"primaryImageOfPage\":{\"@id\":\"https:\/\/instytutpolski.pl\/kyiv\/pl\/poleczka-polskiej-ksiazki\/#primaryimage\"},\"image\":{\"@id\":\"https:\/\/instytutpolski.pl\/kyiv\/pl\/poleczka-polskiej-ksiazki\/#primaryimage\"},\"thumbnailUrl\":\"http:\/\/www.polinst.kyiv.ua\/storage\/01_cl\/kawa2.png\",\"datePublished\":\"2019-06-07T09:12:16+00:00\",\"dateModified\":\"2020-05-31T10:48:16+00:00\",\"breadcrumb\":{\"@id\":\"https:\/\/instytutpolski.pl\/kyiv\/pl\/poleczka-polskiej-ksiazki\/#breadcrumb\"},\"inLanguage\":\"pl-PL\",\"potentialAction\":[{\"@type\":\"ReadAction\",\"target\":[\"https:\/\/instytutpolski.pl\/kyiv\/pl\/poleczka-polskiej-ksiazki\/\"]}]},{\"@type\":\"ImageObject\",\"inLanguage\":\"pl-PL\",\"@id\":\"https:\/\/instytutpolski.pl\/kyiv\/pl\/poleczka-polskiej-ksiazki\/#primaryimage\",\"url\":\"http:\/\/www.polinst.kyiv.ua\/storage\/01_cl\/kawa2.png\",\"contentUrl\":\"http:\/\/www.polinst.kyiv.ua\/storage\/01_cl\/kawa2.png\"},{\"@type\":\"BreadcrumbList\",\"@id\":\"https:\/\/instytutpolski.pl\/kyiv\/pl\/poleczka-polskiej-ksiazki\/#breadcrumb\",\"itemListElement\":[{\"@type\":\"ListItem\",\"position\":1,\"name\":\"Home\",\"item\":\"https:\/\/instytutpolski.pl\/kyiv\/\"},{\"@type\":\"ListItem\",\"position\":2,\"name\":\"P\u00f3\u0142eczka polskiej ksi\u0105\u017cki\"}]},{\"@type\":\"WebSite\",\"@id\":\"https:\/\/instytutpolski.pl\/kyiv\/#website\",\"url\":\"https:\/\/instytutpolski.pl\/kyiv\/\",\"name\":\"Instytut Polski w Kijowie\",\"description\":\"Instytuty Polskie\",\"potentialAction\":[{\"@type\":\"SearchAction\",\"target\":{\"@type\":\"EntryPoint\",\"urlTemplate\":\"https:\/\/instytutpolski.pl\/kyiv\/?s={search_term_string}\"},\"query-input\":{\"@type\":\"PropertyValueSpecification\",\"valueRequired\":true,\"valueName\":\"search_term_string\"}}],\"inLanguage\":\"pl-PL\"}]}<\/script>\n<!-- \/ Yoast SEO plugin. -->","yoast_head_json":{"title":"P\u00f3\u0142eczka polskiej ksi\u0105\u017cki - Instytut Polski w Kijowie","robots":{"index":"index","follow":"follow","max-snippet":"max-snippet:-1","max-image-preview":"max-image-preview:large","max-video-preview":"max-video-preview:-1"},"canonical":"https:\/\/instytutpolski.pl\/kyiv\/pl\/poleczka-polskiej-ksiazki\/","og_locale":"pl_PL","og_type":"article","og_title":"P\u00f3\u0142eczka polskiej ksi\u0105\u017cki - Instytut Polski w Kijowie","og_description":"Akcj\u0119 \u201eP\u00f3\u0142eczka polskiej ksi\u0105\u017cki\u201d zainicjowa\u0142 w sierpniu 2018 roku Instytut Polski w Kijowie. Przy\u0142\u0105czy\u0142o si\u0119 do niej kilka kijowskich kawiarni. Odt\u0105d ka\u017cdy go\u015b\u0107 jednego z poni\u017cszych miejsc mo\u017ce przy kawie b\u0105d\u017a herbacie zapozna\u0107 si\u0119 z polsk\u0105 literatur\u0105 i nowo\u015bciami na rynku wydawniczym w tym zakresie. Liczba tytu\u0142\u00f3w na p\u00f3\u0142kach b\u0119dzie systematycznie wzrasta\u0107. Serdecznie zapraszamy do [&hellip;]","og_url":"https:\/\/instytutpolski.pl\/kyiv\/pl\/poleczka-polskiej-ksiazki\/","og_site_name":"Instytut Polski w Kijowie","article_modified_time":"2020-05-31T10:48:16+00:00","og_image":[{"url":"http:\/\/www.polinst.kyiv.ua\/storage\/01_cl\/kawa2.png","type":"","width":"","height":""}],"twitter_card":"summary_large_image","twitter_misc":{"Szacowany czas czytania":"1 minuta"},"schema":{"@context":"https:\/\/schema.org","@graph":[{"@type":"WebPage","@id":"https:\/\/instytutpolski.pl\/kyiv\/pl\/poleczka-polskiej-ksiazki\/","url":"https:\/\/instytutpolski.pl\/kyiv\/pl\/poleczka-polskiej-ksiazki\/","name":"P\u00f3\u0142eczka polskiej ksi\u0105\u017cki - Instytut Polski w Kijowie","isPartOf":{"@id":"https:\/\/instytutpolski.pl\/kyiv\/#website"},"primaryImageOfPage":{"@id":"https:\/\/instytutpolski.pl\/kyiv\/pl\/poleczka-polskiej-ksiazki\/#primaryimage"},"image":{"@id":"https:\/\/instytutpolski.pl\/kyiv\/pl\/poleczka-polskiej-ksiazki\/#primaryimage"},"thumbnailUrl":"http:\/\/www.polinst.kyiv.ua\/storage\/01_cl\/kawa2.png","datePublished":"2019-06-07T09:12:16+00:00","dateModified":"2020-05-31T10:48:16+00:00","breadcrumb":{"@id":"https:\/\/instytutpolski.pl\/kyiv\/pl\/poleczka-polskiej-ksiazki\/#breadcrumb"},"inLanguage":"pl-PL","potentialAction":[{"@type":"ReadAction","target":["https:\/\/instytutpolski.pl\/kyiv\/pl\/poleczka-polskiej-ksiazki\/"]}]},{"@type":"ImageObject","inLanguage":"pl-PL","@id":"https:\/\/instytutpolski.pl\/kyiv\/pl\/poleczka-polskiej-ksiazki\/#primaryimage","url":"http:\/\/www.polinst.kyiv.ua\/storage\/01_cl\/kawa2.png","contentUrl":"http:\/\/www.polinst.kyiv.ua\/storage\/01_cl\/kawa2.png"},{"@type":"BreadcrumbList","@id":"https:\/\/instytutpolski.pl\/kyiv\/pl\/poleczka-polskiej-ksiazki\/#breadcrumb","itemListElement":[{"@type":"ListItem","position":1,"name":"Home","item":"https:\/\/instytutpolski.pl\/kyiv\/"},{"@type":"ListItem","position":2,"name":"P\u00f3\u0142eczka polskiej ksi\u0105\u017cki"}]},{"@type":"WebSite","@id":"https:\/\/instytutpolski.pl\/kyiv\/#website","url":"https:\/\/instytutpolski.pl\/kyiv\/","name":"Instytut Polski w Kijowie","description":"Instytuty Polskie","potentialAction":[{"@type":"SearchAction","target":{"@type":"EntryPoint","urlTemplate":"https:\/\/instytutpolski.pl\/kyiv\/?s={search_term_string}"},"query-input":{"@type":"PropertyValueSpecification","valueRequired":true,"valueName":"search_term_string"}}],"inLanguage":"pl-PL"}]}},"_links":{"self":[{"href":"https:\/\/instytutpolski.pl\/kyiv\/wp-json\/wp\/v2\/pages\/239","targetHints":{"allow":["GET"]}}],"collection":[{"href":"https:\/\/instytutpolski.pl\/kyiv\/wp-json\/wp\/v2\/pages"}],"about":[{"href":"https:\/\/instytutpolski.pl\/kyiv\/wp-json\/wp\/v2\/types\/page"}],"author":[{"embeddable":true,"href":"https:\/\/instytutpolski.pl\/kyiv\/wp-json\/wp\/v2\/users\/134"}],"replies":[{"embeddable":true,"href":"https:\/\/instytutpolski.pl\/kyiv\/wp-json\/wp\/v2\/comments?post=239"}],"version-history":[{"count":2,"href":"https:\/\/instytutpolski.pl\/kyiv\/wp-json\/wp\/v2\/pages\/239\/revisions"}],"predecessor-version":[{"id":3265,"href":"https:\/\/instytutpolski.pl\/kyiv\/wp-json\/wp\/v2\/pages\/239\/revisions\/3265"}],"wp:attachment":[{"href":"https:\/\/instytutpolski.pl\/kyiv\/wp-json\/wp\/v2\/media?parent=239"}],"curies":[{"name":"wp","href":"https:\/\/api.w.org\/{rel}","templated":true}]}}