{"id":419,"date":"2019-06-26T12:36:53","date_gmt":"2019-06-26T10:36:53","guid":{"rendered":"https:\/\/instytutpolski.pl\/kijow\/?page_id=419"},"modified":"2021-06-02T10:17:07","modified_gmt":"2021-06-02T08:17:07","slug":"stypendia-w-polsce","status":"publish","type":"page","link":"https:\/\/instytutpolski.pl\/kyiv\/pl\/poznaj-polske\/stypendia-w-polsce\/","title":{"rendered":"Stypendia w Polsce"},"content":{"rendered":"\n<p style=\"text-align: justify\"><a href=\"https:\/\/iam.pl\/pl\"><strong><img loading=\"lazy\" decoding=\"async\" class=\"alignleft wp-image-4154\" src=\"https:\/\/instytutpolski.pl\/kyiv\/wp-content\/uploads\/sites\/19\/2020\/07\/1920x810-300x127.png\" alt=\"\" width=\"296\" height=\"125\" \/><\/strong><\/a><a href=\"https:\/\/www.nck.pl\/dotacje-i-stypendia\/stypendia\/programy\/gaude-polonia\/o-programie\"><strong>Program Stypendialny Ministra Kultury i Dziedzictwa Narodowego RP &#8222;Gaude Polonia&#8221;<\/strong><\/a>. <span style=\"font-size: inherit\">Pro\u00adgram <\/span><span style=\"font-size: inherit\">prze\u00adzna\u00adczo\u00adny jest dla m\u0142o\u00addych (do 40 roku \u017cycia, w wy\u00adj\u0105t\u00adko\u00adwych wy\u00adpad\u00adkach do 45 roku \u017cycia) tw\u00f3r\u00adc\u00f3w kul\u00adtu\u00adry oraz t\u0142u\u00adma\u00adczy li\u00adte\u00adra\u00adtu\u00adry pol\u00adskiej z kra\u00adj\u00f3w Eu\u00adro\u00adpy \u015arod\u00adko\u00adwow\u00adschod\u00adniej, w pierw\u00adszej ko\u00adlej\u00adno\u00ad\u015bci z Bia\u00ad\u0142o\u00adru\u00adsi i Ukra\u00adiny. Pro\u00adgram s\u0142u\u017cy bu\u00addo\u00adwa\u00adniu p\u0142asz\u00adczy\u00adzny zro\u00adzu\u00admie\u00adnia i do\u00adbrych kon\u00adtak\u00adt\u00f3w na grun\u00adcie wsp\u00f3\u0142\u00adpra\u00adcy kul\u00adtu\u00adral\u00adnej po\u00admi\u0119\u00addzy Pol\u00adsk\u0105, a jej bli\u00adski\u00admi s\u0105\u00adsia\u00adda\u00admi. <a href=\"_wp_link_placeholder\" data-wplink-edit=\"true\">Kie\u00adrow\u00adnik Dzia\u00ad\u0142u Stypendialnego (Gaude Po\u00adlo\u00adnia) <b><\/b><\/a><\/span><a href=\"_wp_link_placeholder\">Bogumi\u0142a Ber\u00addy\u00adchow\u00adska<\/a>.<\/p>\n<div class=\"position-attr search-field\">\u00a0<\/div>\n<hr \/>\n<p><\/p>\n<p style=\"text-align: justify\">Polska oferuje kilka rodzaj\u00f3w stypendi\u00f3w dla obcokrajowc\u00f3w chc\u0105cych studiowa\u0107 w Polsce i prowadzi\u0107 tutaj badania naukowe.<\/p>\n<p style=\"text-align: justify\"> <\/p>\n<p style=\"text-align: justify\">Dost\u0119pne s\u0105 m.in.: Erasmus +, stypendia w ramach um\u00f3w bilateralnych, \u015arodkowoeuropejski Program Wymiany Uniwersyteckiej CEEPUS, Wyszehradzki program stypendialny, stypendia dla student\u00f3w z kraj\u00f3w Partnerstwa Wschodniego oraz z kraj\u00f3w postsowieckich, stypendia dla obywateli kraj\u00f3w rozwijaj\u0105cych si\u0119, Program Fulbrighta, program stypendialny im. Lane\u2019a Kirklanda, UNESCO\/Poland Co-Sponsored Fellowships Programme in Engineering, Programme of Fellowships under the Polish National Commission for UNESCO.<\/p>\n<p style=\"text-align: justify\"> <\/p>\n<p style=\"text-align: justify\">Wi\u0119cej informacji na <a href=\"http:\/\/www.go-poland.pl\/\" target=\"_blank\" rel=\"noreferrer noopener\">www.go-poland.pl<\/a><\/p>\n\n\n\n<figure class=\"wp-block-embed is-type-video is-provider-youtube wp-block-embed-youtube wp-embed-aspect-16-9 wp-has-aspect-ratio\"><div class=\"wp-block-embed__wrapper\">\nhttps:\/\/youtu.be\/kqxSHztEB6Q\n<\/div><\/figure>\n","protected":false},"excerpt":{"rendered":"<p>Program Stypendialny Ministra Kultury i Dziedzictwa Narodowego RP &#8222;Gaude Polonia&#8221;. Pro\u00adgram prze\u00adzna\u00adczo\u00adny jest dla m\u0142o\u00addych (do 40 roku \u017cycia, w wy\u00adj\u0105t\u00adko\u00adwych wy\u00adpad\u00adkach do 45 roku \u017cycia) tw\u00f3r\u00adc\u00f3w kul\u00adtu\u00adry oraz t\u0142u\u00adma\u00adczy li\u00adte\u00adra\u00adtu\u00adry pol\u00adskiej z kra\u00adj\u00f3w Eu\u00adro\u00adpy \u015arod\u00adko\u00adwow\u00adschod\u00adniej, w pierw\u00adszej ko\u00adlej\u00adno\u00ad\u015bci z Bia\u00ad\u0142o\u00adru\u00adsi i Ukra\u00adiny. Pro\u00adgram s\u0142u\u017cy bu\u00addo\u00adwa\u00adniu p\u0142asz\u00adczy\u00adzny zro\u00adzu\u00admie\u00adnia i do\u00adbrych kon\u00adtak\u00adt\u00f3w na grun\u00adcie wsp\u00f3\u0142\u00adpra\u00adcy kul\u00adtu\u00adral\u00adnej [&hellip;]<\/p>\n","protected":false},"author":1,"featured_media":415,"parent":403,"menu_order":0,"comment_status":"closed","ping_status":"closed","template":"","meta":{"inline_featured_image":false,"_monsterinsights_skip_tracking":false,"_monsterinsights_sitenote_active":false,"_monsterinsights_sitenote_note":"","_monsterinsights_sitenote_category":0,"footnotes":""},"class_list":["post-419","page","type-page","status-publish","has-post-thumbnail","hentry"],"yoast_head":"<!-- This site is optimized with the Yoast SEO plugin v24.6 - https:\/\/yoast.com\/wordpress\/plugins\/seo\/ -->\n<title>Stypendia w Polsce - Instytut Polski w Kijowie<\/title>\n<meta name=\"robots\" content=\"index, follow, max-snippet:-1, max-image-preview:large, max-video-preview:-1\" \/>\n<link rel=\"canonical\" href=\"https:\/\/instytutpolski.pl\/kyiv\/pl\/poznaj-polske\/stypendia-w-polsce\/\" \/>\n<meta property=\"og:locale\" content=\"pl_PL\" \/>\n<meta property=\"og:type\" content=\"article\" \/>\n<meta property=\"og:title\" content=\"Stypendia w Polsce - Instytut Polski w Kijowie\" \/>\n<meta property=\"og:description\" content=\"Program Stypendialny Ministra Kultury i Dziedzictwa Narodowego RP &#8222;Gaude Polonia&#8221;. Pro\u00adgram prze\u00adzna\u00adczo\u00adny jest dla m\u0142o\u00addych (do 40 roku \u017cycia, w wy\u00adj\u0105t\u00adko\u00adwych wy\u00adpad\u00adkach do 45 roku \u017cycia) tw\u00f3r\u00adc\u00f3w kul\u00adtu\u00adry oraz t\u0142u\u00adma\u00adczy li\u00adte\u00adra\u00adtu\u00adry pol\u00adskiej z kra\u00adj\u00f3w Eu\u00adro\u00adpy \u015arod\u00adko\u00adwow\u00adschod\u00adniej, w pierw\u00adszej ko\u00adlej\u00adno\u00ad\u015bci z Bia\u00ad\u0142o\u00adru\u00adsi i Ukra\u00adiny. Pro\u00adgram s\u0142u\u017cy bu\u00addo\u00adwa\u00adniu p\u0142asz\u00adczy\u00adzny zro\u00adzu\u00admie\u00adnia i do\u00adbrych kon\u00adtak\u00adt\u00f3w na grun\u00adcie wsp\u00f3\u0142\u00adpra\u00adcy kul\u00adtu\u00adral\u00adnej [&hellip;]\" \/>\n<meta property=\"og:url\" content=\"https:\/\/instytutpolski.pl\/kyiv\/pl\/poznaj-polske\/stypendia-w-polsce\/\" \/>\n<meta property=\"og:site_name\" content=\"Instytut Polski w Kijowie\" \/>\n<meta property=\"article:modified_time\" content=\"2021-06-02T08:17:07+00:00\" \/>\n<meta property=\"og:image\" content=\"https:\/\/instytutpolski.pl\/kyiv\/wp-content\/uploads\/sites\/19\/2019\/06\/stypendia-w-polsce.jpg\" \/>\n\t<meta property=\"og:image:width\" content=\"1920\" \/>\n\t<meta property=\"og:image:height\" content=\"700\" \/>\n\t<meta property=\"og:image:type\" content=\"image\/jpeg\" \/>\n<meta name=\"twitter:card\" content=\"summary_large_image\" \/>\n<meta name=\"twitter:label1\" content=\"Szacowany czas czytania\" \/>\n\t<meta name=\"twitter:data1\" content=\"1 minuta\" \/>\n<script type=\"application\/ld+json\" class=\"yoast-schema-graph\">{\"@context\":\"https:\/\/schema.org\",\"@graph\":[{\"@type\":\"WebPage\",\"@id\":\"https:\/\/instytutpolski.pl\/kyiv\/pl\/poznaj-polske\/stypendia-w-polsce\/\",\"url\":\"https:\/\/instytutpolski.pl\/kyiv\/pl\/poznaj-polske\/stypendia-w-polsce\/\",\"name\":\"Stypendia w Polsce - Instytut Polski w Kijowie\",\"isPartOf\":{\"@id\":\"https:\/\/instytutpolski.pl\/kyiv\/#website\"},\"primaryImageOfPage\":{\"@id\":\"https:\/\/instytutpolski.pl\/kyiv\/pl\/poznaj-polske\/stypendia-w-polsce\/#primaryimage\"},\"image\":{\"@id\":\"https:\/\/instytutpolski.pl\/kyiv\/pl\/poznaj-polske\/stypendia-w-polsce\/#primaryimage\"},\"thumbnailUrl\":\"https:\/\/instytutpolski.pl\/kyiv\/wp-content\/uploads\/sites\/19\/2019\/06\/stypendia-w-polsce.jpg\",\"datePublished\":\"2019-06-26T10:36:53+00:00\",\"dateModified\":\"2021-06-02T08:17:07+00:00\",\"breadcrumb\":{\"@id\":\"https:\/\/instytutpolski.pl\/kyiv\/pl\/poznaj-polske\/stypendia-w-polsce\/#breadcrumb\"},\"inLanguage\":\"pl-PL\",\"potentialAction\":[{\"@type\":\"ReadAction\",\"target\":[\"https:\/\/instytutpolski.pl\/kyiv\/pl\/poznaj-polske\/stypendia-w-polsce\/\"]}]},{\"@type\":\"ImageObject\",\"inLanguage\":\"pl-PL\",\"@id\":\"https:\/\/instytutpolski.pl\/kyiv\/pl\/poznaj-polske\/stypendia-w-polsce\/#primaryimage\",\"url\":\"https:\/\/instytutpolski.pl\/kyiv\/wp-content\/uploads\/sites\/19\/2019\/06\/stypendia-w-polsce.jpg\",\"contentUrl\":\"https:\/\/instytutpolski.pl\/kyiv\/wp-content\/uploads\/sites\/19\/2019\/06\/stypendia-w-polsce.jpg\",\"width\":1920,\"height\":700},{\"@type\":\"BreadcrumbList\",\"@id\":\"https:\/\/instytutpolski.pl\/kyiv\/pl\/poznaj-polske\/stypendia-w-polsce\/#breadcrumb\",\"itemListElement\":[{\"@type\":\"ListItem\",\"position\":1,\"name\":\"Home\",\"item\":\"https:\/\/instytutpolski.pl\/kyiv\/\"},{\"@type\":\"ListItem\",\"position\":2,\"name\":\"Poznaj Polsk\u0119\",\"item\":\"https:\/\/instytutpolski.pl\/kyiv\/pl\/poznaj-polske\/\"},{\"@type\":\"ListItem\",\"position\":3,\"name\":\"Stypendia w Polsce\"}]},{\"@type\":\"WebSite\",\"@id\":\"https:\/\/instytutpolski.pl\/kyiv\/#website\",\"url\":\"https:\/\/instytutpolski.pl\/kyiv\/\",\"name\":\"Instytut Polski w Kijowie\",\"description\":\"Instytuty Polskie\",\"potentialAction\":[{\"@type\":\"SearchAction\",\"target\":{\"@type\":\"EntryPoint\",\"urlTemplate\":\"https:\/\/instytutpolski.pl\/kyiv\/?s={search_term_string}\"},\"query-input\":{\"@type\":\"PropertyValueSpecification\",\"valueRequired\":true,\"valueName\":\"search_term_string\"}}],\"inLanguage\":\"pl-PL\"}]}<\/script>\n<!-- \/ Yoast SEO plugin. -->","yoast_head_json":{"title":"Stypendia w Polsce - Instytut Polski w Kijowie","robots":{"index":"index","follow":"follow","max-snippet":"max-snippet:-1","max-image-preview":"max-image-preview:large","max-video-preview":"max-video-preview:-1"},"canonical":"https:\/\/instytutpolski.pl\/kyiv\/pl\/poznaj-polske\/stypendia-w-polsce\/","og_locale":"pl_PL","og_type":"article","og_title":"Stypendia w Polsce - Instytut Polski w Kijowie","og_description":"Program Stypendialny Ministra Kultury i Dziedzictwa Narodowego RP &#8222;Gaude Polonia&#8221;. Pro\u00adgram prze\u00adzna\u00adczo\u00adny jest dla m\u0142o\u00addych (do 40 roku \u017cycia, w wy\u00adj\u0105t\u00adko\u00adwych wy\u00adpad\u00adkach do 45 roku \u017cycia) tw\u00f3r\u00adc\u00f3w kul\u00adtu\u00adry oraz t\u0142u\u00adma\u00adczy li\u00adte\u00adra\u00adtu\u00adry pol\u00adskiej z kra\u00adj\u00f3w Eu\u00adro\u00adpy \u015arod\u00adko\u00adwow\u00adschod\u00adniej, w pierw\u00adszej ko\u00adlej\u00adno\u00ad\u015bci z Bia\u00ad\u0142o\u00adru\u00adsi i Ukra\u00adiny. Pro\u00adgram s\u0142u\u017cy bu\u00addo\u00adwa\u00adniu p\u0142asz\u00adczy\u00adzny zro\u00adzu\u00admie\u00adnia i do\u00adbrych kon\u00adtak\u00adt\u00f3w na grun\u00adcie wsp\u00f3\u0142\u00adpra\u00adcy kul\u00adtu\u00adral\u00adnej [&hellip;]","og_url":"https:\/\/instytutpolski.pl\/kyiv\/pl\/poznaj-polske\/stypendia-w-polsce\/","og_site_name":"Instytut Polski w Kijowie","article_modified_time":"2021-06-02T08:17:07+00:00","og_image":[{"width":1920,"height":700,"url":"https:\/\/instytutpolski.pl\/kyiv\/wp-content\/uploads\/sites\/19\/2019\/06\/stypendia-w-polsce.jpg","type":"image\/jpeg"}],"twitter_card":"summary_large_image","twitter_misc":{"Szacowany czas czytania":"1 minuta"},"schema":{"@context":"https:\/\/schema.org","@graph":[{"@type":"WebPage","@id":"https:\/\/instytutpolski.pl\/kyiv\/pl\/poznaj-polske\/stypendia-w-polsce\/","url":"https:\/\/instytutpolski.pl\/kyiv\/pl\/poznaj-polske\/stypendia-w-polsce\/","name":"Stypendia w Polsce - Instytut Polski w Kijowie","isPartOf":{"@id":"https:\/\/instytutpolski.pl\/kyiv\/#website"},"primaryImageOfPage":{"@id":"https:\/\/instytutpolski.pl\/kyiv\/pl\/poznaj-polske\/stypendia-w-polsce\/#primaryimage"},"image":{"@id":"https:\/\/instytutpolski.pl\/kyiv\/pl\/poznaj-polske\/stypendia-w-polsce\/#primaryimage"},"thumbnailUrl":"https:\/\/instytutpolski.pl\/kyiv\/wp-content\/uploads\/sites\/19\/2019\/06\/stypendia-w-polsce.jpg","datePublished":"2019-06-26T10:36:53+00:00","dateModified":"2021-06-02T08:17:07+00:00","breadcrumb":{"@id":"https:\/\/instytutpolski.pl\/kyiv\/pl\/poznaj-polske\/stypendia-w-polsce\/#breadcrumb"},"inLanguage":"pl-PL","potentialAction":[{"@type":"ReadAction","target":["https:\/\/instytutpolski.pl\/kyiv\/pl\/poznaj-polske\/stypendia-w-polsce\/"]}]},{"@type":"ImageObject","inLanguage":"pl-PL","@id":"https:\/\/instytutpolski.pl\/kyiv\/pl\/poznaj-polske\/stypendia-w-polsce\/#primaryimage","url":"https:\/\/instytutpolski.pl\/kyiv\/wp-content\/uploads\/sites\/19\/2019\/06\/stypendia-w-polsce.jpg","contentUrl":"https:\/\/instytutpolski.pl\/kyiv\/wp-content\/uploads\/sites\/19\/2019\/06\/stypendia-w-polsce.jpg","width":1920,"height":700},{"@type":"BreadcrumbList","@id":"https:\/\/instytutpolski.pl\/kyiv\/pl\/poznaj-polske\/stypendia-w-polsce\/#breadcrumb","itemListElement":[{"@type":"ListItem","position":1,"name":"Home","item":"https:\/\/instytutpolski.pl\/kyiv\/"},{"@type":"ListItem","position":2,"name":"Poznaj Polsk\u0119","item":"https:\/\/instytutpolski.pl\/kyiv\/pl\/poznaj-polske\/"},{"@type":"ListItem","position":3,"name":"Stypendia w Polsce"}]},{"@type":"WebSite","@id":"https:\/\/instytutpolski.pl\/kyiv\/#website","url":"https:\/\/instytutpolski.pl\/kyiv\/","name":"Instytut Polski w Kijowie","description":"Instytuty Polskie","potentialAction":[{"@type":"SearchAction","target":{"@type":"EntryPoint","urlTemplate":"https:\/\/instytutpolski.pl\/kyiv\/?s={search_term_string}"},"query-input":{"@type":"PropertyValueSpecification","valueRequired":true,"valueName":"search_term_string"}}],"inLanguage":"pl-PL"}]}},"_links":{"self":[{"href":"https:\/\/instytutpolski.pl\/kyiv\/wp-json\/wp\/v2\/pages\/419","targetHints":{"allow":["GET"]}}],"collection":[{"href":"https:\/\/instytutpolski.pl\/kyiv\/wp-json\/wp\/v2\/pages"}],"about":[{"href":"https:\/\/instytutpolski.pl\/kyiv\/wp-json\/wp\/v2\/types\/page"}],"author":[{"embeddable":true,"href":"https:\/\/instytutpolski.pl\/kyiv\/wp-json\/wp\/v2\/users\/1"}],"replies":[{"embeddable":true,"href":"https:\/\/instytutpolski.pl\/kyiv\/wp-json\/wp\/v2\/comments?post=419"}],"version-history":[{"count":4,"href":"https:\/\/instytutpolski.pl\/kyiv\/wp-json\/wp\/v2\/pages\/419\/revisions"}],"predecessor-version":[{"id":7689,"href":"https:\/\/instytutpolski.pl\/kyiv\/wp-json\/wp\/v2\/pages\/419\/revisions\/7689"}],"up":[{"embeddable":true,"href":"https:\/\/instytutpolski.pl\/kyiv\/wp-json\/wp\/v2\/pages\/403"}],"wp:featuredmedia":[{"embeddable":true,"href":"https:\/\/instytutpolski.pl\/kyiv\/wp-json\/wp\/v2\/media\/415"}],"wp:attachment":[{"href":"https:\/\/instytutpolski.pl\/kyiv\/wp-json\/wp\/v2\/media?parent=419"}],"curies":[{"name":"wp","href":"https:\/\/api.w.org\/{rel}","templated":true}]}}