{"id":4230,"date":"2020-08-03T11:59:36","date_gmt":"2020-08-03T09:59:36","guid":{"rendered":"https:\/\/instytutpolski.pl\/kyiv\/?page_id=4230"},"modified":"2021-10-29T16:43:18","modified_gmt":"2021-10-29T14:43:18","slug":"nagroda-conrada","status":"publish","type":"page","link":"https:\/\/instytutpolski.pl\/kyiv\/pl\/nagrody\/nagroda-conrada\/","title":{"rendered":"Nagroda Conrada"},"content":{"rendered":"\n<h4 class=\"wp-block-heading\">Nagroda literacka im. J\u00f3zefa Conrada-Korzeniowskiego<\/h4>\n\n\n\n<p><strong><a href=\"https:\/\/instytutpolski.pl\/kyiv\/pl\/2021\/10\/29\/nagroda-literacka-im-jozefa-conrada-korzeniowskiego-2021\/\">Open Call 2021<\/a><\/strong><\/p>\n\n\n\n<p>Nagroda literacka im. J\u00f3zefa Conrada-Korzeniowskiego, przyznawana raz na dwa lata od roku 2007 przez Instytut Polski w Kijowie \u017cyj\u0105cemu ukrai\u0144skiemu pisarzowi za konsekwencj\u0119 w realizacji drogi tw\u00f3rczej, innowacyjno\u015b\u0107 formy, \u0142amanie stereotyp\u00f3w i uniwersalizm przes\u0142ania. Chcemy tak\u017ce zwr\u00f3ci\u0107 uwag\u0119 na polskich tw\u00f3rc\u00f3w, kt\u00f3rzy tak, jak J\u00f3zef Conrad-Korzeniowski, urodzili si\u0119 na terenach obecnej Ukrainy i cho\u0107 funkcjonuj\u0105 w kulturze \u015bwiatowej, nie s\u0105 kojarzeni ani z Polsk\u0105, ani z Ukrain\u0105.<\/p>\n\n\n\n<p>Laureatami nagrody s\u0105: Taras Procha\u015bko (2007), Serhij \u017badan (2009), Nata\u0142ka Sniadanko (2011), Tania Malarczuk (2013), Sofia Andruchowych (2015), Kateryna Ka\u0142ytko (2017), Artem Czech (2019).<\/p>\n","protected":false},"excerpt":{"rendered":"<p>Nagroda literacka im. J\u00f3zefa Conrada-Korzeniowskiego Open Call 2021 Nagroda literacka im. J\u00f3zefa Conrada-Korzeniowskiego, przyznawana raz na dwa lata od roku 2007 przez Instytut Polski w Kijowie \u017cyj\u0105cemu ukrai\u0144skiemu pisarzowi za konsekwencj\u0119 w realizacji drogi tw\u00f3rczej, innowacyjno\u015b\u0107 formy, \u0142amanie stereotyp\u00f3w i uniwersalizm przes\u0142ania. Chcemy tak\u017ce zwr\u00f3ci\u0107 uwag\u0119 na polskich tw\u00f3rc\u00f3w, kt\u00f3rzy tak, jak J\u00f3zef Conrad-Korzeniowski, urodzili [&hellip;]<\/p>\n","protected":false},"author":26,"featured_media":15099,"parent":4211,"menu_order":0,"comment_status":"closed","ping_status":"closed","template":"","meta":{"inline_featured_image":false,"_monsterinsights_skip_tracking":false,"_monsterinsights_sitenote_active":false,"_monsterinsights_sitenote_note":"","_monsterinsights_sitenote_category":0,"footnotes":""},"class_list":["post-4230","page","type-page","status-publish","has-post-thumbnail","hentry"],"yoast_head":"<!-- This site is optimized with the Yoast SEO plugin v24.6 - https:\/\/yoast.com\/wordpress\/plugins\/seo\/ -->\n<title>Nagroda Conrada - Instytut Polski w Kijowie<\/title>\n<meta name=\"robots\" content=\"index, follow, max-snippet:-1, max-image-preview:large, max-video-preview:-1\" \/>\n<link rel=\"canonical\" href=\"https:\/\/instytutpolski.pl\/kyiv\/pl\/nagrody\/nagroda-conrada\/\" \/>\n<meta property=\"og:locale\" content=\"pl_PL\" \/>\n<meta property=\"og:type\" content=\"article\" \/>\n<meta property=\"og:title\" content=\"Nagroda Conrada - Instytut Polski w Kijowie\" \/>\n<meta property=\"og:description\" content=\"Nagroda literacka im. J\u00f3zefa Conrada-Korzeniowskiego Open Call 2021 Nagroda literacka im. J\u00f3zefa Conrada-Korzeniowskiego, przyznawana raz na dwa lata od roku 2007 przez Instytut Polski w Kijowie \u017cyj\u0105cemu ukrai\u0144skiemu pisarzowi za konsekwencj\u0119 w realizacji drogi tw\u00f3rczej, innowacyjno\u015b\u0107 formy, \u0142amanie stereotyp\u00f3w i uniwersalizm przes\u0142ania. Chcemy tak\u017ce zwr\u00f3ci\u0107 uwag\u0119 na polskich tw\u00f3rc\u00f3w, kt\u00f3rzy tak, jak J\u00f3zef Conrad-Korzeniowski, urodzili [&hellip;]\" \/>\n<meta property=\"og:url\" content=\"https:\/\/instytutpolski.pl\/kyiv\/pl\/nagrody\/nagroda-conrada\/\" \/>\n<meta property=\"og:site_name\" content=\"Instytut Polski w Kijowie\" \/>\n<meta property=\"article:modified_time\" content=\"2021-10-29T14:43:18+00:00\" \/>\n<meta property=\"og:image\" content=\"https:\/\/instytutpolski.pl\/kyiv\/wp-content\/uploads\/sites\/19\/2021\/10\/conrad_2021_logo_page-0001.jpg\" \/>\n\t<meta property=\"og:image:width\" content=\"1182\" \/>\n\t<meta property=\"og:image:height\" content=\"1182\" \/>\n\t<meta property=\"og:image:type\" content=\"image\/jpeg\" \/>\n<meta name=\"twitter:card\" content=\"summary_large_image\" \/>\n<meta name=\"twitter:label1\" content=\"Szacowany czas czytania\" \/>\n\t<meta name=\"twitter:data1\" content=\"1 minuta\" \/>\n<script type=\"application\/ld+json\" class=\"yoast-schema-graph\">{\"@context\":\"https:\/\/schema.org\",\"@graph\":[{\"@type\":\"WebPage\",\"@id\":\"https:\/\/instytutpolski.pl\/kyiv\/pl\/nagrody\/nagroda-conrada\/\",\"url\":\"https:\/\/instytutpolski.pl\/kyiv\/pl\/nagrody\/nagroda-conrada\/\",\"name\":\"Nagroda Conrada - Instytut Polski w Kijowie\",\"isPartOf\":{\"@id\":\"https:\/\/instytutpolski.pl\/kyiv\/#website\"},\"primaryImageOfPage\":{\"@id\":\"https:\/\/instytutpolski.pl\/kyiv\/pl\/nagrody\/nagroda-conrada\/#primaryimage\"},\"image\":{\"@id\":\"https:\/\/instytutpolski.pl\/kyiv\/pl\/nagrody\/nagroda-conrada\/#primaryimage\"},\"thumbnailUrl\":\"https:\/\/instytutpolski.pl\/kyiv\/wp-content\/uploads\/sites\/19\/2024\/09\/conrad_2024_logo_bright.jpg\",\"datePublished\":\"2020-08-03T09:59:36+00:00\",\"dateModified\":\"2021-10-29T14:43:18+00:00\",\"breadcrumb\":{\"@id\":\"https:\/\/instytutpolski.pl\/kyiv\/pl\/nagrody\/nagroda-conrada\/#breadcrumb\"},\"inLanguage\":\"pl-PL\",\"potentialAction\":[{\"@type\":\"ReadAction\",\"target\":[\"https:\/\/instytutpolski.pl\/kyiv\/pl\/nagrody\/nagroda-conrada\/\"]}]},{\"@type\":\"ImageObject\",\"inLanguage\":\"pl-PL\",\"@id\":\"https:\/\/instytutpolski.pl\/kyiv\/pl\/nagrody\/nagroda-conrada\/#primaryimage\",\"url\":\"https:\/\/instytutpolski.pl\/kyiv\/wp-content\/uploads\/sites\/19\/2024\/09\/conrad_2024_logo_bright.jpg\",\"contentUrl\":\"https:\/\/instytutpolski.pl\/kyiv\/wp-content\/uploads\/sites\/19\/2024\/09\/conrad_2024_logo_bright.jpg\",\"width\":1181,\"height\":1181},{\"@type\":\"BreadcrumbList\",\"@id\":\"https:\/\/instytutpolski.pl\/kyiv\/pl\/nagrody\/nagroda-conrada\/#breadcrumb\",\"itemListElement\":[{\"@type\":\"ListItem\",\"position\":1,\"name\":\"Home\",\"item\":\"https:\/\/instytutpolski.pl\/kyiv\/\"},{\"@type\":\"ListItem\",\"position\":2,\"name\":\"Nagrody\",\"item\":\"https:\/\/instytutpolski.pl\/kyiv\/pl\/nagrody\/\"},{\"@type\":\"ListItem\",\"position\":3,\"name\":\"Nagroda Conrada\"}]},{\"@type\":\"WebSite\",\"@id\":\"https:\/\/instytutpolski.pl\/kyiv\/#website\",\"url\":\"https:\/\/instytutpolski.pl\/kyiv\/\",\"name\":\"Instytut Polski w Kijowie\",\"description\":\"Instytuty Polskie\",\"potentialAction\":[{\"@type\":\"SearchAction\",\"target\":{\"@type\":\"EntryPoint\",\"urlTemplate\":\"https:\/\/instytutpolski.pl\/kyiv\/?s={search_term_string}\"},\"query-input\":{\"@type\":\"PropertyValueSpecification\",\"valueRequired\":true,\"valueName\":\"search_term_string\"}}],\"inLanguage\":\"pl-PL\"}]}<\/script>\n<!-- \/ Yoast SEO plugin. -->","yoast_head_json":{"title":"Nagroda Conrada - Instytut Polski w Kijowie","robots":{"index":"index","follow":"follow","max-snippet":"max-snippet:-1","max-image-preview":"max-image-preview:large","max-video-preview":"max-video-preview:-1"},"canonical":"https:\/\/instytutpolski.pl\/kyiv\/pl\/nagrody\/nagroda-conrada\/","og_locale":"pl_PL","og_type":"article","og_title":"Nagroda Conrada - Instytut Polski w Kijowie","og_description":"Nagroda literacka im. J\u00f3zefa Conrada-Korzeniowskiego Open Call 2021 Nagroda literacka im. J\u00f3zefa Conrada-Korzeniowskiego, przyznawana raz na dwa lata od roku 2007 przez Instytut Polski w Kijowie \u017cyj\u0105cemu ukrai\u0144skiemu pisarzowi za konsekwencj\u0119 w realizacji drogi tw\u00f3rczej, innowacyjno\u015b\u0107 formy, \u0142amanie stereotyp\u00f3w i uniwersalizm przes\u0142ania. Chcemy tak\u017ce zwr\u00f3ci\u0107 uwag\u0119 na polskich tw\u00f3rc\u00f3w, kt\u00f3rzy tak, jak J\u00f3zef Conrad-Korzeniowski, urodzili [&hellip;]","og_url":"https:\/\/instytutpolski.pl\/kyiv\/pl\/nagrody\/nagroda-conrada\/","og_site_name":"Instytut Polski w Kijowie","article_modified_time":"2021-10-29T14:43:18+00:00","og_image":[{"width":1182,"height":1182,"url":"https:\/\/instytutpolski.pl\/kyiv\/wp-content\/uploads\/sites\/19\/2021\/10\/conrad_2021_logo_page-0001.jpg","type":"image\/jpeg"}],"twitter_card":"summary_large_image","twitter_misc":{"Szacowany czas czytania":"1 minuta"},"schema":{"@context":"https:\/\/schema.org","@graph":[{"@type":"WebPage","@id":"https:\/\/instytutpolski.pl\/kyiv\/pl\/nagrody\/nagroda-conrada\/","url":"https:\/\/instytutpolski.pl\/kyiv\/pl\/nagrody\/nagroda-conrada\/","name":"Nagroda Conrada - Instytut Polski w Kijowie","isPartOf":{"@id":"https:\/\/instytutpolski.pl\/kyiv\/#website"},"primaryImageOfPage":{"@id":"https:\/\/instytutpolski.pl\/kyiv\/pl\/nagrody\/nagroda-conrada\/#primaryimage"},"image":{"@id":"https:\/\/instytutpolski.pl\/kyiv\/pl\/nagrody\/nagroda-conrada\/#primaryimage"},"thumbnailUrl":"https:\/\/instytutpolski.pl\/kyiv\/wp-content\/uploads\/sites\/19\/2024\/09\/conrad_2024_logo_bright.jpg","datePublished":"2020-08-03T09:59:36+00:00","dateModified":"2021-10-29T14:43:18+00:00","breadcrumb":{"@id":"https:\/\/instytutpolski.pl\/kyiv\/pl\/nagrody\/nagroda-conrada\/#breadcrumb"},"inLanguage":"pl-PL","potentialAction":[{"@type":"ReadAction","target":["https:\/\/instytutpolski.pl\/kyiv\/pl\/nagrody\/nagroda-conrada\/"]}]},{"@type":"ImageObject","inLanguage":"pl-PL","@id":"https:\/\/instytutpolski.pl\/kyiv\/pl\/nagrody\/nagroda-conrada\/#primaryimage","url":"https:\/\/instytutpolski.pl\/kyiv\/wp-content\/uploads\/sites\/19\/2024\/09\/conrad_2024_logo_bright.jpg","contentUrl":"https:\/\/instytutpolski.pl\/kyiv\/wp-content\/uploads\/sites\/19\/2024\/09\/conrad_2024_logo_bright.jpg","width":1181,"height":1181},{"@type":"BreadcrumbList","@id":"https:\/\/instytutpolski.pl\/kyiv\/pl\/nagrody\/nagroda-conrada\/#breadcrumb","itemListElement":[{"@type":"ListItem","position":1,"name":"Home","item":"https:\/\/instytutpolski.pl\/kyiv\/"},{"@type":"ListItem","position":2,"name":"Nagrody","item":"https:\/\/instytutpolski.pl\/kyiv\/pl\/nagrody\/"},{"@type":"ListItem","position":3,"name":"Nagroda Conrada"}]},{"@type":"WebSite","@id":"https:\/\/instytutpolski.pl\/kyiv\/#website","url":"https:\/\/instytutpolski.pl\/kyiv\/","name":"Instytut Polski w Kijowie","description":"Instytuty Polskie","potentialAction":[{"@type":"SearchAction","target":{"@type":"EntryPoint","urlTemplate":"https:\/\/instytutpolski.pl\/kyiv\/?s={search_term_string}"},"query-input":{"@type":"PropertyValueSpecification","valueRequired":true,"valueName":"search_term_string"}}],"inLanguage":"pl-PL"}]}},"_links":{"self":[{"href":"https:\/\/instytutpolski.pl\/kyiv\/wp-json\/wp\/v2\/pages\/4230","targetHints":{"allow":["GET"]}}],"collection":[{"href":"https:\/\/instytutpolski.pl\/kyiv\/wp-json\/wp\/v2\/pages"}],"about":[{"href":"https:\/\/instytutpolski.pl\/kyiv\/wp-json\/wp\/v2\/types\/page"}],"author":[{"embeddable":true,"href":"https:\/\/instytutpolski.pl\/kyiv\/wp-json\/wp\/v2\/users\/26"}],"replies":[{"embeddable":true,"href":"https:\/\/instytutpolski.pl\/kyiv\/wp-json\/wp\/v2\/comments?post=4230"}],"version-history":[{"count":5,"href":"https:\/\/instytutpolski.pl\/kyiv\/wp-json\/wp\/v2\/pages\/4230\/revisions"}],"predecessor-version":[{"id":9679,"href":"https:\/\/instytutpolski.pl\/kyiv\/wp-json\/wp\/v2\/pages\/4230\/revisions\/9679"}],"up":[{"embeddable":true,"href":"https:\/\/instytutpolski.pl\/kyiv\/wp-json\/wp\/v2\/pages\/4211"}],"wp:featuredmedia":[{"embeddable":true,"href":"https:\/\/instytutpolski.pl\/kyiv\/wp-json\/wp\/v2\/media\/15099"}],"wp:attachment":[{"href":"https:\/\/instytutpolski.pl\/kyiv\/wp-json\/wp\/v2\/media?parent=4230"}],"curies":[{"name":"wp","href":"https:\/\/api.w.org\/{rel}","templated":true}]}}