{"id":457,"date":"2019-06-26T12:48:22","date_gmt":"2019-06-26T10:48:22","guid":{"rendered":"https:\/\/instytutpolski.pl\/kijow\/?page_id=457"},"modified":"2020-05-26T01:25:36","modified_gmt":"2020-05-25T23:25:36","slug":"nauka-w-polsce","status":"publish","type":"page","link":"https:\/\/instytutpolski.pl\/kyiv\/pl\/poznaj-polske\/nauka-w-polsce\/","title":{"rendered":"Nauka w Polsce"},"content":{"rendered":"\n<p>Polscy naukowcy znani s\u0105 z prze\u0142omowych odkry\u0107 i wynalazk\u00f3w. Poznaj niekt\u00f3rych z nich i dowiedz si\u0119 wi\u0119cej o ich osi\u0105gni\u0119ciach.<\/p>\n\n\n\n<p>Broszurka o nauce w Polsce \u2013 wersja online pdf\u00a0<a rel=\"noreferrer noopener\" href=\"https:\/\/nawa.gov.pl\/images\/zdjecia\/ResearchinPoland\/Science_in_Poland_v1.25a-www.pdf\" target=\"_blank\">tutaj<\/a>.<\/p>\n\n\n\n<figure class=\"wp-block-embed-youtube wp-block-embed is-type-video is-provider-youtube wp-embed-aspect-16-9 wp-has-aspect-ratio\"><div class=\"wp-block-embed__wrapper\">\nhttps:\/\/youtu.be\/DQY_WY46I20\n<\/div><\/figure>\n\n\n\n<h4>Wi\u0119cej<\/h4>\n<p>Informacje o nauce na stronie internetowej Narodowej Agencji Wymiany Akademickiej:\u00a0<a href=\"https:\/\/nawa.gov.pl\/en\/researchinpoland\" target=\"_blank\" rel=\"noreferrer noopener\">https:\/\/nawa.gov.pl\/en\/researchinpoland<\/a><\/p>\n<p>Ministerstwo Nauki i Szkolnictwa Wy\u017cszego:\u00a0<a href=\"https:\/\/www.gov.pl\/web\/nauka\" target=\"_blank\" rel=\"noreferrer noopener\">https:\/\/www.gov.pl\/web\/nauka<\/a><\/p>\n<p>S\u0142ynni polscy naukowcy:\u00a0<a href=\"https:\/\/poland.pl\/science\/famous-scientists\/\" target=\"_blank\" rel=\"noreferrer noopener\">https:\/\/poland.pl\/science\/famous-scientists\/<\/a><\/p>\n","protected":false},"excerpt":{"rendered":"<p>Polscy naukowcy znani s\u0105 z prze\u0142omowych odkry\u0107 i wynalazk\u00f3w. Poznaj niekt\u00f3rych z nich i dowiedz si\u0119 wi\u0119cej o ich osi\u0105gni\u0119ciach. Broszurka o nauce w Polsce \u2013 wersja online pdf\u00a0tutaj. Wi\u0119cej Informacje o nauce na stronie internetowej Narodowej Agencji Wymiany Akademickiej:\u00a0https:\/\/nawa.gov.pl\/en\/researchinpoland Ministerstwo Nauki i Szkolnictwa Wy\u017cszego:\u00a0https:\/\/www.gov.pl\/web\/nauka S\u0142ynni polscy naukowcy:\u00a0https:\/\/poland.pl\/science\/famous-scientists\/<\/p>\n","protected":false},"author":1,"featured_media":452,"parent":403,"menu_order":0,"comment_status":"closed","ping_status":"closed","template":"","meta":{"inline_featured_image":false,"_monsterinsights_skip_tracking":false,"_monsterinsights_sitenote_active":false,"_monsterinsights_sitenote_note":"","_monsterinsights_sitenote_category":0,"footnotes":""},"class_list":["post-457","page","type-page","status-publish","has-post-thumbnail","hentry"],"yoast_head":"<!-- This site is optimized with the Yoast SEO plugin v24.6 - https:\/\/yoast.com\/wordpress\/plugins\/seo\/ -->\n<title>Nauka w Polsce - Instytut Polski w Kijowie<\/title>\n<meta name=\"robots\" content=\"index, follow, max-snippet:-1, max-image-preview:large, max-video-preview:-1\" \/>\n<link rel=\"canonical\" href=\"https:\/\/instytutpolski.pl\/kyiv\/pl\/poznaj-polske\/nauka-w-polsce\/\" \/>\n<meta property=\"og:locale\" content=\"pl_PL\" \/>\n<meta property=\"og:type\" content=\"article\" \/>\n<meta property=\"og:title\" content=\"Nauka w Polsce - Instytut Polski w Kijowie\" \/>\n<meta property=\"og:description\" content=\"Polscy naukowcy znani s\u0105 z prze\u0142omowych odkry\u0107 i wynalazk\u00f3w. Poznaj niekt\u00f3rych z nich i dowiedz si\u0119 wi\u0119cej o ich osi\u0105gni\u0119ciach. Broszurka o nauce w Polsce \u2013 wersja online pdf\u00a0tutaj. Wi\u0119cej Informacje o nauce na stronie internetowej Narodowej Agencji Wymiany Akademickiej:\u00a0https:\/\/nawa.gov.pl\/en\/researchinpoland Ministerstwo Nauki i Szkolnictwa Wy\u017cszego:\u00a0https:\/\/www.gov.pl\/web\/nauka S\u0142ynni polscy naukowcy:\u00a0https:\/\/poland.pl\/science\/famous-scientists\/\" \/>\n<meta property=\"og:url\" content=\"https:\/\/instytutpolski.pl\/kyiv\/pl\/poznaj-polske\/nauka-w-polsce\/\" \/>\n<meta property=\"og:site_name\" content=\"Instytut Polski w Kijowie\" \/>\n<meta property=\"article:modified_time\" content=\"2020-05-25T23:25:36+00:00\" \/>\n<meta property=\"og:image\" content=\"https:\/\/instytutpolski.pl\/kyiv\/wp-content\/uploads\/sites\/19\/2019\/06\/nauka-w-polsce.jpg\" \/>\n\t<meta property=\"og:image:width\" content=\"1920\" \/>\n\t<meta property=\"og:image:height\" content=\"700\" \/>\n\t<meta property=\"og:image:type\" content=\"image\/jpeg\" \/>\n<meta name=\"twitter:card\" content=\"summary_large_image\" \/>\n<script type=\"application\/ld+json\" class=\"yoast-schema-graph\">{\"@context\":\"https:\/\/schema.org\",\"@graph\":[{\"@type\":\"WebPage\",\"@id\":\"https:\/\/instytutpolski.pl\/kyiv\/pl\/poznaj-polske\/nauka-w-polsce\/\",\"url\":\"https:\/\/instytutpolski.pl\/kyiv\/pl\/poznaj-polske\/nauka-w-polsce\/\",\"name\":\"Nauka w Polsce - Instytut Polski w Kijowie\",\"isPartOf\":{\"@id\":\"https:\/\/instytutpolski.pl\/kyiv\/#website\"},\"primaryImageOfPage\":{\"@id\":\"https:\/\/instytutpolski.pl\/kyiv\/pl\/poznaj-polske\/nauka-w-polsce\/#primaryimage\"},\"image\":{\"@id\":\"https:\/\/instytutpolski.pl\/kyiv\/pl\/poznaj-polske\/nauka-w-polsce\/#primaryimage\"},\"thumbnailUrl\":\"https:\/\/instytutpolski.pl\/kyiv\/wp-content\/uploads\/sites\/19\/2019\/06\/nauka-w-polsce.jpg\",\"datePublished\":\"2019-06-26T10:48:22+00:00\",\"dateModified\":\"2020-05-25T23:25:36+00:00\",\"breadcrumb\":{\"@id\":\"https:\/\/instytutpolski.pl\/kyiv\/pl\/poznaj-polske\/nauka-w-polsce\/#breadcrumb\"},\"inLanguage\":\"pl-PL\",\"potentialAction\":[{\"@type\":\"ReadAction\",\"target\":[\"https:\/\/instytutpolski.pl\/kyiv\/pl\/poznaj-polske\/nauka-w-polsce\/\"]}]},{\"@type\":\"ImageObject\",\"inLanguage\":\"pl-PL\",\"@id\":\"https:\/\/instytutpolski.pl\/kyiv\/pl\/poznaj-polske\/nauka-w-polsce\/#primaryimage\",\"url\":\"https:\/\/instytutpolski.pl\/kyiv\/wp-content\/uploads\/sites\/19\/2019\/06\/nauka-w-polsce.jpg\",\"contentUrl\":\"https:\/\/instytutpolski.pl\/kyiv\/wp-content\/uploads\/sites\/19\/2019\/06\/nauka-w-polsce.jpg\",\"width\":1920,\"height\":700},{\"@type\":\"BreadcrumbList\",\"@id\":\"https:\/\/instytutpolski.pl\/kyiv\/pl\/poznaj-polske\/nauka-w-polsce\/#breadcrumb\",\"itemListElement\":[{\"@type\":\"ListItem\",\"position\":1,\"name\":\"Home\",\"item\":\"https:\/\/instytutpolski.pl\/kyiv\/\"},{\"@type\":\"ListItem\",\"position\":2,\"name\":\"Poznaj Polsk\u0119\",\"item\":\"https:\/\/instytutpolski.pl\/kyiv\/pl\/poznaj-polske\/\"},{\"@type\":\"ListItem\",\"position\":3,\"name\":\"Nauka w Polsce\"}]},{\"@type\":\"WebSite\",\"@id\":\"https:\/\/instytutpolski.pl\/kyiv\/#website\",\"url\":\"https:\/\/instytutpolski.pl\/kyiv\/\",\"name\":\"Instytut Polski w Kijowie\",\"description\":\"Instytuty Polskie\",\"potentialAction\":[{\"@type\":\"SearchAction\",\"target\":{\"@type\":\"EntryPoint\",\"urlTemplate\":\"https:\/\/instytutpolski.pl\/kyiv\/?s={search_term_string}\"},\"query-input\":{\"@type\":\"PropertyValueSpecification\",\"valueRequired\":true,\"valueName\":\"search_term_string\"}}],\"inLanguage\":\"pl-PL\"}]}<\/script>\n<!-- \/ Yoast SEO plugin. -->","yoast_head_json":{"title":"Nauka w Polsce - Instytut Polski w Kijowie","robots":{"index":"index","follow":"follow","max-snippet":"max-snippet:-1","max-image-preview":"max-image-preview:large","max-video-preview":"max-video-preview:-1"},"canonical":"https:\/\/instytutpolski.pl\/kyiv\/pl\/poznaj-polske\/nauka-w-polsce\/","og_locale":"pl_PL","og_type":"article","og_title":"Nauka w Polsce - Instytut Polski w Kijowie","og_description":"Polscy naukowcy znani s\u0105 z prze\u0142omowych odkry\u0107 i wynalazk\u00f3w. Poznaj niekt\u00f3rych z nich i dowiedz si\u0119 wi\u0119cej o ich osi\u0105gni\u0119ciach. Broszurka o nauce w Polsce \u2013 wersja online pdf\u00a0tutaj. Wi\u0119cej Informacje o nauce na stronie internetowej Narodowej Agencji Wymiany Akademickiej:\u00a0https:\/\/nawa.gov.pl\/en\/researchinpoland Ministerstwo Nauki i Szkolnictwa Wy\u017cszego:\u00a0https:\/\/www.gov.pl\/web\/nauka S\u0142ynni polscy naukowcy:\u00a0https:\/\/poland.pl\/science\/famous-scientists\/","og_url":"https:\/\/instytutpolski.pl\/kyiv\/pl\/poznaj-polske\/nauka-w-polsce\/","og_site_name":"Instytut Polski w Kijowie","article_modified_time":"2020-05-25T23:25:36+00:00","og_image":[{"width":1920,"height":700,"url":"https:\/\/instytutpolski.pl\/kyiv\/wp-content\/uploads\/sites\/19\/2019\/06\/nauka-w-polsce.jpg","type":"image\/jpeg"}],"twitter_card":"summary_large_image","schema":{"@context":"https:\/\/schema.org","@graph":[{"@type":"WebPage","@id":"https:\/\/instytutpolski.pl\/kyiv\/pl\/poznaj-polske\/nauka-w-polsce\/","url":"https:\/\/instytutpolski.pl\/kyiv\/pl\/poznaj-polske\/nauka-w-polsce\/","name":"Nauka w Polsce - Instytut Polski w Kijowie","isPartOf":{"@id":"https:\/\/instytutpolski.pl\/kyiv\/#website"},"primaryImageOfPage":{"@id":"https:\/\/instytutpolski.pl\/kyiv\/pl\/poznaj-polske\/nauka-w-polsce\/#primaryimage"},"image":{"@id":"https:\/\/instytutpolski.pl\/kyiv\/pl\/poznaj-polske\/nauka-w-polsce\/#primaryimage"},"thumbnailUrl":"https:\/\/instytutpolski.pl\/kyiv\/wp-content\/uploads\/sites\/19\/2019\/06\/nauka-w-polsce.jpg","datePublished":"2019-06-26T10:48:22+00:00","dateModified":"2020-05-25T23:25:36+00:00","breadcrumb":{"@id":"https:\/\/instytutpolski.pl\/kyiv\/pl\/poznaj-polske\/nauka-w-polsce\/#breadcrumb"},"inLanguage":"pl-PL","potentialAction":[{"@type":"ReadAction","target":["https:\/\/instytutpolski.pl\/kyiv\/pl\/poznaj-polske\/nauka-w-polsce\/"]}]},{"@type":"ImageObject","inLanguage":"pl-PL","@id":"https:\/\/instytutpolski.pl\/kyiv\/pl\/poznaj-polske\/nauka-w-polsce\/#primaryimage","url":"https:\/\/instytutpolski.pl\/kyiv\/wp-content\/uploads\/sites\/19\/2019\/06\/nauka-w-polsce.jpg","contentUrl":"https:\/\/instytutpolski.pl\/kyiv\/wp-content\/uploads\/sites\/19\/2019\/06\/nauka-w-polsce.jpg","width":1920,"height":700},{"@type":"BreadcrumbList","@id":"https:\/\/instytutpolski.pl\/kyiv\/pl\/poznaj-polske\/nauka-w-polsce\/#breadcrumb","itemListElement":[{"@type":"ListItem","position":1,"name":"Home","item":"https:\/\/instytutpolski.pl\/kyiv\/"},{"@type":"ListItem","position":2,"name":"Poznaj Polsk\u0119","item":"https:\/\/instytutpolski.pl\/kyiv\/pl\/poznaj-polske\/"},{"@type":"ListItem","position":3,"name":"Nauka w Polsce"}]},{"@type":"WebSite","@id":"https:\/\/instytutpolski.pl\/kyiv\/#website","url":"https:\/\/instytutpolski.pl\/kyiv\/","name":"Instytut Polski w Kijowie","description":"Instytuty Polskie","potentialAction":[{"@type":"SearchAction","target":{"@type":"EntryPoint","urlTemplate":"https:\/\/instytutpolski.pl\/kyiv\/?s={search_term_string}"},"query-input":{"@type":"PropertyValueSpecification","valueRequired":true,"valueName":"search_term_string"}}],"inLanguage":"pl-PL"}]}},"_links":{"self":[{"href":"https:\/\/instytutpolski.pl\/kyiv\/wp-json\/wp\/v2\/pages\/457","targetHints":{"allow":["GET"]}}],"collection":[{"href":"https:\/\/instytutpolski.pl\/kyiv\/wp-json\/wp\/v2\/pages"}],"about":[{"href":"https:\/\/instytutpolski.pl\/kyiv\/wp-json\/wp\/v2\/types\/page"}],"author":[{"embeddable":true,"href":"https:\/\/instytutpolski.pl\/kyiv\/wp-json\/wp\/v2\/users\/1"}],"replies":[{"embeddable":true,"href":"https:\/\/instytutpolski.pl\/kyiv\/wp-json\/wp\/v2\/comments?post=457"}],"version-history":[{"count":3,"href":"https:\/\/instytutpolski.pl\/kyiv\/wp-json\/wp\/v2\/pages\/457\/revisions"}],"predecessor-version":[{"id":2380,"href":"https:\/\/instytutpolski.pl\/kyiv\/wp-json\/wp\/v2\/pages\/457\/revisions\/2380"}],"up":[{"embeddable":true,"href":"https:\/\/instytutpolski.pl\/kyiv\/wp-json\/wp\/v2\/pages\/403"}],"wp:featuredmedia":[{"embeddable":true,"href":"https:\/\/instytutpolski.pl\/kyiv\/wp-json\/wp\/v2\/media\/452"}],"wp:attachment":[{"href":"https:\/\/instytutpolski.pl\/kyiv\/wp-json\/wp\/v2\/media?parent=457"}],"curies":[{"name":"wp","href":"https:\/\/api.w.org\/{rel}","templated":true}]}}