{"id":485,"date":"2019-06-26T12:53:14","date_gmt":"2019-06-26T10:53:14","guid":{"rendered":"https:\/\/instytutpolski.pl\/kijow\/?page_id=485"},"modified":"2020-05-26T01:39:32","modified_gmt":"2020-05-25T23:39:32","slug":"instytucje-nauki","status":"publish","type":"page","link":"https:\/\/instytutpolski.pl\/kyiv\/pl\/poznaj-polske\/nauka-w-polsce\/instytucje-nauki\/","title":{"rendered":"Instytucje nauki"},"content":{"rendered":"\n<figure class=\"wp-block-image\"><img decoding=\"async\" src=\"https:\/\/instytutpolski.pl\/wieden\/wp-content\/uploads\/sites\/2\/2019\/05\/nauka_w_polsce_subpage.jpg\" alt=\"\" class=\"wp-image-502\" \/><\/figure>\n\n\n\n<p>Portal&nbsp;<a href=\"http:\/\/www.naukawpolsce.pap.pl\/\" target=\"_blank\" rel=\"noreferrer noopener\">www.naukawpolsce.pap.pl<\/a><\/p>\n\n\n\n<p>Strona internetowa po\u015bwi\u0119cona nauce redagowana przez Polsk\u0105 Agencj\u0119 Prasow\u0105 (PAP) i Ministerstwo Nauki i Szkolnictwa Wy\u017cszego, b\u0119d\u0105ca aktualnym serwisem informuj\u0105cym o polskiej nauce i jej osi\u0105gni\u0119ciach.<br>Portal dost\u0119pny jest w wersjach polskiej i angielskiej.<\/p>\n\n\n\n<figure class=\"wp-block-image\"><img decoding=\"async\" src=\"https:\/\/instytutpolski.pl\/wieden\/wp-content\/uploads\/sites\/2\/2019\/05\/kopernik_subpage.jpg\" alt=\"\" class=\"wp-image-506\" \/><\/figure>\n\n\n\n<p><a href=\"http:\/\/www.kopernik.org.pl\/\" target=\"_blank\" rel=\"noreferrer noopener\"><strong>Centrum Nauki Kopernik<\/strong><\/a><\/p>\n\n\n\n<p>To otwarte w 2010 roku w Warszawie centrum jest zar\u00f3wno nowoczesnym muzeum jak i o\u015brodkiem badawczym, kt\u00f3rego celem jest popularyzacja wiedzy oraz rozwijanie nowoczesnego spo\u0142ecze\u0144stwa.<br>Portal dost\u0119pny jest w wersji polskiej.<\/p>\n\n\n\n<figure class=\"wp-block-image\"><img decoding=\"async\" src=\"https:\/\/instytutpolski.pl\/wieden\/wp-content\/uploads\/sites\/2\/2019\/05\/pan_subpage.jpg\" alt=\"\" class=\"wp-image-503\" \/><\/figure>\n\n\n\n<p><a href=\"http:\/\/www.pan.pl\/\" target=\"_blank\" rel=\"noreferrer noopener\"><strong>Polska Akademia Nauk<\/strong><\/a><\/p>\n\n\n\n<p>Polska Akademia Nauk to og\u00f3lnokrajowa, samodzielna instytucja naukowa, s\u0142u\u017c\u0105ca rozwojowi nauki, jej promocji, integracji i upowszechnianiu. PAN skupia wybitnych polskich uczonych i badaczy we wszystkich dziedzinach \u2013 od humanistyki po nauki medyczne.<br>Instytucja ma r\u00f3wnie\u017c oddzia\u0142 w Wiedniu.<br>Portal dost\u0119pny jest w wersjach polskiej i angielskiej.<\/p>\n\n\n\n<figure class=\"wp-block-image\"><img decoding=\"async\" src=\"https:\/\/instytutpolski.pl\/wieden\/wp-content\/uploads\/sites\/2\/2019\/05\/euraxess_subpage.jpg\" alt=\"\" class=\"wp-image-504\" \/><\/figure>\n\n\n\n<p>Portal&nbsp;<a href=\"http:\/\/www.euraxess.pl\/\" target=\"_blank\" rel=\"noreferrer noopener\">www.euraxess.pl<\/a><\/p>\n\n\n\n<p>Portal b\u0119d\u0105cy wsp\u00f3ln\u0105 inicjatyw\u0105 Komisji Europejskiej i kraj\u00f3w bior\u0105cych udzia\u0142 w europejskim programie ramowym na rzecz bada\u0144 i rozwoju technologicznego, s\u0142u\u017cy wspomaganiu mi\u0119dzynarodowej mobilno\u015bci naukowc\u00f3w przez bezp\u0142atne udzielanie im kompletnych i praktycznych informacji oraz zapewnienie niezb\u0119dnej pomocy w trakcie pobytu za granic\u0105.<br>Portal dost\u0119pny jest w wersjach polskiej i angielskiej.<\/p>\n\n\n\n<figure class=\"wp-block-image\"><img decoding=\"async\" src=\"https:\/\/instytutpolski.pl\/wieden\/wp-content\/uploads\/sites\/2\/2019\/05\/fliers_logo.jpg\" alt=\"\" class=\"wp-image-505\" \/><\/figure>\n\n\n\n<p>Portal&nbsp;<a href=\"http:\/\/www.polishhighfliers.pl\/\" target=\"_blank\" rel=\"noreferrer noopener\">www.polishhighfliers.pl<\/a><\/p>\n\n\n\n<p>Strona internetowa prezentuj\u0105ca polskich projektant\u00f3w, wynalazc\u00f3w i przedsi\u0119biorc\u00f3w, kt\u00f3rzy \u0142\u0105cz\u0105, a cz\u0119sto r\u00f3wnie\u017c przekraczaj\u0105 granice biznesu, nauki i sztuki.<br>Portal dost\u0119pny jest w wersji angielskiej.<\/p>\n","protected":false},"excerpt":{"rendered":"<p>Portal&nbsp;www.naukawpolsce.pap.pl Strona internetowa po\u015bwi\u0119cona nauce redagowana przez Polsk\u0105 Agencj\u0119 Prasow\u0105 (PAP) i Ministerstwo Nauki i Szkolnictwa Wy\u017cszego, b\u0119d\u0105ca aktualnym serwisem informuj\u0105cym o polskiej nauce i jej osi\u0105gni\u0119ciach.Portal dost\u0119pny jest w wersjach polskiej i angielskiej. Centrum Nauki Kopernik To otwarte w 2010 roku w Warszawie centrum jest zar\u00f3wno nowoczesnym muzeum jak i o\u015brodkiem badawczym, kt\u00f3rego celem [&hellip;]<\/p>\n","protected":false},"author":1,"featured_media":0,"parent":457,"menu_order":0,"comment_status":"closed","ping_status":"closed","template":"","meta":{"inline_featured_image":false,"_monsterinsights_skip_tracking":false,"_monsterinsights_sitenote_active":false,"_monsterinsights_sitenote_note":"","_monsterinsights_sitenote_category":0,"footnotes":""},"class_list":["post-485","page","type-page","status-publish","hentry"],"yoast_head":"<!-- This site is optimized with the Yoast SEO plugin v24.6 - https:\/\/yoast.com\/wordpress\/plugins\/seo\/ -->\n<title>Instytucje nauki - Instytut Polski w Kijowie<\/title>\n<meta name=\"robots\" content=\"index, follow, max-snippet:-1, max-image-preview:large, max-video-preview:-1\" \/>\n<link rel=\"canonical\" href=\"https:\/\/instytutpolski.pl\/kyiv\/pl\/poznaj-polske\/nauka-w-polsce\/instytucje-nauki\/\" \/>\n<meta property=\"og:locale\" content=\"pl_PL\" \/>\n<meta property=\"og:type\" content=\"article\" \/>\n<meta property=\"og:title\" content=\"Instytucje nauki - Instytut Polski w Kijowie\" \/>\n<meta property=\"og:description\" content=\"Portal&nbsp;www.naukawpolsce.pap.pl Strona internetowa po\u015bwi\u0119cona nauce redagowana przez Polsk\u0105 Agencj\u0119 Prasow\u0105 (PAP) i Ministerstwo Nauki i Szkolnictwa Wy\u017cszego, b\u0119d\u0105ca aktualnym serwisem informuj\u0105cym o polskiej nauce i jej osi\u0105gni\u0119ciach.Portal dost\u0119pny jest w wersjach polskiej i angielskiej. Centrum Nauki Kopernik To otwarte w 2010 roku w Warszawie centrum jest zar\u00f3wno nowoczesnym muzeum jak i o\u015brodkiem badawczym, kt\u00f3rego celem [&hellip;]\" \/>\n<meta property=\"og:url\" content=\"https:\/\/instytutpolski.pl\/kyiv\/pl\/poznaj-polske\/nauka-w-polsce\/instytucje-nauki\/\" \/>\n<meta property=\"og:site_name\" content=\"Instytut Polski w Kijowie\" \/>\n<meta property=\"article:modified_time\" content=\"2020-05-25T23:39:32+00:00\" \/>\n<meta property=\"og:image\" content=\"https:\/\/instytutpolski.pl\/wieden\/wp-content\/uploads\/sites\/2\/2019\/05\/nauka_w_polsce_subpage.jpg\" \/>\n<meta name=\"twitter:card\" content=\"summary_large_image\" \/>\n<meta name=\"twitter:label1\" content=\"Szacowany czas czytania\" \/>\n\t<meta name=\"twitter:data1\" content=\"1 minuta\" \/>\n<script type=\"application\/ld+json\" class=\"yoast-schema-graph\">{\"@context\":\"https:\/\/schema.org\",\"@graph\":[{\"@type\":\"WebPage\",\"@id\":\"https:\/\/instytutpolski.pl\/kyiv\/pl\/poznaj-polske\/nauka-w-polsce\/instytucje-nauki\/\",\"url\":\"https:\/\/instytutpolski.pl\/kyiv\/pl\/poznaj-polske\/nauka-w-polsce\/instytucje-nauki\/\",\"name\":\"Instytucje nauki - Instytut Polski w Kijowie\",\"isPartOf\":{\"@id\":\"https:\/\/instytutpolski.pl\/kyiv\/#website\"},\"primaryImageOfPage\":{\"@id\":\"https:\/\/instytutpolski.pl\/kyiv\/pl\/poznaj-polske\/nauka-w-polsce\/instytucje-nauki\/#primaryimage\"},\"image\":{\"@id\":\"https:\/\/instytutpolski.pl\/kyiv\/pl\/poznaj-polske\/nauka-w-polsce\/instytucje-nauki\/#primaryimage\"},\"thumbnailUrl\":\"https:\/\/instytutpolski.pl\/wieden\/wp-content\/uploads\/sites\/2\/2019\/05\/nauka_w_polsce_subpage.jpg\",\"datePublished\":\"2019-06-26T10:53:14+00:00\",\"dateModified\":\"2020-05-25T23:39:32+00:00\",\"breadcrumb\":{\"@id\":\"https:\/\/instytutpolski.pl\/kyiv\/pl\/poznaj-polske\/nauka-w-polsce\/instytucje-nauki\/#breadcrumb\"},\"inLanguage\":\"pl-PL\",\"potentialAction\":[{\"@type\":\"ReadAction\",\"target\":[\"https:\/\/instytutpolski.pl\/kyiv\/pl\/poznaj-polske\/nauka-w-polsce\/instytucje-nauki\/\"]}]},{\"@type\":\"ImageObject\",\"inLanguage\":\"pl-PL\",\"@id\":\"https:\/\/instytutpolski.pl\/kyiv\/pl\/poznaj-polske\/nauka-w-polsce\/instytucje-nauki\/#primaryimage\",\"url\":\"https:\/\/instytutpolski.pl\/wieden\/wp-content\/uploads\/sites\/2\/2019\/05\/nauka_w_polsce_subpage.jpg\",\"contentUrl\":\"https:\/\/instytutpolski.pl\/wieden\/wp-content\/uploads\/sites\/2\/2019\/05\/nauka_w_polsce_subpage.jpg\"},{\"@type\":\"BreadcrumbList\",\"@id\":\"https:\/\/instytutpolski.pl\/kyiv\/pl\/poznaj-polske\/nauka-w-polsce\/instytucje-nauki\/#breadcrumb\",\"itemListElement\":[{\"@type\":\"ListItem\",\"position\":1,\"name\":\"Home\",\"item\":\"https:\/\/instytutpolski.pl\/kyiv\/\"},{\"@type\":\"ListItem\",\"position\":2,\"name\":\"Poznaj Polsk\u0119\",\"item\":\"https:\/\/instytutpolski.pl\/kyiv\/pl\/poznaj-polske\/\"},{\"@type\":\"ListItem\",\"position\":3,\"name\":\"Nauka w Polsce\",\"item\":\"https:\/\/instytutpolski.pl\/kyiv\/pl\/poznaj-polske\/nauka-w-polsce\/\"},{\"@type\":\"ListItem\",\"position\":4,\"name\":\"Instytucje nauki\"}]},{\"@type\":\"WebSite\",\"@id\":\"https:\/\/instytutpolski.pl\/kyiv\/#website\",\"url\":\"https:\/\/instytutpolski.pl\/kyiv\/\",\"name\":\"Instytut Polski w Kijowie\",\"description\":\"Instytuty Polskie\",\"potentialAction\":[{\"@type\":\"SearchAction\",\"target\":{\"@type\":\"EntryPoint\",\"urlTemplate\":\"https:\/\/instytutpolski.pl\/kyiv\/?s={search_term_string}\"},\"query-input\":{\"@type\":\"PropertyValueSpecification\",\"valueRequired\":true,\"valueName\":\"search_term_string\"}}],\"inLanguage\":\"pl-PL\"}]}<\/script>\n<!-- \/ Yoast SEO plugin. -->","yoast_head_json":{"title":"Instytucje nauki - Instytut Polski w Kijowie","robots":{"index":"index","follow":"follow","max-snippet":"max-snippet:-1","max-image-preview":"max-image-preview:large","max-video-preview":"max-video-preview:-1"},"canonical":"https:\/\/instytutpolski.pl\/kyiv\/pl\/poznaj-polske\/nauka-w-polsce\/instytucje-nauki\/","og_locale":"pl_PL","og_type":"article","og_title":"Instytucje nauki - Instytut Polski w Kijowie","og_description":"Portal&nbsp;www.naukawpolsce.pap.pl Strona internetowa po\u015bwi\u0119cona nauce redagowana przez Polsk\u0105 Agencj\u0119 Prasow\u0105 (PAP) i Ministerstwo Nauki i Szkolnictwa Wy\u017cszego, b\u0119d\u0105ca aktualnym serwisem informuj\u0105cym o polskiej nauce i jej osi\u0105gni\u0119ciach.Portal dost\u0119pny jest w wersjach polskiej i angielskiej. Centrum Nauki Kopernik To otwarte w 2010 roku w Warszawie centrum jest zar\u00f3wno nowoczesnym muzeum jak i o\u015brodkiem badawczym, kt\u00f3rego celem [&hellip;]","og_url":"https:\/\/instytutpolski.pl\/kyiv\/pl\/poznaj-polske\/nauka-w-polsce\/instytucje-nauki\/","og_site_name":"Instytut Polski w Kijowie","article_modified_time":"2020-05-25T23:39:32+00:00","og_image":[{"url":"https:\/\/instytutpolski.pl\/wieden\/wp-content\/uploads\/sites\/2\/2019\/05\/nauka_w_polsce_subpage.jpg","type":"","width":"","height":""}],"twitter_card":"summary_large_image","twitter_misc":{"Szacowany czas czytania":"1 minuta"},"schema":{"@context":"https:\/\/schema.org","@graph":[{"@type":"WebPage","@id":"https:\/\/instytutpolski.pl\/kyiv\/pl\/poznaj-polske\/nauka-w-polsce\/instytucje-nauki\/","url":"https:\/\/instytutpolski.pl\/kyiv\/pl\/poznaj-polske\/nauka-w-polsce\/instytucje-nauki\/","name":"Instytucje nauki - Instytut Polski w Kijowie","isPartOf":{"@id":"https:\/\/instytutpolski.pl\/kyiv\/#website"},"primaryImageOfPage":{"@id":"https:\/\/instytutpolski.pl\/kyiv\/pl\/poznaj-polske\/nauka-w-polsce\/instytucje-nauki\/#primaryimage"},"image":{"@id":"https:\/\/instytutpolski.pl\/kyiv\/pl\/poznaj-polske\/nauka-w-polsce\/instytucje-nauki\/#primaryimage"},"thumbnailUrl":"https:\/\/instytutpolski.pl\/wieden\/wp-content\/uploads\/sites\/2\/2019\/05\/nauka_w_polsce_subpage.jpg","datePublished":"2019-06-26T10:53:14+00:00","dateModified":"2020-05-25T23:39:32+00:00","breadcrumb":{"@id":"https:\/\/instytutpolski.pl\/kyiv\/pl\/poznaj-polske\/nauka-w-polsce\/instytucje-nauki\/#breadcrumb"},"inLanguage":"pl-PL","potentialAction":[{"@type":"ReadAction","target":["https:\/\/instytutpolski.pl\/kyiv\/pl\/poznaj-polske\/nauka-w-polsce\/instytucje-nauki\/"]}]},{"@type":"ImageObject","inLanguage":"pl-PL","@id":"https:\/\/instytutpolski.pl\/kyiv\/pl\/poznaj-polske\/nauka-w-polsce\/instytucje-nauki\/#primaryimage","url":"https:\/\/instytutpolski.pl\/wieden\/wp-content\/uploads\/sites\/2\/2019\/05\/nauka_w_polsce_subpage.jpg","contentUrl":"https:\/\/instytutpolski.pl\/wieden\/wp-content\/uploads\/sites\/2\/2019\/05\/nauka_w_polsce_subpage.jpg"},{"@type":"BreadcrumbList","@id":"https:\/\/instytutpolski.pl\/kyiv\/pl\/poznaj-polske\/nauka-w-polsce\/instytucje-nauki\/#breadcrumb","itemListElement":[{"@type":"ListItem","position":1,"name":"Home","item":"https:\/\/instytutpolski.pl\/kyiv\/"},{"@type":"ListItem","position":2,"name":"Poznaj Polsk\u0119","item":"https:\/\/instytutpolski.pl\/kyiv\/pl\/poznaj-polske\/"},{"@type":"ListItem","position":3,"name":"Nauka w Polsce","item":"https:\/\/instytutpolski.pl\/kyiv\/pl\/poznaj-polske\/nauka-w-polsce\/"},{"@type":"ListItem","position":4,"name":"Instytucje nauki"}]},{"@type":"WebSite","@id":"https:\/\/instytutpolski.pl\/kyiv\/#website","url":"https:\/\/instytutpolski.pl\/kyiv\/","name":"Instytut Polski w Kijowie","description":"Instytuty Polskie","potentialAction":[{"@type":"SearchAction","target":{"@type":"EntryPoint","urlTemplate":"https:\/\/instytutpolski.pl\/kyiv\/?s={search_term_string}"},"query-input":{"@type":"PropertyValueSpecification","valueRequired":true,"valueName":"search_term_string"}}],"inLanguage":"pl-PL"}]}},"_links":{"self":[{"href":"https:\/\/instytutpolski.pl\/kyiv\/wp-json\/wp\/v2\/pages\/485","targetHints":{"allow":["GET"]}}],"collection":[{"href":"https:\/\/instytutpolski.pl\/kyiv\/wp-json\/wp\/v2\/pages"}],"about":[{"href":"https:\/\/instytutpolski.pl\/kyiv\/wp-json\/wp\/v2\/types\/page"}],"author":[{"embeddable":true,"href":"https:\/\/instytutpolski.pl\/kyiv\/wp-json\/wp\/v2\/users\/1"}],"replies":[{"embeddable":true,"href":"https:\/\/instytutpolski.pl\/kyiv\/wp-json\/wp\/v2\/comments?post=485"}],"version-history":[{"count":2,"href":"https:\/\/instytutpolski.pl\/kyiv\/wp-json\/wp\/v2\/pages\/485\/revisions"}],"predecessor-version":[{"id":2382,"href":"https:\/\/instytutpolski.pl\/kyiv\/wp-json\/wp\/v2\/pages\/485\/revisions\/2382"}],"up":[{"embeddable":true,"href":"https:\/\/instytutpolski.pl\/kyiv\/wp-json\/wp\/v2\/pages\/457"}],"wp:attachment":[{"href":"https:\/\/instytutpolski.pl\/kyiv\/wp-json\/wp\/v2\/media?parent=485"}],"curies":[{"name":"wp","href":"https:\/\/api.w.org\/{rel}","templated":true}]}}