{"id":516,"date":"2019-06-26T12:59:32","date_gmt":"2019-06-26T10:59:32","guid":{"rendered":"https:\/\/instytutpolski.pl\/kijow\/?page_id=516"},"modified":"2020-05-31T12:57:42","modified_gmt":"2020-05-31T10:57:42","slug":"inne-ogolnodostepne-kursy-jezyka-polskiego","status":"publish","type":"page","link":"https:\/\/instytutpolski.pl\/kyiv\/pl\/jezyk-polski\/inne-ogolnodostepne-kursy-jezyka-polskiego\/","title":{"rendered":"Inne og\u00f3lnodost\u0119pne kursy j\u0119zyka polskiego"},"content":{"rendered":"\n<p>Informacje o tym gdzie na \u015bwiecie mo\u017cna uczy\u0107 si\u0119 j\u0119zyka polskiego oraz o polskich ksi\u0119gozbiorach na interaktywnej mapie Polski poza Polsk\u0105&nbsp;<a href=\"https:\/\/polski.msz.gov.pl\/\">https:\/\/polski.msz.gov.pl\/<\/a><\/p>\n\n\n\n<p>Upowszechnianie j\u0119zyka polskiego za granic\u0105:&nbsp;<a href=\"https:\/\/nawa.gov.pl\/jezyk-polski\">https:\/\/nawa.gov.pl\/jezyk-polski<\/a><\/p>\n","protected":false},"excerpt":{"rendered":"<p>Informacje o tym gdzie na \u015bwiecie mo\u017cna uczy\u0107 si\u0119 j\u0119zyka polskiego oraz o polskich ksi\u0119gozbiorach na interaktywnej mapie Polski poza Polsk\u0105&nbsp;https:\/\/polski.msz.gov.pl\/ Upowszechnianie j\u0119zyka polskiego za granic\u0105:&nbsp;https:\/\/nawa.gov.pl\/jezyk-polski<\/p>\n","protected":false},"author":134,"featured_media":0,"parent":502,"menu_order":0,"comment_status":"closed","ping_status":"closed","template":"","meta":{"inline_featured_image":false,"_monsterinsights_skip_tracking":false,"_monsterinsights_sitenote_active":false,"_monsterinsights_sitenote_note":"","_monsterinsights_sitenote_category":0,"footnotes":""},"class_list":["post-516","page","type-page","status-publish","hentry"],"yoast_head":"<!-- This site is optimized with the Yoast SEO plugin v24.6 - https:\/\/yoast.com\/wordpress\/plugins\/seo\/ -->\n<title>Inne og\u00f3lnodost\u0119pne kursy j\u0119zyka polskiego - Instytut Polski w Kijowie<\/title>\n<meta name=\"robots\" content=\"index, follow, max-snippet:-1, max-image-preview:large, max-video-preview:-1\" \/>\n<link rel=\"canonical\" href=\"https:\/\/instytutpolski.pl\/kyiv\/pl\/jezyk-polski\/inne-ogolnodostepne-kursy-jezyka-polskiego\/\" \/>\n<meta property=\"og:locale\" content=\"pl_PL\" \/>\n<meta property=\"og:type\" content=\"article\" \/>\n<meta property=\"og:title\" content=\"Inne og\u00f3lnodost\u0119pne kursy j\u0119zyka polskiego - Instytut Polski w Kijowie\" \/>\n<meta property=\"og:description\" content=\"Informacje o tym gdzie na \u015bwiecie mo\u017cna uczy\u0107 si\u0119 j\u0119zyka polskiego oraz o polskich ksi\u0119gozbiorach na interaktywnej mapie Polski poza Polsk\u0105&nbsp;https:\/\/polski.msz.gov.pl\/ Upowszechnianie j\u0119zyka polskiego za granic\u0105:&nbsp;https:\/\/nawa.gov.pl\/jezyk-polski\" \/>\n<meta property=\"og:url\" content=\"https:\/\/instytutpolski.pl\/kyiv\/pl\/jezyk-polski\/inne-ogolnodostepne-kursy-jezyka-polskiego\/\" \/>\n<meta property=\"og:site_name\" content=\"Instytut Polski w Kijowie\" \/>\n<meta property=\"article:modified_time\" content=\"2020-05-31T10:57:42+00:00\" \/>\n<meta name=\"twitter:card\" content=\"summary_large_image\" \/>\n<script type=\"application\/ld+json\" class=\"yoast-schema-graph\">{\"@context\":\"https:\/\/schema.org\",\"@graph\":[{\"@type\":\"WebPage\",\"@id\":\"https:\/\/instytutpolski.pl\/kyiv\/pl\/jezyk-polski\/inne-ogolnodostepne-kursy-jezyka-polskiego\/\",\"url\":\"https:\/\/instytutpolski.pl\/kyiv\/pl\/jezyk-polski\/inne-ogolnodostepne-kursy-jezyka-polskiego\/\",\"name\":\"Inne og\u00f3lnodost\u0119pne kursy j\u0119zyka polskiego - Instytut Polski w Kijowie\",\"isPartOf\":{\"@id\":\"https:\/\/instytutpolski.pl\/kyiv\/#website\"},\"datePublished\":\"2019-06-26T10:59:32+00:00\",\"dateModified\":\"2020-05-31T10:57:42+00:00\",\"breadcrumb\":{\"@id\":\"https:\/\/instytutpolski.pl\/kyiv\/pl\/jezyk-polski\/inne-ogolnodostepne-kursy-jezyka-polskiego\/#breadcrumb\"},\"inLanguage\":\"pl-PL\",\"potentialAction\":[{\"@type\":\"ReadAction\",\"target\":[\"https:\/\/instytutpolski.pl\/kyiv\/pl\/jezyk-polski\/inne-ogolnodostepne-kursy-jezyka-polskiego\/\"]}]},{\"@type\":\"BreadcrumbList\",\"@id\":\"https:\/\/instytutpolski.pl\/kyiv\/pl\/jezyk-polski\/inne-ogolnodostepne-kursy-jezyka-polskiego\/#breadcrumb\",\"itemListElement\":[{\"@type\":\"ListItem\",\"position\":1,\"name\":\"Home\",\"item\":\"https:\/\/instytutpolski.pl\/kyiv\/\"},{\"@type\":\"ListItem\",\"position\":2,\"name\":\"J\u0119zyk polski\",\"item\":\"https:\/\/instytutpolski.pl\/kyiv\/pl\/jezyk-polski\/\"},{\"@type\":\"ListItem\",\"position\":3,\"name\":\"Inne og\u00f3lnodost\u0119pne kursy j\u0119zyka polskiego\"}]},{\"@type\":\"WebSite\",\"@id\":\"https:\/\/instytutpolski.pl\/kyiv\/#website\",\"url\":\"https:\/\/instytutpolski.pl\/kyiv\/\",\"name\":\"Instytut Polski w Kijowie\",\"description\":\"Instytuty Polskie\",\"potentialAction\":[{\"@type\":\"SearchAction\",\"target\":{\"@type\":\"EntryPoint\",\"urlTemplate\":\"https:\/\/instytutpolski.pl\/kyiv\/?s={search_term_string}\"},\"query-input\":{\"@type\":\"PropertyValueSpecification\",\"valueRequired\":true,\"valueName\":\"search_term_string\"}}],\"inLanguage\":\"pl-PL\"}]}<\/script>\n<!-- \/ Yoast SEO plugin. -->","yoast_head_json":{"title":"Inne og\u00f3lnodost\u0119pne kursy j\u0119zyka polskiego - Instytut Polski w Kijowie","robots":{"index":"index","follow":"follow","max-snippet":"max-snippet:-1","max-image-preview":"max-image-preview:large","max-video-preview":"max-video-preview:-1"},"canonical":"https:\/\/instytutpolski.pl\/kyiv\/pl\/jezyk-polski\/inne-ogolnodostepne-kursy-jezyka-polskiego\/","og_locale":"pl_PL","og_type":"article","og_title":"Inne og\u00f3lnodost\u0119pne kursy j\u0119zyka polskiego - Instytut Polski w Kijowie","og_description":"Informacje o tym gdzie na \u015bwiecie mo\u017cna uczy\u0107 si\u0119 j\u0119zyka polskiego oraz o polskich ksi\u0119gozbiorach na interaktywnej mapie Polski poza Polsk\u0105&nbsp;https:\/\/polski.msz.gov.pl\/ Upowszechnianie j\u0119zyka polskiego za granic\u0105:&nbsp;https:\/\/nawa.gov.pl\/jezyk-polski","og_url":"https:\/\/instytutpolski.pl\/kyiv\/pl\/jezyk-polski\/inne-ogolnodostepne-kursy-jezyka-polskiego\/","og_site_name":"Instytut Polski w Kijowie","article_modified_time":"2020-05-31T10:57:42+00:00","twitter_card":"summary_large_image","schema":{"@context":"https:\/\/schema.org","@graph":[{"@type":"WebPage","@id":"https:\/\/instytutpolski.pl\/kyiv\/pl\/jezyk-polski\/inne-ogolnodostepne-kursy-jezyka-polskiego\/","url":"https:\/\/instytutpolski.pl\/kyiv\/pl\/jezyk-polski\/inne-ogolnodostepne-kursy-jezyka-polskiego\/","name":"Inne og\u00f3lnodost\u0119pne kursy j\u0119zyka polskiego - Instytut Polski w Kijowie","isPartOf":{"@id":"https:\/\/instytutpolski.pl\/kyiv\/#website"},"datePublished":"2019-06-26T10:59:32+00:00","dateModified":"2020-05-31T10:57:42+00:00","breadcrumb":{"@id":"https:\/\/instytutpolski.pl\/kyiv\/pl\/jezyk-polski\/inne-ogolnodostepne-kursy-jezyka-polskiego\/#breadcrumb"},"inLanguage":"pl-PL","potentialAction":[{"@type":"ReadAction","target":["https:\/\/instytutpolski.pl\/kyiv\/pl\/jezyk-polski\/inne-ogolnodostepne-kursy-jezyka-polskiego\/"]}]},{"@type":"BreadcrumbList","@id":"https:\/\/instytutpolski.pl\/kyiv\/pl\/jezyk-polski\/inne-ogolnodostepne-kursy-jezyka-polskiego\/#breadcrumb","itemListElement":[{"@type":"ListItem","position":1,"name":"Home","item":"https:\/\/instytutpolski.pl\/kyiv\/"},{"@type":"ListItem","position":2,"name":"J\u0119zyk polski","item":"https:\/\/instytutpolski.pl\/kyiv\/pl\/jezyk-polski\/"},{"@type":"ListItem","position":3,"name":"Inne og\u00f3lnodost\u0119pne kursy j\u0119zyka polskiego"}]},{"@type":"WebSite","@id":"https:\/\/instytutpolski.pl\/kyiv\/#website","url":"https:\/\/instytutpolski.pl\/kyiv\/","name":"Instytut Polski w Kijowie","description":"Instytuty Polskie","potentialAction":[{"@type":"SearchAction","target":{"@type":"EntryPoint","urlTemplate":"https:\/\/instytutpolski.pl\/kyiv\/?s={search_term_string}"},"query-input":{"@type":"PropertyValueSpecification","valueRequired":true,"valueName":"search_term_string"}}],"inLanguage":"pl-PL"}]}},"_links":{"self":[{"href":"https:\/\/instytutpolski.pl\/kyiv\/wp-json\/wp\/v2\/pages\/516","targetHints":{"allow":["GET"]}}],"collection":[{"href":"https:\/\/instytutpolski.pl\/kyiv\/wp-json\/wp\/v2\/pages"}],"about":[{"href":"https:\/\/instytutpolski.pl\/kyiv\/wp-json\/wp\/v2\/types\/page"}],"author":[{"embeddable":true,"href":"https:\/\/instytutpolski.pl\/kyiv\/wp-json\/wp\/v2\/users\/134"}],"replies":[{"embeddable":true,"href":"https:\/\/instytutpolski.pl\/kyiv\/wp-json\/wp\/v2\/comments?post=516"}],"version-history":[{"count":3,"href":"https:\/\/instytutpolski.pl\/kyiv\/wp-json\/wp\/v2\/pages\/516\/revisions"}],"predecessor-version":[{"id":3268,"href":"https:\/\/instytutpolski.pl\/kyiv\/wp-json\/wp\/v2\/pages\/516\/revisions\/3268"}],"up":[{"embeddable":true,"href":"https:\/\/instytutpolski.pl\/kyiv\/wp-json\/wp\/v2\/pages\/502"}],"wp:attachment":[{"href":"https:\/\/instytutpolski.pl\/kyiv\/wp-json\/wp\/v2\/media?parent=516"}],"curies":[{"name":"wp","href":"https:\/\/api.w.org\/{rel}","templated":true}]}}