{"id":548,"date":"2019-06-26T13:11:09","date_gmt":"2019-06-26T11:11:09","guid":{"rendered":"https:\/\/instytutpolski.pl\/kijow\/?page_id=548"},"modified":"2020-06-12T13:50:41","modified_gmt":"2020-06-12T11:50:41","slug":"kursy-i-materialy-on-line","status":"publish","type":"page","link":"https:\/\/instytutpolski.pl\/kyiv\/pl\/jezyk-polski\/kursy-i-materialy-on-line\/","title":{"rendered":"Kursy i materia\u0142y on-line"},"content":{"rendered":"\n<p><a rel=\"noreferrer noopener\" href=\"https:\/\/mowicpopolsku.com\/\" target=\"_blank\">M\u00f3wi\u0107 po polsku<\/a>: oferuje szeroki wyb\u00f3r bezp\u0142atnych lekcji j\u0119zyka polskiego. Zawiera modu\u0142y od wymowy po gramatyk\u0119.<\/p>\n\n\n\n<p><a href=\"https:\/\/en.wikibooks.org\/wiki\/Polish\" target=\"_blank\" rel=\"noreferrer noopener\">Wikibooks 1<\/a>: oferuje uczniom j\u0119zyka polskiego darmowy podr\u0119cznik online.<\/p>\n\n\n\n<p><a rel=\"noreferrer noopener\" href=\"https:\/\/en.wikibooks.org\/wiki\/Polish\/Some_useful_expressions?fbclid=IwAR1alm4efhdKe17lm0oGHyh1lg-wp-a3w0LrP613N6ZUYtAcko67eoUr-Nc\" target=\"_blank\">Wikibooks 2<\/a>: oferuje przydatne zwroty w j\u0119zyku polskim, wraz z wymow\u0105.<\/p>\n\n\n\n<p><a href=\"https:\/\/www.livelingua.com\/project\/fsi\/Polish\/\" target=\"_blank\" rel=\"noreferrer noopener\">Live Lingua<\/a>: Istnieje kilka bezp\u0142atnych kurs\u00f3w j\u0119zyka polskiego na Live Lingua, baza podr\u0119cznik\u00f3w FSI (Foreign Service Institute) oraz materia\u0142y audio.<\/p>\n\n\n\n<p><a rel=\"noreferrer noopener\" href=\"http:\/\/faculty.las.illinois.edu\/gladney\/Elementary_Polish\/Start.html\" target=\"_blank\">Elementary Polish<\/a>:&nbsp;to bezp\u0142atny podstawowy kurs j\u0119zyka polskiego stworzony przez cz\u0142onka wydzia\u0142u na Uniwersytecie w Chicago.<\/p>\n\n\n\n<p><a rel=\"noreferrer noopener\" href=\"http:\/\/polishgrammar.com\/free-online-course\/\" target=\"_blank\">Polish Grammar<\/a>:&nbsp;zawiera bezp\u0142atne lekcje j\u0119zyka polskiego, gramatyki, fiszki do nauki j\u0119zyka oraz informacje o polskiej kulturze.<\/p>\n\n\n\n<p><a href=\"https:\/\/www.repeto.org\/blog\/languages\/polish\" target=\"_blank\" rel=\"noreferrer noopener\">Repeto: I Will Teach You Polish<\/a>: uczy polskiego za pomoc\u0105 tekst\u00f3w z d\u017awi\u0119kiem. S\u0105 lekcje na okre\u015blone tematy, takie jak chodzenie do kina, jak r\u00f3wnie\u017c nauka j\u0119zyka na bazie tekst\u00f3w piosenek.<\/p>\n\n\n\n<p><a href=\"http:\/\/www.polskiinternet.com\/english\/education\/polishalphabet.shtml\" target=\"_blank\" rel=\"noreferrer noopener\">Polishinternet.com<\/a>: oferuje 45 bezp\u0142atnych lekcji wideo o j\u0119zyku polskim.<\/p>\n\n\n\n<p><a rel=\"noreferrer noopener\" href=\"http:\/\/www.learnpolishfeelgood.com\/index.html\" target=\"_blank\">Learn Polish Feel Good<\/a>: oferuje bezp\u0142atn\u0105 nauk\u0119 gramatyki i s\u0142ownictwa j\u0119zyka polskiego.<\/p>\n\n\n\n<p><a href=\"http:\/\/multimediaguides.culture.pl\/multimediaguides\/alphabet\/the-polish-alphabet\/0\">http:\/\/multimediaguides.culture.pl\/multimediaguides\/alphabet\/the-polish-alphabet\/0<\/a><\/p>\n\n\n\n<p>Poland.pl: <a href=\"https:\/\/poland.pl\/social-issues\/social\/polish-language-simple-language\/\">https:\/\/poland.pl\/social-issues\/social\/polish-language-simple-language\/<\/a><\/p>\n\n\n\n<p>Informacje o tym gdzie na \u015bwiecie mo\u017cna uczy\u0107 si\u0119 j\u0119zyka polskiego oraz o polskich ksi\u0119gozbiorach na interaktywnej mapie Polski poza Polsk\u0105 <a href=\"https:\/\/polski.msz.gov.pl\/\">https:\/\/polski.msz.gov.pl\/<\/a><\/p>\n\n\n\n<p>Upowszechnianie j\u0119zyka polskiego za granic\u0105: <a href=\"https:\/\/nawa.gov.pl\/jezyk-polski\">https:\/\/nawa.gov.pl\/jezyk-polski<\/a><\/p>\n\n\n\n<h2 class=\"wp-block-heading\">Polskie s\u0142owniki online<\/h2>\n\n\n\n<p><a href=\"http:\/\/www.sjp.pwn.pl\">http:\/\/www.sjp.pwn.pl<\/a><\/p>\n\n\n\n<p><a href=\"http:\/\/www.so.pwn.pl\">http:\/\/www.so.pwn.pl<\/a><\/p>\n\n\n\n<p><a href=\"http:\/\/www.swo.pwn.pl\">http:\/\/www.swo.pwn.pl<\/a><\/p>\n\n\n\n<p><a href=\"http:\/\/korpus.pwn.pl\/\">http:\/\/korpus.pwn.pl\/<\/a><\/p>\n","protected":false},"excerpt":{"rendered":"<p>M\u00f3wi\u0107 po polsku: oferuje szeroki wyb\u00f3r bezp\u0142atnych lekcji j\u0119zyka polskiego. Zawiera modu\u0142y od wymowy po gramatyk\u0119. Wikibooks 1: oferuje uczniom j\u0119zyka polskiego darmowy podr\u0119cznik online. Wikibooks 2: oferuje przydatne zwroty w j\u0119zyku polskim, wraz z wymow\u0105. Live Lingua: Istnieje kilka bezp\u0142atnych kurs\u00f3w j\u0119zyka polskiego na Live Lingua, baza podr\u0119cznik\u00f3w FSI (Foreign Service Institute) oraz materia\u0142y [&hellip;]<\/p>\n","protected":false},"author":134,"featured_media":5476,"parent":502,"menu_order":0,"comment_status":"closed","ping_status":"closed","template":"","meta":{"inline_featured_image":false,"_monsterinsights_skip_tracking":false,"_monsterinsights_sitenote_active":false,"_monsterinsights_sitenote_note":"","_monsterinsights_sitenote_category":0,"footnotes":""},"class_list":["post-548","page","type-page","status-publish","has-post-thumbnail","hentry"],"yoast_head":"<!-- This site is optimized with the Yoast SEO plugin v24.6 - https:\/\/yoast.com\/wordpress\/plugins\/seo\/ -->\n<title>Kursy i materia\u0142y on-line - Instytut Polski w Kijowie<\/title>\n<meta name=\"robots\" content=\"index, follow, max-snippet:-1, max-image-preview:large, max-video-preview:-1\" \/>\n<link rel=\"canonical\" href=\"https:\/\/instytutpolski.pl\/kyiv\/pl\/jezyk-polski\/kursy-i-materialy-on-line\/\" \/>\n<meta property=\"og:locale\" content=\"pl_PL\" \/>\n<meta property=\"og:type\" content=\"article\" \/>\n<meta property=\"og:title\" content=\"Kursy i materia\u0142y on-line - Instytut Polski w Kijowie\" \/>\n<meta property=\"og:description\" content=\"M\u00f3wi\u0107 po polsku: oferuje szeroki wyb\u00f3r bezp\u0142atnych lekcji j\u0119zyka polskiego. Zawiera modu\u0142y od wymowy po gramatyk\u0119. Wikibooks 1: oferuje uczniom j\u0119zyka polskiego darmowy podr\u0119cznik online. Wikibooks 2: oferuje przydatne zwroty w j\u0119zyku polskim, wraz z wymow\u0105. Live Lingua: Istnieje kilka bezp\u0142atnych kurs\u00f3w j\u0119zyka polskiego na Live Lingua, baza podr\u0119cznik\u00f3w FSI (Foreign Service Institute) oraz materia\u0142y [&hellip;]\" \/>\n<meta property=\"og:url\" content=\"https:\/\/instytutpolski.pl\/kyiv\/pl\/jezyk-polski\/kursy-i-materialy-on-line\/\" \/>\n<meta property=\"og:site_name\" content=\"Instytut Polski w Kijowie\" \/>\n<meta property=\"article:modified_time\" content=\"2020-06-12T11:50:41+00:00\" \/>\n<meta property=\"og:image\" content=\"https:\/\/instytutpolski.pl\/kyiv\/wp-content\/uploads\/sites\/19\/2020\/12\/Makowski_cover_1-1.jpg\" \/>\n\t<meta property=\"og:image:width\" content=\"2500\" \/>\n\t<meta property=\"og:image:height\" content=\"1409\" \/>\n\t<meta property=\"og:image:type\" content=\"image\/jpeg\" \/>\n<meta name=\"twitter:card\" content=\"summary_large_image\" \/>\n<meta name=\"twitter:label1\" content=\"Szacowany czas czytania\" \/>\n\t<meta name=\"twitter:data1\" content=\"1 minuta\" \/>\n<script type=\"application\/ld+json\" class=\"yoast-schema-graph\">{\"@context\":\"https:\/\/schema.org\",\"@graph\":[{\"@type\":\"WebPage\",\"@id\":\"https:\/\/instytutpolski.pl\/kyiv\/pl\/jezyk-polski\/kursy-i-materialy-on-line\/\",\"url\":\"https:\/\/instytutpolski.pl\/kyiv\/pl\/jezyk-polski\/kursy-i-materialy-on-line\/\",\"name\":\"Kursy i materia\u0142y on-line - Instytut Polski w Kijowie\",\"isPartOf\":{\"@id\":\"https:\/\/instytutpolski.pl\/kyiv\/#website\"},\"primaryImageOfPage\":{\"@id\":\"https:\/\/instytutpolski.pl\/kyiv\/pl\/jezyk-polski\/kursy-i-materialy-on-line\/#primaryimage\"},\"image\":{\"@id\":\"https:\/\/instytutpolski.pl\/kyiv\/pl\/jezyk-polski\/kursy-i-materialy-on-line\/#primaryimage\"},\"thumbnailUrl\":\"https:\/\/instytutpolski.pl\/kyiv\/wp-content\/uploads\/sites\/19\/2020\/12\/Makowski_cover_1-1.jpg\",\"datePublished\":\"2019-06-26T11:11:09+00:00\",\"dateModified\":\"2020-06-12T11:50:41+00:00\",\"breadcrumb\":{\"@id\":\"https:\/\/instytutpolski.pl\/kyiv\/pl\/jezyk-polski\/kursy-i-materialy-on-line\/#breadcrumb\"},\"inLanguage\":\"pl-PL\",\"potentialAction\":[{\"@type\":\"ReadAction\",\"target\":[\"https:\/\/instytutpolski.pl\/kyiv\/pl\/jezyk-polski\/kursy-i-materialy-on-line\/\"]}]},{\"@type\":\"ImageObject\",\"inLanguage\":\"pl-PL\",\"@id\":\"https:\/\/instytutpolski.pl\/kyiv\/pl\/jezyk-polski\/kursy-i-materialy-on-line\/#primaryimage\",\"url\":\"https:\/\/instytutpolski.pl\/kyiv\/wp-content\/uploads\/sites\/19\/2020\/12\/Makowski_cover_1-1.jpg\",\"contentUrl\":\"https:\/\/instytutpolski.pl\/kyiv\/wp-content\/uploads\/sites\/19\/2020\/12\/Makowski_cover_1-1.jpg\",\"width\":2500,\"height\":1409},{\"@type\":\"BreadcrumbList\",\"@id\":\"https:\/\/instytutpolski.pl\/kyiv\/pl\/jezyk-polski\/kursy-i-materialy-on-line\/#breadcrumb\",\"itemListElement\":[{\"@type\":\"ListItem\",\"position\":1,\"name\":\"Home\",\"item\":\"https:\/\/instytutpolski.pl\/kyiv\/\"},{\"@type\":\"ListItem\",\"position\":2,\"name\":\"J\u0119zyk polski\",\"item\":\"https:\/\/instytutpolski.pl\/kyiv\/pl\/jezyk-polski\/\"},{\"@type\":\"ListItem\",\"position\":3,\"name\":\"Kursy i materia\u0142y on-line\"}]},{\"@type\":\"WebSite\",\"@id\":\"https:\/\/instytutpolski.pl\/kyiv\/#website\",\"url\":\"https:\/\/instytutpolski.pl\/kyiv\/\",\"name\":\"Instytut Polski w Kijowie\",\"description\":\"Instytuty Polskie\",\"potentialAction\":[{\"@type\":\"SearchAction\",\"target\":{\"@type\":\"EntryPoint\",\"urlTemplate\":\"https:\/\/instytutpolski.pl\/kyiv\/?s={search_term_string}\"},\"query-input\":{\"@type\":\"PropertyValueSpecification\",\"valueRequired\":true,\"valueName\":\"search_term_string\"}}],\"inLanguage\":\"pl-PL\"}]}<\/script>\n<!-- \/ Yoast SEO plugin. -->","yoast_head_json":{"title":"Kursy i materia\u0142y on-line - Instytut Polski w Kijowie","robots":{"index":"index","follow":"follow","max-snippet":"max-snippet:-1","max-image-preview":"max-image-preview:large","max-video-preview":"max-video-preview:-1"},"canonical":"https:\/\/instytutpolski.pl\/kyiv\/pl\/jezyk-polski\/kursy-i-materialy-on-line\/","og_locale":"pl_PL","og_type":"article","og_title":"Kursy i materia\u0142y on-line - Instytut Polski w Kijowie","og_description":"M\u00f3wi\u0107 po polsku: oferuje szeroki wyb\u00f3r bezp\u0142atnych lekcji j\u0119zyka polskiego. Zawiera modu\u0142y od wymowy po gramatyk\u0119. Wikibooks 1: oferuje uczniom j\u0119zyka polskiego darmowy podr\u0119cznik online. Wikibooks 2: oferuje przydatne zwroty w j\u0119zyku polskim, wraz z wymow\u0105. Live Lingua: Istnieje kilka bezp\u0142atnych kurs\u00f3w j\u0119zyka polskiego na Live Lingua, baza podr\u0119cznik\u00f3w FSI (Foreign Service Institute) oraz materia\u0142y [&hellip;]","og_url":"https:\/\/instytutpolski.pl\/kyiv\/pl\/jezyk-polski\/kursy-i-materialy-on-line\/","og_site_name":"Instytut Polski w Kijowie","article_modified_time":"2020-06-12T11:50:41+00:00","og_image":[{"width":2500,"height":1409,"url":"https:\/\/instytutpolski.pl\/kyiv\/wp-content\/uploads\/sites\/19\/2020\/12\/Makowski_cover_1-1.jpg","type":"image\/jpeg"}],"twitter_card":"summary_large_image","twitter_misc":{"Szacowany czas czytania":"1 minuta"},"schema":{"@context":"https:\/\/schema.org","@graph":[{"@type":"WebPage","@id":"https:\/\/instytutpolski.pl\/kyiv\/pl\/jezyk-polski\/kursy-i-materialy-on-line\/","url":"https:\/\/instytutpolski.pl\/kyiv\/pl\/jezyk-polski\/kursy-i-materialy-on-line\/","name":"Kursy i materia\u0142y on-line - Instytut Polski w Kijowie","isPartOf":{"@id":"https:\/\/instytutpolski.pl\/kyiv\/#website"},"primaryImageOfPage":{"@id":"https:\/\/instytutpolski.pl\/kyiv\/pl\/jezyk-polski\/kursy-i-materialy-on-line\/#primaryimage"},"image":{"@id":"https:\/\/instytutpolski.pl\/kyiv\/pl\/jezyk-polski\/kursy-i-materialy-on-line\/#primaryimage"},"thumbnailUrl":"https:\/\/instytutpolski.pl\/kyiv\/wp-content\/uploads\/sites\/19\/2020\/12\/Makowski_cover_1-1.jpg","datePublished":"2019-06-26T11:11:09+00:00","dateModified":"2020-06-12T11:50:41+00:00","breadcrumb":{"@id":"https:\/\/instytutpolski.pl\/kyiv\/pl\/jezyk-polski\/kursy-i-materialy-on-line\/#breadcrumb"},"inLanguage":"pl-PL","potentialAction":[{"@type":"ReadAction","target":["https:\/\/instytutpolski.pl\/kyiv\/pl\/jezyk-polski\/kursy-i-materialy-on-line\/"]}]},{"@type":"ImageObject","inLanguage":"pl-PL","@id":"https:\/\/instytutpolski.pl\/kyiv\/pl\/jezyk-polski\/kursy-i-materialy-on-line\/#primaryimage","url":"https:\/\/instytutpolski.pl\/kyiv\/wp-content\/uploads\/sites\/19\/2020\/12\/Makowski_cover_1-1.jpg","contentUrl":"https:\/\/instytutpolski.pl\/kyiv\/wp-content\/uploads\/sites\/19\/2020\/12\/Makowski_cover_1-1.jpg","width":2500,"height":1409},{"@type":"BreadcrumbList","@id":"https:\/\/instytutpolski.pl\/kyiv\/pl\/jezyk-polski\/kursy-i-materialy-on-line\/#breadcrumb","itemListElement":[{"@type":"ListItem","position":1,"name":"Home","item":"https:\/\/instytutpolski.pl\/kyiv\/"},{"@type":"ListItem","position":2,"name":"J\u0119zyk polski","item":"https:\/\/instytutpolski.pl\/kyiv\/pl\/jezyk-polski\/"},{"@type":"ListItem","position":3,"name":"Kursy i materia\u0142y on-line"}]},{"@type":"WebSite","@id":"https:\/\/instytutpolski.pl\/kyiv\/#website","url":"https:\/\/instytutpolski.pl\/kyiv\/","name":"Instytut Polski w Kijowie","description":"Instytuty Polskie","potentialAction":[{"@type":"SearchAction","target":{"@type":"EntryPoint","urlTemplate":"https:\/\/instytutpolski.pl\/kyiv\/?s={search_term_string}"},"query-input":{"@type":"PropertyValueSpecification","valueRequired":true,"valueName":"search_term_string"}}],"inLanguage":"pl-PL"}]}},"_links":{"self":[{"href":"https:\/\/instytutpolski.pl\/kyiv\/wp-json\/wp\/v2\/pages\/548","targetHints":{"allow":["GET"]}}],"collection":[{"href":"https:\/\/instytutpolski.pl\/kyiv\/wp-json\/wp\/v2\/pages"}],"about":[{"href":"https:\/\/instytutpolski.pl\/kyiv\/wp-json\/wp\/v2\/types\/page"}],"author":[{"embeddable":true,"href":"https:\/\/instytutpolski.pl\/kyiv\/wp-json\/wp\/v2\/users\/134"}],"replies":[{"embeddable":true,"href":"https:\/\/instytutpolski.pl\/kyiv\/wp-json\/wp\/v2\/comments?post=548"}],"version-history":[{"count":6,"href":"https:\/\/instytutpolski.pl\/kyiv\/wp-json\/wp\/v2\/pages\/548\/revisions"}],"predecessor-version":[{"id":3586,"href":"https:\/\/instytutpolski.pl\/kyiv\/wp-json\/wp\/v2\/pages\/548\/revisions\/3586"}],"up":[{"embeddable":true,"href":"https:\/\/instytutpolski.pl\/kyiv\/wp-json\/wp\/v2\/pages\/502"}],"wp:featuredmedia":[{"embeddable":true,"href":"https:\/\/instytutpolski.pl\/kyiv\/wp-json\/wp\/v2\/media\/5476"}],"wp:attachment":[{"href":"https:\/\/instytutpolski.pl\/kyiv\/wp-json\/wp\/v2\/media?parent=548"}],"curies":[{"name":"wp","href":"https:\/\/api.w.org\/{rel}","templated":true}]}}