{"id":566,"date":"2019-06-26T13:20:39","date_gmt":"2019-06-26T11:20:39","guid":{"rendered":"https:\/\/instytutpolski.pl\/kijow\/?page_id=566"},"modified":"2020-01-02T17:06:23","modified_gmt":"2020-01-02T16:06:23","slug":"biblioteka","status":"publish","type":"page","link":"https:\/\/instytutpolski.pl\/kyiv\/pl\/o-instytucie-polskim\/biblioteka\/","title":{"rendered":"Biblioteka"},"content":{"rendered":"\n<p>Za\u0142o\u017cona w 1998 roku Biblioteka Instytutu Polskiego w Kijowie, do kt\u00f3rej mog\u0105 zapisywa\u0107 si\u0119 wszystkie osoby zainteresowane, to ok. 3 tysi\u0119cy ksi\u0105\u017cek, a tak\u017ce audiobooki, czasopisma etc. W zbiorach biblioteki znajduj\u0105 si\u0119 publikacje z zakresu literatury specjalistycznej, encyklopedie, s\u0142owniki, podr\u0119czniki do nauki j\u0119zyka polskiego a tak\u017ce wyb\u00f3r nowszych i starszych polskich utwor\u00f3w beletrystycznych, poezji, literatury faktu w j\u0119zyku polskim i w t\u0142umaczeniu na j\u0119zyk ukrai\u0144ski.\u00a0 Obok literatury dla doros\u0142ych, biblioteka posiada r\u00f3wnie\u017c du\u017cy zas\u00f3b literatury dzieci\u0119cej i m\u0142odzie\u017cowej, mo\u017cna w niej wypo\u017cyczy\u0107 p\u0142yty CD oraz DVD z polskimi filmami fabularnymi i dokumentalnymi. Dost\u0119pne s\u0105 czasopisma i materia\u0142y informacyjne na temat Polski w formie folder\u00f3w i broszur. Biblioteka jest regularnie zaopatrywana w nowo\u015bci wydawnicze.<\/p>\n<p>Baz\u0119 zbior\u00f3w bibliotecznych mo\u017cna przegl\u0105da\u0107 w katalogu on-line. W czytelni biblioteki dost\u0119pny jest wyb\u00f3r bie\u017c\u0105cej polskiej prasy. Spo\u015br\u00f3d tytu\u0142\u00f3w mo\u017cna u nas znale\u017a\u0107: \u201eNowa Europa Wschodnia\u201d, \u201eHerito\u201d, \u201eKino\u201d, \u201eLiteratura na \u015awiecie\u201d, \u201ePani\u201d, \u201eTeatr\u201d, \u201ePrzekr\u00f3j\u201d, \u201ePami\u0119\u0107 i Przysz\u0142o\u015b\u0107\u201d, \u201eNowe Ksi\u0105\u017cki\u201d, \u201eWi\u0119\u017a\u201d, \u201eOdra\u201d, \u201eM\u00f3wi\u0105 Wieki\u201d, \u201eNasza Historia\u201d, \u201ePomocnik Historyczny\u201d, \u201eDzieje Najnowsze\u201d, \u201eJ\u0119zyk Polski\u201d, \u201eJ\u0119zyk Polski w Gimnazjum. Zeszyty Kieleckie\u201d, \u201eJ\u0119zyk Polski w Szkole Ponadpodstawowej. Zeszyty Kieleckie\u201d, \u201eVogue Polska\u201d, \u201ePolska Zbrojna Historia\u201d, \u201ePismo. Magazyn Opinii\u201d, \u201eNational Geographic Polska\u201d, \u201eRaport &#8211; Wojsko &#8211; Technika \u2013 Obronno\u015b\u0107\u201d, \u201eMagazyn Lotniczy \u2013 Skrzydlata Polska\u201d, \u201ePolska Niepodleg\u0142a\u201d, \u201ePrzegl\u0105d Historyczno-O\u015bwiatowy\u201d, \u201ePoznaj Sw\u00f3j Kraj\u201d, \u201eWiadomo\u015bci Historyczne\u201d, \u201ePolska Zbrojna\u201d, \u201eMistrzowie Polskiej Fantastyki\u201d, \u201ePrzegl\u0105d Historyczny\u201d, \u201eMagazyn Ludzi Sztuki\u201d, \u201ePerspektywy\u201d, \u201eCartoon Network Przedstawia\u201d, \u201eSamouczek\u201d, \u201eSupe\u0142ek z P\u0119telk\u0105\u201d, \u201eG\u0142os Przyrody\u201d, \u201eKraina Zwierz\u0105t\u201d, \u201eMa\u0142y Artysta\u201d.<\/p>\n<p>Nasze\u00a0 zbiory udost\u0119pniamy bezp\u0142atnie wszystkim zainteresowanym, kt\u00f3rzy zdecyduj\u0105 si\u0119 na za\u0142o\u017cenie u nas karty bibliotecznej.<\/p>\n<p>W\u015br\u00f3d u\u017cytkownik\u00f3w biblioteki s\u0105 m.in. studenci wydzia\u0142\u00f3w polonistycznych i polscy stypendy\u015bci studiuj\u0105cy na ukrai\u0144skich uczelniach, przedstawiciele miejscowej polonii, wyk\u0142adowcy, badacze i t\u0142umacze, uczniowie przygotowuj\u0105cy prezentacje o Polsce oraz s\u0142uchacze kurs\u00f3w j\u0119zyka polskiego.<\/p>\n<p>Szukasz ksi\u0105\u017cki? Przejrzyj nasz katalog: Katalog Biblioteki Instytutu Polskiego w Kijowie\u00a0<a href=\"https:\/\/xn--szukamksiki-4kb16m.pl\/SzukamKsiazki\/katalog\/index.html?selectedBib=511000904\" target=\"_blank\" rel=\"noopener noreferrer\">https:\/\/xn--szukamksiki-4kb16m.pl\/SzukamKsiazki\/katalog\/index.html?selectedBib=511000904<\/a><\/p>\n<p><a href=\"https:\/\/xn--szukamksiki-4kb16m.pl\/SzukamKsiazki\/katalog\/index.html?selectedBib=511000904\" target=\"_blank\" rel=\"noopener noreferrer\"><img decoding=\"async\" src=\"http:\/\/www.polinst.kyiv.ua\/storage\/mak_ip.jpg\" alt=\"\" \/><\/a><\/p>\n<p><strong>Godziny otwarcia biblioteki:<\/strong><\/p>\n<p>Wtorek 12.00-19.00<\/p>\n<p>Czwartek 12.00-19.00<\/p>\n","protected":false},"excerpt":{"rendered":"<p>Za\u0142o\u017cona w 1998 roku Biblioteka Instytutu Polskiego w Kijowie, do kt\u00f3rej mog\u0105 zapisywa\u0107 si\u0119 wszystkie osoby zainteresowane, to ok. 3 tysi\u0119cy ksi\u0105\u017cek, a tak\u017ce audiobooki, czasopisma etc. W zbiorach biblioteki znajduj\u0105 si\u0119 publikacje z zakresu literatury specjalistycznej, encyklopedie, s\u0142owniki, podr\u0119czniki do nauki j\u0119zyka polskiego a tak\u017ce wyb\u00f3r nowszych i starszych polskich utwor\u00f3w beletrystycznych, poezji, literatury [&hellip;]<\/p>\n","protected":false},"author":1,"featured_media":0,"parent":553,"menu_order":0,"comment_status":"closed","ping_status":"closed","template":"","meta":{"inline_featured_image":false,"_monsterinsights_skip_tracking":false,"_monsterinsights_sitenote_active":false,"_monsterinsights_sitenote_note":"","_monsterinsights_sitenote_category":0,"footnotes":""},"class_list":["post-566","page","type-page","status-publish","hentry"],"yoast_head":"<!-- This site is optimized with the Yoast SEO plugin v24.6 - https:\/\/yoast.com\/wordpress\/plugins\/seo\/ -->\n<title>Biblioteka - Instytut Polski w Kijowie<\/title>\n<meta name=\"robots\" content=\"index, follow, max-snippet:-1, max-image-preview:large, max-video-preview:-1\" \/>\n<link rel=\"canonical\" href=\"https:\/\/instytutpolski.pl\/kyiv\/pl\/o-instytucie-polskim\/biblioteka\/\" \/>\n<meta property=\"og:locale\" content=\"pl_PL\" \/>\n<meta property=\"og:type\" content=\"article\" \/>\n<meta property=\"og:title\" content=\"Biblioteka - Instytut Polski w Kijowie\" \/>\n<meta property=\"og:description\" content=\"Za\u0142o\u017cona w 1998 roku Biblioteka Instytutu Polskiego w Kijowie, do kt\u00f3rej mog\u0105 zapisywa\u0107 si\u0119 wszystkie osoby zainteresowane, to ok. 3 tysi\u0119cy ksi\u0105\u017cek, a tak\u017ce audiobooki, czasopisma etc. W zbiorach biblioteki znajduj\u0105 si\u0119 publikacje z zakresu literatury specjalistycznej, encyklopedie, s\u0142owniki, podr\u0119czniki do nauki j\u0119zyka polskiego a tak\u017ce wyb\u00f3r nowszych i starszych polskich utwor\u00f3w beletrystycznych, poezji, literatury [&hellip;]\" \/>\n<meta property=\"og:url\" content=\"https:\/\/instytutpolski.pl\/kyiv\/pl\/o-instytucie-polskim\/biblioteka\/\" \/>\n<meta property=\"og:site_name\" content=\"Instytut Polski w Kijowie\" \/>\n<meta property=\"article:modified_time\" content=\"2020-01-02T16:06:23+00:00\" \/>\n<meta property=\"og:image\" content=\"http:\/\/www.polinst.kyiv.ua\/storage\/mak_ip.jpg\" \/>\n<meta name=\"twitter:card\" content=\"summary_large_image\" \/>\n<meta name=\"twitter:label1\" content=\"Szacowany czas czytania\" \/>\n\t<meta name=\"twitter:data1\" content=\"2 minuty\" \/>\n<script type=\"application\/ld+json\" class=\"yoast-schema-graph\">{\"@context\":\"https:\/\/schema.org\",\"@graph\":[{\"@type\":\"WebPage\",\"@id\":\"https:\/\/instytutpolski.pl\/kyiv\/pl\/o-instytucie-polskim\/biblioteka\/\",\"url\":\"https:\/\/instytutpolski.pl\/kyiv\/pl\/o-instytucie-polskim\/biblioteka\/\",\"name\":\"Biblioteka - Instytut Polski w Kijowie\",\"isPartOf\":{\"@id\":\"https:\/\/instytutpolski.pl\/kyiv\/#website\"},\"primaryImageOfPage\":{\"@id\":\"https:\/\/instytutpolski.pl\/kyiv\/pl\/o-instytucie-polskim\/biblioteka\/#primaryimage\"},\"image\":{\"@id\":\"https:\/\/instytutpolski.pl\/kyiv\/pl\/o-instytucie-polskim\/biblioteka\/#primaryimage\"},\"thumbnailUrl\":\"http:\/\/www.polinst.kyiv.ua\/storage\/mak_ip.jpg\",\"datePublished\":\"2019-06-26T11:20:39+00:00\",\"dateModified\":\"2020-01-02T16:06:23+00:00\",\"breadcrumb\":{\"@id\":\"https:\/\/instytutpolski.pl\/kyiv\/pl\/o-instytucie-polskim\/biblioteka\/#breadcrumb\"},\"inLanguage\":\"pl-PL\",\"potentialAction\":[{\"@type\":\"ReadAction\",\"target\":[\"https:\/\/instytutpolski.pl\/kyiv\/pl\/o-instytucie-polskim\/biblioteka\/\"]}]},{\"@type\":\"ImageObject\",\"inLanguage\":\"pl-PL\",\"@id\":\"https:\/\/instytutpolski.pl\/kyiv\/pl\/o-instytucie-polskim\/biblioteka\/#primaryimage\",\"url\":\"http:\/\/www.polinst.kyiv.ua\/storage\/mak_ip.jpg\",\"contentUrl\":\"http:\/\/www.polinst.kyiv.ua\/storage\/mak_ip.jpg\"},{\"@type\":\"BreadcrumbList\",\"@id\":\"https:\/\/instytutpolski.pl\/kyiv\/pl\/o-instytucie-polskim\/biblioteka\/#breadcrumb\",\"itemListElement\":[{\"@type\":\"ListItem\",\"position\":1,\"name\":\"Home\",\"item\":\"https:\/\/instytutpolski.pl\/kyiv\/\"},{\"@type\":\"ListItem\",\"position\":2,\"name\":\"O Instytucie Polskim\",\"item\":\"https:\/\/instytutpolski.pl\/kyiv\/pl\/o-instytucie-polskim\/\"},{\"@type\":\"ListItem\",\"position\":3,\"name\":\"Biblioteka\"}]},{\"@type\":\"WebSite\",\"@id\":\"https:\/\/instytutpolski.pl\/kyiv\/#website\",\"url\":\"https:\/\/instytutpolski.pl\/kyiv\/\",\"name\":\"Instytut Polski w Kijowie\",\"description\":\"Instytuty Polskie\",\"potentialAction\":[{\"@type\":\"SearchAction\",\"target\":{\"@type\":\"EntryPoint\",\"urlTemplate\":\"https:\/\/instytutpolski.pl\/kyiv\/?s={search_term_string}\"},\"query-input\":{\"@type\":\"PropertyValueSpecification\",\"valueRequired\":true,\"valueName\":\"search_term_string\"}}],\"inLanguage\":\"pl-PL\"}]}<\/script>\n<!-- \/ Yoast SEO plugin. -->","yoast_head_json":{"title":"Biblioteka - Instytut Polski w Kijowie","robots":{"index":"index","follow":"follow","max-snippet":"max-snippet:-1","max-image-preview":"max-image-preview:large","max-video-preview":"max-video-preview:-1"},"canonical":"https:\/\/instytutpolski.pl\/kyiv\/pl\/o-instytucie-polskim\/biblioteka\/","og_locale":"pl_PL","og_type":"article","og_title":"Biblioteka - Instytut Polski w Kijowie","og_description":"Za\u0142o\u017cona w 1998 roku Biblioteka Instytutu Polskiego w Kijowie, do kt\u00f3rej mog\u0105 zapisywa\u0107 si\u0119 wszystkie osoby zainteresowane, to ok. 3 tysi\u0119cy ksi\u0105\u017cek, a tak\u017ce audiobooki, czasopisma etc. W zbiorach biblioteki znajduj\u0105 si\u0119 publikacje z zakresu literatury specjalistycznej, encyklopedie, s\u0142owniki, podr\u0119czniki do nauki j\u0119zyka polskiego a tak\u017ce wyb\u00f3r nowszych i starszych polskich utwor\u00f3w beletrystycznych, poezji, literatury [&hellip;]","og_url":"https:\/\/instytutpolski.pl\/kyiv\/pl\/o-instytucie-polskim\/biblioteka\/","og_site_name":"Instytut Polski w Kijowie","article_modified_time":"2020-01-02T16:06:23+00:00","og_image":[{"url":"http:\/\/www.polinst.kyiv.ua\/storage\/mak_ip.jpg","type":"","width":"","height":""}],"twitter_card":"summary_large_image","twitter_misc":{"Szacowany czas czytania":"2 minuty"},"schema":{"@context":"https:\/\/schema.org","@graph":[{"@type":"WebPage","@id":"https:\/\/instytutpolski.pl\/kyiv\/pl\/o-instytucie-polskim\/biblioteka\/","url":"https:\/\/instytutpolski.pl\/kyiv\/pl\/o-instytucie-polskim\/biblioteka\/","name":"Biblioteka - Instytut Polski w Kijowie","isPartOf":{"@id":"https:\/\/instytutpolski.pl\/kyiv\/#website"},"primaryImageOfPage":{"@id":"https:\/\/instytutpolski.pl\/kyiv\/pl\/o-instytucie-polskim\/biblioteka\/#primaryimage"},"image":{"@id":"https:\/\/instytutpolski.pl\/kyiv\/pl\/o-instytucie-polskim\/biblioteka\/#primaryimage"},"thumbnailUrl":"http:\/\/www.polinst.kyiv.ua\/storage\/mak_ip.jpg","datePublished":"2019-06-26T11:20:39+00:00","dateModified":"2020-01-02T16:06:23+00:00","breadcrumb":{"@id":"https:\/\/instytutpolski.pl\/kyiv\/pl\/o-instytucie-polskim\/biblioteka\/#breadcrumb"},"inLanguage":"pl-PL","potentialAction":[{"@type":"ReadAction","target":["https:\/\/instytutpolski.pl\/kyiv\/pl\/o-instytucie-polskim\/biblioteka\/"]}]},{"@type":"ImageObject","inLanguage":"pl-PL","@id":"https:\/\/instytutpolski.pl\/kyiv\/pl\/o-instytucie-polskim\/biblioteka\/#primaryimage","url":"http:\/\/www.polinst.kyiv.ua\/storage\/mak_ip.jpg","contentUrl":"http:\/\/www.polinst.kyiv.ua\/storage\/mak_ip.jpg"},{"@type":"BreadcrumbList","@id":"https:\/\/instytutpolski.pl\/kyiv\/pl\/o-instytucie-polskim\/biblioteka\/#breadcrumb","itemListElement":[{"@type":"ListItem","position":1,"name":"Home","item":"https:\/\/instytutpolski.pl\/kyiv\/"},{"@type":"ListItem","position":2,"name":"O Instytucie Polskim","item":"https:\/\/instytutpolski.pl\/kyiv\/pl\/o-instytucie-polskim\/"},{"@type":"ListItem","position":3,"name":"Biblioteka"}]},{"@type":"WebSite","@id":"https:\/\/instytutpolski.pl\/kyiv\/#website","url":"https:\/\/instytutpolski.pl\/kyiv\/","name":"Instytut Polski w Kijowie","description":"Instytuty Polskie","potentialAction":[{"@type":"SearchAction","target":{"@type":"EntryPoint","urlTemplate":"https:\/\/instytutpolski.pl\/kyiv\/?s={search_term_string}"},"query-input":{"@type":"PropertyValueSpecification","valueRequired":true,"valueName":"search_term_string"}}],"inLanguage":"pl-PL"}]}},"_links":{"self":[{"href":"https:\/\/instytutpolski.pl\/kyiv\/wp-json\/wp\/v2\/pages\/566","targetHints":{"allow":["GET"]}}],"collection":[{"href":"https:\/\/instytutpolski.pl\/kyiv\/wp-json\/wp\/v2\/pages"}],"about":[{"href":"https:\/\/instytutpolski.pl\/kyiv\/wp-json\/wp\/v2\/types\/page"}],"author":[{"embeddable":true,"href":"https:\/\/instytutpolski.pl\/kyiv\/wp-json\/wp\/v2\/users\/1"}],"replies":[{"embeddable":true,"href":"https:\/\/instytutpolski.pl\/kyiv\/wp-json\/wp\/v2\/comments?post=566"}],"version-history":[{"count":6,"href":"https:\/\/instytutpolski.pl\/kyiv\/wp-json\/wp\/v2\/pages\/566\/revisions"}],"predecessor-version":[{"id":849,"href":"https:\/\/instytutpolski.pl\/kyiv\/wp-json\/wp\/v2\/pages\/566\/revisions\/849"}],"up":[{"embeddable":true,"href":"https:\/\/instytutpolski.pl\/kyiv\/wp-json\/wp\/v2\/pages\/553"}],"wp:attachment":[{"href":"https:\/\/instytutpolski.pl\/kyiv\/wp-json\/wp\/v2\/media?parent=566"}],"curies":[{"name":"wp","href":"https:\/\/api.w.org\/{rel}","templated":true}]}}