{"id":578,"date":"2019-06-26T13:21:51","date_gmt":"2019-06-26T11:21:51","guid":{"rendered":"https:\/\/instytutpolski.pl\/kijow\/?page_id=578"},"modified":"2020-06-02T16:21:17","modified_gmt":"2020-06-02T14:21:17","slug":"praktyki","status":"publish","type":"page","link":"https:\/\/instytutpolski.pl\/kyiv\/pl\/o-instytucie-polskim\/praktyki\/","title":{"rendered":"Praktyki"},"content":{"rendered":"\n<p><strong>Praktyki studenckie<\/strong><\/p>\n\n\n\n<p>Zasady odbywania praktyk studenckich w Instytucie Polskim w Kijowie regulowane s\u0105 Zarz\u0105dzeniem Nr 5 Dyrektora Generalnego S\u0142u\u017cby Zagranicznej z dnia 16 sierpnia 2007 r. &#8222;W sprawie organizacji praktyk studenckich w Ministerstwie Spraw Zagranicznych RP i w plac\u00f3wkach zagranicznych oraz praktyk zawodowych w Ministerstwie Spraw Zagranicznych RP&#8221;.<\/p>\n","protected":false},"excerpt":{"rendered":"<p>Praktyki studenckie Zasady odbywania praktyk studenckich w Instytucie Polskim w Kijowie regulowane s\u0105 Zarz\u0105dzeniem Nr 5 Dyrektora Generalnego S\u0142u\u017cby Zagranicznej z dnia 16 sierpnia 2007 r. &#8222;W sprawie organizacji praktyk studenckich w Ministerstwie Spraw Zagranicznych RP i w plac\u00f3wkach zagranicznych oraz praktyk zawodowych w Ministerstwie Spraw Zagranicznych RP&#8221;.<\/p>\n","protected":false},"author":134,"featured_media":1973,"parent":553,"menu_order":0,"comment_status":"closed","ping_status":"closed","template":"","meta":{"inline_featured_image":false,"_monsterinsights_skip_tracking":false,"_monsterinsights_sitenote_active":false,"_monsterinsights_sitenote_note":"","_monsterinsights_sitenote_category":0,"footnotes":""},"class_list":["post-578","page","type-page","status-publish","has-post-thumbnail","hentry"],"yoast_head":"<!-- This site is optimized with the Yoast SEO plugin v24.6 - https:\/\/yoast.com\/wordpress\/plugins\/seo\/ -->\n<title>Praktyki - Instytut Polski w Kijowie<\/title>\n<meta name=\"robots\" content=\"index, follow, max-snippet:-1, max-image-preview:large, max-video-preview:-1\" \/>\n<link rel=\"canonical\" href=\"https:\/\/instytutpolski.pl\/kyiv\/pl\/o-instytucie-polskim\/praktyki\/\" \/>\n<meta property=\"og:locale\" content=\"pl_PL\" \/>\n<meta property=\"og:type\" content=\"article\" \/>\n<meta property=\"og:title\" content=\"Praktyki - Instytut Polski w Kijowie\" \/>\n<meta property=\"og:description\" content=\"Praktyki studenckie Zasady odbywania praktyk studenckich w Instytucie Polskim w Kijowie regulowane s\u0105 Zarz\u0105dzeniem Nr 5 Dyrektora Generalnego S\u0142u\u017cby Zagranicznej z dnia 16 sierpnia 2007 r. &#8222;W sprawie organizacji praktyk studenckich w Ministerstwie Spraw Zagranicznych RP i w plac\u00f3wkach zagranicznych oraz praktyk zawodowych w Ministerstwie Spraw Zagranicznych RP&#8221;.\" \/>\n<meta property=\"og:url\" content=\"https:\/\/instytutpolski.pl\/kyiv\/pl\/o-instytucie-polskim\/praktyki\/\" \/>\n<meta property=\"og:site_name\" content=\"Instytut Polski w Kijowie\" \/>\n<meta property=\"article:modified_time\" content=\"2020-06-02T14:21:17+00:00\" \/>\n<meta property=\"og:image\" content=\"https:\/\/instytutpolski.pl\/kyiv\/wp-content\/uploads\/sites\/19\/2020\/01\/48726116771_bd1a07a2ec_c.jpg\" \/>\n\t<meta property=\"og:image:width\" content=\"799\" \/>\n\t<meta property=\"og:image:height\" content=\"533\" \/>\n\t<meta property=\"og:image:type\" content=\"image\/jpeg\" \/>\n<meta name=\"twitter:card\" content=\"summary_large_image\" \/>\n<script type=\"application\/ld+json\" class=\"yoast-schema-graph\">{\"@context\":\"https:\/\/schema.org\",\"@graph\":[{\"@type\":\"WebPage\",\"@id\":\"https:\/\/instytutpolski.pl\/kyiv\/pl\/o-instytucie-polskim\/praktyki\/\",\"url\":\"https:\/\/instytutpolski.pl\/kyiv\/pl\/o-instytucie-polskim\/praktyki\/\",\"name\":\"Praktyki - Instytut Polski w Kijowie\",\"isPartOf\":{\"@id\":\"https:\/\/instytutpolski.pl\/kyiv\/#website\"},\"primaryImageOfPage\":{\"@id\":\"https:\/\/instytutpolski.pl\/kyiv\/pl\/o-instytucie-polskim\/praktyki\/#primaryimage\"},\"image\":{\"@id\":\"https:\/\/instytutpolski.pl\/kyiv\/pl\/o-instytucie-polskim\/praktyki\/#primaryimage\"},\"thumbnailUrl\":\"https:\/\/instytutpolski.pl\/kyiv\/wp-content\/uploads\/sites\/19\/2020\/01\/48726116771_bd1a07a2ec_c.jpg\",\"datePublished\":\"2019-06-26T11:21:51+00:00\",\"dateModified\":\"2020-06-02T14:21:17+00:00\",\"breadcrumb\":{\"@id\":\"https:\/\/instytutpolski.pl\/kyiv\/pl\/o-instytucie-polskim\/praktyki\/#breadcrumb\"},\"inLanguage\":\"pl-PL\",\"potentialAction\":[{\"@type\":\"ReadAction\",\"target\":[\"https:\/\/instytutpolski.pl\/kyiv\/pl\/o-instytucie-polskim\/praktyki\/\"]}]},{\"@type\":\"ImageObject\",\"inLanguage\":\"pl-PL\",\"@id\":\"https:\/\/instytutpolski.pl\/kyiv\/pl\/o-instytucie-polskim\/praktyki\/#primaryimage\",\"url\":\"https:\/\/instytutpolski.pl\/kyiv\/wp-content\/uploads\/sites\/19\/2020\/01\/48726116771_bd1a07a2ec_c.jpg\",\"contentUrl\":\"https:\/\/instytutpolski.pl\/kyiv\/wp-content\/uploads\/sites\/19\/2020\/01\/48726116771_bd1a07a2ec_c.jpg\",\"width\":799,\"height\":533,\"caption\":\"2019.09.10, Nadanie stopni dyplomatycznych, Akademia Dyplomatyczna, Warszawa, fot. Gabriel Pi?tka \/ MSZ\"},{\"@type\":\"BreadcrumbList\",\"@id\":\"https:\/\/instytutpolski.pl\/kyiv\/pl\/o-instytucie-polskim\/praktyki\/#breadcrumb\",\"itemListElement\":[{\"@type\":\"ListItem\",\"position\":1,\"name\":\"Home\",\"item\":\"https:\/\/instytutpolski.pl\/kyiv\/\"},{\"@type\":\"ListItem\",\"position\":2,\"name\":\"O Instytucie Polskim\",\"item\":\"https:\/\/instytutpolski.pl\/kyiv\/pl\/o-instytucie-polskim\/\"},{\"@type\":\"ListItem\",\"position\":3,\"name\":\"Praktyki\"}]},{\"@type\":\"WebSite\",\"@id\":\"https:\/\/instytutpolski.pl\/kyiv\/#website\",\"url\":\"https:\/\/instytutpolski.pl\/kyiv\/\",\"name\":\"Instytut Polski w Kijowie\",\"description\":\"Instytuty Polskie\",\"potentialAction\":[{\"@type\":\"SearchAction\",\"target\":{\"@type\":\"EntryPoint\",\"urlTemplate\":\"https:\/\/instytutpolski.pl\/kyiv\/?s={search_term_string}\"},\"query-input\":{\"@type\":\"PropertyValueSpecification\",\"valueRequired\":true,\"valueName\":\"search_term_string\"}}],\"inLanguage\":\"pl-PL\"}]}<\/script>\n<!-- \/ Yoast SEO plugin. -->","yoast_head_json":{"title":"Praktyki - Instytut Polski w Kijowie","robots":{"index":"index","follow":"follow","max-snippet":"max-snippet:-1","max-image-preview":"max-image-preview:large","max-video-preview":"max-video-preview:-1"},"canonical":"https:\/\/instytutpolski.pl\/kyiv\/pl\/o-instytucie-polskim\/praktyki\/","og_locale":"pl_PL","og_type":"article","og_title":"Praktyki - Instytut Polski w Kijowie","og_description":"Praktyki studenckie Zasady odbywania praktyk studenckich w Instytucie Polskim w Kijowie regulowane s\u0105 Zarz\u0105dzeniem Nr 5 Dyrektora Generalnego S\u0142u\u017cby Zagranicznej z dnia 16 sierpnia 2007 r. &#8222;W sprawie organizacji praktyk studenckich w Ministerstwie Spraw Zagranicznych RP i w plac\u00f3wkach zagranicznych oraz praktyk zawodowych w Ministerstwie Spraw Zagranicznych RP&#8221;.","og_url":"https:\/\/instytutpolski.pl\/kyiv\/pl\/o-instytucie-polskim\/praktyki\/","og_site_name":"Instytut Polski w Kijowie","article_modified_time":"2020-06-02T14:21:17+00:00","og_image":[{"width":799,"height":533,"url":"https:\/\/instytutpolski.pl\/kyiv\/wp-content\/uploads\/sites\/19\/2020\/01\/48726116771_bd1a07a2ec_c.jpg","type":"image\/jpeg"}],"twitter_card":"summary_large_image","schema":{"@context":"https:\/\/schema.org","@graph":[{"@type":"WebPage","@id":"https:\/\/instytutpolski.pl\/kyiv\/pl\/o-instytucie-polskim\/praktyki\/","url":"https:\/\/instytutpolski.pl\/kyiv\/pl\/o-instytucie-polskim\/praktyki\/","name":"Praktyki - Instytut Polski w Kijowie","isPartOf":{"@id":"https:\/\/instytutpolski.pl\/kyiv\/#website"},"primaryImageOfPage":{"@id":"https:\/\/instytutpolski.pl\/kyiv\/pl\/o-instytucie-polskim\/praktyki\/#primaryimage"},"image":{"@id":"https:\/\/instytutpolski.pl\/kyiv\/pl\/o-instytucie-polskim\/praktyki\/#primaryimage"},"thumbnailUrl":"https:\/\/instytutpolski.pl\/kyiv\/wp-content\/uploads\/sites\/19\/2020\/01\/48726116771_bd1a07a2ec_c.jpg","datePublished":"2019-06-26T11:21:51+00:00","dateModified":"2020-06-02T14:21:17+00:00","breadcrumb":{"@id":"https:\/\/instytutpolski.pl\/kyiv\/pl\/o-instytucie-polskim\/praktyki\/#breadcrumb"},"inLanguage":"pl-PL","potentialAction":[{"@type":"ReadAction","target":["https:\/\/instytutpolski.pl\/kyiv\/pl\/o-instytucie-polskim\/praktyki\/"]}]},{"@type":"ImageObject","inLanguage":"pl-PL","@id":"https:\/\/instytutpolski.pl\/kyiv\/pl\/o-instytucie-polskim\/praktyki\/#primaryimage","url":"https:\/\/instytutpolski.pl\/kyiv\/wp-content\/uploads\/sites\/19\/2020\/01\/48726116771_bd1a07a2ec_c.jpg","contentUrl":"https:\/\/instytutpolski.pl\/kyiv\/wp-content\/uploads\/sites\/19\/2020\/01\/48726116771_bd1a07a2ec_c.jpg","width":799,"height":533,"caption":"2019.09.10, Nadanie stopni dyplomatycznych, Akademia Dyplomatyczna, Warszawa, fot. Gabriel Pi?tka \/ MSZ"},{"@type":"BreadcrumbList","@id":"https:\/\/instytutpolski.pl\/kyiv\/pl\/o-instytucie-polskim\/praktyki\/#breadcrumb","itemListElement":[{"@type":"ListItem","position":1,"name":"Home","item":"https:\/\/instytutpolski.pl\/kyiv\/"},{"@type":"ListItem","position":2,"name":"O Instytucie Polskim","item":"https:\/\/instytutpolski.pl\/kyiv\/pl\/o-instytucie-polskim\/"},{"@type":"ListItem","position":3,"name":"Praktyki"}]},{"@type":"WebSite","@id":"https:\/\/instytutpolski.pl\/kyiv\/#website","url":"https:\/\/instytutpolski.pl\/kyiv\/","name":"Instytut Polski w Kijowie","description":"Instytuty Polskie","potentialAction":[{"@type":"SearchAction","target":{"@type":"EntryPoint","urlTemplate":"https:\/\/instytutpolski.pl\/kyiv\/?s={search_term_string}"},"query-input":{"@type":"PropertyValueSpecification","valueRequired":true,"valueName":"search_term_string"}}],"inLanguage":"pl-PL"}]}},"_links":{"self":[{"href":"https:\/\/instytutpolski.pl\/kyiv\/wp-json\/wp\/v2\/pages\/578","targetHints":{"allow":["GET"]}}],"collection":[{"href":"https:\/\/instytutpolski.pl\/kyiv\/wp-json\/wp\/v2\/pages"}],"about":[{"href":"https:\/\/instytutpolski.pl\/kyiv\/wp-json\/wp\/v2\/types\/page"}],"author":[{"embeddable":true,"href":"https:\/\/instytutpolski.pl\/kyiv\/wp-json\/wp\/v2\/users\/134"}],"replies":[{"embeddable":true,"href":"https:\/\/instytutpolski.pl\/kyiv\/wp-json\/wp\/v2\/comments?post=578"}],"version-history":[{"count":6,"href":"https:\/\/instytutpolski.pl\/kyiv\/wp-json\/wp\/v2\/pages\/578\/revisions"}],"predecessor-version":[{"id":3367,"href":"https:\/\/instytutpolski.pl\/kyiv\/wp-json\/wp\/v2\/pages\/578\/revisions\/3367"}],"up":[{"embeddable":true,"href":"https:\/\/instytutpolski.pl\/kyiv\/wp-json\/wp\/v2\/pages\/553"}],"wp:featuredmedia":[{"embeddable":true,"href":"https:\/\/instytutpolski.pl\/kyiv\/wp-json\/wp\/v2\/media\/1973"}],"wp:attachment":[{"href":"https:\/\/instytutpolski.pl\/kyiv\/wp-json\/wp\/v2\/media?parent=578"}],"curies":[{"name":"wp","href":"https:\/\/api.w.org\/{rel}","templated":true}]}}