{"id":584,"date":"2019-06-26T13:22:48","date_gmt":"2019-06-26T11:22:48","guid":{"rendered":"https:\/\/instytutpolski.pl\/kijow\/?page_id=584"},"modified":"2026-01-27T12:54:31","modified_gmt":"2026-01-27T11:54:31","slug":"zespol","status":"publish","type":"page","link":"https:\/\/instytutpolski.pl\/kyiv\/pl\/o-instytucie-polskim\/zespol\/","title":{"rendered":"Zesp\u00f3\u0142"},"content":{"rendered":"\n<p><strong>JAROS\u0141AW GODUN,\u00a0<\/strong> dyrektor Instytutu Polskiego w Kijowie, Radca-Minister Ambasady RP w Kijowie.<br \/><span style=\"color: initial;background-color: #ffffff\">Jaros\u0142aw Godun rozpocz\u0105\u0142 swoj\u0105 karier\u0119 dyplomatyczn\u0105 jako pracownik Wydzia\u0142u Kultury i Nauki Ambasady RP w Bukareszcie. W latach 2006-2020 kierowa\u0142 Instytutami Polskimi w Bukareszcie, Kijowie i Sofii. Pracowa\u0142 r\u00f3wnie\u017c w Polskim Instytucie Dyplomacji im. Ignacego Jana Paderewskiego w Warszawie, gdzie kontynuowa\u0142 prac\u0119 nad projektami z zakresu dyplomacji publicznej. W latach 2020-2024 pracowa\u0142 w Departamencie Wschodnim Ministerstwa Spraw Zagranicznych, by\u0142 Zast\u0119pc\u0105 Dyrektora Biura Ministra Spraw Zagranicznych RP oraz Zast\u0119pc\u0105 Dyrektora Departamentu Dyplomacji Publicznej i Kulturalnej MSZ. Pos\u0142uguje si\u0119 j\u0119zykiem ukrai\u0144skim, angielskim, bu\u0142garskim, rumu\u0144skim i rosyjskim.<\/span><\/p>\n<p><strong>OLGA CHREBOR<\/strong>, zast\u0119pczyni dyrektora Instytutu Polskiego w Kijowie, I sekretarz Ambasady RP w Kijowie<br \/><a href=\"mailto:olga.chrebor@msz.gov.pl\">olga.chrebor@msz.gov.pl\u00a0<\/a><\/p>\n<p><strong>NATALIA BANKIEWICZ<\/strong>, administratorka<br \/><a href=\"mailto:natalia.bankewycz@instytutpolski.pl\">natalia.bankewycz(at)instytutpolski.pl<\/a><\/p>\n<p><strong>YULIIA RYBCZY\u0143SKA, <\/strong>ekspertka ds. dyplomacji publicznej i kulturalnej<br \/><a href=\"https:\/\/instytutpolski.pl\/kyiv\/%d0%bf%d1%80%d0%be-%d0%bf%d0%be%d0%bb%d1%8c%d1%81%d1%8c%d0%ba%d0%b8%d0%b9-%d1%96%d0%bd%d1%81%d1%82%d0%b8%d1%82%d1%83%d1%82\/%d0%ba%d0%be%d0%bb%d0%b5%d0%ba%d1%82%d0%b8%d0%b2\/julia.rybchynska@instytutpolski.pl\">julia.rybchynska(at)instytutpolski.pl<\/a><\/p>\n<ul style=\"list-style-type: circle\">\n<li>Szko\u0142a J\u0119zyka Polskiego przy Instytucie Polskim w Kijowie<\/li>\n<\/ul>\n<p><strong>WIKTOR SOBIJA\u0143SKI<\/strong>, ekspert ds. dyplomacji publicznej i kulturalnej<br \/><a href=\"mailto:wiktor.sobijanski@instytutpolski.pl\" target=\"_blank\" rel=\"noopener noreferrer\">wiktor.sobijanski(at)instytutpolski.pl<\/a><\/p>\n<ul style=\"list-style-type: circle\">\n<li>Teatr<\/li>\n<li>Muzyka<\/li>\n<\/ul>\n<p><strong>OLENA BABIJ<\/strong>, ekspertka ds. dyplomacji publicznej i kulturalnej<br \/><a href=\"olena.babij@instytutpolski.pl\">olena.babij@instytutpolski.pl<\/a><\/p>\n<ul>\n<li>Kino<\/li>\n<li>Literatura<\/li>\n<\/ul>\n<p><strong>TETIANA KOWALENKO<\/strong>, ekspertka ds. dyplomacji publicznej i kulturalnej<br \/><a href=\"tetiana.kowalenko@instytutpolski.pl\">tetiana.kowalenko@instytutpolski.pl<\/a><\/p>\n<ul>\n<li>Sztuka nowoczesna<\/li>\n<li>Architektura<\/li>\n<\/ul>\n<p><strong>OLENA RUDA<\/strong>, ekspertka ds. dyplomacji publicznej i kulturalnej<br \/><a href=\"mailto:olena.ruda@instytutpolski.pl\">olena.ruda@instytutpolski.pl<\/a><\/p>\n<ul>\n<li>Komunikacji<\/li>\n<\/ul>\n<p><strong>SERHIJ PINCZUK<\/strong>, intendent\u00a0<a href=\"serhij.pinczuk@instytutpolski.pl\"><br \/>serhij.pinczuk@instytutpolski.pl<\/a><\/p>\n<p>\u00a0<\/p>\n","protected":false},"excerpt":{"rendered":"<p>JAROS\u0141AW GODUN,\u00a0 dyrektor Instytutu Polskiego w Kijowie, Radca-Minister Ambasady RP w Kijowie.Jaros\u0142aw Godun rozpocz\u0105\u0142 swoj\u0105 karier\u0119 dyplomatyczn\u0105 jako pracownik Wydzia\u0142u Kultury i Nauki Ambasady RP w Bukareszcie. W latach 2006-2020 kierowa\u0142 Instytutami Polskimi w Bukareszcie, Kijowie i Sofii. Pracowa\u0142 r\u00f3wnie\u017c w Polskim Instytucie Dyplomacji im. Ignacego Jana Paderewskiego w Warszawie, gdzie kontynuowa\u0142 prac\u0119 nad projektami [&hellip;]<\/p>\n","protected":false},"author":1,"featured_media":13175,"parent":553,"menu_order":0,"comment_status":"closed","ping_status":"closed","template":"","meta":{"inline_featured_image":false,"_monsterinsights_skip_tracking":false,"_monsterinsights_sitenote_active":false,"_monsterinsights_sitenote_note":"","_monsterinsights_sitenote_category":0,"footnotes":""},"class_list":["post-584","page","type-page","status-publish","has-post-thumbnail","hentry"],"yoast_head":"<!-- This site is optimized with the Yoast SEO plugin v24.6 - https:\/\/yoast.com\/wordpress\/plugins\/seo\/ -->\n<title>Zesp\u00f3\u0142 - Instytut Polski w Kijowie<\/title>\n<meta name=\"robots\" content=\"index, follow, max-snippet:-1, max-image-preview:large, max-video-preview:-1\" \/>\n<link rel=\"canonical\" href=\"https:\/\/instytutpolski.pl\/kyiv\/pl\/o-instytucie-polskim\/zespol\/\" \/>\n<meta property=\"og:locale\" content=\"pl_PL\" \/>\n<meta property=\"og:type\" content=\"article\" \/>\n<meta property=\"og:title\" content=\"Zesp\u00f3\u0142 - Instytut Polski w Kijowie\" \/>\n<meta property=\"og:description\" content=\"JAROS\u0141AW GODUN,\u00a0 dyrektor Instytutu Polskiego w Kijowie, Radca-Minister Ambasady RP w Kijowie.Jaros\u0142aw Godun rozpocz\u0105\u0142 swoj\u0105 karier\u0119 dyplomatyczn\u0105 jako pracownik Wydzia\u0142u Kultury i Nauki Ambasady RP w Bukareszcie. W latach 2006-2020 kierowa\u0142 Instytutami Polskimi w Bukareszcie, Kijowie i Sofii. Pracowa\u0142 r\u00f3wnie\u017c w Polskim Instytucie Dyplomacji im. Ignacego Jana Paderewskiego w Warszawie, gdzie kontynuowa\u0142 prac\u0119 nad projektami [&hellip;]\" \/>\n<meta property=\"og:url\" content=\"https:\/\/instytutpolski.pl\/kyiv\/pl\/o-instytucie-polskim\/zespol\/\" \/>\n<meta property=\"og:site_name\" content=\"Instytut Polski w Kijowie\" \/>\n<meta property=\"article:modified_time\" content=\"2026-01-27T11:54:31+00:00\" \/>\n<meta property=\"og:image\" content=\"https:\/\/instytutpolski.pl\/kyiv\/wp-content\/uploads\/sites\/19\/2023\/09\/1000007467-01-scaled.jpeg\" \/>\n\t<meta property=\"og:image:width\" content=\"2560\" \/>\n\t<meta property=\"og:image:height\" content=\"1657\" \/>\n\t<meta property=\"og:image:type\" content=\"image\/jpeg\" \/>\n<meta name=\"twitter:card\" content=\"summary_large_image\" \/>\n<meta name=\"twitter:label1\" content=\"Szacowany czas czytania\" \/>\n\t<meta name=\"twitter:data1\" content=\"2 minuty\" \/>\n<script type=\"application\/ld+json\" class=\"yoast-schema-graph\">{\"@context\":\"https:\/\/schema.org\",\"@graph\":[{\"@type\":\"WebPage\",\"@id\":\"https:\/\/instytutpolski.pl\/kyiv\/pl\/o-instytucie-polskim\/zespol\/\",\"url\":\"https:\/\/instytutpolski.pl\/kyiv\/pl\/o-instytucie-polskim\/zespol\/\",\"name\":\"Zesp\u00f3\u0142 - Instytut Polski w Kijowie\",\"isPartOf\":{\"@id\":\"https:\/\/instytutpolski.pl\/kyiv\/#website\"},\"primaryImageOfPage\":{\"@id\":\"https:\/\/instytutpolski.pl\/kyiv\/pl\/o-instytucie-polskim\/zespol\/#primaryimage\"},\"image\":{\"@id\":\"https:\/\/instytutpolski.pl\/kyiv\/pl\/o-instytucie-polskim\/zespol\/#primaryimage\"},\"thumbnailUrl\":\"https:\/\/instytutpolski.pl\/kyiv\/wp-content\/uploads\/sites\/19\/2023\/09\/1000007467-01-scaled.jpeg\",\"datePublished\":\"2019-06-26T11:22:48+00:00\",\"dateModified\":\"2026-01-27T11:54:31+00:00\",\"breadcrumb\":{\"@id\":\"https:\/\/instytutpolski.pl\/kyiv\/pl\/o-instytucie-polskim\/zespol\/#breadcrumb\"},\"inLanguage\":\"pl-PL\",\"potentialAction\":[{\"@type\":\"ReadAction\",\"target\":[\"https:\/\/instytutpolski.pl\/kyiv\/pl\/o-instytucie-polskim\/zespol\/\"]}]},{\"@type\":\"ImageObject\",\"inLanguage\":\"pl-PL\",\"@id\":\"https:\/\/instytutpolski.pl\/kyiv\/pl\/o-instytucie-polskim\/zespol\/#primaryimage\",\"url\":\"https:\/\/instytutpolski.pl\/kyiv\/wp-content\/uploads\/sites\/19\/2023\/09\/1000007467-01-scaled.jpeg\",\"contentUrl\":\"https:\/\/instytutpolski.pl\/kyiv\/wp-content\/uploads\/sites\/19\/2023\/09\/1000007467-01-scaled.jpeg\",\"width\":2560,\"height\":1657},{\"@type\":\"BreadcrumbList\",\"@id\":\"https:\/\/instytutpolski.pl\/kyiv\/pl\/o-instytucie-polskim\/zespol\/#breadcrumb\",\"itemListElement\":[{\"@type\":\"ListItem\",\"position\":1,\"name\":\"Home\",\"item\":\"https:\/\/instytutpolski.pl\/kyiv\/\"},{\"@type\":\"ListItem\",\"position\":2,\"name\":\"O Instytucie Polskim\",\"item\":\"https:\/\/instytutpolski.pl\/kyiv\/pl\/o-instytucie-polskim\/\"},{\"@type\":\"ListItem\",\"position\":3,\"name\":\"Zesp\u00f3\u0142\"}]},{\"@type\":\"WebSite\",\"@id\":\"https:\/\/instytutpolski.pl\/kyiv\/#website\",\"url\":\"https:\/\/instytutpolski.pl\/kyiv\/\",\"name\":\"Instytut Polski w Kijowie\",\"description\":\"Instytuty Polskie\",\"potentialAction\":[{\"@type\":\"SearchAction\",\"target\":{\"@type\":\"EntryPoint\",\"urlTemplate\":\"https:\/\/instytutpolski.pl\/kyiv\/?s={search_term_string}\"},\"query-input\":{\"@type\":\"PropertyValueSpecification\",\"valueRequired\":true,\"valueName\":\"search_term_string\"}}],\"inLanguage\":\"pl-PL\"}]}<\/script>\n<!-- \/ Yoast SEO plugin. -->","yoast_head_json":{"title":"Zesp\u00f3\u0142 - Instytut Polski w Kijowie","robots":{"index":"index","follow":"follow","max-snippet":"max-snippet:-1","max-image-preview":"max-image-preview:large","max-video-preview":"max-video-preview:-1"},"canonical":"https:\/\/instytutpolski.pl\/kyiv\/pl\/o-instytucie-polskim\/zespol\/","og_locale":"pl_PL","og_type":"article","og_title":"Zesp\u00f3\u0142 - Instytut Polski w Kijowie","og_description":"JAROS\u0141AW GODUN,\u00a0 dyrektor Instytutu Polskiego w Kijowie, Radca-Minister Ambasady RP w Kijowie.Jaros\u0142aw Godun rozpocz\u0105\u0142 swoj\u0105 karier\u0119 dyplomatyczn\u0105 jako pracownik Wydzia\u0142u Kultury i Nauki Ambasady RP w Bukareszcie. W latach 2006-2020 kierowa\u0142 Instytutami Polskimi w Bukareszcie, Kijowie i Sofii. Pracowa\u0142 r\u00f3wnie\u017c w Polskim Instytucie Dyplomacji im. Ignacego Jana Paderewskiego w Warszawie, gdzie kontynuowa\u0142 prac\u0119 nad projektami [&hellip;]","og_url":"https:\/\/instytutpolski.pl\/kyiv\/pl\/o-instytucie-polskim\/zespol\/","og_site_name":"Instytut Polski w Kijowie","article_modified_time":"2026-01-27T11:54:31+00:00","og_image":[{"width":2560,"height":1657,"url":"https:\/\/instytutpolski.pl\/kyiv\/wp-content\/uploads\/sites\/19\/2023\/09\/1000007467-01-scaled.jpeg","type":"image\/jpeg"}],"twitter_card":"summary_large_image","twitter_misc":{"Szacowany czas czytania":"2 minuty"},"schema":{"@context":"https:\/\/schema.org","@graph":[{"@type":"WebPage","@id":"https:\/\/instytutpolski.pl\/kyiv\/pl\/o-instytucie-polskim\/zespol\/","url":"https:\/\/instytutpolski.pl\/kyiv\/pl\/o-instytucie-polskim\/zespol\/","name":"Zesp\u00f3\u0142 - Instytut Polski w Kijowie","isPartOf":{"@id":"https:\/\/instytutpolski.pl\/kyiv\/#website"},"primaryImageOfPage":{"@id":"https:\/\/instytutpolski.pl\/kyiv\/pl\/o-instytucie-polskim\/zespol\/#primaryimage"},"image":{"@id":"https:\/\/instytutpolski.pl\/kyiv\/pl\/o-instytucie-polskim\/zespol\/#primaryimage"},"thumbnailUrl":"https:\/\/instytutpolski.pl\/kyiv\/wp-content\/uploads\/sites\/19\/2023\/09\/1000007467-01-scaled.jpeg","datePublished":"2019-06-26T11:22:48+00:00","dateModified":"2026-01-27T11:54:31+00:00","breadcrumb":{"@id":"https:\/\/instytutpolski.pl\/kyiv\/pl\/o-instytucie-polskim\/zespol\/#breadcrumb"},"inLanguage":"pl-PL","potentialAction":[{"@type":"ReadAction","target":["https:\/\/instytutpolski.pl\/kyiv\/pl\/o-instytucie-polskim\/zespol\/"]}]},{"@type":"ImageObject","inLanguage":"pl-PL","@id":"https:\/\/instytutpolski.pl\/kyiv\/pl\/o-instytucie-polskim\/zespol\/#primaryimage","url":"https:\/\/instytutpolski.pl\/kyiv\/wp-content\/uploads\/sites\/19\/2023\/09\/1000007467-01-scaled.jpeg","contentUrl":"https:\/\/instytutpolski.pl\/kyiv\/wp-content\/uploads\/sites\/19\/2023\/09\/1000007467-01-scaled.jpeg","width":2560,"height":1657},{"@type":"BreadcrumbList","@id":"https:\/\/instytutpolski.pl\/kyiv\/pl\/o-instytucie-polskim\/zespol\/#breadcrumb","itemListElement":[{"@type":"ListItem","position":1,"name":"Home","item":"https:\/\/instytutpolski.pl\/kyiv\/"},{"@type":"ListItem","position":2,"name":"O Instytucie Polskim","item":"https:\/\/instytutpolski.pl\/kyiv\/pl\/o-instytucie-polskim\/"},{"@type":"ListItem","position":3,"name":"Zesp\u00f3\u0142"}]},{"@type":"WebSite","@id":"https:\/\/instytutpolski.pl\/kyiv\/#website","url":"https:\/\/instytutpolski.pl\/kyiv\/","name":"Instytut Polski w Kijowie","description":"Instytuty Polskie","potentialAction":[{"@type":"SearchAction","target":{"@type":"EntryPoint","urlTemplate":"https:\/\/instytutpolski.pl\/kyiv\/?s={search_term_string}"},"query-input":{"@type":"PropertyValueSpecification","valueRequired":true,"valueName":"search_term_string"}}],"inLanguage":"pl-PL"}]}},"_links":{"self":[{"href":"https:\/\/instytutpolski.pl\/kyiv\/wp-json\/wp\/v2\/pages\/584","targetHints":{"allow":["GET"]}}],"collection":[{"href":"https:\/\/instytutpolski.pl\/kyiv\/wp-json\/wp\/v2\/pages"}],"about":[{"href":"https:\/\/instytutpolski.pl\/kyiv\/wp-json\/wp\/v2\/types\/page"}],"author":[{"embeddable":true,"href":"https:\/\/instytutpolski.pl\/kyiv\/wp-json\/wp\/v2\/users\/1"}],"replies":[{"embeddable":true,"href":"https:\/\/instytutpolski.pl\/kyiv\/wp-json\/wp\/v2\/comments?post=584"}],"version-history":[{"count":34,"href":"https:\/\/instytutpolski.pl\/kyiv\/wp-json\/wp\/v2\/pages\/584\/revisions"}],"predecessor-version":[{"id":17994,"href":"https:\/\/instytutpolski.pl\/kyiv\/wp-json\/wp\/v2\/pages\/584\/revisions\/17994"}],"up":[{"embeddable":true,"href":"https:\/\/instytutpolski.pl\/kyiv\/wp-json\/wp\/v2\/pages\/553"}],"wp:featuredmedia":[{"embeddable":true,"href":"https:\/\/instytutpolski.pl\/kyiv\/wp-json\/wp\/v2\/media\/13175"}],"wp:attachment":[{"href":"https:\/\/instytutpolski.pl\/kyiv\/wp-json\/wp\/v2\/media?parent=584"}],"curies":[{"name":"wp","href":"https:\/\/api.w.org\/{rel}","templated":true}]}}