{"id":7823,"date":"2021-06-15T12:27:50","date_gmt":"2021-06-15T10:27:50","guid":{"rendered":"https:\/\/instytutpolski.pl\/kyiv\/?page_id=7823"},"modified":"2021-09-21T13:31:03","modified_gmt":"2021-09-21T11:31:03","slug":"lem-100-3","status":"publish","type":"page","link":"https:\/\/instytutpolski.pl\/kyiv\/pl\/lem-100-3\/","title":{"rendered":"LEM 100"},"content":{"rendered":"\n<p>Z okazji setnej rocznicy urodzin Stanis\u0142awa Lema, kt\u00f3ra wypada 12 wrze\u015bnia 2021, publikujemy materia\u0142y po\u015bwi\u0119cone polskiemu pisarzowi:<br><br><strong><a href=\"https:\/\/instytutpolski.pl\/kyiv\/2021\/06\/23\/%d1%81%d0%bc%d0%b0%d0%ba-%d0%b6%d0%b8%d1%82%d1%82%d1%8f-%d1%81%d1%82%d0%b0%d0%bd%d1%96%d1%81%d0%bb%d0%b0%d0%b2%d0%b0-%d0%bb%d0%b5%d0%bc%d0%b0\/\" data-type=\"URL\" data-id=\"https:\/\/instytutpolski.pl\/kyiv\/2021\/06\/23\/%d1%81%d0%bc%d0%b0%d0%ba-%d0%b6%d0%b8%d1%82%d1%82%d1%8f-%d1%81%d1%82%d0%b0%d0%bd%d1%96%d1%81%d0%bb%d0%b0%d0%b2%d0%b0-%d0%bb%d0%b5%d0%bc%d0%b0\/\">Smak \u017cycia Stanis\u0142awa Lema<\/a> (ua)<br><a href=\"https:\/\/www.facebook.com\/watch\/?v=1175066949609518\" data-type=\"URL\" data-id=\"https:\/\/www.facebook.com\/watch\/?v=1175066949609518\">Miejsca Lema<\/a> (ua)<br><a href=\"https:\/\/instytutpolski.pl\/kyiv\/2021\/06\/25\/%d0%bf%d0%be%d0%b4%d0%ba%d0%b0%d1%81%d1%82-%d0%bb%d0%b5%d0%bc-%d0%ba%d0%b0%d0%b6%d0%b5\/\" data-type=\"URL\" data-id=\"https:\/\/instytutpolski.pl\/kyiv\/2021\/06\/25\/%d0%bf%d0%be%d0%b4%d0%ba%d0%b0%d1%81%d1%82-%d0%bb%d0%b5%d0%bc-%d0%ba%d0%b0%d0%b6%d0%b5\/\">Podcast \u201eLem m\u00f3wi\u201d<\/a> (ua)<\/strong><br><strong><a href=\"https:\/\/instytutpolski.pl\/kyiv\/2021\/06\/26\/%d1%87%d0%b8%d1%82%d0%b0%d0%bd%d0%bd%d1%8f-%d0%bc%d0%be%d0%bb%d0%be%d0%b4%d0%be%d0%b3%d0%be-%d0%bc%d1%96%d1%81%d1%82%d0%b0-%d0%bb%d0%b5%d0%bc%d0%b0\/\" data-type=\"URL\" data-id=\"https:\/\/instytutpolski.pl\/kyiv\/2021\/06\/26\/%d1%87%d0%b8%d1%82%d0%b0%d0%bd%d0%bd%d1%8f-%d0%bc%d0%be%d0%bb%d0%be%d0%b4%d0%be%d0%b3%d0%be-%d0%bc%d1%96%d1%81%d1%82%d0%b0-%d0%bb%d0%b5%d0%bc%d0%b0\/\">Czytanie M\u0142odego Miasta Lema<\/a> (ua)<\/strong><\/p>\n\n\n\n<p>&#8212;<br><strong><a href=\"https:\/\/culture.pl\/pl\/artykul\/lem-do-sluchania\" data-type=\"URL\" data-id=\"https:\/\/culture.pl\/pl\/artykul\/lem-do-sluchania\">Lem do s\u0142uchania<\/a><br><a href=\"https:\/\/culture.pl\/pl\/artykul\/13-przepowiedni-lema-ktore-sie-sprawdzily\" data-type=\"URL\" data-id=\"https:\/\/culture.pl\/pl\/artykul\/13-przepowiedni-lema-ktore-sie-sprawdzily\">13 przepowiedni Lema, kt\u00f3re si\u0119 sprawdzi\u0142y<\/a><br><a href=\"https:\/\/culture.pl\/pl\/artykul\/alfabet-stanislawa-lema\" data-type=\"URL\" data-id=\"https:\/\/culture.pl\/pl\/artykul\/alfabet-stanislawa-lema\">Alfabet Stanis\u0142awa Lema<\/a><br><a href=\"Lem i my\u015blenie o przysz\u0142o\u015bci\">Seria: Lem i my\u015blenie o przysz\u0142o\u015bci<\/a><\/strong><\/p>\n\n\n\n<p>&#8212;<\/p>\n\n\n\n<p><a href=\"https:\/\/roklema.pl\/\"><strong>roklema.pl<\/strong><\/a><\/p>\n\n\n\n<p><\/p>\n","protected":false},"excerpt":{"rendered":"<p>Z okazji setnej rocznicy urodzin Stanis\u0142awa Lema, kt\u00f3ra wypada 12 wrze\u015bnia 2021, publikujemy materia\u0142y po\u015bwi\u0119cone polskiemu pisarzowi: Smak \u017cycia Stanis\u0142awa Lema (ua)Miejsca Lema (ua)Podcast \u201eLem m\u00f3wi\u201d (ua)Czytanie M\u0142odego Miasta Lema (ua) &#8212;Lem do s\u0142uchania13 przepowiedni Lema, kt\u00f3re si\u0119 sprawdzi\u0142yAlfabet Stanis\u0142awa LemaSeria: Lem i my\u015blenie o przysz\u0142o\u015bci &#8212; roklema.pl<\/p>\n","protected":false},"author":26,"featured_media":7815,"parent":0,"menu_order":0,"comment_status":"closed","ping_status":"closed","template":"page-big-event.php","meta":{"inline_featured_image":false,"_monsterinsights_skip_tracking":false,"_monsterinsights_sitenote_active":false,"_monsterinsights_sitenote_note":"","_monsterinsights_sitenote_category":0,"footnotes":""},"class_list":["post-7823","page","type-page","status-publish","has-post-thumbnail","hentry"],"yoast_head":"<!-- This site is optimized with the Yoast SEO plugin v24.6 - https:\/\/yoast.com\/wordpress\/plugins\/seo\/ -->\n<title>LEM 100 - Instytut Polski w Kijowie<\/title>\n<meta name=\"robots\" content=\"index, follow, max-snippet:-1, max-image-preview:large, max-video-preview:-1\" \/>\n<link rel=\"canonical\" href=\"https:\/\/instytutpolski.pl\/kyiv\/pl\/lem-100-3\/\" \/>\n<meta property=\"og:locale\" content=\"pl_PL\" \/>\n<meta property=\"og:type\" content=\"article\" \/>\n<meta property=\"og:title\" content=\"LEM 100 - Instytut Polski w Kijowie\" \/>\n<meta property=\"og:description\" content=\"Z okazji setnej rocznicy urodzin Stanis\u0142awa Lema, kt\u00f3ra wypada 12 wrze\u015bnia 2021, publikujemy materia\u0142y po\u015bwi\u0119cone polskiemu pisarzowi: Smak \u017cycia Stanis\u0142awa Lema (ua)Miejsca Lema (ua)Podcast \u201eLem m\u00f3wi\u201d (ua)Czytanie M\u0142odego Miasta Lema (ua) &#8212;Lem do s\u0142uchania13 przepowiedni Lema, kt\u00f3re si\u0119 sprawdzi\u0142yAlfabet Stanis\u0142awa LemaSeria: Lem i my\u015blenie o przysz\u0142o\u015bci &#8212; roklema.pl\" \/>\n<meta property=\"og:url\" content=\"https:\/\/instytutpolski.pl\/kyiv\/pl\/lem-100-3\/\" \/>\n<meta property=\"og:site_name\" content=\"Instytut Polski w Kijowie\" \/>\n<meta property=\"article:modified_time\" content=\"2021-09-21T11:31:03+00:00\" \/>\n<meta property=\"og:image\" content=\"https:\/\/instytutpolski.pl\/kyiv\/wp-content\/uploads\/sites\/19\/2021\/06\/LEM-2021_UKR_CMYK_black-mint.jpg\" \/>\n\t<meta property=\"og:image:width\" content=\"1304\" \/>\n\t<meta property=\"og:image:height\" content=\"434\" \/>\n\t<meta property=\"og:image:type\" content=\"image\/jpeg\" \/>\n<meta name=\"twitter:card\" content=\"summary_large_image\" \/>\n<meta name=\"twitter:label1\" content=\"Szacowany czas czytania\" \/>\n\t<meta name=\"twitter:data1\" content=\"1 minuta\" \/>\n<script type=\"application\/ld+json\" class=\"yoast-schema-graph\">{\"@context\":\"https:\/\/schema.org\",\"@graph\":[{\"@type\":\"WebPage\",\"@id\":\"https:\/\/instytutpolski.pl\/kyiv\/pl\/lem-100-3\/\",\"url\":\"https:\/\/instytutpolski.pl\/kyiv\/pl\/lem-100-3\/\",\"name\":\"LEM 100 - Instytut Polski w Kijowie\",\"isPartOf\":{\"@id\":\"https:\/\/instytutpolski.pl\/kyiv\/#website\"},\"primaryImageOfPage\":{\"@id\":\"https:\/\/instytutpolski.pl\/kyiv\/pl\/lem-100-3\/#primaryimage\"},\"image\":{\"@id\":\"https:\/\/instytutpolski.pl\/kyiv\/pl\/lem-100-3\/#primaryimage\"},\"thumbnailUrl\":\"https:\/\/instytutpolski.pl\/kyiv\/wp-content\/uploads\/sites\/19\/2021\/06\/LEM-2021_UKR_CMYK_black-mint.jpg\",\"datePublished\":\"2021-06-15T10:27:50+00:00\",\"dateModified\":\"2021-09-21T11:31:03+00:00\",\"breadcrumb\":{\"@id\":\"https:\/\/instytutpolski.pl\/kyiv\/pl\/lem-100-3\/#breadcrumb\"},\"inLanguage\":\"pl-PL\",\"potentialAction\":[{\"@type\":\"ReadAction\",\"target\":[\"https:\/\/instytutpolski.pl\/kyiv\/pl\/lem-100-3\/\"]}]},{\"@type\":\"ImageObject\",\"inLanguage\":\"pl-PL\",\"@id\":\"https:\/\/instytutpolski.pl\/kyiv\/pl\/lem-100-3\/#primaryimage\",\"url\":\"https:\/\/instytutpolski.pl\/kyiv\/wp-content\/uploads\/sites\/19\/2021\/06\/LEM-2021_UKR_CMYK_black-mint.jpg\",\"contentUrl\":\"https:\/\/instytutpolski.pl\/kyiv\/wp-content\/uploads\/sites\/19\/2021\/06\/LEM-2021_UKR_CMYK_black-mint.jpg\",\"width\":1304,\"height\":434},{\"@type\":\"BreadcrumbList\",\"@id\":\"https:\/\/instytutpolski.pl\/kyiv\/pl\/lem-100-3\/#breadcrumb\",\"itemListElement\":[{\"@type\":\"ListItem\",\"position\":1,\"name\":\"Home\",\"item\":\"https:\/\/instytutpolski.pl\/kyiv\/\"},{\"@type\":\"ListItem\",\"position\":2,\"name\":\"LEM 100\"}]},{\"@type\":\"WebSite\",\"@id\":\"https:\/\/instytutpolski.pl\/kyiv\/#website\",\"url\":\"https:\/\/instytutpolski.pl\/kyiv\/\",\"name\":\"Instytut Polski w Kijowie\",\"description\":\"Instytuty Polskie\",\"potentialAction\":[{\"@type\":\"SearchAction\",\"target\":{\"@type\":\"EntryPoint\",\"urlTemplate\":\"https:\/\/instytutpolski.pl\/kyiv\/?s={search_term_string}\"},\"query-input\":{\"@type\":\"PropertyValueSpecification\",\"valueRequired\":true,\"valueName\":\"search_term_string\"}}],\"inLanguage\":\"pl-PL\"}]}<\/script>\n<!-- \/ Yoast SEO plugin. -->","yoast_head_json":{"title":"LEM 100 - Instytut Polski w Kijowie","robots":{"index":"index","follow":"follow","max-snippet":"max-snippet:-1","max-image-preview":"max-image-preview:large","max-video-preview":"max-video-preview:-1"},"canonical":"https:\/\/instytutpolski.pl\/kyiv\/pl\/lem-100-3\/","og_locale":"pl_PL","og_type":"article","og_title":"LEM 100 - Instytut Polski w Kijowie","og_description":"Z okazji setnej rocznicy urodzin Stanis\u0142awa Lema, kt\u00f3ra wypada 12 wrze\u015bnia 2021, publikujemy materia\u0142y po\u015bwi\u0119cone polskiemu pisarzowi: Smak \u017cycia Stanis\u0142awa Lema (ua)Miejsca Lema (ua)Podcast \u201eLem m\u00f3wi\u201d (ua)Czytanie M\u0142odego Miasta Lema (ua) &#8212;Lem do s\u0142uchania13 przepowiedni Lema, kt\u00f3re si\u0119 sprawdzi\u0142yAlfabet Stanis\u0142awa LemaSeria: Lem i my\u015blenie o przysz\u0142o\u015bci &#8212; roklema.pl","og_url":"https:\/\/instytutpolski.pl\/kyiv\/pl\/lem-100-3\/","og_site_name":"Instytut Polski w Kijowie","article_modified_time":"2021-09-21T11:31:03+00:00","og_image":[{"width":1304,"height":434,"url":"https:\/\/instytutpolski.pl\/kyiv\/wp-content\/uploads\/sites\/19\/2021\/06\/LEM-2021_UKR_CMYK_black-mint.jpg","type":"image\/jpeg"}],"twitter_card":"summary_large_image","twitter_misc":{"Szacowany czas czytania":"1 minuta"},"schema":{"@context":"https:\/\/schema.org","@graph":[{"@type":"WebPage","@id":"https:\/\/instytutpolski.pl\/kyiv\/pl\/lem-100-3\/","url":"https:\/\/instytutpolski.pl\/kyiv\/pl\/lem-100-3\/","name":"LEM 100 - Instytut Polski w Kijowie","isPartOf":{"@id":"https:\/\/instytutpolski.pl\/kyiv\/#website"},"primaryImageOfPage":{"@id":"https:\/\/instytutpolski.pl\/kyiv\/pl\/lem-100-3\/#primaryimage"},"image":{"@id":"https:\/\/instytutpolski.pl\/kyiv\/pl\/lem-100-3\/#primaryimage"},"thumbnailUrl":"https:\/\/instytutpolski.pl\/kyiv\/wp-content\/uploads\/sites\/19\/2021\/06\/LEM-2021_UKR_CMYK_black-mint.jpg","datePublished":"2021-06-15T10:27:50+00:00","dateModified":"2021-09-21T11:31:03+00:00","breadcrumb":{"@id":"https:\/\/instytutpolski.pl\/kyiv\/pl\/lem-100-3\/#breadcrumb"},"inLanguage":"pl-PL","potentialAction":[{"@type":"ReadAction","target":["https:\/\/instytutpolski.pl\/kyiv\/pl\/lem-100-3\/"]}]},{"@type":"ImageObject","inLanguage":"pl-PL","@id":"https:\/\/instytutpolski.pl\/kyiv\/pl\/lem-100-3\/#primaryimage","url":"https:\/\/instytutpolski.pl\/kyiv\/wp-content\/uploads\/sites\/19\/2021\/06\/LEM-2021_UKR_CMYK_black-mint.jpg","contentUrl":"https:\/\/instytutpolski.pl\/kyiv\/wp-content\/uploads\/sites\/19\/2021\/06\/LEM-2021_UKR_CMYK_black-mint.jpg","width":1304,"height":434},{"@type":"BreadcrumbList","@id":"https:\/\/instytutpolski.pl\/kyiv\/pl\/lem-100-3\/#breadcrumb","itemListElement":[{"@type":"ListItem","position":1,"name":"Home","item":"https:\/\/instytutpolski.pl\/kyiv\/"},{"@type":"ListItem","position":2,"name":"LEM 100"}]},{"@type":"WebSite","@id":"https:\/\/instytutpolski.pl\/kyiv\/#website","url":"https:\/\/instytutpolski.pl\/kyiv\/","name":"Instytut Polski w Kijowie","description":"Instytuty Polskie","potentialAction":[{"@type":"SearchAction","target":{"@type":"EntryPoint","urlTemplate":"https:\/\/instytutpolski.pl\/kyiv\/?s={search_term_string}"},"query-input":{"@type":"PropertyValueSpecification","valueRequired":true,"valueName":"search_term_string"}}],"inLanguage":"pl-PL"}]}},"_links":{"self":[{"href":"https:\/\/instytutpolski.pl\/kyiv\/wp-json\/wp\/v2\/pages\/7823","targetHints":{"allow":["GET"]}}],"collection":[{"href":"https:\/\/instytutpolski.pl\/kyiv\/wp-json\/wp\/v2\/pages"}],"about":[{"href":"https:\/\/instytutpolski.pl\/kyiv\/wp-json\/wp\/v2\/types\/page"}],"author":[{"embeddable":true,"href":"https:\/\/instytutpolski.pl\/kyiv\/wp-json\/wp\/v2\/users\/26"}],"replies":[{"embeddable":true,"href":"https:\/\/instytutpolski.pl\/kyiv\/wp-json\/wp\/v2\/comments?post=7823"}],"version-history":[{"count":6,"href":"https:\/\/instytutpolski.pl\/kyiv\/wp-json\/wp\/v2\/pages\/7823\/revisions"}],"predecessor-version":[{"id":8122,"href":"https:\/\/instytutpolski.pl\/kyiv\/wp-json\/wp\/v2\/pages\/7823\/revisions\/8122"}],"wp:featuredmedia":[{"embeddable":true,"href":"https:\/\/instytutpolski.pl\/kyiv\/wp-json\/wp\/v2\/media\/7815"}],"wp:attachment":[{"href":"https:\/\/instytutpolski.pl\/kyiv\/wp-json\/wp\/v2\/media?parent=7823"}],"curies":[{"name":"wp","href":"https:\/\/api.w.org\/{rel}","templated":true}]}}