{"id":104,"date":"2019-07-11T09:21:50","date_gmt":"2019-07-11T07:21:50","guid":{"rendered":"https:\/\/instytutpolski.pl\/lipsk\/?page_id=104"},"modified":"2024-10-17T18:38:12","modified_gmt":"2024-10-17T16:38:12","slug":"sprachkurse","status":"publish","type":"page","link":"https:\/\/instytutpolski.pl\/leipzig\/polnische-sprache\/sprachkurse\/","title":{"rendered":"Sprachkurse im Polnischen Institut"},"content":{"rendered":"\n<p><strong>Polnischkurse f\u00fcr Erwachsene (Anf\u00e4nger und Fortgeschrittene) in den R\u00e4umlichkeiten des Polnischen Instituts bzw. der Europ\u00e4ischen Stiftung der Rahn Dittrich Group f\u00fcr Bildung und Kultur<\/strong><\/p>\n<p>Die Kurse finden regelm\u00e4\u00dfig im Sommer- und Wintersemester statt, Kursleiterin ist Frau <strong>Aleksandra Scheibner<\/strong>.<\/p>\n<p>N\u00e4here Informationen finden Sie unter <a href=\"https:\/\/www.educado-service.de\/weiterbildung\/rahn-forum\/sprachkurse\/\">www.educado-service.de\/weiterbildung\/rahn-forum\/sprachkurse<\/a>.<\/p>\n<p>Ihre Anmeldung nimmt das Sekretariat der Stiftung telefonisch unter +49 \/ 341 \/ 393 941 10 oder per E-Mail unter <a href=\"mailto:vorstandssekretariat@rdg-stiftung.eu\">vorstandssekretariat@rdg-stiftung.eu<\/a> entgegen.<\/p>\n<p>\u00a0<\/p>\n","protected":false},"excerpt":{"rendered":"<p>Polnischkurse f\u00fcr Erwachsene (Anf\u00e4nger und Fortgeschrittene) in den R\u00e4umlichkeiten des Polnischen Instituts bzw. der Europ\u00e4ischen Stiftung der Rahn Dittrich Group f\u00fcr Bildung und Kultur Die Kurse finden regelm\u00e4\u00dfig im Sommer- und Wintersemester statt, Kursleiterin ist Frau Aleksandra Scheibner. N\u00e4here Informationen finden Sie unter www.educado-service.de\/weiterbildung\/rahn-forum\/sprachkurse. Ihre Anmeldung nimmt das Sekretariat der Stiftung telefonisch unter +49 \/ [&hellip;]<\/p>\n","protected":false},"author":1,"featured_media":869,"parent":98,"menu_order":0,"comment_status":"closed","ping_status":"closed","template":"","meta":{"inline_featured_image":false,"_monsterinsights_skip_tracking":false,"_monsterinsights_sitenote_active":false,"_monsterinsights_sitenote_note":"","_monsterinsights_sitenote_category":0,"footnotes":""},"class_list":["post-104","page","type-page","status-publish","has-post-thumbnail","hentry"],"yoast_head":"<!-- This site is optimized with the Yoast SEO plugin v24.6 - https:\/\/yoast.com\/wordpress\/plugins\/seo\/ -->\n<title>Sprachkurse im Polnischen Institut - Instytut Polski w Lipsku<\/title>\n<meta name=\"robots\" content=\"index, follow, max-snippet:-1, max-image-preview:large, max-video-preview:-1\" \/>\n<link rel=\"canonical\" href=\"https:\/\/instytutpolski.pl\/leipzig\/polnische-sprache\/sprachkurse\/\" \/>\n<meta property=\"og:locale\" content=\"pl_PL\" \/>\n<meta property=\"og:type\" content=\"article\" \/>\n<meta property=\"og:title\" content=\"Sprachkurse im Polnischen Institut - Instytut Polski w Lipsku\" \/>\n<meta property=\"og:description\" content=\"Polnischkurse f\u00fcr Erwachsene (Anf\u00e4nger und Fortgeschrittene) in den R\u00e4umlichkeiten des Polnischen Instituts bzw. der Europ\u00e4ischen Stiftung der Rahn Dittrich Group f\u00fcr Bildung und Kultur Die Kurse finden regelm\u00e4\u00dfig im Sommer- und Wintersemester statt, Kursleiterin ist Frau Aleksandra Scheibner. N\u00e4here Informationen finden Sie unter www.educado-service.de\/weiterbildung\/rahn-forum\/sprachkurse. Ihre Anmeldung nimmt das Sekretariat der Stiftung telefonisch unter +49 \/ [&hellip;]\" \/>\n<meta property=\"og:url\" content=\"https:\/\/instytutpolski.pl\/leipzig\/polnische-sprache\/sprachkurse\/\" \/>\n<meta property=\"og:site_name\" content=\"Instytut Polski w Lipsku\" \/>\n<meta property=\"article:modified_time\" content=\"2024-10-17T16:38:12+00:00\" \/>\n<meta property=\"og:image\" content=\"https:\/\/instytutpolski.pl\/leipzig\/wp-content\/uploads\/sites\/29\/2020\/06\/2014-05-02-Ozdoba-IP-Lipsk-fasada-001-scaled.jpg\" \/>\n\t<meta property=\"og:image:width\" content=\"2560\" \/>\n\t<meta property=\"og:image:height\" content=\"1714\" \/>\n\t<meta property=\"og:image:type\" content=\"image\/jpeg\" \/>\n<meta name=\"twitter:card\" content=\"summary_large_image\" \/>\n<meta name=\"twitter:label1\" content=\"Szacowany czas czytania\" \/>\n\t<meta name=\"twitter:data1\" content=\"1 minuta\" \/>\n<script type=\"application\/ld+json\" class=\"yoast-schema-graph\">{\"@context\":\"https:\/\/schema.org\",\"@graph\":[{\"@type\":\"WebPage\",\"@id\":\"https:\/\/instytutpolski.pl\/leipzig\/polnische-sprache\/sprachkurse\/\",\"url\":\"https:\/\/instytutpolski.pl\/leipzig\/polnische-sprache\/sprachkurse\/\",\"name\":\"Sprachkurse im Polnischen Institut - Instytut Polski w Lipsku\",\"isPartOf\":{\"@id\":\"https:\/\/instytutpolski.pl\/leipzig\/#website\"},\"primaryImageOfPage\":{\"@id\":\"https:\/\/instytutpolski.pl\/leipzig\/polnische-sprache\/sprachkurse\/#primaryimage\"},\"image\":{\"@id\":\"https:\/\/instytutpolski.pl\/leipzig\/polnische-sprache\/sprachkurse\/#primaryimage\"},\"thumbnailUrl\":\"https:\/\/instytutpolski.pl\/leipzig\/wp-content\/uploads\/sites\/29\/2020\/06\/2014-05-02-Ozdoba-IP-Lipsk-fasada-001-scaled.jpg\",\"datePublished\":\"2019-07-11T07:21:50+00:00\",\"dateModified\":\"2024-10-17T16:38:12+00:00\",\"breadcrumb\":{\"@id\":\"https:\/\/instytutpolski.pl\/leipzig\/polnische-sprache\/sprachkurse\/#breadcrumb\"},\"inLanguage\":\"pl-PL\",\"potentialAction\":[{\"@type\":\"ReadAction\",\"target\":[\"https:\/\/instytutpolski.pl\/leipzig\/polnische-sprache\/sprachkurse\/\"]}]},{\"@type\":\"ImageObject\",\"inLanguage\":\"pl-PL\",\"@id\":\"https:\/\/instytutpolski.pl\/leipzig\/polnische-sprache\/sprachkurse\/#primaryimage\",\"url\":\"https:\/\/instytutpolski.pl\/leipzig\/wp-content\/uploads\/sites\/29\/2020\/06\/2014-05-02-Ozdoba-IP-Lipsk-fasada-001-scaled.jpg\",\"contentUrl\":\"https:\/\/instytutpolski.pl\/leipzig\/wp-content\/uploads\/sites\/29\/2020\/06\/2014-05-02-Ozdoba-IP-Lipsk-fasada-001-scaled.jpg\",\"width\":2560,\"height\":1714,\"caption\":\"SONY DSC\"},{\"@type\":\"BreadcrumbList\",\"@id\":\"https:\/\/instytutpolski.pl\/leipzig\/polnische-sprache\/sprachkurse\/#breadcrumb\",\"itemListElement\":[{\"@type\":\"ListItem\",\"position\":1,\"name\":\"Home\",\"item\":\"https:\/\/instytutpolski.pl\/leipzig\/\"},{\"@type\":\"ListItem\",\"position\":2,\"name\":\"Polnische Sprache\",\"item\":\"https:\/\/instytutpolski.pl\/leipzig\/polnische-sprache\/\"},{\"@type\":\"ListItem\",\"position\":3,\"name\":\"Sprachkurse im Polnischen Institut\"}]},{\"@type\":\"WebSite\",\"@id\":\"https:\/\/instytutpolski.pl\/leipzig\/#website\",\"url\":\"https:\/\/instytutpolski.pl\/leipzig\/\",\"name\":\"Instytut Polski w Lipsku\",\"description\":\"Kolejna witryna sieci &#8222;Instytuty Polskie&#8221;\",\"potentialAction\":[{\"@type\":\"SearchAction\",\"target\":{\"@type\":\"EntryPoint\",\"urlTemplate\":\"https:\/\/instytutpolski.pl\/leipzig\/?s={search_term_string}\"},\"query-input\":{\"@type\":\"PropertyValueSpecification\",\"valueRequired\":true,\"valueName\":\"search_term_string\"}}],\"inLanguage\":\"pl-PL\"}]}<\/script>\n<!-- \/ Yoast SEO plugin. -->","yoast_head_json":{"title":"Sprachkurse im Polnischen Institut - Instytut Polski w Lipsku","robots":{"index":"index","follow":"follow","max-snippet":"max-snippet:-1","max-image-preview":"max-image-preview:large","max-video-preview":"max-video-preview:-1"},"canonical":"https:\/\/instytutpolski.pl\/leipzig\/polnische-sprache\/sprachkurse\/","og_locale":"pl_PL","og_type":"article","og_title":"Sprachkurse im Polnischen Institut - Instytut Polski w Lipsku","og_description":"Polnischkurse f\u00fcr Erwachsene (Anf\u00e4nger und Fortgeschrittene) in den R\u00e4umlichkeiten des Polnischen Instituts bzw. der Europ\u00e4ischen Stiftung der Rahn Dittrich Group f\u00fcr Bildung und Kultur Die Kurse finden regelm\u00e4\u00dfig im Sommer- und Wintersemester statt, Kursleiterin ist Frau Aleksandra Scheibner. N\u00e4here Informationen finden Sie unter www.educado-service.de\/weiterbildung\/rahn-forum\/sprachkurse. Ihre Anmeldung nimmt das Sekretariat der Stiftung telefonisch unter +49 \/ [&hellip;]","og_url":"https:\/\/instytutpolski.pl\/leipzig\/polnische-sprache\/sprachkurse\/","og_site_name":"Instytut Polski w Lipsku","article_modified_time":"2024-10-17T16:38:12+00:00","og_image":[{"width":2560,"height":1714,"url":"https:\/\/instytutpolski.pl\/leipzig\/wp-content\/uploads\/sites\/29\/2020\/06\/2014-05-02-Ozdoba-IP-Lipsk-fasada-001-scaled.jpg","type":"image\/jpeg"}],"twitter_card":"summary_large_image","twitter_misc":{"Szacowany czas czytania":"1 minuta"},"schema":{"@context":"https:\/\/schema.org","@graph":[{"@type":"WebPage","@id":"https:\/\/instytutpolski.pl\/leipzig\/polnische-sprache\/sprachkurse\/","url":"https:\/\/instytutpolski.pl\/leipzig\/polnische-sprache\/sprachkurse\/","name":"Sprachkurse im Polnischen Institut - Instytut Polski w Lipsku","isPartOf":{"@id":"https:\/\/instytutpolski.pl\/leipzig\/#website"},"primaryImageOfPage":{"@id":"https:\/\/instytutpolski.pl\/leipzig\/polnische-sprache\/sprachkurse\/#primaryimage"},"image":{"@id":"https:\/\/instytutpolski.pl\/leipzig\/polnische-sprache\/sprachkurse\/#primaryimage"},"thumbnailUrl":"https:\/\/instytutpolski.pl\/leipzig\/wp-content\/uploads\/sites\/29\/2020\/06\/2014-05-02-Ozdoba-IP-Lipsk-fasada-001-scaled.jpg","datePublished":"2019-07-11T07:21:50+00:00","dateModified":"2024-10-17T16:38:12+00:00","breadcrumb":{"@id":"https:\/\/instytutpolski.pl\/leipzig\/polnische-sprache\/sprachkurse\/#breadcrumb"},"inLanguage":"pl-PL","potentialAction":[{"@type":"ReadAction","target":["https:\/\/instytutpolski.pl\/leipzig\/polnische-sprache\/sprachkurse\/"]}]},{"@type":"ImageObject","inLanguage":"pl-PL","@id":"https:\/\/instytutpolski.pl\/leipzig\/polnische-sprache\/sprachkurse\/#primaryimage","url":"https:\/\/instytutpolski.pl\/leipzig\/wp-content\/uploads\/sites\/29\/2020\/06\/2014-05-02-Ozdoba-IP-Lipsk-fasada-001-scaled.jpg","contentUrl":"https:\/\/instytutpolski.pl\/leipzig\/wp-content\/uploads\/sites\/29\/2020\/06\/2014-05-02-Ozdoba-IP-Lipsk-fasada-001-scaled.jpg","width":2560,"height":1714,"caption":"SONY DSC"},{"@type":"BreadcrumbList","@id":"https:\/\/instytutpolski.pl\/leipzig\/polnische-sprache\/sprachkurse\/#breadcrumb","itemListElement":[{"@type":"ListItem","position":1,"name":"Home","item":"https:\/\/instytutpolski.pl\/leipzig\/"},{"@type":"ListItem","position":2,"name":"Polnische Sprache","item":"https:\/\/instytutpolski.pl\/leipzig\/polnische-sprache\/"},{"@type":"ListItem","position":3,"name":"Sprachkurse im Polnischen Institut"}]},{"@type":"WebSite","@id":"https:\/\/instytutpolski.pl\/leipzig\/#website","url":"https:\/\/instytutpolski.pl\/leipzig\/","name":"Instytut Polski w Lipsku","description":"Kolejna witryna sieci &#8222;Instytuty Polskie&#8221;","potentialAction":[{"@type":"SearchAction","target":{"@type":"EntryPoint","urlTemplate":"https:\/\/instytutpolski.pl\/leipzig\/?s={search_term_string}"},"query-input":{"@type":"PropertyValueSpecification","valueRequired":true,"valueName":"search_term_string"}}],"inLanguage":"pl-PL"}]}},"_links":{"self":[{"href":"https:\/\/instytutpolski.pl\/leipzig\/wp-json\/wp\/v2\/pages\/104","targetHints":{"allow":["GET"]}}],"collection":[{"href":"https:\/\/instytutpolski.pl\/leipzig\/wp-json\/wp\/v2\/pages"}],"about":[{"href":"https:\/\/instytutpolski.pl\/leipzig\/wp-json\/wp\/v2\/types\/page"}],"author":[{"embeddable":true,"href":"https:\/\/instytutpolski.pl\/leipzig\/wp-json\/wp\/v2\/users\/1"}],"replies":[{"embeddable":true,"href":"https:\/\/instytutpolski.pl\/leipzig\/wp-json\/wp\/v2\/comments?post=104"}],"version-history":[{"count":12,"href":"https:\/\/instytutpolski.pl\/leipzig\/wp-json\/wp\/v2\/pages\/104\/revisions"}],"predecessor-version":[{"id":12786,"href":"https:\/\/instytutpolski.pl\/leipzig\/wp-json\/wp\/v2\/pages\/104\/revisions\/12786"}],"up":[{"embeddable":true,"href":"https:\/\/instytutpolski.pl\/leipzig\/wp-json\/wp\/v2\/pages\/98"}],"wp:featuredmedia":[{"embeddable":true,"href":"https:\/\/instytutpolski.pl\/leipzig\/wp-json\/wp\/v2\/media\/869"}],"wp:attachment":[{"href":"https:\/\/instytutpolski.pl\/leipzig\/wp-json\/wp\/v2\/media?parent=104"}],"curies":[{"name":"wp","href":"https:\/\/api.w.org\/{rel}","templated":true}]}}