{"id":109,"date":"2019-07-11T09:23:26","date_gmt":"2019-07-11T07:23:26","guid":{"rendered":"https:\/\/instytutpolski.pl\/lipsk\/?page_id=109"},"modified":"2025-01-20T10:56:25","modified_gmt":"2025-01-20T09:56:25","slug":"andere-polnischkurse","status":"publish","type":"page","link":"https:\/\/instytutpolski.pl\/leipzig\/polnische-sprache\/andere-polnischkurse\/","title":{"rendered":"Andere Polnischkurse in SA\/TH\u00dc\/S-A"},"content":{"rendered":"\n<div>\n<p><strong>Polnischkurse f\u00fcr Erwachsene (alle Stufen), Gruppenkurse, Einzelunterricht, Vorschul- und Schulkinder<\/strong><br \/>Informationen, Anmeldung und Orte bei der Lektorin Frau Aleksandra Scheibner:<br \/>Tel: +49 \/ (0)152\/33 73 13 68<br \/>Email:\u00a0<a href=\"mailto:Aleksandra.Scheibner@web.de\">Aleksandra.Scheibner@web.de<\/a><br \/><br \/><strong>Sprachkurse des Kompetenz- und Koordinationszentrums Polnisch (Kokopol)<br \/><\/strong>Internationales Begegnungszentrum St. Marienthal<br \/>St. Marienthal 10<br \/>02899 Ostritz<br \/>Tel. 035823\/770<br \/>Mail: <a href=\"mailto:info@ibz-marienthal.de\">info@ibz-marienthal.de<\/a><br \/><a href=\"https:\/\/kokopol.eu\">https:\/\/kokopol.eu<\/a><\/p>\n<\/div>\n<p><span style=\"color: #ff0000\">Hinweis:<\/span> Ab dem 23.10.2022 um 13:00 Uhr wird in Bautzen (Platz der V\u00f6lkerfreundschaft 8) ein <strong>Deutschkurs f\u00fcr Polnisch-Muttersprachler*innen<\/strong> angeboten. Das vermittelte Sprachniveau richtet sich nach den Vorkenntnissen der Teilnehmer*innen. W\u00e4hrend der 1,5-st\u00fcndigen Einheiten wird eine Kinderbetreuung angeboten.<\/p>\n<p>\u00a0<\/p>\n<div><hr \/>\n<h3>Sprachkurse an Volkshochschulen und privaten Sprachschulen<\/h3>\n<p><br \/><b>Volkshochschule Eisenach<\/b><br \/>Schmelzerstr. 19<br \/>99817 Eisenach<br \/>Tel.: 0049 (0)3691\/29 32-0<br \/>Fax: 0049 (0)3691\/29 32-30<br \/>E-Mail:\u00a0<a href=\"mailto:vhs@eisenach.de\">vhs@eisenach.de<\/a><br \/><a href=\"http:\/\/www.eisenach.de\/vhs\" target=\"_blank\" rel=\"noopener noreferrer\">www.eisenach.de<\/a><br \/><br \/><b>Volkshochschule Erfurt<\/b><br \/>Schottenstr. 7<br \/>99084 Erfurt<br \/>Tel.: 0049 (0)361\/655 295-0<br \/>Fax: 0049 (0)361\/655 295-9<br \/>E-Mail:\u00a0<a href=\"mailto:volkshochschule@erfurt.de\">volkshochschule@erfurt.de<\/a><br \/><a href=\"http:\/\/www.erfurt.de\/vhs\" target=\"_blank\" rel=\"noopener noreferrer\">www.erfurt.de<\/a><br \/><br \/><b>Volkshochschule Leipzig<\/b><br \/>L\u00f6hrstra\u00dfe 3-7<br \/>04105 Leipzig<br \/>Tel.: 0049 (0)341\/123 60-42<br \/>Fax: 0049 (0)341\/123 60-31<br \/><a href=\"http:\/\/www.vhs-leipzig.de\/\" target=\"_blank\" rel=\"noopener noreferrer\">www.vhs-leipzig.de<\/a><br \/><br \/><b>Sprachschule Villa Rosental Leipzig<br \/><\/b>Humboldtstr. 1<br \/>04105 Leipzig<br \/>Tel. 0341\/980 40 59<br \/>Fax: 0341\/980 54 74<br \/><a href=\"mailto:info@villa-rosental.de\">info@villa-rosental.de<\/a><br \/><a href=\"http:\/\/www.villa-rosental.de\/\">www.villa-rosental.de<\/a><\/p>\n<p><br \/><b>Volkshochschule Dresden<\/b><br \/>Annenstra\u00dfe 10<br \/>01067 Dresden<br \/>Tel.: 0049 (0)351\/254 40-0<br \/>Fax: 0049 (0)351\/254 40-25<br \/>E-Mail:\u00a0<a href=\"mailto:post@vhs-dresden.de\">post@vhs-dresden.de<\/a><br \/><a href=\"http:\/\/www.vhs-dresden.de\/\" target=\"_blank\" rel=\"noopener noreferrer\">www.vhs-dresden.de<\/a><br \/><br \/><b>Volkshochschule Magdeburg<\/b><br \/>Leibnizstra\u00dfe 23<br \/>39104 Magdeburg\u00a0<br \/>Tel.: 0049 (0)391\/535 477-0<br \/>Fax: 0049 (0)391\/535 477-29<br \/>E-Mail:\u00a0<a href=\"mailto:info@vhs.magdeburg.de\">info@vhs.magdeburg.de<\/a><br \/><a href=\"http:\/\/www.vhs.magdeburg.de\/\">www.vhs.magdeburg.de<\/a><br \/><br \/><b>Volkshochschule Stendal<\/b><br \/>Hallstr. 35<br \/>39576 Stendal<br \/>Tel.: 0049 (0)3931\/64 88-0<br \/>Fax: 0049 (0)3931\/64 88-62<br \/>E-Mail:\u00a0<a href=\"mailto:VHS_Stendal@t-online.de\">VHS_Stendal@t-online.de<\/a><br \/><a href=\"http:\/\/www.vhs-stendal.de\/\" target=\"_blank\" rel=\"noopener noreferrer\">www.vhs-stendal.de<\/a><br \/><br \/><b>Volkshochschule Burgenlandkreis<\/b><br \/>Domherrenstra\u00dfe 1<br \/>06712 Zeitz<br \/>Tel.: 0049 (0)3441\/879-112<br \/>Fax: 0049 (0)3441\/879-306<br \/>E-Mail:\u00a0<a href=\"mailto:info@vhs-burgenlandkreis.de\">info@vhs-burgenlandkreis.de<\/a><br \/><a href=\"http:\/\/www.vhs-burgenlandkreis.de\/\" target=\"_blank\" rel=\"noopener noreferrer\">www.vhs-burgenlandkreis.de<\/a><br \/><br \/><b>Kreisvolkshochschule Saalekreis<\/b><br \/>Gesch\u00e4ftsstelle\u00a0 Merseburg<br \/>Am Saalehang 1<br \/>06217 Merseburg<br \/>Tel.: 0049 (0)3461\/259 088-0<br \/>Fax: 0049 (0)3461\/259 088-9<br \/>E-Mail:\u00a0<a href=\"mailto:kvhs@saalekreis.de\">kvhs@saalekreis.de<\/a><br \/><a href=\"http:\/\/www.kvhs-saalekreis.de\/\" target=\"_blank\" rel=\"noopener noreferrer\">www.kvhs-saalekreis.de<\/a><br \/><br \/><b>Volkshochschule Adolf Reichwein der Stadt Halle (Saale)<br \/><\/b>Oleariusstra\u00dfe 7<br \/>06108 Halle (Saale)<br \/>Tel.: 0049 (0)345\/221 33-89<br \/>Fax: 0049 (0)345\/221 33-88<br \/>E-Mail:\u00a0<a href=\"mailto:info@vhs-halle.de\">info@vhs-halle.de<\/a><br \/><a href=\"http:\/\/vhs.halle.de\/\" target=\"_blank\" rel=\"noopener noreferrer\">http:\/\/vhs.halle.de<\/a><br \/><br \/><b>Volkshochschule des Landkreises Gotha\u00a0<\/b><br \/>Sch\u00fctzenallee 31\u00a0<br \/>99867 Gotha\u00a0<br \/>Tel.: 0049 (0)3621\/82 30-49\u00a0<br \/>Fax: 0049 (0)3621\/82 30-48\u00a0<br \/>E-Mail:\u00a0<a href=\"mailto:post@vhs-gotha.de\">post@vhs-gotha.de\u00a0<\/a><br \/><a href=\"http:\/\/www.vhs-gotha.de\/\" target=\"_blank\" rel=\"noopener noreferrer\">www.vhs-gotha.de<\/a><br \/><br \/><b>Volkshochschule G\u00f6rlitz e. V.<\/b><br \/>Langenstra\u00dfe 23<br \/>02826 G\u00f6rlitz<br \/>Tel.: 0049 (0)3581\/4 20 98-0<br \/>Fax: 0049 (0)3581\/4 20 98-22<br \/>E-Mail:\u00a0<a href=\"mailto:info@vhs-goerlitz.de\">info@vhs-goerlitz.de<\/a>\u00a0<br \/><a href=\"https:\/\/www.vhs-goerlitz.de\/startseite.html\" target=\"_blank\" rel=\"noopener noreferrer\">www.vhs-goerlitz.de<\/a><br \/><br \/><b>Volkshochschule Chemnitz<\/b><br \/>Moritzstra\u00dfe 20<br \/>09106 Chemnitz\u00a0<br \/>Tel.: 0049 (0)371\/488 43-43\u00a0\u00a0\u00a0\u00a0\u00a0<br \/>Fax: 0049 (0)371\/488 43-99<br \/>E-Mail:\u00a0<a href=\"mailto:zenker@vhs-chemnitz.de\">zenker@vhs-chemnitz.de<\/a>,\u00a0<a href=\"mailto:wyrwal@vhs-chemnitz.de\">wyrwal@vhs-chemnitz.de<\/a><br \/><a href=\"http:\/\/www.vhs-chemnitz.de\/\" target=\"_blank\" rel=\"noopener noreferrer\">www.vhs-chemnitz.de<\/a><br \/><br \/><b>Volkshochschule Dreil\u00e4ndereck<\/b><br \/>Gesch\u00e4ftsstelle L\u00f6bau<br \/>Poststra\u00dfe 8<br \/>02708 L\u00f6bau<br \/>Tel.: 0049 (0)3585\/417 718<br \/>Fax.: 0049 (0)3585\/417 744-1<br \/>E-Mail:\u00a0<a href=\"mailto:info@vhs-dle.de\">info@vhs-dle.de<\/a><br \/><a href=\"http:\/\/www.vhs-dreilaendereck.de\/\" target=\"_blank\" rel=\"noopener noreferrer\">www.vhs-dreilaendereck.de<\/a><br \/><br \/><b>FremdSprachenSchule for Everyone Dresden<\/b><br \/>Hertha-Lindner-Str. 10, 01067 Dresden &amp;<br \/>Schlesischer Platz 2, 01097 Dresden<br \/>Tel.:\u00a00049 (0)351\/328-19-76 (Filiale Altstadt)<br \/>Tel.:\u00a00049 (0)351\/160-589-89 (Filiale Neustadt)<br \/>Fax: 0049 (0)351\/323-09-907<br \/>E-Mail:\u00a0<a href=\"mailto:info@fremdsprachenschule-foreveryone.de\">info@fremdsprachenschule-foreveryone.de<\/a><br \/><a href=\"http:\/\/www.fremdsprachenschule-foreveryone.de\">www.fremdsprachenschule-foreveryone.de<\/a><br \/><br \/><br \/><\/p>\n<\/div>\n<div>Das Polnische Institut in Berlin \u00fcbernimmt keine Haftung f\u00fcr den Inhalt weiterf\u00fchrender Links und distanziert sich ausdr\u00fccklich von deren Inhalt. Das Polnische Institut in Berlin \u00fcbernimmt keine Haftung f\u00fcr die Qualit\u00e4t und den Ablauf der hier benannten Sprachkurse. Die Haftung und Verantwortung liegt beim jeweiligen Veranstalter. Es wird ebensowenig Anspruch auf Vollst\u00e4ndigkeit der hier genannten Anbieter erhoben.<\/div>\n","protected":false},"excerpt":{"rendered":"<p>Polnischkurse f\u00fcr Erwachsene (alle Stufen), Gruppenkurse, Einzelunterricht, Vorschul- und SchulkinderInformationen, Anmeldung und Orte bei der Lektorin Frau Aleksandra Scheibner:Tel: +49 \/ (0)152\/33 73 13 68Email:\u00a0Aleksandra.Scheibner@web.de Sprachkurse des Kompetenz- und Koordinationszentrums Polnisch (Kokopol)Internationales Begegnungszentrum St. MarienthalSt. Marienthal 1002899 OstritzTel. 035823\/770Mail: info@ibz-marienthal.dehttps:\/\/kokopol.eu Hinweis: Ab dem 23.10.2022 um 13:00 Uhr wird in Bautzen (Platz der V\u00f6lkerfreundschaft 8) ein [&hellip;]<\/p>\n","protected":false},"author":1,"featured_media":0,"parent":98,"menu_order":0,"comment_status":"closed","ping_status":"closed","template":"","meta":{"inline_featured_image":false,"_monsterinsights_skip_tracking":false,"_monsterinsights_sitenote_active":false,"_monsterinsights_sitenote_note":"","_monsterinsights_sitenote_category":0,"footnotes":""},"class_list":["post-109","page","type-page","status-publish","hentry"],"yoast_head":"<!-- This site is optimized with the Yoast SEO plugin v24.6 - https:\/\/yoast.com\/wordpress\/plugins\/seo\/ -->\n<title>Andere Polnischkurse in SA\/TH\u00dc\/S-A - Instytut Polski w Lipsku<\/title>\n<meta name=\"robots\" content=\"index, follow, max-snippet:-1, max-image-preview:large, max-video-preview:-1\" \/>\n<link rel=\"canonical\" href=\"https:\/\/instytutpolski.pl\/leipzig\/polnische-sprache\/andere-polnischkurse\/\" \/>\n<meta property=\"og:locale\" content=\"pl_PL\" \/>\n<meta property=\"og:type\" content=\"article\" \/>\n<meta property=\"og:title\" content=\"Andere Polnischkurse in SA\/TH\u00dc\/S-A - Instytut Polski w Lipsku\" \/>\n<meta property=\"og:description\" content=\"Polnischkurse f\u00fcr Erwachsene (alle Stufen), Gruppenkurse, Einzelunterricht, Vorschul- und SchulkinderInformationen, Anmeldung und Orte bei der Lektorin Frau Aleksandra Scheibner:Tel: +49 \/ (0)152\/33 73 13 68Email:\u00a0Aleksandra.Scheibner@web.de Sprachkurse des Kompetenz- und Koordinationszentrums Polnisch (Kokopol)Internationales Begegnungszentrum St. MarienthalSt. Marienthal 1002899 OstritzTel. 035823\/770Mail: info@ibz-marienthal.dehttps:\/\/kokopol.eu Hinweis: Ab dem 23.10.2022 um 13:00 Uhr wird in Bautzen (Platz der V\u00f6lkerfreundschaft 8) ein [&hellip;]\" \/>\n<meta property=\"og:url\" content=\"https:\/\/instytutpolski.pl\/leipzig\/polnische-sprache\/andere-polnischkurse\/\" \/>\n<meta property=\"og:site_name\" content=\"Instytut Polski w Lipsku\" \/>\n<meta property=\"article:modified_time\" content=\"2025-01-20T09:56:25+00:00\" \/>\n<meta name=\"twitter:card\" content=\"summary_large_image\" \/>\n<meta name=\"twitter:label1\" content=\"Szacowany czas czytania\" \/>\n\t<meta name=\"twitter:data1\" content=\"3 minuty\" \/>\n<script type=\"application\/ld+json\" class=\"yoast-schema-graph\">{\"@context\":\"https:\/\/schema.org\",\"@graph\":[{\"@type\":\"WebPage\",\"@id\":\"https:\/\/instytutpolski.pl\/leipzig\/polnische-sprache\/andere-polnischkurse\/\",\"url\":\"https:\/\/instytutpolski.pl\/leipzig\/polnische-sprache\/andere-polnischkurse\/\",\"name\":\"Andere Polnischkurse in SA\/TH\u00dc\/S-A - Instytut Polski w Lipsku\",\"isPartOf\":{\"@id\":\"https:\/\/instytutpolski.pl\/leipzig\/#website\"},\"datePublished\":\"2019-07-11T07:23:26+00:00\",\"dateModified\":\"2025-01-20T09:56:25+00:00\",\"breadcrumb\":{\"@id\":\"https:\/\/instytutpolski.pl\/leipzig\/polnische-sprache\/andere-polnischkurse\/#breadcrumb\"},\"inLanguage\":\"pl-PL\",\"potentialAction\":[{\"@type\":\"ReadAction\",\"target\":[\"https:\/\/instytutpolski.pl\/leipzig\/polnische-sprache\/andere-polnischkurse\/\"]}]},{\"@type\":\"BreadcrumbList\",\"@id\":\"https:\/\/instytutpolski.pl\/leipzig\/polnische-sprache\/andere-polnischkurse\/#breadcrumb\",\"itemListElement\":[{\"@type\":\"ListItem\",\"position\":1,\"name\":\"Home\",\"item\":\"https:\/\/instytutpolski.pl\/leipzig\/\"},{\"@type\":\"ListItem\",\"position\":2,\"name\":\"Polnische Sprache\",\"item\":\"https:\/\/instytutpolski.pl\/leipzig\/polnische-sprache\/\"},{\"@type\":\"ListItem\",\"position\":3,\"name\":\"Andere Polnischkurse in SA\/TH\u00dc\/S-A\"}]},{\"@type\":\"WebSite\",\"@id\":\"https:\/\/instytutpolski.pl\/leipzig\/#website\",\"url\":\"https:\/\/instytutpolski.pl\/leipzig\/\",\"name\":\"Instytut Polski w Lipsku\",\"description\":\"Kolejna witryna sieci &#8222;Instytuty Polskie&#8221;\",\"potentialAction\":[{\"@type\":\"SearchAction\",\"target\":{\"@type\":\"EntryPoint\",\"urlTemplate\":\"https:\/\/instytutpolski.pl\/leipzig\/?s={search_term_string}\"},\"query-input\":{\"@type\":\"PropertyValueSpecification\",\"valueRequired\":true,\"valueName\":\"search_term_string\"}}],\"inLanguage\":\"pl-PL\"}]}<\/script>\n<!-- \/ Yoast SEO plugin. -->","yoast_head_json":{"title":"Andere Polnischkurse in SA\/TH\u00dc\/S-A - Instytut Polski w Lipsku","robots":{"index":"index","follow":"follow","max-snippet":"max-snippet:-1","max-image-preview":"max-image-preview:large","max-video-preview":"max-video-preview:-1"},"canonical":"https:\/\/instytutpolski.pl\/leipzig\/polnische-sprache\/andere-polnischkurse\/","og_locale":"pl_PL","og_type":"article","og_title":"Andere Polnischkurse in SA\/TH\u00dc\/S-A - Instytut Polski w Lipsku","og_description":"Polnischkurse f\u00fcr Erwachsene (alle Stufen), Gruppenkurse, Einzelunterricht, Vorschul- und SchulkinderInformationen, Anmeldung und Orte bei der Lektorin Frau Aleksandra Scheibner:Tel: +49 \/ (0)152\/33 73 13 68Email:\u00a0Aleksandra.Scheibner@web.de Sprachkurse des Kompetenz- und Koordinationszentrums Polnisch (Kokopol)Internationales Begegnungszentrum St. MarienthalSt. Marienthal 1002899 OstritzTel. 035823\/770Mail: info@ibz-marienthal.dehttps:\/\/kokopol.eu Hinweis: Ab dem 23.10.2022 um 13:00 Uhr wird in Bautzen (Platz der V\u00f6lkerfreundschaft 8) ein [&hellip;]","og_url":"https:\/\/instytutpolski.pl\/leipzig\/polnische-sprache\/andere-polnischkurse\/","og_site_name":"Instytut Polski w Lipsku","article_modified_time":"2025-01-20T09:56:25+00:00","twitter_card":"summary_large_image","twitter_misc":{"Szacowany czas czytania":"3 minuty"},"schema":{"@context":"https:\/\/schema.org","@graph":[{"@type":"WebPage","@id":"https:\/\/instytutpolski.pl\/leipzig\/polnische-sprache\/andere-polnischkurse\/","url":"https:\/\/instytutpolski.pl\/leipzig\/polnische-sprache\/andere-polnischkurse\/","name":"Andere Polnischkurse in SA\/TH\u00dc\/S-A - Instytut Polski w Lipsku","isPartOf":{"@id":"https:\/\/instytutpolski.pl\/leipzig\/#website"},"datePublished":"2019-07-11T07:23:26+00:00","dateModified":"2025-01-20T09:56:25+00:00","breadcrumb":{"@id":"https:\/\/instytutpolski.pl\/leipzig\/polnische-sprache\/andere-polnischkurse\/#breadcrumb"},"inLanguage":"pl-PL","potentialAction":[{"@type":"ReadAction","target":["https:\/\/instytutpolski.pl\/leipzig\/polnische-sprache\/andere-polnischkurse\/"]}]},{"@type":"BreadcrumbList","@id":"https:\/\/instytutpolski.pl\/leipzig\/polnische-sprache\/andere-polnischkurse\/#breadcrumb","itemListElement":[{"@type":"ListItem","position":1,"name":"Home","item":"https:\/\/instytutpolski.pl\/leipzig\/"},{"@type":"ListItem","position":2,"name":"Polnische Sprache","item":"https:\/\/instytutpolski.pl\/leipzig\/polnische-sprache\/"},{"@type":"ListItem","position":3,"name":"Andere Polnischkurse in SA\/TH\u00dc\/S-A"}]},{"@type":"WebSite","@id":"https:\/\/instytutpolski.pl\/leipzig\/#website","url":"https:\/\/instytutpolski.pl\/leipzig\/","name":"Instytut Polski w Lipsku","description":"Kolejna witryna sieci &#8222;Instytuty Polskie&#8221;","potentialAction":[{"@type":"SearchAction","target":{"@type":"EntryPoint","urlTemplate":"https:\/\/instytutpolski.pl\/leipzig\/?s={search_term_string}"},"query-input":{"@type":"PropertyValueSpecification","valueRequired":true,"valueName":"search_term_string"}}],"inLanguage":"pl-PL"}]}},"_links":{"self":[{"href":"https:\/\/instytutpolski.pl\/leipzig\/wp-json\/wp\/v2\/pages\/109","targetHints":{"allow":["GET"]}}],"collection":[{"href":"https:\/\/instytutpolski.pl\/leipzig\/wp-json\/wp\/v2\/pages"}],"about":[{"href":"https:\/\/instytutpolski.pl\/leipzig\/wp-json\/wp\/v2\/types\/page"}],"author":[{"embeddable":true,"href":"https:\/\/instytutpolski.pl\/leipzig\/wp-json\/wp\/v2\/users\/1"}],"replies":[{"embeddable":true,"href":"https:\/\/instytutpolski.pl\/leipzig\/wp-json\/wp\/v2\/comments?post=109"}],"version-history":[{"count":15,"href":"https:\/\/instytutpolski.pl\/leipzig\/wp-json\/wp\/v2\/pages\/109\/revisions"}],"predecessor-version":[{"id":13430,"href":"https:\/\/instytutpolski.pl\/leipzig\/wp-json\/wp\/v2\/pages\/109\/revisions\/13430"}],"up":[{"embeddable":true,"href":"https:\/\/instytutpolski.pl\/leipzig\/wp-json\/wp\/v2\/pages\/98"}],"wp:attachment":[{"href":"https:\/\/instytutpolski.pl\/leipzig\/wp-json\/wp\/v2\/media?parent=109"}],"curies":[{"name":"wp","href":"https:\/\/api.w.org\/{rel}","templated":true}]}}