{"id":1141,"date":"2020-06-25T10:46:35","date_gmt":"2020-06-25T08:46:35","guid":{"rendered":"https:\/\/instytutpolski.pl\/leipzig\/?page_id=1141"},"modified":"2020-07-09T11:09:41","modified_gmt":"2020-07-09T09:09:41","slug":"wieliczka-bochnia","status":"publish","type":"page","link":"https:\/\/instytutpolski.pl\/leipzig\/polen-erleben\/unesco-welterbe-in-polen\/wieliczka-bochnia\/","title":{"rendered":"Wieliczka &amp; Bochnia"},"content":{"rendered":"\n<p><strong>\u00c4hnlich wie die Krakauer Altstadt wurde das Salzbergwerk in Wieliczka 1978 als eine der ersten zw\u00f6lf Welterbest\u00e4tten weltweit in die Welterbeliste aufgenommen. 2013 wurde die Eintragung um das Salzbergwerk in Bochnia und das Salzgrafenschloss in Wieliczka erweitert.<\/strong><\/p>\n\n\n\n<p>Der Abbau der Steinsalzfl\u00f6ze in Wieliczka begann im 13. Jahrhundert. Das Bergwerk erstreckt sich \u00fcber neun Etagen und die Gesamtl\u00e4nge der Stollen betr\u00e4gt 360 km. In den Stollen befinden sich in Salz gemei\u00dfelte Alt\u00e4re, Statuen und andere Kunstwerke \u2013 Etappen einer spannenden Reise in die Vergangenheit dieses gro\u00df angelegten industriellen Unterfangens.<\/p>\n\n\n\n<p>Die historische Zone des Bergwerks in Bochnia umfasst drei Sch\u00e4chte: den Sutoris-Schacht (Mitte des 13. Jh.), den Campi-Schacht (Mitte des 16. Jh.) und den Trinitatis-Schacht (Anfang des 20. Jh.), sowie neun unterirdische Etagen. Ein kostbares Erbe der spirituellen Kultur der Bochniaer Bergleute sind die unterirdischen Kapellen und religi\u00f6sen St\u00e4tten.<\/p>\n\n\n\n<p>Dieses gro\u00dfangelegte industrielle Unterfangen hat k\u00f6niglichen Status und ist das \u00e4lteste seiner Art in Europa. Bei der St\u00e4tte handelt es sich um einen Serieneintrag, der die Salzbergwerke in Wieliczka und Bochnia sowie das Salzgrafenschloss Wieliczka umfasst. Die K\u00f6niglichen Salz-minen Wieliczka und Bochnia veranschaulichen die historischen Entwicklungsstufen der Bergbautechnik vom 13. bis zum 20. Jahrhundert: In beiden Minen sind Hunderte Kilometer lange Stollen mit Kunstwerken, unterirdischen Kapellen und in Salz gehauenen Statuen zu finden, die den Besucher auf eine faszinierende Reise in die Vergangenheit entf\u00fchren. Die Bergwerke unterstanden in Bezug auf Verwaltung und Technik dem Salzgrafenschloss Wieliczka, dessen Urspr\u00fcnge bis ins Mittelalter zur\u00fcckreichen und das im Laufe der Zeit mehrmals umgebaut wurde.<\/p>\n\n\n\n<p>Die Salzbergwerke in Wieliczka und Bochnia befinden sich auf derselben geologischen Steinsalzlagerst\u00e4tte in S\u00fcdpolen. Sie lagen dicht beieinander, wurden vom 13. bis zum Ende des 20. Jahrhunderts parallel und kontinuierlich betrieben und bilden einen der fr\u00fchesten und wichtigsten europ\u00e4ischen Industriebetriebe.<\/p>\n\n\n\n<p>Beide Minen umfassen ein gro\u00dfes Ensemble aus fr\u00fchen Stollen, die bis in gro\u00dfe Tiefen reichen. Die verbleibenden Ausschachtungen wurden ver\u00e4ndert und in Kapellen, Werkst\u00e4tten, Lager 3 usw. umgewandelt. In beiden Minen ist bis heute ein umfangreiches Ensemble aus in Salzstein gemei\u00dfelten Statuen und dekorativen Elementen sowie aus Werkzeugen und Maschinen erhalten. Eine unterirdische touristische Route besteht seit dem fr\u00fchen 19. Jahrhundert.<\/p>\n\n\n\n<p>Die beiden Bergwerke, die lange als \u201eKrakauer Salzwerke\u201c als ein Unternehmen mit k\u00f6niglichem Status verbunden waren, unterstanden in Bezug und Verwaltung und Technik dem Salzgrafenschloss Wieliczka, dessen Urspr\u00fcnge bis ins Mittelalter zur\u00fcckreichen und das im Laufe der Zeit mehrmals umgebaut wurde.<\/p>\n\n\n\n<p><em>Quelle: UNESCO (offizielle Webseite: <a href=\"https:\/\/whc.unesco.org\/en\/list\/32\">whc.unesco.org<\/a>)<br>\u00dcbersetzung: Agata Biernacka<\/em><\/p>\n","protected":false},"excerpt":{"rendered":"<p>\u00c4hnlich wie die Krakauer Altstadt wurde das Salzbergwerk in Wieliczka 1978 als eine der ersten zw\u00f6lf Welterbest\u00e4tten weltweit in die Welterbeliste aufgenommen. 2013 wurde die Eintragung um das Salzbergwerk in Bochnia und das Salzgrafenschloss in Wieliczka erweitert. Der Abbau der Steinsalzfl\u00f6ze in Wieliczka begann im 13. Jahrhundert. Das Bergwerk erstreckt sich \u00fcber neun Etagen und [&hellip;]<\/p>\n","protected":false},"author":79,"featured_media":1147,"parent":932,"menu_order":0,"comment_status":"closed","ping_status":"closed","template":"","meta":{"inline_featured_image":false,"_monsterinsights_skip_tracking":false,"_monsterinsights_sitenote_active":false,"_monsterinsights_sitenote_note":"","_monsterinsights_sitenote_category":0,"footnotes":""},"class_list":["post-1141","page","type-page","status-publish","has-post-thumbnail","hentry"],"yoast_head":"<!-- This site is optimized with the Yoast SEO plugin v24.6 - https:\/\/yoast.com\/wordpress\/plugins\/seo\/ -->\n<title>Wieliczka &amp; Bochnia - Instytut Polski w Lipsku<\/title>\n<meta name=\"robots\" content=\"index, follow, max-snippet:-1, max-image-preview:large, max-video-preview:-1\" \/>\n<link rel=\"canonical\" href=\"https:\/\/instytutpolski.pl\/leipzig\/polen-erleben\/unesco-welterbe-in-polen\/wieliczka-bochnia\/\" \/>\n<meta property=\"og:locale\" content=\"pl_PL\" \/>\n<meta property=\"og:type\" content=\"article\" \/>\n<meta property=\"og:title\" content=\"Wieliczka &amp; Bochnia - Instytut Polski w Lipsku\" \/>\n<meta property=\"og:description\" content=\"\u00c4hnlich wie die Krakauer Altstadt wurde das Salzbergwerk in Wieliczka 1978 als eine der ersten zw\u00f6lf Welterbest\u00e4tten weltweit in die Welterbeliste aufgenommen. 2013 wurde die Eintragung um das Salzbergwerk in Bochnia und das Salzgrafenschloss in Wieliczka erweitert. Der Abbau der Steinsalzfl\u00f6ze in Wieliczka begann im 13. Jahrhundert. Das Bergwerk erstreckt sich \u00fcber neun Etagen und [&hellip;]\" \/>\n<meta property=\"og:url\" content=\"https:\/\/instytutpolski.pl\/leipzig\/polen-erleben\/unesco-welterbe-in-polen\/wieliczka-bochnia\/\" \/>\n<meta property=\"og:site_name\" content=\"Instytut Polski w Lipsku\" \/>\n<meta property=\"article:modified_time\" content=\"2020-07-09T09:09:41+00:00\" \/>\n<meta property=\"og:image\" content=\"https:\/\/instytutpolski.pl\/leipzig\/wp-content\/uploads\/sites\/29\/2020\/06\/UNESCO-Wieliczka-Pixabay.jpg\" \/>\n\t<meta property=\"og:image:width\" content=\"1920\" \/>\n\t<meta property=\"og:image:height\" content=\"1280\" \/>\n\t<meta property=\"og:image:type\" content=\"image\/jpeg\" \/>\n<meta name=\"twitter:card\" content=\"summary_large_image\" \/>\n<meta name=\"twitter:label1\" content=\"Szacowany czas czytania\" \/>\n\t<meta name=\"twitter:data1\" content=\"2 minuty\" \/>\n<script type=\"application\/ld+json\" class=\"yoast-schema-graph\">{\"@context\":\"https:\/\/schema.org\",\"@graph\":[{\"@type\":\"WebPage\",\"@id\":\"https:\/\/instytutpolski.pl\/leipzig\/polen-erleben\/unesco-welterbe-in-polen\/wieliczka-bochnia\/\",\"url\":\"https:\/\/instytutpolski.pl\/leipzig\/polen-erleben\/unesco-welterbe-in-polen\/wieliczka-bochnia\/\",\"name\":\"Wieliczka &amp; Bochnia - Instytut Polski w Lipsku\",\"isPartOf\":{\"@id\":\"https:\/\/instytutpolski.pl\/leipzig\/#website\"},\"primaryImageOfPage\":{\"@id\":\"https:\/\/instytutpolski.pl\/leipzig\/polen-erleben\/unesco-welterbe-in-polen\/wieliczka-bochnia\/#primaryimage\"},\"image\":{\"@id\":\"https:\/\/instytutpolski.pl\/leipzig\/polen-erleben\/unesco-welterbe-in-polen\/wieliczka-bochnia\/#primaryimage\"},\"thumbnailUrl\":\"https:\/\/instytutpolski.pl\/leipzig\/wp-content\/uploads\/sites\/29\/2020\/06\/UNESCO-Wieliczka-Pixabay.jpg\",\"datePublished\":\"2020-06-25T08:46:35+00:00\",\"dateModified\":\"2020-07-09T09:09:41+00:00\",\"breadcrumb\":{\"@id\":\"https:\/\/instytutpolski.pl\/leipzig\/polen-erleben\/unesco-welterbe-in-polen\/wieliczka-bochnia\/#breadcrumb\"},\"inLanguage\":\"pl-PL\",\"potentialAction\":[{\"@type\":\"ReadAction\",\"target\":[\"https:\/\/instytutpolski.pl\/leipzig\/polen-erleben\/unesco-welterbe-in-polen\/wieliczka-bochnia\/\"]}]},{\"@type\":\"ImageObject\",\"inLanguage\":\"pl-PL\",\"@id\":\"https:\/\/instytutpolski.pl\/leipzig\/polen-erleben\/unesco-welterbe-in-polen\/wieliczka-bochnia\/#primaryimage\",\"url\":\"https:\/\/instytutpolski.pl\/leipzig\/wp-content\/uploads\/sites\/29\/2020\/06\/UNESCO-Wieliczka-Pixabay.jpg\",\"contentUrl\":\"https:\/\/instytutpolski.pl\/leipzig\/wp-content\/uploads\/sites\/29\/2020\/06\/UNESCO-Wieliczka-Pixabay.jpg\",\"width\":1920,\"height\":1280},{\"@type\":\"BreadcrumbList\",\"@id\":\"https:\/\/instytutpolski.pl\/leipzig\/polen-erleben\/unesco-welterbe-in-polen\/wieliczka-bochnia\/#breadcrumb\",\"itemListElement\":[{\"@type\":\"ListItem\",\"position\":1,\"name\":\"Home\",\"item\":\"https:\/\/instytutpolski.pl\/leipzig\/\"},{\"@type\":\"ListItem\",\"position\":2,\"name\":\"Polen erleben\",\"item\":\"https:\/\/instytutpolski.pl\/leipzig\/polen-erleben\/\"},{\"@type\":\"ListItem\",\"position\":3,\"name\":\"UNESCO-Welterbe in Polen\",\"item\":\"https:\/\/instytutpolski.pl\/leipzig\/polen-erleben\/unesco-welterbe-in-polen\/\"},{\"@type\":\"ListItem\",\"position\":4,\"name\":\"Wieliczka &amp; Bochnia\"}]},{\"@type\":\"WebSite\",\"@id\":\"https:\/\/instytutpolski.pl\/leipzig\/#website\",\"url\":\"https:\/\/instytutpolski.pl\/leipzig\/\",\"name\":\"Instytut Polski w Lipsku\",\"description\":\"Kolejna witryna sieci &#8222;Instytuty Polskie&#8221;\",\"potentialAction\":[{\"@type\":\"SearchAction\",\"target\":{\"@type\":\"EntryPoint\",\"urlTemplate\":\"https:\/\/instytutpolski.pl\/leipzig\/?s={search_term_string}\"},\"query-input\":{\"@type\":\"PropertyValueSpecification\",\"valueRequired\":true,\"valueName\":\"search_term_string\"}}],\"inLanguage\":\"pl-PL\"}]}<\/script>\n<!-- \/ Yoast SEO plugin. -->","yoast_head_json":{"title":"Wieliczka &amp; Bochnia - Instytut Polski w Lipsku","robots":{"index":"index","follow":"follow","max-snippet":"max-snippet:-1","max-image-preview":"max-image-preview:large","max-video-preview":"max-video-preview:-1"},"canonical":"https:\/\/instytutpolski.pl\/leipzig\/polen-erleben\/unesco-welterbe-in-polen\/wieliczka-bochnia\/","og_locale":"pl_PL","og_type":"article","og_title":"Wieliczka &amp; Bochnia - Instytut Polski w Lipsku","og_description":"\u00c4hnlich wie die Krakauer Altstadt wurde das Salzbergwerk in Wieliczka 1978 als eine der ersten zw\u00f6lf Welterbest\u00e4tten weltweit in die Welterbeliste aufgenommen. 2013 wurde die Eintragung um das Salzbergwerk in Bochnia und das Salzgrafenschloss in Wieliczka erweitert. Der Abbau der Steinsalzfl\u00f6ze in Wieliczka begann im 13. Jahrhundert. Das Bergwerk erstreckt sich \u00fcber neun Etagen und [&hellip;]","og_url":"https:\/\/instytutpolski.pl\/leipzig\/polen-erleben\/unesco-welterbe-in-polen\/wieliczka-bochnia\/","og_site_name":"Instytut Polski w Lipsku","article_modified_time":"2020-07-09T09:09:41+00:00","og_image":[{"width":1920,"height":1280,"url":"https:\/\/instytutpolski.pl\/leipzig\/wp-content\/uploads\/sites\/29\/2020\/06\/UNESCO-Wieliczka-Pixabay.jpg","type":"image\/jpeg"}],"twitter_card":"summary_large_image","twitter_misc":{"Szacowany czas czytania":"2 minuty"},"schema":{"@context":"https:\/\/schema.org","@graph":[{"@type":"WebPage","@id":"https:\/\/instytutpolski.pl\/leipzig\/polen-erleben\/unesco-welterbe-in-polen\/wieliczka-bochnia\/","url":"https:\/\/instytutpolski.pl\/leipzig\/polen-erleben\/unesco-welterbe-in-polen\/wieliczka-bochnia\/","name":"Wieliczka &amp; Bochnia - Instytut Polski w Lipsku","isPartOf":{"@id":"https:\/\/instytutpolski.pl\/leipzig\/#website"},"primaryImageOfPage":{"@id":"https:\/\/instytutpolski.pl\/leipzig\/polen-erleben\/unesco-welterbe-in-polen\/wieliczka-bochnia\/#primaryimage"},"image":{"@id":"https:\/\/instytutpolski.pl\/leipzig\/polen-erleben\/unesco-welterbe-in-polen\/wieliczka-bochnia\/#primaryimage"},"thumbnailUrl":"https:\/\/instytutpolski.pl\/leipzig\/wp-content\/uploads\/sites\/29\/2020\/06\/UNESCO-Wieliczka-Pixabay.jpg","datePublished":"2020-06-25T08:46:35+00:00","dateModified":"2020-07-09T09:09:41+00:00","breadcrumb":{"@id":"https:\/\/instytutpolski.pl\/leipzig\/polen-erleben\/unesco-welterbe-in-polen\/wieliczka-bochnia\/#breadcrumb"},"inLanguage":"pl-PL","potentialAction":[{"@type":"ReadAction","target":["https:\/\/instytutpolski.pl\/leipzig\/polen-erleben\/unesco-welterbe-in-polen\/wieliczka-bochnia\/"]}]},{"@type":"ImageObject","inLanguage":"pl-PL","@id":"https:\/\/instytutpolski.pl\/leipzig\/polen-erleben\/unesco-welterbe-in-polen\/wieliczka-bochnia\/#primaryimage","url":"https:\/\/instytutpolski.pl\/leipzig\/wp-content\/uploads\/sites\/29\/2020\/06\/UNESCO-Wieliczka-Pixabay.jpg","contentUrl":"https:\/\/instytutpolski.pl\/leipzig\/wp-content\/uploads\/sites\/29\/2020\/06\/UNESCO-Wieliczka-Pixabay.jpg","width":1920,"height":1280},{"@type":"BreadcrumbList","@id":"https:\/\/instytutpolski.pl\/leipzig\/polen-erleben\/unesco-welterbe-in-polen\/wieliczka-bochnia\/#breadcrumb","itemListElement":[{"@type":"ListItem","position":1,"name":"Home","item":"https:\/\/instytutpolski.pl\/leipzig\/"},{"@type":"ListItem","position":2,"name":"Polen erleben","item":"https:\/\/instytutpolski.pl\/leipzig\/polen-erleben\/"},{"@type":"ListItem","position":3,"name":"UNESCO-Welterbe in Polen","item":"https:\/\/instytutpolski.pl\/leipzig\/polen-erleben\/unesco-welterbe-in-polen\/"},{"@type":"ListItem","position":4,"name":"Wieliczka &amp; Bochnia"}]},{"@type":"WebSite","@id":"https:\/\/instytutpolski.pl\/leipzig\/#website","url":"https:\/\/instytutpolski.pl\/leipzig\/","name":"Instytut Polski w Lipsku","description":"Kolejna witryna sieci &#8222;Instytuty Polskie&#8221;","potentialAction":[{"@type":"SearchAction","target":{"@type":"EntryPoint","urlTemplate":"https:\/\/instytutpolski.pl\/leipzig\/?s={search_term_string}"},"query-input":{"@type":"PropertyValueSpecification","valueRequired":true,"valueName":"search_term_string"}}],"inLanguage":"pl-PL"}]}},"_links":{"self":[{"href":"https:\/\/instytutpolski.pl\/leipzig\/wp-json\/wp\/v2\/pages\/1141","targetHints":{"allow":["GET"]}}],"collection":[{"href":"https:\/\/instytutpolski.pl\/leipzig\/wp-json\/wp\/v2\/pages"}],"about":[{"href":"https:\/\/instytutpolski.pl\/leipzig\/wp-json\/wp\/v2\/types\/page"}],"author":[{"embeddable":true,"href":"https:\/\/instytutpolski.pl\/leipzig\/wp-json\/wp\/v2\/users\/79"}],"replies":[{"embeddable":true,"href":"https:\/\/instytutpolski.pl\/leipzig\/wp-json\/wp\/v2\/comments?post=1141"}],"version-history":[{"count":4,"href":"https:\/\/instytutpolski.pl\/leipzig\/wp-json\/wp\/v2\/pages\/1141\/revisions"}],"predecessor-version":[{"id":1503,"href":"https:\/\/instytutpolski.pl\/leipzig\/wp-json\/wp\/v2\/pages\/1141\/revisions\/1503"}],"up":[{"embeddable":true,"href":"https:\/\/instytutpolski.pl\/leipzig\/wp-json\/wp\/v2\/pages\/932"}],"wp:featuredmedia":[{"embeddable":true,"href":"https:\/\/instytutpolski.pl\/leipzig\/wp-json\/wp\/v2\/media\/1147"}],"wp:attachment":[{"href":"https:\/\/instytutpolski.pl\/leipzig\/wp-json\/wp\/v2\/media?parent=1141"}],"curies":[{"name":"wp","href":"https:\/\/api.w.org\/{rel}","templated":true}]}}