{"id":115,"date":"2019-07-11T09:29:32","date_gmt":"2019-07-11T07:29:32","guid":{"rendered":"https:\/\/instytutpolski.pl\/lipsk\/?page_id=115"},"modified":"2022-04-26T21:44:15","modified_gmt":"2022-04-26T19:44:15","slug":"polnische-lektorate-an-hochschulen","status":"publish","type":"page","link":"https:\/\/instytutpolski.pl\/leipzig\/polnische-sprache\/polnische-lektorate-an-hochschulen\/","title":{"rendered":"Polnische Lektorate an Hochschulen"},"content":{"rendered":"\n<h3 class=\"wp-block-heading\">Universit\u00e4re Sprachkurse in Sachsen, Sachsen-Anhalt und Th\u00fcringen<\/h3>\n\n\n\n<p><\/p>\n\n\n\n<p><strong>Friedrich-Schiller Universit\u00e4t Jena&nbsp;<\/strong><br>Ernst-Abbe-Platz 8<br>07743 Jena<br>Tel.: 0049 (0)3641\/944 70-0<br>Fax: 0049 (0)3641\/944 70-2<br><a href=\"http:\/\/www.uni-jena.de\/Polnisch-path-1047,820,11173.html?highlight=polnisch*\">www.uni-jena.de<\/a><\/p>\n\n\n\n<p><strong>Hochschule f\u00fcr Technik und Wirtschaft Dresden<\/strong><br>Sprachenzentrum<br>Friedrich-List-Platz 1<br>01069 Dresden<br>Tel.: 0049 (0)351\/462-23 79&nbsp;<br>Fax: 0049 (0)351\/462-21 71<br><a href=\"http:\/\/www2.htw-dresden.de\/~sprachen\/www\/medienzentrum\/xhtml\/mkatalog.php\">www.htw-dresden.de<\/a><\/p>\n\n\n\n<p><strong>Technische Universit\u00e4t Dresden<\/strong><br>Tudias GmbH<br>Leiterin Christine Warnke<br>Freiberger Stra\u00dfe 37<br>01067 Dresden<br>Tel.: 0049 (0)351\/40 470-102<br>Fax: 0049 (0)351\/40 470-210&nbsp; E-Mail:&nbsp;<a href=\"mailto:christine.warnke@tudias.de\">christine.warnke@tudias.de<\/a><br><a href=\"http:\/\/www.sprachausbildung.tu-dresden.de\/\">www.sprachausbildung.tu-dresden.de<\/a> &amp;&nbsp;<a href=\"http:\/\/www.tudias.de\/de\/Startseite.html\">www.tudias.de\/de\/Startseite.html&nbsp;<\/a><\/p>\n\n\n\n<p><strong>Hochschule Zittau\/G\u00f6rlitz<\/strong><br>Sprachenzentrum<br>Standort Zittau \u2013 Haus Z VII<br>Schwenninger Weg 1<br>02763 Zittau&nbsp;<br>Tel.: 0049 (0)3583\/612 4841<br>E-Mail:&nbsp;<a href=\"mailto:hsz@hszg.de\">hsz@hszg.de<\/a><br><a href=\"http:\/\/www.hs-zigr.de\/\">www.hs-zigr.de<\/a>&nbsp;&amp;&nbsp;<a href=\"http:\/\/www.hszg.de\/hochschule\/service\/zentrum-fuer-kommunikation-und-information\/hochschulsprachenzentrum.html\">www.hszg.de\/hochschule<\/a><\/p>\n\n\n\n<p><strong>Technische Universit\u00e4t Bergakademie Freiberg<\/strong><br>Internationales Universit\u00e4tszentrum &#8222;Alexander von Humboldt&#8221;<br>Pr\u00fcferstra\u00dfe 2<br>09599 Freiberg\/Sachs.<br>Tel.: 0049 (0)3731\/393-395<br>Fax: 0049 (0)3731\/393-659<br><a rel=\"noreferrer noopener\" href=\"http:\/\/www.fachsprachenzentrum.tu-freiberg.de\/\" target=\"_blank\">www.fachsprachenzentrum.tu-freiberg.de<\/a><\/p>\n\n\n\n<p><strong>Technische Universit\u00e4t Chemnitz<\/strong><br>Zentrum f\u00fcr Fremdsprachen<br>Reichenhainer Stra\u00dfe 70<br>Adolf-Ferdinand-Weinholdbau<br>Untergeschoss, Zimmer w K07<br>09126 Chemnitz<br>Tel.: 0049 (0)371\/531 136-00&nbsp;<br>Fax: 0049 (0)371\/531 136-09<br>E-Mail:&nbsp;<a href=\"mailto:info-sprachenzentrum@tu-chemnitz.de\">info-sprachenzentrum@tu-chemnitz.de<\/a><br><a href=\"https:\/\/www.tu-chemnitz.de\/sprachenzentrum\">www.tu-chemnitz.de\/sprachenzentrum<\/a><\/p>\n\n\n\n<p><strong>Universit\u00e4t Erfurt&nbsp;<\/strong><br>Sprachenzentrum<br>Nordh\u00e4user Stra\u00dfe 63<br>99089 Erfurt<br>Tel.: 0049 (0)361\/737 27-00<br>Fax: 0049 (0)361\/737 27-09<br>E-Mail:&nbsp;<a href=\"mailto:kristin.scharnowski@uni-erfurt.de\">kristin.scharnowski@uni-erfurt.de<\/a><br><a href=\"https:\/\/www.uni-erfurt.de\/sprachenzentrum\">www.uni-erfurt.de\/sprachenzentrum<\/a><\/p>\n\n\n\n<p><strong>Sprachenzentrum der Universit\u00e4t Leipzig<\/strong><br \/>Sprachenzentrum\u00a0<br \/>Goethestra\u00dfe 2<br \/>04109 Leipzig<br \/>Tel.: 0049 (0)341\/97 30-270\u00a0<br \/>Fax: 0049 (0)341\/97 30-299<br \/>E-Mail:\u00a0<a href=\"mailto:sprachenzentrum@uni-leipzig.de\">sprachenzentrum@uni-leipzig.de<\/a><br \/><a href=\"http:\/\/www.uni-leipzig.de\/sprachenzentrum\/\" target=\"_blank\" rel=\"noreferrer noopener\">www.uni-leipzig.de<\/a><\/p>\n\n\n\n<p><strong>Spracheninstitut an der Universit\u00e4t Leipzig e.V.<br \/><\/strong>Ritterstr. 12, Raum 306<br \/>04109 Leipzig<br \/>Tel.: 0341\/9730281<br \/>E-Mail: <a href=\"mailto:spracheninstitut@rz.uni-leipzig.de\">spracheninstitut@rz.uni-leipzig.de<\/a><br \/><a href=\"https:\/\/www.spracheninstitut-leipzig.de\">www.spracheninstitut-leipzig.de<\/a><\/p>\n","protected":false},"excerpt":{"rendered":"<p>Universit\u00e4re Sprachkurse in Sachsen, Sachsen-Anhalt und Th\u00fcringen Friedrich-Schiller Universit\u00e4t Jena&nbsp;Ernst-Abbe-Platz 807743 JenaTel.: 0049 (0)3641\/944 70-0Fax: 0049 (0)3641\/944 70-2www.uni-jena.de Hochschule f\u00fcr Technik und Wirtschaft DresdenSprachenzentrumFriedrich-List-Platz 101069 DresdenTel.: 0049 (0)351\/462-23 79&nbsp;Fax: 0049 (0)351\/462-21 71www.htw-dresden.de Technische Universit\u00e4t DresdenTudias GmbHLeiterin Christine WarnkeFreiberger Stra\u00dfe 3701067 DresdenTel.: 0049 (0)351\/40 470-102Fax: 0049 (0)351\/40 470-210&nbsp; E-Mail:&nbsp;christine.warnke@tudias.dewww.sprachausbildung.tu-dresden.de &amp;&nbsp;www.tudias.de\/de\/Startseite.html&nbsp; Hochschule Zittau\/G\u00f6rlitzSprachenzentrumStandort Zittau \u2013 Haus Z [&hellip;]<\/p>\n","protected":false},"author":1,"featured_media":112,"parent":98,"menu_order":0,"comment_status":"closed","ping_status":"closed","template":"","meta":{"inline_featured_image":false,"_monsterinsights_skip_tracking":false,"_monsterinsights_sitenote_active":false,"_monsterinsights_sitenote_note":"","_monsterinsights_sitenote_category":0,"footnotes":""},"class_list":["post-115","page","type-page","status-publish","has-post-thumbnail","hentry"],"yoast_head":"<!-- This site is optimized with the Yoast SEO plugin v24.6 - https:\/\/yoast.com\/wordpress\/plugins\/seo\/ -->\n<title>Polnische Lektorate an Hochschulen - Instytut Polski w Lipsku<\/title>\n<meta name=\"robots\" content=\"index, follow, max-snippet:-1, max-image-preview:large, max-video-preview:-1\" \/>\n<link rel=\"canonical\" href=\"https:\/\/instytutpolski.pl\/leipzig\/polnische-sprache\/polnische-lektorate-an-hochschulen\/\" \/>\n<meta property=\"og:locale\" content=\"pl_PL\" \/>\n<meta property=\"og:type\" content=\"article\" \/>\n<meta property=\"og:title\" content=\"Polnische Lektorate an Hochschulen - Instytut Polski w Lipsku\" \/>\n<meta property=\"og:description\" content=\"Universit\u00e4re Sprachkurse in Sachsen, Sachsen-Anhalt und Th\u00fcringen Friedrich-Schiller Universit\u00e4t Jena&nbsp;Ernst-Abbe-Platz 807743 JenaTel.: 0049 (0)3641\/944 70-0Fax: 0049 (0)3641\/944 70-2www.uni-jena.de Hochschule f\u00fcr Technik und Wirtschaft DresdenSprachenzentrumFriedrich-List-Platz 101069 DresdenTel.: 0049 (0)351\/462-23 79&nbsp;Fax: 0049 (0)351\/462-21 71www.htw-dresden.de Technische Universit\u00e4t DresdenTudias GmbHLeiterin Christine WarnkeFreiberger Stra\u00dfe 3701067 DresdenTel.: 0049 (0)351\/40 470-102Fax: 0049 (0)351\/40 470-210&nbsp; E-Mail:&nbsp;christine.warnke@tudias.dewww.sprachausbildung.tu-dresden.de &amp;&nbsp;www.tudias.de\/de\/Startseite.html&nbsp; Hochschule Zittau\/G\u00f6rlitzSprachenzentrumStandort Zittau \u2013 Haus Z [&hellip;]\" \/>\n<meta property=\"og:url\" content=\"https:\/\/instytutpolski.pl\/leipzig\/polnische-sprache\/polnische-lektorate-an-hochschulen\/\" \/>\n<meta property=\"og:site_name\" content=\"Instytut Polski w Lipsku\" \/>\n<meta property=\"article:modified_time\" content=\"2022-04-26T19:44:15+00:00\" \/>\n<meta property=\"og:image\" content=\"https:\/\/instytutpolski.pl\/leipzig\/wp-content\/uploads\/sites\/29\/2019\/07\/lektoraty-jezyka-polskiego.jpg\" \/>\n\t<meta property=\"og:image:width\" content=\"1920\" \/>\n\t<meta property=\"og:image:height\" content=\"700\" \/>\n\t<meta property=\"og:image:type\" content=\"image\/jpeg\" \/>\n<meta name=\"twitter:card\" content=\"summary_large_image\" \/>\n<meta name=\"twitter:label1\" content=\"Szacowany czas czytania\" \/>\n\t<meta name=\"twitter:data1\" content=\"2 minuty\" \/>\n<script type=\"application\/ld+json\" class=\"yoast-schema-graph\">{\"@context\":\"https:\/\/schema.org\",\"@graph\":[{\"@type\":\"WebPage\",\"@id\":\"https:\/\/instytutpolski.pl\/leipzig\/polnische-sprache\/polnische-lektorate-an-hochschulen\/\",\"url\":\"https:\/\/instytutpolski.pl\/leipzig\/polnische-sprache\/polnische-lektorate-an-hochschulen\/\",\"name\":\"Polnische Lektorate an Hochschulen - Instytut Polski w Lipsku\",\"isPartOf\":{\"@id\":\"https:\/\/instytutpolski.pl\/leipzig\/#website\"},\"primaryImageOfPage\":{\"@id\":\"https:\/\/instytutpolski.pl\/leipzig\/polnische-sprache\/polnische-lektorate-an-hochschulen\/#primaryimage\"},\"image\":{\"@id\":\"https:\/\/instytutpolski.pl\/leipzig\/polnische-sprache\/polnische-lektorate-an-hochschulen\/#primaryimage\"},\"thumbnailUrl\":\"https:\/\/instytutpolski.pl\/leipzig\/wp-content\/uploads\/sites\/29\/2019\/07\/lektoraty-jezyka-polskiego.jpg\",\"datePublished\":\"2019-07-11T07:29:32+00:00\",\"dateModified\":\"2022-04-26T19:44:15+00:00\",\"breadcrumb\":{\"@id\":\"https:\/\/instytutpolski.pl\/leipzig\/polnische-sprache\/polnische-lektorate-an-hochschulen\/#breadcrumb\"},\"inLanguage\":\"pl-PL\",\"potentialAction\":[{\"@type\":\"ReadAction\",\"target\":[\"https:\/\/instytutpolski.pl\/leipzig\/polnische-sprache\/polnische-lektorate-an-hochschulen\/\"]}]},{\"@type\":\"ImageObject\",\"inLanguage\":\"pl-PL\",\"@id\":\"https:\/\/instytutpolski.pl\/leipzig\/polnische-sprache\/polnische-lektorate-an-hochschulen\/#primaryimage\",\"url\":\"https:\/\/instytutpolski.pl\/leipzig\/wp-content\/uploads\/sites\/29\/2019\/07\/lektoraty-jezyka-polskiego.jpg\",\"contentUrl\":\"https:\/\/instytutpolski.pl\/leipzig\/wp-content\/uploads\/sites\/29\/2019\/07\/lektoraty-jezyka-polskiego.jpg\",\"width\":1920,\"height\":700},{\"@type\":\"BreadcrumbList\",\"@id\":\"https:\/\/instytutpolski.pl\/leipzig\/polnische-sprache\/polnische-lektorate-an-hochschulen\/#breadcrumb\",\"itemListElement\":[{\"@type\":\"ListItem\",\"position\":1,\"name\":\"Home\",\"item\":\"https:\/\/instytutpolski.pl\/leipzig\/\"},{\"@type\":\"ListItem\",\"position\":2,\"name\":\"Polnische Sprache\",\"item\":\"https:\/\/instytutpolski.pl\/leipzig\/polnische-sprache\/\"},{\"@type\":\"ListItem\",\"position\":3,\"name\":\"Polnische Lektorate an Hochschulen\"}]},{\"@type\":\"WebSite\",\"@id\":\"https:\/\/instytutpolski.pl\/leipzig\/#website\",\"url\":\"https:\/\/instytutpolski.pl\/leipzig\/\",\"name\":\"Instytut Polski w Lipsku\",\"description\":\"Kolejna witryna sieci &#8222;Instytuty Polskie&#8221;\",\"potentialAction\":[{\"@type\":\"SearchAction\",\"target\":{\"@type\":\"EntryPoint\",\"urlTemplate\":\"https:\/\/instytutpolski.pl\/leipzig\/?s={search_term_string}\"},\"query-input\":{\"@type\":\"PropertyValueSpecification\",\"valueRequired\":true,\"valueName\":\"search_term_string\"}}],\"inLanguage\":\"pl-PL\"}]}<\/script>\n<!-- \/ Yoast SEO plugin. -->","yoast_head_json":{"title":"Polnische Lektorate an Hochschulen - Instytut Polski w Lipsku","robots":{"index":"index","follow":"follow","max-snippet":"max-snippet:-1","max-image-preview":"max-image-preview:large","max-video-preview":"max-video-preview:-1"},"canonical":"https:\/\/instytutpolski.pl\/leipzig\/polnische-sprache\/polnische-lektorate-an-hochschulen\/","og_locale":"pl_PL","og_type":"article","og_title":"Polnische Lektorate an Hochschulen - Instytut Polski w Lipsku","og_description":"Universit\u00e4re Sprachkurse in Sachsen, Sachsen-Anhalt und Th\u00fcringen Friedrich-Schiller Universit\u00e4t Jena&nbsp;Ernst-Abbe-Platz 807743 JenaTel.: 0049 (0)3641\/944 70-0Fax: 0049 (0)3641\/944 70-2www.uni-jena.de Hochschule f\u00fcr Technik und Wirtschaft DresdenSprachenzentrumFriedrich-List-Platz 101069 DresdenTel.: 0049 (0)351\/462-23 79&nbsp;Fax: 0049 (0)351\/462-21 71www.htw-dresden.de Technische Universit\u00e4t DresdenTudias GmbHLeiterin Christine WarnkeFreiberger Stra\u00dfe 3701067 DresdenTel.: 0049 (0)351\/40 470-102Fax: 0049 (0)351\/40 470-210&nbsp; E-Mail:&nbsp;christine.warnke@tudias.dewww.sprachausbildung.tu-dresden.de &amp;&nbsp;www.tudias.de\/de\/Startseite.html&nbsp; Hochschule Zittau\/G\u00f6rlitzSprachenzentrumStandort Zittau \u2013 Haus Z [&hellip;]","og_url":"https:\/\/instytutpolski.pl\/leipzig\/polnische-sprache\/polnische-lektorate-an-hochschulen\/","og_site_name":"Instytut Polski w Lipsku","article_modified_time":"2022-04-26T19:44:15+00:00","og_image":[{"width":1920,"height":700,"url":"https:\/\/instytutpolski.pl\/leipzig\/wp-content\/uploads\/sites\/29\/2019\/07\/lektoraty-jezyka-polskiego.jpg","type":"image\/jpeg"}],"twitter_card":"summary_large_image","twitter_misc":{"Szacowany czas czytania":"2 minuty"},"schema":{"@context":"https:\/\/schema.org","@graph":[{"@type":"WebPage","@id":"https:\/\/instytutpolski.pl\/leipzig\/polnische-sprache\/polnische-lektorate-an-hochschulen\/","url":"https:\/\/instytutpolski.pl\/leipzig\/polnische-sprache\/polnische-lektorate-an-hochschulen\/","name":"Polnische Lektorate an Hochschulen - Instytut Polski w Lipsku","isPartOf":{"@id":"https:\/\/instytutpolski.pl\/leipzig\/#website"},"primaryImageOfPage":{"@id":"https:\/\/instytutpolski.pl\/leipzig\/polnische-sprache\/polnische-lektorate-an-hochschulen\/#primaryimage"},"image":{"@id":"https:\/\/instytutpolski.pl\/leipzig\/polnische-sprache\/polnische-lektorate-an-hochschulen\/#primaryimage"},"thumbnailUrl":"https:\/\/instytutpolski.pl\/leipzig\/wp-content\/uploads\/sites\/29\/2019\/07\/lektoraty-jezyka-polskiego.jpg","datePublished":"2019-07-11T07:29:32+00:00","dateModified":"2022-04-26T19:44:15+00:00","breadcrumb":{"@id":"https:\/\/instytutpolski.pl\/leipzig\/polnische-sprache\/polnische-lektorate-an-hochschulen\/#breadcrumb"},"inLanguage":"pl-PL","potentialAction":[{"@type":"ReadAction","target":["https:\/\/instytutpolski.pl\/leipzig\/polnische-sprache\/polnische-lektorate-an-hochschulen\/"]}]},{"@type":"ImageObject","inLanguage":"pl-PL","@id":"https:\/\/instytutpolski.pl\/leipzig\/polnische-sprache\/polnische-lektorate-an-hochschulen\/#primaryimage","url":"https:\/\/instytutpolski.pl\/leipzig\/wp-content\/uploads\/sites\/29\/2019\/07\/lektoraty-jezyka-polskiego.jpg","contentUrl":"https:\/\/instytutpolski.pl\/leipzig\/wp-content\/uploads\/sites\/29\/2019\/07\/lektoraty-jezyka-polskiego.jpg","width":1920,"height":700},{"@type":"BreadcrumbList","@id":"https:\/\/instytutpolski.pl\/leipzig\/polnische-sprache\/polnische-lektorate-an-hochschulen\/#breadcrumb","itemListElement":[{"@type":"ListItem","position":1,"name":"Home","item":"https:\/\/instytutpolski.pl\/leipzig\/"},{"@type":"ListItem","position":2,"name":"Polnische Sprache","item":"https:\/\/instytutpolski.pl\/leipzig\/polnische-sprache\/"},{"@type":"ListItem","position":3,"name":"Polnische Lektorate an Hochschulen"}]},{"@type":"WebSite","@id":"https:\/\/instytutpolski.pl\/leipzig\/#website","url":"https:\/\/instytutpolski.pl\/leipzig\/","name":"Instytut Polski w Lipsku","description":"Kolejna witryna sieci &#8222;Instytuty Polskie&#8221;","potentialAction":[{"@type":"SearchAction","target":{"@type":"EntryPoint","urlTemplate":"https:\/\/instytutpolski.pl\/leipzig\/?s={search_term_string}"},"query-input":{"@type":"PropertyValueSpecification","valueRequired":true,"valueName":"search_term_string"}}],"inLanguage":"pl-PL"}]}},"_links":{"self":[{"href":"https:\/\/instytutpolski.pl\/leipzig\/wp-json\/wp\/v2\/pages\/115","targetHints":{"allow":["GET"]}}],"collection":[{"href":"https:\/\/instytutpolski.pl\/leipzig\/wp-json\/wp\/v2\/pages"}],"about":[{"href":"https:\/\/instytutpolski.pl\/leipzig\/wp-json\/wp\/v2\/types\/page"}],"author":[{"embeddable":true,"href":"https:\/\/instytutpolski.pl\/leipzig\/wp-json\/wp\/v2\/users\/1"}],"replies":[{"embeddable":true,"href":"https:\/\/instytutpolski.pl\/leipzig\/wp-json\/wp\/v2\/comments?post=115"}],"version-history":[{"count":8,"href":"https:\/\/instytutpolski.pl\/leipzig\/wp-json\/wp\/v2\/pages\/115\/revisions"}],"predecessor-version":[{"id":5922,"href":"https:\/\/instytutpolski.pl\/leipzig\/wp-json\/wp\/v2\/pages\/115\/revisions\/5922"}],"up":[{"embeddable":true,"href":"https:\/\/instytutpolski.pl\/leipzig\/wp-json\/wp\/v2\/pages\/98"}],"wp:featuredmedia":[{"embeddable":true,"href":"https:\/\/instytutpolski.pl\/leipzig\/wp-json\/wp\/v2\/media\/112"}],"wp:attachment":[{"href":"https:\/\/instytutpolski.pl\/leipzig\/wp-json\/wp\/v2\/media?parent=115"}],"curies":[{"name":"wp","href":"https:\/\/api.w.org\/{rel}","templated":true}]}}