{"id":134,"date":"2019-07-11T09:34:42","date_gmt":"2019-07-11T07:34:42","guid":{"rendered":"https:\/\/instytutpolski.pl\/lipsk\/?page_id=134"},"modified":"2025-08-18T14:06:52","modified_gmt":"2025-08-18T12:06:52","slug":"kurse-sommerschulen","status":"publish","type":"page","link":"https:\/\/instytutpolski.pl\/leipzig\/polnische-sprache\/kurse-sommerschulen\/","title":{"rendered":"Kurse &amp; Sommerschulen in Polen &amp; online"},"content":{"rendered":"\n<p><strong>Polonicum<\/strong><br \/>Open Polish Language Courses for Foreigners (also online)<br \/>University of Warsaw<br \/>Krakowskie Przedmie\u015bcie 26\/28<br \/>00-927 Warszawa<br \/>Tel. 0048\/22\/55 21 530 o. 0048\/22\/55 21 533<br \/><a href=\"mailto:polonicum@uw.edu.pl\">polonicum@uw.edu.pl<\/a><br \/><a href=\"http:\/\/polonicum.uw.edu.pl\/en\/\">polonicum.uw.edu.pl<\/a><\/p>\n<p><strong>Edu &amp; More Online-Sprachschule<\/strong><br \/>ul. Nowogrodzka 44<br \/>00-695 Warszawa<br \/>Tel.: 0048\/22\/622 14 41<br \/>E-Mail: <a href=\"mailto:cservice@polishonlinenow.com\">cservice@polishonlinenow.com<\/a><br \/><a href=\"http:\/\/www.polishonlinenow.com\">www.polishonlinenow.com<\/a><\/p>\n<p><strong>Deutsch-Polnische Akademische Gesellschaft<\/strong><br \/><strong>Polsko-Niemieckie Towarzystwo Akademickie<\/strong><br \/>ul. Bronowicka 58\/5, <br \/>30-091 Krak\u00f3w<br \/>Tel.\/Fax: 0048\/12\/638 36 70<br \/>E-Mail: <a href=\"mailto:info@polnischkurse.org\">info@polnischkurse.org<\/a> <br \/><a href=\"http:\/\/www.polnischkurse.org\">www.polnischkurse.org<\/a><\/p>\n<p><strong>Gemeinschaft f\u00fcr studentischen Austausch in Mittel- und Osteuropa (GFPS) e.\u00a0V.<\/strong><br \/>Postfach 64 42<br \/>79040 Freiburg<br \/>E-Mail: <a href=\"mailto:stipendien@gfps.org\">stipendien@gfps.org<\/a><br \/><a href=\"http:\/\/www.gfps.org\">www.gfps.org<\/a><\/p>\n<p><strong>Sommerakademie der Jagiellonen-Universit\u00e4t Krak\u00f3w<\/strong><br \/><strong>Szko\u0142a J\u0119zyka i Kultury Polskiej<\/strong><br \/>ul. Garbarska 7a<br \/>31-131 Krak\u00f3w<br \/>Tel.: 0048\/12\/421 3692 oder 0048\/12\/429 6427<br \/>Fax: 0048\/12\/422 7701<br \/>E-Mail: <a href=\"mailto:plschool@uj.edu.pl\">plschool@uj.edu.pl<\/a><br \/><a href=\"https:\/\/plschool.uj.edu.pl\/\">plschool.uj.edu.pl<\/a><\/p>\n<p><strong>Uniwersytet Jagiello\u0144ski Krak\u00f3w<\/strong><br \/><strong>Kursy j\u0119zyka polskiego<\/strong><br \/>Dzia\u0142 Obs\u0142ugi Student\u00f3w Zagranicznych<br \/>ul. Go\u0142\u0119bia 24, pok. 21<br \/>31-007 Krak\u00f3w<br \/>E-Mail: <a href=\"mailto:iso@uj.edu.pl\">iso@uj.edu.pl<\/a><br \/><a href=\"https:\/\/internationalstudents.uj.edu.pl\/polish\">internationalstudents.uj.edu.pl\/polish<\/a><\/p>\n<p><strong>Uniwersytet Jagiello\u0144ski Krak\u00f3w<\/strong><br \/><strong>Centre for European Studies<\/strong><br \/>ul. Garbarska 7a<br \/>31-131 Krak\u00f3w<br \/>Tel.: 0048\/12\/429 62 07<br \/>Fax: 0048\/12\/429 61 95<br \/>E-Mail: <a href=\"mailto:ces.office@uj.edu.pl\">ces.office@uj.edu.pl<\/a><br \/><a href=\"https:\/\/plschool.uj.edu.pl\/\">www.ces.uj.edu.pl<\/a><\/p>\n<p><strong>Varia \u2013 Zentrum der Polnischen Sprache<br \/><\/strong>Polnischkurse in Krak\u00f3w und online (alle Niveaustufen), staatlich zertifizierte Polnisch-Pr\u00fcfungen<br \/>ul. Micha\u0142owskiego 2\/3<br \/>31-126 Krak\u00f3w<br \/>Tel.: +48\/664\/092 374<br \/>E-Mail: <a href=\"mailto:office@varia-course.com\">office@varia-course.com<\/a><br \/><span lang=\"EN-US\"><a href=\"http:\/\/www.varia-course.com\">www.varia-course.com<\/a><\/span><\/p>\n<p><strong>Centrum J\u0119zyk\u00f3w Obcych Uniwersytetu Gda\u0144skiego<\/strong><br \/>ul. Armii Krajowej 119\/121<br \/>81-824 Sopot <br \/>Tel.: 0048\/585\/23 14 16 oder 0048\/523\/14 57 <br \/>E-Mail: <a href=\"mailto:cjo@ug.edu.pl\">cjo@ug.edu.pl<\/a><br \/><a href=\"https:\/\/cjo.ug.edu.pl\">cjo.ug.edu.pl<\/a><\/p>\n<p><strong>Szko\u0142a J\u0119zyka i Kultury Polskiej Katowice<\/strong><br \/><strong>Uniwersytet \u015al\u0105ski<\/strong><br \/>Plac Sejmu \u015al\u0105skiego 1<br \/>40-032 Katowice<br \/>Tel.: 0048\/32\/20 09 424<br \/>Fax: 0048\/32\/25 12 991<br \/>E-Mail: <a href=\"mailto:szkola@us.edu.pl\">szkola@us.edu.pl<\/a><br \/><a href=\"http:\/\/www.sjikp.us.edu.pl\">www.sjikp.us.edu.pl<\/a><\/p>\n<p><strong>Szko\u0142a J\u0119zyka i Kultury Polskiej <\/strong><br \/><strong>Katolicki Uniwersytet Lublin im. Jana Paw\u0142a II<\/strong><br \/>Al. Rac\u0142awickie 14<br \/>20-950 Lublin<br \/>Tel.: 0048\/81\/445 41-05<br \/>Fax: 0048\/81\/445 41-13<br \/>E-Mail: <a href=\"mailto:polski@kul.pl\">polski@kul.pl<\/a><br \/><a href=\"https:\/\/www.kul.pl\/szkola-jezyka-i-kultury-polskiej,art_9038.html\">www.kul.pl\/szkola-jezyka-i-kultury-polskiej,art_9038.html<\/a><\/p>\n<p><strong>Szko\u0142a J\u0119zyka Polskiego i Kultury dla Cudzoziemc\u00f3w<\/strong><br \/>pl. Nankiera 15b<br \/>50-140 Wroc\u0142aw <br \/>Tel.: 0048\/71\/375 25 70<br \/>Fax.: 0048\/71\/375 28 04<br \/>E-Mail: <a href=\"mailto:sjpik@uni.wroc.pl\">sjpik@uni.wroc.pl<\/a><br \/><a href=\"http:\/\/www.sjpik.uni.wroc.pl\">www.sjpik.uni.wroc.pl<\/a><br \/><br \/><strong>Summer School Poland (Wroc\u0142aw)<\/strong><br \/><strong>Wroclaw University of Economics<\/strong><br \/>ul. Komandorska 118\/120 <br \/>53-345 Wroclaw, Poland<br \/>Fax: 0048\/71\/3680209<br \/>E-Mail: <a href=\"mailto:office@summerschool.pl\">office@summerschool.pl<\/a><br \/><a href=\"http:\/\/www.summerschool.pl\">www.summerschool.pl<\/a><\/p>\n<p><strong>Accent Language School Krak\u00f3w<\/strong><br \/>ul. Lubelska 4\/2 <br \/>30 003 Krak\u00f3w<br \/>Tel.: 0048\/12\/632 13 72 oder 0048\/12\/423 38 25<br \/>E-Mail: <a href=\"mailto:accent@polishforforeigners.com\">accent@polishforforeigners.com<\/a><br \/><a href=\"http:\/\/polishforforeigners.com\/\">polishforforeigners.com<\/a><\/p>\n<p><strong>GLOSSA Szko\u0142a J\u0119zyk\u00f3w Obcych Krak\u00f3w<\/strong> <br \/>ul. Dietla 103<br \/>31-031 Krakow<br \/>Tel.: 0048\/12\/429 40 51<br \/>Fax: 0048\/12\/422 57 76<br \/>E-Mail: <a href=\"mailto:info@glossa.pl\">info@glossa.pl<\/a><br \/><a href=\"https:\/\/www.glossa.pl\/deutsch\">www.glossa.pl\/deutsch<\/a><\/p>\n<p><strong>Sorbona<br \/><\/strong><strong>Szko\u0142a j\u0119zyk\u00f3w obcych<\/strong><br \/>ul. 6 Sierpnia 14 <br \/>90-416 \u0141\u00f3d\u017a<br \/>Tel.: 0048\/502 108 958<br \/>E-Mail: <a href=\"mailto:biuro@sorbona.edu.pl\">biuro@sorbona.edu.pl<\/a><br \/><a href=\"http:\/\/www.sorbona.edu.pl\">www.sorbona.edu.pl<\/a><\/p>\n<p><strong>Erni School Of Polish<br \/><\/strong>ul. I Armii WP 42\/2<br \/>84-300 L\u0119bork<br \/>Tel.: 0048\/511\/011 551<br \/>E-Mail: <a href=\"mailto:info@learn-polish.pl\">info@learn-polish.pl<\/a><br \/><a href=\"http:\/\/www.learn-polish.pl\">www.learn-polish.pl<\/a><\/p>\n<p><strong>Akademia J\u0119zyka Polskiego<\/strong><br \/>ul. Lendziona 16\/2<br \/>80-264 Gda\u0144sk<br \/>Tel. 0048\/609\/087 301<br \/>E-Mail: <a href=\"mailto:office@ajp.gdansk.pl\">office@ajp.gdansk.pl<\/a><br \/><a href=\"http:\/\/en.ajp.gdansk.pl\/\">en.ajp.gdansk.pl<\/a><\/p>\n<p><strong>Centrum J\u0119zyka Polskiego<\/strong><br \/>ul. Smolna 38<br \/>00-375 Warszawa<br \/>Tel.: 0048\/22\/626 96 71<br \/>Fax: 0048\/22\/625 73 26 <br \/>E-Mail: <a href=\"mailto:cjp@cjp.pl\">cjp@cjp.pl<\/a><br \/><a href=\"http:\/\/www.cjp.pl\">www.cjp.pl<\/a><\/p>\n<p><strong>Polonus \u0141\u00f3d\u017a<br \/>School of Polish for Foreigners<\/strong><br \/>Plac Wolno\u015bci 12<br \/>91-415 \u0141\u00f3d\u017a<br \/>Tel.: 0048\/795\/097 302<br \/>E-Mail: <a href=\"mailto:biuro@polonuslodz.com\">biuro@polonuslodz.com<\/a><br \/><a href=\"https:\/\/polonuslodz.com\">polonuslodz.com<\/a><\/p>\n","protected":false},"excerpt":{"rendered":"<p>PolonicumOpen Polish Language Courses for Foreigners (also online)University of WarsawKrakowskie Przedmie\u015bcie 26\/2800-927 WarszawaTel. 0048\/22\/55 21 530 o. 0048\/22\/55 21 533polonicum@uw.edu.plpolonicum.uw.edu.pl Edu &amp; More Online-Sprachschuleul. Nowogrodzka 4400-695 WarszawaTel.: 0048\/22\/622 14 41E-Mail: cservice@polishonlinenow.comwww.polishonlinenow.com Deutsch-Polnische Akademische GesellschaftPolsko-Niemieckie Towarzystwo Akademickieul. Bronowicka 58\/5, 30-091 Krak\u00f3wTel.\/Fax: 0048\/12\/638 36 70E-Mail: info@polnischkurse.org www.polnischkurse.org Gemeinschaft f\u00fcr studentischen Austausch in Mittel- und Osteuropa (GFPS) e.\u00a0V.Postfach [&hellip;]<\/p>\n","protected":false},"author":79,"featured_media":0,"parent":98,"menu_order":0,"comment_status":"closed","ping_status":"closed","template":"","meta":{"inline_featured_image":false,"_monsterinsights_skip_tracking":false,"_monsterinsights_sitenote_active":false,"_monsterinsights_sitenote_note":"","_monsterinsights_sitenote_category":0,"footnotes":""},"class_list":["post-134","page","type-page","status-publish","hentry"],"yoast_head":"<!-- This site is optimized with the Yoast SEO plugin v24.6 - https:\/\/yoast.com\/wordpress\/plugins\/seo\/ -->\n<title>Kurse &amp; Sommerschulen in Polen &amp; online - Instytut Polski w Lipsku<\/title>\n<meta name=\"robots\" content=\"index, follow, max-snippet:-1, max-image-preview:large, max-video-preview:-1\" \/>\n<link rel=\"canonical\" href=\"https:\/\/instytutpolski.pl\/leipzig\/polnische-sprache\/kurse-sommerschulen\/\" \/>\n<meta property=\"og:locale\" content=\"pl_PL\" \/>\n<meta property=\"og:type\" content=\"article\" \/>\n<meta property=\"og:title\" content=\"Kurse &amp; Sommerschulen in Polen &amp; online - Instytut Polski w Lipsku\" \/>\n<meta property=\"og:description\" content=\"PolonicumOpen Polish Language Courses for Foreigners (also online)University of WarsawKrakowskie Przedmie\u015bcie 26\/2800-927 WarszawaTel. 0048\/22\/55 21 530 o. 0048\/22\/55 21 533polonicum@uw.edu.plpolonicum.uw.edu.pl Edu &amp; More Online-Sprachschuleul. Nowogrodzka 4400-695 WarszawaTel.: 0048\/22\/622 14 41E-Mail: cservice@polishonlinenow.comwww.polishonlinenow.com Deutsch-Polnische Akademische GesellschaftPolsko-Niemieckie Towarzystwo Akademickieul. Bronowicka 58\/5, 30-091 Krak\u00f3wTel.\/Fax: 0048\/12\/638 36 70E-Mail: info@polnischkurse.org www.polnischkurse.org Gemeinschaft f\u00fcr studentischen Austausch in Mittel- und Osteuropa (GFPS) e.\u00a0V.Postfach [&hellip;]\" \/>\n<meta property=\"og:url\" content=\"https:\/\/instytutpolski.pl\/leipzig\/polnische-sprache\/kurse-sommerschulen\/\" \/>\n<meta property=\"og:site_name\" content=\"Instytut Polski w Lipsku\" \/>\n<meta property=\"article:modified_time\" content=\"2025-08-18T12:06:52+00:00\" \/>\n<meta name=\"twitter:card\" content=\"summary_large_image\" \/>\n<meta name=\"twitter:label1\" content=\"Szacowany czas czytania\" \/>\n\t<meta name=\"twitter:data1\" content=\"3 minuty\" \/>\n<script type=\"application\/ld+json\" class=\"yoast-schema-graph\">{\"@context\":\"https:\/\/schema.org\",\"@graph\":[{\"@type\":\"WebPage\",\"@id\":\"https:\/\/instytutpolski.pl\/leipzig\/polnische-sprache\/kurse-sommerschulen\/\",\"url\":\"https:\/\/instytutpolski.pl\/leipzig\/polnische-sprache\/kurse-sommerschulen\/\",\"name\":\"Kurse &amp; Sommerschulen in Polen &amp; online - Instytut Polski w Lipsku\",\"isPartOf\":{\"@id\":\"https:\/\/instytutpolski.pl\/leipzig\/#website\"},\"datePublished\":\"2019-07-11T07:34:42+00:00\",\"dateModified\":\"2025-08-18T12:06:52+00:00\",\"breadcrumb\":{\"@id\":\"https:\/\/instytutpolski.pl\/leipzig\/polnische-sprache\/kurse-sommerschulen\/#breadcrumb\"},\"inLanguage\":\"pl-PL\",\"potentialAction\":[{\"@type\":\"ReadAction\",\"target\":[\"https:\/\/instytutpolski.pl\/leipzig\/polnische-sprache\/kurse-sommerschulen\/\"]}]},{\"@type\":\"BreadcrumbList\",\"@id\":\"https:\/\/instytutpolski.pl\/leipzig\/polnische-sprache\/kurse-sommerschulen\/#breadcrumb\",\"itemListElement\":[{\"@type\":\"ListItem\",\"position\":1,\"name\":\"Home\",\"item\":\"https:\/\/instytutpolski.pl\/leipzig\/\"},{\"@type\":\"ListItem\",\"position\":2,\"name\":\"Polnische Sprache\",\"item\":\"https:\/\/instytutpolski.pl\/leipzig\/polnische-sprache\/\"},{\"@type\":\"ListItem\",\"position\":3,\"name\":\"Kurse &amp; Sommerschulen in Polen &amp; online\"}]},{\"@type\":\"WebSite\",\"@id\":\"https:\/\/instytutpolski.pl\/leipzig\/#website\",\"url\":\"https:\/\/instytutpolski.pl\/leipzig\/\",\"name\":\"Instytut Polski w Lipsku\",\"description\":\"Kolejna witryna sieci &#8222;Instytuty Polskie&#8221;\",\"potentialAction\":[{\"@type\":\"SearchAction\",\"target\":{\"@type\":\"EntryPoint\",\"urlTemplate\":\"https:\/\/instytutpolski.pl\/leipzig\/?s={search_term_string}\"},\"query-input\":{\"@type\":\"PropertyValueSpecification\",\"valueRequired\":true,\"valueName\":\"search_term_string\"}}],\"inLanguage\":\"pl-PL\"}]}<\/script>\n<!-- \/ Yoast SEO plugin. -->","yoast_head_json":{"title":"Kurse &amp; Sommerschulen in Polen &amp; online - Instytut Polski w Lipsku","robots":{"index":"index","follow":"follow","max-snippet":"max-snippet:-1","max-image-preview":"max-image-preview:large","max-video-preview":"max-video-preview:-1"},"canonical":"https:\/\/instytutpolski.pl\/leipzig\/polnische-sprache\/kurse-sommerschulen\/","og_locale":"pl_PL","og_type":"article","og_title":"Kurse &amp; Sommerschulen in Polen &amp; online - Instytut Polski w Lipsku","og_description":"PolonicumOpen Polish Language Courses for Foreigners (also online)University of WarsawKrakowskie Przedmie\u015bcie 26\/2800-927 WarszawaTel. 0048\/22\/55 21 530 o. 0048\/22\/55 21 533polonicum@uw.edu.plpolonicum.uw.edu.pl Edu &amp; More Online-Sprachschuleul. Nowogrodzka 4400-695 WarszawaTel.: 0048\/22\/622 14 41E-Mail: cservice@polishonlinenow.comwww.polishonlinenow.com Deutsch-Polnische Akademische GesellschaftPolsko-Niemieckie Towarzystwo Akademickieul. Bronowicka 58\/5, 30-091 Krak\u00f3wTel.\/Fax: 0048\/12\/638 36 70E-Mail: info@polnischkurse.org www.polnischkurse.org Gemeinschaft f\u00fcr studentischen Austausch in Mittel- und Osteuropa (GFPS) e.\u00a0V.Postfach [&hellip;]","og_url":"https:\/\/instytutpolski.pl\/leipzig\/polnische-sprache\/kurse-sommerschulen\/","og_site_name":"Instytut Polski w Lipsku","article_modified_time":"2025-08-18T12:06:52+00:00","twitter_card":"summary_large_image","twitter_misc":{"Szacowany czas czytania":"3 minuty"},"schema":{"@context":"https:\/\/schema.org","@graph":[{"@type":"WebPage","@id":"https:\/\/instytutpolski.pl\/leipzig\/polnische-sprache\/kurse-sommerschulen\/","url":"https:\/\/instytutpolski.pl\/leipzig\/polnische-sprache\/kurse-sommerschulen\/","name":"Kurse &amp; Sommerschulen in Polen &amp; online - Instytut Polski w Lipsku","isPartOf":{"@id":"https:\/\/instytutpolski.pl\/leipzig\/#website"},"datePublished":"2019-07-11T07:34:42+00:00","dateModified":"2025-08-18T12:06:52+00:00","breadcrumb":{"@id":"https:\/\/instytutpolski.pl\/leipzig\/polnische-sprache\/kurse-sommerschulen\/#breadcrumb"},"inLanguage":"pl-PL","potentialAction":[{"@type":"ReadAction","target":["https:\/\/instytutpolski.pl\/leipzig\/polnische-sprache\/kurse-sommerschulen\/"]}]},{"@type":"BreadcrumbList","@id":"https:\/\/instytutpolski.pl\/leipzig\/polnische-sprache\/kurse-sommerschulen\/#breadcrumb","itemListElement":[{"@type":"ListItem","position":1,"name":"Home","item":"https:\/\/instytutpolski.pl\/leipzig\/"},{"@type":"ListItem","position":2,"name":"Polnische Sprache","item":"https:\/\/instytutpolski.pl\/leipzig\/polnische-sprache\/"},{"@type":"ListItem","position":3,"name":"Kurse &amp; Sommerschulen in Polen &amp; online"}]},{"@type":"WebSite","@id":"https:\/\/instytutpolski.pl\/leipzig\/#website","url":"https:\/\/instytutpolski.pl\/leipzig\/","name":"Instytut Polski w Lipsku","description":"Kolejna witryna sieci &#8222;Instytuty Polskie&#8221;","potentialAction":[{"@type":"SearchAction","target":{"@type":"EntryPoint","urlTemplate":"https:\/\/instytutpolski.pl\/leipzig\/?s={search_term_string}"},"query-input":{"@type":"PropertyValueSpecification","valueRequired":true,"valueName":"search_term_string"}}],"inLanguage":"pl-PL"}]}},"_links":{"self":[{"href":"https:\/\/instytutpolski.pl\/leipzig\/wp-json\/wp\/v2\/pages\/134","targetHints":{"allow":["GET"]}}],"collection":[{"href":"https:\/\/instytutpolski.pl\/leipzig\/wp-json\/wp\/v2\/pages"}],"about":[{"href":"https:\/\/instytutpolski.pl\/leipzig\/wp-json\/wp\/v2\/types\/page"}],"author":[{"embeddable":true,"href":"https:\/\/instytutpolski.pl\/leipzig\/wp-json\/wp\/v2\/users\/79"}],"replies":[{"embeddable":true,"href":"https:\/\/instytutpolski.pl\/leipzig\/wp-json\/wp\/v2\/comments?post=134"}],"version-history":[{"count":32,"href":"https:\/\/instytutpolski.pl\/leipzig\/wp-json\/wp\/v2\/pages\/134\/revisions"}],"predecessor-version":[{"id":16039,"href":"https:\/\/instytutpolski.pl\/leipzig\/wp-json\/wp\/v2\/pages\/134\/revisions\/16039"}],"up":[{"embeddable":true,"href":"https:\/\/instytutpolski.pl\/leipzig\/wp-json\/wp\/v2\/pages\/98"}],"wp:attachment":[{"href":"https:\/\/instytutpolski.pl\/leipzig\/wp-json\/wp\/v2\/media?parent=134"}],"curies":[{"name":"wp","href":"https:\/\/api.w.org\/{rel}","templated":true}]}}